{"id":33937,"date":"2025-12-03T13:58:03","date_gmt":"2025-12-03T12:58:03","guid":{"rendered":"https:\/\/www.epodex-industries.com\/produkt\/lime-wash-paint-2kg\/"},"modified":"2025-12-03T13:58:05","modified_gmt":"2025-12-03T12:58:05","slug":"lime-wash-paint-2kg","status":"publish","type":"product","link":"https:\/\/old.epodex-industries.com\/fr\/produit\/lime-wash-paint-2kg\/","title":{"rendered":"Lime Wash Paint &#8211; 2kg"},"content":{"rendered":"<h3>Gebrauchsanweisung<\/h3>\n<ul>\n<li>1. Stellen Sie sicher, dass die zu streichende Fl\u00e4che sauber und frei von Unebenheiten ist.<\/li>\n<li>2. Falls erforderlich, grundieren Sie den Untergrund mit unserer Wandfarbe in Polarwei\u00df.<\/li>\n<li>3. Lassen Sie die polarwei\u00dfe Wandfarbe f\u00fcr den Innenbereich trocknen. Nach der Grundierung sollte der Untergrund gleichm\u00e4\u00dfig, matt und wei\u00df sein.<\/li>\n<li>4. Geben Sie 4 Liter Wasser in ein Mischgef\u00e4\u00df, f\u00fcgen Sie 2kg Kalkfarbe-Pulver und 100g WB-Pigment zur Einf\u00e4rbung hinzu.<\/li>\n<li>5. Mit einem Schneebesen gr\u00fcndlich verr\u00fchren, bis sich das Pulver vollst\u00e4ndig gel\u00f6st hat.<\/li>\n<li>6. W\u00e4hrend des Streichens regelm\u00e4\u00dfig umr\u00fchren, damit sich das Material nicht am Boden des Gef\u00e4\u00dfes absetzt.<\/li>\n<li>7. Tragen Sie den ersten Anstrich der Kalkfarbe mit einem feinen Borstenpinsel auf.<\/li>\n<li>8. Tragen Sie die Kalkfarbe in Kreuzstrichen auf, sodass weiche \u201eWolken\u201c entstehen. Arbeiten Sie jede Wolke nass in nass und verstreichen Sie die R\u00e4nder sanft in die n\u00e4chste Fl\u00e4che.<\/li>\n<li>9. Lassen Sie die erste Schicht mindestens 3 Stunden trocknen, bevor Sie mit der zweiten Schicht fortfahren.<\/li>\n<\/ul>\n","protected":false},"excerpt":{"rendered":"<ul>\n<li>Eigenschaften: UV-best\u00e4ndig, elastisch, wasserdicht, \u00e4u\u00dferst strapazierf\u00e4hig, kratzfest und chemikalienbest\u00e4ndig<\/li>\n<li>Glanzgrad: Erh\u00e4ltlich in matt oder Glossy<\/li>\n<li>Verbrauch: ca. 100g\/m\u00b2 pro Anstrich. Wir empfehlen zwei Anstriche.<\/li>\n<li>Verarbeitungstemperatur: +5\u00b0C bis +30\u00b0C<\/li>\n<li>Trocknungszeit: Staubtrocken \/ begehbar nach 12h bei 25\u00b0C<\/li>\n<li>Verbrauch: ca. 60g Pulver pro m\u00b2 pro Anstrich<\/li>\n<li>Trocknungszeit: ca. 3 Stunden<\/li>\n<\/ul>\n","protected":false},"featured_media":33863,"comment_status":"open","ping_status":"closed","template":"","meta":[],"product_brand":[],"product_cat":[24],"product_tag":[],"class_list":{"0":"post-33937","1":"product","2":"type-product","3":"status-publish","4":"has-post-thumbnail","6":"product_cat-uncategorized","8":"first","9":"instock","10":"taxable","11":"shipping-taxable","12":"product-type-simple"},"yoast_head":"<!-- This site is optimized with the Yoast SEO plugin v26.7 - https:\/\/yoast.com\/wordpress\/plugins\/seo\/ -->\n<title>Lime Wash Paint - 2kg - EPODEX Industries | B2B Plattform<\/title>\n<meta name=\"robots\" content=\"index, follow, max-snippet:-1, max-image-preview:large, max-video-preview:-1\" \/>\n<link rel=\"canonical\" href=\"https:\/\/old.epodex-industries.com\/de\/produkt\/lime-wash-paint-2kg\/\" \/>\n<meta property=\"og:locale\" content=\"fr_FR\" \/>\n<meta property=\"og:type\" content=\"article\" \/>\n<meta property=\"og:title\" content=\"Lime Wash Paint - 2kg - EPODEX Industries | B2B Plattform\" \/>\n<meta property=\"og:description\" content=\"Eigenschaften: UV-best\u00e4ndig, elastisch, wasserdicht, \u00e4u\u00dferst strapazierf\u00e4hig, kratzfest und chemikalienbest\u00e4ndig Glanzgrad: Erh\u00e4ltlich in matt oder Glossy Verbrauch: ca. 100g\/m\u00b2 pro Anstrich. Wir empfehlen zwei Anstriche. Verarbeitungstemperatur: +5\u00b0C bis +30\u00b0C Trocknungszeit: Staubtrocken \/ begehbar nach 12h bei 25\u00b0C Verbrauch: ca. 60g Pulver pro m\u00b2 pro Anstrich Trocknungszeit: ca. 3 Stunden\" \/>\n<meta property=\"og:url\" content=\"https:\/\/old.epodex-industries.com\/de\/produkt\/lime-wash-paint-2kg\/\" \/>\n<meta property=\"og:site_name\" content=\"EPODEX Industries | B2B Plattform\" \/>\n<meta property=\"article:publisher\" content=\"https:\/\/www.facebook.com\/Epodex\/\" \/>\n<meta property=\"article:modified_time\" content=\"2025-12-03T12:58:05+00:00\" \/>\n<meta property=\"og:image\" content=\"https:\/\/old.epodex-industries.com\/wp-content\/uploads\/2025\/12\/limewash-kalkfarbe-peinture-chaux-main-image.webp\" \/>\n\t<meta property=\"og:image:width\" content=\"1024\" \/>\n\t<meta property=\"og:image:height\" content=\"683\" \/>\n\t<meta property=\"og:image:type\" content=\"image\/webp\" \/>\n<meta name=\"twitter:card\" content=\"summary_large_image\" \/>\n<meta name=\"twitter:label1\" content=\"Dur\u00e9e de lecture estim\u00e9e\" \/>\n\t<meta name=\"twitter:data1\" content=\"1 minute\" \/>\n<script type=\"application\/ld+json\" class=\"yoast-schema-graph\">{\"@context\":\"https:\/\/schema.org\",\"@graph\":[{\"@type\":\"WebPage\",\"@id\":\"https:\/\/old.epodex-industries.com\/de\/produkt\/lime-wash-paint-2kg\/\",\"url\":\"https:\/\/old.epodex-industries.com\/de\/produkt\/lime-wash-paint-2kg\/\",\"name\":\"Lime Wash Paint - 2kg - EPODEX Industries | B2B Plattform\",\"isPartOf\":{\"@id\":\"https:\/\/old.epodex-industries.com\/fr\/#website\"},\"primaryImageOfPage\":{\"@id\":\"https:\/\/old.epodex-industries.com\/de\/produkt\/lime-wash-paint-2kg\/#primaryimage\"},\"image\":{\"@id\":\"https:\/\/old.epodex-industries.com\/de\/produkt\/lime-wash-paint-2kg\/#primaryimage\"},\"thumbnailUrl\":\"https:\/\/old.epodex-industries.com\/wp-content\/uploads\/2025\/12\/limewash-kalkfarbe-peinture-chaux-main-image.webp\",\"datePublished\":\"2025-12-03T12:58:03+00:00\",\"dateModified\":\"2025-12-03T12:58:05+00:00\",\"breadcrumb\":{\"@id\":\"https:\/\/old.epodex-industries.com\/de\/produkt\/lime-wash-paint-2kg\/#breadcrumb\"},\"inLanguage\":\"fr-FR\",\"potentialAction\":[{\"@type\":\"ReadAction\",\"target\":[\"https:\/\/old.epodex-industries.com\/de\/produkt\/lime-wash-paint-2kg\/\"]}]},{\"@type\":\"ImageObject\",\"inLanguage\":\"fr-FR\",\"@id\":\"https:\/\/old.epodex-industries.com\/de\/produkt\/lime-wash-paint-2kg\/#primaryimage\",\"url\":\"https:\/\/old.epodex-industries.com\/wp-content\/uploads\/2025\/12\/limewash-kalkfarbe-peinture-chaux-main-image.webp\",\"contentUrl\":\"https:\/\/old.epodex-industries.com\/wp-content\/uploads\/2025\/12\/limewash-kalkfarbe-peinture-chaux-main-image.webp\",\"width\":1024,\"height\":683,\"caption\":\"limewash kalkfarbe peinture chaux main image\"},{\"@type\":\"BreadcrumbList\",\"@id\":\"https:\/\/old.epodex-industries.com\/de\/produkt\/lime-wash-paint-2kg\/#breadcrumb\",\"itemListElement\":[{\"@type\":\"ListItem\",\"position\":1,\"name\":\"Startseite\",\"item\":\"https:\/\/old.epodex-industries.com\/fr\/\"},{\"@type\":\"ListItem\",\"position\":2,\"name\":\"Shop\",\"item\":\"https:\/\/old.epodex-industries.com\/fr\/shop\/\"},{\"@type\":\"ListItem\",\"position\":3,\"name\":\"Lime Wash Paint &#8211; 2kg\"}]},{\"@type\":\"WebSite\",\"@id\":\"https:\/\/old.epodex-industries.com\/fr\/#website\",\"url\":\"https:\/\/old.epodex-industries.com\/fr\/\",\"name\":\"EPODEX Industries | B2B Plattform\",\"description\":\"Hersteller + Gro\u00dfhandel f\u00fcr Baustoffe\",\"publisher\":{\"@id\":\"https:\/\/old.epodex-industries.com\/fr\/#organization\"},\"alternateName\":\"EPODEX Industries | Hersteller + Gro\u00dfhandel f\u00fcr Baustoffe\",\"potentialAction\":[{\"@type\":\"SearchAction\",\"target\":{\"@type\":\"EntryPoint\",\"urlTemplate\":\"https:\/\/old.epodex-industries.com\/fr\/?s={search_term_string}\"},\"query-input\":{\"@type\":\"PropertyValueSpecification\",\"valueRequired\":true,\"valueName\":\"search_term_string\"}}],\"inLanguage\":\"fr-FR\"},{\"@type\":\"Organization\",\"@id\":\"https:\/\/old.epodex-industries.com\/fr\/#organization\",\"name\":\"EPODEX Industries\",\"url\":\"https:\/\/old.epodex-industries.com\/fr\/\",\"logo\":{\"@type\":\"ImageObject\",\"inLanguage\":\"fr-FR\",\"@id\":\"https:\/\/old.epodex-industries.com\/fr\/#\/schema\/logo\/image\/\",\"url\":\"https:\/\/www.epodex-industries.com\/wp-content\/uploads\/2023\/06\/Logo-Epodex-Rechnung.jpg\",\"contentUrl\":\"https:\/\/www.epodex-industries.com\/wp-content\/uploads\/2023\/06\/Logo-Epodex-Rechnung.jpg\",\"width\":261,\"height\":50,\"caption\":\"EPODEX Industries\"},\"image\":{\"@id\":\"https:\/\/old.epodex-industries.com\/fr\/#\/schema\/logo\/image\/\"},\"sameAs\":[\"https:\/\/www.facebook.com\/Epodex\/\",\"https:\/\/www.instagram.com\/epodex_official\/\",\"https:\/\/www.pinterest.de\/epodex_com\/\",\"https:\/\/www.youtube.com\/channel\/UC7lFrJ9YpN1yg43sTc6q3ow\"]}]}<\/script>\n<!-- \/ Yoast SEO plugin. -->","yoast_head_json":{"title":"Lime Wash Paint - 2kg - EPODEX Industries | B2B Plattform","robots":{"index":"index","follow":"follow","max-snippet":"max-snippet:-1","max-image-preview":"max-image-preview:large","max-video-preview":"max-video-preview:-1"},"canonical":"https:\/\/old.epodex-industries.com\/de\/produkt\/lime-wash-paint-2kg\/","og_locale":"fr_FR","og_type":"article","og_title":"Lime Wash Paint - 2kg - EPODEX Industries | B2B Plattform","og_description":"Eigenschaften: UV-best\u00e4ndig, elastisch, wasserdicht, \u00e4u\u00dferst strapazierf\u00e4hig, kratzfest und chemikalienbest\u00e4ndig Glanzgrad: Erh\u00e4ltlich in matt oder Glossy Verbrauch: ca. 100g\/m\u00b2 pro Anstrich. Wir empfehlen zwei Anstriche. Verarbeitungstemperatur: +5\u00b0C bis +30\u00b0C Trocknungszeit: Staubtrocken \/ begehbar nach 12h bei 25\u00b0C Verbrauch: ca. 60g Pulver pro m\u00b2 pro Anstrich Trocknungszeit: ca. 3 Stunden","og_url":"https:\/\/old.epodex-industries.com\/de\/produkt\/lime-wash-paint-2kg\/","og_site_name":"EPODEX Industries | B2B Plattform","article_publisher":"https:\/\/www.facebook.com\/Epodex\/","article_modified_time":"2025-12-03T12:58:05+00:00","og_image":[{"width":1024,"height":683,"url":"https:\/\/old.epodex-industries.com\/wp-content\/uploads\/2025\/12\/limewash-kalkfarbe-peinture-chaux-main-image.webp","type":"image\/webp"}],"twitter_card":"summary_large_image","twitter_misc":{"Dur\u00e9e de lecture estim\u00e9e":"1 minute"},"schema":{"@context":"https:\/\/schema.org","@graph":[{"@type":"WebPage","@id":"https:\/\/old.epodex-industries.com\/de\/produkt\/lime-wash-paint-2kg\/","url":"https:\/\/old.epodex-industries.com\/de\/produkt\/lime-wash-paint-2kg\/","name":"Lime Wash Paint - 2kg - EPODEX Industries | B2B Plattform","isPartOf":{"@id":"https:\/\/old.epodex-industries.com\/fr\/#website"},"primaryImageOfPage":{"@id":"https:\/\/old.epodex-industries.com\/de\/produkt\/lime-wash-paint-2kg\/#primaryimage"},"image":{"@id":"https:\/\/old.epodex-industries.com\/de\/produkt\/lime-wash-paint-2kg\/#primaryimage"},"thumbnailUrl":"https:\/\/old.epodex-industries.com\/wp-content\/uploads\/2025\/12\/limewash-kalkfarbe-peinture-chaux-main-image.webp","datePublished":"2025-12-03T12:58:03+00:00","dateModified":"2025-12-03T12:58:05+00:00","breadcrumb":{"@id":"https:\/\/old.epodex-industries.com\/de\/produkt\/lime-wash-paint-2kg\/#breadcrumb"},"inLanguage":"fr-FR","potentialAction":[{"@type":"ReadAction","target":["https:\/\/old.epodex-industries.com\/de\/produkt\/lime-wash-paint-2kg\/"]}]},{"@type":"ImageObject","inLanguage":"fr-FR","@id":"https:\/\/old.epodex-industries.com\/de\/produkt\/lime-wash-paint-2kg\/#primaryimage","url":"https:\/\/old.epodex-industries.com\/wp-content\/uploads\/2025\/12\/limewash-kalkfarbe-peinture-chaux-main-image.webp","contentUrl":"https:\/\/old.epodex-industries.com\/wp-content\/uploads\/2025\/12\/limewash-kalkfarbe-peinture-chaux-main-image.webp","width":1024,"height":683,"caption":"limewash kalkfarbe peinture chaux main image"},{"@type":"BreadcrumbList","@id":"https:\/\/old.epodex-industries.com\/de\/produkt\/lime-wash-paint-2kg\/#breadcrumb","itemListElement":[{"@type":"ListItem","position":1,"name":"Startseite","item":"https:\/\/old.epodex-industries.com\/fr\/"},{"@type":"ListItem","position":2,"name":"Shop","item":"https:\/\/old.epodex-industries.com\/fr\/shop\/"},{"@type":"ListItem","position":3,"name":"Lime Wash Paint &#8211; 2kg"}]},{"@type":"WebSite","@id":"https:\/\/old.epodex-industries.com\/fr\/#website","url":"https:\/\/old.epodex-industries.com\/fr\/","name":"EPODEX Industries | B2B Plattform","description":"Hersteller + Gro\u00dfhandel f\u00fcr Baustoffe","publisher":{"@id":"https:\/\/old.epodex-industries.com\/fr\/#organization"},"alternateName":"EPODEX Industries | Hersteller + Gro\u00dfhandel f\u00fcr Baustoffe","potentialAction":[{"@type":"SearchAction","target":{"@type":"EntryPoint","urlTemplate":"https:\/\/old.epodex-industries.com\/fr\/?s={search_term_string}"},"query-input":{"@type":"PropertyValueSpecification","valueRequired":true,"valueName":"search_term_string"}}],"inLanguage":"fr-FR"},{"@type":"Organization","@id":"https:\/\/old.epodex-industries.com\/fr\/#organization","name":"EPODEX Industries","url":"https:\/\/old.epodex-industries.com\/fr\/","logo":{"@type":"ImageObject","inLanguage":"fr-FR","@id":"https:\/\/old.epodex-industries.com\/fr\/#\/schema\/logo\/image\/","url":"https:\/\/www.epodex-industries.com\/wp-content\/uploads\/2023\/06\/Logo-Epodex-Rechnung.jpg","contentUrl":"https:\/\/www.epodex-industries.com\/wp-content\/uploads\/2023\/06\/Logo-Epodex-Rechnung.jpg","width":261,"height":50,"caption":"EPODEX Industries"},"image":{"@id":"https:\/\/old.epodex-industries.com\/fr\/#\/schema\/logo\/image\/"},"sameAs":["https:\/\/www.facebook.com\/Epodex\/","https:\/\/www.instagram.com\/epodex_official\/","https:\/\/www.pinterest.de\/epodex_com\/","https:\/\/www.youtube.com\/channel\/UC7lFrJ9YpN1yg43sTc6q3ow"]}]}},"_links":{"self":[{"href":"https:\/\/old.epodex-industries.com\/fr\/wp-json\/wp\/v2\/product\/33937","targetHints":{"allow":["GET"]}}],"collection":[{"href":"https:\/\/old.epodex-industries.com\/fr\/wp-json\/wp\/v2\/product"}],"about":[{"href":"https:\/\/old.epodex-industries.com\/fr\/wp-json\/wp\/v2\/types\/product"}],"replies":[{"embeddable":true,"href":"https:\/\/old.epodex-industries.com\/fr\/wp-json\/wp\/v2\/comments?post=33937"}],"wp:featuredmedia":[{"embeddable":true,"href":"https:\/\/old.epodex-industries.com\/fr\/wp-json\/wp\/v2\/media\/33863"}],"wp:attachment":[{"href":"https:\/\/old.epodex-industries.com\/fr\/wp-json\/wp\/v2\/media?parent=33937"}],"wp:term":[{"taxonomy":"product_brand","embeddable":true,"href":"https:\/\/old.epodex-industries.com\/fr\/wp-json\/wp\/v2\/product_brand?post=33937"},{"taxonomy":"product_cat","embeddable":true,"href":"https:\/\/old.epodex-industries.com\/fr\/wp-json\/wp\/v2\/product_cat?post=33937"},{"taxonomy":"product_tag","embeddable":true,"href":"https:\/\/old.epodex-industries.com\/fr\/wp-json\/wp\/v2\/product_tag?post=33937"}],"curies":[{"name":"wp","href":"https:\/\/api.w.org\/{rel}","templated":true}]}}