{"id":30993,"date":"2024-04-22T07:32:08","date_gmt":"2024-04-22T05:32:08","guid":{"rendered":"https:\/\/www.epodex-industries.com\/produkt\/2k-resine-polyurethane-brillante-composant-a-1000kg-ibc\/"},"modified":"2024-07-24T12:17:32","modified_gmt":"2024-07-24T10:17:32","slug":"2k-resine-polyurethane-brillante-composant-a-1000kg-ibc","status":"publish","type":"product","link":"https:\/\/old.epodex-industries.com\/fr\/produit\/2k-resine-polyurethane-brillante-composant-a-1000kg-ibc\/","title":{"rendered":"2K R\u00e9sine polyur\u00e9thane Brillante (composant -A-) 1000kg IBC"},"content":{"rendered":"<h2>Instructions d&rsquo;utilisation<\/h2>\n<p><strong><u>Appr\u00eat (optionnel)<\/u><\/strong><\/p>\n<ol>\n<li>Si vous ne souhaitez pas appliquer la r\u00e9sine PU en transparent incolore, nous vous recommandons de toujours appliquer une couche de fond avec notre PRIMER afin d&rsquo;\u00e9viter une perte importante de mat\u00e9riau (\u00e9paisseur de la couche : environ 0,2 mm).<\/li>\n<li>La surface \u00e0 couvrir devrait \u00eatre propre, sans poussi\u00e8re et \u00e0 niveau. Les trous, irr\u00e9gularit\u00e9s et pentes doivent \u00eatre aplanies au pr\u00e9alable avec une masse d\u2019\u00e9galisation.<\/li>\n<li>Versez l\u2019appr\u00eat dans votre bac \u00e0 peinture.<\/li>\n<li>Appliquer le m\u00e9lange avec un rouleau \u00e0 peinture sur le sol.<\/li>\n<li>Laisser s\u00e9cher l\u2019appr\u00eat (env. 8-12heures).<\/li>\n<\/ol>\n<p><strong><u>Vitrification et rev\u00eatement avec de la r\u00e9sine PU<\/u><\/strong><\/p>\n<ol>\n<li>Recouvrez la surface avec la r\u00e9sine PU.<\/li>\n<li>M\u00e9langez la r\u00e9sine PU (A) avec le durcisseur PU (B) appropri\u00e9 dans les proportions indiqu\u00e9es. PU brillant : 10:2 en poids (ex. : 1kg A + 0,2kg B) ; PU mat : 10:1 en poids (ex. : 1kg A + 0,1kg B). Il est possible en option de la diluer jusqu\u2019\u00e0 20% du poids total en eau. <\/li>\n<li>Transvasez le m\u00e9lange dans un bac \u00e0 peinture et m\u00e9langez \u00e0 nouveau. Vous vous assurez ainsi que la r\u00e9sine (A) et le durcisseur (B) se m\u00e9langent compl\u00e8tement.<\/li>\n<li>Si vous ne souhaitez pas de rev\u00eatement transparent, m\u00e9langez le pigment WB fourni avec le m\u00e9lange r\u00e9sine-durcisseur pour colorer le m\u00e9lange transparent. Nous recommandons une proportion de couleur d&rsquo;environ 10%, par exemple 100g de pigment WB pour 1,1kg ou 1,2kg de r\u00e9sine+durcisseur. Nous recommandons de m\u00e9langer des quantit\u00e9s plus faibles d&rsquo;environ 1kg par couche, car le mat\u00e9riau est tr\u00e8s \u00e9conomique et prend rapidement (dur\u00e9e de vie en pot : 60 min. pour 1kg).<\/li>\n<li>Appliquez le m\u00e9lange en couches fines et crois\u00e9es \u00e0 l&rsquo;aide d&rsquo;un rouleau \u00e0 mousse. Pour une application uniforme de la peinture, utilisez notre grille de raclage pour enlever le surplus de mati\u00e8re. Nous recommandons une \u00e9paisseur de couche de 150 \u00b5m maximum.<\/li>\n<li>Le mat\u00e9riau est praticable apr\u00e8s environ 20-24 heures et compl\u00e8tement durci chimiquement apr\u00e8s environ 7 jours.<\/li>\n<\/ol>\n<p><strong>Conseil de pro:<\/strong> en cas de temp\u00e9rature ambiante \u00e9lev\u00e9e ou de grande quantit\u00e9 de m\u00e9lange, nous recommandons d&rsquo;ajouter de l&rsquo;eau \u00e0 la r\u00e9sine PU afin d&rsquo;\u00e9viter une texture peau d&rsquo;orange.<\/p>\n<hr \/>\n<p><strong>Service \u00e0 la client\u00e8le:<\/strong> Si vous avez d&rsquo;autres questions, contactez-nous par t\u00e9l\u00e9phone, par courrier \u00e9lectronique ou utilisez notre support WhatsApp.<\/p>\n<p><strong>Remarque:<\/strong> Veuillez noter qu&rsquo;en raison des conditions d&rsquo;\u00e9clairage et des diff\u00e9rents moniteurs, les couleurs peuvent ne pas \u00eatre affich\u00e9es de mani\u00e8re uniforme.<\/p>\n<hr \/>\n<h3>Ingr\u00e9dients, mentions de danger et s\u00e9curit\u00e9<\/h3>\n<p><strong>Composante A (PU Mate)<\/strong> Contient M\u00c9THACRYLATE DE N-BUTYLE. Peut produire une r\u00e9action allergique. M\u00e9lange de : a -3-(3-(2H-benzotriazol-2-yl)-5-tert-butyl-4-hydroxyph\u00e9nyl)propionyl-x-hydroxypoly(oxy\u00e9thyl\u00e8ne) ; a -3-(3-(2Hbenzotriazol-2-yl)-5-tert-butyl-4-hydroxyph\u00e9nyl)propionyl-x- : Peut provoquer une r\u00e9action allergique. Acide d\u00e9canedio\u00efque, bis(1,2,2,6,6-pentametyl-4-piperidinyl) ester : Peut provoquer une r\u00e9action allergique.<\/p>\n<p><strong>Composante B (PU Mate)<\/strong> Attention: Oligom\u00e8res de diisocyanate d&rsquo;hexam\u00e9thyl\u00e8ne Benz\u00e8ne, 1,3-diisocyanatom\u00e9thyl-, polym\u00e8re avec 1,6-diisocyanatohexane, poly\u00e9thyl hexam\u00e9thyl\u00e8ne-di-isocyanate : Peut provoquer une r\u00e9action allergique. Nocif par inhalation Provoque une s\u00e9v\u00e8re irritation des yeux Peut provoquer une allergie cutan\u00e9e Peut irriter les voies respiratoires \u00c9viter de respirer les poussi\u00e8res\/fum\u00e9es\/gaz\/brouillards\/ vapeurs\/a\u00e9rosols. Porter des gants de protection\/un \u00e9quipement de protection des yeux\/du visage. Appeler un CENTRE ANTIPOISON\/un m\u00e9decin en cas de malaise. En cas d&rsquo;irritation ou d&rsquo;\u00e9ruption cutan\u00e9e: Demander un avis m\u00e9dical\/Consulter un m\u00e9decin. Si l&rsquo;irritation des yeux persiste: Demander un avis m\u00e9dical\/Consulter un m\u00e9decin. Enlever les v\u00eatements contamin\u00e9s et les laver avant r\u00e9utilisation. Contient des isocyanates. Peut produire une r\u00e9action allergique.<\/p>\n<p><strong>Composante B (PU Brillant)<\/strong> Attention: Oligom\u00e8res de diisocyanate d&rsquo;hexam\u00e9thyl\u00e8ne Benz\u00e8ne, 1,3-diisocyanatom\u00e9thyl-, polym\u00e8re avec 1,6-diisocyanatohexane, poly\u00e9thyl hexam\u00e9thyl\u00e8ne-di-isocyanate : Peut provoquer une r\u00e9action allergique. Nocif par inhalation Provoque une s\u00e9v\u00e8re irritation des yeux Peut provoquer une allergie cutan\u00e9e Peut irriter les voies respiratoires \u00c9viter de respirer les poussi\u00e8res\/fum\u00e9es\/gaz\/brouillards\/ vapeurs\/a\u00e9rosols. Porter des gants de protection\/un \u00e9quipement de protection des yeux\/du visage. Appeler un CENTRE ANTIPOISON\/un m\u00e9decin en cas de malaise. En cas d&rsquo;irritation ou d&rsquo;\u00e9ruption cutan\u00e9e: Demander un avis m\u00e9dical\/Consulter un m\u00e9decin. Si l&rsquo;irritation des yeux persiste: Demander un avis m\u00e9dical\/Consulter un m\u00e9decin. Enlever les v\u00eatements contamin\u00e9s et les laver avant r\u00e9utilisation. Contient des isocyanates. Peut produire une r\u00e9action allergique.<\/p>\n<p><img decoding=\"async\" src=\"https:\/\/www.epodex.com\/de\/wp-content\/uploads\/2021\/03\/warnhinweis-ausrufezeichen.jpg\" \/><\/p>\n","protected":false},"excerpt":{"rendered":"<ul>\n<li>R\u00e9sine polyur\u00e9thane premium \u00e0 base d&rsquo;eau (composant A) avec une finition brillante<\/li>\n<li>Caract\u00e9ristiques : inodore, tr\u00e8s r\u00e9sistant, r\u00e9sistant \u00e0 l&rsquo;eau, stabilis\u00e9 aux UV, adapt\u00e9 pour une utilisation int\u00e9rieure et ext\u00e9rieure<\/li>\n<li>Compatible avec le durcisseur polyur\u00e9thane 2K brillant (composant B)<\/li>\n<li>Rapport de m\u00e9lange entre la r\u00e9sine et le durcisseur : 10:2 (par exemple, 1 kg A : 0,2 kg B)<\/li>\n<li>Applicable sur toutes les surfaces telles que la r\u00e9sine \u00e9poxy, le bois, le b\u00e9ton, le microciment, l&rsquo;acrylique, le parquet, le stratifi\u00e9 et plus encore<\/li>\n<li>Pour l&rsquo;application en couches minces \u00e0 rouler (rev\u00eatement par roulement) : maximum 150 \u00b5m par passe<\/li>\n<li>Quantit\u00e9 n\u00e9cessaire : environ 100 g\/m\u00b2 par couche<\/li>\n<li>Temps de pot \/ temps de traitement : environ 60 minutes pour 1 kg de mat\u00e9riau \u00e0 20\u00b0C<\/li>\n<li>Temps de durcissement : 20-24 heures<\/li>\n<li>Forme initiale : incolore \/ transparente. Peut \u00eatre color\u00e9 avec des pigments \u00e0 base d&rsquo;eau EPODEX.<\/li>\n<\/ul>\n","protected":false},"featured_media":23021,"comment_status":"open","ping_status":"closed","template":"","meta":[],"product_brand":[],"product_cat":[4950],"product_tag":[],"class_list":{"0":"post-30993","1":"product","2":"type-product","3":"status-publish","4":"has-post-thumbnail","6":"product_cat-polyurethanes-en-ibc","8":"first","9":"instock","10":"taxable","11":"shipping-taxable","12":"product-type-simple"},"yoast_head":"<!-- This site is optimized with the Yoast SEO plugin v26.7 - https:\/\/yoast.com\/wordpress\/plugins\/seo\/ -->\n<title>2K R\u00e9sine polyur\u00e9thane Brillante (composant -A-) 1000kg IBC - EPODEX Industries | B2B Plattform<\/title>\n<meta name=\"robots\" content=\"index, follow, max-snippet:-1, max-image-preview:large, max-video-preview:-1\" \/>\n<link rel=\"canonical\" href=\"https:\/\/old.epodex-industries.com\/fr\/produkt\/2k-resine-polyurethane-brillante-composant-a-1000kg-ibc\/\" \/>\n<meta property=\"og:locale\" content=\"fr_FR\" \/>\n<meta property=\"og:type\" content=\"article\" \/>\n<meta property=\"og:title\" content=\"2K R\u00e9sine polyur\u00e9thane Brillante (composant -A-) 1000kg IBC - EPODEX Industries | B2B Plattform\" \/>\n<meta property=\"og:description\" content=\"R\u00e9sine polyur\u00e9thane premium \u00e0 base d&#039;eau (composant A) avec une finition brillante Caract\u00e9ristiques : inodore, tr\u00e8s r\u00e9sistant, r\u00e9sistant \u00e0 l&#039;eau, stabilis\u00e9 aux UV, adapt\u00e9 pour une utilisation int\u00e9rieure et ext\u00e9rieure Compatible avec le durcisseur polyur\u00e9thane 2K brillant (composant B) Rapport de m\u00e9lange entre la r\u00e9sine et le durcisseur : 10:2 (par exemple, 1 kg A : 0,2 kg B) Applicable sur toutes les surfaces telles que la r\u00e9sine \u00e9poxy, le bois, le b\u00e9ton, le microciment, l&#039;acrylique, le parquet, le stratifi\u00e9 et plus encore Pour l&#039;application en couches minces \u00e0 rouler (rev\u00eatement par roulement) : maximum 150 \u00b5m par passe Quantit\u00e9 n\u00e9cessaire : environ 100 g\/m\u00b2 par couche Temps de pot \/ temps de traitement : environ 60 minutes pour 1 kg de mat\u00e9riau \u00e0 20\u00b0C Temps de durcissement : 20-24 heures Forme initiale : incolore \/ transparente. Peut \u00eatre color\u00e9 avec des pigments \u00e0 base d&#039;eau EPODEX.\" \/>\n<meta property=\"og:url\" content=\"https:\/\/old.epodex-industries.com\/fr\/produkt\/2k-resine-polyurethane-brillante-composant-a-1000kg-ibc\/\" \/>\n<meta property=\"og:site_name\" content=\"EPODEX Industries | B2B Plattform\" \/>\n<meta property=\"article:publisher\" content=\"https:\/\/www.facebook.com\/Epodex\/\" \/>\n<meta property=\"article:modified_time\" content=\"2024-07-24T10:17:32+00:00\" \/>\n<meta property=\"og:image\" content=\"https:\/\/old.epodex-industries.com\/wp-content\/uploads\/2023\/10\/epoxidharz-hersteller-ibc-kaufen.jpg\" \/>\n\t<meta property=\"og:image:width\" content=\"1200\" \/>\n\t<meta property=\"og:image:height\" content=\"800\" \/>\n\t<meta property=\"og:image:type\" content=\"image\/jpeg\" \/>\n<meta name=\"twitter:card\" content=\"summary_large_image\" \/>\n<meta name=\"twitter:label1\" content=\"Dur\u00e9e de lecture estim\u00e9e\" \/>\n\t<meta name=\"twitter:data1\" content=\"4 minutes\" \/>\n<script type=\"application\/ld+json\" class=\"yoast-schema-graph\">{\"@context\":\"https:\/\/schema.org\",\"@graph\":[{\"@type\":\"WebPage\",\"@id\":\"https:\/\/old.epodex-industries.com\/fr\/produkt\/2k-resine-polyurethane-brillante-composant-a-1000kg-ibc\/\",\"url\":\"https:\/\/old.epodex-industries.com\/fr\/produkt\/2k-resine-polyurethane-brillante-composant-a-1000kg-ibc\/\",\"name\":\"2K R\u00e9sine polyur\u00e9thane Brillante (composant -A-) 1000kg IBC - EPODEX Industries | B2B Plattform\",\"isPartOf\":{\"@id\":\"https:\/\/old.epodex-industries.com\/fr\/#website\"},\"primaryImageOfPage\":{\"@id\":\"https:\/\/old.epodex-industries.com\/fr\/produkt\/2k-resine-polyurethane-brillante-composant-a-1000kg-ibc\/#primaryimage\"},\"image\":{\"@id\":\"https:\/\/old.epodex-industries.com\/fr\/produkt\/2k-resine-polyurethane-brillante-composant-a-1000kg-ibc\/#primaryimage\"},\"thumbnailUrl\":\"https:\/\/old.epodex-industries.com\/wp-content\/uploads\/2023\/10\/epoxidharz-hersteller-ibc-kaufen.jpg\",\"datePublished\":\"2024-04-22T05:32:08+00:00\",\"dateModified\":\"2024-07-24T10:17:32+00:00\",\"breadcrumb\":{\"@id\":\"https:\/\/old.epodex-industries.com\/fr\/produkt\/2k-resine-polyurethane-brillante-composant-a-1000kg-ibc\/#breadcrumb\"},\"inLanguage\":\"fr-FR\",\"potentialAction\":[{\"@type\":\"ReadAction\",\"target\":[\"https:\/\/old.epodex-industries.com\/fr\/produkt\/2k-resine-polyurethane-brillante-composant-a-1000kg-ibc\/\"]}]},{\"@type\":\"ImageObject\",\"inLanguage\":\"fr-FR\",\"@id\":\"https:\/\/old.epodex-industries.com\/fr\/produkt\/2k-resine-polyurethane-brillante-composant-a-1000kg-ibc\/#primaryimage\",\"url\":\"https:\/\/old.epodex-industries.com\/wp-content\/uploads\/2023\/10\/epoxidharz-hersteller-ibc-kaufen.jpg\",\"contentUrl\":\"https:\/\/old.epodex-industries.com\/wp-content\/uploads\/2023\/10\/epoxidharz-hersteller-ibc-kaufen.jpg\",\"width\":1200,\"height\":800,\"caption\":\"Blue drums and IBC container in a storage room\"},{\"@type\":\"BreadcrumbList\",\"@id\":\"https:\/\/old.epodex-industries.com\/fr\/produkt\/2k-resine-polyurethane-brillante-composant-a-1000kg-ibc\/#breadcrumb\",\"itemListElement\":[{\"@type\":\"ListItem\",\"position\":1,\"name\":\"Startseite\",\"item\":\"https:\/\/old.epodex-industries.com\/fr\/\"},{\"@type\":\"ListItem\",\"position\":2,\"name\":\"Shop\",\"item\":\"https:\/\/old.epodex-industries.com\/fr\/shop\/\"},{\"@type\":\"ListItem\",\"position\":3,\"name\":\"2K R\u00e9sine polyur\u00e9thane Brillante (composant -A-) 1000kg IBC\"}]},{\"@type\":\"WebSite\",\"@id\":\"https:\/\/old.epodex-industries.com\/fr\/#website\",\"url\":\"https:\/\/old.epodex-industries.com\/fr\/\",\"name\":\"EPODEX Industries | B2B Plattform\",\"description\":\"Hersteller + Gro\u00dfhandel f\u00fcr Baustoffe\",\"publisher\":{\"@id\":\"https:\/\/old.epodex-industries.com\/fr\/#organization\"},\"alternateName\":\"EPODEX Industries | Hersteller + Gro\u00dfhandel f\u00fcr Baustoffe\",\"potentialAction\":[{\"@type\":\"SearchAction\",\"target\":{\"@type\":\"EntryPoint\",\"urlTemplate\":\"https:\/\/old.epodex-industries.com\/fr\/?s={search_term_string}\"},\"query-input\":{\"@type\":\"PropertyValueSpecification\",\"valueRequired\":true,\"valueName\":\"search_term_string\"}}],\"inLanguage\":\"fr-FR\"},{\"@type\":\"Organization\",\"@id\":\"https:\/\/old.epodex-industries.com\/fr\/#organization\",\"name\":\"EPODEX Industries\",\"url\":\"https:\/\/old.epodex-industries.com\/fr\/\",\"logo\":{\"@type\":\"ImageObject\",\"inLanguage\":\"fr-FR\",\"@id\":\"https:\/\/old.epodex-industries.com\/fr\/#\/schema\/logo\/image\/\",\"url\":\"https:\/\/www.epodex-industries.com\/wp-content\/uploads\/2023\/06\/Logo-Epodex-Rechnung.jpg\",\"contentUrl\":\"https:\/\/www.epodex-industries.com\/wp-content\/uploads\/2023\/06\/Logo-Epodex-Rechnung.jpg\",\"width\":261,\"height\":50,\"caption\":\"EPODEX Industries\"},\"image\":{\"@id\":\"https:\/\/old.epodex-industries.com\/fr\/#\/schema\/logo\/image\/\"},\"sameAs\":[\"https:\/\/www.facebook.com\/Epodex\/\",\"https:\/\/www.instagram.com\/epodex_official\/\",\"https:\/\/www.pinterest.de\/epodex_com\/\",\"https:\/\/www.youtube.com\/channel\/UC7lFrJ9YpN1yg43sTc6q3ow\"]}]}<\/script>\n<!-- \/ Yoast SEO plugin. -->","yoast_head_json":{"title":"2K R\u00e9sine polyur\u00e9thane Brillante (composant -A-) 1000kg IBC - EPODEX Industries | B2B Plattform","robots":{"index":"index","follow":"follow","max-snippet":"max-snippet:-1","max-image-preview":"max-image-preview:large","max-video-preview":"max-video-preview:-1"},"canonical":"https:\/\/old.epodex-industries.com\/fr\/produkt\/2k-resine-polyurethane-brillante-composant-a-1000kg-ibc\/","og_locale":"fr_FR","og_type":"article","og_title":"2K R\u00e9sine polyur\u00e9thane Brillante (composant -A-) 1000kg IBC - EPODEX Industries | B2B Plattform","og_description":"R\u00e9sine polyur\u00e9thane premium \u00e0 base d'eau (composant A) avec une finition brillante Caract\u00e9ristiques : inodore, tr\u00e8s r\u00e9sistant, r\u00e9sistant \u00e0 l'eau, stabilis\u00e9 aux UV, adapt\u00e9 pour une utilisation int\u00e9rieure et ext\u00e9rieure Compatible avec le durcisseur polyur\u00e9thane 2K brillant (composant B) Rapport de m\u00e9lange entre la r\u00e9sine et le durcisseur : 10:2 (par exemple, 1 kg A : 0,2 kg B) Applicable sur toutes les surfaces telles que la r\u00e9sine \u00e9poxy, le bois, le b\u00e9ton, le microciment, l'acrylique, le parquet, le stratifi\u00e9 et plus encore Pour l'application en couches minces \u00e0 rouler (rev\u00eatement par roulement) : maximum 150 \u00b5m par passe Quantit\u00e9 n\u00e9cessaire : environ 100 g\/m\u00b2 par couche Temps de pot \/ temps de traitement : environ 60 minutes pour 1 kg de mat\u00e9riau \u00e0 20\u00b0C Temps de durcissement : 20-24 heures Forme initiale : incolore \/ transparente. Peut \u00eatre color\u00e9 avec des pigments \u00e0 base d'eau EPODEX.","og_url":"https:\/\/old.epodex-industries.com\/fr\/produkt\/2k-resine-polyurethane-brillante-composant-a-1000kg-ibc\/","og_site_name":"EPODEX Industries | B2B Plattform","article_publisher":"https:\/\/www.facebook.com\/Epodex\/","article_modified_time":"2024-07-24T10:17:32+00:00","og_image":[{"width":1200,"height":800,"url":"https:\/\/old.epodex-industries.com\/wp-content\/uploads\/2023\/10\/epoxidharz-hersteller-ibc-kaufen.jpg","type":"image\/jpeg"}],"twitter_card":"summary_large_image","twitter_misc":{"Dur\u00e9e de lecture estim\u00e9e":"4 minutes"},"schema":{"@context":"https:\/\/schema.org","@graph":[{"@type":"WebPage","@id":"https:\/\/old.epodex-industries.com\/fr\/produkt\/2k-resine-polyurethane-brillante-composant-a-1000kg-ibc\/","url":"https:\/\/old.epodex-industries.com\/fr\/produkt\/2k-resine-polyurethane-brillante-composant-a-1000kg-ibc\/","name":"2K R\u00e9sine polyur\u00e9thane Brillante (composant -A-) 1000kg IBC - EPODEX Industries | B2B Plattform","isPartOf":{"@id":"https:\/\/old.epodex-industries.com\/fr\/#website"},"primaryImageOfPage":{"@id":"https:\/\/old.epodex-industries.com\/fr\/produkt\/2k-resine-polyurethane-brillante-composant-a-1000kg-ibc\/#primaryimage"},"image":{"@id":"https:\/\/old.epodex-industries.com\/fr\/produkt\/2k-resine-polyurethane-brillante-composant-a-1000kg-ibc\/#primaryimage"},"thumbnailUrl":"https:\/\/old.epodex-industries.com\/wp-content\/uploads\/2023\/10\/epoxidharz-hersteller-ibc-kaufen.jpg","datePublished":"2024-04-22T05:32:08+00:00","dateModified":"2024-07-24T10:17:32+00:00","breadcrumb":{"@id":"https:\/\/old.epodex-industries.com\/fr\/produkt\/2k-resine-polyurethane-brillante-composant-a-1000kg-ibc\/#breadcrumb"},"inLanguage":"fr-FR","potentialAction":[{"@type":"ReadAction","target":["https:\/\/old.epodex-industries.com\/fr\/produkt\/2k-resine-polyurethane-brillante-composant-a-1000kg-ibc\/"]}]},{"@type":"ImageObject","inLanguage":"fr-FR","@id":"https:\/\/old.epodex-industries.com\/fr\/produkt\/2k-resine-polyurethane-brillante-composant-a-1000kg-ibc\/#primaryimage","url":"https:\/\/old.epodex-industries.com\/wp-content\/uploads\/2023\/10\/epoxidharz-hersteller-ibc-kaufen.jpg","contentUrl":"https:\/\/old.epodex-industries.com\/wp-content\/uploads\/2023\/10\/epoxidharz-hersteller-ibc-kaufen.jpg","width":1200,"height":800,"caption":"Blue drums and IBC container in a storage room"},{"@type":"BreadcrumbList","@id":"https:\/\/old.epodex-industries.com\/fr\/produkt\/2k-resine-polyurethane-brillante-composant-a-1000kg-ibc\/#breadcrumb","itemListElement":[{"@type":"ListItem","position":1,"name":"Startseite","item":"https:\/\/old.epodex-industries.com\/fr\/"},{"@type":"ListItem","position":2,"name":"Shop","item":"https:\/\/old.epodex-industries.com\/fr\/shop\/"},{"@type":"ListItem","position":3,"name":"2K R\u00e9sine polyur\u00e9thane Brillante (composant -A-) 1000kg IBC"}]},{"@type":"WebSite","@id":"https:\/\/old.epodex-industries.com\/fr\/#website","url":"https:\/\/old.epodex-industries.com\/fr\/","name":"EPODEX Industries | B2B Plattform","description":"Hersteller + Gro\u00dfhandel f\u00fcr Baustoffe","publisher":{"@id":"https:\/\/old.epodex-industries.com\/fr\/#organization"},"alternateName":"EPODEX Industries | Hersteller + Gro\u00dfhandel f\u00fcr Baustoffe","potentialAction":[{"@type":"SearchAction","target":{"@type":"EntryPoint","urlTemplate":"https:\/\/old.epodex-industries.com\/fr\/?s={search_term_string}"},"query-input":{"@type":"PropertyValueSpecification","valueRequired":true,"valueName":"search_term_string"}}],"inLanguage":"fr-FR"},{"@type":"Organization","@id":"https:\/\/old.epodex-industries.com\/fr\/#organization","name":"EPODEX Industries","url":"https:\/\/old.epodex-industries.com\/fr\/","logo":{"@type":"ImageObject","inLanguage":"fr-FR","@id":"https:\/\/old.epodex-industries.com\/fr\/#\/schema\/logo\/image\/","url":"https:\/\/www.epodex-industries.com\/wp-content\/uploads\/2023\/06\/Logo-Epodex-Rechnung.jpg","contentUrl":"https:\/\/www.epodex-industries.com\/wp-content\/uploads\/2023\/06\/Logo-Epodex-Rechnung.jpg","width":261,"height":50,"caption":"EPODEX Industries"},"image":{"@id":"https:\/\/old.epodex-industries.com\/fr\/#\/schema\/logo\/image\/"},"sameAs":["https:\/\/www.facebook.com\/Epodex\/","https:\/\/www.instagram.com\/epodex_official\/","https:\/\/www.pinterest.de\/epodex_com\/","https:\/\/www.youtube.com\/channel\/UC7lFrJ9YpN1yg43sTc6q3ow"]}]}},"_links":{"self":[{"href":"https:\/\/old.epodex-industries.com\/fr\/wp-json\/wp\/v2\/product\/30993","targetHints":{"allow":["GET"]}}],"collection":[{"href":"https:\/\/old.epodex-industries.com\/fr\/wp-json\/wp\/v2\/product"}],"about":[{"href":"https:\/\/old.epodex-industries.com\/fr\/wp-json\/wp\/v2\/types\/product"}],"replies":[{"embeddable":true,"href":"https:\/\/old.epodex-industries.com\/fr\/wp-json\/wp\/v2\/comments?post=30993"}],"wp:featuredmedia":[{"embeddable":true,"href":"https:\/\/old.epodex-industries.com\/fr\/wp-json\/wp\/v2\/media\/23021"}],"wp:attachment":[{"href":"https:\/\/old.epodex-industries.com\/fr\/wp-json\/wp\/v2\/media?parent=30993"}],"wp:term":[{"taxonomy":"product_brand","embeddable":true,"href":"https:\/\/old.epodex-industries.com\/fr\/wp-json\/wp\/v2\/product_brand?post=30993"},{"taxonomy":"product_cat","embeddable":true,"href":"https:\/\/old.epodex-industries.com\/fr\/wp-json\/wp\/v2\/product_cat?post=30993"},{"taxonomy":"product_tag","embeddable":true,"href":"https:\/\/old.epodex-industries.com\/fr\/wp-json\/wp\/v2\/product_tag?post=30993"}],"curies":[{"name":"wp","href":"https:\/\/api.w.org\/{rel}","templated":true}]}}