{"id":30986,"date":"2024-04-22T07:32:04","date_gmt":"2024-04-22T05:32:04","guid":{"rendered":"https:\/\/www.epodex-industries.com\/produkt\/2k-primer-composant-a-15kg\/"},"modified":"2024-07-24T12:17:29","modified_gmt":"2024-07-24T10:17:29","slug":"2k-primer-composant-a-15kg","status":"publish","type":"product","link":"https:\/\/old.epodex-industries.com\/fr\/produit\/2k-primer-composant-a-15kg\/","title":{"rendered":"2K PRIMER Composant A &#8211; 1,5kg"},"content":{"rendered":"<h2>EPODEX PRIMER 2K<\/h2>\n<p>EPODEX PRIMER 2K est un appr\u00eat \u00e0 base de r\u00e9sine \u00e9poxy, hautement r\u00e9sistante \u00e0 l&rsquo;abrasion et ouverte \u00e0 la diffusion. Ce syst\u00e8me \u00e0 deux composants \u00e0 base d&rsquo;eau est id\u00e9al pour appr\u00eater les surfaces non absorbantes, par exemple le carrelage, le m\u00e9tal, etc. PRIMER 2K est inodore et ne contient pas de solvants nocifs.<\/p>\n<hr \/>\n<h2>Instructions d\u2018utilisation<\/h2>\n<ol>\n<li>Appliquer le produit \u00e0 une temp\u00e9rature comprise entre 15\u00b0C minimum et 30\u00b0C maximum.<\/li>\n<li>Le support doit \u00eatre solide, sec, stable, propre et exempt de substances \u00e0 effet s\u00e9parateur (graisses et huiles). Rendre la surface rugueuse pour permettre une meilleure adh\u00e9rence.<\/li>\n<li>Nettoyer et d\u00e9graisser la surface avec EPODEX PRE-CLEANER.<\/li>\n<li>M\u00e9langer la r\u00e9sine (A) avec le durcisseur (B) dans un rapport de 5:1 en poids (p.ex. 5kg de r\u00e9sine : 1kg de durcisseur). Transf\u00e9rer le m\u00e9lange dans un r\u00e9cipient propre et m\u00e9langer \u00e0 nouveau.<\/li>\n<li>Temps d&rsquo;utilisation\/vie en pot \u00e0 20\u00b0C : env. 50 minutes, \u00e0 25\u00b0C : env. 35 minutes. Nous recommandons environ deux couches.<\/li>\n<li>Attendre au moins 12-48 heures avant d&rsquo;appliquer la deuxi\u00e8me couche.<\/li>\n<li>Praticable apr\u00e8s environ 1 jour. Enti\u00e8rement praticable apr\u00e8s env. 7 jours. Stockage entre 10\u00b0C et 30\u00b0C.<\/li>\n<\/ol>\n<hr \/>\n<p><strong>Service \u00e0 la client\u00e8le:<\/strong> Si vous avez d&rsquo;autres questions, contactez-nous par t\u00e9l\u00e9phone, par courrier \u00e9lectronique ou utilisez notre support WhatsApp.<\/p>\n<hr \/>\n<h3>Ingr\u00e9dients, mentions de danger et s\u00e9curit\u00e9<\/h3>\n<p><strong>Composante A (2K PRIMER)<\/strong> Danger: Produit adduit de r\u00e9sine \u00e9poxyde polym\u00e8re; CAS-Nr.: 260549-92-6 Provoque de graves l\u00e9sions des yeux. Porter des gants de protection\/des v\u00eatements de protection\/un \u00e9quipement de protection des yeux\/du visage. EN CAS DE CONTACT AVEC LES YEUX: Rincer avec pr\u00e9caution \u00e0 l&rsquo;eau pendant plusieurs minutes. Enlever les lentilles de contact si la victime en porte et si elles peuvent \u00eatre facilement enlev\u00e9es. Continuer \u00e0 rincer. Appeler imm\u00e9diatement un CENTRE ANTIPOISON\/un m\u00e9decin. \u00c9liminer le contenu\/r\u00e9cipient dans des contenants s\u00e9curitaires et conform\u00e9ment \u00e0 la r\u00e9glementation locale, r\u00e9gionale ou nationale Contient des compos\u00e9s \u00e9poxydiques. Peut produire une r\u00e9action allergique.<\/p>\n<p><img decoding=\"async\" src=\"https:\/\/www.epodex.com\/de\/wp-content\/uploads\/2024\/02\/hinweise-1.png\" \/><\/p>\n","protected":false},"excerpt":{"rendered":"<ul>\n<li>Pour les surfaces non absorbantes<\/li>\n<li>A base d&rsquo;eau et ouvert \u00e0 la diffusion<\/li>\n<li>Exempt de COV et de solvants<\/li>\n<li>Consommation: env. 220g\/m\u00b2<\/li>\n<li>Temps de traitement: 90 min. pour 1kg<\/li>\n<li>Proportion de m\u00e9lange r\u00e9sine\/durcisseur: 5:1 (p.ex. 500g de r\u00e9sine pour 100g de durcisseur)<\/li>\n<\/ul>\n","protected":false},"featured_media":30983,"comment_status":"open","ping_status":"closed","template":"","meta":[],"product_brand":[],"product_cat":[4951,24],"product_tag":[],"class_list":{"0":"post-30986","1":"product","2":"type-product","3":"status-publish","4":"has-post-thumbnail","6":"product_cat-accessoires","7":"product_cat-uncategorized","9":"first","10":"instock","11":"taxable","12":"shipping-taxable","13":"product-type-simple"},"yoast_head":"<!-- This site is optimized with the Yoast SEO plugin v26.7 - https:\/\/yoast.com\/wordpress\/plugins\/seo\/ -->\n<title>2K PRIMER Composant A - 1,5kg - EPODEX Industries | B2B Plattform<\/title>\n<meta name=\"robots\" content=\"index, follow, max-snippet:-1, max-image-preview:large, max-video-preview:-1\" \/>\n<link rel=\"canonical\" href=\"https:\/\/old.epodex-industries.com\/fr\/produkt\/2k-primer-composant-a-15kg\/\" \/>\n<meta property=\"og:locale\" content=\"fr_FR\" \/>\n<meta property=\"og:type\" content=\"article\" \/>\n<meta property=\"og:title\" content=\"2K PRIMER Composant A - 1,5kg - EPODEX Industries | B2B Plattform\" \/>\n<meta property=\"og:description\" content=\"Pour les surfaces non absorbantes  A base d&#039;eau et ouvert \u00e0 la diffusion  Exempt de COV et de solvants  Consommation: env. 220g\/m\u00b2  Temps de traitement: 90 min. pour 1kg  Proportion de m\u00e9lange r\u00e9sine\/durcisseur: 5:1 (p.ex. 500g de r\u00e9sine pour 100g de durcisseur)\" \/>\n<meta property=\"og:url\" content=\"https:\/\/old.epodex-industries.com\/fr\/produkt\/2k-primer-composant-a-15kg\/\" \/>\n<meta property=\"og:site_name\" content=\"EPODEX Industries | B2B Plattform\" \/>\n<meta property=\"article:publisher\" content=\"https:\/\/www.facebook.com\/Epodex\/\" \/>\n<meta property=\"article:modified_time\" content=\"2024-07-24T10:17:29+00:00\" \/>\n<meta property=\"og:image\" content=\"https:\/\/old.epodex-industries.com\/wp-content\/uploads\/2024\/04\/grundierung-primer-2k-a.jpg\" \/>\n\t<meta property=\"og:image:width\" content=\"1200\" \/>\n\t<meta property=\"og:image:height\" content=\"800\" \/>\n\t<meta property=\"og:image:type\" content=\"image\/jpeg\" \/>\n<meta name=\"twitter:card\" content=\"summary_large_image\" \/>\n<meta name=\"twitter:label1\" content=\"Dur\u00e9e de lecture estim\u00e9e\" \/>\n\t<meta name=\"twitter:data1\" content=\"2 minutes\" \/>\n<script type=\"application\/ld+json\" class=\"yoast-schema-graph\">{\"@context\":\"https:\/\/schema.org\",\"@graph\":[{\"@type\":\"WebPage\",\"@id\":\"https:\/\/old.epodex-industries.com\/fr\/produkt\/2k-primer-composant-a-15kg\/\",\"url\":\"https:\/\/old.epodex-industries.com\/fr\/produkt\/2k-primer-composant-a-15kg\/\",\"name\":\"2K PRIMER Composant A - 1,5kg - EPODEX Industries | B2B Plattform\",\"isPartOf\":{\"@id\":\"https:\/\/old.epodex-industries.com\/fr\/#website\"},\"primaryImageOfPage\":{\"@id\":\"https:\/\/old.epodex-industries.com\/fr\/produkt\/2k-primer-composant-a-15kg\/#primaryimage\"},\"image\":{\"@id\":\"https:\/\/old.epodex-industries.com\/fr\/produkt\/2k-primer-composant-a-15kg\/#primaryimage\"},\"thumbnailUrl\":\"https:\/\/old.epodex-industries.com\/wp-content\/uploads\/2024\/04\/grundierung-primer-2k-a.jpg\",\"datePublished\":\"2024-04-22T05:32:04+00:00\",\"dateModified\":\"2024-07-24T10:17:29+00:00\",\"breadcrumb\":{\"@id\":\"https:\/\/old.epodex-industries.com\/fr\/produkt\/2k-primer-composant-a-15kg\/#breadcrumb\"},\"inLanguage\":\"fr-FR\",\"potentialAction\":[{\"@type\":\"ReadAction\",\"target\":[\"https:\/\/old.epodex-industries.com\/fr\/produkt\/2k-primer-composant-a-15kg\/\"]}]},{\"@type\":\"ImageObject\",\"inLanguage\":\"fr-FR\",\"@id\":\"https:\/\/old.epodex-industries.com\/fr\/produkt\/2k-primer-composant-a-15kg\/#primaryimage\",\"url\":\"https:\/\/old.epodex-industries.com\/wp-content\/uploads\/2024\/04\/grundierung-primer-2k-a.jpg\",\"contentUrl\":\"https:\/\/old.epodex-industries.com\/wp-content\/uploads\/2024\/04\/grundierung-primer-2k-a.jpg\",\"width\":1200,\"height\":800},{\"@type\":\"BreadcrumbList\",\"@id\":\"https:\/\/old.epodex-industries.com\/fr\/produkt\/2k-primer-composant-a-15kg\/#breadcrumb\",\"itemListElement\":[{\"@type\":\"ListItem\",\"position\":1,\"name\":\"Startseite\",\"item\":\"https:\/\/old.epodex-industries.com\/fr\/\"},{\"@type\":\"ListItem\",\"position\":2,\"name\":\"Shop\",\"item\":\"https:\/\/old.epodex-industries.com\/fr\/shop\/\"},{\"@type\":\"ListItem\",\"position\":3,\"name\":\"2K PRIMER Composant A &#8211; 1,5kg\"}]},{\"@type\":\"WebSite\",\"@id\":\"https:\/\/old.epodex-industries.com\/fr\/#website\",\"url\":\"https:\/\/old.epodex-industries.com\/fr\/\",\"name\":\"EPODEX Industries | B2B Plattform\",\"description\":\"Hersteller + Gro\u00dfhandel f\u00fcr Baustoffe\",\"publisher\":{\"@id\":\"https:\/\/old.epodex-industries.com\/fr\/#organization\"},\"alternateName\":\"EPODEX Industries | Hersteller + Gro\u00dfhandel f\u00fcr Baustoffe\",\"potentialAction\":[{\"@type\":\"SearchAction\",\"target\":{\"@type\":\"EntryPoint\",\"urlTemplate\":\"https:\/\/old.epodex-industries.com\/fr\/?s={search_term_string}\"},\"query-input\":{\"@type\":\"PropertyValueSpecification\",\"valueRequired\":true,\"valueName\":\"search_term_string\"}}],\"inLanguage\":\"fr-FR\"},{\"@type\":\"Organization\",\"@id\":\"https:\/\/old.epodex-industries.com\/fr\/#organization\",\"name\":\"EPODEX Industries\",\"url\":\"https:\/\/old.epodex-industries.com\/fr\/\",\"logo\":{\"@type\":\"ImageObject\",\"inLanguage\":\"fr-FR\",\"@id\":\"https:\/\/old.epodex-industries.com\/fr\/#\/schema\/logo\/image\/\",\"url\":\"https:\/\/www.epodex-industries.com\/wp-content\/uploads\/2023\/06\/Logo-Epodex-Rechnung.jpg\",\"contentUrl\":\"https:\/\/www.epodex-industries.com\/wp-content\/uploads\/2023\/06\/Logo-Epodex-Rechnung.jpg\",\"width\":261,\"height\":50,\"caption\":\"EPODEX Industries\"},\"image\":{\"@id\":\"https:\/\/old.epodex-industries.com\/fr\/#\/schema\/logo\/image\/\"},\"sameAs\":[\"https:\/\/www.facebook.com\/Epodex\/\",\"https:\/\/www.instagram.com\/epodex_official\/\",\"https:\/\/www.pinterest.de\/epodex_com\/\",\"https:\/\/www.youtube.com\/channel\/UC7lFrJ9YpN1yg43sTc6q3ow\"]}]}<\/script>\n<!-- \/ Yoast SEO plugin. -->","yoast_head_json":{"title":"2K PRIMER Composant A - 1,5kg - EPODEX Industries | B2B Plattform","robots":{"index":"index","follow":"follow","max-snippet":"max-snippet:-1","max-image-preview":"max-image-preview:large","max-video-preview":"max-video-preview:-1"},"canonical":"https:\/\/old.epodex-industries.com\/fr\/produkt\/2k-primer-composant-a-15kg\/","og_locale":"fr_FR","og_type":"article","og_title":"2K PRIMER Composant A - 1,5kg - EPODEX Industries | B2B Plattform","og_description":"Pour les surfaces non absorbantes  A base d'eau et ouvert \u00e0 la diffusion  Exempt de COV et de solvants  Consommation: env. 220g\/m\u00b2  Temps de traitement: 90 min. pour 1kg  Proportion de m\u00e9lange r\u00e9sine\/durcisseur: 5:1 (p.ex. 500g de r\u00e9sine pour 100g de durcisseur)","og_url":"https:\/\/old.epodex-industries.com\/fr\/produkt\/2k-primer-composant-a-15kg\/","og_site_name":"EPODEX Industries | B2B Plattform","article_publisher":"https:\/\/www.facebook.com\/Epodex\/","article_modified_time":"2024-07-24T10:17:29+00:00","og_image":[{"width":1200,"height":800,"url":"https:\/\/old.epodex-industries.com\/wp-content\/uploads\/2024\/04\/grundierung-primer-2k-a.jpg","type":"image\/jpeg"}],"twitter_card":"summary_large_image","twitter_misc":{"Dur\u00e9e de lecture estim\u00e9e":"2 minutes"},"schema":{"@context":"https:\/\/schema.org","@graph":[{"@type":"WebPage","@id":"https:\/\/old.epodex-industries.com\/fr\/produkt\/2k-primer-composant-a-15kg\/","url":"https:\/\/old.epodex-industries.com\/fr\/produkt\/2k-primer-composant-a-15kg\/","name":"2K PRIMER Composant A - 1,5kg - EPODEX Industries | B2B Plattform","isPartOf":{"@id":"https:\/\/old.epodex-industries.com\/fr\/#website"},"primaryImageOfPage":{"@id":"https:\/\/old.epodex-industries.com\/fr\/produkt\/2k-primer-composant-a-15kg\/#primaryimage"},"image":{"@id":"https:\/\/old.epodex-industries.com\/fr\/produkt\/2k-primer-composant-a-15kg\/#primaryimage"},"thumbnailUrl":"https:\/\/old.epodex-industries.com\/wp-content\/uploads\/2024\/04\/grundierung-primer-2k-a.jpg","datePublished":"2024-04-22T05:32:04+00:00","dateModified":"2024-07-24T10:17:29+00:00","breadcrumb":{"@id":"https:\/\/old.epodex-industries.com\/fr\/produkt\/2k-primer-composant-a-15kg\/#breadcrumb"},"inLanguage":"fr-FR","potentialAction":[{"@type":"ReadAction","target":["https:\/\/old.epodex-industries.com\/fr\/produkt\/2k-primer-composant-a-15kg\/"]}]},{"@type":"ImageObject","inLanguage":"fr-FR","@id":"https:\/\/old.epodex-industries.com\/fr\/produkt\/2k-primer-composant-a-15kg\/#primaryimage","url":"https:\/\/old.epodex-industries.com\/wp-content\/uploads\/2024\/04\/grundierung-primer-2k-a.jpg","contentUrl":"https:\/\/old.epodex-industries.com\/wp-content\/uploads\/2024\/04\/grundierung-primer-2k-a.jpg","width":1200,"height":800},{"@type":"BreadcrumbList","@id":"https:\/\/old.epodex-industries.com\/fr\/produkt\/2k-primer-composant-a-15kg\/#breadcrumb","itemListElement":[{"@type":"ListItem","position":1,"name":"Startseite","item":"https:\/\/old.epodex-industries.com\/fr\/"},{"@type":"ListItem","position":2,"name":"Shop","item":"https:\/\/old.epodex-industries.com\/fr\/shop\/"},{"@type":"ListItem","position":3,"name":"2K PRIMER Composant A &#8211; 1,5kg"}]},{"@type":"WebSite","@id":"https:\/\/old.epodex-industries.com\/fr\/#website","url":"https:\/\/old.epodex-industries.com\/fr\/","name":"EPODEX Industries | B2B Plattform","description":"Hersteller + Gro\u00dfhandel f\u00fcr Baustoffe","publisher":{"@id":"https:\/\/old.epodex-industries.com\/fr\/#organization"},"alternateName":"EPODEX Industries | Hersteller + Gro\u00dfhandel f\u00fcr Baustoffe","potentialAction":[{"@type":"SearchAction","target":{"@type":"EntryPoint","urlTemplate":"https:\/\/old.epodex-industries.com\/fr\/?s={search_term_string}"},"query-input":{"@type":"PropertyValueSpecification","valueRequired":true,"valueName":"search_term_string"}}],"inLanguage":"fr-FR"},{"@type":"Organization","@id":"https:\/\/old.epodex-industries.com\/fr\/#organization","name":"EPODEX Industries","url":"https:\/\/old.epodex-industries.com\/fr\/","logo":{"@type":"ImageObject","inLanguage":"fr-FR","@id":"https:\/\/old.epodex-industries.com\/fr\/#\/schema\/logo\/image\/","url":"https:\/\/www.epodex-industries.com\/wp-content\/uploads\/2023\/06\/Logo-Epodex-Rechnung.jpg","contentUrl":"https:\/\/www.epodex-industries.com\/wp-content\/uploads\/2023\/06\/Logo-Epodex-Rechnung.jpg","width":261,"height":50,"caption":"EPODEX Industries"},"image":{"@id":"https:\/\/old.epodex-industries.com\/fr\/#\/schema\/logo\/image\/"},"sameAs":["https:\/\/www.facebook.com\/Epodex\/","https:\/\/www.instagram.com\/epodex_official\/","https:\/\/www.pinterest.de\/epodex_com\/","https:\/\/www.youtube.com\/channel\/UC7lFrJ9YpN1yg43sTc6q3ow"]}]}},"_links":{"self":[{"href":"https:\/\/old.epodex-industries.com\/fr\/wp-json\/wp\/v2\/product\/30986","targetHints":{"allow":["GET"]}}],"collection":[{"href":"https:\/\/old.epodex-industries.com\/fr\/wp-json\/wp\/v2\/product"}],"about":[{"href":"https:\/\/old.epodex-industries.com\/fr\/wp-json\/wp\/v2\/types\/product"}],"replies":[{"embeddable":true,"href":"https:\/\/old.epodex-industries.com\/fr\/wp-json\/wp\/v2\/comments?post=30986"}],"wp:featuredmedia":[{"embeddable":true,"href":"https:\/\/old.epodex-industries.com\/fr\/wp-json\/wp\/v2\/media\/30983"}],"wp:attachment":[{"href":"https:\/\/old.epodex-industries.com\/fr\/wp-json\/wp\/v2\/media?parent=30986"}],"wp:term":[{"taxonomy":"product_brand","embeddable":true,"href":"https:\/\/old.epodex-industries.com\/fr\/wp-json\/wp\/v2\/product_brand?post=30986"},{"taxonomy":"product_cat","embeddable":true,"href":"https:\/\/old.epodex-industries.com\/fr\/wp-json\/wp\/v2\/product_cat?post=30986"},{"taxonomy":"product_tag","embeddable":true,"href":"https:\/\/old.epodex-industries.com\/fr\/wp-json\/wp\/v2\/product_tag?post=30986"}],"curies":[{"name":"wp","href":"https:\/\/api.w.org\/{rel}","templated":true}]}}