{"id":30982,"date":"2024-04-22T07:32:03","date_gmt":"2024-04-22T05:32:03","guid":{"rendered":"https:\/\/www.epodex-industries.com\/produkt\/liquide-b-composant-pour-beton-cire-2kg\/"},"modified":"2025-02-19T16:54:32","modified_gmt":"2025-02-19T15:54:32","slug":"liquide-b-composant-pour-beton-cire-2kg","status":"publish","type":"product","link":"https:\/\/old.epodex-industries.com\/fr\/produit\/liquide-b-composant-pour-beton-cire-2kg\/","title":{"rendered":"Liquide B Composant pour b\u00e9ton cir\u00e9 &#8211; 2kg"},"content":{"rendered":"<h2>Consignes d&rsquo;utilisation<\/h2>\n<p><strong><u>Appr\u00eat<\/u><\/strong><\/p>\n<ol>\n<li>Le support doit \u00eatre stable, sec et exempt de salet\u00e9s, d&rsquo;agents de d\u00e9moulage et d&rsquo;irr\u00e9gularit\u00e9s.<\/li>\n<li>Poncer les irr\u00e9gularit\u00e9s.<\/li>\n<li>Pour les surfaces carrel\u00e9es, nous recommandons d&rsquo;appliquer une couche de norte appr\u00eat sp\u00e9cial pour supports non absorbants et de remplir les joints avec ce produit.<\/li>\n<li>Laisser s\u00e9cher l\u2019appr\u00eat.<\/li>\n<\/ol>\n<hr \/>\n<p><strong><u>Rev\u00eatement principal<\/u><\/strong><\/p>\n<ol>\n<li>M\u00e9langer les composants A du b\u00e9ton cir\u00e9 en grains moyens avec le composant B dans les proportions indiqu\u00e9es.<\/li>\n<li>Ajouter le pigment WB dans la quantit\u00e9 recommand\u00e9e pour colorer le mat\u00e9riau.<\/li>\n<li>Verser le mat\u00e9riau, l&rsquo;\u00e9taler \u00e0 l&rsquo;aide d&rsquo;une truelle et laisser s\u00e9cher.<\/li>\n<li>Poncer les irr\u00e9gularit\u00e9s de la surface de plus de 3 mm et aspirer la poussi\u00e8re de pon\u00e7age..<\/li>\n<li>Appliquer une deuxi\u00e8me couche selon le m\u00eame principe. Pour cela, le b\u00e9ton cir\u00e9 peut \u00eatre appliqu\u00e9 avec un grain moyen ou en grain fin, selon la finition souhait\u00e9e.<\/li>\n<\/ol>\n<hr \/>\n<p><strong><u>Finition<\/u><\/strong><\/p>\n<p><u>Remarque<\/u>: Pour les locaux humides, les surfaces en contact direct avec l&rsquo;eau, ainsi que les surfaces fortement sollicit\u00e9es (charge m\u00e9canique \u00e9lev\u00e9e, nettoyage avec des produits de nettoyage agressifs, etc.), nous recommandons de prot\u00e9ger la surface avec la r\u00e9sine polyur\u00e9thane EPODEX (r\u00e9sine PU) en finition mate ou brillante.<\/p>\n<ol>\n<li>M\u00e9langer la r\u00e9sine PU et le durcisseur dans les proportions indiqu\u00e9es et verser dans un bac \u00e0 peinture.<\/li>\n<li>Appliquer une fine couche avec un rouleau mousse en effectuant des passes crois\u00e9es et laisser durcir. Nous recommandons deux couches.<\/li>\n<\/ol>\n<hr \/>\n<p><strong>Service \u00e0 la client\u00e8le:<\/strong> Si vous avez d&rsquo;autres questions, contactez-nous par t\u00e9l\u00e9phone, par courrier \u00e9lectronique ou utilisez notre support WhatsApp.<\/p>\n<p><strong>Remarque:<\/strong> Veuillez noter qu&rsquo;en raison des conditions d&rsquo;\u00e9clairage et des diff\u00e9rents moniteurs, les couleurs peuvent ne pas \u00eatre affich\u00e9es de mani\u00e8re uniforme.<\/p>\n<hr \/>\n<h3>Ingr\u00e9dients, mentions de danger et s\u00e9curit\u00e9<\/h3>\n<p><strong>Composante B (B\u00e9ton cir\u00e9 LIQUID B)<\/strong> En cas de consultation d&rsquo;un m\u00e9decin, garder \u00e0 disposition le r\u00e9cipient ou l&rsquo;\u00e9tiquette. Tenir hors de port\u00e9e des enfants. \u00c9viter de respirer les poussi\u00e8res\/brouillards\/a\u00e9rosols. \u00c9viter tout contact avec les yeux, la peau ou les v\u00eatements. Porter des gants de protection\/un \u00e9quipement de protection des yeux. EN CAS DE CONTACT AVEC LA PEAU: Laver abondamment \u00e0 l&rsquo;eau et au savon. \u00c9liminer le contenu\/r\u00e9cipient dans des contenants s\u00e9curitaires et conform\u00e9ment \u00e0 la r\u00e9glementation locale, r\u00e9gionale ou nationale Contient\u00a01,2-Benzisothiazol-3(2H)-on Masse r\u00e9actionnelle de 5-Chlor-2-methyl-2H-isothiazol-3-on et 2-M\u00e9thyl-2H-isothiazol-3-one. Peut produire une r\u00e9action allergique.<\/p>\n","protected":false},"excerpt":{"rendered":"<ul>\n<li>Mastic design applicable sur toutes les surfaces comme le b\u00e9ton, le pl\u00e2tre, le m\u00e9tal, le verre, le plastique, le bois, la peinture, etc.<\/li>\n<li>Mat\u00e9riau: ciment premium m\u00e9lang\u00e9 \u00e0 des additifs et des charges.<\/li>\n<li>Propri\u00e9t\u00e9s: min\u00e9ral, tr\u00e8s r\u00e9sistant, r\u00e9sistant aux intemp\u00e9ries, stable aux UV, inodore<\/li>\n<li>Domaines d&rsquo;application: Int\u00e9rieur &amp; ext\u00e9rieur ainsi que locaux humides avec finition PU<\/li>\n<li>Qualit\u00e9 premium directement du fabricant<\/li>\n<li>Temps de durcissement: env. 8h &#8211; Duret\u00e9 finale: apr\u00e8s env. 7 jours<\/li>\n<\/ul>\n","protected":false},"featured_media":30979,"comment_status":"open","ping_status":"closed","template":"","meta":[],"product_brand":[],"product_cat":[4525],"product_tag":[],"class_list":{"0":"post-30982","1":"product","2":"type-product","3":"status-publish","4":"has-post-thumbnail","6":"product_cat-beton-cire-produits-individuels","8":"first","9":"instock","10":"taxable","11":"shipping-taxable","12":"product-type-simple"},"yoast_head":"<!-- This site is optimized with the Yoast SEO plugin v26.7 - https:\/\/yoast.com\/wordpress\/plugins\/seo\/ -->\n<title>Liquide B Composant pour b\u00e9ton cir\u00e9 - 2kg - EPODEX Industries | B2B Plattform<\/title>\n<meta name=\"robots\" content=\"index, follow, max-snippet:-1, max-image-preview:large, max-video-preview:-1\" \/>\n<link rel=\"canonical\" href=\"https:\/\/old.epodex-industries.com\/fr\/produit\/liquide-b-composant-pour-beton-cire-2kg\/\" \/>\n<meta property=\"og:locale\" content=\"fr_FR\" \/>\n<meta property=\"og:type\" content=\"article\" \/>\n<meta property=\"og:title\" content=\"Liquide B Composant pour b\u00e9ton cir\u00e9 - 2kg - EPODEX Industries | B2B Plattform\" \/>\n<meta property=\"og:description\" content=\"Mastic design applicable sur toutes les surfaces comme le b\u00e9ton, le pl\u00e2tre, le m\u00e9tal, le verre, le plastique, le bois, la peinture, etc.  Mat\u00e9riau: ciment premium m\u00e9lang\u00e9 \u00e0 des additifs et des charges.  Propri\u00e9t\u00e9s: min\u00e9ral, tr\u00e8s r\u00e9sistant, r\u00e9sistant aux intemp\u00e9ries, stable aux UV, inodore  Domaines d&#039;application: Int\u00e9rieur &amp; ext\u00e9rieur ainsi que locaux humides avec finition PU  Qualit\u00e9 premium directement du fabricant  Temps de durcissement: env. 8h - Duret\u00e9 finale: apr\u00e8s env. 7 jours\" \/>\n<meta property=\"og:url\" content=\"https:\/\/old.epodex-industries.com\/fr\/produit\/liquide-b-composant-pour-beton-cire-2kg\/\" \/>\n<meta property=\"og:site_name\" content=\"EPODEX Industries | B2B Plattform\" \/>\n<meta property=\"article:publisher\" content=\"https:\/\/www.facebook.com\/Epodex\/\" \/>\n<meta property=\"article:modified_time\" content=\"2025-02-19T15:54:32+00:00\" \/>\n<meta property=\"og:image\" content=\"https:\/\/old.epodex-industries.com\/wp-content\/uploads\/2024\/04\/liquid-microcement-component.jpg\" \/>\n\t<meta property=\"og:image:width\" content=\"1200\" \/>\n\t<meta property=\"og:image:height\" content=\"800\" \/>\n\t<meta property=\"og:image:type\" content=\"image\/jpeg\" \/>\n<meta name=\"twitter:card\" content=\"summary_large_image\" \/>\n<meta name=\"twitter:label1\" content=\"Dur\u00e9e de lecture estim\u00e9e\" \/>\n\t<meta name=\"twitter:data1\" content=\"3 minutes\" \/>\n<script type=\"application\/ld+json\" class=\"yoast-schema-graph\">{\"@context\":\"https:\/\/schema.org\",\"@graph\":[{\"@type\":\"WebPage\",\"@id\":\"https:\/\/old.epodex-industries.com\/fr\/produit\/liquide-b-composant-pour-beton-cire-2kg\/\",\"url\":\"https:\/\/old.epodex-industries.com\/fr\/produit\/liquide-b-composant-pour-beton-cire-2kg\/\",\"name\":\"Liquide B Composant pour b\u00e9ton cir\u00e9 - 2kg - EPODEX Industries | B2B Plattform\",\"isPartOf\":{\"@id\":\"https:\/\/old.epodex-industries.com\/fr\/#website\"},\"primaryImageOfPage\":{\"@id\":\"https:\/\/old.epodex-industries.com\/fr\/produit\/liquide-b-composant-pour-beton-cire-2kg\/#primaryimage\"},\"image\":{\"@id\":\"https:\/\/old.epodex-industries.com\/fr\/produit\/liquide-b-composant-pour-beton-cire-2kg\/#primaryimage\"},\"thumbnailUrl\":\"https:\/\/old.epodex-industries.com\/wp-content\/uploads\/2024\/04\/liquid-microcement-component.jpg\",\"datePublished\":\"2024-04-22T05:32:03+00:00\",\"dateModified\":\"2025-02-19T15:54:32+00:00\",\"breadcrumb\":{\"@id\":\"https:\/\/old.epodex-industries.com\/fr\/produit\/liquide-b-composant-pour-beton-cire-2kg\/#breadcrumb\"},\"inLanguage\":\"fr-FR\",\"potentialAction\":[{\"@type\":\"ReadAction\",\"target\":[\"https:\/\/old.epodex-industries.com\/fr\/produit\/liquide-b-composant-pour-beton-cire-2kg\/\"]}]},{\"@type\":\"ImageObject\",\"inLanguage\":\"fr-FR\",\"@id\":\"https:\/\/old.epodex-industries.com\/fr\/produit\/liquide-b-composant-pour-beton-cire-2kg\/#primaryimage\",\"url\":\"https:\/\/old.epodex-industries.com\/wp-content\/uploads\/2024\/04\/liquid-microcement-component.jpg\",\"contentUrl\":\"https:\/\/old.epodex-industries.com\/wp-content\/uploads\/2024\/04\/liquid-microcement-component.jpg\",\"width\":1200,\"height\":800},{\"@type\":\"BreadcrumbList\",\"@id\":\"https:\/\/old.epodex-industries.com\/fr\/produit\/liquide-b-composant-pour-beton-cire-2kg\/#breadcrumb\",\"itemListElement\":[{\"@type\":\"ListItem\",\"position\":1,\"name\":\"Startseite\",\"item\":\"https:\/\/old.epodex-industries.com\/fr\/\"},{\"@type\":\"ListItem\",\"position\":2,\"name\":\"Shop\",\"item\":\"https:\/\/old.epodex-industries.com\/fr\/shop\/\"},{\"@type\":\"ListItem\",\"position\":3,\"name\":\"Liquide B Composant pour b\u00e9ton cir\u00e9 &#8211; 2kg\"}]},{\"@type\":\"WebSite\",\"@id\":\"https:\/\/old.epodex-industries.com\/fr\/#website\",\"url\":\"https:\/\/old.epodex-industries.com\/fr\/\",\"name\":\"EPODEX Industries | B2B Plattform\",\"description\":\"Hersteller + Gro\u00dfhandel f\u00fcr Baustoffe\",\"publisher\":{\"@id\":\"https:\/\/old.epodex-industries.com\/fr\/#organization\"},\"alternateName\":\"EPODEX Industries | Hersteller + Gro\u00dfhandel f\u00fcr Baustoffe\",\"potentialAction\":[{\"@type\":\"SearchAction\",\"target\":{\"@type\":\"EntryPoint\",\"urlTemplate\":\"https:\/\/old.epodex-industries.com\/fr\/?s={search_term_string}\"},\"query-input\":{\"@type\":\"PropertyValueSpecification\",\"valueRequired\":true,\"valueName\":\"search_term_string\"}}],\"inLanguage\":\"fr-FR\"},{\"@type\":\"Organization\",\"@id\":\"https:\/\/old.epodex-industries.com\/fr\/#organization\",\"name\":\"EPODEX Industries\",\"url\":\"https:\/\/old.epodex-industries.com\/fr\/\",\"logo\":{\"@type\":\"ImageObject\",\"inLanguage\":\"fr-FR\",\"@id\":\"https:\/\/old.epodex-industries.com\/fr\/#\/schema\/logo\/image\/\",\"url\":\"https:\/\/www.epodex-industries.com\/wp-content\/uploads\/2023\/06\/Logo-Epodex-Rechnung.jpg\",\"contentUrl\":\"https:\/\/www.epodex-industries.com\/wp-content\/uploads\/2023\/06\/Logo-Epodex-Rechnung.jpg\",\"width\":261,\"height\":50,\"caption\":\"EPODEX Industries\"},\"image\":{\"@id\":\"https:\/\/old.epodex-industries.com\/fr\/#\/schema\/logo\/image\/\"},\"sameAs\":[\"https:\/\/www.facebook.com\/Epodex\/\",\"https:\/\/www.instagram.com\/epodex_official\/\",\"https:\/\/www.pinterest.de\/epodex_com\/\",\"https:\/\/www.youtube.com\/channel\/UC7lFrJ9YpN1yg43sTc6q3ow\"]}]}<\/script>\n<!-- \/ Yoast SEO plugin. -->","yoast_head_json":{"title":"Liquide B Composant pour b\u00e9ton cir\u00e9 - 2kg - EPODEX Industries | B2B Plattform","robots":{"index":"index","follow":"follow","max-snippet":"max-snippet:-1","max-image-preview":"max-image-preview:large","max-video-preview":"max-video-preview:-1"},"canonical":"https:\/\/old.epodex-industries.com\/fr\/produit\/liquide-b-composant-pour-beton-cire-2kg\/","og_locale":"fr_FR","og_type":"article","og_title":"Liquide B Composant pour b\u00e9ton cir\u00e9 - 2kg - EPODEX Industries | B2B Plattform","og_description":"Mastic design applicable sur toutes les surfaces comme le b\u00e9ton, le pl\u00e2tre, le m\u00e9tal, le verre, le plastique, le bois, la peinture, etc.  Mat\u00e9riau: ciment premium m\u00e9lang\u00e9 \u00e0 des additifs et des charges.  Propri\u00e9t\u00e9s: min\u00e9ral, tr\u00e8s r\u00e9sistant, r\u00e9sistant aux intemp\u00e9ries, stable aux UV, inodore  Domaines d'application: Int\u00e9rieur &amp; ext\u00e9rieur ainsi que locaux humides avec finition PU  Qualit\u00e9 premium directement du fabricant  Temps de durcissement: env. 8h - Duret\u00e9 finale: apr\u00e8s env. 7 jours","og_url":"https:\/\/old.epodex-industries.com\/fr\/produit\/liquide-b-composant-pour-beton-cire-2kg\/","og_site_name":"EPODEX Industries | B2B Plattform","article_publisher":"https:\/\/www.facebook.com\/Epodex\/","article_modified_time":"2025-02-19T15:54:32+00:00","og_image":[{"width":1200,"height":800,"url":"https:\/\/old.epodex-industries.com\/wp-content\/uploads\/2024\/04\/liquid-microcement-component.jpg","type":"image\/jpeg"}],"twitter_card":"summary_large_image","twitter_misc":{"Dur\u00e9e de lecture estim\u00e9e":"3 minutes"},"schema":{"@context":"https:\/\/schema.org","@graph":[{"@type":"WebPage","@id":"https:\/\/old.epodex-industries.com\/fr\/produit\/liquide-b-composant-pour-beton-cire-2kg\/","url":"https:\/\/old.epodex-industries.com\/fr\/produit\/liquide-b-composant-pour-beton-cire-2kg\/","name":"Liquide B Composant pour b\u00e9ton cir\u00e9 - 2kg - EPODEX Industries | B2B Plattform","isPartOf":{"@id":"https:\/\/old.epodex-industries.com\/fr\/#website"},"primaryImageOfPage":{"@id":"https:\/\/old.epodex-industries.com\/fr\/produit\/liquide-b-composant-pour-beton-cire-2kg\/#primaryimage"},"image":{"@id":"https:\/\/old.epodex-industries.com\/fr\/produit\/liquide-b-composant-pour-beton-cire-2kg\/#primaryimage"},"thumbnailUrl":"https:\/\/old.epodex-industries.com\/wp-content\/uploads\/2024\/04\/liquid-microcement-component.jpg","datePublished":"2024-04-22T05:32:03+00:00","dateModified":"2025-02-19T15:54:32+00:00","breadcrumb":{"@id":"https:\/\/old.epodex-industries.com\/fr\/produit\/liquide-b-composant-pour-beton-cire-2kg\/#breadcrumb"},"inLanguage":"fr-FR","potentialAction":[{"@type":"ReadAction","target":["https:\/\/old.epodex-industries.com\/fr\/produit\/liquide-b-composant-pour-beton-cire-2kg\/"]}]},{"@type":"ImageObject","inLanguage":"fr-FR","@id":"https:\/\/old.epodex-industries.com\/fr\/produit\/liquide-b-composant-pour-beton-cire-2kg\/#primaryimage","url":"https:\/\/old.epodex-industries.com\/wp-content\/uploads\/2024\/04\/liquid-microcement-component.jpg","contentUrl":"https:\/\/old.epodex-industries.com\/wp-content\/uploads\/2024\/04\/liquid-microcement-component.jpg","width":1200,"height":800},{"@type":"BreadcrumbList","@id":"https:\/\/old.epodex-industries.com\/fr\/produit\/liquide-b-composant-pour-beton-cire-2kg\/#breadcrumb","itemListElement":[{"@type":"ListItem","position":1,"name":"Startseite","item":"https:\/\/old.epodex-industries.com\/fr\/"},{"@type":"ListItem","position":2,"name":"Shop","item":"https:\/\/old.epodex-industries.com\/fr\/shop\/"},{"@type":"ListItem","position":3,"name":"Liquide B Composant pour b\u00e9ton cir\u00e9 &#8211; 2kg"}]},{"@type":"WebSite","@id":"https:\/\/old.epodex-industries.com\/fr\/#website","url":"https:\/\/old.epodex-industries.com\/fr\/","name":"EPODEX Industries | B2B Plattform","description":"Hersteller + Gro\u00dfhandel f\u00fcr Baustoffe","publisher":{"@id":"https:\/\/old.epodex-industries.com\/fr\/#organization"},"alternateName":"EPODEX Industries | Hersteller + Gro\u00dfhandel f\u00fcr Baustoffe","potentialAction":[{"@type":"SearchAction","target":{"@type":"EntryPoint","urlTemplate":"https:\/\/old.epodex-industries.com\/fr\/?s={search_term_string}"},"query-input":{"@type":"PropertyValueSpecification","valueRequired":true,"valueName":"search_term_string"}}],"inLanguage":"fr-FR"},{"@type":"Organization","@id":"https:\/\/old.epodex-industries.com\/fr\/#organization","name":"EPODEX Industries","url":"https:\/\/old.epodex-industries.com\/fr\/","logo":{"@type":"ImageObject","inLanguage":"fr-FR","@id":"https:\/\/old.epodex-industries.com\/fr\/#\/schema\/logo\/image\/","url":"https:\/\/www.epodex-industries.com\/wp-content\/uploads\/2023\/06\/Logo-Epodex-Rechnung.jpg","contentUrl":"https:\/\/www.epodex-industries.com\/wp-content\/uploads\/2023\/06\/Logo-Epodex-Rechnung.jpg","width":261,"height":50,"caption":"EPODEX Industries"},"image":{"@id":"https:\/\/old.epodex-industries.com\/fr\/#\/schema\/logo\/image\/"},"sameAs":["https:\/\/www.facebook.com\/Epodex\/","https:\/\/www.instagram.com\/epodex_official\/","https:\/\/www.pinterest.de\/epodex_com\/","https:\/\/www.youtube.com\/channel\/UC7lFrJ9YpN1yg43sTc6q3ow"]}]}},"_links":{"self":[{"href":"https:\/\/old.epodex-industries.com\/fr\/wp-json\/wp\/v2\/product\/30982","targetHints":{"allow":["GET"]}}],"collection":[{"href":"https:\/\/old.epodex-industries.com\/fr\/wp-json\/wp\/v2\/product"}],"about":[{"href":"https:\/\/old.epodex-industries.com\/fr\/wp-json\/wp\/v2\/types\/product"}],"replies":[{"embeddable":true,"href":"https:\/\/old.epodex-industries.com\/fr\/wp-json\/wp\/v2\/comments?post=30982"}],"wp:featuredmedia":[{"embeddable":true,"href":"https:\/\/old.epodex-industries.com\/fr\/wp-json\/wp\/v2\/media\/30979"}],"wp:attachment":[{"href":"https:\/\/old.epodex-industries.com\/fr\/wp-json\/wp\/v2\/media?parent=30982"}],"wp:term":[{"taxonomy":"product_brand","embeddable":true,"href":"https:\/\/old.epodex-industries.com\/fr\/wp-json\/wp\/v2\/product_brand?post=30982"},{"taxonomy":"product_cat","embeddable":true,"href":"https:\/\/old.epodex-industries.com\/fr\/wp-json\/wp\/v2\/product_cat?post=30982"},{"taxonomy":"product_tag","embeddable":true,"href":"https:\/\/old.epodex-industries.com\/fr\/wp-json\/wp\/v2\/product_tag?post=30982"}],"curies":[{"name":"wp","href":"https:\/\/api.w.org\/{rel}","templated":true}]}}