{"id":30978,"date":"2024-04-22T07:32:02","date_gmt":"2024-04-22T05:32:02","guid":{"rendered":"https:\/\/www.epodex-industries.com\/produkt\/set-de-14-alcohol-ink\/"},"modified":"2024-07-24T12:17:29","modified_gmt":"2024-07-24T10:17:29","slug":"set-de-14-alcohol-ink","status":"publish","type":"product","link":"https:\/\/old.epodex-industries.com\/fr\/produit\/set-de-14-alcohol-ink\/","title":{"rendered":"Set de 14 &#8211; Alcohol Ink"},"content":{"rendered":"<h2>EPODEX Set de 14 &#8211; Alcohol Ink<\/h2>\n<p>Les Alcohol Inks EPODEX sont des encres de couleurs transparentes \u00e0 base d\u2019alcool \u00e0 durcissement rapide. Nos produits sont sp\u00e9cialement con\u00e7us pour la technique de la peinture fluide. Il vous sera possible de personnaliser vos cr\u00e9ations gr\u00e2ce aux Alcohol Inks EPODEX. Cr\u00e9er facilement des d\u00e9grad\u00e9s de couleurs, des effets abstraits ou encore des formes assez surprenantes.<br \/>\nL\u2019encre peut \u00eatre utilis\u00e9e sur tout mat\u00e9riel lisse et non poreux. Id\u00e9alement elle est appliqu\u00e9e sur de la r\u00e9sine \u00e9poxy, du papier synth\u00e9tique (ex: papier YUPO), verre, m\u00e9tal, c\u00e9ramique, porcelaine, pierre ou encore sur de la p\u00e2te \u00e0 modeller. Une fois s\u00e9ch\u00e9, les Alcohol Inks sont exempts d\u2019acide, lavables et imperm\u00e9ables. <\/p>\n<h3>Utilisation dans de la r\u00e9sine \u00c9POXY<\/h3>\n<ol>\n<li>M\u00e9langez la r\u00e9sine et le durcisseur dans un rapport de m\u00e9lange de 2:1 (par exemple, 2kg de r\u00e9sine : 1kg de durcisseur).<\/li>\n<li>Versez le m\u00e9lange r\u00e9sine-durcisseur sur la surface souhait\u00e9e ou dans le moule souhait\u00e9. Pour l&rsquo;effet typique de Alcohol Ink (\u00ab\u00a0<strong>effet Petri-Art<\/strong>\u00ab\u00a0), nous recommandons une \u00e9paisseur de coul\u00e9e maximale de 1,5cm.<\/li>\n<li>Ajoutez quelques gouttes d\u2019Alcohol Ink dans la couleur de votre choix sur votre m\u00e9lange r\u00e9sine-durcisseur puis, ajoutez quelques gouttes d\u2019Alcohol Ink SELENIT WHITE par dessus. Les couleurs se repousseront mutuellement et laissant un motif unique. Plus vous mettez de gouttes blanches sur les gouttes de couleur, plus les couleurs s&rsquo;enfoncent dans le fond et plus l&rsquo;effet de Alcohol Ink est fort.<\/li>\n<li>Afin de cr\u00e9\u00e9r un motif sur toute la surface, il est possible d\u2019ajouter plusieurs gouttes d\u2019encres les unes \u00e0 c\u00f4t\u00e9 des autres et ce, en alternant avec des gouttes blanches.<\/li>\n<li>Travaillez avec diff\u00e9rentes couleurs pour un r\u00e9sultat multicolore.<\/li>\n<\/ol>\n<hr \/>\n<p><strong>Service \u00e0 la client\u00e8le: <\/strong>Si vous avez d\u2019autres questions, contactez-nous par t\u00e9l\u00e9phone, par courrier \u00e9lectronique ou utilisez notre support WhatsApp.<\/p>\n<p><strong>Remarque: <\/strong>Veuillez noter qu\u2019en raison des conditions d\u2019\u00e9clairage et des diff\u00e9rents moniteurs, les couleurs peuvent ne pas \u00eatre affich\u00e9es de mani\u00e8re uniforme.<\/p>\n<hr \/>\n<p><strong>Mentions de danger: <\/strong><\/p>\n<p>Liquide et vapeurs tr\u00e8s inflammables. Toxique pour les organismes aquatiques, entra\u00eene des effets n\u00e9fastes \u00e0 long terme. Peut provoquer somnolence ou des vertiges.<br \/>\nProvoque une s\u00e9v\u00e8re irritation des yeux.<br \/>\nPorter des gants de protection\/des v\u00eatements de protection\/un \u00e9quipement de protection des yeux\/du visage\/une protection auditive\/. Tenir \u00e0 l&rsquo;\u00e9cart de la chaleur, des surfaces chaudes, des \u00e9tincelles, des flammes nues et de toute autre source d&rsquo;ignition. Ne pas fumer. Tenir hors de port\u00e9e des enfants.<\/p>\n","protected":false},"excerpt":{"rendered":"<p>Les Alcohol Ink EPODEX sont des encres \u00e0 alcool hautement concentr\u00e9es pour la r\u00e9alisation d&rsquo;effets de couleur. En fonction de la s\u00e9lection, une ou plusieurs bouteilles de 10g sont incluses dans la livraison. Pour obtenir <strong>l&rsquo;effet typique de Alcohol Ink<\/strong>, vous pouvez commander en option un colorant blanc. Plus il y a de colorant blanc, plus l&rsquo;effet est fort. Vous trouverez les instructions d&rsquo;application sur cette page produit.<\/p>\n","protected":false},"featured_media":30975,"comment_status":"open","ping_status":"closed","template":"","meta":[],"product_brand":[],"product_cat":[4951,24],"product_tag":[],"class_list":{"0":"post-30978","1":"product","2":"type-product","3":"status-publish","4":"has-post-thumbnail","6":"product_cat-accessoires","7":"product_cat-uncategorized","9":"first","10":"instock","11":"taxable","12":"shipping-taxable","13":"product-type-simple"},"yoast_head":"<!-- This site is optimized with the Yoast SEO plugin v26.7 - https:\/\/yoast.com\/wordpress\/plugins\/seo\/ -->\n<title>Set de 14 - Alcohol Ink - EPODEX Industries | B2B Plattform<\/title>\n<meta name=\"robots\" content=\"index, follow, max-snippet:-1, max-image-preview:large, max-video-preview:-1\" \/>\n<link rel=\"canonical\" href=\"https:\/\/old.epodex-industries.com\/fr\/produkt\/set-de-14-alcohol-ink\/\" \/>\n<meta property=\"og:locale\" content=\"fr_FR\" \/>\n<meta property=\"og:type\" content=\"article\" \/>\n<meta property=\"og:title\" content=\"Set de 14 - Alcohol Ink - EPODEX Industries | B2B Plattform\" \/>\n<meta property=\"og:description\" content=\"Les Alcohol Ink EPODEX sont des encres \u00e0 alcool hautement concentr\u00e9es pour la r\u00e9alisation d&#039;effets de couleur. En fonction de la s\u00e9lection, une ou plusieurs bouteilles de 10g sont incluses dans la livraison. Pour obtenir l&#039;effet typique de Alcohol Ink, vous pouvez commander en option un colorant blanc. Plus il y a de colorant blanc, plus l&#039;effet est fort. Vous trouverez les instructions d&#039;application sur cette page produit.\" \/>\n<meta property=\"og:url\" content=\"https:\/\/old.epodex-industries.com\/fr\/produkt\/set-de-14-alcohol-ink\/\" \/>\n<meta property=\"og:site_name\" content=\"EPODEX Industries | B2B Plattform\" \/>\n<meta property=\"article:publisher\" content=\"https:\/\/www.facebook.com\/Epodex\/\" \/>\n<meta property=\"article:modified_time\" content=\"2024-07-24T10:17:29+00:00\" \/>\n<meta property=\"og:image\" content=\"https:\/\/old.epodex-industries.com\/wp-content\/uploads\/2024\/04\/alcohol-inks-epoxy-set-14.jpg\" \/>\n\t<meta property=\"og:image:width\" content=\"1200\" \/>\n\t<meta property=\"og:image:height\" content=\"800\" \/>\n\t<meta property=\"og:image:type\" content=\"image\/jpeg\" \/>\n<meta name=\"twitter:card\" content=\"summary_large_image\" \/>\n<meta name=\"twitter:label1\" content=\"Dur\u00e9e de lecture estim\u00e9e\" \/>\n\t<meta name=\"twitter:data1\" content=\"2 minutes\" \/>\n<script type=\"application\/ld+json\" class=\"yoast-schema-graph\">{\"@context\":\"https:\/\/schema.org\",\"@graph\":[{\"@type\":\"WebPage\",\"@id\":\"https:\/\/old.epodex-industries.com\/fr\/produkt\/set-de-14-alcohol-ink\/\",\"url\":\"https:\/\/old.epodex-industries.com\/fr\/produkt\/set-de-14-alcohol-ink\/\",\"name\":\"Set de 14 - Alcohol Ink - EPODEX Industries | B2B Plattform\",\"isPartOf\":{\"@id\":\"https:\/\/old.epodex-industries.com\/fr\/#website\"},\"primaryImageOfPage\":{\"@id\":\"https:\/\/old.epodex-industries.com\/fr\/produkt\/set-de-14-alcohol-ink\/#primaryimage\"},\"image\":{\"@id\":\"https:\/\/old.epodex-industries.com\/fr\/produkt\/set-de-14-alcohol-ink\/#primaryimage\"},\"thumbnailUrl\":\"https:\/\/old.epodex-industries.com\/wp-content\/uploads\/2024\/04\/alcohol-inks-epoxy-set-14.jpg\",\"datePublished\":\"2024-04-22T05:32:02+00:00\",\"dateModified\":\"2024-07-24T10:17:29+00:00\",\"breadcrumb\":{\"@id\":\"https:\/\/old.epodex-industries.com\/fr\/produkt\/set-de-14-alcohol-ink\/#breadcrumb\"},\"inLanguage\":\"fr-FR\",\"potentialAction\":[{\"@type\":\"ReadAction\",\"target\":[\"https:\/\/old.epodex-industries.com\/fr\/produkt\/set-de-14-alcohol-ink\/\"]}]},{\"@type\":\"ImageObject\",\"inLanguage\":\"fr-FR\",\"@id\":\"https:\/\/old.epodex-industries.com\/fr\/produkt\/set-de-14-alcohol-ink\/#primaryimage\",\"url\":\"https:\/\/old.epodex-industries.com\/wp-content\/uploads\/2024\/04\/alcohol-inks-epoxy-set-14.jpg\",\"contentUrl\":\"https:\/\/old.epodex-industries.com\/wp-content\/uploads\/2024\/04\/alcohol-inks-epoxy-set-14.jpg\",\"width\":1200,\"height\":800},{\"@type\":\"BreadcrumbList\",\"@id\":\"https:\/\/old.epodex-industries.com\/fr\/produkt\/set-de-14-alcohol-ink\/#breadcrumb\",\"itemListElement\":[{\"@type\":\"ListItem\",\"position\":1,\"name\":\"Startseite\",\"item\":\"https:\/\/old.epodex-industries.com\/fr\/\"},{\"@type\":\"ListItem\",\"position\":2,\"name\":\"Shop\",\"item\":\"https:\/\/old.epodex-industries.com\/fr\/shop\/\"},{\"@type\":\"ListItem\",\"position\":3,\"name\":\"Set de 14 &#8211; Alcohol Ink\"}]},{\"@type\":\"WebSite\",\"@id\":\"https:\/\/old.epodex-industries.com\/fr\/#website\",\"url\":\"https:\/\/old.epodex-industries.com\/fr\/\",\"name\":\"EPODEX Industries | B2B Plattform\",\"description\":\"Hersteller + Gro\u00dfhandel f\u00fcr Baustoffe\",\"publisher\":{\"@id\":\"https:\/\/old.epodex-industries.com\/fr\/#organization\"},\"alternateName\":\"EPODEX Industries | Hersteller + Gro\u00dfhandel f\u00fcr Baustoffe\",\"potentialAction\":[{\"@type\":\"SearchAction\",\"target\":{\"@type\":\"EntryPoint\",\"urlTemplate\":\"https:\/\/old.epodex-industries.com\/fr\/?s={search_term_string}\"},\"query-input\":{\"@type\":\"PropertyValueSpecification\",\"valueRequired\":true,\"valueName\":\"search_term_string\"}}],\"inLanguage\":\"fr-FR\"},{\"@type\":\"Organization\",\"@id\":\"https:\/\/old.epodex-industries.com\/fr\/#organization\",\"name\":\"EPODEX Industries\",\"url\":\"https:\/\/old.epodex-industries.com\/fr\/\",\"logo\":{\"@type\":\"ImageObject\",\"inLanguage\":\"fr-FR\",\"@id\":\"https:\/\/old.epodex-industries.com\/fr\/#\/schema\/logo\/image\/\",\"url\":\"https:\/\/www.epodex-industries.com\/wp-content\/uploads\/2023\/06\/Logo-Epodex-Rechnung.jpg\",\"contentUrl\":\"https:\/\/www.epodex-industries.com\/wp-content\/uploads\/2023\/06\/Logo-Epodex-Rechnung.jpg\",\"width\":261,\"height\":50,\"caption\":\"EPODEX Industries\"},\"image\":{\"@id\":\"https:\/\/old.epodex-industries.com\/fr\/#\/schema\/logo\/image\/\"},\"sameAs\":[\"https:\/\/www.facebook.com\/Epodex\/\",\"https:\/\/www.instagram.com\/epodex_official\/\",\"https:\/\/www.pinterest.de\/epodex_com\/\",\"https:\/\/www.youtube.com\/channel\/UC7lFrJ9YpN1yg43sTc6q3ow\"]}]}<\/script>\n<!-- \/ Yoast SEO plugin. -->","yoast_head_json":{"title":"Set de 14 - Alcohol Ink - EPODEX Industries | B2B Plattform","robots":{"index":"index","follow":"follow","max-snippet":"max-snippet:-1","max-image-preview":"max-image-preview:large","max-video-preview":"max-video-preview:-1"},"canonical":"https:\/\/old.epodex-industries.com\/fr\/produkt\/set-de-14-alcohol-ink\/","og_locale":"fr_FR","og_type":"article","og_title":"Set de 14 - Alcohol Ink - EPODEX Industries | B2B Plattform","og_description":"Les Alcohol Ink EPODEX sont des encres \u00e0 alcool hautement concentr\u00e9es pour la r\u00e9alisation d'effets de couleur. En fonction de la s\u00e9lection, une ou plusieurs bouteilles de 10g sont incluses dans la livraison. Pour obtenir l'effet typique de Alcohol Ink, vous pouvez commander en option un colorant blanc. Plus il y a de colorant blanc, plus l'effet est fort. Vous trouverez les instructions d'application sur cette page produit.","og_url":"https:\/\/old.epodex-industries.com\/fr\/produkt\/set-de-14-alcohol-ink\/","og_site_name":"EPODEX Industries | B2B Plattform","article_publisher":"https:\/\/www.facebook.com\/Epodex\/","article_modified_time":"2024-07-24T10:17:29+00:00","og_image":[{"width":1200,"height":800,"url":"https:\/\/old.epodex-industries.com\/wp-content\/uploads\/2024\/04\/alcohol-inks-epoxy-set-14.jpg","type":"image\/jpeg"}],"twitter_card":"summary_large_image","twitter_misc":{"Dur\u00e9e de lecture estim\u00e9e":"2 minutes"},"schema":{"@context":"https:\/\/schema.org","@graph":[{"@type":"WebPage","@id":"https:\/\/old.epodex-industries.com\/fr\/produkt\/set-de-14-alcohol-ink\/","url":"https:\/\/old.epodex-industries.com\/fr\/produkt\/set-de-14-alcohol-ink\/","name":"Set de 14 - Alcohol Ink - EPODEX Industries | B2B Plattform","isPartOf":{"@id":"https:\/\/old.epodex-industries.com\/fr\/#website"},"primaryImageOfPage":{"@id":"https:\/\/old.epodex-industries.com\/fr\/produkt\/set-de-14-alcohol-ink\/#primaryimage"},"image":{"@id":"https:\/\/old.epodex-industries.com\/fr\/produkt\/set-de-14-alcohol-ink\/#primaryimage"},"thumbnailUrl":"https:\/\/old.epodex-industries.com\/wp-content\/uploads\/2024\/04\/alcohol-inks-epoxy-set-14.jpg","datePublished":"2024-04-22T05:32:02+00:00","dateModified":"2024-07-24T10:17:29+00:00","breadcrumb":{"@id":"https:\/\/old.epodex-industries.com\/fr\/produkt\/set-de-14-alcohol-ink\/#breadcrumb"},"inLanguage":"fr-FR","potentialAction":[{"@type":"ReadAction","target":["https:\/\/old.epodex-industries.com\/fr\/produkt\/set-de-14-alcohol-ink\/"]}]},{"@type":"ImageObject","inLanguage":"fr-FR","@id":"https:\/\/old.epodex-industries.com\/fr\/produkt\/set-de-14-alcohol-ink\/#primaryimage","url":"https:\/\/old.epodex-industries.com\/wp-content\/uploads\/2024\/04\/alcohol-inks-epoxy-set-14.jpg","contentUrl":"https:\/\/old.epodex-industries.com\/wp-content\/uploads\/2024\/04\/alcohol-inks-epoxy-set-14.jpg","width":1200,"height":800},{"@type":"BreadcrumbList","@id":"https:\/\/old.epodex-industries.com\/fr\/produkt\/set-de-14-alcohol-ink\/#breadcrumb","itemListElement":[{"@type":"ListItem","position":1,"name":"Startseite","item":"https:\/\/old.epodex-industries.com\/fr\/"},{"@type":"ListItem","position":2,"name":"Shop","item":"https:\/\/old.epodex-industries.com\/fr\/shop\/"},{"@type":"ListItem","position":3,"name":"Set de 14 &#8211; Alcohol Ink"}]},{"@type":"WebSite","@id":"https:\/\/old.epodex-industries.com\/fr\/#website","url":"https:\/\/old.epodex-industries.com\/fr\/","name":"EPODEX Industries | B2B Plattform","description":"Hersteller + Gro\u00dfhandel f\u00fcr Baustoffe","publisher":{"@id":"https:\/\/old.epodex-industries.com\/fr\/#organization"},"alternateName":"EPODEX Industries | Hersteller + Gro\u00dfhandel f\u00fcr Baustoffe","potentialAction":[{"@type":"SearchAction","target":{"@type":"EntryPoint","urlTemplate":"https:\/\/old.epodex-industries.com\/fr\/?s={search_term_string}"},"query-input":{"@type":"PropertyValueSpecification","valueRequired":true,"valueName":"search_term_string"}}],"inLanguage":"fr-FR"},{"@type":"Organization","@id":"https:\/\/old.epodex-industries.com\/fr\/#organization","name":"EPODEX Industries","url":"https:\/\/old.epodex-industries.com\/fr\/","logo":{"@type":"ImageObject","inLanguage":"fr-FR","@id":"https:\/\/old.epodex-industries.com\/fr\/#\/schema\/logo\/image\/","url":"https:\/\/www.epodex-industries.com\/wp-content\/uploads\/2023\/06\/Logo-Epodex-Rechnung.jpg","contentUrl":"https:\/\/www.epodex-industries.com\/wp-content\/uploads\/2023\/06\/Logo-Epodex-Rechnung.jpg","width":261,"height":50,"caption":"EPODEX Industries"},"image":{"@id":"https:\/\/old.epodex-industries.com\/fr\/#\/schema\/logo\/image\/"},"sameAs":["https:\/\/www.facebook.com\/Epodex\/","https:\/\/www.instagram.com\/epodex_official\/","https:\/\/www.pinterest.de\/epodex_com\/","https:\/\/www.youtube.com\/channel\/UC7lFrJ9YpN1yg43sTc6q3ow"]}]}},"_links":{"self":[{"href":"https:\/\/old.epodex-industries.com\/fr\/wp-json\/wp\/v2\/product\/30978","targetHints":{"allow":["GET"]}}],"collection":[{"href":"https:\/\/old.epodex-industries.com\/fr\/wp-json\/wp\/v2\/product"}],"about":[{"href":"https:\/\/old.epodex-industries.com\/fr\/wp-json\/wp\/v2\/types\/product"}],"replies":[{"embeddable":true,"href":"https:\/\/old.epodex-industries.com\/fr\/wp-json\/wp\/v2\/comments?post=30978"}],"wp:featuredmedia":[{"embeddable":true,"href":"https:\/\/old.epodex-industries.com\/fr\/wp-json\/wp\/v2\/media\/30975"}],"wp:attachment":[{"href":"https:\/\/old.epodex-industries.com\/fr\/wp-json\/wp\/v2\/media?parent=30978"}],"wp:term":[{"taxonomy":"product_brand","embeddable":true,"href":"https:\/\/old.epodex-industries.com\/fr\/wp-json\/wp\/v2\/product_brand?post=30978"},{"taxonomy":"product_cat","embeddable":true,"href":"https:\/\/old.epodex-industries.com\/fr\/wp-json\/wp\/v2\/product_cat?post=30978"},{"taxonomy":"product_tag","embeddable":true,"href":"https:\/\/old.epodex-industries.com\/fr\/wp-json\/wp\/v2\/product_tag?post=30978"}],"curies":[{"name":"wp","href":"https:\/\/api.w.org\/{rel}","templated":true}]}}