{"id":30914,"date":"2024-04-22T07:31:52","date_gmt":"2024-04-22T05:31:52","guid":{"rendered":"https:\/\/www.epodex-industries.com\/produkt\/film-de-protection-en-plastique-large-46m%c2%b2-opt-derouleur-avec-lame\/"},"modified":"2024-07-24T12:17:27","modified_gmt":"2024-07-24T10:17:27","slug":"film-de-protection-en-plastique-large-46m%c2%b2-opt-derouleur-avec-lame","status":"publish","type":"product","link":"https:\/\/old.epodex-industries.com\/fr\/produit\/film-de-protection-en-plastique-large-46m%c2%b2-opt-derouleur-avec-lame\/","title":{"rendered":"Film de protection en plastique \u2013 Large \u2013 46m\u00b2 (opt. d\u00e9rouleur avec lame)"},"content":{"rendered":"<h2>Film de protection en plastique \u2013 Large \u2013 46m\u00b2<\/h2>\n<p>Le film de protection en plastique permet de prot\u00e9ger et de masquer en une seule \u00e9tape. En option, vous pouvez commander un d\u00e9rouleur avec lame pour couper facilement le film de protection sur la longueur souhait\u00e9e.<\/p>\n<p><strong>Service \u00e0 la client\u00e8le:<\/strong> Si vous avez d\u2019autres questions, contactez-nous par t\u00e9l\u00e9phone, par courrier \u00e9lectronique ou utilisez notre support WhatsApp.<\/p>\n","protected":false},"excerpt":{"rendered":"<ul>\n<li>Film de protection en plastique 2 en 1 de 46m\u00b2 avec bande en ruban de masquage &#8211; Optionel: d\u00e9rouleur rechargeable avec lame<\/li>\n<li>Dimensions: 1400mm x 33m<\/li>\n<li>Protection contre les \u00e9claboussures de peinture<\/li>\n<li>Collage au ras des bords sans sous-couche de peinture<\/li>\n<li>Film imperm\u00e9able aux peintures et r\u00e9sistant \u00e0 la d\u00e9chirure<\/li>\n<li>Convient \u00e0 tous types de peinture<\/li>\n<\/ul>\n","protected":false},"featured_media":30911,"comment_status":"open","ping_status":"closed","template":"","meta":[],"product_brand":[],"product_cat":[4951,24],"product_tag":[],"class_list":{"0":"post-30914","1":"product","2":"type-product","3":"status-publish","4":"has-post-thumbnail","6":"product_cat-accessoires","7":"product_cat-uncategorized","9":"first","10":"instock","11":"taxable","12":"shipping-taxable","13":"product-type-simple"},"yoast_head":"<!-- This site is optimized with the Yoast SEO plugin v26.7 - https:\/\/yoast.com\/wordpress\/plugins\/seo\/ -->\n<title>Film de protection en plastique \u2013 Large \u2013 46m\u00b2 (opt. d\u00e9rouleur avec lame) - EPODEX Industries | B2B Plattform<\/title>\n<meta name=\"robots\" content=\"index, follow, max-snippet:-1, max-image-preview:large, max-video-preview:-1\" \/>\n<link rel=\"canonical\" href=\"https:\/\/old.epodex-industries.com\/fr\/produkt\/film-de-protection-en-plastique-large-46m\u00b2-opt-derouleur-avec-lame\/\" \/>\n<meta property=\"og:locale\" content=\"fr_FR\" \/>\n<meta property=\"og:type\" content=\"article\" \/>\n<meta property=\"og:title\" content=\"Film de protection en plastique \u2013 Large \u2013 46m\u00b2 (opt. d\u00e9rouleur avec lame) - EPODEX Industries | B2B Plattform\" \/>\n<meta property=\"og:description\" content=\"Film de protection en plastique 2 en 1 de 46m\u00b2 avec bande en ruban de masquage - Optionel: d\u00e9rouleur rechargeable avec lame Dimensions: 1400mm x 33m Protection contre les \u00e9claboussures de peinture Collage au ras des bords sans sous-couche de peinture Film imperm\u00e9able aux peintures et r\u00e9sistant \u00e0 la d\u00e9chirure Convient \u00e0 tous types de peinture\" \/>\n<meta property=\"og:url\" content=\"https:\/\/old.epodex-industries.com\/fr\/produkt\/film-de-protection-en-plastique-large-46m\u00b2-opt-derouleur-avec-lame\/\" \/>\n<meta property=\"og:site_name\" content=\"EPODEX Industries | B2B Plattform\" \/>\n<meta property=\"article:publisher\" content=\"https:\/\/www.facebook.com\/Epodex\/\" \/>\n<meta property=\"article:modified_time\" content=\"2024-07-24T10:17:27+00:00\" \/>\n<meta property=\"og:image\" content=\"https:\/\/old.epodex-industries.com\/wp-content\/uploads\/2024\/04\/zubehoer-abklebeband-kaufen-3.jpg\" \/>\n\t<meta property=\"og:image:width\" content=\"1200\" \/>\n\t<meta property=\"og:image:height\" content=\"800\" \/>\n\t<meta property=\"og:image:type\" content=\"image\/jpeg\" \/>\n<meta name=\"twitter:card\" content=\"summary_large_image\" \/>\n<script type=\"application\/ld+json\" class=\"yoast-schema-graph\">{\"@context\":\"https:\/\/schema.org\",\"@graph\":[{\"@type\":\"WebPage\",\"@id\":\"https:\/\/old.epodex-industries.com\/fr\/produkt\/film-de-protection-en-plastique-large-46m%c2%b2-opt-derouleur-avec-lame\/\",\"url\":\"https:\/\/old.epodex-industries.com\/fr\/produkt\/film-de-protection-en-plastique-large-46m%c2%b2-opt-derouleur-avec-lame\/\",\"name\":\"Film de protection en plastique \u2013 Large \u2013 46m\u00b2 (opt. d\u00e9rouleur avec lame) - EPODEX Industries | B2B Plattform\",\"isPartOf\":{\"@id\":\"https:\/\/old.epodex-industries.com\/fr\/#website\"},\"primaryImageOfPage\":{\"@id\":\"https:\/\/old.epodex-industries.com\/fr\/produkt\/film-de-protection-en-plastique-large-46m%c2%b2-opt-derouleur-avec-lame\/#primaryimage\"},\"image\":{\"@id\":\"https:\/\/old.epodex-industries.com\/fr\/produkt\/film-de-protection-en-plastique-large-46m%c2%b2-opt-derouleur-avec-lame\/#primaryimage\"},\"thumbnailUrl\":\"https:\/\/old.epodex-industries.com\/wp-content\/uploads\/2024\/04\/zubehoer-abklebeband-kaufen-3.jpg\",\"datePublished\":\"2024-04-22T05:31:52+00:00\",\"dateModified\":\"2024-07-24T10:17:27+00:00\",\"breadcrumb\":{\"@id\":\"https:\/\/old.epodex-industries.com\/fr\/produkt\/film-de-protection-en-plastique-large-46m%c2%b2-opt-derouleur-avec-lame\/#breadcrumb\"},\"inLanguage\":\"fr-FR\",\"potentialAction\":[{\"@type\":\"ReadAction\",\"target\":[\"https:\/\/old.epodex-industries.com\/fr\/produkt\/film-de-protection-en-plastique-large-46m%c2%b2-opt-derouleur-avec-lame\/\"]}]},{\"@type\":\"ImageObject\",\"inLanguage\":\"fr-FR\",\"@id\":\"https:\/\/old.epodex-industries.com\/fr\/produkt\/film-de-protection-en-plastique-large-46m%c2%b2-opt-derouleur-avec-lame\/#primaryimage\",\"url\":\"https:\/\/old.epodex-industries.com\/wp-content\/uploads\/2024\/04\/zubehoer-abklebeband-kaufen-3.jpg\",\"contentUrl\":\"https:\/\/old.epodex-industries.com\/wp-content\/uploads\/2024\/04\/zubehoer-abklebeband-kaufen-3.jpg\",\"width\":1200,\"height\":800},{\"@type\":\"BreadcrumbList\",\"@id\":\"https:\/\/old.epodex-industries.com\/fr\/produkt\/film-de-protection-en-plastique-large-46m%c2%b2-opt-derouleur-avec-lame\/#breadcrumb\",\"itemListElement\":[{\"@type\":\"ListItem\",\"position\":1,\"name\":\"Startseite\",\"item\":\"https:\/\/old.epodex-industries.com\/fr\/\"},{\"@type\":\"ListItem\",\"position\":2,\"name\":\"Shop\",\"item\":\"https:\/\/old.epodex-industries.com\/fr\/shop\/\"},{\"@type\":\"ListItem\",\"position\":3,\"name\":\"Film de protection en plastique \u2013 Large \u2013 46m\u00b2 (opt. d\u00e9rouleur avec lame)\"}]},{\"@type\":\"WebSite\",\"@id\":\"https:\/\/old.epodex-industries.com\/fr\/#website\",\"url\":\"https:\/\/old.epodex-industries.com\/fr\/\",\"name\":\"EPODEX Industries | B2B Plattform\",\"description\":\"Hersteller + Gro\u00dfhandel f\u00fcr Baustoffe\",\"publisher\":{\"@id\":\"https:\/\/old.epodex-industries.com\/fr\/#organization\"},\"alternateName\":\"EPODEX Industries | Hersteller + Gro\u00dfhandel f\u00fcr Baustoffe\",\"potentialAction\":[{\"@type\":\"SearchAction\",\"target\":{\"@type\":\"EntryPoint\",\"urlTemplate\":\"https:\/\/old.epodex-industries.com\/fr\/?s={search_term_string}\"},\"query-input\":{\"@type\":\"PropertyValueSpecification\",\"valueRequired\":true,\"valueName\":\"search_term_string\"}}],\"inLanguage\":\"fr-FR\"},{\"@type\":\"Organization\",\"@id\":\"https:\/\/old.epodex-industries.com\/fr\/#organization\",\"name\":\"EPODEX Industries\",\"url\":\"https:\/\/old.epodex-industries.com\/fr\/\",\"logo\":{\"@type\":\"ImageObject\",\"inLanguage\":\"fr-FR\",\"@id\":\"https:\/\/old.epodex-industries.com\/fr\/#\/schema\/logo\/image\/\",\"url\":\"https:\/\/www.epodex-industries.com\/wp-content\/uploads\/2023\/06\/Logo-Epodex-Rechnung.jpg\",\"contentUrl\":\"https:\/\/www.epodex-industries.com\/wp-content\/uploads\/2023\/06\/Logo-Epodex-Rechnung.jpg\",\"width\":261,\"height\":50,\"caption\":\"EPODEX Industries\"},\"image\":{\"@id\":\"https:\/\/old.epodex-industries.com\/fr\/#\/schema\/logo\/image\/\"},\"sameAs\":[\"https:\/\/www.facebook.com\/Epodex\/\",\"https:\/\/www.instagram.com\/epodex_official\/\",\"https:\/\/www.pinterest.de\/epodex_com\/\",\"https:\/\/www.youtube.com\/channel\/UC7lFrJ9YpN1yg43sTc6q3ow\"]}]}<\/script>\n<!-- \/ Yoast SEO plugin. -->","yoast_head_json":{"title":"Film de protection en plastique \u2013 Large \u2013 46m\u00b2 (opt. d\u00e9rouleur avec lame) - EPODEX Industries | B2B Plattform","robots":{"index":"index","follow":"follow","max-snippet":"max-snippet:-1","max-image-preview":"max-image-preview:large","max-video-preview":"max-video-preview:-1"},"canonical":"https:\/\/old.epodex-industries.com\/fr\/produkt\/film-de-protection-en-plastique-large-46m\u00b2-opt-derouleur-avec-lame\/","og_locale":"fr_FR","og_type":"article","og_title":"Film de protection en plastique \u2013 Large \u2013 46m\u00b2 (opt. d\u00e9rouleur avec lame) - EPODEX Industries | B2B Plattform","og_description":"Film de protection en plastique 2 en 1 de 46m\u00b2 avec bande en ruban de masquage - Optionel: d\u00e9rouleur rechargeable avec lame Dimensions: 1400mm x 33m Protection contre les \u00e9claboussures de peinture Collage au ras des bords sans sous-couche de peinture Film imperm\u00e9able aux peintures et r\u00e9sistant \u00e0 la d\u00e9chirure Convient \u00e0 tous types de peinture","og_url":"https:\/\/old.epodex-industries.com\/fr\/produkt\/film-de-protection-en-plastique-large-46m\u00b2-opt-derouleur-avec-lame\/","og_site_name":"EPODEX Industries | B2B Plattform","article_publisher":"https:\/\/www.facebook.com\/Epodex\/","article_modified_time":"2024-07-24T10:17:27+00:00","og_image":[{"width":1200,"height":800,"url":"https:\/\/old.epodex-industries.com\/wp-content\/uploads\/2024\/04\/zubehoer-abklebeband-kaufen-3.jpg","type":"image\/jpeg"}],"twitter_card":"summary_large_image","schema":{"@context":"https:\/\/schema.org","@graph":[{"@type":"WebPage","@id":"https:\/\/old.epodex-industries.com\/fr\/produkt\/film-de-protection-en-plastique-large-46m%c2%b2-opt-derouleur-avec-lame\/","url":"https:\/\/old.epodex-industries.com\/fr\/produkt\/film-de-protection-en-plastique-large-46m%c2%b2-opt-derouleur-avec-lame\/","name":"Film de protection en plastique \u2013 Large \u2013 46m\u00b2 (opt. d\u00e9rouleur avec lame) - EPODEX Industries | B2B Plattform","isPartOf":{"@id":"https:\/\/old.epodex-industries.com\/fr\/#website"},"primaryImageOfPage":{"@id":"https:\/\/old.epodex-industries.com\/fr\/produkt\/film-de-protection-en-plastique-large-46m%c2%b2-opt-derouleur-avec-lame\/#primaryimage"},"image":{"@id":"https:\/\/old.epodex-industries.com\/fr\/produkt\/film-de-protection-en-plastique-large-46m%c2%b2-opt-derouleur-avec-lame\/#primaryimage"},"thumbnailUrl":"https:\/\/old.epodex-industries.com\/wp-content\/uploads\/2024\/04\/zubehoer-abklebeband-kaufen-3.jpg","datePublished":"2024-04-22T05:31:52+00:00","dateModified":"2024-07-24T10:17:27+00:00","breadcrumb":{"@id":"https:\/\/old.epodex-industries.com\/fr\/produkt\/film-de-protection-en-plastique-large-46m%c2%b2-opt-derouleur-avec-lame\/#breadcrumb"},"inLanguage":"fr-FR","potentialAction":[{"@type":"ReadAction","target":["https:\/\/old.epodex-industries.com\/fr\/produkt\/film-de-protection-en-plastique-large-46m%c2%b2-opt-derouleur-avec-lame\/"]}]},{"@type":"ImageObject","inLanguage":"fr-FR","@id":"https:\/\/old.epodex-industries.com\/fr\/produkt\/film-de-protection-en-plastique-large-46m%c2%b2-opt-derouleur-avec-lame\/#primaryimage","url":"https:\/\/old.epodex-industries.com\/wp-content\/uploads\/2024\/04\/zubehoer-abklebeband-kaufen-3.jpg","contentUrl":"https:\/\/old.epodex-industries.com\/wp-content\/uploads\/2024\/04\/zubehoer-abklebeband-kaufen-3.jpg","width":1200,"height":800},{"@type":"BreadcrumbList","@id":"https:\/\/old.epodex-industries.com\/fr\/produkt\/film-de-protection-en-plastique-large-46m%c2%b2-opt-derouleur-avec-lame\/#breadcrumb","itemListElement":[{"@type":"ListItem","position":1,"name":"Startseite","item":"https:\/\/old.epodex-industries.com\/fr\/"},{"@type":"ListItem","position":2,"name":"Shop","item":"https:\/\/old.epodex-industries.com\/fr\/shop\/"},{"@type":"ListItem","position":3,"name":"Film de protection en plastique \u2013 Large \u2013 46m\u00b2 (opt. d\u00e9rouleur avec lame)"}]},{"@type":"WebSite","@id":"https:\/\/old.epodex-industries.com\/fr\/#website","url":"https:\/\/old.epodex-industries.com\/fr\/","name":"EPODEX Industries | B2B Plattform","description":"Hersteller + Gro\u00dfhandel f\u00fcr Baustoffe","publisher":{"@id":"https:\/\/old.epodex-industries.com\/fr\/#organization"},"alternateName":"EPODEX Industries | Hersteller + Gro\u00dfhandel f\u00fcr Baustoffe","potentialAction":[{"@type":"SearchAction","target":{"@type":"EntryPoint","urlTemplate":"https:\/\/old.epodex-industries.com\/fr\/?s={search_term_string}"},"query-input":{"@type":"PropertyValueSpecification","valueRequired":true,"valueName":"search_term_string"}}],"inLanguage":"fr-FR"},{"@type":"Organization","@id":"https:\/\/old.epodex-industries.com\/fr\/#organization","name":"EPODEX Industries","url":"https:\/\/old.epodex-industries.com\/fr\/","logo":{"@type":"ImageObject","inLanguage":"fr-FR","@id":"https:\/\/old.epodex-industries.com\/fr\/#\/schema\/logo\/image\/","url":"https:\/\/www.epodex-industries.com\/wp-content\/uploads\/2023\/06\/Logo-Epodex-Rechnung.jpg","contentUrl":"https:\/\/www.epodex-industries.com\/wp-content\/uploads\/2023\/06\/Logo-Epodex-Rechnung.jpg","width":261,"height":50,"caption":"EPODEX Industries"},"image":{"@id":"https:\/\/old.epodex-industries.com\/fr\/#\/schema\/logo\/image\/"},"sameAs":["https:\/\/www.facebook.com\/Epodex\/","https:\/\/www.instagram.com\/epodex_official\/","https:\/\/www.pinterest.de\/epodex_com\/","https:\/\/www.youtube.com\/channel\/UC7lFrJ9YpN1yg43sTc6q3ow"]}]}},"_links":{"self":[{"href":"https:\/\/old.epodex-industries.com\/fr\/wp-json\/wp\/v2\/product\/30914","targetHints":{"allow":["GET"]}}],"collection":[{"href":"https:\/\/old.epodex-industries.com\/fr\/wp-json\/wp\/v2\/product"}],"about":[{"href":"https:\/\/old.epodex-industries.com\/fr\/wp-json\/wp\/v2\/types\/product"}],"replies":[{"embeddable":true,"href":"https:\/\/old.epodex-industries.com\/fr\/wp-json\/wp\/v2\/comments?post=30914"}],"wp:featuredmedia":[{"embeddable":true,"href":"https:\/\/old.epodex-industries.com\/fr\/wp-json\/wp\/v2\/media\/30911"}],"wp:attachment":[{"href":"https:\/\/old.epodex-industries.com\/fr\/wp-json\/wp\/v2\/media?parent=30914"}],"wp:term":[{"taxonomy":"product_brand","embeddable":true,"href":"https:\/\/old.epodex-industries.com\/fr\/wp-json\/wp\/v2\/product_brand?post=30914"},{"taxonomy":"product_cat","embeddable":true,"href":"https:\/\/old.epodex-industries.com\/fr\/wp-json\/wp\/v2\/product_cat?post=30914"},{"taxonomy":"product_tag","embeddable":true,"href":"https:\/\/old.epodex-industries.com\/fr\/wp-json\/wp\/v2\/product_tag?post=30914"}],"curies":[{"name":"wp","href":"https:\/\/api.w.org\/{rel}","templated":true}]}}