{"id":30910,"date":"2024-04-22T07:31:51","date_gmt":"2024-04-22T05:31:51","guid":{"rendered":"https:\/\/www.epodex-industries.com\/produkt\/bombe-de-peinture-2k-400ml-noir-mat\/"},"modified":"2024-07-24T12:17:26","modified_gmt":"2024-07-24T10:17:26","slug":"bombe-de-peinture-2k-400ml-noir-mat","status":"publish","type":"product","link":"https:\/\/old.epodex-industries.com\/fr\/produit\/bombe-de-peinture-2k-400ml-noir-mat\/","title":{"rendered":"Bombe de peinture 2K 400ml | Noir mat"},"content":{"rendered":"<h3>Ingr\u00e9dients, mentions de danger et s\u00e9curit\u00e9<\/h3>\n<p><strong> Bombe de peinture 2K<\/strong> Danger: Hexam\u00e9thyl\u00e8ne-1,6-diisocyanate-homopolym\u00e8re Ac\u00e9tone n-Butylac\u00e9tate Ac\u00e9tate de 2-m\u00e9thoxy-1-m\u00e9thyl\u00e9thyle R\u00e9cipient sous pression : peut \u00e9clater sous l&rsquo;effet de la chaleur. A\u00e9rosol extr\u00eamement inflammable. Provoque une s\u00e9v\u00e8re irritation des yeux. Peut provoquer une allergie cutan\u00e9e. Peut provoquer somnolence ou des vertiges. Tenir \u00e0 l&rsquo;\u00e9cart de la chaleur, des surfaces chaudes, des \u00e9tincelles, des flammes nues et de toute autre source d&rsquo;ignition. Ne pas fumer. Ne pas vaporiser sur une flamme nue ou sur toute autre source d&rsquo;ignition. Ne pas perforer ni br\u00fbler, m\u00eame apr\u00e8s usage. \u00c9viter de respirer les poussi\u00e8res\/fum\u00e9es\/gaz\/brouillards\/ vapeurs\/a\u00e9rosols. EN CAS DE CONTACT AVEC LES YEUX: Rincer avec pr\u00e9caution \u00e0 l&rsquo;eau pendant plusieurs minutes. Enlever les lentilles de contact si la victime en porte et si elles peuvent \u00eatre facilement enlev\u00e9es. Continuer \u00e0 rincer. Prot\u00e9ger du rayonnement solaire. Ne pas exposer \u00e0 une temp\u00e9rature sup\u00e9rieure \u00e0 50\u00b0C\/122 \u00b0F. L&rsquo;exposition r\u00e9p\u00e9t\u00e9e peut provoquer dess\u00e8chement ou ger\u00e7ures de la peau. Contient des isocyanates. Peut produire une r\u00e9action allergique.<\/p>\n<p><img src=https:\/\/www.epodex.com\/de\/wp-content\/uploads\/2024\/03\/hinweise-4.jpg \/><\/p>\n","protected":false},"excerpt":{"rendered":"<ul>\n<li>Peinture en bombe 2K (laque \u00e0 base d\u2018acrylique) pour un vernissage d\u00e9coratif de haute qualit\u00e9, un revernissage ou premier vernissage \u00e0 l\u2019int\u00e9rieur ou l\u2019ext\u00e9rieur (par ex. pour les robinets, poign\u00e9es de porte, etc.)<\/li>\n<li>Remarque: pour les surfaces qui ne sont pas en contact avec de l&rsquo;eau ou des produits chimiques et qui ne sont pas soumises \u00e0 de fortes contraintes m\u00e9caniques, nous vous recommandons notre peinture en bombe 1K.<\/li>\n<li>Propri\u00e9t\u00e9s: tr\u00e8s couvrante, r\u00e9sistante, s\u00e9chage rapide, distribution uniforme et intense de la peinture. Haute r\u00e9sistance aux rayures, \u00e0 l&rsquo;eau, aux produits chimiques, \u00e0 l&rsquo;essence et aux intemp\u00e9ries.<\/li>\n<li>Type de finition: satin\u00e9<\/li>\n<li>S\u00e8che au toucher apr\u00e8s 10-20 min.<\/li>\n<li>1 bomde de peinture suffit pour faire 2 couches sur env. 2m\u00b2 <\/li>\n<\/ul>\n","protected":false},"featured_media":30907,"comment_status":"open","ping_status":"closed","template":"","meta":[],"product_brand":[],"product_cat":[4951,24],"product_tag":[],"class_list":{"0":"post-30910","1":"product","2":"type-product","3":"status-publish","4":"has-post-thumbnail","6":"product_cat-accessoires","7":"product_cat-uncategorized","9":"first","10":"instock","11":"taxable","12":"shipping-taxable","13":"product-type-simple"},"yoast_head":"<!-- This site is optimized with the Yoast SEO plugin v26.7 - https:\/\/yoast.com\/wordpress\/plugins\/seo\/ -->\n<title>Bombe de peinture 2K 400ml | Noir mat - EPODEX Industries | B2B Plattform<\/title>\n<meta name=\"robots\" content=\"index, follow, max-snippet:-1, max-image-preview:large, max-video-preview:-1\" \/>\n<link rel=\"canonical\" href=\"https:\/\/old.epodex-industries.com\/fr\/produkt\/bombe-de-peinture-2k-400ml-noir-mat\/\" \/>\n<meta property=\"og:locale\" content=\"fr_FR\" \/>\n<meta property=\"og:type\" content=\"article\" \/>\n<meta property=\"og:title\" content=\"Bombe de peinture 2K 400ml | Noir mat - EPODEX Industries | B2B Plattform\" \/>\n<meta property=\"og:description\" content=\"Peinture en bombe 2K (laque \u00e0 base d\u2018acrylique) pour un vernissage d\u00e9coratif de haute qualit\u00e9, un revernissage ou premier vernissage \u00e0 l\u2019int\u00e9rieur ou l\u2019ext\u00e9rieur (par ex. pour les robinets, poign\u00e9es de porte, etc.) Remarque: pour les surfaces qui ne sont pas en contact avec de l&#039;eau ou des produits chimiques et qui ne sont pas soumises \u00e0 de fortes contraintes m\u00e9caniques, nous vous recommandons notre peinture en bombe 1K. Propri\u00e9t\u00e9s: tr\u00e8s couvrante, r\u00e9sistante, s\u00e9chage rapide, distribution uniforme et intense de la peinture. Haute r\u00e9sistance aux rayures, \u00e0 l&#039;eau, aux produits chimiques, \u00e0 l&#039;essence et aux intemp\u00e9ries. Type de finition: satin\u00e9 S\u00e8che au toucher apr\u00e8s 10-20 min. 1 bomde de peinture suffit pour faire 2 couches sur env. 2m\u00b2\" \/>\n<meta property=\"og:url\" content=\"https:\/\/old.epodex-industries.com\/fr\/produkt\/bombe-de-peinture-2k-400ml-noir-mat\/\" \/>\n<meta property=\"og:site_name\" content=\"EPODEX Industries | B2B Plattform\" \/>\n<meta property=\"article:publisher\" content=\"https:\/\/www.facebook.com\/Epodex\/\" \/>\n<meta property=\"article:modified_time\" content=\"2024-07-24T10:17:26+00:00\" \/>\n<meta property=\"og:image\" content=\"https:\/\/old.epodex-industries.com\/wp-content\/uploads\/2024\/04\/2k-Matt-schwarz-lack-Spray.jpg\" \/>\n\t<meta property=\"og:image:width\" content=\"1200\" \/>\n\t<meta property=\"og:image:height\" content=\"800\" \/>\n\t<meta property=\"og:image:type\" content=\"image\/jpeg\" \/>\n<meta name=\"twitter:card\" content=\"summary_large_image\" \/>\n<meta name=\"twitter:label1\" content=\"Dur\u00e9e de lecture estim\u00e9e\" \/>\n\t<meta name=\"twitter:data1\" content=\"1 minute\" \/>\n<script type=\"application\/ld+json\" class=\"yoast-schema-graph\">{\"@context\":\"https:\/\/schema.org\",\"@graph\":[{\"@type\":\"WebPage\",\"@id\":\"https:\/\/old.epodex-industries.com\/fr\/produkt\/bombe-de-peinture-2k-400ml-noir-mat\/\",\"url\":\"https:\/\/old.epodex-industries.com\/fr\/produkt\/bombe-de-peinture-2k-400ml-noir-mat\/\",\"name\":\"Bombe de peinture 2K 400ml | Noir mat - EPODEX Industries | B2B Plattform\",\"isPartOf\":{\"@id\":\"https:\/\/old.epodex-industries.com\/fr\/#website\"},\"primaryImageOfPage\":{\"@id\":\"https:\/\/old.epodex-industries.com\/fr\/produkt\/bombe-de-peinture-2k-400ml-noir-mat\/#primaryimage\"},\"image\":{\"@id\":\"https:\/\/old.epodex-industries.com\/fr\/produkt\/bombe-de-peinture-2k-400ml-noir-mat\/#primaryimage\"},\"thumbnailUrl\":\"https:\/\/old.epodex-industries.com\/wp-content\/uploads\/2024\/04\/2k-Matt-schwarz-lack-Spray.jpg\",\"datePublished\":\"2024-04-22T05:31:51+00:00\",\"dateModified\":\"2024-07-24T10:17:26+00:00\",\"breadcrumb\":{\"@id\":\"https:\/\/old.epodex-industries.com\/fr\/produkt\/bombe-de-peinture-2k-400ml-noir-mat\/#breadcrumb\"},\"inLanguage\":\"fr-FR\",\"potentialAction\":[{\"@type\":\"ReadAction\",\"target\":[\"https:\/\/old.epodex-industries.com\/fr\/produkt\/bombe-de-peinture-2k-400ml-noir-mat\/\"]}]},{\"@type\":\"ImageObject\",\"inLanguage\":\"fr-FR\",\"@id\":\"https:\/\/old.epodex-industries.com\/fr\/produkt\/bombe-de-peinture-2k-400ml-noir-mat\/#primaryimage\",\"url\":\"https:\/\/old.epodex-industries.com\/wp-content\/uploads\/2024\/04\/2k-Matt-schwarz-lack-Spray.jpg\",\"contentUrl\":\"https:\/\/old.epodex-industries.com\/wp-content\/uploads\/2024\/04\/2k-Matt-schwarz-lack-Spray.jpg\",\"width\":1200,\"height\":800},{\"@type\":\"BreadcrumbList\",\"@id\":\"https:\/\/old.epodex-industries.com\/fr\/produkt\/bombe-de-peinture-2k-400ml-noir-mat\/#breadcrumb\",\"itemListElement\":[{\"@type\":\"ListItem\",\"position\":1,\"name\":\"Startseite\",\"item\":\"https:\/\/old.epodex-industries.com\/fr\/\"},{\"@type\":\"ListItem\",\"position\":2,\"name\":\"Shop\",\"item\":\"https:\/\/old.epodex-industries.com\/fr\/shop\/\"},{\"@type\":\"ListItem\",\"position\":3,\"name\":\"Bombe de peinture 2K 400ml | Noir mat\"}]},{\"@type\":\"WebSite\",\"@id\":\"https:\/\/old.epodex-industries.com\/fr\/#website\",\"url\":\"https:\/\/old.epodex-industries.com\/fr\/\",\"name\":\"EPODEX Industries | B2B Plattform\",\"description\":\"Hersteller + Gro\u00dfhandel f\u00fcr Baustoffe\",\"publisher\":{\"@id\":\"https:\/\/old.epodex-industries.com\/fr\/#organization\"},\"alternateName\":\"EPODEX Industries | Hersteller + Gro\u00dfhandel f\u00fcr Baustoffe\",\"potentialAction\":[{\"@type\":\"SearchAction\",\"target\":{\"@type\":\"EntryPoint\",\"urlTemplate\":\"https:\/\/old.epodex-industries.com\/fr\/?s={search_term_string}\"},\"query-input\":{\"@type\":\"PropertyValueSpecification\",\"valueRequired\":true,\"valueName\":\"search_term_string\"}}],\"inLanguage\":\"fr-FR\"},{\"@type\":\"Organization\",\"@id\":\"https:\/\/old.epodex-industries.com\/fr\/#organization\",\"name\":\"EPODEX Industries\",\"url\":\"https:\/\/old.epodex-industries.com\/fr\/\",\"logo\":{\"@type\":\"ImageObject\",\"inLanguage\":\"fr-FR\",\"@id\":\"https:\/\/old.epodex-industries.com\/fr\/#\/schema\/logo\/image\/\",\"url\":\"https:\/\/www.epodex-industries.com\/wp-content\/uploads\/2023\/06\/Logo-Epodex-Rechnung.jpg\",\"contentUrl\":\"https:\/\/www.epodex-industries.com\/wp-content\/uploads\/2023\/06\/Logo-Epodex-Rechnung.jpg\",\"width\":261,\"height\":50,\"caption\":\"EPODEX Industries\"},\"image\":{\"@id\":\"https:\/\/old.epodex-industries.com\/fr\/#\/schema\/logo\/image\/\"},\"sameAs\":[\"https:\/\/www.facebook.com\/Epodex\/\",\"https:\/\/www.instagram.com\/epodex_official\/\",\"https:\/\/www.pinterest.de\/epodex_com\/\",\"https:\/\/www.youtube.com\/channel\/UC7lFrJ9YpN1yg43sTc6q3ow\"]}]}<\/script>\n<!-- \/ Yoast SEO plugin. -->","yoast_head_json":{"title":"Bombe de peinture 2K 400ml | Noir mat - EPODEX Industries | B2B Plattform","robots":{"index":"index","follow":"follow","max-snippet":"max-snippet:-1","max-image-preview":"max-image-preview:large","max-video-preview":"max-video-preview:-1"},"canonical":"https:\/\/old.epodex-industries.com\/fr\/produkt\/bombe-de-peinture-2k-400ml-noir-mat\/","og_locale":"fr_FR","og_type":"article","og_title":"Bombe de peinture 2K 400ml | Noir mat - EPODEX Industries | B2B Plattform","og_description":"Peinture en bombe 2K (laque \u00e0 base d\u2018acrylique) pour un vernissage d\u00e9coratif de haute qualit\u00e9, un revernissage ou premier vernissage \u00e0 l\u2019int\u00e9rieur ou l\u2019ext\u00e9rieur (par ex. pour les robinets, poign\u00e9es de porte, etc.) Remarque: pour les surfaces qui ne sont pas en contact avec de l'eau ou des produits chimiques et qui ne sont pas soumises \u00e0 de fortes contraintes m\u00e9caniques, nous vous recommandons notre peinture en bombe 1K. Propri\u00e9t\u00e9s: tr\u00e8s couvrante, r\u00e9sistante, s\u00e9chage rapide, distribution uniforme et intense de la peinture. Haute r\u00e9sistance aux rayures, \u00e0 l'eau, aux produits chimiques, \u00e0 l'essence et aux intemp\u00e9ries. Type de finition: satin\u00e9 S\u00e8che au toucher apr\u00e8s 10-20 min. 1 bomde de peinture suffit pour faire 2 couches sur env. 2m\u00b2","og_url":"https:\/\/old.epodex-industries.com\/fr\/produkt\/bombe-de-peinture-2k-400ml-noir-mat\/","og_site_name":"EPODEX Industries | B2B Plattform","article_publisher":"https:\/\/www.facebook.com\/Epodex\/","article_modified_time":"2024-07-24T10:17:26+00:00","og_image":[{"width":1200,"height":800,"url":"https:\/\/old.epodex-industries.com\/wp-content\/uploads\/2024\/04\/2k-Matt-schwarz-lack-Spray.jpg","type":"image\/jpeg"}],"twitter_card":"summary_large_image","twitter_misc":{"Dur\u00e9e de lecture estim\u00e9e":"1 minute"},"schema":{"@context":"https:\/\/schema.org","@graph":[{"@type":"WebPage","@id":"https:\/\/old.epodex-industries.com\/fr\/produkt\/bombe-de-peinture-2k-400ml-noir-mat\/","url":"https:\/\/old.epodex-industries.com\/fr\/produkt\/bombe-de-peinture-2k-400ml-noir-mat\/","name":"Bombe de peinture 2K 400ml | Noir mat - EPODEX Industries | B2B Plattform","isPartOf":{"@id":"https:\/\/old.epodex-industries.com\/fr\/#website"},"primaryImageOfPage":{"@id":"https:\/\/old.epodex-industries.com\/fr\/produkt\/bombe-de-peinture-2k-400ml-noir-mat\/#primaryimage"},"image":{"@id":"https:\/\/old.epodex-industries.com\/fr\/produkt\/bombe-de-peinture-2k-400ml-noir-mat\/#primaryimage"},"thumbnailUrl":"https:\/\/old.epodex-industries.com\/wp-content\/uploads\/2024\/04\/2k-Matt-schwarz-lack-Spray.jpg","datePublished":"2024-04-22T05:31:51+00:00","dateModified":"2024-07-24T10:17:26+00:00","breadcrumb":{"@id":"https:\/\/old.epodex-industries.com\/fr\/produkt\/bombe-de-peinture-2k-400ml-noir-mat\/#breadcrumb"},"inLanguage":"fr-FR","potentialAction":[{"@type":"ReadAction","target":["https:\/\/old.epodex-industries.com\/fr\/produkt\/bombe-de-peinture-2k-400ml-noir-mat\/"]}]},{"@type":"ImageObject","inLanguage":"fr-FR","@id":"https:\/\/old.epodex-industries.com\/fr\/produkt\/bombe-de-peinture-2k-400ml-noir-mat\/#primaryimage","url":"https:\/\/old.epodex-industries.com\/wp-content\/uploads\/2024\/04\/2k-Matt-schwarz-lack-Spray.jpg","contentUrl":"https:\/\/old.epodex-industries.com\/wp-content\/uploads\/2024\/04\/2k-Matt-schwarz-lack-Spray.jpg","width":1200,"height":800},{"@type":"BreadcrumbList","@id":"https:\/\/old.epodex-industries.com\/fr\/produkt\/bombe-de-peinture-2k-400ml-noir-mat\/#breadcrumb","itemListElement":[{"@type":"ListItem","position":1,"name":"Startseite","item":"https:\/\/old.epodex-industries.com\/fr\/"},{"@type":"ListItem","position":2,"name":"Shop","item":"https:\/\/old.epodex-industries.com\/fr\/shop\/"},{"@type":"ListItem","position":3,"name":"Bombe de peinture 2K 400ml | Noir mat"}]},{"@type":"WebSite","@id":"https:\/\/old.epodex-industries.com\/fr\/#website","url":"https:\/\/old.epodex-industries.com\/fr\/","name":"EPODEX Industries | B2B Plattform","description":"Hersteller + Gro\u00dfhandel f\u00fcr Baustoffe","publisher":{"@id":"https:\/\/old.epodex-industries.com\/fr\/#organization"},"alternateName":"EPODEX Industries | Hersteller + Gro\u00dfhandel f\u00fcr Baustoffe","potentialAction":[{"@type":"SearchAction","target":{"@type":"EntryPoint","urlTemplate":"https:\/\/old.epodex-industries.com\/fr\/?s={search_term_string}"},"query-input":{"@type":"PropertyValueSpecification","valueRequired":true,"valueName":"search_term_string"}}],"inLanguage":"fr-FR"},{"@type":"Organization","@id":"https:\/\/old.epodex-industries.com\/fr\/#organization","name":"EPODEX Industries","url":"https:\/\/old.epodex-industries.com\/fr\/","logo":{"@type":"ImageObject","inLanguage":"fr-FR","@id":"https:\/\/old.epodex-industries.com\/fr\/#\/schema\/logo\/image\/","url":"https:\/\/www.epodex-industries.com\/wp-content\/uploads\/2023\/06\/Logo-Epodex-Rechnung.jpg","contentUrl":"https:\/\/www.epodex-industries.com\/wp-content\/uploads\/2023\/06\/Logo-Epodex-Rechnung.jpg","width":261,"height":50,"caption":"EPODEX Industries"},"image":{"@id":"https:\/\/old.epodex-industries.com\/fr\/#\/schema\/logo\/image\/"},"sameAs":["https:\/\/www.facebook.com\/Epodex\/","https:\/\/www.instagram.com\/epodex_official\/","https:\/\/www.pinterest.de\/epodex_com\/","https:\/\/www.youtube.com\/channel\/UC7lFrJ9YpN1yg43sTc6q3ow"]}]}},"_links":{"self":[{"href":"https:\/\/old.epodex-industries.com\/fr\/wp-json\/wp\/v2\/product\/30910","targetHints":{"allow":["GET"]}}],"collection":[{"href":"https:\/\/old.epodex-industries.com\/fr\/wp-json\/wp\/v2\/product"}],"about":[{"href":"https:\/\/old.epodex-industries.com\/fr\/wp-json\/wp\/v2\/types\/product"}],"replies":[{"embeddable":true,"href":"https:\/\/old.epodex-industries.com\/fr\/wp-json\/wp\/v2\/comments?post=30910"}],"wp:featuredmedia":[{"embeddable":true,"href":"https:\/\/old.epodex-industries.com\/fr\/wp-json\/wp\/v2\/media\/30907"}],"wp:attachment":[{"href":"https:\/\/old.epodex-industries.com\/fr\/wp-json\/wp\/v2\/media?parent=30910"}],"wp:term":[{"taxonomy":"product_brand","embeddable":true,"href":"https:\/\/old.epodex-industries.com\/fr\/wp-json\/wp\/v2\/product_brand?post=30910"},{"taxonomy":"product_cat","embeddable":true,"href":"https:\/\/old.epodex-industries.com\/fr\/wp-json\/wp\/v2\/product_cat?post=30910"},{"taxonomy":"product_tag","embeddable":true,"href":"https:\/\/old.epodex-industries.com\/fr\/wp-json\/wp\/v2\/product_tag?post=30910"}],"curies":[{"name":"wp","href":"https:\/\/api.w.org\/{rel}","templated":true}]}}