{"id":30898,"date":"2024-04-22T07:31:49","date_gmt":"2024-04-22T05:31:49","guid":{"rendered":"https:\/\/www.epodex-industries.com\/produkt\/2k-epoxy-glue-colle-epoxy-2c-24ml\/"},"modified":"2024-07-24T12:17:26","modified_gmt":"2024-07-24T10:17:26","slug":"2k-epoxy-glue-colle-epoxy-2c-24ml","status":"publish","type":"product","link":"https:\/\/old.epodex-industries.com\/fr\/produit\/2k-epoxy-glue-colle-epoxy-2c-24ml\/","title":{"rendered":"2K Epoxy Glue \/ Colle Epoxy 2C 24ml"},"content":{"rendered":"<h2>2K Epoxy Glue \/ Colle Epoxy 2C<\/h2>\n<h3>Consignes d\u2018utilisation<\/h3>\n<p>Nettoyer et s\u00e9cher la surface \u00e0 coller. Retirer le capuchon de conservation du centre du piston. Couper d\u00e9licatement les deux extr\u00e9mit\u00e9s de la seringue avec un couteau ou des ciseaux. Extraire lentement le mat\u00e9riau (r\u00e9sine + durcisseur) en poussant le piston. M\u00e9langer et appliquer manuellement. Nettoyer la seringue et la refermer avec le capuchon de conservation. Peut \u00eatre touch\u00e9 apr\u00e8s 30 minutes. Durcissement chimique : apr\u00e8s 24h. Temp\u00e9rature d&rsquo;application : 5\u00b0C \u00e0 93\u00b0C.<\/p>\n<p><strong>Service \u00e0 la client\u00e8le:<\/strong> Si vous avez d\u2019autres questions, contactez-nous par t\u00e9l\u00e9phone, par courrier \u00e9lectronique ou utilisez notre support WhatsApp.<\/p>\n<hr \/>\n<h3>Mentions de danger<\/h3>\n<p>DANGER: Provoque une irritation cutan\u00e9e. Peut provoquer une allergie cutan\u00e9e. Provoque une s\u00e9v\u00e8re irritation des yeux. Nocif pour les organismes aquatiques, entra\u00eene des effets n\u00e9fastes \u00e0 long terme. En cas de consultation d\u2018un m\u00e9decin, garder \u00e0 disposition le r\u00e9cipient ou l\u2018\u00e9tiquette. Tenir hors de port\u00e9e des enfants. \u00c9viter de respirer les a\u00e9rosols. Porter des gants de protection\/un \u00e9quipement de protection des yeux. EN CAS DE CONTACT AVEC LES YEUX: Rincer avec pr\u00e9caution \u00e0 l\u2018eau pendant plusieurs minutes. Enlever les lentilles de contact si la victime en porte et si elles peuvent \u00eatre facilement enlev\u00e9es. Continuer \u00e0 rincer. \u00c9liminer le contenu\/r\u00e9cipient conform\u00e9ment \u00e0 la r\u00e9glementation locale\/r\u00e9gionale\/nationale\/internationale.\n<\/p>\n<p><img decoding=\"async\" src=\"https:\/\/www.epodex.com\/de\/wp-content\/uploads\/2023\/01\/hinweise-4.png\" \/><\/p>\n","protected":false},"excerpt":{"rendered":"<p>Colle \u00e9poxy universelle \u00e0 deux composants. Adh\u00e8re \u00e0 presque tous types de mat\u00e9riaux. Temps de traitement: 5 min. R\u00e9sistante \u00e0 la chaleur (max.+70\u00b0C), au froid (min. -20\u00b0C), \u00e0 l\u2019humidit\u00e9 et aux produits chimiques.<\/p>\n","protected":false},"featured_media":30895,"comment_status":"open","ping_status":"closed","template":"","meta":[],"product_brand":[],"product_cat":[4951,24],"product_tag":[],"class_list":{"0":"post-30898","1":"product","2":"type-product","3":"status-publish","4":"has-post-thumbnail","6":"product_cat-accessoires","7":"product_cat-uncategorized","9":"first","10":"instock","11":"taxable","12":"shipping-taxable","13":"product-type-simple"},"yoast_head":"<!-- This site is optimized with the Yoast SEO plugin v26.7 - https:\/\/yoast.com\/wordpress\/plugins\/seo\/ -->\n<title>2K Epoxy Glue \/ Colle Epoxy 2C 24ml - EPODEX Industries | B2B Plattform<\/title>\n<meta name=\"robots\" content=\"index, follow, max-snippet:-1, max-image-preview:large, max-video-preview:-1\" \/>\n<link rel=\"canonical\" href=\"https:\/\/old.epodex-industries.com\/fr\/produkt\/2k-epoxy-glue-colle-epoxy-2c-24ml\/\" \/>\n<meta property=\"og:locale\" content=\"fr_FR\" \/>\n<meta property=\"og:type\" content=\"article\" \/>\n<meta property=\"og:title\" content=\"2K Epoxy Glue \/ Colle Epoxy 2C 24ml - EPODEX Industries | B2B Plattform\" \/>\n<meta property=\"og:description\" content=\"Colle \u00e9poxy universelle \u00e0 deux composants. Adh\u00e8re \u00e0 presque tous types de mat\u00e9riaux. Temps de traitement: 5 min. R\u00e9sistante \u00e0 la chaleur (max.+70\u00b0C), au froid (min. -20\u00b0C), \u00e0 l\u2019humidit\u00e9 et aux produits chimiques.\" \/>\n<meta property=\"og:url\" content=\"https:\/\/old.epodex-industries.com\/fr\/produkt\/2k-epoxy-glue-colle-epoxy-2c-24ml\/\" \/>\n<meta property=\"og:site_name\" content=\"EPODEX Industries | B2B Plattform\" \/>\n<meta property=\"article:publisher\" content=\"https:\/\/www.facebook.com\/Epodex\/\" \/>\n<meta property=\"article:modified_time\" content=\"2024-07-24T10:17:26+00:00\" \/>\n<meta property=\"og:image\" content=\"https:\/\/old.epodex-industries.com\/wp-content\/uploads\/2024\/04\/epoxidharzkleber-epoxy-glue-1-1.jpg\" \/>\n\t<meta property=\"og:image:width\" content=\"1200\" \/>\n\t<meta property=\"og:image:height\" content=\"800\" \/>\n\t<meta property=\"og:image:type\" content=\"image\/jpeg\" \/>\n<meta name=\"twitter:card\" content=\"summary_large_image\" \/>\n<meta name=\"twitter:label1\" content=\"Dur\u00e9e de lecture estim\u00e9e\" \/>\n\t<meta name=\"twitter:data1\" content=\"1 minute\" \/>\n<script type=\"application\/ld+json\" class=\"yoast-schema-graph\">{\"@context\":\"https:\/\/schema.org\",\"@graph\":[{\"@type\":\"WebPage\",\"@id\":\"https:\/\/old.epodex-industries.com\/fr\/produkt\/2k-epoxy-glue-colle-epoxy-2c-24ml\/\",\"url\":\"https:\/\/old.epodex-industries.com\/fr\/produkt\/2k-epoxy-glue-colle-epoxy-2c-24ml\/\",\"name\":\"2K Epoxy Glue \/ Colle Epoxy 2C 24ml - EPODEX Industries | B2B Plattform\",\"isPartOf\":{\"@id\":\"https:\/\/old.epodex-industries.com\/fr\/#website\"},\"primaryImageOfPage\":{\"@id\":\"https:\/\/old.epodex-industries.com\/fr\/produkt\/2k-epoxy-glue-colle-epoxy-2c-24ml\/#primaryimage\"},\"image\":{\"@id\":\"https:\/\/old.epodex-industries.com\/fr\/produkt\/2k-epoxy-glue-colle-epoxy-2c-24ml\/#primaryimage\"},\"thumbnailUrl\":\"https:\/\/old.epodex-industries.com\/wp-content\/uploads\/2024\/04\/epoxidharzkleber-epoxy-glue-1-1.jpg\",\"datePublished\":\"2024-04-22T05:31:49+00:00\",\"dateModified\":\"2024-07-24T10:17:26+00:00\",\"breadcrumb\":{\"@id\":\"https:\/\/old.epodex-industries.com\/fr\/produkt\/2k-epoxy-glue-colle-epoxy-2c-24ml\/#breadcrumb\"},\"inLanguage\":\"fr-FR\",\"potentialAction\":[{\"@type\":\"ReadAction\",\"target\":[\"https:\/\/old.epodex-industries.com\/fr\/produkt\/2k-epoxy-glue-colle-epoxy-2c-24ml\/\"]}]},{\"@type\":\"ImageObject\",\"inLanguage\":\"fr-FR\",\"@id\":\"https:\/\/old.epodex-industries.com\/fr\/produkt\/2k-epoxy-glue-colle-epoxy-2c-24ml\/#primaryimage\",\"url\":\"https:\/\/old.epodex-industries.com\/wp-content\/uploads\/2024\/04\/epoxidharzkleber-epoxy-glue-1-1.jpg\",\"contentUrl\":\"https:\/\/old.epodex-industries.com\/wp-content\/uploads\/2024\/04\/epoxidharzkleber-epoxy-glue-1-1.jpg\",\"width\":1200,\"height\":800},{\"@type\":\"BreadcrumbList\",\"@id\":\"https:\/\/old.epodex-industries.com\/fr\/produkt\/2k-epoxy-glue-colle-epoxy-2c-24ml\/#breadcrumb\",\"itemListElement\":[{\"@type\":\"ListItem\",\"position\":1,\"name\":\"Startseite\",\"item\":\"https:\/\/old.epodex-industries.com\/fr\/\"},{\"@type\":\"ListItem\",\"position\":2,\"name\":\"Shop\",\"item\":\"https:\/\/old.epodex-industries.com\/fr\/shop\/\"},{\"@type\":\"ListItem\",\"position\":3,\"name\":\"2K Epoxy Glue \/ Colle Epoxy 2C 24ml\"}]},{\"@type\":\"WebSite\",\"@id\":\"https:\/\/old.epodex-industries.com\/fr\/#website\",\"url\":\"https:\/\/old.epodex-industries.com\/fr\/\",\"name\":\"EPODEX Industries | B2B Plattform\",\"description\":\"Hersteller + Gro\u00dfhandel f\u00fcr Baustoffe\",\"publisher\":{\"@id\":\"https:\/\/old.epodex-industries.com\/fr\/#organization\"},\"alternateName\":\"EPODEX Industries | Hersteller + Gro\u00dfhandel f\u00fcr Baustoffe\",\"potentialAction\":[{\"@type\":\"SearchAction\",\"target\":{\"@type\":\"EntryPoint\",\"urlTemplate\":\"https:\/\/old.epodex-industries.com\/fr\/?s={search_term_string}\"},\"query-input\":{\"@type\":\"PropertyValueSpecification\",\"valueRequired\":true,\"valueName\":\"search_term_string\"}}],\"inLanguage\":\"fr-FR\"},{\"@type\":\"Organization\",\"@id\":\"https:\/\/old.epodex-industries.com\/fr\/#organization\",\"name\":\"EPODEX Industries\",\"url\":\"https:\/\/old.epodex-industries.com\/fr\/\",\"logo\":{\"@type\":\"ImageObject\",\"inLanguage\":\"fr-FR\",\"@id\":\"https:\/\/old.epodex-industries.com\/fr\/#\/schema\/logo\/image\/\",\"url\":\"https:\/\/www.epodex-industries.com\/wp-content\/uploads\/2023\/06\/Logo-Epodex-Rechnung.jpg\",\"contentUrl\":\"https:\/\/www.epodex-industries.com\/wp-content\/uploads\/2023\/06\/Logo-Epodex-Rechnung.jpg\",\"width\":261,\"height\":50,\"caption\":\"EPODEX Industries\"},\"image\":{\"@id\":\"https:\/\/old.epodex-industries.com\/fr\/#\/schema\/logo\/image\/\"},\"sameAs\":[\"https:\/\/www.facebook.com\/Epodex\/\",\"https:\/\/www.instagram.com\/epodex_official\/\",\"https:\/\/www.pinterest.de\/epodex_com\/\",\"https:\/\/www.youtube.com\/channel\/UC7lFrJ9YpN1yg43sTc6q3ow\"]}]}<\/script>\n<!-- \/ Yoast SEO plugin. -->","yoast_head_json":{"title":"2K Epoxy Glue \/ Colle Epoxy 2C 24ml - EPODEX Industries | B2B Plattform","robots":{"index":"index","follow":"follow","max-snippet":"max-snippet:-1","max-image-preview":"max-image-preview:large","max-video-preview":"max-video-preview:-1"},"canonical":"https:\/\/old.epodex-industries.com\/fr\/produkt\/2k-epoxy-glue-colle-epoxy-2c-24ml\/","og_locale":"fr_FR","og_type":"article","og_title":"2K Epoxy Glue \/ Colle Epoxy 2C 24ml - EPODEX Industries | B2B Plattform","og_description":"Colle \u00e9poxy universelle \u00e0 deux composants. Adh\u00e8re \u00e0 presque tous types de mat\u00e9riaux. Temps de traitement: 5 min. R\u00e9sistante \u00e0 la chaleur (max.+70\u00b0C), au froid (min. -20\u00b0C), \u00e0 l\u2019humidit\u00e9 et aux produits chimiques.","og_url":"https:\/\/old.epodex-industries.com\/fr\/produkt\/2k-epoxy-glue-colle-epoxy-2c-24ml\/","og_site_name":"EPODEX Industries | B2B Plattform","article_publisher":"https:\/\/www.facebook.com\/Epodex\/","article_modified_time":"2024-07-24T10:17:26+00:00","og_image":[{"width":1200,"height":800,"url":"https:\/\/old.epodex-industries.com\/wp-content\/uploads\/2024\/04\/epoxidharzkleber-epoxy-glue-1-1.jpg","type":"image\/jpeg"}],"twitter_card":"summary_large_image","twitter_misc":{"Dur\u00e9e de lecture estim\u00e9e":"1 minute"},"schema":{"@context":"https:\/\/schema.org","@graph":[{"@type":"WebPage","@id":"https:\/\/old.epodex-industries.com\/fr\/produkt\/2k-epoxy-glue-colle-epoxy-2c-24ml\/","url":"https:\/\/old.epodex-industries.com\/fr\/produkt\/2k-epoxy-glue-colle-epoxy-2c-24ml\/","name":"2K Epoxy Glue \/ Colle Epoxy 2C 24ml - EPODEX Industries | B2B Plattform","isPartOf":{"@id":"https:\/\/old.epodex-industries.com\/fr\/#website"},"primaryImageOfPage":{"@id":"https:\/\/old.epodex-industries.com\/fr\/produkt\/2k-epoxy-glue-colle-epoxy-2c-24ml\/#primaryimage"},"image":{"@id":"https:\/\/old.epodex-industries.com\/fr\/produkt\/2k-epoxy-glue-colle-epoxy-2c-24ml\/#primaryimage"},"thumbnailUrl":"https:\/\/old.epodex-industries.com\/wp-content\/uploads\/2024\/04\/epoxidharzkleber-epoxy-glue-1-1.jpg","datePublished":"2024-04-22T05:31:49+00:00","dateModified":"2024-07-24T10:17:26+00:00","breadcrumb":{"@id":"https:\/\/old.epodex-industries.com\/fr\/produkt\/2k-epoxy-glue-colle-epoxy-2c-24ml\/#breadcrumb"},"inLanguage":"fr-FR","potentialAction":[{"@type":"ReadAction","target":["https:\/\/old.epodex-industries.com\/fr\/produkt\/2k-epoxy-glue-colle-epoxy-2c-24ml\/"]}]},{"@type":"ImageObject","inLanguage":"fr-FR","@id":"https:\/\/old.epodex-industries.com\/fr\/produkt\/2k-epoxy-glue-colle-epoxy-2c-24ml\/#primaryimage","url":"https:\/\/old.epodex-industries.com\/wp-content\/uploads\/2024\/04\/epoxidharzkleber-epoxy-glue-1-1.jpg","contentUrl":"https:\/\/old.epodex-industries.com\/wp-content\/uploads\/2024\/04\/epoxidharzkleber-epoxy-glue-1-1.jpg","width":1200,"height":800},{"@type":"BreadcrumbList","@id":"https:\/\/old.epodex-industries.com\/fr\/produkt\/2k-epoxy-glue-colle-epoxy-2c-24ml\/#breadcrumb","itemListElement":[{"@type":"ListItem","position":1,"name":"Startseite","item":"https:\/\/old.epodex-industries.com\/fr\/"},{"@type":"ListItem","position":2,"name":"Shop","item":"https:\/\/old.epodex-industries.com\/fr\/shop\/"},{"@type":"ListItem","position":3,"name":"2K Epoxy Glue \/ Colle Epoxy 2C 24ml"}]},{"@type":"WebSite","@id":"https:\/\/old.epodex-industries.com\/fr\/#website","url":"https:\/\/old.epodex-industries.com\/fr\/","name":"EPODEX Industries | B2B Plattform","description":"Hersteller + Gro\u00dfhandel f\u00fcr Baustoffe","publisher":{"@id":"https:\/\/old.epodex-industries.com\/fr\/#organization"},"alternateName":"EPODEX Industries | Hersteller + Gro\u00dfhandel f\u00fcr Baustoffe","potentialAction":[{"@type":"SearchAction","target":{"@type":"EntryPoint","urlTemplate":"https:\/\/old.epodex-industries.com\/fr\/?s={search_term_string}"},"query-input":{"@type":"PropertyValueSpecification","valueRequired":true,"valueName":"search_term_string"}}],"inLanguage":"fr-FR"},{"@type":"Organization","@id":"https:\/\/old.epodex-industries.com\/fr\/#organization","name":"EPODEX Industries","url":"https:\/\/old.epodex-industries.com\/fr\/","logo":{"@type":"ImageObject","inLanguage":"fr-FR","@id":"https:\/\/old.epodex-industries.com\/fr\/#\/schema\/logo\/image\/","url":"https:\/\/www.epodex-industries.com\/wp-content\/uploads\/2023\/06\/Logo-Epodex-Rechnung.jpg","contentUrl":"https:\/\/www.epodex-industries.com\/wp-content\/uploads\/2023\/06\/Logo-Epodex-Rechnung.jpg","width":261,"height":50,"caption":"EPODEX Industries"},"image":{"@id":"https:\/\/old.epodex-industries.com\/fr\/#\/schema\/logo\/image\/"},"sameAs":["https:\/\/www.facebook.com\/Epodex\/","https:\/\/www.instagram.com\/epodex_official\/","https:\/\/www.pinterest.de\/epodex_com\/","https:\/\/www.youtube.com\/channel\/UC7lFrJ9YpN1yg43sTc6q3ow"]}]}},"_links":{"self":[{"href":"https:\/\/old.epodex-industries.com\/fr\/wp-json\/wp\/v2\/product\/30898","targetHints":{"allow":["GET"]}}],"collection":[{"href":"https:\/\/old.epodex-industries.com\/fr\/wp-json\/wp\/v2\/product"}],"about":[{"href":"https:\/\/old.epodex-industries.com\/fr\/wp-json\/wp\/v2\/types\/product"}],"replies":[{"embeddable":true,"href":"https:\/\/old.epodex-industries.com\/fr\/wp-json\/wp\/v2\/comments?post=30898"}],"wp:featuredmedia":[{"embeddable":true,"href":"https:\/\/old.epodex-industries.com\/fr\/wp-json\/wp\/v2\/media\/30895"}],"wp:attachment":[{"href":"https:\/\/old.epodex-industries.com\/fr\/wp-json\/wp\/v2\/media?parent=30898"}],"wp:term":[{"taxonomy":"product_brand","embeddable":true,"href":"https:\/\/old.epodex-industries.com\/fr\/wp-json\/wp\/v2\/product_brand?post=30898"},{"taxonomy":"product_cat","embeddable":true,"href":"https:\/\/old.epodex-industries.com\/fr\/wp-json\/wp\/v2\/product_cat?post=30898"},{"taxonomy":"product_tag","embeddable":true,"href":"https:\/\/old.epodex-industries.com\/fr\/wp-json\/wp\/v2\/product_tag?post=30898"}],"curies":[{"name":"wp","href":"https:\/\/api.w.org\/{rel}","templated":true}]}}