{"id":30889,"date":"2024-04-22T07:31:44","date_gmt":"2024-04-22T05:31:44","guid":{"rendered":"https:\/\/www.epodex-industries.com\/produkt\/seau-de-melange-8-litres-opt-insert-interchangeable-grille-de-raclage\/"},"modified":"2024-07-24T12:17:23","modified_gmt":"2024-07-24T10:17:23","slug":"seau-de-melange-8-litres-opt-insert-interchangeable-grille-de-raclage","status":"publish","type":"product","link":"https:\/\/old.epodex-industries.com\/fr\/produit\/seau-de-melange-8-litres-opt-insert-interchangeable-grille-de-raclage\/","title":{"rendered":"Seau de m\u00e9lange &#8211; 8 litres (opt. insert interchangeable &#038; grille de raclage)"},"content":{"rendered":"<h2>Seau de m\u00e9lange &#8211; 8 litres<\/h2>\n<p>Le seau de m\u00e9lange est un outil indispensable pour divers projets. Cependant, selon ce que vous pr\u00e9parez ou m\u00e9langez dans le seau, il n&rsquo;est pas si facile de le nettoyer par la suite. En effet, la r\u00e9sine \u00e9poxy, la peinture ou le vernis ne s&rsquo;enl\u00e8vent pas facilement une fois qu&rsquo;ils ont s\u00e9ch\u00e9 dans le seau. Pour \u00e9viter d&rsquo;avoir \u00e0 changer de seau apr\u00e8s chaque utilisation, nous avons maintenant une solution pratique pour vous!<\/p>\n<p>En utilisant notre insert jetable, vous prot\u00e9gez le seau de peinture contre les d\u00e9p\u00f4ts de mat\u00e9riaux et vous \u00e9vitez de perdre du temps \u00e0 nettoyer le seau avec des solvants nocifs. D\u00e9barrassez-vous facilement de l&rsquo;insert interchangeable et continuez votre projet.<\/p>\n<p>Notre grille de raclage permet une r\u00e9partition uniforme de la peinture sur la surface de travail. Cela garantit une peinture parfaite !<\/p>\n<p><strong>Service \u00e0 la client\u00e8le:<\/strong> Si vous avez d\u2019autres questions, contactez-nous par t\u00e9l\u00e9phone, par courrier \u00e9lectronique ou utilisez notre support WhatsApp.<\/p>\n","protected":false},"excerpt":{"rendered":"<ul>\n<li>Seau de m\u00e9lange en plastique pour m\u00e9langer les r\u00e9sines \u00e9poxy, les peintures, les vernis, etc.<\/li>\n<li>\u00c9conomique, \u00e9cologique et r\u00e9utilisable gr\u00e2ce \u00e0 l&rsquo;insert jetable interchangeable<\/li>\n<li>Volume: 8 Litres<\/li>\n<li>Dimensions: 275mm x 220mm x 180mm<\/li>\n<li>l&rsquo;insert jetable interchangeable et la grille de raclage peuvent \u00eatre ajout\u00e9s en option<\/li>\n<\/ul>\n","protected":false},"featured_media":20233,"comment_status":"open","ping_status":"closed","template":"","meta":[],"product_brand":[],"product_cat":[4951,24],"product_tag":[],"class_list":{"0":"post-30889","1":"product","2":"type-product","3":"status-publish","4":"has-post-thumbnail","6":"product_cat-accessoires","7":"product_cat-uncategorized","9":"first","10":"instock","11":"taxable","12":"shipping-taxable","13":"product-type-simple"},"yoast_head":"<!-- This site is optimized with the Yoast SEO plugin v26.7 - https:\/\/yoast.com\/wordpress\/plugins\/seo\/ -->\n<title>Seau de m\u00e9lange - 8 litres (opt. insert interchangeable &amp; grille de raclage) - EPODEX Industries | B2B Plattform<\/title>\n<meta name=\"robots\" content=\"index, follow, max-snippet:-1, max-image-preview:large, max-video-preview:-1\" \/>\n<link rel=\"canonical\" href=\"https:\/\/old.epodex-industries.com\/fr\/produkt\/seau-de-melange-8-litres-opt-insert-interchangeable-grille-de-raclage\/\" \/>\n<meta property=\"og:locale\" content=\"fr_FR\" \/>\n<meta property=\"og:type\" content=\"article\" \/>\n<meta property=\"og:title\" content=\"Seau de m\u00e9lange - 8 litres (opt. insert interchangeable &amp; grille de raclage) - EPODEX Industries | B2B Plattform\" \/>\n<meta property=\"og:description\" content=\"Seau de m\u00e9lange en plastique pour m\u00e9langer les r\u00e9sines \u00e9poxy, les peintures, les vernis, etc. \u00c9conomique, \u00e9cologique et r\u00e9utilisable gr\u00e2ce \u00e0 l&#039;insert jetable interchangeable Volume: 8 Litres Dimensions: 275mm x 220mm x 180mm l&#039;insert jetable interchangeable et la grille de raclage peuvent \u00eatre ajout\u00e9s en option\" \/>\n<meta property=\"og:url\" content=\"https:\/\/old.epodex-industries.com\/fr\/produkt\/seau-de-melange-8-litres-opt-insert-interchangeable-grille-de-raclage\/\" \/>\n<meta property=\"og:site_name\" content=\"EPODEX Industries | B2B Plattform\" \/>\n<meta property=\"article:publisher\" content=\"https:\/\/www.facebook.com\/Epodex\/\" \/>\n<meta property=\"article:modified_time\" content=\"2024-07-24T10:17:23+00:00\" \/>\n<meta property=\"og:image\" content=\"https:\/\/old.epodex-industries.com\/wp-content\/uploads\/2023\/06\/mischeimer-klein.jpg\" \/>\n\t<meta property=\"og:image:width\" content=\"1200\" \/>\n\t<meta property=\"og:image:height\" content=\"800\" \/>\n\t<meta property=\"og:image:type\" content=\"image\/jpeg\" \/>\n<meta name=\"twitter:card\" content=\"summary_large_image\" \/>\n<meta name=\"twitter:label1\" content=\"Dur\u00e9e de lecture estim\u00e9e\" \/>\n\t<meta name=\"twitter:data1\" content=\"1 minute\" \/>\n<script type=\"application\/ld+json\" class=\"yoast-schema-graph\">{\"@context\":\"https:\/\/schema.org\",\"@graph\":[{\"@type\":\"WebPage\",\"@id\":\"https:\/\/old.epodex-industries.com\/fr\/produkt\/seau-de-melange-8-litres-opt-insert-interchangeable-grille-de-raclage\/\",\"url\":\"https:\/\/old.epodex-industries.com\/fr\/produkt\/seau-de-melange-8-litres-opt-insert-interchangeable-grille-de-raclage\/\",\"name\":\"Seau de m\u00e9lange - 8 litres (opt. insert interchangeable & grille de raclage) - EPODEX Industries | B2B Plattform\",\"isPartOf\":{\"@id\":\"https:\/\/old.epodex-industries.com\/fr\/#website\"},\"primaryImageOfPage\":{\"@id\":\"https:\/\/old.epodex-industries.com\/fr\/produkt\/seau-de-melange-8-litres-opt-insert-interchangeable-grille-de-raclage\/#primaryimage\"},\"image\":{\"@id\":\"https:\/\/old.epodex-industries.com\/fr\/produkt\/seau-de-melange-8-litres-opt-insert-interchangeable-grille-de-raclage\/#primaryimage\"},\"thumbnailUrl\":\"https:\/\/old.epodex-industries.com\/wp-content\/uploads\/2023\/06\/mischeimer-klein.jpg\",\"datePublished\":\"2024-04-22T05:31:44+00:00\",\"dateModified\":\"2024-07-24T10:17:23+00:00\",\"breadcrumb\":{\"@id\":\"https:\/\/old.epodex-industries.com\/fr\/produkt\/seau-de-melange-8-litres-opt-insert-interchangeable-grille-de-raclage\/#breadcrumb\"},\"inLanguage\":\"fr-FR\",\"potentialAction\":[{\"@type\":\"ReadAction\",\"target\":[\"https:\/\/old.epodex-industries.com\/fr\/produkt\/seau-de-melange-8-litres-opt-insert-interchangeable-grille-de-raclage\/\"]}]},{\"@type\":\"ImageObject\",\"inLanguage\":\"fr-FR\",\"@id\":\"https:\/\/old.epodex-industries.com\/fr\/produkt\/seau-de-melange-8-litres-opt-insert-interchangeable-grille-de-raclage\/#primaryimage\",\"url\":\"https:\/\/old.epodex-industries.com\/wp-content\/uploads\/2023\/06\/mischeimer-klein.jpg\",\"contentUrl\":\"https:\/\/old.epodex-industries.com\/wp-content\/uploads\/2023\/06\/mischeimer-klein.jpg\",\"width\":1200,\"height\":800},{\"@type\":\"BreadcrumbList\",\"@id\":\"https:\/\/old.epodex-industries.com\/fr\/produkt\/seau-de-melange-8-litres-opt-insert-interchangeable-grille-de-raclage\/#breadcrumb\",\"itemListElement\":[{\"@type\":\"ListItem\",\"position\":1,\"name\":\"Startseite\",\"item\":\"https:\/\/old.epodex-industries.com\/fr\/\"},{\"@type\":\"ListItem\",\"position\":2,\"name\":\"Shop\",\"item\":\"https:\/\/old.epodex-industries.com\/fr\/shop\/\"},{\"@type\":\"ListItem\",\"position\":3,\"name\":\"Seau de m\u00e9lange &#8211; 8 litres (opt. insert interchangeable &#038; grille de raclage)\"}]},{\"@type\":\"WebSite\",\"@id\":\"https:\/\/old.epodex-industries.com\/fr\/#website\",\"url\":\"https:\/\/old.epodex-industries.com\/fr\/\",\"name\":\"EPODEX Industries | B2B Plattform\",\"description\":\"Hersteller + Gro\u00dfhandel f\u00fcr Baustoffe\",\"publisher\":{\"@id\":\"https:\/\/old.epodex-industries.com\/fr\/#organization\"},\"alternateName\":\"EPODEX Industries | Hersteller + Gro\u00dfhandel f\u00fcr Baustoffe\",\"potentialAction\":[{\"@type\":\"SearchAction\",\"target\":{\"@type\":\"EntryPoint\",\"urlTemplate\":\"https:\/\/old.epodex-industries.com\/fr\/?s={search_term_string}\"},\"query-input\":{\"@type\":\"PropertyValueSpecification\",\"valueRequired\":true,\"valueName\":\"search_term_string\"}}],\"inLanguage\":\"fr-FR\"},{\"@type\":\"Organization\",\"@id\":\"https:\/\/old.epodex-industries.com\/fr\/#organization\",\"name\":\"EPODEX Industries\",\"url\":\"https:\/\/old.epodex-industries.com\/fr\/\",\"logo\":{\"@type\":\"ImageObject\",\"inLanguage\":\"fr-FR\",\"@id\":\"https:\/\/old.epodex-industries.com\/fr\/#\/schema\/logo\/image\/\",\"url\":\"https:\/\/www.epodex-industries.com\/wp-content\/uploads\/2023\/06\/Logo-Epodex-Rechnung.jpg\",\"contentUrl\":\"https:\/\/www.epodex-industries.com\/wp-content\/uploads\/2023\/06\/Logo-Epodex-Rechnung.jpg\",\"width\":261,\"height\":50,\"caption\":\"EPODEX Industries\"},\"image\":{\"@id\":\"https:\/\/old.epodex-industries.com\/fr\/#\/schema\/logo\/image\/\"},\"sameAs\":[\"https:\/\/www.facebook.com\/Epodex\/\",\"https:\/\/www.instagram.com\/epodex_official\/\",\"https:\/\/www.pinterest.de\/epodex_com\/\",\"https:\/\/www.youtube.com\/channel\/UC7lFrJ9YpN1yg43sTc6q3ow\"]}]}<\/script>\n<!-- \/ Yoast SEO plugin. -->","yoast_head_json":{"title":"Seau de m\u00e9lange - 8 litres (opt. insert interchangeable & grille de raclage) - EPODEX Industries | B2B Plattform","robots":{"index":"index","follow":"follow","max-snippet":"max-snippet:-1","max-image-preview":"max-image-preview:large","max-video-preview":"max-video-preview:-1"},"canonical":"https:\/\/old.epodex-industries.com\/fr\/produkt\/seau-de-melange-8-litres-opt-insert-interchangeable-grille-de-raclage\/","og_locale":"fr_FR","og_type":"article","og_title":"Seau de m\u00e9lange - 8 litres (opt. insert interchangeable & grille de raclage) - EPODEX Industries | B2B Plattform","og_description":"Seau de m\u00e9lange en plastique pour m\u00e9langer les r\u00e9sines \u00e9poxy, les peintures, les vernis, etc. \u00c9conomique, \u00e9cologique et r\u00e9utilisable gr\u00e2ce \u00e0 l'insert jetable interchangeable Volume: 8 Litres Dimensions: 275mm x 220mm x 180mm l'insert jetable interchangeable et la grille de raclage peuvent \u00eatre ajout\u00e9s en option","og_url":"https:\/\/old.epodex-industries.com\/fr\/produkt\/seau-de-melange-8-litres-opt-insert-interchangeable-grille-de-raclage\/","og_site_name":"EPODEX Industries | B2B Plattform","article_publisher":"https:\/\/www.facebook.com\/Epodex\/","article_modified_time":"2024-07-24T10:17:23+00:00","og_image":[{"width":1200,"height":800,"url":"https:\/\/old.epodex-industries.com\/wp-content\/uploads\/2023\/06\/mischeimer-klein.jpg","type":"image\/jpeg"}],"twitter_card":"summary_large_image","twitter_misc":{"Dur\u00e9e de lecture estim\u00e9e":"1 minute"},"schema":{"@context":"https:\/\/schema.org","@graph":[{"@type":"WebPage","@id":"https:\/\/old.epodex-industries.com\/fr\/produkt\/seau-de-melange-8-litres-opt-insert-interchangeable-grille-de-raclage\/","url":"https:\/\/old.epodex-industries.com\/fr\/produkt\/seau-de-melange-8-litres-opt-insert-interchangeable-grille-de-raclage\/","name":"Seau de m\u00e9lange - 8 litres (opt. insert interchangeable & grille de raclage) - EPODEX Industries | B2B Plattform","isPartOf":{"@id":"https:\/\/old.epodex-industries.com\/fr\/#website"},"primaryImageOfPage":{"@id":"https:\/\/old.epodex-industries.com\/fr\/produkt\/seau-de-melange-8-litres-opt-insert-interchangeable-grille-de-raclage\/#primaryimage"},"image":{"@id":"https:\/\/old.epodex-industries.com\/fr\/produkt\/seau-de-melange-8-litres-opt-insert-interchangeable-grille-de-raclage\/#primaryimage"},"thumbnailUrl":"https:\/\/old.epodex-industries.com\/wp-content\/uploads\/2023\/06\/mischeimer-klein.jpg","datePublished":"2024-04-22T05:31:44+00:00","dateModified":"2024-07-24T10:17:23+00:00","breadcrumb":{"@id":"https:\/\/old.epodex-industries.com\/fr\/produkt\/seau-de-melange-8-litres-opt-insert-interchangeable-grille-de-raclage\/#breadcrumb"},"inLanguage":"fr-FR","potentialAction":[{"@type":"ReadAction","target":["https:\/\/old.epodex-industries.com\/fr\/produkt\/seau-de-melange-8-litres-opt-insert-interchangeable-grille-de-raclage\/"]}]},{"@type":"ImageObject","inLanguage":"fr-FR","@id":"https:\/\/old.epodex-industries.com\/fr\/produkt\/seau-de-melange-8-litres-opt-insert-interchangeable-grille-de-raclage\/#primaryimage","url":"https:\/\/old.epodex-industries.com\/wp-content\/uploads\/2023\/06\/mischeimer-klein.jpg","contentUrl":"https:\/\/old.epodex-industries.com\/wp-content\/uploads\/2023\/06\/mischeimer-klein.jpg","width":1200,"height":800},{"@type":"BreadcrumbList","@id":"https:\/\/old.epodex-industries.com\/fr\/produkt\/seau-de-melange-8-litres-opt-insert-interchangeable-grille-de-raclage\/#breadcrumb","itemListElement":[{"@type":"ListItem","position":1,"name":"Startseite","item":"https:\/\/old.epodex-industries.com\/fr\/"},{"@type":"ListItem","position":2,"name":"Shop","item":"https:\/\/old.epodex-industries.com\/fr\/shop\/"},{"@type":"ListItem","position":3,"name":"Seau de m\u00e9lange &#8211; 8 litres (opt. insert interchangeable &#038; grille de raclage)"}]},{"@type":"WebSite","@id":"https:\/\/old.epodex-industries.com\/fr\/#website","url":"https:\/\/old.epodex-industries.com\/fr\/","name":"EPODEX Industries | B2B Plattform","description":"Hersteller + Gro\u00dfhandel f\u00fcr Baustoffe","publisher":{"@id":"https:\/\/old.epodex-industries.com\/fr\/#organization"},"alternateName":"EPODEX Industries | Hersteller + Gro\u00dfhandel f\u00fcr Baustoffe","potentialAction":[{"@type":"SearchAction","target":{"@type":"EntryPoint","urlTemplate":"https:\/\/old.epodex-industries.com\/fr\/?s={search_term_string}"},"query-input":{"@type":"PropertyValueSpecification","valueRequired":true,"valueName":"search_term_string"}}],"inLanguage":"fr-FR"},{"@type":"Organization","@id":"https:\/\/old.epodex-industries.com\/fr\/#organization","name":"EPODEX Industries","url":"https:\/\/old.epodex-industries.com\/fr\/","logo":{"@type":"ImageObject","inLanguage":"fr-FR","@id":"https:\/\/old.epodex-industries.com\/fr\/#\/schema\/logo\/image\/","url":"https:\/\/www.epodex-industries.com\/wp-content\/uploads\/2023\/06\/Logo-Epodex-Rechnung.jpg","contentUrl":"https:\/\/www.epodex-industries.com\/wp-content\/uploads\/2023\/06\/Logo-Epodex-Rechnung.jpg","width":261,"height":50,"caption":"EPODEX Industries"},"image":{"@id":"https:\/\/old.epodex-industries.com\/fr\/#\/schema\/logo\/image\/"},"sameAs":["https:\/\/www.facebook.com\/Epodex\/","https:\/\/www.instagram.com\/epodex_official\/","https:\/\/www.pinterest.de\/epodex_com\/","https:\/\/www.youtube.com\/channel\/UC7lFrJ9YpN1yg43sTc6q3ow"]}]}},"_links":{"self":[{"href":"https:\/\/old.epodex-industries.com\/fr\/wp-json\/wp\/v2\/product\/30889","targetHints":{"allow":["GET"]}}],"collection":[{"href":"https:\/\/old.epodex-industries.com\/fr\/wp-json\/wp\/v2\/product"}],"about":[{"href":"https:\/\/old.epodex-industries.com\/fr\/wp-json\/wp\/v2\/types\/product"}],"replies":[{"embeddable":true,"href":"https:\/\/old.epodex-industries.com\/fr\/wp-json\/wp\/v2\/comments?post=30889"}],"wp:featuredmedia":[{"embeddable":true,"href":"https:\/\/old.epodex-industries.com\/fr\/wp-json\/wp\/v2\/media\/20233"}],"wp:attachment":[{"href":"https:\/\/old.epodex-industries.com\/fr\/wp-json\/wp\/v2\/media?parent=30889"}],"wp:term":[{"taxonomy":"product_brand","embeddable":true,"href":"https:\/\/old.epodex-industries.com\/fr\/wp-json\/wp\/v2\/product_brand?post=30889"},{"taxonomy":"product_cat","embeddable":true,"href":"https:\/\/old.epodex-industries.com\/fr\/wp-json\/wp\/v2\/product_cat?post=30889"},{"taxonomy":"product_tag","embeddable":true,"href":"https:\/\/old.epodex-industries.com\/fr\/wp-json\/wp\/v2\/product_tag?post=30889"}],"curies":[{"name":"wp","href":"https:\/\/api.w.org\/{rel}","templated":true}]}}