{"id":30868,"date":"2024-04-22T07:31:37","date_gmt":"2024-04-22T05:31:37","guid":{"rendered":"https:\/\/www.epodex-industries.com\/produkt\/serre-joints-a-vis-epodex-50x150mm\/"},"modified":"2024-07-24T12:17:21","modified_gmt":"2024-07-24T10:17:21","slug":"serre-joints-a-vis-epodex-50x150mm","status":"publish","type":"product","link":"https:\/\/old.epodex-industries.com\/fr\/produit\/serre-joints-a-vis-epodex-50x150mm\/","title":{"rendered":"Serre joints \u00e0 vis EPODEX 50x150mm"},"content":{"rendered":"<h2>Serre joints \u00e0 vis EPODEX<\/h2>\n<p><strong>Consignes d\u2018utilisation:<\/strong><br \/>\nFixer les pi\u00e8ces \u00e0 serrer entre la m\u00e2choire de serrage et la plaque de pression. Tourner maintenant la poign\u00e9e soft-touch jusqu&rsquo;\u00e0 ce que la plaque de pression mobile ait une prise ferme sur les pi\u00e8ces. Les coussinets de protection en plastique prot\u00e8gent votre pi\u00e8ce de travail contre les marques de pression. Gr\u00e2ce au rail profil\u00e9 robuste avec des nervures sur deux c\u00f4t\u00e9s, la pince reste bien serr\u00e9e.<\/p>\n<hr\/>\n<p><strong>Service \u00e0 la client\u00e8le:<\/strong> Si vous avez d\u2019autres questions, contactez-nous par t\u00e9l\u00e9phone, par courrier \u00e9lectronique ou utilisez notre support WhatsApp.<\/p>\n","protected":false},"excerpt":{"rendered":"<p>Les serre joints \u00e0 vis EPODEX sont faits \u00e0 partir d\u2019acier robuste et durable de haute qualit\u00e9. Conviennent pour maintenir en place divers mat\u00e9riaux, pi\u00e8ces ou objets. Id\u00e9aux pour les artisans, menuisiers, charpentiers et fabriquants de meubles. Utilisez-les par exemple pour tenir en place deux planches de bois apr\u00e8s les avoir coll\u00e9es. Les serre joints \u00e0 vis EPODEX peuvent \u00eatre viss\u00e9s et d\u00e9viss\u00e9s en continu \u00e0 l\u2019aide de la poign\u00e9e soft-touch. Celle-ci est recouverte d\u2019un caoutchouc pour vous aider \u00e0 r\u00e9gler la force de serrage avec pr\u00e9cision.<\/p>\n<ul>\n<li>Serre joints \u00e0 vis EPODEX<\/li>\n<li>50 x 150mm (300g)<\/li>\n<li>Surfacce: rev\u00eatemement pulv\u00e9ris\u00e9e en nickel et fer<\/li>\n<li>Mat\u00e9riel: acier tremp\u00e9<\/li>\n<li>Plaque de pression et m\u00e2choire de serrage avec coussinets de protection en plastique<\/li>\n<li>M\u00e2choire de pression amovible<\/li>\n<\/ul>\n","protected":false},"featured_media":20201,"comment_status":"open","ping_status":"closed","template":"","meta":[],"product_brand":[],"product_cat":[4951,24],"product_tag":[],"class_list":{"0":"post-30868","1":"product","2":"type-product","3":"status-publish","4":"has-post-thumbnail","6":"product_cat-accessoires","7":"product_cat-uncategorized","9":"first","10":"instock","11":"taxable","12":"shipping-taxable","13":"product-type-simple"},"yoast_head":"<!-- This site is optimized with the Yoast SEO plugin v26.7 - https:\/\/yoast.com\/wordpress\/plugins\/seo\/ -->\n<title>Serre joints \u00e0 vis EPODEX 50x150mm - EPODEX Industries | B2B Plattform<\/title>\n<meta name=\"robots\" content=\"index, follow, max-snippet:-1, max-image-preview:large, max-video-preview:-1\" \/>\n<link rel=\"canonical\" href=\"https:\/\/old.epodex-industries.com\/fr\/produit\/serre-joints-a-vis-epodex-50x150mm\/\" \/>\n<meta property=\"og:locale\" content=\"fr_FR\" \/>\n<meta property=\"og:type\" content=\"article\" \/>\n<meta property=\"og:title\" content=\"Serre joints \u00e0 vis EPODEX 50x150mm - EPODEX Industries | B2B Plattform\" \/>\n<meta property=\"og:description\" content=\"Les serre joints \u00e0 vis EPODEX sont faits \u00e0 partir d\u2019acier robuste et durable de haute qualit\u00e9. Conviennent pour maintenir en place divers mat\u00e9riaux, pi\u00e8ces ou objets. Id\u00e9aux pour les artisans, menuisiers, charpentiers et fabriquants de meubles. Utilisez-les par exemple pour tenir en place deux planches de bois apr\u00e8s les avoir coll\u00e9es. Les serre joints \u00e0 vis EPODEX peuvent \u00eatre viss\u00e9s et d\u00e9viss\u00e9s en continu \u00e0 l\u2019aide de la poign\u00e9e soft-touch. Celle-ci est recouverte d\u2019un caoutchouc pour vous aider \u00e0 r\u00e9gler la force de serrage avec pr\u00e9cision.   Serre joints \u00e0 vis EPODEX 50 x 150mm (300g) Surfacce: rev\u00eatemement pulv\u00e9ris\u00e9e en nickel et fer  Mat\u00e9riel: acier tremp\u00e9 Plaque de pression et m\u00e2choire de serrage avec coussinets de protection en plastique M\u00e2choire de pression amovible\" \/>\n<meta property=\"og:url\" content=\"https:\/\/old.epodex-industries.com\/fr\/produit\/serre-joints-a-vis-epodex-50x150mm\/\" \/>\n<meta property=\"og:site_name\" content=\"EPODEX Industries | B2B Plattform\" \/>\n<meta property=\"article:publisher\" content=\"https:\/\/www.facebook.com\/Epodex\/\" \/>\n<meta property=\"article:modified_time\" content=\"2024-07-24T10:17:21+00:00\" \/>\n<meta property=\"og:image\" content=\"https:\/\/old.epodex-industries.com\/wp-content\/uploads\/2023\/06\/schraubzwinge-klein.jpg\" \/>\n\t<meta property=\"og:image:width\" content=\"1200\" \/>\n\t<meta property=\"og:image:height\" content=\"800\" \/>\n\t<meta property=\"og:image:type\" content=\"image\/jpeg\" \/>\n<meta name=\"twitter:card\" content=\"summary_large_image\" \/>\n<meta name=\"twitter:label1\" content=\"Dur\u00e9e de lecture estim\u00e9e\" \/>\n\t<meta name=\"twitter:data1\" content=\"1 minute\" \/>\n<script type=\"application\/ld+json\" class=\"yoast-schema-graph\">{\"@context\":\"https:\/\/schema.org\",\"@graph\":[{\"@type\":\"WebPage\",\"@id\":\"https:\/\/old.epodex-industries.com\/fr\/produit\/serre-joints-a-vis-epodex-50x150mm\/\",\"url\":\"https:\/\/old.epodex-industries.com\/fr\/produit\/serre-joints-a-vis-epodex-50x150mm\/\",\"name\":\"Serre joints \u00e0 vis EPODEX 50x150mm - EPODEX Industries | B2B Plattform\",\"isPartOf\":{\"@id\":\"https:\/\/old.epodex-industries.com\/fr\/#website\"},\"primaryImageOfPage\":{\"@id\":\"https:\/\/old.epodex-industries.com\/fr\/produit\/serre-joints-a-vis-epodex-50x150mm\/#primaryimage\"},\"image\":{\"@id\":\"https:\/\/old.epodex-industries.com\/fr\/produit\/serre-joints-a-vis-epodex-50x150mm\/#primaryimage\"},\"thumbnailUrl\":\"https:\/\/old.epodex-industries.com\/wp-content\/uploads\/2023\/06\/schraubzwinge-klein.jpg\",\"datePublished\":\"2024-04-22T05:31:37+00:00\",\"dateModified\":\"2024-07-24T10:17:21+00:00\",\"breadcrumb\":{\"@id\":\"https:\/\/old.epodex-industries.com\/fr\/produit\/serre-joints-a-vis-epodex-50x150mm\/#breadcrumb\"},\"inLanguage\":\"fr-FR\",\"potentialAction\":[{\"@type\":\"ReadAction\",\"target\":[\"https:\/\/old.epodex-industries.com\/fr\/produit\/serre-joints-a-vis-epodex-50x150mm\/\"]}]},{\"@type\":\"ImageObject\",\"inLanguage\":\"fr-FR\",\"@id\":\"https:\/\/old.epodex-industries.com\/fr\/produit\/serre-joints-a-vis-epodex-50x150mm\/#primaryimage\",\"url\":\"https:\/\/old.epodex-industries.com\/wp-content\/uploads\/2023\/06\/schraubzwinge-klein.jpg\",\"contentUrl\":\"https:\/\/old.epodex-industries.com\/wp-content\/uploads\/2023\/06\/schraubzwinge-klein.jpg\",\"width\":1200,\"height\":800},{\"@type\":\"BreadcrumbList\",\"@id\":\"https:\/\/old.epodex-industries.com\/fr\/produit\/serre-joints-a-vis-epodex-50x150mm\/#breadcrumb\",\"itemListElement\":[{\"@type\":\"ListItem\",\"position\":1,\"name\":\"Startseite\",\"item\":\"https:\/\/old.epodex-industries.com\/fr\/\"},{\"@type\":\"ListItem\",\"position\":2,\"name\":\"Shop\",\"item\":\"https:\/\/old.epodex-industries.com\/fr\/shop\/\"},{\"@type\":\"ListItem\",\"position\":3,\"name\":\"Serre joints \u00e0 vis EPODEX 50x150mm\"}]},{\"@type\":\"WebSite\",\"@id\":\"https:\/\/old.epodex-industries.com\/fr\/#website\",\"url\":\"https:\/\/old.epodex-industries.com\/fr\/\",\"name\":\"EPODEX Industries | B2B Plattform\",\"description\":\"Hersteller + Gro\u00dfhandel f\u00fcr Baustoffe\",\"publisher\":{\"@id\":\"https:\/\/old.epodex-industries.com\/fr\/#organization\"},\"alternateName\":\"EPODEX Industries | Hersteller + Gro\u00dfhandel f\u00fcr Baustoffe\",\"potentialAction\":[{\"@type\":\"SearchAction\",\"target\":{\"@type\":\"EntryPoint\",\"urlTemplate\":\"https:\/\/old.epodex-industries.com\/fr\/?s={search_term_string}\"},\"query-input\":{\"@type\":\"PropertyValueSpecification\",\"valueRequired\":true,\"valueName\":\"search_term_string\"}}],\"inLanguage\":\"fr-FR\"},{\"@type\":\"Organization\",\"@id\":\"https:\/\/old.epodex-industries.com\/fr\/#organization\",\"name\":\"EPODEX Industries\",\"url\":\"https:\/\/old.epodex-industries.com\/fr\/\",\"logo\":{\"@type\":\"ImageObject\",\"inLanguage\":\"fr-FR\",\"@id\":\"https:\/\/old.epodex-industries.com\/fr\/#\/schema\/logo\/image\/\",\"url\":\"https:\/\/www.epodex-industries.com\/wp-content\/uploads\/2023\/06\/Logo-Epodex-Rechnung.jpg\",\"contentUrl\":\"https:\/\/www.epodex-industries.com\/wp-content\/uploads\/2023\/06\/Logo-Epodex-Rechnung.jpg\",\"width\":261,\"height\":50,\"caption\":\"EPODEX Industries\"},\"image\":{\"@id\":\"https:\/\/old.epodex-industries.com\/fr\/#\/schema\/logo\/image\/\"},\"sameAs\":[\"https:\/\/www.facebook.com\/Epodex\/\",\"https:\/\/www.instagram.com\/epodex_official\/\",\"https:\/\/www.pinterest.de\/epodex_com\/\",\"https:\/\/www.youtube.com\/channel\/UC7lFrJ9YpN1yg43sTc6q3ow\"]}]}<\/script>\n<!-- \/ Yoast SEO plugin. -->","yoast_head_json":{"title":"Serre joints \u00e0 vis EPODEX 50x150mm - EPODEX Industries | B2B Plattform","robots":{"index":"index","follow":"follow","max-snippet":"max-snippet:-1","max-image-preview":"max-image-preview:large","max-video-preview":"max-video-preview:-1"},"canonical":"https:\/\/old.epodex-industries.com\/fr\/produit\/serre-joints-a-vis-epodex-50x150mm\/","og_locale":"fr_FR","og_type":"article","og_title":"Serre joints \u00e0 vis EPODEX 50x150mm - EPODEX Industries | B2B Plattform","og_description":"Les serre joints \u00e0 vis EPODEX sont faits \u00e0 partir d\u2019acier robuste et durable de haute qualit\u00e9. Conviennent pour maintenir en place divers mat\u00e9riaux, pi\u00e8ces ou objets. Id\u00e9aux pour les artisans, menuisiers, charpentiers et fabriquants de meubles. Utilisez-les par exemple pour tenir en place deux planches de bois apr\u00e8s les avoir coll\u00e9es. Les serre joints \u00e0 vis EPODEX peuvent \u00eatre viss\u00e9s et d\u00e9viss\u00e9s en continu \u00e0 l\u2019aide de la poign\u00e9e soft-touch. Celle-ci est recouverte d\u2019un caoutchouc pour vous aider \u00e0 r\u00e9gler la force de serrage avec pr\u00e9cision.   Serre joints \u00e0 vis EPODEX 50 x 150mm (300g) Surfacce: rev\u00eatemement pulv\u00e9ris\u00e9e en nickel et fer  Mat\u00e9riel: acier tremp\u00e9 Plaque de pression et m\u00e2choire de serrage avec coussinets de protection en plastique M\u00e2choire de pression amovible","og_url":"https:\/\/old.epodex-industries.com\/fr\/produit\/serre-joints-a-vis-epodex-50x150mm\/","og_site_name":"EPODEX Industries | B2B Plattform","article_publisher":"https:\/\/www.facebook.com\/Epodex\/","article_modified_time":"2024-07-24T10:17:21+00:00","og_image":[{"width":1200,"height":800,"url":"https:\/\/old.epodex-industries.com\/wp-content\/uploads\/2023\/06\/schraubzwinge-klein.jpg","type":"image\/jpeg"}],"twitter_card":"summary_large_image","twitter_misc":{"Dur\u00e9e de lecture estim\u00e9e":"1 minute"},"schema":{"@context":"https:\/\/schema.org","@graph":[{"@type":"WebPage","@id":"https:\/\/old.epodex-industries.com\/fr\/produit\/serre-joints-a-vis-epodex-50x150mm\/","url":"https:\/\/old.epodex-industries.com\/fr\/produit\/serre-joints-a-vis-epodex-50x150mm\/","name":"Serre joints \u00e0 vis EPODEX 50x150mm - EPODEX Industries | B2B Plattform","isPartOf":{"@id":"https:\/\/old.epodex-industries.com\/fr\/#website"},"primaryImageOfPage":{"@id":"https:\/\/old.epodex-industries.com\/fr\/produit\/serre-joints-a-vis-epodex-50x150mm\/#primaryimage"},"image":{"@id":"https:\/\/old.epodex-industries.com\/fr\/produit\/serre-joints-a-vis-epodex-50x150mm\/#primaryimage"},"thumbnailUrl":"https:\/\/old.epodex-industries.com\/wp-content\/uploads\/2023\/06\/schraubzwinge-klein.jpg","datePublished":"2024-04-22T05:31:37+00:00","dateModified":"2024-07-24T10:17:21+00:00","breadcrumb":{"@id":"https:\/\/old.epodex-industries.com\/fr\/produit\/serre-joints-a-vis-epodex-50x150mm\/#breadcrumb"},"inLanguage":"fr-FR","potentialAction":[{"@type":"ReadAction","target":["https:\/\/old.epodex-industries.com\/fr\/produit\/serre-joints-a-vis-epodex-50x150mm\/"]}]},{"@type":"ImageObject","inLanguage":"fr-FR","@id":"https:\/\/old.epodex-industries.com\/fr\/produit\/serre-joints-a-vis-epodex-50x150mm\/#primaryimage","url":"https:\/\/old.epodex-industries.com\/wp-content\/uploads\/2023\/06\/schraubzwinge-klein.jpg","contentUrl":"https:\/\/old.epodex-industries.com\/wp-content\/uploads\/2023\/06\/schraubzwinge-klein.jpg","width":1200,"height":800},{"@type":"BreadcrumbList","@id":"https:\/\/old.epodex-industries.com\/fr\/produit\/serre-joints-a-vis-epodex-50x150mm\/#breadcrumb","itemListElement":[{"@type":"ListItem","position":1,"name":"Startseite","item":"https:\/\/old.epodex-industries.com\/fr\/"},{"@type":"ListItem","position":2,"name":"Shop","item":"https:\/\/old.epodex-industries.com\/fr\/shop\/"},{"@type":"ListItem","position":3,"name":"Serre joints \u00e0 vis EPODEX 50x150mm"}]},{"@type":"WebSite","@id":"https:\/\/old.epodex-industries.com\/fr\/#website","url":"https:\/\/old.epodex-industries.com\/fr\/","name":"EPODEX Industries | B2B Plattform","description":"Hersteller + Gro\u00dfhandel f\u00fcr Baustoffe","publisher":{"@id":"https:\/\/old.epodex-industries.com\/fr\/#organization"},"alternateName":"EPODEX Industries | Hersteller + Gro\u00dfhandel f\u00fcr Baustoffe","potentialAction":[{"@type":"SearchAction","target":{"@type":"EntryPoint","urlTemplate":"https:\/\/old.epodex-industries.com\/fr\/?s={search_term_string}"},"query-input":{"@type":"PropertyValueSpecification","valueRequired":true,"valueName":"search_term_string"}}],"inLanguage":"fr-FR"},{"@type":"Organization","@id":"https:\/\/old.epodex-industries.com\/fr\/#organization","name":"EPODEX Industries","url":"https:\/\/old.epodex-industries.com\/fr\/","logo":{"@type":"ImageObject","inLanguage":"fr-FR","@id":"https:\/\/old.epodex-industries.com\/fr\/#\/schema\/logo\/image\/","url":"https:\/\/www.epodex-industries.com\/wp-content\/uploads\/2023\/06\/Logo-Epodex-Rechnung.jpg","contentUrl":"https:\/\/www.epodex-industries.com\/wp-content\/uploads\/2023\/06\/Logo-Epodex-Rechnung.jpg","width":261,"height":50,"caption":"EPODEX Industries"},"image":{"@id":"https:\/\/old.epodex-industries.com\/fr\/#\/schema\/logo\/image\/"},"sameAs":["https:\/\/www.facebook.com\/Epodex\/","https:\/\/www.instagram.com\/epodex_official\/","https:\/\/www.pinterest.de\/epodex_com\/","https:\/\/www.youtube.com\/channel\/UC7lFrJ9YpN1yg43sTc6q3ow"]}]}},"_links":{"self":[{"href":"https:\/\/old.epodex-industries.com\/fr\/wp-json\/wp\/v2\/product\/30868","targetHints":{"allow":["GET"]}}],"collection":[{"href":"https:\/\/old.epodex-industries.com\/fr\/wp-json\/wp\/v2\/product"}],"about":[{"href":"https:\/\/old.epodex-industries.com\/fr\/wp-json\/wp\/v2\/types\/product"}],"replies":[{"embeddable":true,"href":"https:\/\/old.epodex-industries.com\/fr\/wp-json\/wp\/v2\/comments?post=30868"}],"wp:featuredmedia":[{"embeddable":true,"href":"https:\/\/old.epodex-industries.com\/fr\/wp-json\/wp\/v2\/media\/20201"}],"wp:attachment":[{"href":"https:\/\/old.epodex-industries.com\/fr\/wp-json\/wp\/v2\/media?parent=30868"}],"wp:term":[{"taxonomy":"product_brand","embeddable":true,"href":"https:\/\/old.epodex-industries.com\/fr\/wp-json\/wp\/v2\/product_brand?post=30868"},{"taxonomy":"product_cat","embeddable":true,"href":"https:\/\/old.epodex-industries.com\/fr\/wp-json\/wp\/v2\/product_cat?post=30868"},{"taxonomy":"product_tag","embeddable":true,"href":"https:\/\/old.epodex-industries.com\/fr\/wp-json\/wp\/v2\/product_tag?post=30868"}],"curies":[{"name":"wp","href":"https:\/\/api.w.org\/{rel}","templated":true}]}}