{"id":30858,"date":"2024-04-22T07:31:35","date_gmt":"2024-04-22T05:31:35","guid":{"rendered":"https:\/\/www.epodex-industries.com\/produkt\/pre-cleaner-400ml\/"},"modified":"2024-07-24T12:17:20","modified_gmt":"2024-07-24T10:17:20","slug":"pre-cleaner-400ml","status":"publish","type":"product","link":"https:\/\/old.epodex-industries.com\/fr\/produit\/pre-cleaner-400ml\/","title":{"rendered":"PRE-CLEANER 400ml"},"content":{"rendered":"<h2>Pr\u00e9-nettoyant et d\u00e9graissant EPODEX<\/h2>\n<p>Elimines les salissures telles que l\u2019huile, la graisse et la cire sur presque toutes les surfaces. Bien agiter avant utilisation. Pulv\u00e9riser d\u2019abord une petite quantit\u00e9 de spray sur votre mat\u00e9riau pour tester la compatibilit\u00e9. Appliquer sur toute la surface, puis frotter avec un chiffon. Prot\u00e9ger la bombe de spray de la lumi\u00e8re directe du soleil.<\/p>\n<p><strong>Service \u00e0 la client\u00e8le:<\/strong> Si vous avez d\u2019autres questions, contactez-nous par t\u00e9l\u00e9phone, par courrier \u00e9lectronique ou utilisez notre support WhatsApp.<\/p>\n<hr\/>\n<h3>Mentions de danger<\/h3>\n<p>DANGER: A\u00e9rosol extr\u00eamement inflammable. R\u00e9cipient sous pression : peut \u00e9clater sous l&rsquo;effet de la chaleur. Provoque une s\u00e9v\u00e8re irritation des yeux. Peut provoquer somnolence ou des vertiges. L&rsquo;exposition r\u00e9p\u00e9t\u00e9e peut provoquer dess\u00e8chement ou ger\u00e7ures de la peau. Tenir hors de port\u00e9e des enfants.<br \/>\nTenir \u00e0 l&rsquo;\u00e9cart de la chaleur, des surfaces chaudes, des \u00e9tincelles, des flammes nues et de toute autre source d&rsquo;ignition. Ne pas fumer. Ne pas vaporiser sur une flamme nue ou sur toute autre source d&rsquo;ignition. Ne pas perforer ni br\u00fbler, m\u00eame apr\u00e8s usage. Ne pas respirer les poussi\u00e8res\/fum\u00e9es\/gaz\/brouillards\/vapeurs\/ a\u00e9rosols. EN CAS DE CONTACT AVEC LES YEUX: Rincer avec pr\u00e9caution \u00e0 l&rsquo;eau pendant plusieurs minutes. Enlever les lentilles de contact si la victime en porte et si elles peuvent \u00eatre facilement enlev\u00e9es. Continuer \u00e0 rincer. Prot\u00e9ger du rayonnement solaire. Ne pas exposer \u00e0 une temp\u00e9rature sup\u00e9rieure \u00e0 50 \u00b0C\/122 \u00b0F.<\/p>\n<p><img decoding=\"async\" src=\"\/\/www.epodex.com\/de\/wp-content\/uploads\/2021\/04\/achtung.png\" \/><img decoding=\"async\" src=\"\/\/www.epodex.com\/de\/wp-content\/uploads\/2021\/04\/gefahrensymbol-flamme.png\" \/><\/p>\n","protected":false},"excerpt":{"rendered":"<ul>\n<li>Pr\u00e9-nettoyant et d\u00e9graissant EPODEX<\/li>\n<li>Utilisation facile<\/li>\n<li>Sans r\u00e9sidu<\/li>\n<li>S\u00e9chage rapide<\/li>\n<\/ul>\n","protected":false},"featured_media":16116,"comment_status":"open","ping_status":"closed","template":"","meta":[],"product_brand":[],"product_cat":[4951,24],"product_tag":[],"class_list":{"0":"post-30858","1":"product","2":"type-product","3":"status-publish","4":"has-post-thumbnail","6":"product_cat-accessoires","7":"product_cat-uncategorized","9":"first","10":"instock","11":"taxable","12":"shipping-taxable","13":"product-type-simple"},"yoast_head":"<!-- This site is optimized with the Yoast SEO plugin v26.7 - https:\/\/yoast.com\/wordpress\/plugins\/seo\/ -->\n<title>PRE-CLEANER 400ml - EPODEX Industries | B2B Plattform<\/title>\n<meta name=\"robots\" content=\"index, follow, max-snippet:-1, max-image-preview:large, max-video-preview:-1\" \/>\n<link rel=\"canonical\" href=\"https:\/\/old.epodex-industries.com\/fr\/produit\/pre-cleaner-400ml\/\" \/>\n<meta property=\"og:locale\" content=\"fr_FR\" \/>\n<meta property=\"og:type\" content=\"article\" \/>\n<meta property=\"og:title\" content=\"PRE-CLEANER 400ml - EPODEX Industries | B2B Plattform\" \/>\n<meta property=\"og:description\" content=\"Pr\u00e9-nettoyant et d\u00e9graissant EPODEX Utilisation facile Sans r\u00e9sidu S\u00e9chage rapide\" \/>\n<meta property=\"og:url\" content=\"https:\/\/old.epodex-industries.com\/fr\/produit\/pre-cleaner-400ml\/\" \/>\n<meta property=\"og:site_name\" content=\"EPODEX Industries | B2B Plattform\" \/>\n<meta property=\"article:publisher\" content=\"https:\/\/www.facebook.com\/Epodex\/\" \/>\n<meta property=\"article:modified_time\" content=\"2024-07-24T10:17:20+00:00\" \/>\n<meta property=\"og:image\" content=\"https:\/\/old.epodex-industries.com\/wp-content\/uploads\/2023\/06\/pre-cleaner-epodex.jpg\" \/>\n\t<meta property=\"og:image:width\" content=\"1200\" \/>\n\t<meta property=\"og:image:height\" content=\"800\" \/>\n\t<meta property=\"og:image:type\" content=\"image\/jpeg\" \/>\n<meta name=\"twitter:card\" content=\"summary_large_image\" \/>\n<meta name=\"twitter:label1\" content=\"Dur\u00e9e de lecture estim\u00e9e\" \/>\n\t<meta name=\"twitter:data1\" content=\"1 minute\" \/>\n<script type=\"application\/ld+json\" class=\"yoast-schema-graph\">{\"@context\":\"https:\/\/schema.org\",\"@graph\":[{\"@type\":\"WebPage\",\"@id\":\"https:\/\/old.epodex-industries.com\/fr\/produit\/pre-cleaner-400ml\/\",\"url\":\"https:\/\/old.epodex-industries.com\/fr\/produit\/pre-cleaner-400ml\/\",\"name\":\"PRE-CLEANER 400ml - EPODEX Industries | B2B Plattform\",\"isPartOf\":{\"@id\":\"https:\/\/old.epodex-industries.com\/fr\/#website\"},\"primaryImageOfPage\":{\"@id\":\"https:\/\/old.epodex-industries.com\/fr\/produit\/pre-cleaner-400ml\/#primaryimage\"},\"image\":{\"@id\":\"https:\/\/old.epodex-industries.com\/fr\/produit\/pre-cleaner-400ml\/#primaryimage\"},\"thumbnailUrl\":\"https:\/\/old.epodex-industries.com\/wp-content\/uploads\/2023\/06\/pre-cleaner-epodex.jpg\",\"datePublished\":\"2024-04-22T05:31:35+00:00\",\"dateModified\":\"2024-07-24T10:17:20+00:00\",\"breadcrumb\":{\"@id\":\"https:\/\/old.epodex-industries.com\/fr\/produit\/pre-cleaner-400ml\/#breadcrumb\"},\"inLanguage\":\"fr-FR\",\"potentialAction\":[{\"@type\":\"ReadAction\",\"target\":[\"https:\/\/old.epodex-industries.com\/fr\/produit\/pre-cleaner-400ml\/\"]}]},{\"@type\":\"ImageObject\",\"inLanguage\":\"fr-FR\",\"@id\":\"https:\/\/old.epodex-industries.com\/fr\/produit\/pre-cleaner-400ml\/#primaryimage\",\"url\":\"https:\/\/old.epodex-industries.com\/wp-content\/uploads\/2023\/06\/pre-cleaner-epodex.jpg\",\"contentUrl\":\"https:\/\/old.epodex-industries.com\/wp-content\/uploads\/2023\/06\/pre-cleaner-epodex.jpg\",\"width\":1200,\"height\":800},{\"@type\":\"BreadcrumbList\",\"@id\":\"https:\/\/old.epodex-industries.com\/fr\/produit\/pre-cleaner-400ml\/#breadcrumb\",\"itemListElement\":[{\"@type\":\"ListItem\",\"position\":1,\"name\":\"Startseite\",\"item\":\"https:\/\/old.epodex-industries.com\/fr\/\"},{\"@type\":\"ListItem\",\"position\":2,\"name\":\"Shop\",\"item\":\"https:\/\/old.epodex-industries.com\/fr\/shop\/\"},{\"@type\":\"ListItem\",\"position\":3,\"name\":\"PRE-CLEANER 400ml\"}]},{\"@type\":\"WebSite\",\"@id\":\"https:\/\/old.epodex-industries.com\/fr\/#website\",\"url\":\"https:\/\/old.epodex-industries.com\/fr\/\",\"name\":\"EPODEX Industries | B2B Plattform\",\"description\":\"Hersteller + Gro\u00dfhandel f\u00fcr Baustoffe\",\"publisher\":{\"@id\":\"https:\/\/old.epodex-industries.com\/fr\/#organization\"},\"alternateName\":\"EPODEX Industries | Hersteller + Gro\u00dfhandel f\u00fcr Baustoffe\",\"potentialAction\":[{\"@type\":\"SearchAction\",\"target\":{\"@type\":\"EntryPoint\",\"urlTemplate\":\"https:\/\/old.epodex-industries.com\/fr\/?s={search_term_string}\"},\"query-input\":{\"@type\":\"PropertyValueSpecification\",\"valueRequired\":true,\"valueName\":\"search_term_string\"}}],\"inLanguage\":\"fr-FR\"},{\"@type\":\"Organization\",\"@id\":\"https:\/\/old.epodex-industries.com\/fr\/#organization\",\"name\":\"EPODEX Industries\",\"url\":\"https:\/\/old.epodex-industries.com\/fr\/\",\"logo\":{\"@type\":\"ImageObject\",\"inLanguage\":\"fr-FR\",\"@id\":\"https:\/\/old.epodex-industries.com\/fr\/#\/schema\/logo\/image\/\",\"url\":\"https:\/\/www.epodex-industries.com\/wp-content\/uploads\/2023\/06\/Logo-Epodex-Rechnung.jpg\",\"contentUrl\":\"https:\/\/www.epodex-industries.com\/wp-content\/uploads\/2023\/06\/Logo-Epodex-Rechnung.jpg\",\"width\":261,\"height\":50,\"caption\":\"EPODEX Industries\"},\"image\":{\"@id\":\"https:\/\/old.epodex-industries.com\/fr\/#\/schema\/logo\/image\/\"},\"sameAs\":[\"https:\/\/www.facebook.com\/Epodex\/\",\"https:\/\/www.instagram.com\/epodex_official\/\",\"https:\/\/www.pinterest.de\/epodex_com\/\",\"https:\/\/www.youtube.com\/channel\/UC7lFrJ9YpN1yg43sTc6q3ow\"]}]}<\/script>\n<!-- \/ Yoast SEO plugin. -->","yoast_head_json":{"title":"PRE-CLEANER 400ml - EPODEX Industries | B2B Plattform","robots":{"index":"index","follow":"follow","max-snippet":"max-snippet:-1","max-image-preview":"max-image-preview:large","max-video-preview":"max-video-preview:-1"},"canonical":"https:\/\/old.epodex-industries.com\/fr\/produit\/pre-cleaner-400ml\/","og_locale":"fr_FR","og_type":"article","og_title":"PRE-CLEANER 400ml - EPODEX Industries | B2B Plattform","og_description":"Pr\u00e9-nettoyant et d\u00e9graissant EPODEX Utilisation facile Sans r\u00e9sidu S\u00e9chage rapide","og_url":"https:\/\/old.epodex-industries.com\/fr\/produit\/pre-cleaner-400ml\/","og_site_name":"EPODEX Industries | B2B Plattform","article_publisher":"https:\/\/www.facebook.com\/Epodex\/","article_modified_time":"2024-07-24T10:17:20+00:00","og_image":[{"width":1200,"height":800,"url":"https:\/\/old.epodex-industries.com\/wp-content\/uploads\/2023\/06\/pre-cleaner-epodex.jpg","type":"image\/jpeg"}],"twitter_card":"summary_large_image","twitter_misc":{"Dur\u00e9e de lecture estim\u00e9e":"1 minute"},"schema":{"@context":"https:\/\/schema.org","@graph":[{"@type":"WebPage","@id":"https:\/\/old.epodex-industries.com\/fr\/produit\/pre-cleaner-400ml\/","url":"https:\/\/old.epodex-industries.com\/fr\/produit\/pre-cleaner-400ml\/","name":"PRE-CLEANER 400ml - EPODEX Industries | B2B Plattform","isPartOf":{"@id":"https:\/\/old.epodex-industries.com\/fr\/#website"},"primaryImageOfPage":{"@id":"https:\/\/old.epodex-industries.com\/fr\/produit\/pre-cleaner-400ml\/#primaryimage"},"image":{"@id":"https:\/\/old.epodex-industries.com\/fr\/produit\/pre-cleaner-400ml\/#primaryimage"},"thumbnailUrl":"https:\/\/old.epodex-industries.com\/wp-content\/uploads\/2023\/06\/pre-cleaner-epodex.jpg","datePublished":"2024-04-22T05:31:35+00:00","dateModified":"2024-07-24T10:17:20+00:00","breadcrumb":{"@id":"https:\/\/old.epodex-industries.com\/fr\/produit\/pre-cleaner-400ml\/#breadcrumb"},"inLanguage":"fr-FR","potentialAction":[{"@type":"ReadAction","target":["https:\/\/old.epodex-industries.com\/fr\/produit\/pre-cleaner-400ml\/"]}]},{"@type":"ImageObject","inLanguage":"fr-FR","@id":"https:\/\/old.epodex-industries.com\/fr\/produit\/pre-cleaner-400ml\/#primaryimage","url":"https:\/\/old.epodex-industries.com\/wp-content\/uploads\/2023\/06\/pre-cleaner-epodex.jpg","contentUrl":"https:\/\/old.epodex-industries.com\/wp-content\/uploads\/2023\/06\/pre-cleaner-epodex.jpg","width":1200,"height":800},{"@type":"BreadcrumbList","@id":"https:\/\/old.epodex-industries.com\/fr\/produit\/pre-cleaner-400ml\/#breadcrumb","itemListElement":[{"@type":"ListItem","position":1,"name":"Startseite","item":"https:\/\/old.epodex-industries.com\/fr\/"},{"@type":"ListItem","position":2,"name":"Shop","item":"https:\/\/old.epodex-industries.com\/fr\/shop\/"},{"@type":"ListItem","position":3,"name":"PRE-CLEANER 400ml"}]},{"@type":"WebSite","@id":"https:\/\/old.epodex-industries.com\/fr\/#website","url":"https:\/\/old.epodex-industries.com\/fr\/","name":"EPODEX Industries | B2B Plattform","description":"Hersteller + Gro\u00dfhandel f\u00fcr Baustoffe","publisher":{"@id":"https:\/\/old.epodex-industries.com\/fr\/#organization"},"alternateName":"EPODEX Industries | Hersteller + Gro\u00dfhandel f\u00fcr Baustoffe","potentialAction":[{"@type":"SearchAction","target":{"@type":"EntryPoint","urlTemplate":"https:\/\/old.epodex-industries.com\/fr\/?s={search_term_string}"},"query-input":{"@type":"PropertyValueSpecification","valueRequired":true,"valueName":"search_term_string"}}],"inLanguage":"fr-FR"},{"@type":"Organization","@id":"https:\/\/old.epodex-industries.com\/fr\/#organization","name":"EPODEX Industries","url":"https:\/\/old.epodex-industries.com\/fr\/","logo":{"@type":"ImageObject","inLanguage":"fr-FR","@id":"https:\/\/old.epodex-industries.com\/fr\/#\/schema\/logo\/image\/","url":"https:\/\/www.epodex-industries.com\/wp-content\/uploads\/2023\/06\/Logo-Epodex-Rechnung.jpg","contentUrl":"https:\/\/www.epodex-industries.com\/wp-content\/uploads\/2023\/06\/Logo-Epodex-Rechnung.jpg","width":261,"height":50,"caption":"EPODEX Industries"},"image":{"@id":"https:\/\/old.epodex-industries.com\/fr\/#\/schema\/logo\/image\/"},"sameAs":["https:\/\/www.facebook.com\/Epodex\/","https:\/\/www.instagram.com\/epodex_official\/","https:\/\/www.pinterest.de\/epodex_com\/","https:\/\/www.youtube.com\/channel\/UC7lFrJ9YpN1yg43sTc6q3ow"]}]}},"_links":{"self":[{"href":"https:\/\/old.epodex-industries.com\/fr\/wp-json\/wp\/v2\/product\/30858","targetHints":{"allow":["GET"]}}],"collection":[{"href":"https:\/\/old.epodex-industries.com\/fr\/wp-json\/wp\/v2\/product"}],"about":[{"href":"https:\/\/old.epodex-industries.com\/fr\/wp-json\/wp\/v2\/types\/product"}],"replies":[{"embeddable":true,"href":"https:\/\/old.epodex-industries.com\/fr\/wp-json\/wp\/v2\/comments?post=30858"}],"wp:featuredmedia":[{"embeddable":true,"href":"https:\/\/old.epodex-industries.com\/fr\/wp-json\/wp\/v2\/media\/16116"}],"wp:attachment":[{"href":"https:\/\/old.epodex-industries.com\/fr\/wp-json\/wp\/v2\/media?parent=30858"}],"wp:term":[{"taxonomy":"product_brand","embeddable":true,"href":"https:\/\/old.epodex-industries.com\/fr\/wp-json\/wp\/v2\/product_brand?post=30858"},{"taxonomy":"product_cat","embeddable":true,"href":"https:\/\/old.epodex-industries.com\/fr\/wp-json\/wp\/v2\/product_cat?post=30858"},{"taxonomy":"product_tag","embeddable":true,"href":"https:\/\/old.epodex-industries.com\/fr\/wp-json\/wp\/v2\/product_tag?post=30858"}],"curies":[{"name":"wp","href":"https:\/\/api.w.org\/{rel}","templated":true}]}}