{"id":30850,"date":"2024-04-22T07:31:30","date_gmt":"2024-04-22T05:31:30","guid":{"rendered":"https:\/\/www.epodex-industries.com\/produkt\/agent-de-demoulage-pour-resine-epoxy-spray-400ml\/"},"modified":"2024-07-24T12:17:17","modified_gmt":"2024-07-24T10:17:17","slug":"agent-de-demoulage-pour-resine-epoxy-spray-400ml","status":"publish","type":"product","link":"https:\/\/old.epodex-industries.com\/fr\/produit\/agent-de-demoulage-pour-resine-epoxy-spray-400ml\/","title":{"rendered":"Agent de d\u00e9moulage pour r\u00e9sine \u00e9poxy &#8211; Spray 400ml"},"content":{"rendered":"<h2>Agent de d\u00e9moulage pour r\u00e9sine \u00e9poxy en spray<\/h2>\n<p>L&rsquo;agent de d\u00e9moulage sans solvant est adapt\u00e9 pour le moulage des r\u00e9sines \u00e9poxy, polyur\u00e9thane, acryliques et polyester. Il est Id\u00e9al pour une utilisation sur des moules lisses en PRV ou en silicone. Nous recommandons son utilisation en combinaison avec la bande anti-adh\u00e9sive d&rsquo;EPODEX. Il assure un d\u00e9moulage sans effort. Gr\u00e2ce \u00e0 la pulv\u00e9risation fine, il est m\u00eame possible d&rsquo;atteindre  les zones difficiles. Les 400ml du spray suffisent pour une surface entre 5m\u00b2 et 7m\u00b2. Le spray d&rsquo;EPODEX est exempt de solvant et de silicone. Ce qui \u00e9vite les r\u00e9sidus de silicone et donc, minimise les travaux de pon\u00e7age et de polissage.<\/p>\n<hr \/>\n<h3>Consignes d&rsquo;utilisation<\/h3>\n<p>Bien agiter avant de l&rsquo;utiliser. Pulv\u00e9risez l&rsquo;agent de d\u00e9moulage en fine couche et de mani\u00e8re uniforme sur la surface \u00e0 d\u00e9mouler \u00e0 une distance de 20 \u00e0 30cm. Si des surfaces tr\u00e9s lisses sont n\u00e9cessaires, essuyez le film de protection avec un chiffon doux. Le spray forme un film transparent apr\u00e8s la pulv\u00e9risation.<\/p>\n<p><strong>Service \u00e0 la client\u00e8le:<\/strong> Si vous avez d&rsquo;autres questions, contactez-nous par t\u00e9l\u00e9phone, par courrier \u00e9lectronique ou utilisez notre support WhatsApp.<\/p>\n<hr \/>\n<h3>Mentions de danger<\/h3>\n<p>DANGER: A\u00e9rosol extr\u00eamement inflammable. R\u00e9cipient sous pression : peut \u00e9clater sous l&rsquo;effet de la chaleur. Tenir hors de port\u00e9e des enfants. Tenir \u00e0 l&rsquo;\u00e9cart de la chaleur, des surfaces chaudes, des \u00e9tincelles, des flammes nues et de toute autre source d&rsquo;ignition. Ne pas fumer. Ne pas vaporiser sur une flamme nue ou sur toute autre source d&rsquo;ignition. Ne pas perforer ni br\u00fbler, m\u00eame apr\u00e8s usage. Ne pas respirer les poussi\u00e8res\/fum\u00e9es\/gaz\/brouillards\/vapeurs\/ a\u00e9rosols. Prot\u00e9ger du rayonnement solaire. Ne pas exposer \u00e0 une temp\u00e9rature sup\u00e9rieure \u00e0 50\u00b0C\/122\u00b0F. Gaz propulseur : propane\/butane\n<\/p>\n<p><img decoding=\"async\" src=\"https:\/\/www.epodex.com\/de\/wp-content\/uploads\/2021\/04\/gefahrensymbol-flamme.png\" \/><\/p>\n","protected":false},"excerpt":{"rendered":"<ul>\n<li>Sans silicone et sans solvent<\/li>\n<li>D\u00e9moulage facile et sans effort<\/li>\n<li>Facile d&rsquo;application<\/li>\n<li>Inodore<\/li>\n<li>400ml<\/li>\n<\/ul>\n","protected":false},"featured_media":16100,"comment_status":"open","ping_status":"closed","template":"","meta":[],"product_brand":[],"product_cat":[4951,24],"product_tag":[],"class_list":{"0":"post-30850","1":"product","2":"type-product","3":"status-publish","4":"has-post-thumbnail","6":"product_cat-accessoires","7":"product_cat-uncategorized","9":"first","10":"instock","11":"taxable","12":"shipping-taxable","13":"product-type-simple"},"yoast_head":"<!-- This site is optimized with the Yoast SEO plugin v26.7 - https:\/\/yoast.com\/wordpress\/plugins\/seo\/ -->\n<title>Agent de d\u00e9moulage pour r\u00e9sine \u00e9poxy - Spray 400ml - EPODEX Industries | B2B Plattform<\/title>\n<meta name=\"robots\" content=\"index, follow, max-snippet:-1, max-image-preview:large, max-video-preview:-1\" \/>\n<link rel=\"canonical\" href=\"https:\/\/old.epodex-industries.com\/fr\/produkt\/agent-de-demoulage-pour-resine-epoxy-spray-400ml\/\" \/>\n<meta property=\"og:locale\" content=\"fr_FR\" \/>\n<meta property=\"og:type\" content=\"article\" \/>\n<meta property=\"og:title\" content=\"Agent de d\u00e9moulage pour r\u00e9sine \u00e9poxy - Spray 400ml - EPODEX Industries | B2B Plattform\" \/>\n<meta property=\"og:description\" content=\"Sans silicone et sans solvent  D\u00e9moulage facile et sans effort  Facile d&#039;application  Inodore 400ml\" \/>\n<meta property=\"og:url\" content=\"https:\/\/old.epodex-industries.com\/fr\/produkt\/agent-de-demoulage-pour-resine-epoxy-spray-400ml\/\" \/>\n<meta property=\"og:site_name\" content=\"EPODEX Industries | B2B Plattform\" \/>\n<meta property=\"article:publisher\" content=\"https:\/\/www.facebook.com\/Epodex\/\" \/>\n<meta property=\"article:modified_time\" content=\"2024-07-24T10:17:17+00:00\" \/>\n<meta property=\"og:image\" content=\"https:\/\/old.epodex-industries.com\/wp-content\/uploads\/2023\/06\/trennmittel-spray-release-epodex.jpg\" \/>\n\t<meta property=\"og:image:width\" content=\"1200\" \/>\n\t<meta property=\"og:image:height\" content=\"800\" \/>\n\t<meta property=\"og:image:type\" content=\"image\/jpeg\" \/>\n<meta name=\"twitter:card\" content=\"summary_large_image\" \/>\n<meta name=\"twitter:label1\" content=\"Dur\u00e9e de lecture estim\u00e9e\" \/>\n\t<meta name=\"twitter:data1\" content=\"2 minutes\" \/>\n<script type=\"application\/ld+json\" class=\"yoast-schema-graph\">{\"@context\":\"https:\/\/schema.org\",\"@graph\":[{\"@type\":\"WebPage\",\"@id\":\"https:\/\/old.epodex-industries.com\/fr\/produkt\/agent-de-demoulage-pour-resine-epoxy-spray-400ml\/\",\"url\":\"https:\/\/old.epodex-industries.com\/fr\/produkt\/agent-de-demoulage-pour-resine-epoxy-spray-400ml\/\",\"name\":\"Agent de d\u00e9moulage pour r\u00e9sine \u00e9poxy - Spray 400ml - EPODEX Industries | B2B Plattform\",\"isPartOf\":{\"@id\":\"https:\/\/old.epodex-industries.com\/fr\/#website\"},\"primaryImageOfPage\":{\"@id\":\"https:\/\/old.epodex-industries.com\/fr\/produkt\/agent-de-demoulage-pour-resine-epoxy-spray-400ml\/#primaryimage\"},\"image\":{\"@id\":\"https:\/\/old.epodex-industries.com\/fr\/produkt\/agent-de-demoulage-pour-resine-epoxy-spray-400ml\/#primaryimage\"},\"thumbnailUrl\":\"https:\/\/old.epodex-industries.com\/wp-content\/uploads\/2023\/06\/trennmittel-spray-release-epodex.jpg\",\"datePublished\":\"2024-04-22T05:31:30+00:00\",\"dateModified\":\"2024-07-24T10:17:17+00:00\",\"breadcrumb\":{\"@id\":\"https:\/\/old.epodex-industries.com\/fr\/produkt\/agent-de-demoulage-pour-resine-epoxy-spray-400ml\/#breadcrumb\"},\"inLanguage\":\"fr-FR\",\"potentialAction\":[{\"@type\":\"ReadAction\",\"target\":[\"https:\/\/old.epodex-industries.com\/fr\/produkt\/agent-de-demoulage-pour-resine-epoxy-spray-400ml\/\"]}]},{\"@type\":\"ImageObject\",\"inLanguage\":\"fr-FR\",\"@id\":\"https:\/\/old.epodex-industries.com\/fr\/produkt\/agent-de-demoulage-pour-resine-epoxy-spray-400ml\/#primaryimage\",\"url\":\"https:\/\/old.epodex-industries.com\/wp-content\/uploads\/2023\/06\/trennmittel-spray-release-epodex.jpg\",\"contentUrl\":\"https:\/\/old.epodex-industries.com\/wp-content\/uploads\/2023\/06\/trennmittel-spray-release-epodex.jpg\",\"width\":1200,\"height\":800},{\"@type\":\"BreadcrumbList\",\"@id\":\"https:\/\/old.epodex-industries.com\/fr\/produkt\/agent-de-demoulage-pour-resine-epoxy-spray-400ml\/#breadcrumb\",\"itemListElement\":[{\"@type\":\"ListItem\",\"position\":1,\"name\":\"Startseite\",\"item\":\"https:\/\/old.epodex-industries.com\/fr\/\"},{\"@type\":\"ListItem\",\"position\":2,\"name\":\"Shop\",\"item\":\"https:\/\/old.epodex-industries.com\/fr\/shop\/\"},{\"@type\":\"ListItem\",\"position\":3,\"name\":\"Agent de d\u00e9moulage pour r\u00e9sine \u00e9poxy &#8211; Spray 400ml\"}]},{\"@type\":\"WebSite\",\"@id\":\"https:\/\/old.epodex-industries.com\/fr\/#website\",\"url\":\"https:\/\/old.epodex-industries.com\/fr\/\",\"name\":\"EPODEX Industries | B2B Plattform\",\"description\":\"Hersteller + Gro\u00dfhandel f\u00fcr Baustoffe\",\"publisher\":{\"@id\":\"https:\/\/old.epodex-industries.com\/fr\/#organization\"},\"alternateName\":\"EPODEX Industries | Hersteller + Gro\u00dfhandel f\u00fcr Baustoffe\",\"potentialAction\":[{\"@type\":\"SearchAction\",\"target\":{\"@type\":\"EntryPoint\",\"urlTemplate\":\"https:\/\/old.epodex-industries.com\/fr\/?s={search_term_string}\"},\"query-input\":{\"@type\":\"PropertyValueSpecification\",\"valueRequired\":true,\"valueName\":\"search_term_string\"}}],\"inLanguage\":\"fr-FR\"},{\"@type\":\"Organization\",\"@id\":\"https:\/\/old.epodex-industries.com\/fr\/#organization\",\"name\":\"EPODEX Industries\",\"url\":\"https:\/\/old.epodex-industries.com\/fr\/\",\"logo\":{\"@type\":\"ImageObject\",\"inLanguage\":\"fr-FR\",\"@id\":\"https:\/\/old.epodex-industries.com\/fr\/#\/schema\/logo\/image\/\",\"url\":\"https:\/\/www.epodex-industries.com\/wp-content\/uploads\/2023\/06\/Logo-Epodex-Rechnung.jpg\",\"contentUrl\":\"https:\/\/www.epodex-industries.com\/wp-content\/uploads\/2023\/06\/Logo-Epodex-Rechnung.jpg\",\"width\":261,\"height\":50,\"caption\":\"EPODEX Industries\"},\"image\":{\"@id\":\"https:\/\/old.epodex-industries.com\/fr\/#\/schema\/logo\/image\/\"},\"sameAs\":[\"https:\/\/www.facebook.com\/Epodex\/\",\"https:\/\/www.instagram.com\/epodex_official\/\",\"https:\/\/www.pinterest.de\/epodex_com\/\",\"https:\/\/www.youtube.com\/channel\/UC7lFrJ9YpN1yg43sTc6q3ow\"]}]}<\/script>\n<!-- \/ Yoast SEO plugin. -->","yoast_head_json":{"title":"Agent de d\u00e9moulage pour r\u00e9sine \u00e9poxy - Spray 400ml - EPODEX Industries | B2B Plattform","robots":{"index":"index","follow":"follow","max-snippet":"max-snippet:-1","max-image-preview":"max-image-preview:large","max-video-preview":"max-video-preview:-1"},"canonical":"https:\/\/old.epodex-industries.com\/fr\/produkt\/agent-de-demoulage-pour-resine-epoxy-spray-400ml\/","og_locale":"fr_FR","og_type":"article","og_title":"Agent de d\u00e9moulage pour r\u00e9sine \u00e9poxy - Spray 400ml - EPODEX Industries | B2B Plattform","og_description":"Sans silicone et sans solvent  D\u00e9moulage facile et sans effort  Facile d'application  Inodore 400ml","og_url":"https:\/\/old.epodex-industries.com\/fr\/produkt\/agent-de-demoulage-pour-resine-epoxy-spray-400ml\/","og_site_name":"EPODEX Industries | B2B Plattform","article_publisher":"https:\/\/www.facebook.com\/Epodex\/","article_modified_time":"2024-07-24T10:17:17+00:00","og_image":[{"width":1200,"height":800,"url":"https:\/\/old.epodex-industries.com\/wp-content\/uploads\/2023\/06\/trennmittel-spray-release-epodex.jpg","type":"image\/jpeg"}],"twitter_card":"summary_large_image","twitter_misc":{"Dur\u00e9e de lecture estim\u00e9e":"2 minutes"},"schema":{"@context":"https:\/\/schema.org","@graph":[{"@type":"WebPage","@id":"https:\/\/old.epodex-industries.com\/fr\/produkt\/agent-de-demoulage-pour-resine-epoxy-spray-400ml\/","url":"https:\/\/old.epodex-industries.com\/fr\/produkt\/agent-de-demoulage-pour-resine-epoxy-spray-400ml\/","name":"Agent de d\u00e9moulage pour r\u00e9sine \u00e9poxy - Spray 400ml - EPODEX Industries | B2B Plattform","isPartOf":{"@id":"https:\/\/old.epodex-industries.com\/fr\/#website"},"primaryImageOfPage":{"@id":"https:\/\/old.epodex-industries.com\/fr\/produkt\/agent-de-demoulage-pour-resine-epoxy-spray-400ml\/#primaryimage"},"image":{"@id":"https:\/\/old.epodex-industries.com\/fr\/produkt\/agent-de-demoulage-pour-resine-epoxy-spray-400ml\/#primaryimage"},"thumbnailUrl":"https:\/\/old.epodex-industries.com\/wp-content\/uploads\/2023\/06\/trennmittel-spray-release-epodex.jpg","datePublished":"2024-04-22T05:31:30+00:00","dateModified":"2024-07-24T10:17:17+00:00","breadcrumb":{"@id":"https:\/\/old.epodex-industries.com\/fr\/produkt\/agent-de-demoulage-pour-resine-epoxy-spray-400ml\/#breadcrumb"},"inLanguage":"fr-FR","potentialAction":[{"@type":"ReadAction","target":["https:\/\/old.epodex-industries.com\/fr\/produkt\/agent-de-demoulage-pour-resine-epoxy-spray-400ml\/"]}]},{"@type":"ImageObject","inLanguage":"fr-FR","@id":"https:\/\/old.epodex-industries.com\/fr\/produkt\/agent-de-demoulage-pour-resine-epoxy-spray-400ml\/#primaryimage","url":"https:\/\/old.epodex-industries.com\/wp-content\/uploads\/2023\/06\/trennmittel-spray-release-epodex.jpg","contentUrl":"https:\/\/old.epodex-industries.com\/wp-content\/uploads\/2023\/06\/trennmittel-spray-release-epodex.jpg","width":1200,"height":800},{"@type":"BreadcrumbList","@id":"https:\/\/old.epodex-industries.com\/fr\/produkt\/agent-de-demoulage-pour-resine-epoxy-spray-400ml\/#breadcrumb","itemListElement":[{"@type":"ListItem","position":1,"name":"Startseite","item":"https:\/\/old.epodex-industries.com\/fr\/"},{"@type":"ListItem","position":2,"name":"Shop","item":"https:\/\/old.epodex-industries.com\/fr\/shop\/"},{"@type":"ListItem","position":3,"name":"Agent de d\u00e9moulage pour r\u00e9sine \u00e9poxy &#8211; Spray 400ml"}]},{"@type":"WebSite","@id":"https:\/\/old.epodex-industries.com\/fr\/#website","url":"https:\/\/old.epodex-industries.com\/fr\/","name":"EPODEX Industries | B2B Plattform","description":"Hersteller + Gro\u00dfhandel f\u00fcr Baustoffe","publisher":{"@id":"https:\/\/old.epodex-industries.com\/fr\/#organization"},"alternateName":"EPODEX Industries | Hersteller + Gro\u00dfhandel f\u00fcr Baustoffe","potentialAction":[{"@type":"SearchAction","target":{"@type":"EntryPoint","urlTemplate":"https:\/\/old.epodex-industries.com\/fr\/?s={search_term_string}"},"query-input":{"@type":"PropertyValueSpecification","valueRequired":true,"valueName":"search_term_string"}}],"inLanguage":"fr-FR"},{"@type":"Organization","@id":"https:\/\/old.epodex-industries.com\/fr\/#organization","name":"EPODEX Industries","url":"https:\/\/old.epodex-industries.com\/fr\/","logo":{"@type":"ImageObject","inLanguage":"fr-FR","@id":"https:\/\/old.epodex-industries.com\/fr\/#\/schema\/logo\/image\/","url":"https:\/\/www.epodex-industries.com\/wp-content\/uploads\/2023\/06\/Logo-Epodex-Rechnung.jpg","contentUrl":"https:\/\/www.epodex-industries.com\/wp-content\/uploads\/2023\/06\/Logo-Epodex-Rechnung.jpg","width":261,"height":50,"caption":"EPODEX Industries"},"image":{"@id":"https:\/\/old.epodex-industries.com\/fr\/#\/schema\/logo\/image\/"},"sameAs":["https:\/\/www.facebook.com\/Epodex\/","https:\/\/www.instagram.com\/epodex_official\/","https:\/\/www.pinterest.de\/epodex_com\/","https:\/\/www.youtube.com\/channel\/UC7lFrJ9YpN1yg43sTc6q3ow"]}]}},"_links":{"self":[{"href":"https:\/\/old.epodex-industries.com\/fr\/wp-json\/wp\/v2\/product\/30850","targetHints":{"allow":["GET"]}}],"collection":[{"href":"https:\/\/old.epodex-industries.com\/fr\/wp-json\/wp\/v2\/product"}],"about":[{"href":"https:\/\/old.epodex-industries.com\/fr\/wp-json\/wp\/v2\/types\/product"}],"replies":[{"embeddable":true,"href":"https:\/\/old.epodex-industries.com\/fr\/wp-json\/wp\/v2\/comments?post=30850"}],"wp:featuredmedia":[{"embeddable":true,"href":"https:\/\/old.epodex-industries.com\/fr\/wp-json\/wp\/v2\/media\/16100"}],"wp:attachment":[{"href":"https:\/\/old.epodex-industries.com\/fr\/wp-json\/wp\/v2\/media?parent=30850"}],"wp:term":[{"taxonomy":"product_brand","embeddable":true,"href":"https:\/\/old.epodex-industries.com\/fr\/wp-json\/wp\/v2\/product_brand?post=30850"},{"taxonomy":"product_cat","embeddable":true,"href":"https:\/\/old.epodex-industries.com\/fr\/wp-json\/wp\/v2\/product_cat?post=30850"},{"taxonomy":"product_tag","embeddable":true,"href":"https:\/\/old.epodex-industries.com\/fr\/wp-json\/wp\/v2\/product_tag?post=30850"}],"curies":[{"name":"wp","href":"https:\/\/api.w.org\/{rel}","templated":true}]}}