{"id":30843,"date":"2024-04-22T07:31:27","date_gmt":"2024-04-22T05:31:27","guid":{"rendered":"https:\/\/www.epodex-industries.com\/produkt\/gants-jetables-en-nitrile-1-paire\/"},"modified":"2024-07-24T12:17:16","modified_gmt":"2024-07-24T10:17:16","slug":"gants-jetables-en-nitrile-1-paire","status":"publish","type":"product","link":"https:\/\/old.epodex-industries.com\/fr\/produit\/gants-jetables-en-nitrile-1-paire\/","title":{"rendered":"Gants jetables en nitrile \u2013 1 paire"},"content":{"rendered":"<h2>Gants jetables en nitrile<\/h2>\n<p>Les gants jetables en nitrile sont une mesure de pr\u00e9caution indispensable lors de la manipulation de la r\u00e9sine \u00e9poxy. Les gants emp\u00eachent les substances dangereuses, tels que les solvents et produits chimiques, de p\u00e9n\u00e9trer dans votre organismes. Sans poudre ni latex, ils sont bien tol\u00e9r\u00e9s par la peau et constituent la solution id\u00e9ale pour les personnes allergiques au latex. Outre la manipulation de produits chimiques, les gants en nitrile de grade alimentaire peuvent \u00e9galement \u00eatre utilis\u00e9s dans les cuisines sans aucun probl\u00e8me.<\/p>\n<p><strong>Service \u00e0 la client\u00e8le:<\/strong> Si vous avez d&rsquo;autres questions, contactez-nous par t\u00e9l\u00e9phone, par courrier \u00e9lectronique ou utilisez notre support WhatsApp.<\/p>\n","protected":false},"excerpt":{"rendered":"<p>Nos gants sont faits en caoutchouc nitrile butadi\u00e8ne et sont id\u00e9aux pour la travail avec la r\u00e9sine \u00e9poxy.<\/p>\n","protected":false},"featured_media":16087,"comment_status":"open","ping_status":"closed","template":"","meta":[],"product_brand":[],"product_cat":[4951,24],"product_tag":[],"class_list":{"0":"post-30843","1":"product","2":"type-product","3":"status-publish","4":"has-post-thumbnail","6":"product_cat-accessoires","7":"product_cat-uncategorized","9":"first","10":"instock","11":"taxable","12":"shipping-taxable","13":"product-type-simple"},"yoast_head":"<!-- This site is optimized with the Yoast SEO plugin v26.7 - https:\/\/yoast.com\/wordpress\/plugins\/seo\/ -->\n<title>Gants jetables en nitrile \u2013 1 paire - EPODEX Industries | B2B Plattform<\/title>\n<meta name=\"robots\" content=\"index, follow, max-snippet:-1, max-image-preview:large, max-video-preview:-1\" \/>\n<link rel=\"canonical\" href=\"https:\/\/old.epodex-industries.com\/fr\/produkt\/gants-jetables-en-nitrile-1-paire\/\" \/>\n<meta property=\"og:locale\" content=\"fr_FR\" \/>\n<meta property=\"og:type\" content=\"article\" \/>\n<meta property=\"og:title\" content=\"Gants jetables en nitrile \u2013 1 paire - EPODEX Industries | B2B Plattform\" \/>\n<meta property=\"og:description\" content=\"Nos gants sont faits en caoutchouc nitrile butadi\u00e8ne et sont id\u00e9aux pour la travail avec la r\u00e9sine \u00e9poxy.\" \/>\n<meta property=\"og:url\" content=\"https:\/\/old.epodex-industries.com\/fr\/produkt\/gants-jetables-en-nitrile-1-paire\/\" \/>\n<meta property=\"og:site_name\" content=\"EPODEX Industries | B2B Plattform\" \/>\n<meta property=\"article:publisher\" content=\"https:\/\/www.facebook.com\/Epodex\/\" \/>\n<meta property=\"article:modified_time\" content=\"2024-07-24T10:17:16+00:00\" \/>\n<meta property=\"og:image\" content=\"https:\/\/old.epodex-industries.com\/wp-content\/uploads\/2023\/06\/epoxidharz-handschuhe-epodex.jpg\" \/>\n\t<meta property=\"og:image:width\" content=\"1200\" \/>\n\t<meta property=\"og:image:height\" content=\"800\" \/>\n\t<meta property=\"og:image:type\" content=\"image\/jpeg\" \/>\n<meta name=\"twitter:card\" content=\"summary_large_image\" \/>\n<meta name=\"twitter:label1\" content=\"Dur\u00e9e de lecture estim\u00e9e\" \/>\n\t<meta name=\"twitter:data1\" content=\"1 minute\" \/>\n<script type=\"application\/ld+json\" class=\"yoast-schema-graph\">{\"@context\":\"https:\/\/schema.org\",\"@graph\":[{\"@type\":\"WebPage\",\"@id\":\"https:\/\/old.epodex-industries.com\/fr\/produkt\/gants-jetables-en-nitrile-1-paire\/\",\"url\":\"https:\/\/old.epodex-industries.com\/fr\/produkt\/gants-jetables-en-nitrile-1-paire\/\",\"name\":\"Gants jetables en nitrile \u2013 1 paire - EPODEX Industries | B2B Plattform\",\"isPartOf\":{\"@id\":\"https:\/\/old.epodex-industries.com\/fr\/#website\"},\"primaryImageOfPage\":{\"@id\":\"https:\/\/old.epodex-industries.com\/fr\/produkt\/gants-jetables-en-nitrile-1-paire\/#primaryimage\"},\"image\":{\"@id\":\"https:\/\/old.epodex-industries.com\/fr\/produkt\/gants-jetables-en-nitrile-1-paire\/#primaryimage\"},\"thumbnailUrl\":\"https:\/\/old.epodex-industries.com\/wp-content\/uploads\/2023\/06\/epoxidharz-handschuhe-epodex.jpg\",\"datePublished\":\"2024-04-22T05:31:27+00:00\",\"dateModified\":\"2024-07-24T10:17:16+00:00\",\"breadcrumb\":{\"@id\":\"https:\/\/old.epodex-industries.com\/fr\/produkt\/gants-jetables-en-nitrile-1-paire\/#breadcrumb\"},\"inLanguage\":\"fr-FR\",\"potentialAction\":[{\"@type\":\"ReadAction\",\"target\":[\"https:\/\/old.epodex-industries.com\/fr\/produkt\/gants-jetables-en-nitrile-1-paire\/\"]}]},{\"@type\":\"ImageObject\",\"inLanguage\":\"fr-FR\",\"@id\":\"https:\/\/old.epodex-industries.com\/fr\/produkt\/gants-jetables-en-nitrile-1-paire\/#primaryimage\",\"url\":\"https:\/\/old.epodex-industries.com\/wp-content\/uploads\/2023\/06\/epoxidharz-handschuhe-epodex.jpg\",\"contentUrl\":\"https:\/\/old.epodex-industries.com\/wp-content\/uploads\/2023\/06\/epoxidharz-handschuhe-epodex.jpg\",\"width\":1200,\"height\":800},{\"@type\":\"BreadcrumbList\",\"@id\":\"https:\/\/old.epodex-industries.com\/fr\/produkt\/gants-jetables-en-nitrile-1-paire\/#breadcrumb\",\"itemListElement\":[{\"@type\":\"ListItem\",\"position\":1,\"name\":\"Startseite\",\"item\":\"https:\/\/old.epodex-industries.com\/fr\/\"},{\"@type\":\"ListItem\",\"position\":2,\"name\":\"Shop\",\"item\":\"https:\/\/old.epodex-industries.com\/fr\/shop\/\"},{\"@type\":\"ListItem\",\"position\":3,\"name\":\"Gants jetables en nitrile \u2013 1 paire\"}]},{\"@type\":\"WebSite\",\"@id\":\"https:\/\/old.epodex-industries.com\/fr\/#website\",\"url\":\"https:\/\/old.epodex-industries.com\/fr\/\",\"name\":\"EPODEX Industries | B2B Plattform\",\"description\":\"Hersteller + Gro\u00dfhandel f\u00fcr Baustoffe\",\"publisher\":{\"@id\":\"https:\/\/old.epodex-industries.com\/fr\/#organization\"},\"alternateName\":\"EPODEX Industries | Hersteller + Gro\u00dfhandel f\u00fcr Baustoffe\",\"potentialAction\":[{\"@type\":\"SearchAction\",\"target\":{\"@type\":\"EntryPoint\",\"urlTemplate\":\"https:\/\/old.epodex-industries.com\/fr\/?s={search_term_string}\"},\"query-input\":{\"@type\":\"PropertyValueSpecification\",\"valueRequired\":true,\"valueName\":\"search_term_string\"}}],\"inLanguage\":\"fr-FR\"},{\"@type\":\"Organization\",\"@id\":\"https:\/\/old.epodex-industries.com\/fr\/#organization\",\"name\":\"EPODEX Industries\",\"url\":\"https:\/\/old.epodex-industries.com\/fr\/\",\"logo\":{\"@type\":\"ImageObject\",\"inLanguage\":\"fr-FR\",\"@id\":\"https:\/\/old.epodex-industries.com\/fr\/#\/schema\/logo\/image\/\",\"url\":\"https:\/\/www.epodex-industries.com\/wp-content\/uploads\/2023\/06\/Logo-Epodex-Rechnung.jpg\",\"contentUrl\":\"https:\/\/www.epodex-industries.com\/wp-content\/uploads\/2023\/06\/Logo-Epodex-Rechnung.jpg\",\"width\":261,\"height\":50,\"caption\":\"EPODEX Industries\"},\"image\":{\"@id\":\"https:\/\/old.epodex-industries.com\/fr\/#\/schema\/logo\/image\/\"},\"sameAs\":[\"https:\/\/www.facebook.com\/Epodex\/\",\"https:\/\/www.instagram.com\/epodex_official\/\",\"https:\/\/www.pinterest.de\/epodex_com\/\",\"https:\/\/www.youtube.com\/channel\/UC7lFrJ9YpN1yg43sTc6q3ow\"]}]}<\/script>\n<!-- \/ Yoast SEO plugin. -->","yoast_head_json":{"title":"Gants jetables en nitrile \u2013 1 paire - EPODEX Industries | B2B Plattform","robots":{"index":"index","follow":"follow","max-snippet":"max-snippet:-1","max-image-preview":"max-image-preview:large","max-video-preview":"max-video-preview:-1"},"canonical":"https:\/\/old.epodex-industries.com\/fr\/produkt\/gants-jetables-en-nitrile-1-paire\/","og_locale":"fr_FR","og_type":"article","og_title":"Gants jetables en nitrile \u2013 1 paire - EPODEX Industries | B2B Plattform","og_description":"Nos gants sont faits en caoutchouc nitrile butadi\u00e8ne et sont id\u00e9aux pour la travail avec la r\u00e9sine \u00e9poxy.","og_url":"https:\/\/old.epodex-industries.com\/fr\/produkt\/gants-jetables-en-nitrile-1-paire\/","og_site_name":"EPODEX Industries | B2B Plattform","article_publisher":"https:\/\/www.facebook.com\/Epodex\/","article_modified_time":"2024-07-24T10:17:16+00:00","og_image":[{"width":1200,"height":800,"url":"https:\/\/old.epodex-industries.com\/wp-content\/uploads\/2023\/06\/epoxidharz-handschuhe-epodex.jpg","type":"image\/jpeg"}],"twitter_card":"summary_large_image","twitter_misc":{"Dur\u00e9e de lecture estim\u00e9e":"1 minute"},"schema":{"@context":"https:\/\/schema.org","@graph":[{"@type":"WebPage","@id":"https:\/\/old.epodex-industries.com\/fr\/produkt\/gants-jetables-en-nitrile-1-paire\/","url":"https:\/\/old.epodex-industries.com\/fr\/produkt\/gants-jetables-en-nitrile-1-paire\/","name":"Gants jetables en nitrile \u2013 1 paire - EPODEX Industries | B2B Plattform","isPartOf":{"@id":"https:\/\/old.epodex-industries.com\/fr\/#website"},"primaryImageOfPage":{"@id":"https:\/\/old.epodex-industries.com\/fr\/produkt\/gants-jetables-en-nitrile-1-paire\/#primaryimage"},"image":{"@id":"https:\/\/old.epodex-industries.com\/fr\/produkt\/gants-jetables-en-nitrile-1-paire\/#primaryimage"},"thumbnailUrl":"https:\/\/old.epodex-industries.com\/wp-content\/uploads\/2023\/06\/epoxidharz-handschuhe-epodex.jpg","datePublished":"2024-04-22T05:31:27+00:00","dateModified":"2024-07-24T10:17:16+00:00","breadcrumb":{"@id":"https:\/\/old.epodex-industries.com\/fr\/produkt\/gants-jetables-en-nitrile-1-paire\/#breadcrumb"},"inLanguage":"fr-FR","potentialAction":[{"@type":"ReadAction","target":["https:\/\/old.epodex-industries.com\/fr\/produkt\/gants-jetables-en-nitrile-1-paire\/"]}]},{"@type":"ImageObject","inLanguage":"fr-FR","@id":"https:\/\/old.epodex-industries.com\/fr\/produkt\/gants-jetables-en-nitrile-1-paire\/#primaryimage","url":"https:\/\/old.epodex-industries.com\/wp-content\/uploads\/2023\/06\/epoxidharz-handschuhe-epodex.jpg","contentUrl":"https:\/\/old.epodex-industries.com\/wp-content\/uploads\/2023\/06\/epoxidharz-handschuhe-epodex.jpg","width":1200,"height":800},{"@type":"BreadcrumbList","@id":"https:\/\/old.epodex-industries.com\/fr\/produkt\/gants-jetables-en-nitrile-1-paire\/#breadcrumb","itemListElement":[{"@type":"ListItem","position":1,"name":"Startseite","item":"https:\/\/old.epodex-industries.com\/fr\/"},{"@type":"ListItem","position":2,"name":"Shop","item":"https:\/\/old.epodex-industries.com\/fr\/shop\/"},{"@type":"ListItem","position":3,"name":"Gants jetables en nitrile \u2013 1 paire"}]},{"@type":"WebSite","@id":"https:\/\/old.epodex-industries.com\/fr\/#website","url":"https:\/\/old.epodex-industries.com\/fr\/","name":"EPODEX Industries | B2B Plattform","description":"Hersteller + Gro\u00dfhandel f\u00fcr Baustoffe","publisher":{"@id":"https:\/\/old.epodex-industries.com\/fr\/#organization"},"alternateName":"EPODEX Industries | Hersteller + Gro\u00dfhandel f\u00fcr Baustoffe","potentialAction":[{"@type":"SearchAction","target":{"@type":"EntryPoint","urlTemplate":"https:\/\/old.epodex-industries.com\/fr\/?s={search_term_string}"},"query-input":{"@type":"PropertyValueSpecification","valueRequired":true,"valueName":"search_term_string"}}],"inLanguage":"fr-FR"},{"@type":"Organization","@id":"https:\/\/old.epodex-industries.com\/fr\/#organization","name":"EPODEX Industries","url":"https:\/\/old.epodex-industries.com\/fr\/","logo":{"@type":"ImageObject","inLanguage":"fr-FR","@id":"https:\/\/old.epodex-industries.com\/fr\/#\/schema\/logo\/image\/","url":"https:\/\/www.epodex-industries.com\/wp-content\/uploads\/2023\/06\/Logo-Epodex-Rechnung.jpg","contentUrl":"https:\/\/www.epodex-industries.com\/wp-content\/uploads\/2023\/06\/Logo-Epodex-Rechnung.jpg","width":261,"height":50,"caption":"EPODEX Industries"},"image":{"@id":"https:\/\/old.epodex-industries.com\/fr\/#\/schema\/logo\/image\/"},"sameAs":["https:\/\/www.facebook.com\/Epodex\/","https:\/\/www.instagram.com\/epodex_official\/","https:\/\/www.pinterest.de\/epodex_com\/","https:\/\/www.youtube.com\/channel\/UC7lFrJ9YpN1yg43sTc6q3ow"]}]}},"_links":{"self":[{"href":"https:\/\/old.epodex-industries.com\/fr\/wp-json\/wp\/v2\/product\/30843","targetHints":{"allow":["GET"]}}],"collection":[{"href":"https:\/\/old.epodex-industries.com\/fr\/wp-json\/wp\/v2\/product"}],"about":[{"href":"https:\/\/old.epodex-industries.com\/fr\/wp-json\/wp\/v2\/types\/product"}],"replies":[{"embeddable":true,"href":"https:\/\/old.epodex-industries.com\/fr\/wp-json\/wp\/v2\/comments?post=30843"}],"wp:featuredmedia":[{"embeddable":true,"href":"https:\/\/old.epodex-industries.com\/fr\/wp-json\/wp\/v2\/media\/16087"}],"wp:attachment":[{"href":"https:\/\/old.epodex-industries.com\/fr\/wp-json\/wp\/v2\/media?parent=30843"}],"wp:term":[{"taxonomy":"product_brand","embeddable":true,"href":"https:\/\/old.epodex-industries.com\/fr\/wp-json\/wp\/v2\/product_brand?post=30843"},{"taxonomy":"product_cat","embeddable":true,"href":"https:\/\/old.epodex-industries.com\/fr\/wp-json\/wp\/v2\/product_cat?post=30843"},{"taxonomy":"product_tag","embeddable":true,"href":"https:\/\/old.epodex-industries.com\/fr\/wp-json\/wp\/v2\/product_tag?post=30843"}],"curies":[{"name":"wp","href":"https:\/\/api.w.org\/{rel}","templated":true}]}}