{"id":30841,"date":"2024-04-22T07:31:26","date_gmt":"2024-04-22T05:31:26","guid":{"rendered":"https:\/\/www.epodex-industries.com\/produkt\/set-de-spatules-japonaises-inox-4-spatules-en-acier-inoxydable-50-80-100-und-120mm\/"},"modified":"2024-07-24T12:17:16","modified_gmt":"2024-07-24T10:17:16","slug":"set-de-spatules-japonaises-inox-4-spatules-en-acier-inoxydable-50-80-100-und-120mm","status":"publish","type":"product","link":"https:\/\/old.epodex-industries.com\/fr\/produit\/set-de-spatules-japonaises-inox-4-spatules-en-acier-inoxydable-50-80-100-und-120mm\/","title":{"rendered":"Set de spatules japonaises inox \u2013 4 spatules en acier inoxydable (50, 80, 100 und 120mm)"},"content":{"rendered":"<h2>Set de spatules japonaises inox<\/h2>\n<p>Le set de spatules japonaises de est compos\u00e9 de quatre spatules de taille petite \u00e0 moyenne. Id\u00e9ales pour r\u00e9parer les petits trous, les fissures ou pour les travaux de peinture. Elles sont un outil pratique dans chaque atelier. Les spatules en acier inoxydable ont un support en plastique et une largeur de 50, 80, 100 et 120mm.<\/p>\n<p><strong>Service \u00e0 la client\u00e8le:<\/strong> Si vous avez d&rsquo;autres questions, contactez-nous par t\u00e9l\u00e9phone, par courrier \u00e9lectronique ou utilisez notre support WhatsApp.<\/p>\n","protected":false},"excerpt":{"rendered":"<ul>\n<li>Spatule dent\u00e9e<\/li>\n<li>Acier inoxydable<\/li>\n<\/ul>\n","protected":false},"featured_media":16083,"comment_status":"open","ping_status":"closed","template":"","meta":[],"product_brand":[],"product_cat":[4951,24],"product_tag":[],"class_list":{"0":"post-30841","1":"product","2":"type-product","3":"status-publish","4":"has-post-thumbnail","6":"product_cat-accessoires","7":"product_cat-uncategorized","9":"first","10":"instock","11":"taxable","12":"shipping-taxable","13":"product-type-simple"},"yoast_head":"<!-- This site is optimized with the Yoast SEO plugin v26.7 - https:\/\/yoast.com\/wordpress\/plugins\/seo\/ -->\n<title>Set de spatules japonaises inox \u2013 4 spatules en acier inoxydable (50, 80, 100 und 120mm) - EPODEX Industries | B2B Plattform<\/title>\n<meta name=\"robots\" content=\"index, follow, max-snippet:-1, max-image-preview:large, max-video-preview:-1\" \/>\n<link rel=\"canonical\" href=\"https:\/\/old.epodex-industries.com\/fr\/produit\/set-de-spatules-japonaises-inox-4-spatules-en-acier-inoxydable-50-80-100-und-120mm\/\" \/>\n<meta property=\"og:locale\" content=\"fr_FR\" \/>\n<meta property=\"og:type\" content=\"article\" \/>\n<meta property=\"og:title\" content=\"Set de spatules japonaises inox \u2013 4 spatules en acier inoxydable (50, 80, 100 und 120mm) - EPODEX Industries | B2B Plattform\" \/>\n<meta property=\"og:description\" content=\"Spatule dent\u00e9e  Acier inoxydable\" \/>\n<meta property=\"og:url\" content=\"https:\/\/old.epodex-industries.com\/fr\/produit\/set-de-spatules-japonaises-inox-4-spatules-en-acier-inoxydable-50-80-100-und-120mm\/\" \/>\n<meta property=\"og:site_name\" content=\"EPODEX Industries | B2B Plattform\" \/>\n<meta property=\"article:publisher\" content=\"https:\/\/www.facebook.com\/Epodex\/\" \/>\n<meta property=\"article:modified_time\" content=\"2024-07-24T10:17:16+00:00\" \/>\n<meta property=\"og:image\" content=\"https:\/\/old.epodex-industries.com\/wp-content\/uploads\/2023\/06\/Epoxidharz-Japanspachtel-Epodex.jpg\" \/>\n\t<meta property=\"og:image:width\" content=\"1200\" \/>\n\t<meta property=\"og:image:height\" content=\"800\" \/>\n\t<meta property=\"og:image:type\" content=\"image\/jpeg\" \/>\n<meta name=\"twitter:card\" content=\"summary_large_image\" \/>\n<script type=\"application\/ld+json\" class=\"yoast-schema-graph\">{\"@context\":\"https:\/\/schema.org\",\"@graph\":[{\"@type\":\"WebPage\",\"@id\":\"https:\/\/old.epodex-industries.com\/fr\/produit\/set-de-spatules-japonaises-inox-4-spatules-en-acier-inoxydable-50-80-100-und-120mm\/\",\"url\":\"https:\/\/old.epodex-industries.com\/fr\/produit\/set-de-spatules-japonaises-inox-4-spatules-en-acier-inoxydable-50-80-100-und-120mm\/\",\"name\":\"Set de spatules japonaises inox \u2013 4 spatules en acier inoxydable (50, 80, 100 und 120mm) - EPODEX Industries | B2B Plattform\",\"isPartOf\":{\"@id\":\"https:\/\/old.epodex-industries.com\/fr\/#website\"},\"primaryImageOfPage\":{\"@id\":\"https:\/\/old.epodex-industries.com\/fr\/produit\/set-de-spatules-japonaises-inox-4-spatules-en-acier-inoxydable-50-80-100-und-120mm\/#primaryimage\"},\"image\":{\"@id\":\"https:\/\/old.epodex-industries.com\/fr\/produit\/set-de-spatules-japonaises-inox-4-spatules-en-acier-inoxydable-50-80-100-und-120mm\/#primaryimage\"},\"thumbnailUrl\":\"https:\/\/old.epodex-industries.com\/wp-content\/uploads\/2023\/06\/Epoxidharz-Japanspachtel-Epodex.jpg\",\"datePublished\":\"2024-04-22T05:31:26+00:00\",\"dateModified\":\"2024-07-24T10:17:16+00:00\",\"breadcrumb\":{\"@id\":\"https:\/\/old.epodex-industries.com\/fr\/produit\/set-de-spatules-japonaises-inox-4-spatules-en-acier-inoxydable-50-80-100-und-120mm\/#breadcrumb\"},\"inLanguage\":\"fr-FR\",\"potentialAction\":[{\"@type\":\"ReadAction\",\"target\":[\"https:\/\/old.epodex-industries.com\/fr\/produit\/set-de-spatules-japonaises-inox-4-spatules-en-acier-inoxydable-50-80-100-und-120mm\/\"]}]},{\"@type\":\"ImageObject\",\"inLanguage\":\"fr-FR\",\"@id\":\"https:\/\/old.epodex-industries.com\/fr\/produit\/set-de-spatules-japonaises-inox-4-spatules-en-acier-inoxydable-50-80-100-und-120mm\/#primaryimage\",\"url\":\"https:\/\/old.epodex-industries.com\/wp-content\/uploads\/2023\/06\/Epoxidharz-Japanspachtel-Epodex.jpg\",\"contentUrl\":\"https:\/\/old.epodex-industries.com\/wp-content\/uploads\/2023\/06\/Epoxidharz-Japanspachtel-Epodex.jpg\",\"width\":1200,\"height\":800},{\"@type\":\"BreadcrumbList\",\"@id\":\"https:\/\/old.epodex-industries.com\/fr\/produit\/set-de-spatules-japonaises-inox-4-spatules-en-acier-inoxydable-50-80-100-und-120mm\/#breadcrumb\",\"itemListElement\":[{\"@type\":\"ListItem\",\"position\":1,\"name\":\"Startseite\",\"item\":\"https:\/\/old.epodex-industries.com\/fr\/\"},{\"@type\":\"ListItem\",\"position\":2,\"name\":\"Shop\",\"item\":\"https:\/\/old.epodex-industries.com\/fr\/shop\/\"},{\"@type\":\"ListItem\",\"position\":3,\"name\":\"Set de spatules japonaises inox \u2013 4 spatules en acier inoxydable (50, 80, 100 und 120mm)\"}]},{\"@type\":\"WebSite\",\"@id\":\"https:\/\/old.epodex-industries.com\/fr\/#website\",\"url\":\"https:\/\/old.epodex-industries.com\/fr\/\",\"name\":\"EPODEX Industries | B2B Plattform\",\"description\":\"Hersteller + Gro\u00dfhandel f\u00fcr Baustoffe\",\"publisher\":{\"@id\":\"https:\/\/old.epodex-industries.com\/fr\/#organization\"},\"alternateName\":\"EPODEX Industries | Hersteller + Gro\u00dfhandel f\u00fcr Baustoffe\",\"potentialAction\":[{\"@type\":\"SearchAction\",\"target\":{\"@type\":\"EntryPoint\",\"urlTemplate\":\"https:\/\/old.epodex-industries.com\/fr\/?s={search_term_string}\"},\"query-input\":{\"@type\":\"PropertyValueSpecification\",\"valueRequired\":true,\"valueName\":\"search_term_string\"}}],\"inLanguage\":\"fr-FR\"},{\"@type\":\"Organization\",\"@id\":\"https:\/\/old.epodex-industries.com\/fr\/#organization\",\"name\":\"EPODEX Industries\",\"url\":\"https:\/\/old.epodex-industries.com\/fr\/\",\"logo\":{\"@type\":\"ImageObject\",\"inLanguage\":\"fr-FR\",\"@id\":\"https:\/\/old.epodex-industries.com\/fr\/#\/schema\/logo\/image\/\",\"url\":\"https:\/\/www.epodex-industries.com\/wp-content\/uploads\/2023\/06\/Logo-Epodex-Rechnung.jpg\",\"contentUrl\":\"https:\/\/www.epodex-industries.com\/wp-content\/uploads\/2023\/06\/Logo-Epodex-Rechnung.jpg\",\"width\":261,\"height\":50,\"caption\":\"EPODEX Industries\"},\"image\":{\"@id\":\"https:\/\/old.epodex-industries.com\/fr\/#\/schema\/logo\/image\/\"},\"sameAs\":[\"https:\/\/www.facebook.com\/Epodex\/\",\"https:\/\/www.instagram.com\/epodex_official\/\",\"https:\/\/www.pinterest.de\/epodex_com\/\",\"https:\/\/www.youtube.com\/channel\/UC7lFrJ9YpN1yg43sTc6q3ow\"]}]}<\/script>\n<!-- \/ Yoast SEO plugin. -->","yoast_head_json":{"title":"Set de spatules japonaises inox \u2013 4 spatules en acier inoxydable (50, 80, 100 und 120mm) - EPODEX Industries | B2B Plattform","robots":{"index":"index","follow":"follow","max-snippet":"max-snippet:-1","max-image-preview":"max-image-preview:large","max-video-preview":"max-video-preview:-1"},"canonical":"https:\/\/old.epodex-industries.com\/fr\/produit\/set-de-spatules-japonaises-inox-4-spatules-en-acier-inoxydable-50-80-100-und-120mm\/","og_locale":"fr_FR","og_type":"article","og_title":"Set de spatules japonaises inox \u2013 4 spatules en acier inoxydable (50, 80, 100 und 120mm) - EPODEX Industries | B2B Plattform","og_description":"Spatule dent\u00e9e  Acier inoxydable","og_url":"https:\/\/old.epodex-industries.com\/fr\/produit\/set-de-spatules-japonaises-inox-4-spatules-en-acier-inoxydable-50-80-100-und-120mm\/","og_site_name":"EPODEX Industries | B2B Plattform","article_publisher":"https:\/\/www.facebook.com\/Epodex\/","article_modified_time":"2024-07-24T10:17:16+00:00","og_image":[{"width":1200,"height":800,"url":"https:\/\/old.epodex-industries.com\/wp-content\/uploads\/2023\/06\/Epoxidharz-Japanspachtel-Epodex.jpg","type":"image\/jpeg"}],"twitter_card":"summary_large_image","schema":{"@context":"https:\/\/schema.org","@graph":[{"@type":"WebPage","@id":"https:\/\/old.epodex-industries.com\/fr\/produit\/set-de-spatules-japonaises-inox-4-spatules-en-acier-inoxydable-50-80-100-und-120mm\/","url":"https:\/\/old.epodex-industries.com\/fr\/produit\/set-de-spatules-japonaises-inox-4-spatules-en-acier-inoxydable-50-80-100-und-120mm\/","name":"Set de spatules japonaises inox \u2013 4 spatules en acier inoxydable (50, 80, 100 und 120mm) - EPODEX Industries | B2B Plattform","isPartOf":{"@id":"https:\/\/old.epodex-industries.com\/fr\/#website"},"primaryImageOfPage":{"@id":"https:\/\/old.epodex-industries.com\/fr\/produit\/set-de-spatules-japonaises-inox-4-spatules-en-acier-inoxydable-50-80-100-und-120mm\/#primaryimage"},"image":{"@id":"https:\/\/old.epodex-industries.com\/fr\/produit\/set-de-spatules-japonaises-inox-4-spatules-en-acier-inoxydable-50-80-100-und-120mm\/#primaryimage"},"thumbnailUrl":"https:\/\/old.epodex-industries.com\/wp-content\/uploads\/2023\/06\/Epoxidharz-Japanspachtel-Epodex.jpg","datePublished":"2024-04-22T05:31:26+00:00","dateModified":"2024-07-24T10:17:16+00:00","breadcrumb":{"@id":"https:\/\/old.epodex-industries.com\/fr\/produit\/set-de-spatules-japonaises-inox-4-spatules-en-acier-inoxydable-50-80-100-und-120mm\/#breadcrumb"},"inLanguage":"fr-FR","potentialAction":[{"@type":"ReadAction","target":["https:\/\/old.epodex-industries.com\/fr\/produit\/set-de-spatules-japonaises-inox-4-spatules-en-acier-inoxydable-50-80-100-und-120mm\/"]}]},{"@type":"ImageObject","inLanguage":"fr-FR","@id":"https:\/\/old.epodex-industries.com\/fr\/produit\/set-de-spatules-japonaises-inox-4-spatules-en-acier-inoxydable-50-80-100-und-120mm\/#primaryimage","url":"https:\/\/old.epodex-industries.com\/wp-content\/uploads\/2023\/06\/Epoxidharz-Japanspachtel-Epodex.jpg","contentUrl":"https:\/\/old.epodex-industries.com\/wp-content\/uploads\/2023\/06\/Epoxidharz-Japanspachtel-Epodex.jpg","width":1200,"height":800},{"@type":"BreadcrumbList","@id":"https:\/\/old.epodex-industries.com\/fr\/produit\/set-de-spatules-japonaises-inox-4-spatules-en-acier-inoxydable-50-80-100-und-120mm\/#breadcrumb","itemListElement":[{"@type":"ListItem","position":1,"name":"Startseite","item":"https:\/\/old.epodex-industries.com\/fr\/"},{"@type":"ListItem","position":2,"name":"Shop","item":"https:\/\/old.epodex-industries.com\/fr\/shop\/"},{"@type":"ListItem","position":3,"name":"Set de spatules japonaises inox \u2013 4 spatules en acier inoxydable (50, 80, 100 und 120mm)"}]},{"@type":"WebSite","@id":"https:\/\/old.epodex-industries.com\/fr\/#website","url":"https:\/\/old.epodex-industries.com\/fr\/","name":"EPODEX Industries | B2B Plattform","description":"Hersteller + Gro\u00dfhandel f\u00fcr Baustoffe","publisher":{"@id":"https:\/\/old.epodex-industries.com\/fr\/#organization"},"alternateName":"EPODEX Industries | Hersteller + Gro\u00dfhandel f\u00fcr Baustoffe","potentialAction":[{"@type":"SearchAction","target":{"@type":"EntryPoint","urlTemplate":"https:\/\/old.epodex-industries.com\/fr\/?s={search_term_string}"},"query-input":{"@type":"PropertyValueSpecification","valueRequired":true,"valueName":"search_term_string"}}],"inLanguage":"fr-FR"},{"@type":"Organization","@id":"https:\/\/old.epodex-industries.com\/fr\/#organization","name":"EPODEX Industries","url":"https:\/\/old.epodex-industries.com\/fr\/","logo":{"@type":"ImageObject","inLanguage":"fr-FR","@id":"https:\/\/old.epodex-industries.com\/fr\/#\/schema\/logo\/image\/","url":"https:\/\/www.epodex-industries.com\/wp-content\/uploads\/2023\/06\/Logo-Epodex-Rechnung.jpg","contentUrl":"https:\/\/www.epodex-industries.com\/wp-content\/uploads\/2023\/06\/Logo-Epodex-Rechnung.jpg","width":261,"height":50,"caption":"EPODEX Industries"},"image":{"@id":"https:\/\/old.epodex-industries.com\/fr\/#\/schema\/logo\/image\/"},"sameAs":["https:\/\/www.facebook.com\/Epodex\/","https:\/\/www.instagram.com\/epodex_official\/","https:\/\/www.pinterest.de\/epodex_com\/","https:\/\/www.youtube.com\/channel\/UC7lFrJ9YpN1yg43sTc6q3ow"]}]}},"_links":{"self":[{"href":"https:\/\/old.epodex-industries.com\/fr\/wp-json\/wp\/v2\/product\/30841","targetHints":{"allow":["GET"]}}],"collection":[{"href":"https:\/\/old.epodex-industries.com\/fr\/wp-json\/wp\/v2\/product"}],"about":[{"href":"https:\/\/old.epodex-industries.com\/fr\/wp-json\/wp\/v2\/types\/product"}],"replies":[{"embeddable":true,"href":"https:\/\/old.epodex-industries.com\/fr\/wp-json\/wp\/v2\/comments?post=30841"}],"wp:featuredmedia":[{"embeddable":true,"href":"https:\/\/old.epodex-industries.com\/fr\/wp-json\/wp\/v2\/media\/16083"}],"wp:attachment":[{"href":"https:\/\/old.epodex-industries.com\/fr\/wp-json\/wp\/v2\/media?parent=30841"}],"wp:term":[{"taxonomy":"product_brand","embeddable":true,"href":"https:\/\/old.epodex-industries.com\/fr\/wp-json\/wp\/v2\/product_brand?post=30841"},{"taxonomy":"product_cat","embeddable":true,"href":"https:\/\/old.epodex-industries.com\/fr\/wp-json\/wp\/v2\/product_cat?post=30841"},{"taxonomy":"product_tag","embeddable":true,"href":"https:\/\/old.epodex-industries.com\/fr\/wp-json\/wp\/v2\/product_tag?post=30841"}],"curies":[{"name":"wp","href":"https:\/\/api.w.org\/{rel}","templated":true}]}}