{"id":30832,"date":"2024-04-22T07:31:23","date_gmt":"2024-04-22T05:31:23","guid":{"rendered":"https:\/\/www.epodex-industries.com\/produkt\/niveau-a-bulle-en-aluminium-50cm\/"},"modified":"2024-07-24T12:17:15","modified_gmt":"2024-07-24T10:17:15","slug":"niveau-a-bulle-en-aluminium-50cm","status":"publish","type":"product","link":"https:\/\/old.epodex-industries.com\/fr\/produit\/niveau-a-bulle-en-aluminium-50cm\/","title":{"rendered":"Niveau \u00e0 bulle en aluminium \u2013 50cm"},"content":{"rendered":"<h2>Niveau \u00e0 bulle EPODEX<\/h2>\n<p><strong>Consignes d\u2018utilisation:<\/strong><br \/>\nUtiliser le niveau \u00e0 bulle pour aligner objets et mobiliers horizontalement ou verticalement. L\u2019objet \u00e0 aligner est \u00e0 niveau lorsque la bulle d\u2019air dans l\u2019indicateur est parfaitement centr\u00e9e.<\/p>\n<hr\/>\n<p><strong>Service \u00e0 la client\u00e8le:<\/strong> Si vous avez d\u2019autres questions, contactez-nous par t\u00e9l\u00e9phone, par courrier \u00e9lectronique ou utilisez notre support WhatsApp.<\/p>\n","protected":false},"excerpt":{"rendered":"<p>Le niveau \u00e0 bulle magn\u00e9tique EPODEX permet un aligement parfait \u00e0 tous les coups. Gr\u00e2ce \u00e0 sa r\u00e8gle int\u00e9gr\u00e9e, il est \u00e9galement possible de mesurer en plus de mettre \u00e0 niveau. Avec une longueur de 50cm et trois indicateurs de niveau, le niveau \u00e0 bulle EPODEX convient parfaitement pour des travaux de pr\u00e9cision. Les indicateurs de niveau contiennent un liquide r\u00e9sistant aux rayonnement UV qui ne s\u2019\u00e9vapore pas. Celui-ci assure une utilisation pr\u00e9cise du niveau \u00e0 bulle et ce m\u00eame apr\u00e8s plusieurs ann\u00e9es.<\/p>\n<ul>\n<li>Niveau \u00e0 bulle EPODEX<\/li>\n<li>Dimensions: 50cm x 4,7 x 2cm<\/li>\n<li>Support en aluminium aimant\u00e9<\/li>\n<li>3 indicateurs facile \u00e0 lire<\/li>\n<li>Unit\u00e9 de messure: m\u00e9trique<\/li>\n<\/ul>\n","protected":false},"featured_media":16067,"comment_status":"open","ping_status":"closed","template":"","meta":[],"product_brand":[],"product_cat":[4951,24],"product_tag":[],"class_list":{"0":"post-30832","1":"product","2":"type-product","3":"status-publish","4":"has-post-thumbnail","6":"product_cat-accessoires","7":"product_cat-uncategorized","9":"first","10":"instock","11":"taxable","12":"shipping-taxable","13":"product-type-simple"},"yoast_head":"<!-- This site is optimized with the Yoast SEO plugin v26.7 - https:\/\/yoast.com\/wordpress\/plugins\/seo\/ -->\n<title>Niveau \u00e0 bulle en aluminium \u2013 50cm - EPODEX Industries | B2B Plattform<\/title>\n<meta name=\"robots\" content=\"index, follow, max-snippet:-1, max-image-preview:large, max-video-preview:-1\" \/>\n<link rel=\"canonical\" href=\"https:\/\/old.epodex-industries.com\/fr\/produkt\/niveau-a-bulle-en-aluminium-50cm\/\" \/>\n<meta property=\"og:locale\" content=\"fr_FR\" \/>\n<meta property=\"og:type\" content=\"article\" \/>\n<meta property=\"og:title\" content=\"Niveau \u00e0 bulle en aluminium \u2013 50cm - EPODEX Industries | B2B Plattform\" \/>\n<meta property=\"og:description\" content=\"Le niveau \u00e0 bulle magn\u00e9tique EPODEX permet un aligement parfait \u00e0 tous les coups. Gr\u00e2ce \u00e0 sa r\u00e8gle int\u00e9gr\u00e9e, il est \u00e9galement possible de mesurer en plus de mettre \u00e0 niveau. Avec une longueur de 50cm et trois indicateurs de niveau, le niveau \u00e0 bulle EPODEX convient parfaitement pour des travaux de pr\u00e9cision. Les indicateurs de niveau contiennent un liquide r\u00e9sistant aux rayonnement UV qui ne s\u2019\u00e9vapore pas. Celui-ci assure une utilisation pr\u00e9cise du niveau \u00e0 bulle et ce m\u00eame apr\u00e8s plusieurs ann\u00e9es.   Niveau \u00e0 bulle EPODEX Dimensions: 50cm x 4,7 x 2cm Support en aluminium aimant\u00e9  3 indicateurs facile \u00e0 lire Unit\u00e9 de messure: m\u00e9trique\" \/>\n<meta property=\"og:url\" content=\"https:\/\/old.epodex-industries.com\/fr\/produkt\/niveau-a-bulle-en-aluminium-50cm\/\" \/>\n<meta property=\"og:site_name\" content=\"EPODEX Industries | B2B Plattform\" \/>\n<meta property=\"article:publisher\" content=\"https:\/\/www.facebook.com\/Epodex\/\" \/>\n<meta property=\"article:modified_time\" content=\"2024-07-24T10:17:15+00:00\" \/>\n<meta property=\"og:image\" content=\"https:\/\/old.epodex-industries.com\/wp-content\/uploads\/2023\/06\/wasserwaage.jpg\" \/>\n\t<meta property=\"og:image:width\" content=\"1200\" \/>\n\t<meta property=\"og:image:height\" content=\"800\" \/>\n\t<meta property=\"og:image:type\" content=\"image\/jpeg\" \/>\n<meta name=\"twitter:card\" content=\"summary_large_image\" \/>\n<script type=\"application\/ld+json\" class=\"yoast-schema-graph\">{\"@context\":\"https:\/\/schema.org\",\"@graph\":[{\"@type\":\"WebPage\",\"@id\":\"https:\/\/old.epodex-industries.com\/fr\/produkt\/niveau-a-bulle-en-aluminium-50cm\/\",\"url\":\"https:\/\/old.epodex-industries.com\/fr\/produkt\/niveau-a-bulle-en-aluminium-50cm\/\",\"name\":\"Niveau \u00e0 bulle en aluminium \u2013 50cm - EPODEX Industries | B2B Plattform\",\"isPartOf\":{\"@id\":\"https:\/\/old.epodex-industries.com\/fr\/#website\"},\"primaryImageOfPage\":{\"@id\":\"https:\/\/old.epodex-industries.com\/fr\/produkt\/niveau-a-bulle-en-aluminium-50cm\/#primaryimage\"},\"image\":{\"@id\":\"https:\/\/old.epodex-industries.com\/fr\/produkt\/niveau-a-bulle-en-aluminium-50cm\/#primaryimage\"},\"thumbnailUrl\":\"https:\/\/old.epodex-industries.com\/wp-content\/uploads\/2023\/06\/wasserwaage.jpg\",\"datePublished\":\"2024-04-22T05:31:23+00:00\",\"dateModified\":\"2024-07-24T10:17:15+00:00\",\"breadcrumb\":{\"@id\":\"https:\/\/old.epodex-industries.com\/fr\/produkt\/niveau-a-bulle-en-aluminium-50cm\/#breadcrumb\"},\"inLanguage\":\"fr-FR\",\"potentialAction\":[{\"@type\":\"ReadAction\",\"target\":[\"https:\/\/old.epodex-industries.com\/fr\/produkt\/niveau-a-bulle-en-aluminium-50cm\/\"]}]},{\"@type\":\"ImageObject\",\"inLanguage\":\"fr-FR\",\"@id\":\"https:\/\/old.epodex-industries.com\/fr\/produkt\/niveau-a-bulle-en-aluminium-50cm\/#primaryimage\",\"url\":\"https:\/\/old.epodex-industries.com\/wp-content\/uploads\/2023\/06\/wasserwaage.jpg\",\"contentUrl\":\"https:\/\/old.epodex-industries.com\/wp-content\/uploads\/2023\/06\/wasserwaage.jpg\",\"width\":1200,\"height\":800},{\"@type\":\"BreadcrumbList\",\"@id\":\"https:\/\/old.epodex-industries.com\/fr\/produkt\/niveau-a-bulle-en-aluminium-50cm\/#breadcrumb\",\"itemListElement\":[{\"@type\":\"ListItem\",\"position\":1,\"name\":\"Startseite\",\"item\":\"https:\/\/old.epodex-industries.com\/fr\/\"},{\"@type\":\"ListItem\",\"position\":2,\"name\":\"Shop\",\"item\":\"https:\/\/old.epodex-industries.com\/fr\/shop\/\"},{\"@type\":\"ListItem\",\"position\":3,\"name\":\"Niveau \u00e0 bulle en aluminium \u2013 50cm\"}]},{\"@type\":\"WebSite\",\"@id\":\"https:\/\/old.epodex-industries.com\/fr\/#website\",\"url\":\"https:\/\/old.epodex-industries.com\/fr\/\",\"name\":\"EPODEX Industries | B2B Plattform\",\"description\":\"Hersteller + Gro\u00dfhandel f\u00fcr Baustoffe\",\"publisher\":{\"@id\":\"https:\/\/old.epodex-industries.com\/fr\/#organization\"},\"alternateName\":\"EPODEX Industries | Hersteller + Gro\u00dfhandel f\u00fcr Baustoffe\",\"potentialAction\":[{\"@type\":\"SearchAction\",\"target\":{\"@type\":\"EntryPoint\",\"urlTemplate\":\"https:\/\/old.epodex-industries.com\/fr\/?s={search_term_string}\"},\"query-input\":{\"@type\":\"PropertyValueSpecification\",\"valueRequired\":true,\"valueName\":\"search_term_string\"}}],\"inLanguage\":\"fr-FR\"},{\"@type\":\"Organization\",\"@id\":\"https:\/\/old.epodex-industries.com\/fr\/#organization\",\"name\":\"EPODEX Industries\",\"url\":\"https:\/\/old.epodex-industries.com\/fr\/\",\"logo\":{\"@type\":\"ImageObject\",\"inLanguage\":\"fr-FR\",\"@id\":\"https:\/\/old.epodex-industries.com\/fr\/#\/schema\/logo\/image\/\",\"url\":\"https:\/\/www.epodex-industries.com\/wp-content\/uploads\/2023\/06\/Logo-Epodex-Rechnung.jpg\",\"contentUrl\":\"https:\/\/www.epodex-industries.com\/wp-content\/uploads\/2023\/06\/Logo-Epodex-Rechnung.jpg\",\"width\":261,\"height\":50,\"caption\":\"EPODEX Industries\"},\"image\":{\"@id\":\"https:\/\/old.epodex-industries.com\/fr\/#\/schema\/logo\/image\/\"},\"sameAs\":[\"https:\/\/www.facebook.com\/Epodex\/\",\"https:\/\/www.instagram.com\/epodex_official\/\",\"https:\/\/www.pinterest.de\/epodex_com\/\",\"https:\/\/www.youtube.com\/channel\/UC7lFrJ9YpN1yg43sTc6q3ow\"]}]}<\/script>\n<!-- \/ Yoast SEO plugin. -->","yoast_head_json":{"title":"Niveau \u00e0 bulle en aluminium \u2013 50cm - EPODEX Industries | B2B Plattform","robots":{"index":"index","follow":"follow","max-snippet":"max-snippet:-1","max-image-preview":"max-image-preview:large","max-video-preview":"max-video-preview:-1"},"canonical":"https:\/\/old.epodex-industries.com\/fr\/produkt\/niveau-a-bulle-en-aluminium-50cm\/","og_locale":"fr_FR","og_type":"article","og_title":"Niveau \u00e0 bulle en aluminium \u2013 50cm - EPODEX Industries | B2B Plattform","og_description":"Le niveau \u00e0 bulle magn\u00e9tique EPODEX permet un aligement parfait \u00e0 tous les coups. Gr\u00e2ce \u00e0 sa r\u00e8gle int\u00e9gr\u00e9e, il est \u00e9galement possible de mesurer en plus de mettre \u00e0 niveau. Avec une longueur de 50cm et trois indicateurs de niveau, le niveau \u00e0 bulle EPODEX convient parfaitement pour des travaux de pr\u00e9cision. Les indicateurs de niveau contiennent un liquide r\u00e9sistant aux rayonnement UV qui ne s\u2019\u00e9vapore pas. Celui-ci assure une utilisation pr\u00e9cise du niveau \u00e0 bulle et ce m\u00eame apr\u00e8s plusieurs ann\u00e9es.   Niveau \u00e0 bulle EPODEX Dimensions: 50cm x 4,7 x 2cm Support en aluminium aimant\u00e9  3 indicateurs facile \u00e0 lire Unit\u00e9 de messure: m\u00e9trique","og_url":"https:\/\/old.epodex-industries.com\/fr\/produkt\/niveau-a-bulle-en-aluminium-50cm\/","og_site_name":"EPODEX Industries | B2B Plattform","article_publisher":"https:\/\/www.facebook.com\/Epodex\/","article_modified_time":"2024-07-24T10:17:15+00:00","og_image":[{"width":1200,"height":800,"url":"https:\/\/old.epodex-industries.com\/wp-content\/uploads\/2023\/06\/wasserwaage.jpg","type":"image\/jpeg"}],"twitter_card":"summary_large_image","schema":{"@context":"https:\/\/schema.org","@graph":[{"@type":"WebPage","@id":"https:\/\/old.epodex-industries.com\/fr\/produkt\/niveau-a-bulle-en-aluminium-50cm\/","url":"https:\/\/old.epodex-industries.com\/fr\/produkt\/niveau-a-bulle-en-aluminium-50cm\/","name":"Niveau \u00e0 bulle en aluminium \u2013 50cm - EPODEX Industries | B2B Plattform","isPartOf":{"@id":"https:\/\/old.epodex-industries.com\/fr\/#website"},"primaryImageOfPage":{"@id":"https:\/\/old.epodex-industries.com\/fr\/produkt\/niveau-a-bulle-en-aluminium-50cm\/#primaryimage"},"image":{"@id":"https:\/\/old.epodex-industries.com\/fr\/produkt\/niveau-a-bulle-en-aluminium-50cm\/#primaryimage"},"thumbnailUrl":"https:\/\/old.epodex-industries.com\/wp-content\/uploads\/2023\/06\/wasserwaage.jpg","datePublished":"2024-04-22T05:31:23+00:00","dateModified":"2024-07-24T10:17:15+00:00","breadcrumb":{"@id":"https:\/\/old.epodex-industries.com\/fr\/produkt\/niveau-a-bulle-en-aluminium-50cm\/#breadcrumb"},"inLanguage":"fr-FR","potentialAction":[{"@type":"ReadAction","target":["https:\/\/old.epodex-industries.com\/fr\/produkt\/niveau-a-bulle-en-aluminium-50cm\/"]}]},{"@type":"ImageObject","inLanguage":"fr-FR","@id":"https:\/\/old.epodex-industries.com\/fr\/produkt\/niveau-a-bulle-en-aluminium-50cm\/#primaryimage","url":"https:\/\/old.epodex-industries.com\/wp-content\/uploads\/2023\/06\/wasserwaage.jpg","contentUrl":"https:\/\/old.epodex-industries.com\/wp-content\/uploads\/2023\/06\/wasserwaage.jpg","width":1200,"height":800},{"@type":"BreadcrumbList","@id":"https:\/\/old.epodex-industries.com\/fr\/produkt\/niveau-a-bulle-en-aluminium-50cm\/#breadcrumb","itemListElement":[{"@type":"ListItem","position":1,"name":"Startseite","item":"https:\/\/old.epodex-industries.com\/fr\/"},{"@type":"ListItem","position":2,"name":"Shop","item":"https:\/\/old.epodex-industries.com\/fr\/shop\/"},{"@type":"ListItem","position":3,"name":"Niveau \u00e0 bulle en aluminium \u2013 50cm"}]},{"@type":"WebSite","@id":"https:\/\/old.epodex-industries.com\/fr\/#website","url":"https:\/\/old.epodex-industries.com\/fr\/","name":"EPODEX Industries | B2B Plattform","description":"Hersteller + Gro\u00dfhandel f\u00fcr Baustoffe","publisher":{"@id":"https:\/\/old.epodex-industries.com\/fr\/#organization"},"alternateName":"EPODEX Industries | Hersteller + Gro\u00dfhandel f\u00fcr Baustoffe","potentialAction":[{"@type":"SearchAction","target":{"@type":"EntryPoint","urlTemplate":"https:\/\/old.epodex-industries.com\/fr\/?s={search_term_string}"},"query-input":{"@type":"PropertyValueSpecification","valueRequired":true,"valueName":"search_term_string"}}],"inLanguage":"fr-FR"},{"@type":"Organization","@id":"https:\/\/old.epodex-industries.com\/fr\/#organization","name":"EPODEX Industries","url":"https:\/\/old.epodex-industries.com\/fr\/","logo":{"@type":"ImageObject","inLanguage":"fr-FR","@id":"https:\/\/old.epodex-industries.com\/fr\/#\/schema\/logo\/image\/","url":"https:\/\/www.epodex-industries.com\/wp-content\/uploads\/2023\/06\/Logo-Epodex-Rechnung.jpg","contentUrl":"https:\/\/www.epodex-industries.com\/wp-content\/uploads\/2023\/06\/Logo-Epodex-Rechnung.jpg","width":261,"height":50,"caption":"EPODEX Industries"},"image":{"@id":"https:\/\/old.epodex-industries.com\/fr\/#\/schema\/logo\/image\/"},"sameAs":["https:\/\/www.facebook.com\/Epodex\/","https:\/\/www.instagram.com\/epodex_official\/","https:\/\/www.pinterest.de\/epodex_com\/","https:\/\/www.youtube.com\/channel\/UC7lFrJ9YpN1yg43sTc6q3ow"]}]}},"_links":{"self":[{"href":"https:\/\/old.epodex-industries.com\/fr\/wp-json\/wp\/v2\/product\/30832","targetHints":{"allow":["GET"]}}],"collection":[{"href":"https:\/\/old.epodex-industries.com\/fr\/wp-json\/wp\/v2\/product"}],"about":[{"href":"https:\/\/old.epodex-industries.com\/fr\/wp-json\/wp\/v2\/types\/product"}],"replies":[{"embeddable":true,"href":"https:\/\/old.epodex-industries.com\/fr\/wp-json\/wp\/v2\/comments?post=30832"}],"wp:featuredmedia":[{"embeddable":true,"href":"https:\/\/old.epodex-industries.com\/fr\/wp-json\/wp\/v2\/media\/16067"}],"wp:attachment":[{"href":"https:\/\/old.epodex-industries.com\/fr\/wp-json\/wp\/v2\/media?parent=30832"}],"wp:term":[{"taxonomy":"product_brand","embeddable":true,"href":"https:\/\/old.epodex-industries.com\/fr\/wp-json\/wp\/v2\/product_brand?post=30832"},{"taxonomy":"product_cat","embeddable":true,"href":"https:\/\/old.epodex-industries.com\/fr\/wp-json\/wp\/v2\/product_cat?post=30832"},{"taxonomy":"product_tag","embeddable":true,"href":"https:\/\/old.epodex-industries.com\/fr\/wp-json\/wp\/v2\/product_tag?post=30832"}],"curies":[{"name":"wp","href":"https:\/\/api.w.org\/{rel}","templated":true}]}}