{"id":30831,"date":"2024-04-22T07:31:23","date_gmt":"2024-04-22T05:31:23","guid":{"rendered":"https:\/\/www.epodex-industries.com\/produkt\/baton-de-rechange-batons-de-colle-chaude-epodex\/"},"modified":"2024-07-24T12:17:15","modified_gmt":"2024-07-24T10:17:15","slug":"baton-de-rechange-batons-de-colle-chaude-epodex","status":"publish","type":"product","link":"https:\/\/old.epodex-industries.com\/fr\/produit\/baton-de-rechange-batons-de-colle-chaude-epodex\/","title":{"rendered":"B\u00e2ton de rechange \/ B\u00e2tons de colle chaude EPODEX"},"content":{"rendered":"<h2>B\u00e2ton de rechange \/ B\u00e2tons de colle chaude EPODEX<\/h2>\n<p><strong>Consignes d\u2018utilisation:<\/strong><\/p>\n<p>Nettoyer et s\u00e9cher les surfaces \u00e0 coller. Allumer le pistolet et pr\u00e9chauffer environ 5min. Il est recommand\u00e9 de tester la compatibilit\u00e9 des mat\u00e9riaux avant usage. Appuyer sur la gachette pour faire sortir la colle et appliquer celle-ci sur la surface \u00e0 coller. S\u00e8che en quelques minutes. Laisser le pistolet se refroidir avant de le ranger. Les b\u00e2tons de colle sont disponibles s\u00e9paremment.<br \/>\nVeuillez vous r\u00e9f\u00e9rer au mentions de danger et de s\u00e9curit\u00e9 se trouvant sur le site web EPODEX. .<\/p>\n<hr \/>\n<p><strong>Mentions de s\u00e9curit\u00e9 et danger importantes:<\/strong><\/p>\n<p>Respecter toujours les mesures de s\u00e9curit\u00e9 pr\u00e9ventives.<\/p>\n<p><strong>Disposer du produit usag\u00e9:<\/strong> Ne pas jeter l\u2019appareil \u00e9lectrique dans les ordures m\u00e9nag\u00e8res, disposez-en \u00e0 votre d\u00e9chetterie locale.<br \/>\nDemander aux autorit\u00e9s locales o\u00f9 se trouve le point de collecte le plus proche. Si les appareils \u00e9lectriques sont \u00e9limin\u00e9s de mani\u00e8re incontr\u00f4l\u00e9e, des substances dangereuses peuvent p\u00e9n\u00e9trer dans les eaux souterraines. Ces substances sont nocives pour la vie aquatique, la faune et la flore et ce pour une longue p\u00e9riode de temps.<br \/>\nSi vous remplacez l&rsquo;appareil par un nouveau, le vendeur est l\u00e9galement tenu d&rsquo;accepter l&rsquo;ancien pour en disposer gratuitement.<\/p>\n<hr\/>\n<p><strong>Service \u00e0 la client\u00e8le:<\/strong> Si vous avez d\u2019autres questions, contactez-nous par t\u00e9l\u00e9phone, par courrier \u00e9lectronique ou utilisez notre support WhatsApp.<\/p>\n","protected":false},"excerpt":{"rendered":"<p>Les b\u00e2tons de colle chaude sont con\u00e7us \u00e0 partir de mat\u00e9riaux de qualit\u00e9. Lorsqu\u2019ils sont utilis\u00e9s avec notre pistolet \u00e0 colle chaude EPODEX, ils sont id\u00e9aux pour l\u2019artisanat, le d\u00e9coration, le collage, le mod\u00e9lisme, la r\u00e9paration ou l\u2019\u00e9tanch\u00e9ification. Conviennent parfaitement pour des usages priv\u00e9s et professionnels.<\/p>\n<p><strong>Description<\/strong><\/p>\n<ul>\n<li>Compris \u00e0 la livraison: 6 b\u00e2tons de rechange pour pistolet \u00e0 colle chaude standard allant jusqu\u2019\u00e0 11mm<\/li>\n<li>Diam\u00e8tre: 11mm<\/li>\n<li>Longueur: 200mm<\/li>\n<li>Couleur: transparent<\/li>\n<\/ul>\n","protected":false},"featured_media":16065,"comment_status":"open","ping_status":"closed","template":"","meta":[],"product_brand":[],"product_cat":[4951,24],"product_tag":[],"class_list":{"0":"post-30831","1":"product","2":"type-product","3":"status-publish","4":"has-post-thumbnail","6":"product_cat-accessoires","7":"product_cat-uncategorized","9":"first","10":"instock","11":"taxable","12":"shipping-taxable","13":"product-type-simple"},"yoast_head":"<!-- This site is optimized with the Yoast SEO plugin v26.7 - https:\/\/yoast.com\/wordpress\/plugins\/seo\/ -->\n<title>B\u00e2ton de rechange \/ B\u00e2tons de colle chaude EPODEX - EPODEX Industries | B2B Plattform<\/title>\n<meta name=\"robots\" content=\"index, follow, max-snippet:-1, max-image-preview:large, max-video-preview:-1\" \/>\n<link rel=\"canonical\" href=\"https:\/\/old.epodex-industries.com\/fr\/produit\/baton-de-rechange-batons-de-colle-chaude-epodex\/\" \/>\n<meta property=\"og:locale\" content=\"fr_FR\" \/>\n<meta property=\"og:type\" content=\"article\" \/>\n<meta property=\"og:title\" content=\"B\u00e2ton de rechange \/ B\u00e2tons de colle chaude EPODEX - EPODEX Industries | B2B Plattform\" \/>\n<meta property=\"og:description\" content=\"Les b\u00e2tons de colle chaude sont con\u00e7us \u00e0 partir de mat\u00e9riaux de qualit\u00e9. Lorsqu\u2019ils sont utilis\u00e9s avec notre pistolet \u00e0 colle chaude EPODEX, ils sont id\u00e9aux pour l\u2019artisanat, le d\u00e9coration, le collage, le mod\u00e9lisme, la r\u00e9paration ou l\u2019\u00e9tanch\u00e9ification. Conviennent parfaitement pour des usages priv\u00e9s et professionnels. Description  Compris \u00e0 la livraison: 6 b\u00e2tons de rechange pour pistolet \u00e0 colle chaude standard allant jusqu\u2019\u00e0 11mm Diam\u00e8tre: 11mm Longueur: 200mm Couleur: transparent\" \/>\n<meta property=\"og:url\" content=\"https:\/\/old.epodex-industries.com\/fr\/produit\/baton-de-rechange-batons-de-colle-chaude-epodex\/\" \/>\n<meta property=\"og:site_name\" content=\"EPODEX Industries | B2B Plattform\" \/>\n<meta property=\"article:publisher\" content=\"https:\/\/www.facebook.com\/Epodex\/\" \/>\n<meta property=\"article:modified_time\" content=\"2024-07-24T10:17:15+00:00\" \/>\n<meta property=\"og:image\" content=\"https:\/\/old.epodex-industries.com\/wp-content\/uploads\/2023\/10\/heissklebepistole-patronen.jpg\" \/>\n\t<meta property=\"og:image:width\" content=\"1200\" \/>\n\t<meta property=\"og:image:height\" content=\"800\" \/>\n\t<meta property=\"og:image:type\" content=\"image\/jpeg\" \/>\n<meta name=\"twitter:card\" content=\"summary_large_image\" \/>\n<meta name=\"twitter:label1\" content=\"Dur\u00e9e de lecture estim\u00e9e\" \/>\n\t<meta name=\"twitter:data1\" content=\"1 minute\" \/>\n<script type=\"application\/ld+json\" class=\"yoast-schema-graph\">{\"@context\":\"https:\/\/schema.org\",\"@graph\":[{\"@type\":\"WebPage\",\"@id\":\"https:\/\/old.epodex-industries.com\/fr\/produit\/baton-de-rechange-batons-de-colle-chaude-epodex\/\",\"url\":\"https:\/\/old.epodex-industries.com\/fr\/produit\/baton-de-rechange-batons-de-colle-chaude-epodex\/\",\"name\":\"B\u00e2ton de rechange \/ B\u00e2tons de colle chaude EPODEX - EPODEX Industries | B2B Plattform\",\"isPartOf\":{\"@id\":\"https:\/\/old.epodex-industries.com\/fr\/#website\"},\"primaryImageOfPage\":{\"@id\":\"https:\/\/old.epodex-industries.com\/fr\/produit\/baton-de-rechange-batons-de-colle-chaude-epodex\/#primaryimage\"},\"image\":{\"@id\":\"https:\/\/old.epodex-industries.com\/fr\/produit\/baton-de-rechange-batons-de-colle-chaude-epodex\/#primaryimage\"},\"thumbnailUrl\":\"https:\/\/old.epodex-industries.com\/wp-content\/uploads\/2023\/10\/heissklebepistole-patronen.jpg\",\"datePublished\":\"2024-04-22T05:31:23+00:00\",\"dateModified\":\"2024-07-24T10:17:15+00:00\",\"breadcrumb\":{\"@id\":\"https:\/\/old.epodex-industries.com\/fr\/produit\/baton-de-rechange-batons-de-colle-chaude-epodex\/#breadcrumb\"},\"inLanguage\":\"fr-FR\",\"potentialAction\":[{\"@type\":\"ReadAction\",\"target\":[\"https:\/\/old.epodex-industries.com\/fr\/produit\/baton-de-rechange-batons-de-colle-chaude-epodex\/\"]}]},{\"@type\":\"ImageObject\",\"inLanguage\":\"fr-FR\",\"@id\":\"https:\/\/old.epodex-industries.com\/fr\/produit\/baton-de-rechange-batons-de-colle-chaude-epodex\/#primaryimage\",\"url\":\"https:\/\/old.epodex-industries.com\/wp-content\/uploads\/2023\/10\/heissklebepistole-patronen.jpg\",\"contentUrl\":\"https:\/\/old.epodex-industries.com\/wp-content\/uploads\/2023\/10\/heissklebepistole-patronen.jpg\",\"width\":1200,\"height\":800},{\"@type\":\"BreadcrumbList\",\"@id\":\"https:\/\/old.epodex-industries.com\/fr\/produit\/baton-de-rechange-batons-de-colle-chaude-epodex\/#breadcrumb\",\"itemListElement\":[{\"@type\":\"ListItem\",\"position\":1,\"name\":\"Startseite\",\"item\":\"https:\/\/old.epodex-industries.com\/fr\/\"},{\"@type\":\"ListItem\",\"position\":2,\"name\":\"Shop\",\"item\":\"https:\/\/old.epodex-industries.com\/fr\/shop\/\"},{\"@type\":\"ListItem\",\"position\":3,\"name\":\"B\u00e2ton de rechange \/ B\u00e2tons de colle chaude EPODEX\"}]},{\"@type\":\"WebSite\",\"@id\":\"https:\/\/old.epodex-industries.com\/fr\/#website\",\"url\":\"https:\/\/old.epodex-industries.com\/fr\/\",\"name\":\"EPODEX Industries | B2B Plattform\",\"description\":\"Hersteller + Gro\u00dfhandel f\u00fcr Baustoffe\",\"publisher\":{\"@id\":\"https:\/\/old.epodex-industries.com\/fr\/#organization\"},\"alternateName\":\"EPODEX Industries | Hersteller + Gro\u00dfhandel f\u00fcr Baustoffe\",\"potentialAction\":[{\"@type\":\"SearchAction\",\"target\":{\"@type\":\"EntryPoint\",\"urlTemplate\":\"https:\/\/old.epodex-industries.com\/fr\/?s={search_term_string}\"},\"query-input\":{\"@type\":\"PropertyValueSpecification\",\"valueRequired\":true,\"valueName\":\"search_term_string\"}}],\"inLanguage\":\"fr-FR\"},{\"@type\":\"Organization\",\"@id\":\"https:\/\/old.epodex-industries.com\/fr\/#organization\",\"name\":\"EPODEX Industries\",\"url\":\"https:\/\/old.epodex-industries.com\/fr\/\",\"logo\":{\"@type\":\"ImageObject\",\"inLanguage\":\"fr-FR\",\"@id\":\"https:\/\/old.epodex-industries.com\/fr\/#\/schema\/logo\/image\/\",\"url\":\"https:\/\/www.epodex-industries.com\/wp-content\/uploads\/2023\/06\/Logo-Epodex-Rechnung.jpg\",\"contentUrl\":\"https:\/\/www.epodex-industries.com\/wp-content\/uploads\/2023\/06\/Logo-Epodex-Rechnung.jpg\",\"width\":261,\"height\":50,\"caption\":\"EPODEX Industries\"},\"image\":{\"@id\":\"https:\/\/old.epodex-industries.com\/fr\/#\/schema\/logo\/image\/\"},\"sameAs\":[\"https:\/\/www.facebook.com\/Epodex\/\",\"https:\/\/www.instagram.com\/epodex_official\/\",\"https:\/\/www.pinterest.de\/epodex_com\/\",\"https:\/\/www.youtube.com\/channel\/UC7lFrJ9YpN1yg43sTc6q3ow\"]}]}<\/script>\n<!-- \/ Yoast SEO plugin. -->","yoast_head_json":{"title":"B\u00e2ton de rechange \/ B\u00e2tons de colle chaude EPODEX - EPODEX Industries | B2B Plattform","robots":{"index":"index","follow":"follow","max-snippet":"max-snippet:-1","max-image-preview":"max-image-preview:large","max-video-preview":"max-video-preview:-1"},"canonical":"https:\/\/old.epodex-industries.com\/fr\/produit\/baton-de-rechange-batons-de-colle-chaude-epodex\/","og_locale":"fr_FR","og_type":"article","og_title":"B\u00e2ton de rechange \/ B\u00e2tons de colle chaude EPODEX - EPODEX Industries | B2B Plattform","og_description":"Les b\u00e2tons de colle chaude sont con\u00e7us \u00e0 partir de mat\u00e9riaux de qualit\u00e9. Lorsqu\u2019ils sont utilis\u00e9s avec notre pistolet \u00e0 colle chaude EPODEX, ils sont id\u00e9aux pour l\u2019artisanat, le d\u00e9coration, le collage, le mod\u00e9lisme, la r\u00e9paration ou l\u2019\u00e9tanch\u00e9ification. Conviennent parfaitement pour des usages priv\u00e9s et professionnels. Description  Compris \u00e0 la livraison: 6 b\u00e2tons de rechange pour pistolet \u00e0 colle chaude standard allant jusqu\u2019\u00e0 11mm Diam\u00e8tre: 11mm Longueur: 200mm Couleur: transparent","og_url":"https:\/\/old.epodex-industries.com\/fr\/produit\/baton-de-rechange-batons-de-colle-chaude-epodex\/","og_site_name":"EPODEX Industries | B2B Plattform","article_publisher":"https:\/\/www.facebook.com\/Epodex\/","article_modified_time":"2024-07-24T10:17:15+00:00","og_image":[{"width":1200,"height":800,"url":"https:\/\/old.epodex-industries.com\/wp-content\/uploads\/2023\/10\/heissklebepistole-patronen.jpg","type":"image\/jpeg"}],"twitter_card":"summary_large_image","twitter_misc":{"Dur\u00e9e de lecture estim\u00e9e":"1 minute"},"schema":{"@context":"https:\/\/schema.org","@graph":[{"@type":"WebPage","@id":"https:\/\/old.epodex-industries.com\/fr\/produit\/baton-de-rechange-batons-de-colle-chaude-epodex\/","url":"https:\/\/old.epodex-industries.com\/fr\/produit\/baton-de-rechange-batons-de-colle-chaude-epodex\/","name":"B\u00e2ton de rechange \/ B\u00e2tons de colle chaude EPODEX - EPODEX Industries | B2B Plattform","isPartOf":{"@id":"https:\/\/old.epodex-industries.com\/fr\/#website"},"primaryImageOfPage":{"@id":"https:\/\/old.epodex-industries.com\/fr\/produit\/baton-de-rechange-batons-de-colle-chaude-epodex\/#primaryimage"},"image":{"@id":"https:\/\/old.epodex-industries.com\/fr\/produit\/baton-de-rechange-batons-de-colle-chaude-epodex\/#primaryimage"},"thumbnailUrl":"https:\/\/old.epodex-industries.com\/wp-content\/uploads\/2023\/10\/heissklebepistole-patronen.jpg","datePublished":"2024-04-22T05:31:23+00:00","dateModified":"2024-07-24T10:17:15+00:00","breadcrumb":{"@id":"https:\/\/old.epodex-industries.com\/fr\/produit\/baton-de-rechange-batons-de-colle-chaude-epodex\/#breadcrumb"},"inLanguage":"fr-FR","potentialAction":[{"@type":"ReadAction","target":["https:\/\/old.epodex-industries.com\/fr\/produit\/baton-de-rechange-batons-de-colle-chaude-epodex\/"]}]},{"@type":"ImageObject","inLanguage":"fr-FR","@id":"https:\/\/old.epodex-industries.com\/fr\/produit\/baton-de-rechange-batons-de-colle-chaude-epodex\/#primaryimage","url":"https:\/\/old.epodex-industries.com\/wp-content\/uploads\/2023\/10\/heissklebepistole-patronen.jpg","contentUrl":"https:\/\/old.epodex-industries.com\/wp-content\/uploads\/2023\/10\/heissklebepistole-patronen.jpg","width":1200,"height":800},{"@type":"BreadcrumbList","@id":"https:\/\/old.epodex-industries.com\/fr\/produit\/baton-de-rechange-batons-de-colle-chaude-epodex\/#breadcrumb","itemListElement":[{"@type":"ListItem","position":1,"name":"Startseite","item":"https:\/\/old.epodex-industries.com\/fr\/"},{"@type":"ListItem","position":2,"name":"Shop","item":"https:\/\/old.epodex-industries.com\/fr\/shop\/"},{"@type":"ListItem","position":3,"name":"B\u00e2ton de rechange \/ B\u00e2tons de colle chaude EPODEX"}]},{"@type":"WebSite","@id":"https:\/\/old.epodex-industries.com\/fr\/#website","url":"https:\/\/old.epodex-industries.com\/fr\/","name":"EPODEX Industries | B2B Plattform","description":"Hersteller + Gro\u00dfhandel f\u00fcr Baustoffe","publisher":{"@id":"https:\/\/old.epodex-industries.com\/fr\/#organization"},"alternateName":"EPODEX Industries | Hersteller + Gro\u00dfhandel f\u00fcr Baustoffe","potentialAction":[{"@type":"SearchAction","target":{"@type":"EntryPoint","urlTemplate":"https:\/\/old.epodex-industries.com\/fr\/?s={search_term_string}"},"query-input":{"@type":"PropertyValueSpecification","valueRequired":true,"valueName":"search_term_string"}}],"inLanguage":"fr-FR"},{"@type":"Organization","@id":"https:\/\/old.epodex-industries.com\/fr\/#organization","name":"EPODEX Industries","url":"https:\/\/old.epodex-industries.com\/fr\/","logo":{"@type":"ImageObject","inLanguage":"fr-FR","@id":"https:\/\/old.epodex-industries.com\/fr\/#\/schema\/logo\/image\/","url":"https:\/\/www.epodex-industries.com\/wp-content\/uploads\/2023\/06\/Logo-Epodex-Rechnung.jpg","contentUrl":"https:\/\/www.epodex-industries.com\/wp-content\/uploads\/2023\/06\/Logo-Epodex-Rechnung.jpg","width":261,"height":50,"caption":"EPODEX Industries"},"image":{"@id":"https:\/\/old.epodex-industries.com\/fr\/#\/schema\/logo\/image\/"},"sameAs":["https:\/\/www.facebook.com\/Epodex\/","https:\/\/www.instagram.com\/epodex_official\/","https:\/\/www.pinterest.de\/epodex_com\/","https:\/\/www.youtube.com\/channel\/UC7lFrJ9YpN1yg43sTc6q3ow"]}]}},"_links":{"self":[{"href":"https:\/\/old.epodex-industries.com\/fr\/wp-json\/wp\/v2\/product\/30831","targetHints":{"allow":["GET"]}}],"collection":[{"href":"https:\/\/old.epodex-industries.com\/fr\/wp-json\/wp\/v2\/product"}],"about":[{"href":"https:\/\/old.epodex-industries.com\/fr\/wp-json\/wp\/v2\/types\/product"}],"replies":[{"embeddable":true,"href":"https:\/\/old.epodex-industries.com\/fr\/wp-json\/wp\/v2\/comments?post=30831"}],"wp:featuredmedia":[{"embeddable":true,"href":"https:\/\/old.epodex-industries.com\/fr\/wp-json\/wp\/v2\/media\/16065"}],"wp:attachment":[{"href":"https:\/\/old.epodex-industries.com\/fr\/wp-json\/wp\/v2\/media?parent=30831"}],"wp:term":[{"taxonomy":"product_brand","embeddable":true,"href":"https:\/\/old.epodex-industries.com\/fr\/wp-json\/wp\/v2\/product_brand?post=30831"},{"taxonomy":"product_cat","embeddable":true,"href":"https:\/\/old.epodex-industries.com\/fr\/wp-json\/wp\/v2\/product_cat?post=30831"},{"taxonomy":"product_tag","embeddable":true,"href":"https:\/\/old.epodex-industries.com\/fr\/wp-json\/wp\/v2\/product_tag?post=30831"}],"curies":[{"name":"wp","href":"https:\/\/api.w.org\/{rel}","templated":true}]}}