{"id":28967,"date":"2024-04-12T14:46:55","date_gmt":"2024-04-12T12:46:55","guid":{"rendered":"https:\/\/www.epodex-industries.com\/produkt\/disques-de-polissage-velcro-150mm-non-perfores-opt-tampon-dinterface-souple-plateau-de-poncage\/"},"modified":"2024-07-24T12:15:15","modified_gmt":"2024-07-24T10:15:15","slug":"disques-de-polissage-velcro-150mm-non-perfores-opt-tampon-dinterface-souple-plateau-de-poncage","status":"publish","type":"product","link":"https:\/\/old.epodex-industries.com\/fr\/produit\/disques-de-polissage-velcro-150mm-non-perfores-opt-tampon-dinterface-souple-plateau-de-poncage\/","title":{"rendered":"Disques de polissage &#8211; Velcro 150mm non perfor\u00e9s (Opt. : Tampon d\u2019interface souple + plateau de pon\u00e7age)"},"content":{"rendered":"<p>Les disques de polissage \u00e0 partir de P800 constituent la derni\u00e8re \u00e9tape de pon\u00e7age avant le polissage. Ils conviennent parfaitement au pon\u00e7age de finition des surfaces laqu\u00e9es et permettent de r\u00e9duire le temps de polissage gr\u00e2ce \u00e0 une surface parfaite.<\/p>\n<p><strong>Service \u00e0 la client\u00e8le:<\/strong> Si vous avez d\u2019autres questions, contactez-nous par t\u00e9l\u00e9phone, par courrier \u00e9lectronique ou utilisez notre support WhatsApp.<\/p>\n","protected":false},"excerpt":{"rendered":"<ul>\n<li>Diam\u00e8tre \u00f8: 150mm<\/li>\n<li>Velcro pour fixation sur le plateau de pon\u00e7age<\/li>\n<li>Perforation: non perfor\u00e9e <\/li>\n<li>En option: tampon d\u2019interface souple + plateau de pon\u00e7age<\/li>\n<\/ul>\n","protected":false},"featured_media":28781,"comment_status":"open","ping_status":"closed","template":"","meta":[],"product_brand":[],"product_cat":[4951],"product_tag":[],"class_list":{"0":"post-28967","1":"product","2":"type-product","3":"status-publish","4":"has-post-thumbnail","6":"product_cat-accessoires","7":"pa_groesse-100er-paket","8":"pa_groesse-einzeln","9":"pa_koernung-p1200-fr-2","10":"pa_koernung-p1500-fr-2","11":"pa_koernung-p2000-fr-2","12":"pa_koernung-p3000-fr-2","13":"pa_koernung-p5000-fr-2","14":"pa_koernung-p800-fr-2","16":"first","17":"instock","18":"taxable","19":"shipping-taxable","20":"product-type-variable","21":"wvs-archive-product-wrapper"},"yoast_head":"<!-- This site is optimized with the Yoast SEO plugin v26.7 - https:\/\/yoast.com\/wordpress\/plugins\/seo\/ -->\n<title>Disques de polissage - Velcro 150mm non perfor\u00e9s (Opt. : Tampon d\u2019interface souple + plateau de pon\u00e7age) - EPODEX Industries | B2B Plattform<\/title>\n<meta name=\"robots\" content=\"index, follow, max-snippet:-1, max-image-preview:large, max-video-preview:-1\" \/>\n<link rel=\"canonical\" href=\"https:\/\/old.epodex-industries.com\/fr\/produkt\/disques-de-polissage-velcro-150mm-non-perfores-opt-tampon-dinterface-souple-plateau-de-poncage\/\" \/>\n<meta property=\"og:locale\" content=\"fr_FR\" \/>\n<meta property=\"og:type\" content=\"article\" \/>\n<meta property=\"og:title\" content=\"Disques de polissage - Velcro 150mm non perfor\u00e9s (Opt. : Tampon d\u2019interface souple + plateau de pon\u00e7age) - EPODEX Industries | B2B Plattform\" \/>\n<meta property=\"og:description\" content=\"Diam\u00e8tre \u00f8: 150mm Velcro pour fixation sur le plateau de pon\u00e7age Perforation: non perfor\u00e9e En option: tampon d\u2019interface souple + plateau de pon\u00e7age\" \/>\n<meta property=\"og:url\" content=\"https:\/\/old.epodex-industries.com\/fr\/produkt\/disques-de-polissage-velcro-150mm-non-perfores-opt-tampon-dinterface-souple-plateau-de-poncage\/\" \/>\n<meta property=\"og:site_name\" content=\"EPODEX Industries | B2B Plattform\" \/>\n<meta property=\"article:publisher\" content=\"https:\/\/www.facebook.com\/Epodex\/\" \/>\n<meta property=\"article:modified_time\" content=\"2024-07-24T10:15:15+00:00\" \/>\n<meta property=\"og:image\" content=\"https:\/\/old.epodex-industries.com\/wp-content\/uploads\/2024\/04\/polierpads-150mm-800-2.jpg\" \/>\n\t<meta property=\"og:image:width\" content=\"1200\" \/>\n\t<meta property=\"og:image:height\" content=\"800\" \/>\n\t<meta property=\"og:image:type\" content=\"image\/jpeg\" \/>\n<meta name=\"twitter:card\" content=\"summary_large_image\" \/>\n<script type=\"application\/ld+json\" class=\"yoast-schema-graph\">{\"@context\":\"https:\/\/schema.org\",\"@graph\":[{\"@type\":\"WebPage\",\"@id\":\"https:\/\/old.epodex-industries.com\/fr\/produkt\/disques-de-polissage-velcro-150mm-non-perfores-opt-tampon-dinterface-souple-plateau-de-poncage\/\",\"url\":\"https:\/\/old.epodex-industries.com\/fr\/produkt\/disques-de-polissage-velcro-150mm-non-perfores-opt-tampon-dinterface-souple-plateau-de-poncage\/\",\"name\":\"Disques de polissage - Velcro 150mm non perfor\u00e9s (Opt. : Tampon d\u2019interface souple + plateau de pon\u00e7age) - EPODEX Industries | B2B Plattform\",\"isPartOf\":{\"@id\":\"https:\/\/old.epodex-industries.com\/fr\/#website\"},\"primaryImageOfPage\":{\"@id\":\"https:\/\/old.epodex-industries.com\/fr\/produkt\/disques-de-polissage-velcro-150mm-non-perfores-opt-tampon-dinterface-souple-plateau-de-poncage\/#primaryimage\"},\"image\":{\"@id\":\"https:\/\/old.epodex-industries.com\/fr\/produkt\/disques-de-polissage-velcro-150mm-non-perfores-opt-tampon-dinterface-souple-plateau-de-poncage\/#primaryimage\"},\"thumbnailUrl\":\"https:\/\/old.epodex-industries.com\/wp-content\/uploads\/2024\/04\/polierpads-150mm-800-2.jpg\",\"datePublished\":\"2024-04-12T12:46:55+00:00\",\"dateModified\":\"2024-07-24T10:15:15+00:00\",\"breadcrumb\":{\"@id\":\"https:\/\/old.epodex-industries.com\/fr\/produkt\/disques-de-polissage-velcro-150mm-non-perfores-opt-tampon-dinterface-souple-plateau-de-poncage\/#breadcrumb\"},\"inLanguage\":\"fr-FR\",\"potentialAction\":[{\"@type\":\"ReadAction\",\"target\":[\"https:\/\/old.epodex-industries.com\/fr\/produkt\/disques-de-polissage-velcro-150mm-non-perfores-opt-tampon-dinterface-souple-plateau-de-poncage\/\"]}]},{\"@type\":\"ImageObject\",\"inLanguage\":\"fr-FR\",\"@id\":\"https:\/\/old.epodex-industries.com\/fr\/produkt\/disques-de-polissage-velcro-150mm-non-perfores-opt-tampon-dinterface-souple-plateau-de-poncage\/#primaryimage\",\"url\":\"https:\/\/old.epodex-industries.com\/wp-content\/uploads\/2024\/04\/polierpads-150mm-800-2.jpg\",\"contentUrl\":\"https:\/\/old.epodex-industries.com\/wp-content\/uploads\/2024\/04\/polierpads-150mm-800-2.jpg\",\"width\":1200,\"height\":800},{\"@type\":\"BreadcrumbList\",\"@id\":\"https:\/\/old.epodex-industries.com\/fr\/produkt\/disques-de-polissage-velcro-150mm-non-perfores-opt-tampon-dinterface-souple-plateau-de-poncage\/#breadcrumb\",\"itemListElement\":[{\"@type\":\"ListItem\",\"position\":1,\"name\":\"Startseite\",\"item\":\"https:\/\/old.epodex-industries.com\/fr\/\"},{\"@type\":\"ListItem\",\"position\":2,\"name\":\"Shop\",\"item\":\"https:\/\/old.epodex-industries.com\/fr\/shop\/\"},{\"@type\":\"ListItem\",\"position\":3,\"name\":\"Disques de polissage &#8211; Velcro 150mm non perfor\u00e9s (Opt. : Tampon d\u2019interface souple + plateau de pon\u00e7age)\"}]},{\"@type\":\"WebSite\",\"@id\":\"https:\/\/old.epodex-industries.com\/fr\/#website\",\"url\":\"https:\/\/old.epodex-industries.com\/fr\/\",\"name\":\"EPODEX Industries | B2B Plattform\",\"description\":\"Hersteller + Gro\u00dfhandel f\u00fcr Baustoffe\",\"publisher\":{\"@id\":\"https:\/\/old.epodex-industries.com\/fr\/#organization\"},\"alternateName\":\"EPODEX Industries | Hersteller + Gro\u00dfhandel f\u00fcr Baustoffe\",\"potentialAction\":[{\"@type\":\"SearchAction\",\"target\":{\"@type\":\"EntryPoint\",\"urlTemplate\":\"https:\/\/old.epodex-industries.com\/fr\/?s={search_term_string}\"},\"query-input\":{\"@type\":\"PropertyValueSpecification\",\"valueRequired\":true,\"valueName\":\"search_term_string\"}}],\"inLanguage\":\"fr-FR\"},{\"@type\":\"Organization\",\"@id\":\"https:\/\/old.epodex-industries.com\/fr\/#organization\",\"name\":\"EPODEX Industries\",\"url\":\"https:\/\/old.epodex-industries.com\/fr\/\",\"logo\":{\"@type\":\"ImageObject\",\"inLanguage\":\"fr-FR\",\"@id\":\"https:\/\/old.epodex-industries.com\/fr\/#\/schema\/logo\/image\/\",\"url\":\"https:\/\/www.epodex-industries.com\/wp-content\/uploads\/2023\/06\/Logo-Epodex-Rechnung.jpg\",\"contentUrl\":\"https:\/\/www.epodex-industries.com\/wp-content\/uploads\/2023\/06\/Logo-Epodex-Rechnung.jpg\",\"width\":261,\"height\":50,\"caption\":\"EPODEX Industries\"},\"image\":{\"@id\":\"https:\/\/old.epodex-industries.com\/fr\/#\/schema\/logo\/image\/\"},\"sameAs\":[\"https:\/\/www.facebook.com\/Epodex\/\",\"https:\/\/www.instagram.com\/epodex_official\/\",\"https:\/\/www.pinterest.de\/epodex_com\/\",\"https:\/\/www.youtube.com\/channel\/UC7lFrJ9YpN1yg43sTc6q3ow\"]}]}<\/script>\n<!-- \/ Yoast SEO plugin. -->","yoast_head_json":{"title":"Disques de polissage - Velcro 150mm non perfor\u00e9s (Opt. : Tampon d\u2019interface souple + plateau de pon\u00e7age) - EPODEX Industries | B2B Plattform","robots":{"index":"index","follow":"follow","max-snippet":"max-snippet:-1","max-image-preview":"max-image-preview:large","max-video-preview":"max-video-preview:-1"},"canonical":"https:\/\/old.epodex-industries.com\/fr\/produkt\/disques-de-polissage-velcro-150mm-non-perfores-opt-tampon-dinterface-souple-plateau-de-poncage\/","og_locale":"fr_FR","og_type":"article","og_title":"Disques de polissage - Velcro 150mm non perfor\u00e9s (Opt. : Tampon d\u2019interface souple + plateau de pon\u00e7age) - EPODEX Industries | B2B Plattform","og_description":"Diam\u00e8tre \u00f8: 150mm Velcro pour fixation sur le plateau de pon\u00e7age Perforation: non perfor\u00e9e En option: tampon d\u2019interface souple + plateau de pon\u00e7age","og_url":"https:\/\/old.epodex-industries.com\/fr\/produkt\/disques-de-polissage-velcro-150mm-non-perfores-opt-tampon-dinterface-souple-plateau-de-poncage\/","og_site_name":"EPODEX Industries | B2B Plattform","article_publisher":"https:\/\/www.facebook.com\/Epodex\/","article_modified_time":"2024-07-24T10:15:15+00:00","og_image":[{"width":1200,"height":800,"url":"https:\/\/old.epodex-industries.com\/wp-content\/uploads\/2024\/04\/polierpads-150mm-800-2.jpg","type":"image\/jpeg"}],"twitter_card":"summary_large_image","schema":{"@context":"https:\/\/schema.org","@graph":[{"@type":"WebPage","@id":"https:\/\/old.epodex-industries.com\/fr\/produkt\/disques-de-polissage-velcro-150mm-non-perfores-opt-tampon-dinterface-souple-plateau-de-poncage\/","url":"https:\/\/old.epodex-industries.com\/fr\/produkt\/disques-de-polissage-velcro-150mm-non-perfores-opt-tampon-dinterface-souple-plateau-de-poncage\/","name":"Disques de polissage - Velcro 150mm non perfor\u00e9s (Opt. : Tampon d\u2019interface souple + plateau de pon\u00e7age) - EPODEX Industries | B2B Plattform","isPartOf":{"@id":"https:\/\/old.epodex-industries.com\/fr\/#website"},"primaryImageOfPage":{"@id":"https:\/\/old.epodex-industries.com\/fr\/produkt\/disques-de-polissage-velcro-150mm-non-perfores-opt-tampon-dinterface-souple-plateau-de-poncage\/#primaryimage"},"image":{"@id":"https:\/\/old.epodex-industries.com\/fr\/produkt\/disques-de-polissage-velcro-150mm-non-perfores-opt-tampon-dinterface-souple-plateau-de-poncage\/#primaryimage"},"thumbnailUrl":"https:\/\/old.epodex-industries.com\/wp-content\/uploads\/2024\/04\/polierpads-150mm-800-2.jpg","datePublished":"2024-04-12T12:46:55+00:00","dateModified":"2024-07-24T10:15:15+00:00","breadcrumb":{"@id":"https:\/\/old.epodex-industries.com\/fr\/produkt\/disques-de-polissage-velcro-150mm-non-perfores-opt-tampon-dinterface-souple-plateau-de-poncage\/#breadcrumb"},"inLanguage":"fr-FR","potentialAction":[{"@type":"ReadAction","target":["https:\/\/old.epodex-industries.com\/fr\/produkt\/disques-de-polissage-velcro-150mm-non-perfores-opt-tampon-dinterface-souple-plateau-de-poncage\/"]}]},{"@type":"ImageObject","inLanguage":"fr-FR","@id":"https:\/\/old.epodex-industries.com\/fr\/produkt\/disques-de-polissage-velcro-150mm-non-perfores-opt-tampon-dinterface-souple-plateau-de-poncage\/#primaryimage","url":"https:\/\/old.epodex-industries.com\/wp-content\/uploads\/2024\/04\/polierpads-150mm-800-2.jpg","contentUrl":"https:\/\/old.epodex-industries.com\/wp-content\/uploads\/2024\/04\/polierpads-150mm-800-2.jpg","width":1200,"height":800},{"@type":"BreadcrumbList","@id":"https:\/\/old.epodex-industries.com\/fr\/produkt\/disques-de-polissage-velcro-150mm-non-perfores-opt-tampon-dinterface-souple-plateau-de-poncage\/#breadcrumb","itemListElement":[{"@type":"ListItem","position":1,"name":"Startseite","item":"https:\/\/old.epodex-industries.com\/fr\/"},{"@type":"ListItem","position":2,"name":"Shop","item":"https:\/\/old.epodex-industries.com\/fr\/shop\/"},{"@type":"ListItem","position":3,"name":"Disques de polissage &#8211; Velcro 150mm non perfor\u00e9s (Opt. : Tampon d\u2019interface souple + plateau de pon\u00e7age)"}]},{"@type":"WebSite","@id":"https:\/\/old.epodex-industries.com\/fr\/#website","url":"https:\/\/old.epodex-industries.com\/fr\/","name":"EPODEX Industries | B2B Plattform","description":"Hersteller + Gro\u00dfhandel f\u00fcr Baustoffe","publisher":{"@id":"https:\/\/old.epodex-industries.com\/fr\/#organization"},"alternateName":"EPODEX Industries | Hersteller + Gro\u00dfhandel f\u00fcr Baustoffe","potentialAction":[{"@type":"SearchAction","target":{"@type":"EntryPoint","urlTemplate":"https:\/\/old.epodex-industries.com\/fr\/?s={search_term_string}"},"query-input":{"@type":"PropertyValueSpecification","valueRequired":true,"valueName":"search_term_string"}}],"inLanguage":"fr-FR"},{"@type":"Organization","@id":"https:\/\/old.epodex-industries.com\/fr\/#organization","name":"EPODEX Industries","url":"https:\/\/old.epodex-industries.com\/fr\/","logo":{"@type":"ImageObject","inLanguage":"fr-FR","@id":"https:\/\/old.epodex-industries.com\/fr\/#\/schema\/logo\/image\/","url":"https:\/\/www.epodex-industries.com\/wp-content\/uploads\/2023\/06\/Logo-Epodex-Rechnung.jpg","contentUrl":"https:\/\/www.epodex-industries.com\/wp-content\/uploads\/2023\/06\/Logo-Epodex-Rechnung.jpg","width":261,"height":50,"caption":"EPODEX Industries"},"image":{"@id":"https:\/\/old.epodex-industries.com\/fr\/#\/schema\/logo\/image\/"},"sameAs":["https:\/\/www.facebook.com\/Epodex\/","https:\/\/www.instagram.com\/epodex_official\/","https:\/\/www.pinterest.de\/epodex_com\/","https:\/\/www.youtube.com\/channel\/UC7lFrJ9YpN1yg43sTc6q3ow"]}]}},"_links":{"self":[{"href":"https:\/\/old.epodex-industries.com\/fr\/wp-json\/wp\/v2\/product\/28967","targetHints":{"allow":["GET"]}}],"collection":[{"href":"https:\/\/old.epodex-industries.com\/fr\/wp-json\/wp\/v2\/product"}],"about":[{"href":"https:\/\/old.epodex-industries.com\/fr\/wp-json\/wp\/v2\/types\/product"}],"replies":[{"embeddable":true,"href":"https:\/\/old.epodex-industries.com\/fr\/wp-json\/wp\/v2\/comments?post=28967"}],"wp:featuredmedia":[{"embeddable":true,"href":"https:\/\/old.epodex-industries.com\/fr\/wp-json\/wp\/v2\/media\/28781"}],"wp:attachment":[{"href":"https:\/\/old.epodex-industries.com\/fr\/wp-json\/wp\/v2\/media?parent=28967"}],"wp:term":[{"taxonomy":"product_brand","embeddable":true,"href":"https:\/\/old.epodex-industries.com\/fr\/wp-json\/wp\/v2\/product_brand?post=28967"},{"taxonomy":"product_cat","embeddable":true,"href":"https:\/\/old.epodex-industries.com\/fr\/wp-json\/wp\/v2\/product_cat?post=28967"},{"taxonomy":"product_tag","embeddable":true,"href":"https:\/\/old.epodex-industries.com\/fr\/wp-json\/wp\/v2\/product_tag?post=28967"}],"curies":[{"name":"wp","href":"https:\/\/api.w.org\/{rel}","templated":true}]}}