{"id":28963,"date":"2024-04-12T14:46:53","date_gmt":"2024-04-12T12:46:53","guid":{"rendered":"https:\/\/www.epodex-industries.com\/produkt\/bombe-de-peinture-1k-400ml-blanc-mat-noir-mat\/"},"modified":"2024-07-24T12:15:12","modified_gmt":"2024-07-24T10:15:12","slug":"bombe-de-peinture-1k-400ml-blanc-mat-noir-mat","status":"publish","type":"product","link":"https:\/\/old.epodex-industries.com\/fr\/produit\/bombe-de-peinture-1k-400ml-blanc-mat-noir-mat\/","title":{"rendered":"Bombe de peinture 1K 400ml | Blanc mat &#038; Noir mat"},"content":{"rendered":"<h3>Ingr\u00e9dients, mentions de danger et s\u00e9curit\u00e9<\/h3>\n<p><strong>Bombe de peinture 1K<\/strong> Danger : Ac\u00e9tone (CAS : 67-64-1); N-Butylac\u00e9tate (CAS : 123-86-4); Butanone (CAS : 78-93-3); 2-Butanol (CAS : 78-92-2) R\u00e9cipient sous pression : peut \u00e9clater sous l&rsquo;effet de la chaleur A\u00e9rosol extr\u00eamement inflammable. Provoque une s\u00e9v\u00e8re irritation des yeux. Peut provoquer somnolence ou des vertiges. Tenir hors de port\u00e9e des enfants. Tenir \u00e0 l&rsquo;\u00e9cart de la chaleur, des surfaces chaudes, des \u00e9tincelles, des flammes nues et de toute autre source d&rsquo;ignition. Ne pas fumer. Ne pas vaporiser sur une flamme nue ou sur toute autre source d&rsquo;ignition. Ne pas perforer ni br\u00fbler, m\u00eame apr\u00e8s usage. Ne pas respirer les a\u00e9rosols. Prot\u00e9ger du rayonnement solaire. Ne pas exposer \u00e0 une temp\u00e9rature sup\u00e9rieure \u00e0 50\u00b0C\/122 \u00b0F. L&rsquo;exposition r\u00e9p\u00e9t\u00e9e peut provoquer dess\u00e8chement ou ger\u00e7ures de la peau. Contient Anhydride mal\u00e9ique. Peut produire une r\u00e9action allergique. Attention! Des gouttelettes respirables dangereuses peuvent se former lors de la pulv\u00e9risation. Ne pas respirer les a\u00e9rosols ni les brouillards.<\/p>\n<p><img src=https:\/\/www.epodex.com\/de\/wp-content\/uploads\/2024\/03\/hinweise-4.jpg \/><\/p>\n","protected":false},"excerpt":{"rendered":"<ul>\n<li>Peinture en bombe 1K (laque \u00e0 base d\u2018acrylique) pour une utilisation universelle sur les radiateurs, les prises de courant et de nombreux autres objets et surfaces.<\/li>\n<li>Remarque: pour les surfaces en contact permanent avec l&rsquo;eau, les produits chimiques et soumises \u00e0 de fortes contraintes m\u00e9caniques, nous recommandons notre peinture en bombe 2K.<\/li>\n<li>Propri\u00e9t\u00e9s: tr\u00e8s couvrante, r\u00e9sistante, s\u00e9chage rapide, distribution uniforme et intense de la peinture. R\u00e9sistance \u00e0 la temp\u00e9rature jusqu&rsquo;\u00e0 120\u00b0C.<\/li>\n<li>Type de finition: satin\u00e9<\/li>\n<li>S\u00e8che au toucher apr\u00e8s 10-20 min.<\/li>\n<li>1 bomde de peinture suffit pour faire 2 couches sur env. 2m\u00b2 <\/li>\n<\/ul>\n","protected":false},"featured_media":28765,"comment_status":"open","ping_status":"closed","template":"","meta":[],"product_brand":[],"product_cat":[4951],"product_tag":[],"class_list":{"0":"post-28963","1":"product","2":"type-product","3":"status-publish","4":"has-post-thumbnail","6":"product_cat-accessoires","7":"pa_farbe-spruehlack-1k-schwarz-matt","8":"pa_farbe-spruehlack-1k-weiss-matt","10":"first","11":"instock","12":"taxable","13":"shipping-taxable","14":"product-type-variable","15":"wvs-archive-product-wrapper"},"yoast_head":"<!-- This site is optimized with the Yoast SEO plugin v26.7 - https:\/\/yoast.com\/wordpress\/plugins\/seo\/ -->\n<title>Bombe de peinture 1K 400ml | Blanc mat &amp; Noir mat - EPODEX Industries | B2B Plattform<\/title>\n<meta name=\"robots\" content=\"index, follow, max-snippet:-1, max-image-preview:large, max-video-preview:-1\" \/>\n<link rel=\"canonical\" href=\"https:\/\/old.epodex-industries.com\/fr\/produkt\/bombe-de-peinture-1k-400ml-blanc-mat-noir-mat\/\" \/>\n<meta property=\"og:locale\" content=\"fr_FR\" \/>\n<meta property=\"og:type\" content=\"article\" \/>\n<meta property=\"og:title\" content=\"Bombe de peinture 1K 400ml | Blanc mat &amp; Noir mat - EPODEX Industries | B2B Plattform\" \/>\n<meta property=\"og:description\" content=\"Peinture en bombe 1K (laque \u00e0 base d\u2018acrylique) pour une utilisation universelle sur les radiateurs, les prises de courant et de nombreux autres objets et surfaces. Remarque: pour les surfaces en contact permanent avec l&#039;eau, les produits chimiques et soumises \u00e0 de fortes contraintes m\u00e9caniques, nous recommandons notre peinture en bombe 2K. Propri\u00e9t\u00e9s: tr\u00e8s couvrante, r\u00e9sistante, s\u00e9chage rapide, distribution uniforme et intense de la peinture. R\u00e9sistance \u00e0 la temp\u00e9rature jusqu&#039;\u00e0 120\u00b0C. Type de finition: satin\u00e9 S\u00e8che au toucher apr\u00e8s 10-20 min. 1 bomde de peinture suffit pour faire 2 couches sur env. 2m\u00b2\" \/>\n<meta property=\"og:url\" content=\"https:\/\/old.epodex-industries.com\/fr\/produkt\/bombe-de-peinture-1k-400ml-blanc-mat-noir-mat\/\" \/>\n<meta property=\"og:site_name\" content=\"EPODEX Industries | B2B Plattform\" \/>\n<meta property=\"article:publisher\" content=\"https:\/\/www.facebook.com\/Epodex\/\" \/>\n<meta property=\"article:modified_time\" content=\"2024-07-24T10:15:12+00:00\" \/>\n<meta property=\"og:image\" content=\"https:\/\/old.epodex-industries.com\/wp-content\/uploads\/2024\/04\/1k-Matt-weiss-schwarz-Spray-3.jpg\" \/>\n\t<meta property=\"og:image:width\" content=\"1200\" \/>\n\t<meta property=\"og:image:height\" content=\"800\" \/>\n\t<meta property=\"og:image:type\" content=\"image\/jpeg\" \/>\n<meta name=\"twitter:card\" content=\"summary_large_image\" \/>\n<meta name=\"twitter:label1\" content=\"Dur\u00e9e de lecture estim\u00e9e\" \/>\n\t<meta name=\"twitter:data1\" content=\"1 minute\" \/>\n<script type=\"application\/ld+json\" class=\"yoast-schema-graph\">{\"@context\":\"https:\/\/schema.org\",\"@graph\":[{\"@type\":\"WebPage\",\"@id\":\"https:\/\/old.epodex-industries.com\/fr\/produkt\/bombe-de-peinture-1k-400ml-blanc-mat-noir-mat\/\",\"url\":\"https:\/\/old.epodex-industries.com\/fr\/produkt\/bombe-de-peinture-1k-400ml-blanc-mat-noir-mat\/\",\"name\":\"Bombe de peinture 1K 400ml | Blanc mat & Noir mat - EPODEX Industries | B2B Plattform\",\"isPartOf\":{\"@id\":\"https:\/\/old.epodex-industries.com\/fr\/#website\"},\"primaryImageOfPage\":{\"@id\":\"https:\/\/old.epodex-industries.com\/fr\/produkt\/bombe-de-peinture-1k-400ml-blanc-mat-noir-mat\/#primaryimage\"},\"image\":{\"@id\":\"https:\/\/old.epodex-industries.com\/fr\/produkt\/bombe-de-peinture-1k-400ml-blanc-mat-noir-mat\/#primaryimage\"},\"thumbnailUrl\":\"https:\/\/old.epodex-industries.com\/wp-content\/uploads\/2024\/04\/1k-Matt-weiss-schwarz-Spray-3.jpg\",\"datePublished\":\"2024-04-12T12:46:53+00:00\",\"dateModified\":\"2024-07-24T10:15:12+00:00\",\"breadcrumb\":{\"@id\":\"https:\/\/old.epodex-industries.com\/fr\/produkt\/bombe-de-peinture-1k-400ml-blanc-mat-noir-mat\/#breadcrumb\"},\"inLanguage\":\"fr-FR\",\"potentialAction\":[{\"@type\":\"ReadAction\",\"target\":[\"https:\/\/old.epodex-industries.com\/fr\/produkt\/bombe-de-peinture-1k-400ml-blanc-mat-noir-mat\/\"]}]},{\"@type\":\"ImageObject\",\"inLanguage\":\"fr-FR\",\"@id\":\"https:\/\/old.epodex-industries.com\/fr\/produkt\/bombe-de-peinture-1k-400ml-blanc-mat-noir-mat\/#primaryimage\",\"url\":\"https:\/\/old.epodex-industries.com\/wp-content\/uploads\/2024\/04\/1k-Matt-weiss-schwarz-Spray-3.jpg\",\"contentUrl\":\"https:\/\/old.epodex-industries.com\/wp-content\/uploads\/2024\/04\/1k-Matt-weiss-schwarz-Spray-3.jpg\",\"width\":1200,\"height\":800},{\"@type\":\"BreadcrumbList\",\"@id\":\"https:\/\/old.epodex-industries.com\/fr\/produkt\/bombe-de-peinture-1k-400ml-blanc-mat-noir-mat\/#breadcrumb\",\"itemListElement\":[{\"@type\":\"ListItem\",\"position\":1,\"name\":\"Startseite\",\"item\":\"https:\/\/old.epodex-industries.com\/fr\/\"},{\"@type\":\"ListItem\",\"position\":2,\"name\":\"Shop\",\"item\":\"https:\/\/old.epodex-industries.com\/fr\/shop\/\"},{\"@type\":\"ListItem\",\"position\":3,\"name\":\"Bombe de peinture 1K 400ml | Blanc mat &#038; Noir mat\"}]},{\"@type\":\"WebSite\",\"@id\":\"https:\/\/old.epodex-industries.com\/fr\/#website\",\"url\":\"https:\/\/old.epodex-industries.com\/fr\/\",\"name\":\"EPODEX Industries | B2B Plattform\",\"description\":\"Hersteller + Gro\u00dfhandel f\u00fcr Baustoffe\",\"publisher\":{\"@id\":\"https:\/\/old.epodex-industries.com\/fr\/#organization\"},\"alternateName\":\"EPODEX Industries | Hersteller + Gro\u00dfhandel f\u00fcr Baustoffe\",\"potentialAction\":[{\"@type\":\"SearchAction\",\"target\":{\"@type\":\"EntryPoint\",\"urlTemplate\":\"https:\/\/old.epodex-industries.com\/fr\/?s={search_term_string}\"},\"query-input\":{\"@type\":\"PropertyValueSpecification\",\"valueRequired\":true,\"valueName\":\"search_term_string\"}}],\"inLanguage\":\"fr-FR\"},{\"@type\":\"Organization\",\"@id\":\"https:\/\/old.epodex-industries.com\/fr\/#organization\",\"name\":\"EPODEX Industries\",\"url\":\"https:\/\/old.epodex-industries.com\/fr\/\",\"logo\":{\"@type\":\"ImageObject\",\"inLanguage\":\"fr-FR\",\"@id\":\"https:\/\/old.epodex-industries.com\/fr\/#\/schema\/logo\/image\/\",\"url\":\"https:\/\/www.epodex-industries.com\/wp-content\/uploads\/2023\/06\/Logo-Epodex-Rechnung.jpg\",\"contentUrl\":\"https:\/\/www.epodex-industries.com\/wp-content\/uploads\/2023\/06\/Logo-Epodex-Rechnung.jpg\",\"width\":261,\"height\":50,\"caption\":\"EPODEX Industries\"},\"image\":{\"@id\":\"https:\/\/old.epodex-industries.com\/fr\/#\/schema\/logo\/image\/\"},\"sameAs\":[\"https:\/\/www.facebook.com\/Epodex\/\",\"https:\/\/www.instagram.com\/epodex_official\/\",\"https:\/\/www.pinterest.de\/epodex_com\/\",\"https:\/\/www.youtube.com\/channel\/UC7lFrJ9YpN1yg43sTc6q3ow\"]}]}<\/script>\n<!-- \/ Yoast SEO plugin. -->","yoast_head_json":{"title":"Bombe de peinture 1K 400ml | Blanc mat & Noir mat - EPODEX Industries | B2B Plattform","robots":{"index":"index","follow":"follow","max-snippet":"max-snippet:-1","max-image-preview":"max-image-preview:large","max-video-preview":"max-video-preview:-1"},"canonical":"https:\/\/old.epodex-industries.com\/fr\/produkt\/bombe-de-peinture-1k-400ml-blanc-mat-noir-mat\/","og_locale":"fr_FR","og_type":"article","og_title":"Bombe de peinture 1K 400ml | Blanc mat & Noir mat - EPODEX Industries | B2B Plattform","og_description":"Peinture en bombe 1K (laque \u00e0 base d\u2018acrylique) pour une utilisation universelle sur les radiateurs, les prises de courant et de nombreux autres objets et surfaces. Remarque: pour les surfaces en contact permanent avec l'eau, les produits chimiques et soumises \u00e0 de fortes contraintes m\u00e9caniques, nous recommandons notre peinture en bombe 2K. Propri\u00e9t\u00e9s: tr\u00e8s couvrante, r\u00e9sistante, s\u00e9chage rapide, distribution uniforme et intense de la peinture. R\u00e9sistance \u00e0 la temp\u00e9rature jusqu'\u00e0 120\u00b0C. Type de finition: satin\u00e9 S\u00e8che au toucher apr\u00e8s 10-20 min. 1 bomde de peinture suffit pour faire 2 couches sur env. 2m\u00b2","og_url":"https:\/\/old.epodex-industries.com\/fr\/produkt\/bombe-de-peinture-1k-400ml-blanc-mat-noir-mat\/","og_site_name":"EPODEX Industries | B2B Plattform","article_publisher":"https:\/\/www.facebook.com\/Epodex\/","article_modified_time":"2024-07-24T10:15:12+00:00","og_image":[{"width":1200,"height":800,"url":"https:\/\/old.epodex-industries.com\/wp-content\/uploads\/2024\/04\/1k-Matt-weiss-schwarz-Spray-3.jpg","type":"image\/jpeg"}],"twitter_card":"summary_large_image","twitter_misc":{"Dur\u00e9e de lecture estim\u00e9e":"1 minute"},"schema":{"@context":"https:\/\/schema.org","@graph":[{"@type":"WebPage","@id":"https:\/\/old.epodex-industries.com\/fr\/produkt\/bombe-de-peinture-1k-400ml-blanc-mat-noir-mat\/","url":"https:\/\/old.epodex-industries.com\/fr\/produkt\/bombe-de-peinture-1k-400ml-blanc-mat-noir-mat\/","name":"Bombe de peinture 1K 400ml | Blanc mat & Noir mat - EPODEX Industries | B2B Plattform","isPartOf":{"@id":"https:\/\/old.epodex-industries.com\/fr\/#website"},"primaryImageOfPage":{"@id":"https:\/\/old.epodex-industries.com\/fr\/produkt\/bombe-de-peinture-1k-400ml-blanc-mat-noir-mat\/#primaryimage"},"image":{"@id":"https:\/\/old.epodex-industries.com\/fr\/produkt\/bombe-de-peinture-1k-400ml-blanc-mat-noir-mat\/#primaryimage"},"thumbnailUrl":"https:\/\/old.epodex-industries.com\/wp-content\/uploads\/2024\/04\/1k-Matt-weiss-schwarz-Spray-3.jpg","datePublished":"2024-04-12T12:46:53+00:00","dateModified":"2024-07-24T10:15:12+00:00","breadcrumb":{"@id":"https:\/\/old.epodex-industries.com\/fr\/produkt\/bombe-de-peinture-1k-400ml-blanc-mat-noir-mat\/#breadcrumb"},"inLanguage":"fr-FR","potentialAction":[{"@type":"ReadAction","target":["https:\/\/old.epodex-industries.com\/fr\/produkt\/bombe-de-peinture-1k-400ml-blanc-mat-noir-mat\/"]}]},{"@type":"ImageObject","inLanguage":"fr-FR","@id":"https:\/\/old.epodex-industries.com\/fr\/produkt\/bombe-de-peinture-1k-400ml-blanc-mat-noir-mat\/#primaryimage","url":"https:\/\/old.epodex-industries.com\/wp-content\/uploads\/2024\/04\/1k-Matt-weiss-schwarz-Spray-3.jpg","contentUrl":"https:\/\/old.epodex-industries.com\/wp-content\/uploads\/2024\/04\/1k-Matt-weiss-schwarz-Spray-3.jpg","width":1200,"height":800},{"@type":"BreadcrumbList","@id":"https:\/\/old.epodex-industries.com\/fr\/produkt\/bombe-de-peinture-1k-400ml-blanc-mat-noir-mat\/#breadcrumb","itemListElement":[{"@type":"ListItem","position":1,"name":"Startseite","item":"https:\/\/old.epodex-industries.com\/fr\/"},{"@type":"ListItem","position":2,"name":"Shop","item":"https:\/\/old.epodex-industries.com\/fr\/shop\/"},{"@type":"ListItem","position":3,"name":"Bombe de peinture 1K 400ml | Blanc mat &#038; Noir mat"}]},{"@type":"WebSite","@id":"https:\/\/old.epodex-industries.com\/fr\/#website","url":"https:\/\/old.epodex-industries.com\/fr\/","name":"EPODEX Industries | B2B Plattform","description":"Hersteller + Gro\u00dfhandel f\u00fcr Baustoffe","publisher":{"@id":"https:\/\/old.epodex-industries.com\/fr\/#organization"},"alternateName":"EPODEX Industries | Hersteller + Gro\u00dfhandel f\u00fcr Baustoffe","potentialAction":[{"@type":"SearchAction","target":{"@type":"EntryPoint","urlTemplate":"https:\/\/old.epodex-industries.com\/fr\/?s={search_term_string}"},"query-input":{"@type":"PropertyValueSpecification","valueRequired":true,"valueName":"search_term_string"}}],"inLanguage":"fr-FR"},{"@type":"Organization","@id":"https:\/\/old.epodex-industries.com\/fr\/#organization","name":"EPODEX Industries","url":"https:\/\/old.epodex-industries.com\/fr\/","logo":{"@type":"ImageObject","inLanguage":"fr-FR","@id":"https:\/\/old.epodex-industries.com\/fr\/#\/schema\/logo\/image\/","url":"https:\/\/www.epodex-industries.com\/wp-content\/uploads\/2023\/06\/Logo-Epodex-Rechnung.jpg","contentUrl":"https:\/\/www.epodex-industries.com\/wp-content\/uploads\/2023\/06\/Logo-Epodex-Rechnung.jpg","width":261,"height":50,"caption":"EPODEX Industries"},"image":{"@id":"https:\/\/old.epodex-industries.com\/fr\/#\/schema\/logo\/image\/"},"sameAs":["https:\/\/www.facebook.com\/Epodex\/","https:\/\/www.instagram.com\/epodex_official\/","https:\/\/www.pinterest.de\/epodex_com\/","https:\/\/www.youtube.com\/channel\/UC7lFrJ9YpN1yg43sTc6q3ow"]}]}},"_links":{"self":[{"href":"https:\/\/old.epodex-industries.com\/fr\/wp-json\/wp\/v2\/product\/28963","targetHints":{"allow":["GET"]}}],"collection":[{"href":"https:\/\/old.epodex-industries.com\/fr\/wp-json\/wp\/v2\/product"}],"about":[{"href":"https:\/\/old.epodex-industries.com\/fr\/wp-json\/wp\/v2\/types\/product"}],"replies":[{"embeddable":true,"href":"https:\/\/old.epodex-industries.com\/fr\/wp-json\/wp\/v2\/comments?post=28963"}],"wp:featuredmedia":[{"embeddable":true,"href":"https:\/\/old.epodex-industries.com\/fr\/wp-json\/wp\/v2\/media\/28765"}],"wp:attachment":[{"href":"https:\/\/old.epodex-industries.com\/fr\/wp-json\/wp\/v2\/media?parent=28963"}],"wp:term":[{"taxonomy":"product_brand","embeddable":true,"href":"https:\/\/old.epodex-industries.com\/fr\/wp-json\/wp\/v2\/product_brand?post=28963"},{"taxonomy":"product_cat","embeddable":true,"href":"https:\/\/old.epodex-industries.com\/fr\/wp-json\/wp\/v2\/product_cat?post=28963"},{"taxonomy":"product_tag","embeddable":true,"href":"https:\/\/old.epodex-industries.com\/fr\/wp-json\/wp\/v2\/product_tag?post=28963"}],"curies":[{"name":"wp","href":"https:\/\/api.w.org\/{rel}","templated":true}]}}