{"id":28962,"date":"2024-04-12T14:46:53","date_gmt":"2024-04-12T12:46:53","guid":{"rendered":"https:\/\/www.epodex-industries.com\/produkt\/spray-effet-marbre-blanc-noir\/"},"modified":"2024-07-24T12:15:11","modified_gmt":"2024-07-24T10:15:11","slug":"spray-effet-marbre-blanc-noir","status":"publish","type":"product","link":"https:\/\/old.epodex-industries.com\/fr\/produit\/spray-effet-marbre-blanc-noir\/","title":{"rendered":"Spray effet marbr\u00e9 blanc\/noir"},"content":{"rendered":"<h2>Bombe de peinture effet marbr\u00e9 blanc\/noir<\/h2>\n<p>Vous souhaitez obtenir rapidement, facilement et \u00e0 moindre co\u00fbt une surface en marbre ? Alors nous avons le produit parfait pour vous !<br \/>\nAvec notre bombe de peinture effet marbr\u00e9, vous pouvez cr\u00e9er rapidement et facilement un aspect de marbre authentique sur toutes les surfaces naturelles et rev\u00eatues, telles que le papier, le carton, la porcelaine, la pierre, le polystyr\u00e8ne, le bois, le verre, le m\u00e9tal, la r\u00e9sine \u00e9poxy et la c\u00e9ramique. L&rsquo;effet marbr\u00e9 est cr\u00e9\u00e9 par de fines cordes de peinture qui sortent de la buse de pulv\u00e9risation.<\/p>\n<hr \/>\n<h3>Application<\/h3>\n<p>Nous recommandons, pour un r\u00e9sultat optimal, de pr\u00e9traiter la surface avec l&rsquo;une de nos couleurs. Selon le type de surface, vous pouvez choisir entre nos couleurs pour b\u00e9ton, nos couleurs pour carrelage ou notre appr\u00eat \u00e0 base de r\u00e9sine \u00e9poxy. Agitez la bombe de peinture avant utilisation, puis pulv\u00e9risez le marbrage souhait\u00e9. Pour une finition sp\u00e9ciale, nous vous recommandons de sceller la surface avec nos syst\u00e8mes de r\u00e9sine \u00e9poxy ECO ou PRO. Alternativement, vous pouvez \u00e9galement sceller la surface avec notre vernis acrylique transparent \u00ab\u00a0ACRYLIC PROTECT\u00a0\u00bb.<br \/>\n<strong>Service client :<\/strong> Pour toute question suppl\u00e9mentaire, contactez-nous par t\u00e9l\u00e9phone, par e-mail ou utilisez notre support WhatsApp.<\/p>\n<hr \/>\n<h3>Consignes de s\u00e9curit\u00e9<\/h3>\n<p>A\u00e9rosol extr\u00eamement inflammable. R\u00e9cipient sous pression : peut \u00e9clater sous l&rsquo;effet de la chaleur. Provoque une irritation s\u00e9v\u00e8re des yeux. En cas de consultation d\u2019un m\u00e9decin, garder \u00e0 disposition le r\u00e9cipient ou l\u2019\u00e9tiquette. Tenir hors de port\u00e9e des enfants. Tenir \u00e0 l&rsquo;\u00e9cart de la chaleur, des surfaces chaudes, des \u00e9tincelles, des flammes nues et de toute autre source d&rsquo;inflammation. Ne pas fumer. Ne pas vaporiser sur une flamme nue ou sur toute autre source d&rsquo;inflammation. Ne pas perforer ni br\u00fbler, m\u00eame apr\u00e8s usage. Ne pas inhaler l&rsquo;a\u00e9rosol. Prot\u00e9ger du rayonnement solaire. Ne pas exposer \u00e0 des temp\u00e9ratures sup\u00e9rieures \u00e0 50 \u00b0C. \u00c9liminer le contenu\/r\u00e9cipient conform\u00e9ment \u00e0 la r\u00e9glementation locale\/r\u00e9gionale\/nationale\/internationale.<br \/>\n<img decoding=\"async\" src=\"\/\/www.epodex.com\/de\/wp-content\/uploads\/2021\/04\/achtung.png\" \/><img decoding=\"async\" src=\"\/\/www.epodex.com\/de\/wp-content\/uploads\/2021\/04\/gefahrensymbol-flamme.png\" \/><\/p>\n","protected":false},"excerpt":{"rendered":"<ul>\n<li>Effet marbr\u00e9 avec nervures noires ou blanches<\/li>\n<li>Laque \u00e0 base d\u2018acrylique<\/li>\n<li>Sec rapidement<\/li>\n<li>Quantit\u00e9: 400ml<\/li>\n<li>Un spray est suffisant pour 30-50m\u00b2, suivant l\u2019effet marbre d\u00e9sir\u00e9. <\/li>\n<\/ul>\n","protected":false},"featured_media":16289,"comment_status":"open","ping_status":"closed","template":"","meta":[],"product_brand":[],"product_cat":[4951],"product_tag":[],"class_list":{"0":"post-28962","1":"product","2":"type-product","3":"status-publish","4":"has-post-thumbnail","6":"product_cat-accessoires","7":"pa_farbe-marmor-spray-schwarz","8":"pa_farbe-marmor-spray-weiss","10":"first","11":"instock","12":"taxable","13":"shipping-taxable","14":"product-type-variable","15":"wvs-archive-product-wrapper"},"yoast_head":"<!-- This site is optimized with the Yoast SEO plugin v26.7 - https:\/\/yoast.com\/wordpress\/plugins\/seo\/ -->\n<title>Spray effet marbr\u00e9 blanc\/noir - EPODEX Industries | B2B Plattform<\/title>\n<meta name=\"robots\" content=\"index, follow, max-snippet:-1, max-image-preview:large, max-video-preview:-1\" \/>\n<link rel=\"canonical\" href=\"https:\/\/old.epodex-industries.com\/fr\/produkt\/spray-effet-marbre-blanc-noir\/\" \/>\n<meta property=\"og:locale\" content=\"fr_FR\" \/>\n<meta property=\"og:type\" content=\"article\" \/>\n<meta property=\"og:title\" content=\"Spray effet marbr\u00e9 blanc\/noir - EPODEX Industries | B2B Plattform\" \/>\n<meta property=\"og:description\" content=\"Effet marbr\u00e9 avec nervures noires ou blanches  Laque \u00e0 base d\u2018acrylique  Sec rapidement  Quantit\u00e9: 400ml  Un spray est suffisant pour 30-50m\u00b2, suivant l\u2019effet marbre d\u00e9sir\u00e9.\" \/>\n<meta property=\"og:url\" content=\"https:\/\/old.epodex-industries.com\/fr\/produkt\/spray-effet-marbre-blanc-noir\/\" \/>\n<meta property=\"og:site_name\" content=\"EPODEX Industries | B2B Plattform\" \/>\n<meta property=\"article:publisher\" content=\"https:\/\/www.facebook.com\/Epodex\/\" \/>\n<meta property=\"article:modified_time\" content=\"2024-07-24T10:15:11+00:00\" \/>\n<meta property=\"og:image\" content=\"https:\/\/old.epodex-industries.com\/wp-content\/uploads\/2023\/06\/marble-effect-spray.png\" \/>\n\t<meta property=\"og:image:width\" content=\"1200\" \/>\n\t<meta property=\"og:image:height\" content=\"800\" \/>\n\t<meta property=\"og:image:type\" content=\"image\/png\" \/>\n<meta name=\"twitter:card\" content=\"summary_large_image\" \/>\n<meta name=\"twitter:label1\" content=\"Dur\u00e9e de lecture estim\u00e9e\" \/>\n\t<meta name=\"twitter:data1\" content=\"2 minutes\" \/>\n<script type=\"application\/ld+json\" class=\"yoast-schema-graph\">{\"@context\":\"https:\/\/schema.org\",\"@graph\":[{\"@type\":\"WebPage\",\"@id\":\"https:\/\/old.epodex-industries.com\/fr\/produkt\/spray-effet-marbre-blanc-noir\/\",\"url\":\"https:\/\/old.epodex-industries.com\/fr\/produkt\/spray-effet-marbre-blanc-noir\/\",\"name\":\"Spray effet marbr\u00e9 blanc\/noir - EPODEX Industries | B2B Plattform\",\"isPartOf\":{\"@id\":\"https:\/\/old.epodex-industries.com\/fr\/#website\"},\"primaryImageOfPage\":{\"@id\":\"https:\/\/old.epodex-industries.com\/fr\/produkt\/spray-effet-marbre-blanc-noir\/#primaryimage\"},\"image\":{\"@id\":\"https:\/\/old.epodex-industries.com\/fr\/produkt\/spray-effet-marbre-blanc-noir\/#primaryimage\"},\"thumbnailUrl\":\"https:\/\/old.epodex-industries.com\/wp-content\/uploads\/2023\/06\/marble-effect-spray.png\",\"datePublished\":\"2024-04-12T12:46:53+00:00\",\"dateModified\":\"2024-07-24T10:15:11+00:00\",\"breadcrumb\":{\"@id\":\"https:\/\/old.epodex-industries.com\/fr\/produkt\/spray-effet-marbre-blanc-noir\/#breadcrumb\"},\"inLanguage\":\"fr-FR\",\"potentialAction\":[{\"@type\":\"ReadAction\",\"target\":[\"https:\/\/old.epodex-industries.com\/fr\/produkt\/spray-effet-marbre-blanc-noir\/\"]}]},{\"@type\":\"ImageObject\",\"inLanguage\":\"fr-FR\",\"@id\":\"https:\/\/old.epodex-industries.com\/fr\/produkt\/spray-effet-marbre-blanc-noir\/#primaryimage\",\"url\":\"https:\/\/old.epodex-industries.com\/wp-content\/uploads\/2023\/06\/marble-effect-spray.png\",\"contentUrl\":\"https:\/\/old.epodex-industries.com\/wp-content\/uploads\/2023\/06\/marble-effect-spray.png\",\"width\":1200,\"height\":800},{\"@type\":\"BreadcrumbList\",\"@id\":\"https:\/\/old.epodex-industries.com\/fr\/produkt\/spray-effet-marbre-blanc-noir\/#breadcrumb\",\"itemListElement\":[{\"@type\":\"ListItem\",\"position\":1,\"name\":\"Startseite\",\"item\":\"https:\/\/old.epodex-industries.com\/fr\/\"},{\"@type\":\"ListItem\",\"position\":2,\"name\":\"Shop\",\"item\":\"https:\/\/old.epodex-industries.com\/fr\/shop\/\"},{\"@type\":\"ListItem\",\"position\":3,\"name\":\"Spray effet marbr\u00e9 blanc\/noir\"}]},{\"@type\":\"WebSite\",\"@id\":\"https:\/\/old.epodex-industries.com\/fr\/#website\",\"url\":\"https:\/\/old.epodex-industries.com\/fr\/\",\"name\":\"EPODEX Industries | B2B Plattform\",\"description\":\"Hersteller + Gro\u00dfhandel f\u00fcr Baustoffe\",\"publisher\":{\"@id\":\"https:\/\/old.epodex-industries.com\/fr\/#organization\"},\"alternateName\":\"EPODEX Industries | Hersteller + Gro\u00dfhandel f\u00fcr Baustoffe\",\"potentialAction\":[{\"@type\":\"SearchAction\",\"target\":{\"@type\":\"EntryPoint\",\"urlTemplate\":\"https:\/\/old.epodex-industries.com\/fr\/?s={search_term_string}\"},\"query-input\":{\"@type\":\"PropertyValueSpecification\",\"valueRequired\":true,\"valueName\":\"search_term_string\"}}],\"inLanguage\":\"fr-FR\"},{\"@type\":\"Organization\",\"@id\":\"https:\/\/old.epodex-industries.com\/fr\/#organization\",\"name\":\"EPODEX Industries\",\"url\":\"https:\/\/old.epodex-industries.com\/fr\/\",\"logo\":{\"@type\":\"ImageObject\",\"inLanguage\":\"fr-FR\",\"@id\":\"https:\/\/old.epodex-industries.com\/fr\/#\/schema\/logo\/image\/\",\"url\":\"https:\/\/www.epodex-industries.com\/wp-content\/uploads\/2023\/06\/Logo-Epodex-Rechnung.jpg\",\"contentUrl\":\"https:\/\/www.epodex-industries.com\/wp-content\/uploads\/2023\/06\/Logo-Epodex-Rechnung.jpg\",\"width\":261,\"height\":50,\"caption\":\"EPODEX Industries\"},\"image\":{\"@id\":\"https:\/\/old.epodex-industries.com\/fr\/#\/schema\/logo\/image\/\"},\"sameAs\":[\"https:\/\/www.facebook.com\/Epodex\/\",\"https:\/\/www.instagram.com\/epodex_official\/\",\"https:\/\/www.pinterest.de\/epodex_com\/\",\"https:\/\/www.youtube.com\/channel\/UC7lFrJ9YpN1yg43sTc6q3ow\"]}]}<\/script>\n<!-- \/ Yoast SEO plugin. -->","yoast_head_json":{"title":"Spray effet marbr\u00e9 blanc\/noir - EPODEX Industries | B2B Plattform","robots":{"index":"index","follow":"follow","max-snippet":"max-snippet:-1","max-image-preview":"max-image-preview:large","max-video-preview":"max-video-preview:-1"},"canonical":"https:\/\/old.epodex-industries.com\/fr\/produkt\/spray-effet-marbre-blanc-noir\/","og_locale":"fr_FR","og_type":"article","og_title":"Spray effet marbr\u00e9 blanc\/noir - EPODEX Industries | B2B Plattform","og_description":"Effet marbr\u00e9 avec nervures noires ou blanches  Laque \u00e0 base d\u2018acrylique  Sec rapidement  Quantit\u00e9: 400ml  Un spray est suffisant pour 30-50m\u00b2, suivant l\u2019effet marbre d\u00e9sir\u00e9.","og_url":"https:\/\/old.epodex-industries.com\/fr\/produkt\/spray-effet-marbre-blanc-noir\/","og_site_name":"EPODEX Industries | B2B Plattform","article_publisher":"https:\/\/www.facebook.com\/Epodex\/","article_modified_time":"2024-07-24T10:15:11+00:00","og_image":[{"width":1200,"height":800,"url":"https:\/\/old.epodex-industries.com\/wp-content\/uploads\/2023\/06\/marble-effect-spray.png","type":"image\/png"}],"twitter_card":"summary_large_image","twitter_misc":{"Dur\u00e9e de lecture estim\u00e9e":"2 minutes"},"schema":{"@context":"https:\/\/schema.org","@graph":[{"@type":"WebPage","@id":"https:\/\/old.epodex-industries.com\/fr\/produkt\/spray-effet-marbre-blanc-noir\/","url":"https:\/\/old.epodex-industries.com\/fr\/produkt\/spray-effet-marbre-blanc-noir\/","name":"Spray effet marbr\u00e9 blanc\/noir - EPODEX Industries | B2B Plattform","isPartOf":{"@id":"https:\/\/old.epodex-industries.com\/fr\/#website"},"primaryImageOfPage":{"@id":"https:\/\/old.epodex-industries.com\/fr\/produkt\/spray-effet-marbre-blanc-noir\/#primaryimage"},"image":{"@id":"https:\/\/old.epodex-industries.com\/fr\/produkt\/spray-effet-marbre-blanc-noir\/#primaryimage"},"thumbnailUrl":"https:\/\/old.epodex-industries.com\/wp-content\/uploads\/2023\/06\/marble-effect-spray.png","datePublished":"2024-04-12T12:46:53+00:00","dateModified":"2024-07-24T10:15:11+00:00","breadcrumb":{"@id":"https:\/\/old.epodex-industries.com\/fr\/produkt\/spray-effet-marbre-blanc-noir\/#breadcrumb"},"inLanguage":"fr-FR","potentialAction":[{"@type":"ReadAction","target":["https:\/\/old.epodex-industries.com\/fr\/produkt\/spray-effet-marbre-blanc-noir\/"]}]},{"@type":"ImageObject","inLanguage":"fr-FR","@id":"https:\/\/old.epodex-industries.com\/fr\/produkt\/spray-effet-marbre-blanc-noir\/#primaryimage","url":"https:\/\/old.epodex-industries.com\/wp-content\/uploads\/2023\/06\/marble-effect-spray.png","contentUrl":"https:\/\/old.epodex-industries.com\/wp-content\/uploads\/2023\/06\/marble-effect-spray.png","width":1200,"height":800},{"@type":"BreadcrumbList","@id":"https:\/\/old.epodex-industries.com\/fr\/produkt\/spray-effet-marbre-blanc-noir\/#breadcrumb","itemListElement":[{"@type":"ListItem","position":1,"name":"Startseite","item":"https:\/\/old.epodex-industries.com\/fr\/"},{"@type":"ListItem","position":2,"name":"Shop","item":"https:\/\/old.epodex-industries.com\/fr\/shop\/"},{"@type":"ListItem","position":3,"name":"Spray effet marbr\u00e9 blanc\/noir"}]},{"@type":"WebSite","@id":"https:\/\/old.epodex-industries.com\/fr\/#website","url":"https:\/\/old.epodex-industries.com\/fr\/","name":"EPODEX Industries | B2B Plattform","description":"Hersteller + Gro\u00dfhandel f\u00fcr Baustoffe","publisher":{"@id":"https:\/\/old.epodex-industries.com\/fr\/#organization"},"alternateName":"EPODEX Industries | Hersteller + Gro\u00dfhandel f\u00fcr Baustoffe","potentialAction":[{"@type":"SearchAction","target":{"@type":"EntryPoint","urlTemplate":"https:\/\/old.epodex-industries.com\/fr\/?s={search_term_string}"},"query-input":{"@type":"PropertyValueSpecification","valueRequired":true,"valueName":"search_term_string"}}],"inLanguage":"fr-FR"},{"@type":"Organization","@id":"https:\/\/old.epodex-industries.com\/fr\/#organization","name":"EPODEX Industries","url":"https:\/\/old.epodex-industries.com\/fr\/","logo":{"@type":"ImageObject","inLanguage":"fr-FR","@id":"https:\/\/old.epodex-industries.com\/fr\/#\/schema\/logo\/image\/","url":"https:\/\/www.epodex-industries.com\/wp-content\/uploads\/2023\/06\/Logo-Epodex-Rechnung.jpg","contentUrl":"https:\/\/www.epodex-industries.com\/wp-content\/uploads\/2023\/06\/Logo-Epodex-Rechnung.jpg","width":261,"height":50,"caption":"EPODEX Industries"},"image":{"@id":"https:\/\/old.epodex-industries.com\/fr\/#\/schema\/logo\/image\/"},"sameAs":["https:\/\/www.facebook.com\/Epodex\/","https:\/\/www.instagram.com\/epodex_official\/","https:\/\/www.pinterest.de\/epodex_com\/","https:\/\/www.youtube.com\/channel\/UC7lFrJ9YpN1yg43sTc6q3ow"]}]}},"_links":{"self":[{"href":"https:\/\/old.epodex-industries.com\/fr\/wp-json\/wp\/v2\/product\/28962","targetHints":{"allow":["GET"]}}],"collection":[{"href":"https:\/\/old.epodex-industries.com\/fr\/wp-json\/wp\/v2\/product"}],"about":[{"href":"https:\/\/old.epodex-industries.com\/fr\/wp-json\/wp\/v2\/types\/product"}],"replies":[{"embeddable":true,"href":"https:\/\/old.epodex-industries.com\/fr\/wp-json\/wp\/v2\/comments?post=28962"}],"wp:featuredmedia":[{"embeddable":true,"href":"https:\/\/old.epodex-industries.com\/fr\/wp-json\/wp\/v2\/media\/16289"}],"wp:attachment":[{"href":"https:\/\/old.epodex-industries.com\/fr\/wp-json\/wp\/v2\/media?parent=28962"}],"wp:term":[{"taxonomy":"product_brand","embeddable":true,"href":"https:\/\/old.epodex-industries.com\/fr\/wp-json\/wp\/v2\/product_brand?post=28962"},{"taxonomy":"product_cat","embeddable":true,"href":"https:\/\/old.epodex-industries.com\/fr\/wp-json\/wp\/v2\/product_cat?post=28962"},{"taxonomy":"product_tag","embeddable":true,"href":"https:\/\/old.epodex-industries.com\/fr\/wp-json\/wp\/v2\/product_tag?post=28962"}],"curies":[{"name":"wp","href":"https:\/\/api.w.org\/{rel}","templated":true}]}}