{"id":28961,"date":"2024-04-12T14:46:53","date_gmt":"2024-04-12T12:46:53","guid":{"rendered":"https:\/\/www.epodex-industries.com\/produkt\/marqueur-pour-joints-blanc-gris-epodex\/"},"modified":"2024-07-17T12:32:03","modified_gmt":"2024-07-17T10:32:03","slug":"marqueur-pour-joints-blanc-gris-epodex","status":"publish","type":"product","link":"https:\/\/old.epodex-industries.com\/fr\/produit\/marqueur-pour-joints-blanc-gris-epodex\/","title":{"rendered":"Marqueur pour joints blanc\/gris EPODEX"},"content":{"rendered":"<h2>Marqueur pour joints blanc\/gris EPODEX<\/h2>\n<p>Le marqueur pour joints EPODEX est une peinture sp\u00e9ciale \u00e0 base d&rsquo;acrylique pour colorer et rafra\u00eechir les joints de carrelage. Gr\u00e2ce \u00e0 la pointe aplatie du crayon, le marqueur pour joints s&rsquo;adapte \u00e0 toutes les largeurs de joints et assure ainsi une pose rapide et propre des joints de carrelage en un seul passage.<\/p>\n<hr\/>\n<p><strong>Service \u00e0 la client\u00e8le:<\/strong> Si vous avez d\u2019autres questions, contactez-nous par t\u00e9l\u00e9phone, par courrier \u00e9lectronique ou utilisez notre support WhatsApp.<\/p>\n<h3>Mentions de danger:<\/h3>\n<p>Attention : Peut provoquer des r\u00e9actions allergiques. Contient IPBC (EN). Tenir hors de port\u00e9e des enfants.<\/p>\n","protected":false},"excerpt":{"rendered":"<p><strong>D\u00e9tails du produit<\/strong><\/p>\n<ul>\n<li>Marqueur de joints pour colorer et rafra\u00eechir les joints de carrelage.<\/li>\n<li>Gr\u00e2ce \u00e0 sa pointe aplatie, le marqueur pour joints s&rsquo;adapte \u00e0 toutes les largeurs de joints et garantit ainsi un tra\u00e7age rapide et propre des joints de carrelage en un seul passage.<\/li>\n<\/ul>\n<p><strong>Consignes d&rsquo;utilisation<\/strong><\/p>\n<ol>\n<li>Secouez le marqueur avant de l&rsquo;utiliser.<\/li>\n<li>Appuyez plusieurs fois la pointe du stylo sur une surface ferme jusqu&rsquo;\u00e0 ce que la pointe se remplisse de peinture.<\/li>\n<li>Faites glisser le marqueur sur le joint. Utilisez de pr\u00e9f\u00e9rance une r\u00e8gle.<\/li>\n<\/ol>\n","protected":false},"featured_media":16287,"comment_status":"open","ping_status":"closed","template":"","meta":[],"product_brand":[],"product_cat":[4951],"product_tag":[],"class_list":{"0":"post-28961","1":"product","2":"type-product","3":"status-publish","4":"has-post-thumbnail","6":"product_cat-accessoires","7":"pa_farbe-epodex-fugenstift-grau","8":"pa_farbe-epodex-fugenstift-weiss","10":"first","11":"instock","12":"taxable","13":"shipping-taxable","14":"product-type-variable","15":"wvs-archive-product-wrapper"},"yoast_head":"<!-- This site is optimized with the Yoast SEO plugin v26.7 - https:\/\/yoast.com\/wordpress\/plugins\/seo\/ -->\n<title>Marqueur pour joints blanc\/gris EPODEX - EPODEX Industries | B2B Plattform<\/title>\n<meta name=\"robots\" content=\"index, follow, max-snippet:-1, max-image-preview:large, max-video-preview:-1\" \/>\n<link rel=\"canonical\" href=\"https:\/\/old.epodex-industries.com\/fr\/produit\/marqueur-pour-joints-blanc-gris-epodex\/\" \/>\n<meta property=\"og:locale\" content=\"fr_FR\" \/>\n<meta property=\"og:type\" content=\"article\" \/>\n<meta property=\"og:title\" content=\"Marqueur pour joints blanc\/gris EPODEX - EPODEX Industries | B2B Plattform\" \/>\n<meta property=\"og:description\" content=\"D\u00e9tails du produit   Marqueur de joints pour colorer et rafra\u00eechir les joints de carrelage. Gr\u00e2ce \u00e0 sa pointe aplatie, le marqueur pour joints s&#039;adapte \u00e0 toutes les largeurs de joints et garantit ainsi un tra\u00e7age rapide et propre des joints de carrelage en un seul passage.  Consignes d&#039;utilisation   Secouez le marqueur avant de l&#039;utiliser.  Appuyez plusieurs fois la pointe du stylo sur une surface ferme jusqu&#039;\u00e0 ce que la pointe se remplisse de peinture.  Faites glisser le marqueur sur le joint. Utilisez de pr\u00e9f\u00e9rance une r\u00e8gle.\" \/>\n<meta property=\"og:url\" content=\"https:\/\/old.epodex-industries.com\/fr\/produit\/marqueur-pour-joints-blanc-gris-epodex\/\" \/>\n<meta property=\"og:site_name\" content=\"EPODEX Industries | B2B Plattform\" \/>\n<meta property=\"article:publisher\" content=\"https:\/\/www.facebook.com\/Epodex\/\" \/>\n<meta property=\"article:modified_time\" content=\"2024-07-17T10:32:03+00:00\" \/>\n<meta property=\"og:image\" content=\"https:\/\/old.epodex-industries.com\/wp-content\/uploads\/2023\/06\/fugenstift-weiss-fliesen-makeover-2.jpg\" \/>\n\t<meta property=\"og:image:width\" content=\"1024\" \/>\n\t<meta property=\"og:image:height\" content=\"683\" \/>\n\t<meta property=\"og:image:type\" content=\"image\/jpeg\" \/>\n<meta name=\"twitter:card\" content=\"summary_large_image\" \/>\n<meta name=\"twitter:label1\" content=\"Dur\u00e9e de lecture estim\u00e9e\" \/>\n\t<meta name=\"twitter:data1\" content=\"1 minute\" \/>\n<script type=\"application\/ld+json\" class=\"yoast-schema-graph\">{\"@context\":\"https:\/\/schema.org\",\"@graph\":[{\"@type\":\"WebPage\",\"@id\":\"https:\/\/old.epodex-industries.com\/fr\/produit\/marqueur-pour-joints-blanc-gris-epodex\/\",\"url\":\"https:\/\/old.epodex-industries.com\/fr\/produit\/marqueur-pour-joints-blanc-gris-epodex\/\",\"name\":\"Marqueur pour joints blanc\/gris EPODEX - EPODEX Industries | B2B Plattform\",\"isPartOf\":{\"@id\":\"https:\/\/old.epodex-industries.com\/fr\/#website\"},\"primaryImageOfPage\":{\"@id\":\"https:\/\/old.epodex-industries.com\/fr\/produit\/marqueur-pour-joints-blanc-gris-epodex\/#primaryimage\"},\"image\":{\"@id\":\"https:\/\/old.epodex-industries.com\/fr\/produit\/marqueur-pour-joints-blanc-gris-epodex\/#primaryimage\"},\"thumbnailUrl\":\"https:\/\/old.epodex-industries.com\/wp-content\/uploads\/2023\/06\/fugenstift-weiss-fliesen-makeover-2.jpg\",\"datePublished\":\"2024-04-12T12:46:53+00:00\",\"dateModified\":\"2024-07-17T10:32:03+00:00\",\"breadcrumb\":{\"@id\":\"https:\/\/old.epodex-industries.com\/fr\/produit\/marqueur-pour-joints-blanc-gris-epodex\/#breadcrumb\"},\"inLanguage\":\"fr-FR\",\"potentialAction\":[{\"@type\":\"ReadAction\",\"target\":[\"https:\/\/old.epodex-industries.com\/fr\/produit\/marqueur-pour-joints-blanc-gris-epodex\/\"]}]},{\"@type\":\"ImageObject\",\"inLanguage\":\"fr-FR\",\"@id\":\"https:\/\/old.epodex-industries.com\/fr\/produit\/marqueur-pour-joints-blanc-gris-epodex\/#primaryimage\",\"url\":\"https:\/\/old.epodex-industries.com\/wp-content\/uploads\/2023\/06\/fugenstift-weiss-fliesen-makeover-2.jpg\",\"contentUrl\":\"https:\/\/old.epodex-industries.com\/wp-content\/uploads\/2023\/06\/fugenstift-weiss-fliesen-makeover-2.jpg\",\"width\":1024,\"height\":683},{\"@type\":\"BreadcrumbList\",\"@id\":\"https:\/\/old.epodex-industries.com\/fr\/produit\/marqueur-pour-joints-blanc-gris-epodex\/#breadcrumb\",\"itemListElement\":[{\"@type\":\"ListItem\",\"position\":1,\"name\":\"Startseite\",\"item\":\"https:\/\/old.epodex-industries.com\/fr\/\"},{\"@type\":\"ListItem\",\"position\":2,\"name\":\"Shop\",\"item\":\"https:\/\/old.epodex-industries.com\/fr\/shop\/\"},{\"@type\":\"ListItem\",\"position\":3,\"name\":\"Marqueur pour joints blanc\/gris EPODEX\"}]},{\"@type\":\"WebSite\",\"@id\":\"https:\/\/old.epodex-industries.com\/fr\/#website\",\"url\":\"https:\/\/old.epodex-industries.com\/fr\/\",\"name\":\"EPODEX Industries | B2B Plattform\",\"description\":\"Hersteller + Gro\u00dfhandel f\u00fcr Baustoffe\",\"publisher\":{\"@id\":\"https:\/\/old.epodex-industries.com\/fr\/#organization\"},\"alternateName\":\"EPODEX Industries | Hersteller + Gro\u00dfhandel f\u00fcr Baustoffe\",\"potentialAction\":[{\"@type\":\"SearchAction\",\"target\":{\"@type\":\"EntryPoint\",\"urlTemplate\":\"https:\/\/old.epodex-industries.com\/fr\/?s={search_term_string}\"},\"query-input\":{\"@type\":\"PropertyValueSpecification\",\"valueRequired\":true,\"valueName\":\"search_term_string\"}}],\"inLanguage\":\"fr-FR\"},{\"@type\":\"Organization\",\"@id\":\"https:\/\/old.epodex-industries.com\/fr\/#organization\",\"name\":\"EPODEX Industries\",\"url\":\"https:\/\/old.epodex-industries.com\/fr\/\",\"logo\":{\"@type\":\"ImageObject\",\"inLanguage\":\"fr-FR\",\"@id\":\"https:\/\/old.epodex-industries.com\/fr\/#\/schema\/logo\/image\/\",\"url\":\"https:\/\/www.epodex-industries.com\/wp-content\/uploads\/2023\/06\/Logo-Epodex-Rechnung.jpg\",\"contentUrl\":\"https:\/\/www.epodex-industries.com\/wp-content\/uploads\/2023\/06\/Logo-Epodex-Rechnung.jpg\",\"width\":261,\"height\":50,\"caption\":\"EPODEX Industries\"},\"image\":{\"@id\":\"https:\/\/old.epodex-industries.com\/fr\/#\/schema\/logo\/image\/\"},\"sameAs\":[\"https:\/\/www.facebook.com\/Epodex\/\",\"https:\/\/www.instagram.com\/epodex_official\/\",\"https:\/\/www.pinterest.de\/epodex_com\/\",\"https:\/\/www.youtube.com\/channel\/UC7lFrJ9YpN1yg43sTc6q3ow\"]}]}<\/script>\n<!-- \/ Yoast SEO plugin. -->","yoast_head_json":{"title":"Marqueur pour joints blanc\/gris EPODEX - EPODEX Industries | B2B Plattform","robots":{"index":"index","follow":"follow","max-snippet":"max-snippet:-1","max-image-preview":"max-image-preview:large","max-video-preview":"max-video-preview:-1"},"canonical":"https:\/\/old.epodex-industries.com\/fr\/produit\/marqueur-pour-joints-blanc-gris-epodex\/","og_locale":"fr_FR","og_type":"article","og_title":"Marqueur pour joints blanc\/gris EPODEX - EPODEX Industries | B2B Plattform","og_description":"D\u00e9tails du produit   Marqueur de joints pour colorer et rafra\u00eechir les joints de carrelage. Gr\u00e2ce \u00e0 sa pointe aplatie, le marqueur pour joints s'adapte \u00e0 toutes les largeurs de joints et garantit ainsi un tra\u00e7age rapide et propre des joints de carrelage en un seul passage.  Consignes d'utilisation   Secouez le marqueur avant de l'utiliser.  Appuyez plusieurs fois la pointe du stylo sur une surface ferme jusqu'\u00e0 ce que la pointe se remplisse de peinture.  Faites glisser le marqueur sur le joint. Utilisez de pr\u00e9f\u00e9rance une r\u00e8gle.","og_url":"https:\/\/old.epodex-industries.com\/fr\/produit\/marqueur-pour-joints-blanc-gris-epodex\/","og_site_name":"EPODEX Industries | B2B Plattform","article_publisher":"https:\/\/www.facebook.com\/Epodex\/","article_modified_time":"2024-07-17T10:32:03+00:00","og_image":[{"width":1024,"height":683,"url":"https:\/\/old.epodex-industries.com\/wp-content\/uploads\/2023\/06\/fugenstift-weiss-fliesen-makeover-2.jpg","type":"image\/jpeg"}],"twitter_card":"summary_large_image","twitter_misc":{"Dur\u00e9e de lecture estim\u00e9e":"1 minute"},"schema":{"@context":"https:\/\/schema.org","@graph":[{"@type":"WebPage","@id":"https:\/\/old.epodex-industries.com\/fr\/produit\/marqueur-pour-joints-blanc-gris-epodex\/","url":"https:\/\/old.epodex-industries.com\/fr\/produit\/marqueur-pour-joints-blanc-gris-epodex\/","name":"Marqueur pour joints blanc\/gris EPODEX - EPODEX Industries | B2B Plattform","isPartOf":{"@id":"https:\/\/old.epodex-industries.com\/fr\/#website"},"primaryImageOfPage":{"@id":"https:\/\/old.epodex-industries.com\/fr\/produit\/marqueur-pour-joints-blanc-gris-epodex\/#primaryimage"},"image":{"@id":"https:\/\/old.epodex-industries.com\/fr\/produit\/marqueur-pour-joints-blanc-gris-epodex\/#primaryimage"},"thumbnailUrl":"https:\/\/old.epodex-industries.com\/wp-content\/uploads\/2023\/06\/fugenstift-weiss-fliesen-makeover-2.jpg","datePublished":"2024-04-12T12:46:53+00:00","dateModified":"2024-07-17T10:32:03+00:00","breadcrumb":{"@id":"https:\/\/old.epodex-industries.com\/fr\/produit\/marqueur-pour-joints-blanc-gris-epodex\/#breadcrumb"},"inLanguage":"fr-FR","potentialAction":[{"@type":"ReadAction","target":["https:\/\/old.epodex-industries.com\/fr\/produit\/marqueur-pour-joints-blanc-gris-epodex\/"]}]},{"@type":"ImageObject","inLanguage":"fr-FR","@id":"https:\/\/old.epodex-industries.com\/fr\/produit\/marqueur-pour-joints-blanc-gris-epodex\/#primaryimage","url":"https:\/\/old.epodex-industries.com\/wp-content\/uploads\/2023\/06\/fugenstift-weiss-fliesen-makeover-2.jpg","contentUrl":"https:\/\/old.epodex-industries.com\/wp-content\/uploads\/2023\/06\/fugenstift-weiss-fliesen-makeover-2.jpg","width":1024,"height":683},{"@type":"BreadcrumbList","@id":"https:\/\/old.epodex-industries.com\/fr\/produit\/marqueur-pour-joints-blanc-gris-epodex\/#breadcrumb","itemListElement":[{"@type":"ListItem","position":1,"name":"Startseite","item":"https:\/\/old.epodex-industries.com\/fr\/"},{"@type":"ListItem","position":2,"name":"Shop","item":"https:\/\/old.epodex-industries.com\/fr\/shop\/"},{"@type":"ListItem","position":3,"name":"Marqueur pour joints blanc\/gris EPODEX"}]},{"@type":"WebSite","@id":"https:\/\/old.epodex-industries.com\/fr\/#website","url":"https:\/\/old.epodex-industries.com\/fr\/","name":"EPODEX Industries | B2B Plattform","description":"Hersteller + Gro\u00dfhandel f\u00fcr Baustoffe","publisher":{"@id":"https:\/\/old.epodex-industries.com\/fr\/#organization"},"alternateName":"EPODEX Industries | Hersteller + Gro\u00dfhandel f\u00fcr Baustoffe","potentialAction":[{"@type":"SearchAction","target":{"@type":"EntryPoint","urlTemplate":"https:\/\/old.epodex-industries.com\/fr\/?s={search_term_string}"},"query-input":{"@type":"PropertyValueSpecification","valueRequired":true,"valueName":"search_term_string"}}],"inLanguage":"fr-FR"},{"@type":"Organization","@id":"https:\/\/old.epodex-industries.com\/fr\/#organization","name":"EPODEX Industries","url":"https:\/\/old.epodex-industries.com\/fr\/","logo":{"@type":"ImageObject","inLanguage":"fr-FR","@id":"https:\/\/old.epodex-industries.com\/fr\/#\/schema\/logo\/image\/","url":"https:\/\/www.epodex-industries.com\/wp-content\/uploads\/2023\/06\/Logo-Epodex-Rechnung.jpg","contentUrl":"https:\/\/www.epodex-industries.com\/wp-content\/uploads\/2023\/06\/Logo-Epodex-Rechnung.jpg","width":261,"height":50,"caption":"EPODEX Industries"},"image":{"@id":"https:\/\/old.epodex-industries.com\/fr\/#\/schema\/logo\/image\/"},"sameAs":["https:\/\/www.facebook.com\/Epodex\/","https:\/\/www.instagram.com\/epodex_official\/","https:\/\/www.pinterest.de\/epodex_com\/","https:\/\/www.youtube.com\/channel\/UC7lFrJ9YpN1yg43sTc6q3ow"]}]}},"_links":{"self":[{"href":"https:\/\/old.epodex-industries.com\/fr\/wp-json\/wp\/v2\/product\/28961","targetHints":{"allow":["GET"]}}],"collection":[{"href":"https:\/\/old.epodex-industries.com\/fr\/wp-json\/wp\/v2\/product"}],"about":[{"href":"https:\/\/old.epodex-industries.com\/fr\/wp-json\/wp\/v2\/types\/product"}],"replies":[{"embeddable":true,"href":"https:\/\/old.epodex-industries.com\/fr\/wp-json\/wp\/v2\/comments?post=28961"}],"wp:featuredmedia":[{"embeddable":true,"href":"https:\/\/old.epodex-industries.com\/fr\/wp-json\/wp\/v2\/media\/16287"}],"wp:attachment":[{"href":"https:\/\/old.epodex-industries.com\/fr\/wp-json\/wp\/v2\/media?parent=28961"}],"wp:term":[{"taxonomy":"product_brand","embeddable":true,"href":"https:\/\/old.epodex-industries.com\/fr\/wp-json\/wp\/v2\/product_brand?post=28961"},{"taxonomy":"product_cat","embeddable":true,"href":"https:\/\/old.epodex-industries.com\/fr\/wp-json\/wp\/v2\/product_cat?post=28961"},{"taxonomy":"product_tag","embeddable":true,"href":"https:\/\/old.epodex-industries.com\/fr\/wp-json\/wp\/v2\/product_tag?post=28961"}],"curies":[{"name":"wp","href":"https:\/\/api.w.org\/{rel}","templated":true}]}}