{"id":28959,"date":"2024-04-12T14:46:51","date_gmt":"2024-04-12T12:46:51","guid":{"rendered":"https:\/\/www.epodex-industries.com\/produkt\/deep-primer-appret-universel\/"},"modified":"2024-07-24T12:14:39","modified_gmt":"2024-07-24T10:14:39","slug":"deep-primer-appret-universel","status":"publish","type":"product","link":"https:\/\/old.epodex-industries.com\/fr\/produit\/deep-primer-appret-universel\/","title":{"rendered":"DEEP PRIMER \u2013 Appr\u00eat universel"},"content":{"rendered":"<h2>EPODEX DEEP PRIMER<\/h2>\n<p>EPODEX DEEP PRIMER est un appr\u00eat acrylique pour la consolidation des supports absorbants \u00e0 l&rsquo;int\u00e9rieur et \u00e0 l&rsquo;ext\u00e9rieur. Convient pour tous les enduits int\u00e9rieurs et ext\u00e9rieurs habituels, le pl\u00e2tre, les plaques de pl\u00e2tre cartonn\u00e9es absorbantes, le b\u00e9ton, les ma\u00e7onneries en briques, les briques silico-calcaires et les briques dures, les anciennes peintures \u00e0 dispersion, etc. Effet en profondeur \u00e9lev\u00e9 et tr\u00e8s bonne consolidation. Id\u00e9al pour les supports sablonneux, poreux, anciens et l\u00e9g\u00e8rement crayeux. R\u00e9gule l&rsquo;absorption irr\u00e9guli\u00e8re. Respire, pauvre en substances nocives et facile \u00e0 appliquer.<\/p>\n<hr \/>\n<h2>Instructions d\u2018utilisation<\/h2>\n<ol>\n<li>Le support doit \u00eatre absorbant, propre, sec, exempt d&rsquo;huile et de graisse et stable. Enlever les couches non adh\u00e9rentes et les couches qui s&rsquo;\u00e9caillent.<\/li>\n<li>Laver compl\u00e8tement les surfaces crayeuses. Bien agiter avant l&rsquo;utilisation.<\/li>\n<li>L\u2019appr\u00eat universel acrylique peut \u00eatre appliqu\u00e9 non dilu\u00e9, \u00e0 saturation et de mani\u00e8re uniforme ou \u00eatre dilu\u00e9 avec de l&rsquo;eau dans une proportion de 1:1.<\/li>\n<li>La consommation est d&rsquo;environ 2kg pour 14m\u00b2. Appliquer 2 couches d\u2019appr\u00eat mouill\u00e9 sur mouill\u00e9 sur les supports tr\u00e8s absorbants, c&rsquo;est-\u00e0-dire appliquer 2 couches sans respecter les temps de s\u00e9chage.<\/li>\n<li>Ne pas appliquer en dessous de +8 \u00b0C (valable pour l&rsquo;environnement et le support) ! Pr\u00eat pour la suite du traitement apr\u00e8s 3 &#8211; 4 heures \u00e0 +20 \u00b0C.<\/li>\n<\/ol>\n<hr \/>\n<p><strong>Service \u00e0 la client\u00e8le:<\/strong> Si vous avez d&rsquo;autres questions, contactez-nous par t\u00e9l\u00e9phone, par courrier \u00e9lectronique ou utilisez notre support WhatsApp.<\/p>\n<p><strong>Remarque:<\/strong> Veuillez noter qu&rsquo;en raison des conditions d&rsquo;\u00e9clairage et des diff\u00e9rents moniteurs, les couleurs peuvent ne pas \u00eatre affich\u00e9es de mani\u00e8re uniforme.<\/p>\n","protected":false},"excerpt":{"rendered":"<ul>\n<li>Consolide les supports absorbants, par ex. pour les enduits int\u00e9rieurs et ext\u00e9rieurs, le pl\u00e2tre, les plaques de pl\u00e2tre cartonn\u00e9es absorbantes, le b\u00e9ton, la ma\u00e7onnerie en briques, les briques silico-calcaires et les briques r\u00e9fractaires dures, etc.<\/li>\n<li>Faible viscosit\u00e9<\/li>\n<li>Effet en profondeur \u00e9lev\u00e9<\/li>\n<li>Faible \u00e9mission, sans solvant ni plastifiant<\/li>\n<li>Consommation 1kg pour (7m\u00b2)<\/li>\n<\/ul>\n","protected":false},"featured_media":28758,"comment_status":"open","ping_status":"closed","template":"","meta":[],"product_brand":[],"product_cat":[549,4525],"product_tag":[],"class_list":{"0":"post-28959","1":"product","2":"type-product","3":"status-publish","4":"has-post-thumbnail","6":"product_cat-produits-individuels","7":"product_cat-beton-cire-produits-individuels","9":"first","10":"instock","11":"taxable","12":"shipping-taxable","13":"product-type-variable","14":"wvs-archive-product-wrapper"},"yoast_head":"<!-- This site is optimized with the Yoast SEO plugin v26.7 - https:\/\/yoast.com\/wordpress\/plugins\/seo\/ -->\n<title>DEEP PRIMER \u2013 Appr\u00eat universel - EPODEX Industries | B2B Plattform<\/title>\n<meta name=\"robots\" content=\"index, follow, max-snippet:-1, max-image-preview:large, max-video-preview:-1\" \/>\n<link rel=\"canonical\" href=\"https:\/\/old.epodex-industries.com\/fr\/produkt\/deep-primer-appret-universel\/\" \/>\n<meta property=\"og:locale\" content=\"fr_FR\" \/>\n<meta property=\"og:type\" content=\"article\" \/>\n<meta property=\"og:title\" content=\"DEEP PRIMER \u2013 Appr\u00eat universel - EPODEX Industries | B2B Plattform\" \/>\n<meta property=\"og:description\" content=\"Consolide les supports absorbants, par ex. pour les enduits int\u00e9rieurs et ext\u00e9rieurs, le pl\u00e2tre, les plaques de pl\u00e2tre cartonn\u00e9es absorbantes, le b\u00e9ton, la ma\u00e7onnerie en briques, les briques silico-calcaires et les briques r\u00e9fractaires dures, etc.  Faible viscosit\u00e9  Effet en profondeur \u00e9lev\u00e9  Faible \u00e9mission, sans solvant ni plastifiant  Consommation 1kg pour (7m\u00b2)\" \/>\n<meta property=\"og:url\" content=\"https:\/\/old.epodex-industries.com\/fr\/produkt\/deep-primer-appret-universel\/\" \/>\n<meta property=\"og:site_name\" content=\"EPODEX Industries | B2B Plattform\" \/>\n<meta property=\"article:publisher\" content=\"https:\/\/www.facebook.com\/Epodex\/\" \/>\n<meta property=\"article:modified_time\" content=\"2024-07-24T10:14:39+00:00\" \/>\n<meta property=\"og:image\" content=\"https:\/\/old.epodex-industries.com\/wp-content\/uploads\/2024\/04\/tiefengrund-deep-primer-3.jpg\" \/>\n\t<meta property=\"og:image:width\" content=\"1200\" \/>\n\t<meta property=\"og:image:height\" content=\"800\" \/>\n\t<meta property=\"og:image:type\" content=\"image\/jpeg\" \/>\n<meta name=\"twitter:card\" content=\"summary_large_image\" \/>\n<meta name=\"twitter:label1\" content=\"Dur\u00e9e de lecture estim\u00e9e\" \/>\n\t<meta name=\"twitter:data1\" content=\"1 minute\" \/>\n<script type=\"application\/ld+json\" class=\"yoast-schema-graph\">{\"@context\":\"https:\/\/schema.org\",\"@graph\":[{\"@type\":\"WebPage\",\"@id\":\"https:\/\/old.epodex-industries.com\/fr\/produkt\/deep-primer-appret-universel\/\",\"url\":\"https:\/\/old.epodex-industries.com\/fr\/produkt\/deep-primer-appret-universel\/\",\"name\":\"DEEP PRIMER \u2013 Appr\u00eat universel - EPODEX Industries | B2B Plattform\",\"isPartOf\":{\"@id\":\"https:\/\/old.epodex-industries.com\/fr\/#website\"},\"primaryImageOfPage\":{\"@id\":\"https:\/\/old.epodex-industries.com\/fr\/produkt\/deep-primer-appret-universel\/#primaryimage\"},\"image\":{\"@id\":\"https:\/\/old.epodex-industries.com\/fr\/produkt\/deep-primer-appret-universel\/#primaryimage\"},\"thumbnailUrl\":\"https:\/\/old.epodex-industries.com\/wp-content\/uploads\/2024\/04\/tiefengrund-deep-primer-3.jpg\",\"datePublished\":\"2024-04-12T12:46:51+00:00\",\"dateModified\":\"2024-07-24T10:14:39+00:00\",\"breadcrumb\":{\"@id\":\"https:\/\/old.epodex-industries.com\/fr\/produkt\/deep-primer-appret-universel\/#breadcrumb\"},\"inLanguage\":\"fr-FR\",\"potentialAction\":[{\"@type\":\"ReadAction\",\"target\":[\"https:\/\/old.epodex-industries.com\/fr\/produkt\/deep-primer-appret-universel\/\"]}]},{\"@type\":\"ImageObject\",\"inLanguage\":\"fr-FR\",\"@id\":\"https:\/\/old.epodex-industries.com\/fr\/produkt\/deep-primer-appret-universel\/#primaryimage\",\"url\":\"https:\/\/old.epodex-industries.com\/wp-content\/uploads\/2024\/04\/tiefengrund-deep-primer-3.jpg\",\"contentUrl\":\"https:\/\/old.epodex-industries.com\/wp-content\/uploads\/2024\/04\/tiefengrund-deep-primer-3.jpg\",\"width\":1200,\"height\":800},{\"@type\":\"BreadcrumbList\",\"@id\":\"https:\/\/old.epodex-industries.com\/fr\/produkt\/deep-primer-appret-universel\/#breadcrumb\",\"itemListElement\":[{\"@type\":\"ListItem\",\"position\":1,\"name\":\"Startseite\",\"item\":\"https:\/\/old.epodex-industries.com\/fr\/\"},{\"@type\":\"ListItem\",\"position\":2,\"name\":\"Shop\",\"item\":\"https:\/\/old.epodex-industries.com\/fr\/shop\/\"},{\"@type\":\"ListItem\",\"position\":3,\"name\":\"DEEP PRIMER \u2013 Appr\u00eat universel\"}]},{\"@type\":\"WebSite\",\"@id\":\"https:\/\/old.epodex-industries.com\/fr\/#website\",\"url\":\"https:\/\/old.epodex-industries.com\/fr\/\",\"name\":\"EPODEX Industries | B2B Plattform\",\"description\":\"Hersteller + Gro\u00dfhandel f\u00fcr Baustoffe\",\"publisher\":{\"@id\":\"https:\/\/old.epodex-industries.com\/fr\/#organization\"},\"alternateName\":\"EPODEX Industries | Hersteller + Gro\u00dfhandel f\u00fcr Baustoffe\",\"potentialAction\":[{\"@type\":\"SearchAction\",\"target\":{\"@type\":\"EntryPoint\",\"urlTemplate\":\"https:\/\/old.epodex-industries.com\/fr\/?s={search_term_string}\"},\"query-input\":{\"@type\":\"PropertyValueSpecification\",\"valueRequired\":true,\"valueName\":\"search_term_string\"}}],\"inLanguage\":\"fr-FR\"},{\"@type\":\"Organization\",\"@id\":\"https:\/\/old.epodex-industries.com\/fr\/#organization\",\"name\":\"EPODEX Industries\",\"url\":\"https:\/\/old.epodex-industries.com\/fr\/\",\"logo\":{\"@type\":\"ImageObject\",\"inLanguage\":\"fr-FR\",\"@id\":\"https:\/\/old.epodex-industries.com\/fr\/#\/schema\/logo\/image\/\",\"url\":\"https:\/\/www.epodex-industries.com\/wp-content\/uploads\/2023\/06\/Logo-Epodex-Rechnung.jpg\",\"contentUrl\":\"https:\/\/www.epodex-industries.com\/wp-content\/uploads\/2023\/06\/Logo-Epodex-Rechnung.jpg\",\"width\":261,\"height\":50,\"caption\":\"EPODEX Industries\"},\"image\":{\"@id\":\"https:\/\/old.epodex-industries.com\/fr\/#\/schema\/logo\/image\/\"},\"sameAs\":[\"https:\/\/www.facebook.com\/Epodex\/\",\"https:\/\/www.instagram.com\/epodex_official\/\",\"https:\/\/www.pinterest.de\/epodex_com\/\",\"https:\/\/www.youtube.com\/channel\/UC7lFrJ9YpN1yg43sTc6q3ow\"]}]}<\/script>\n<!-- \/ Yoast SEO plugin. -->","yoast_head_json":{"title":"DEEP PRIMER \u2013 Appr\u00eat universel - EPODEX Industries | B2B Plattform","robots":{"index":"index","follow":"follow","max-snippet":"max-snippet:-1","max-image-preview":"max-image-preview:large","max-video-preview":"max-video-preview:-1"},"canonical":"https:\/\/old.epodex-industries.com\/fr\/produkt\/deep-primer-appret-universel\/","og_locale":"fr_FR","og_type":"article","og_title":"DEEP PRIMER \u2013 Appr\u00eat universel - EPODEX Industries | B2B Plattform","og_description":"Consolide les supports absorbants, par ex. pour les enduits int\u00e9rieurs et ext\u00e9rieurs, le pl\u00e2tre, les plaques de pl\u00e2tre cartonn\u00e9es absorbantes, le b\u00e9ton, la ma\u00e7onnerie en briques, les briques silico-calcaires et les briques r\u00e9fractaires dures, etc.  Faible viscosit\u00e9  Effet en profondeur \u00e9lev\u00e9  Faible \u00e9mission, sans solvant ni plastifiant  Consommation 1kg pour (7m\u00b2)","og_url":"https:\/\/old.epodex-industries.com\/fr\/produkt\/deep-primer-appret-universel\/","og_site_name":"EPODEX Industries | B2B Plattform","article_publisher":"https:\/\/www.facebook.com\/Epodex\/","article_modified_time":"2024-07-24T10:14:39+00:00","og_image":[{"width":1200,"height":800,"url":"https:\/\/old.epodex-industries.com\/wp-content\/uploads\/2024\/04\/tiefengrund-deep-primer-3.jpg","type":"image\/jpeg"}],"twitter_card":"summary_large_image","twitter_misc":{"Dur\u00e9e de lecture estim\u00e9e":"1 minute"},"schema":{"@context":"https:\/\/schema.org","@graph":[{"@type":"WebPage","@id":"https:\/\/old.epodex-industries.com\/fr\/produkt\/deep-primer-appret-universel\/","url":"https:\/\/old.epodex-industries.com\/fr\/produkt\/deep-primer-appret-universel\/","name":"DEEP PRIMER \u2013 Appr\u00eat universel - EPODEX Industries | B2B Plattform","isPartOf":{"@id":"https:\/\/old.epodex-industries.com\/fr\/#website"},"primaryImageOfPage":{"@id":"https:\/\/old.epodex-industries.com\/fr\/produkt\/deep-primer-appret-universel\/#primaryimage"},"image":{"@id":"https:\/\/old.epodex-industries.com\/fr\/produkt\/deep-primer-appret-universel\/#primaryimage"},"thumbnailUrl":"https:\/\/old.epodex-industries.com\/wp-content\/uploads\/2024\/04\/tiefengrund-deep-primer-3.jpg","datePublished":"2024-04-12T12:46:51+00:00","dateModified":"2024-07-24T10:14:39+00:00","breadcrumb":{"@id":"https:\/\/old.epodex-industries.com\/fr\/produkt\/deep-primer-appret-universel\/#breadcrumb"},"inLanguage":"fr-FR","potentialAction":[{"@type":"ReadAction","target":["https:\/\/old.epodex-industries.com\/fr\/produkt\/deep-primer-appret-universel\/"]}]},{"@type":"ImageObject","inLanguage":"fr-FR","@id":"https:\/\/old.epodex-industries.com\/fr\/produkt\/deep-primer-appret-universel\/#primaryimage","url":"https:\/\/old.epodex-industries.com\/wp-content\/uploads\/2024\/04\/tiefengrund-deep-primer-3.jpg","contentUrl":"https:\/\/old.epodex-industries.com\/wp-content\/uploads\/2024\/04\/tiefengrund-deep-primer-3.jpg","width":1200,"height":800},{"@type":"BreadcrumbList","@id":"https:\/\/old.epodex-industries.com\/fr\/produkt\/deep-primer-appret-universel\/#breadcrumb","itemListElement":[{"@type":"ListItem","position":1,"name":"Startseite","item":"https:\/\/old.epodex-industries.com\/fr\/"},{"@type":"ListItem","position":2,"name":"Shop","item":"https:\/\/old.epodex-industries.com\/fr\/shop\/"},{"@type":"ListItem","position":3,"name":"DEEP PRIMER \u2013 Appr\u00eat universel"}]},{"@type":"WebSite","@id":"https:\/\/old.epodex-industries.com\/fr\/#website","url":"https:\/\/old.epodex-industries.com\/fr\/","name":"EPODEX Industries | B2B Plattform","description":"Hersteller + Gro\u00dfhandel f\u00fcr Baustoffe","publisher":{"@id":"https:\/\/old.epodex-industries.com\/fr\/#organization"},"alternateName":"EPODEX Industries | Hersteller + Gro\u00dfhandel f\u00fcr Baustoffe","potentialAction":[{"@type":"SearchAction","target":{"@type":"EntryPoint","urlTemplate":"https:\/\/old.epodex-industries.com\/fr\/?s={search_term_string}"},"query-input":{"@type":"PropertyValueSpecification","valueRequired":true,"valueName":"search_term_string"}}],"inLanguage":"fr-FR"},{"@type":"Organization","@id":"https:\/\/old.epodex-industries.com\/fr\/#organization","name":"EPODEX Industries","url":"https:\/\/old.epodex-industries.com\/fr\/","logo":{"@type":"ImageObject","inLanguage":"fr-FR","@id":"https:\/\/old.epodex-industries.com\/fr\/#\/schema\/logo\/image\/","url":"https:\/\/www.epodex-industries.com\/wp-content\/uploads\/2023\/06\/Logo-Epodex-Rechnung.jpg","contentUrl":"https:\/\/www.epodex-industries.com\/wp-content\/uploads\/2023\/06\/Logo-Epodex-Rechnung.jpg","width":261,"height":50,"caption":"EPODEX Industries"},"image":{"@id":"https:\/\/old.epodex-industries.com\/fr\/#\/schema\/logo\/image\/"},"sameAs":["https:\/\/www.facebook.com\/Epodex\/","https:\/\/www.instagram.com\/epodex_official\/","https:\/\/www.pinterest.de\/epodex_com\/","https:\/\/www.youtube.com\/channel\/UC7lFrJ9YpN1yg43sTc6q3ow"]}]}},"_links":{"self":[{"href":"https:\/\/old.epodex-industries.com\/fr\/wp-json\/wp\/v2\/product\/28959","targetHints":{"allow":["GET"]}}],"collection":[{"href":"https:\/\/old.epodex-industries.com\/fr\/wp-json\/wp\/v2\/product"}],"about":[{"href":"https:\/\/old.epodex-industries.com\/fr\/wp-json\/wp\/v2\/types\/product"}],"replies":[{"embeddable":true,"href":"https:\/\/old.epodex-industries.com\/fr\/wp-json\/wp\/v2\/comments?post=28959"}],"wp:featuredmedia":[{"embeddable":true,"href":"https:\/\/old.epodex-industries.com\/fr\/wp-json\/wp\/v2\/media\/28758"}],"wp:attachment":[{"href":"https:\/\/old.epodex-industries.com\/fr\/wp-json\/wp\/v2\/media?parent=28959"}],"wp:term":[{"taxonomy":"product_brand","embeddable":true,"href":"https:\/\/old.epodex-industries.com\/fr\/wp-json\/wp\/v2\/product_brand?post=28959"},{"taxonomy":"product_cat","embeddable":true,"href":"https:\/\/old.epodex-industries.com\/fr\/wp-json\/wp\/v2\/product_cat?post=28959"},{"taxonomy":"product_tag","embeddable":true,"href":"https:\/\/old.epodex-industries.com\/fr\/wp-json\/wp\/v2\/product_tag?post=28959"}],"curies":[{"name":"wp","href":"https:\/\/api.w.org\/{rel}","templated":true}]}}