{"id":28958,"date":"2024-04-12T14:46:51","date_gmt":"2024-04-12T12:46:51","guid":{"rendered":"https:\/\/www.epodex-industries.com\/produkt\/beton-cire-composant-a-2\/"},"modified":"2025-02-19T16:55:09","modified_gmt":"2025-02-19T15:55:09","slug":"beton-cire-composant-a-2","status":"publish","type":"product","link":"https:\/\/old.epodex-industries.com\/fr\/produit\/beton-cire-composant-a-2\/","title":{"rendered":"B\u00e9ton cir\u00e9 (Composant A)"},"content":{"rendered":"<h2>Consignes d&rsquo;utilisation<\/h2>\n<p><strong><u>Appr\u00eat<\/u><\/strong><\/p>\n<ol>\n<li>Le support doit \u00eatre stable, sec et exempt de salet\u00e9s, d&rsquo;agents de d\u00e9moulage et d&rsquo;irr\u00e9gularit\u00e9s.<\/li>\n<li>Poncer les irr\u00e9gularit\u00e9s.<\/li>\n<li>Pour les surfaces carrel\u00e9es, nous recommandons d&rsquo;appliquer une couche de norte appr\u00eat sp\u00e9cial pour supports non absorbants et de remplir les joints avec ce produit.<\/li>\n<li>Laisser s\u00e9cher l\u2019appr\u00eat.<\/li>\n<\/ol>\n<hr \/>\n<p><strong><u>Rev\u00eatement principal<\/u><\/strong><\/p>\n<ol>\n<li>M\u00e9langer les composants A du b\u00e9ton cir\u00e9 en grains moyens avec le composant B dans les proportions indiqu\u00e9es.<\/li>\n<li>Ajouter le pigment WB dans la quantit\u00e9 recommand\u00e9e pour colorer le mat\u00e9riau.<\/li>\n<li>Verser le mat\u00e9riau, l&rsquo;\u00e9taler \u00e0 l&rsquo;aide d&rsquo;une truelle et laisser s\u00e9cher.<\/li>\n<li>Poncer les irr\u00e9gularit\u00e9s de la surface de plus de 3 mm et aspirer la poussi\u00e8re de pon\u00e7age..<\/li>\n<li>Appliquer une deuxi\u00e8me couche selon le m\u00eame principe. Pour cela, le b\u00e9ton cir\u00e9 peut \u00eatre appliqu\u00e9 avec un grain moyen ou en grain fin, selon la finition souhait\u00e9e.<\/li>\n<\/ol>\n<hr \/>\n<p><strong><u>Finition<\/u><\/strong><\/p>\n<p><u>Remarque<\/u>: Pour les locaux humides, les surfaces en contact direct avec l&rsquo;eau, ainsi que les surfaces fortement sollicit\u00e9es (charge m\u00e9canique \u00e9lev\u00e9e, nettoyage avec des produits de nettoyage agressifs, etc.), nous recommandons de prot\u00e9ger la surface avec la r\u00e9sine polyur\u00e9thane EPODEX (r\u00e9sine PU) en finition mate ou brillante.<\/p>\n<ol>\n<li>M\u00e9langer la r\u00e9sine PU et le durcisseur dans les proportions indiqu\u00e9es et verser dans un bac \u00e0 peinture.<\/li>\n<li>Appliquer une fine couche avec un rouleau mousse en effectuant des passes crois\u00e9es et laisser durcir. Nous recommandons deux couches.<\/li>\n<\/ol>\n<hr \/>\n<p><strong>Service \u00e0 la client\u00e8le:<\/strong> Si vous avez d&rsquo;autres questions, contactez-nous par t\u00e9l\u00e9phone, par courrier \u00e9lectronique ou utilisez notre support WhatsApp.<\/p>\n<p><strong>Remarque:<\/strong> Veuillez noter qu&rsquo;en raison des conditions d&rsquo;\u00e9clairage et des diff\u00e9rents moniteurs, les couleurs peuvent ne pas \u00eatre affich\u00e9es de mani\u00e8re uniforme.<\/p>\n<hr \/>\n<h3>Ingr\u00e9dients, mentions de danger et s\u00e9curit\u00e9<\/h3>\n<p><strong>Composante A (B\u00e9ton cir\u00e9 moyen)<\/strong> Danger: Contient : CLINKER DE CIMENT PORTLAND Provoque de graves l\u00e9sions des yeux. Provoque une irritation cutan\u00e9e Peut irriter les voies respiratoires Peut provoquer une allergie cutan\u00e9e Tenir hors de port\u00e9e des enfants. \u00c9viter de respirer les poussi\u00e8res. Porter des gants de protection\/des v\u00eatements de protection\/un \u00e9quipement de protection des yeux\/du visage. EN CAS DE CONTACT AVEC LA PEAU: Laver abondamment \u00e0 l&rsquo;eau et au savon. EN CAS D&rsquo;INHALATION: Transporter la personne \u00e0 l&rsquo;ext\u00e9rieur et la maintenir dans une position o\u00f9 elle peut confortablement respirer. EN CAS DE CONTACT AVEC LES YEUX: Rincer avec pr\u00e9caution \u00e0 l&rsquo;eau pendant plusieurs minutes. Enlever les lentilles de contact si la victime en porte et si elles peuvent \u00eatre facilement enlev\u00e9es. Continuer \u00e0 rincer. Appeler imm\u00e9diatement un CENTRE ANTIPOISON\/un m\u00e9decin. En cas d&rsquo;irritation ou d&rsquo;\u00e9ruption cutan\u00e9e: Demander un avis m\u00e9dical\/Consulter un m\u00e9decin. Enlever les v\u00eatements contamin\u00e9s et les laver avant r\u00e9utilisation. \u00c9liminer le contenu\/r\u00e9cipient dans des contenants s\u00e9curitaires et conform\u00e9ment \u00e0 la r\u00e9glementation locale, r\u00e9gionale ou nationale Utiliser seulement en plein air ou dans un endroit bien ventil\u00e9.<\/p>\n<p><strong>Composante A (B\u00e9ton cir\u00e9 gros)<\/strong> Danger: Contient : CLINKER DE CIMENT PORTLAND Provoque de graves l\u00e9sions des yeux. Provoque une irritation cutan\u00e9e Peut irriter les voies respiratoires Peut provoquer une allergie cutan\u00e9e Tenir hors de port\u00e9e des enfants. \u00c9viter de respirer les poussi\u00e8res. Porter des gants de protection\/des v\u00eatements de protection\/un \u00e9quipement de protection des yeux\/du visage. EN CAS DE CONTACT AVEC LA PEAU: Laver abondamment \u00e0 l&rsquo;eau et au savon. EN CAS D&rsquo;INHALATION: Transporter la personne \u00e0 l&rsquo;ext\u00e9rieur et la maintenir dans une position o\u00f9 elle peut confortablement respirer. EN CAS DE CONTACT AVEC LES YEUX: Rincer avec pr\u00e9caution \u00e0 l&rsquo;eau pendant plusieurs minutes. Enlever les lentilles de contact si la victime en porte et si elles peuvent \u00eatre facilement enlev\u00e9es. Continuer \u00e0 rincer. Appeler imm\u00e9diatement un CENTRE ANTIPOISON\/un m\u00e9decin. En cas d&rsquo;irritation ou d&rsquo;\u00e9ruption cutan\u00e9e: Demander un avis m\u00e9dical\/Consulter un m\u00e9decin. Enlever les v\u00eatements contamin\u00e9s et les laver avant r\u00e9utilisation. \u00c9liminer le contenu\/r\u00e9cipient dans des contenants s\u00e9curitaires et conform\u00e9ment \u00e0 la r\u00e9glementation locale, r\u00e9gionale ou nationale Utiliser seulement en plein air ou dans un endroit bien ventil\u00e9.<\/p>\n<p><strong>Composante A (B\u00e9ton cir\u00e9 fin)<\/strong> Danger: Contient : CLINKER DE CIMENT PORTLAND Provoque de graves l\u00e9sions des yeux. Provoque une irritation cutan\u00e9e Peut irriter les voies respiratoires Peut provoquer une allergie cutan\u00e9e Tenir hors de port\u00e9e des enfants. \u00c9viter de respirer les poussi\u00e8res. Porter des gants de protection\/des v\u00eatements de protection\/un \u00e9quipement de protection des yeux\/du visage. EN CAS DE CONTACT AVEC LA PEAU: Laver abondamment \u00e0 l&rsquo;eau et au savon. EN CAS D&rsquo;INHALATION: Transporter la personne \u00e0 l&rsquo;ext\u00e9rieur et la maintenir dans une position o\u00f9 elle peut confortablement respirer. EN CAS DE CONTACT AVEC LES YEUX: Rincer avec pr\u00e9caution \u00e0 l&rsquo;eau pendant plusieurs minutes. Enlever les lentilles de contact si la victime en porte et si elles peuvent \u00eatre facilement enlev\u00e9es. Continuer \u00e0 rincer. Appeler imm\u00e9diatement un CENTRE ANTIPOISON\/un m\u00e9decin. En cas d&rsquo;irritation ou d&rsquo;\u00e9ruption cutan\u00e9e: Demander un avis m\u00e9dical\/Consulter un m\u00e9decin. Enlever les v\u00eatements contamin\u00e9s et les laver avant r\u00e9utilisation. \u00c9liminer le contenu\/r\u00e9cipient dans des contenants s\u00e9curitaires et conform\u00e9ment \u00e0 la r\u00e9glementation locale, r\u00e9gionale ou nationale Utiliser seulement en plein air ou dans un endroit bien ventil\u00e9.<\/p>\n<p><img decoding=\"async\" src=\"https:\/\/www.epodex.com\/de\/wp-content\/uploads\/2023\/11\/hinweise-mikrozement.png\" \/><\/p>\n","protected":false},"excerpt":{"rendered":"<ul>\n<li>Mastic design applicable sur toutes les surfaces comme le b\u00e9ton, le pl\u00e2tre, le m\u00e9tal, le verre, le plastique, le bois, la peinture, etc.<\/li>\n<li>Mat\u00e9riau: ciment premium m\u00e9lang\u00e9 \u00e0 des additifs et des charges.<\/li>\n<li>Propri\u00e9t\u00e9s: min\u00e9ral, tr\u00e8s r\u00e9sistant, r\u00e9sistant aux intemp\u00e9ries, stable aux UV, inodore<\/li>\n<li>Domaines d&rsquo;application: Int\u00e9rieur &amp; ext\u00e9rieur ainsi que locaux humides avec finition PU<\/li>\n<li>Qualit\u00e9 premium directement du fabricant<\/li>\n<li>Temps de durcissement: env. 8h &#8211; Duret\u00e9 finale: apr\u00e8s env. 7 jours<\/li>\n<\/ul>\n","protected":false},"featured_media":28753,"comment_status":"open","ping_status":"closed","template":"","meta":[],"product_brand":[],"product_cat":[549,4525],"product_tag":[],"class_list":{"0":"post-28958","1":"product","2":"type-product","3":"status-publish","4":"has-post-thumbnail","6":"product_cat-produits-individuels","7":"product_cat-beton-cire-produits-individuels","8":"pa_koernung-fein-5kg-fr","9":"pa_koernung-mittel-7kg-fr","11":"first","12":"instock","13":"taxable","14":"shipping-taxable","15":"product-type-variable","16":"wvs-archive-product-wrapper"},"yoast_head":"<!-- This site is optimized with the Yoast SEO plugin v26.7 - https:\/\/yoast.com\/wordpress\/plugins\/seo\/ -->\n<title>B\u00e9ton cir\u00e9 (Composant A) - EPODEX Industries | B2B Plattform<\/title>\n<meta name=\"robots\" content=\"index, follow, max-snippet:-1, max-image-preview:large, max-video-preview:-1\" \/>\n<link rel=\"canonical\" href=\"https:\/\/old.epodex-industries.com\/fr\/produkt\/beton-cire-composant-a-2\/\" \/>\n<meta property=\"og:locale\" content=\"fr_FR\" \/>\n<meta property=\"og:type\" content=\"article\" \/>\n<meta property=\"og:title\" content=\"B\u00e9ton cir\u00e9 (Composant A) - EPODEX Industries | B2B Plattform\" \/>\n<meta property=\"og:description\" content=\"Mastic design applicable sur toutes les surfaces comme le b\u00e9ton, le pl\u00e2tre, le m\u00e9tal, le verre, le plastique, le bois, la peinture, etc.  Mat\u00e9riau: ciment premium m\u00e9lang\u00e9 \u00e0 des additifs et des charges.  Propri\u00e9t\u00e9s: min\u00e9ral, tr\u00e8s r\u00e9sistant, r\u00e9sistant aux intemp\u00e9ries, stable aux UV, inodore  Domaines d&#039;application: Int\u00e9rieur &amp; ext\u00e9rieur ainsi que locaux humides avec finition PU  Qualit\u00e9 premium directement du fabricant  Temps de durcissement: env. 8h - Duret\u00e9 finale: apr\u00e8s env. 7 jours\" \/>\n<meta property=\"og:url\" content=\"https:\/\/old.epodex-industries.com\/fr\/produkt\/beton-cire-composant-a-2\/\" \/>\n<meta property=\"og:site_name\" content=\"EPODEX Industries | B2B Plattform\" \/>\n<meta property=\"article:publisher\" content=\"https:\/\/www.facebook.com\/Epodex\/\" \/>\n<meta property=\"article:modified_time\" content=\"2025-02-19T15:55:09+00:00\" \/>\n<meta property=\"og:image\" content=\"https:\/\/old.epodex-industries.com\/wp-content\/uploads\/2024\/04\/microcement-bag-fine-large-medium-3.jpg\" \/>\n\t<meta property=\"og:image:width\" content=\"1200\" \/>\n\t<meta property=\"og:image:height\" content=\"800\" \/>\n\t<meta property=\"og:image:type\" content=\"image\/jpeg\" \/>\n<meta name=\"twitter:card\" content=\"summary_large_image\" \/>\n<meta name=\"twitter:label1\" content=\"Dur\u00e9e de lecture estim\u00e9e\" \/>\n\t<meta name=\"twitter:data1\" content=\"5 minutes\" \/>\n<script type=\"application\/ld+json\" class=\"yoast-schema-graph\">{\"@context\":\"https:\/\/schema.org\",\"@graph\":[{\"@type\":\"WebPage\",\"@id\":\"https:\/\/old.epodex-industries.com\/fr\/produkt\/beton-cire-composant-a-2\/\",\"url\":\"https:\/\/old.epodex-industries.com\/fr\/produkt\/beton-cire-composant-a-2\/\",\"name\":\"B\u00e9ton cir\u00e9 (Composant A) - EPODEX Industries | B2B Plattform\",\"isPartOf\":{\"@id\":\"https:\/\/old.epodex-industries.com\/fr\/#website\"},\"primaryImageOfPage\":{\"@id\":\"https:\/\/old.epodex-industries.com\/fr\/produkt\/beton-cire-composant-a-2\/#primaryimage\"},\"image\":{\"@id\":\"https:\/\/old.epodex-industries.com\/fr\/produkt\/beton-cire-composant-a-2\/#primaryimage\"},\"thumbnailUrl\":\"https:\/\/old.epodex-industries.com\/wp-content\/uploads\/2024\/04\/microcement-bag-fine-large-medium-3.jpg\",\"datePublished\":\"2024-04-12T12:46:51+00:00\",\"dateModified\":\"2025-02-19T15:55:09+00:00\",\"breadcrumb\":{\"@id\":\"https:\/\/old.epodex-industries.com\/fr\/produkt\/beton-cire-composant-a-2\/#breadcrumb\"},\"inLanguage\":\"fr-FR\",\"potentialAction\":[{\"@type\":\"ReadAction\",\"target\":[\"https:\/\/old.epodex-industries.com\/fr\/produkt\/beton-cire-composant-a-2\/\"]}]},{\"@type\":\"ImageObject\",\"inLanguage\":\"fr-FR\",\"@id\":\"https:\/\/old.epodex-industries.com\/fr\/produkt\/beton-cire-composant-a-2\/#primaryimage\",\"url\":\"https:\/\/old.epodex-industries.com\/wp-content\/uploads\/2024\/04\/microcement-bag-fine-large-medium-3.jpg\",\"contentUrl\":\"https:\/\/old.epodex-industries.com\/wp-content\/uploads\/2024\/04\/microcement-bag-fine-large-medium-3.jpg\",\"width\":1200,\"height\":800},{\"@type\":\"BreadcrumbList\",\"@id\":\"https:\/\/old.epodex-industries.com\/fr\/produkt\/beton-cire-composant-a-2\/#breadcrumb\",\"itemListElement\":[{\"@type\":\"ListItem\",\"position\":1,\"name\":\"Startseite\",\"item\":\"https:\/\/old.epodex-industries.com\/fr\/\"},{\"@type\":\"ListItem\",\"position\":2,\"name\":\"Shop\",\"item\":\"https:\/\/old.epodex-industries.com\/fr\/shop\/\"},{\"@type\":\"ListItem\",\"position\":3,\"name\":\"B\u00e9ton cir\u00e9 (Composant A)\"}]},{\"@type\":\"WebSite\",\"@id\":\"https:\/\/old.epodex-industries.com\/fr\/#website\",\"url\":\"https:\/\/old.epodex-industries.com\/fr\/\",\"name\":\"EPODEX Industries | B2B Plattform\",\"description\":\"Hersteller + Gro\u00dfhandel f\u00fcr Baustoffe\",\"publisher\":{\"@id\":\"https:\/\/old.epodex-industries.com\/fr\/#organization\"},\"alternateName\":\"EPODEX Industries | Hersteller + Gro\u00dfhandel f\u00fcr Baustoffe\",\"potentialAction\":[{\"@type\":\"SearchAction\",\"target\":{\"@type\":\"EntryPoint\",\"urlTemplate\":\"https:\/\/old.epodex-industries.com\/fr\/?s={search_term_string}\"},\"query-input\":{\"@type\":\"PropertyValueSpecification\",\"valueRequired\":true,\"valueName\":\"search_term_string\"}}],\"inLanguage\":\"fr-FR\"},{\"@type\":\"Organization\",\"@id\":\"https:\/\/old.epodex-industries.com\/fr\/#organization\",\"name\":\"EPODEX Industries\",\"url\":\"https:\/\/old.epodex-industries.com\/fr\/\",\"logo\":{\"@type\":\"ImageObject\",\"inLanguage\":\"fr-FR\",\"@id\":\"https:\/\/old.epodex-industries.com\/fr\/#\/schema\/logo\/image\/\",\"url\":\"https:\/\/www.epodex-industries.com\/wp-content\/uploads\/2023\/06\/Logo-Epodex-Rechnung.jpg\",\"contentUrl\":\"https:\/\/www.epodex-industries.com\/wp-content\/uploads\/2023\/06\/Logo-Epodex-Rechnung.jpg\",\"width\":261,\"height\":50,\"caption\":\"EPODEX Industries\"},\"image\":{\"@id\":\"https:\/\/old.epodex-industries.com\/fr\/#\/schema\/logo\/image\/\"},\"sameAs\":[\"https:\/\/www.facebook.com\/Epodex\/\",\"https:\/\/www.instagram.com\/epodex_official\/\",\"https:\/\/www.pinterest.de\/epodex_com\/\",\"https:\/\/www.youtube.com\/channel\/UC7lFrJ9YpN1yg43sTc6q3ow\"]}]}<\/script>\n<!-- \/ Yoast SEO plugin. -->","yoast_head_json":{"title":"B\u00e9ton cir\u00e9 (Composant A) - EPODEX Industries | B2B Plattform","robots":{"index":"index","follow":"follow","max-snippet":"max-snippet:-1","max-image-preview":"max-image-preview:large","max-video-preview":"max-video-preview:-1"},"canonical":"https:\/\/old.epodex-industries.com\/fr\/produkt\/beton-cire-composant-a-2\/","og_locale":"fr_FR","og_type":"article","og_title":"B\u00e9ton cir\u00e9 (Composant A) - EPODEX Industries | B2B Plattform","og_description":"Mastic design applicable sur toutes les surfaces comme le b\u00e9ton, le pl\u00e2tre, le m\u00e9tal, le verre, le plastique, le bois, la peinture, etc.  Mat\u00e9riau: ciment premium m\u00e9lang\u00e9 \u00e0 des additifs et des charges.  Propri\u00e9t\u00e9s: min\u00e9ral, tr\u00e8s r\u00e9sistant, r\u00e9sistant aux intemp\u00e9ries, stable aux UV, inodore  Domaines d'application: Int\u00e9rieur &amp; ext\u00e9rieur ainsi que locaux humides avec finition PU  Qualit\u00e9 premium directement du fabricant  Temps de durcissement: env. 8h - Duret\u00e9 finale: apr\u00e8s env. 7 jours","og_url":"https:\/\/old.epodex-industries.com\/fr\/produkt\/beton-cire-composant-a-2\/","og_site_name":"EPODEX Industries | B2B Plattform","article_publisher":"https:\/\/www.facebook.com\/Epodex\/","article_modified_time":"2025-02-19T15:55:09+00:00","og_image":[{"width":1200,"height":800,"url":"https:\/\/old.epodex-industries.com\/wp-content\/uploads\/2024\/04\/microcement-bag-fine-large-medium-3.jpg","type":"image\/jpeg"}],"twitter_card":"summary_large_image","twitter_misc":{"Dur\u00e9e de lecture estim\u00e9e":"5 minutes"},"schema":{"@context":"https:\/\/schema.org","@graph":[{"@type":"WebPage","@id":"https:\/\/old.epodex-industries.com\/fr\/produkt\/beton-cire-composant-a-2\/","url":"https:\/\/old.epodex-industries.com\/fr\/produkt\/beton-cire-composant-a-2\/","name":"B\u00e9ton cir\u00e9 (Composant A) - EPODEX Industries | B2B Plattform","isPartOf":{"@id":"https:\/\/old.epodex-industries.com\/fr\/#website"},"primaryImageOfPage":{"@id":"https:\/\/old.epodex-industries.com\/fr\/produkt\/beton-cire-composant-a-2\/#primaryimage"},"image":{"@id":"https:\/\/old.epodex-industries.com\/fr\/produkt\/beton-cire-composant-a-2\/#primaryimage"},"thumbnailUrl":"https:\/\/old.epodex-industries.com\/wp-content\/uploads\/2024\/04\/microcement-bag-fine-large-medium-3.jpg","datePublished":"2024-04-12T12:46:51+00:00","dateModified":"2025-02-19T15:55:09+00:00","breadcrumb":{"@id":"https:\/\/old.epodex-industries.com\/fr\/produkt\/beton-cire-composant-a-2\/#breadcrumb"},"inLanguage":"fr-FR","potentialAction":[{"@type":"ReadAction","target":["https:\/\/old.epodex-industries.com\/fr\/produkt\/beton-cire-composant-a-2\/"]}]},{"@type":"ImageObject","inLanguage":"fr-FR","@id":"https:\/\/old.epodex-industries.com\/fr\/produkt\/beton-cire-composant-a-2\/#primaryimage","url":"https:\/\/old.epodex-industries.com\/wp-content\/uploads\/2024\/04\/microcement-bag-fine-large-medium-3.jpg","contentUrl":"https:\/\/old.epodex-industries.com\/wp-content\/uploads\/2024\/04\/microcement-bag-fine-large-medium-3.jpg","width":1200,"height":800},{"@type":"BreadcrumbList","@id":"https:\/\/old.epodex-industries.com\/fr\/produkt\/beton-cire-composant-a-2\/#breadcrumb","itemListElement":[{"@type":"ListItem","position":1,"name":"Startseite","item":"https:\/\/old.epodex-industries.com\/fr\/"},{"@type":"ListItem","position":2,"name":"Shop","item":"https:\/\/old.epodex-industries.com\/fr\/shop\/"},{"@type":"ListItem","position":3,"name":"B\u00e9ton cir\u00e9 (Composant A)"}]},{"@type":"WebSite","@id":"https:\/\/old.epodex-industries.com\/fr\/#website","url":"https:\/\/old.epodex-industries.com\/fr\/","name":"EPODEX Industries | B2B Plattform","description":"Hersteller + Gro\u00dfhandel f\u00fcr Baustoffe","publisher":{"@id":"https:\/\/old.epodex-industries.com\/fr\/#organization"},"alternateName":"EPODEX Industries | Hersteller + Gro\u00dfhandel f\u00fcr Baustoffe","potentialAction":[{"@type":"SearchAction","target":{"@type":"EntryPoint","urlTemplate":"https:\/\/old.epodex-industries.com\/fr\/?s={search_term_string}"},"query-input":{"@type":"PropertyValueSpecification","valueRequired":true,"valueName":"search_term_string"}}],"inLanguage":"fr-FR"},{"@type":"Organization","@id":"https:\/\/old.epodex-industries.com\/fr\/#organization","name":"EPODEX Industries","url":"https:\/\/old.epodex-industries.com\/fr\/","logo":{"@type":"ImageObject","inLanguage":"fr-FR","@id":"https:\/\/old.epodex-industries.com\/fr\/#\/schema\/logo\/image\/","url":"https:\/\/www.epodex-industries.com\/wp-content\/uploads\/2023\/06\/Logo-Epodex-Rechnung.jpg","contentUrl":"https:\/\/www.epodex-industries.com\/wp-content\/uploads\/2023\/06\/Logo-Epodex-Rechnung.jpg","width":261,"height":50,"caption":"EPODEX Industries"},"image":{"@id":"https:\/\/old.epodex-industries.com\/fr\/#\/schema\/logo\/image\/"},"sameAs":["https:\/\/www.facebook.com\/Epodex\/","https:\/\/www.instagram.com\/epodex_official\/","https:\/\/www.pinterest.de\/epodex_com\/","https:\/\/www.youtube.com\/channel\/UC7lFrJ9YpN1yg43sTc6q3ow"]}]}},"_links":{"self":[{"href":"https:\/\/old.epodex-industries.com\/fr\/wp-json\/wp\/v2\/product\/28958","targetHints":{"allow":["GET"]}}],"collection":[{"href":"https:\/\/old.epodex-industries.com\/fr\/wp-json\/wp\/v2\/product"}],"about":[{"href":"https:\/\/old.epodex-industries.com\/fr\/wp-json\/wp\/v2\/types\/product"}],"replies":[{"embeddable":true,"href":"https:\/\/old.epodex-industries.com\/fr\/wp-json\/wp\/v2\/comments?post=28958"}],"wp:featuredmedia":[{"embeddable":true,"href":"https:\/\/old.epodex-industries.com\/fr\/wp-json\/wp\/v2\/media\/28753"}],"wp:attachment":[{"href":"https:\/\/old.epodex-industries.com\/fr\/wp-json\/wp\/v2\/media?parent=28958"}],"wp:term":[{"taxonomy":"product_brand","embeddable":true,"href":"https:\/\/old.epodex-industries.com\/fr\/wp-json\/wp\/v2\/product_brand?post=28958"},{"taxonomy":"product_cat","embeddable":true,"href":"https:\/\/old.epodex-industries.com\/fr\/wp-json\/wp\/v2\/product_cat?post=28958"},{"taxonomy":"product_tag","embeddable":true,"href":"https:\/\/old.epodex-industries.com\/fr\/wp-json\/wp\/v2\/product_tag?post=28958"}],"curies":[{"name":"wp","href":"https:\/\/api.w.org\/{rel}","templated":true}]}}