{"id":28956,"date":"2024-04-12T14:46:48","date_gmt":"2024-04-12T12:46:48","guid":{"rendered":"https:\/\/www.epodex-industries.com\/produkt\/concentres-de-couleurs-transparents\/"},"modified":"2024-07-24T12:15:47","modified_gmt":"2024-07-24T10:15:47","slug":"concentres-de-couleurs-transparents","status":"publish","type":"product","link":"https:\/\/old.epodex-industries.com\/fr\/produit\/concentres-de-couleurs-transparents\/","title":{"rendered":"Concentr\u00e9s de couleurs transparents"},"content":{"rendered":"<h2>Colorants EPODEX Drop-In<\/h2>\n<p>Les colorants Drop-In EPODEX pr\u00e9servent la transparence de votre r\u00e9sine. Pour une application facile, chaque flacon de 10g est \u00e9quip\u00e9 d&rsquo;un compte-gouttes. Toutes les couleurs Drop-In suivent les lois de la couleur et sont miscibles entre elles (par exemple, le m\u00e9lange de jaune et de bleu donne du vert).<\/p>\n<p><strong>Recommandation de quantit\u00e9 de couleur pour 1kg de r\u00e9sine et de durcisseur :<\/strong><\/p>\n<ul>\n<li>Pour un effet de couleur transparent (sauf blanc, noir et gris) : 60 gouttes (1,8g),<\/li>\n<li>Pour un effet de couleur transparent en blanc, gris et noir : 20 gouttes de colorant (0,6g),<\/li>\n<li>Pour un effet de couleur semi-transparent (sauf blanc) : 40 gouttes (1,2g) de colorant color\u00e9 et 20 gouttes (0,6g) de colorant blanc,<\/li>\n<li>Pour un effet de couleur semi-transparent en blanc : 60 gouttes de colorant blanc (1,8g)<\/li>\n<\/ul>\n<p><strong>Remarque :<\/strong> Veuillez noter que les couleurs pourraient ne pas \u00eatre uniformes en raison de diff\u00e9rentes conditions d&rsquo;\u00e9clairage et de moniteurs.<\/p>\n<p>\n    <strong>Service Client :<\/strong> Pour toute question suppl\u00e9mentaire, contactez-nous par t\u00e9l\u00e9phone, par e-mail ou utilisez notre support WhatsApp.<\/p>\n","protected":false},"excerpt":{"rendered":"<p>Les colorants EPODEX Drop-In sont des concentr\u00e9s de couleur hautement concentr\u00e9s pour r\u00e9aliser des couleurs transparentes. Selon votre choix, une ou plusieurs fioles de 10 g sont incluses dans la livraison.<\/p>\n","protected":false},"featured_media":16276,"comment_status":"open","ping_status":"closed","template":"","meta":[],"product_brand":[],"product_cat":[4523],"product_tag":[],"class_list":{"0":"post-28956","1":"product","2":"type-product","3":"status-publish","4":"has-post-thumbnail","6":"product_cat-colorants-pour-resines-colorants-et-adjuvants","7":"pa_farbe-drop-in-farbstoffe-aqua","8":"pa_farbe-drop-in-farbstoffe-black","9":"pa_farbe-drop-in-farbstoffe-blue","10":"pa_farbe-drop-in-farbstoffe-brown","11":"pa_farbe-drop-in-farbstoffe-caramel","12":"pa_farbe-drop-in-farbstoffe-green","13":"pa_farbe-drop-in-farbstoffe-grey","14":"pa_farbe-drop-in-farbstoffe-lime","15":"pa_farbe-drop-in-farbstoffe-orange","16":"pa_farbe-drop-in-farbstoffe-pink","17":"pa_farbe-drop-in-farbstoffe-purple","18":"pa_farbe-drop-in-farbstoffe-red","19":"pa_farbe-drop-in-farbstoffe-turquoise","20":"pa_farbe-drop-in-farbstoffe-violet","21":"pa_farbe-drop-in-farbstoffe-white","22":"pa_farbe-drop-in-farbstoffe-yellow","24":"first","25":"instock","26":"taxable","27":"shipping-taxable","28":"product-type-variable","29":"wvs-archive-product-wrapper"},"yoast_head":"<!-- This site is optimized with the Yoast SEO plugin v26.7 - https:\/\/yoast.com\/wordpress\/plugins\/seo\/ -->\n<title>Concentr\u00e9s de couleurs transparents - EPODEX Industries | B2B Plattform<\/title>\n<meta name=\"robots\" content=\"index, follow, max-snippet:-1, max-image-preview:large, max-video-preview:-1\" \/>\n<link rel=\"canonical\" href=\"https:\/\/old.epodex-industries.com\/fr\/produkt\/concentres-de-couleurs-transparents\/\" \/>\n<meta property=\"og:locale\" content=\"fr_FR\" \/>\n<meta property=\"og:type\" content=\"article\" \/>\n<meta property=\"og:title\" content=\"Concentr\u00e9s de couleurs transparents - EPODEX Industries | B2B Plattform\" \/>\n<meta property=\"og:description\" content=\"Les colorants EPODEX Drop-In sont des concentr\u00e9s de couleur hautement concentr\u00e9s pour r\u00e9aliser des couleurs transparentes. Selon votre choix, une ou plusieurs fioles de 10 g sont incluses dans la livraison.\" \/>\n<meta property=\"og:url\" content=\"https:\/\/old.epodex-industries.com\/fr\/produkt\/concentres-de-couleurs-transparents\/\" \/>\n<meta property=\"og:site_name\" content=\"EPODEX Industries | B2B Plattform\" \/>\n<meta property=\"article:publisher\" content=\"https:\/\/www.facebook.com\/Epodex\/\" \/>\n<meta property=\"article:modified_time\" content=\"2024-07-24T10:15:47+00:00\" \/>\n<meta property=\"og:image\" content=\"https:\/\/old.epodex-industries.com\/wp-content\/uploads\/2023\/06\/Epoxidharz-Farbstoff-Farbe-1.jpg\" \/>\n\t<meta property=\"og:image:width\" content=\"1200\" \/>\n\t<meta property=\"og:image:height\" content=\"800\" \/>\n\t<meta property=\"og:image:type\" content=\"image\/jpeg\" \/>\n<meta name=\"twitter:card\" content=\"summary_large_image\" \/>\n<meta name=\"twitter:label1\" content=\"Dur\u00e9e de lecture estim\u00e9e\" \/>\n\t<meta name=\"twitter:data1\" content=\"1 minute\" \/>\n<script type=\"application\/ld+json\" class=\"yoast-schema-graph\">{\"@context\":\"https:\/\/schema.org\",\"@graph\":[{\"@type\":\"WebPage\",\"@id\":\"https:\/\/old.epodex-industries.com\/fr\/produkt\/concentres-de-couleurs-transparents\/\",\"url\":\"https:\/\/old.epodex-industries.com\/fr\/produkt\/concentres-de-couleurs-transparents\/\",\"name\":\"Concentr\u00e9s de couleurs transparents - EPODEX Industries | B2B Plattform\",\"isPartOf\":{\"@id\":\"https:\/\/old.epodex-industries.com\/fr\/#website\"},\"primaryImageOfPage\":{\"@id\":\"https:\/\/old.epodex-industries.com\/fr\/produkt\/concentres-de-couleurs-transparents\/#primaryimage\"},\"image\":{\"@id\":\"https:\/\/old.epodex-industries.com\/fr\/produkt\/concentres-de-couleurs-transparents\/#primaryimage\"},\"thumbnailUrl\":\"https:\/\/old.epodex-industries.com\/wp-content\/uploads\/2023\/06\/Epoxidharz-Farbstoff-Farbe-1.jpg\",\"datePublished\":\"2024-04-12T12:46:48+00:00\",\"dateModified\":\"2024-07-24T10:15:47+00:00\",\"breadcrumb\":{\"@id\":\"https:\/\/old.epodex-industries.com\/fr\/produkt\/concentres-de-couleurs-transparents\/#breadcrumb\"},\"inLanguage\":\"fr-FR\",\"potentialAction\":[{\"@type\":\"ReadAction\",\"target\":[\"https:\/\/old.epodex-industries.com\/fr\/produkt\/concentres-de-couleurs-transparents\/\"]}]},{\"@type\":\"ImageObject\",\"inLanguage\":\"fr-FR\",\"@id\":\"https:\/\/old.epodex-industries.com\/fr\/produkt\/concentres-de-couleurs-transparents\/#primaryimage\",\"url\":\"https:\/\/old.epodex-industries.com\/wp-content\/uploads\/2023\/06\/Epoxidharz-Farbstoff-Farbe-1.jpg\",\"contentUrl\":\"https:\/\/old.epodex-industries.com\/wp-content\/uploads\/2023\/06\/Epoxidharz-Farbstoff-Farbe-1.jpg\",\"width\":1200,\"height\":800},{\"@type\":\"BreadcrumbList\",\"@id\":\"https:\/\/old.epodex-industries.com\/fr\/produkt\/concentres-de-couleurs-transparents\/#breadcrumb\",\"itemListElement\":[{\"@type\":\"ListItem\",\"position\":1,\"name\":\"Startseite\",\"item\":\"https:\/\/old.epodex-industries.com\/fr\/\"},{\"@type\":\"ListItem\",\"position\":2,\"name\":\"Shop\",\"item\":\"https:\/\/old.epodex-industries.com\/fr\/shop\/\"},{\"@type\":\"ListItem\",\"position\":3,\"name\":\"Concentr\u00e9s de couleurs transparents\"}]},{\"@type\":\"WebSite\",\"@id\":\"https:\/\/old.epodex-industries.com\/fr\/#website\",\"url\":\"https:\/\/old.epodex-industries.com\/fr\/\",\"name\":\"EPODEX Industries | B2B Plattform\",\"description\":\"Hersteller + Gro\u00dfhandel f\u00fcr Baustoffe\",\"publisher\":{\"@id\":\"https:\/\/old.epodex-industries.com\/fr\/#organization\"},\"alternateName\":\"EPODEX Industries | Hersteller + Gro\u00dfhandel f\u00fcr Baustoffe\",\"potentialAction\":[{\"@type\":\"SearchAction\",\"target\":{\"@type\":\"EntryPoint\",\"urlTemplate\":\"https:\/\/old.epodex-industries.com\/fr\/?s={search_term_string}\"},\"query-input\":{\"@type\":\"PropertyValueSpecification\",\"valueRequired\":true,\"valueName\":\"search_term_string\"}}],\"inLanguage\":\"fr-FR\"},{\"@type\":\"Organization\",\"@id\":\"https:\/\/old.epodex-industries.com\/fr\/#organization\",\"name\":\"EPODEX Industries\",\"url\":\"https:\/\/old.epodex-industries.com\/fr\/\",\"logo\":{\"@type\":\"ImageObject\",\"inLanguage\":\"fr-FR\",\"@id\":\"https:\/\/old.epodex-industries.com\/fr\/#\/schema\/logo\/image\/\",\"url\":\"https:\/\/www.epodex-industries.com\/wp-content\/uploads\/2023\/06\/Logo-Epodex-Rechnung.jpg\",\"contentUrl\":\"https:\/\/www.epodex-industries.com\/wp-content\/uploads\/2023\/06\/Logo-Epodex-Rechnung.jpg\",\"width\":261,\"height\":50,\"caption\":\"EPODEX Industries\"},\"image\":{\"@id\":\"https:\/\/old.epodex-industries.com\/fr\/#\/schema\/logo\/image\/\"},\"sameAs\":[\"https:\/\/www.facebook.com\/Epodex\/\",\"https:\/\/www.instagram.com\/epodex_official\/\",\"https:\/\/www.pinterest.de\/epodex_com\/\",\"https:\/\/www.youtube.com\/channel\/UC7lFrJ9YpN1yg43sTc6q3ow\"]}]}<\/script>\n<!-- \/ Yoast SEO plugin. -->","yoast_head_json":{"title":"Concentr\u00e9s de couleurs transparents - EPODEX Industries | B2B Plattform","robots":{"index":"index","follow":"follow","max-snippet":"max-snippet:-1","max-image-preview":"max-image-preview:large","max-video-preview":"max-video-preview:-1"},"canonical":"https:\/\/old.epodex-industries.com\/fr\/produkt\/concentres-de-couleurs-transparents\/","og_locale":"fr_FR","og_type":"article","og_title":"Concentr\u00e9s de couleurs transparents - EPODEX Industries | B2B Plattform","og_description":"Les colorants EPODEX Drop-In sont des concentr\u00e9s de couleur hautement concentr\u00e9s pour r\u00e9aliser des couleurs transparentes. Selon votre choix, une ou plusieurs fioles de 10 g sont incluses dans la livraison.","og_url":"https:\/\/old.epodex-industries.com\/fr\/produkt\/concentres-de-couleurs-transparents\/","og_site_name":"EPODEX Industries | B2B Plattform","article_publisher":"https:\/\/www.facebook.com\/Epodex\/","article_modified_time":"2024-07-24T10:15:47+00:00","og_image":[{"width":1200,"height":800,"url":"https:\/\/old.epodex-industries.com\/wp-content\/uploads\/2023\/06\/Epoxidharz-Farbstoff-Farbe-1.jpg","type":"image\/jpeg"}],"twitter_card":"summary_large_image","twitter_misc":{"Dur\u00e9e de lecture estim\u00e9e":"1 minute"},"schema":{"@context":"https:\/\/schema.org","@graph":[{"@type":"WebPage","@id":"https:\/\/old.epodex-industries.com\/fr\/produkt\/concentres-de-couleurs-transparents\/","url":"https:\/\/old.epodex-industries.com\/fr\/produkt\/concentres-de-couleurs-transparents\/","name":"Concentr\u00e9s de couleurs transparents - EPODEX Industries | B2B Plattform","isPartOf":{"@id":"https:\/\/old.epodex-industries.com\/fr\/#website"},"primaryImageOfPage":{"@id":"https:\/\/old.epodex-industries.com\/fr\/produkt\/concentres-de-couleurs-transparents\/#primaryimage"},"image":{"@id":"https:\/\/old.epodex-industries.com\/fr\/produkt\/concentres-de-couleurs-transparents\/#primaryimage"},"thumbnailUrl":"https:\/\/old.epodex-industries.com\/wp-content\/uploads\/2023\/06\/Epoxidharz-Farbstoff-Farbe-1.jpg","datePublished":"2024-04-12T12:46:48+00:00","dateModified":"2024-07-24T10:15:47+00:00","breadcrumb":{"@id":"https:\/\/old.epodex-industries.com\/fr\/produkt\/concentres-de-couleurs-transparents\/#breadcrumb"},"inLanguage":"fr-FR","potentialAction":[{"@type":"ReadAction","target":["https:\/\/old.epodex-industries.com\/fr\/produkt\/concentres-de-couleurs-transparents\/"]}]},{"@type":"ImageObject","inLanguage":"fr-FR","@id":"https:\/\/old.epodex-industries.com\/fr\/produkt\/concentres-de-couleurs-transparents\/#primaryimage","url":"https:\/\/old.epodex-industries.com\/wp-content\/uploads\/2023\/06\/Epoxidharz-Farbstoff-Farbe-1.jpg","contentUrl":"https:\/\/old.epodex-industries.com\/wp-content\/uploads\/2023\/06\/Epoxidharz-Farbstoff-Farbe-1.jpg","width":1200,"height":800},{"@type":"BreadcrumbList","@id":"https:\/\/old.epodex-industries.com\/fr\/produkt\/concentres-de-couleurs-transparents\/#breadcrumb","itemListElement":[{"@type":"ListItem","position":1,"name":"Startseite","item":"https:\/\/old.epodex-industries.com\/fr\/"},{"@type":"ListItem","position":2,"name":"Shop","item":"https:\/\/old.epodex-industries.com\/fr\/shop\/"},{"@type":"ListItem","position":3,"name":"Concentr\u00e9s de couleurs transparents"}]},{"@type":"WebSite","@id":"https:\/\/old.epodex-industries.com\/fr\/#website","url":"https:\/\/old.epodex-industries.com\/fr\/","name":"EPODEX Industries | B2B Plattform","description":"Hersteller + Gro\u00dfhandel f\u00fcr Baustoffe","publisher":{"@id":"https:\/\/old.epodex-industries.com\/fr\/#organization"},"alternateName":"EPODEX Industries | Hersteller + Gro\u00dfhandel f\u00fcr Baustoffe","potentialAction":[{"@type":"SearchAction","target":{"@type":"EntryPoint","urlTemplate":"https:\/\/old.epodex-industries.com\/fr\/?s={search_term_string}"},"query-input":{"@type":"PropertyValueSpecification","valueRequired":true,"valueName":"search_term_string"}}],"inLanguage":"fr-FR"},{"@type":"Organization","@id":"https:\/\/old.epodex-industries.com\/fr\/#organization","name":"EPODEX Industries","url":"https:\/\/old.epodex-industries.com\/fr\/","logo":{"@type":"ImageObject","inLanguage":"fr-FR","@id":"https:\/\/old.epodex-industries.com\/fr\/#\/schema\/logo\/image\/","url":"https:\/\/www.epodex-industries.com\/wp-content\/uploads\/2023\/06\/Logo-Epodex-Rechnung.jpg","contentUrl":"https:\/\/www.epodex-industries.com\/wp-content\/uploads\/2023\/06\/Logo-Epodex-Rechnung.jpg","width":261,"height":50,"caption":"EPODEX Industries"},"image":{"@id":"https:\/\/old.epodex-industries.com\/fr\/#\/schema\/logo\/image\/"},"sameAs":["https:\/\/www.facebook.com\/Epodex\/","https:\/\/www.instagram.com\/epodex_official\/","https:\/\/www.pinterest.de\/epodex_com\/","https:\/\/www.youtube.com\/channel\/UC7lFrJ9YpN1yg43sTc6q3ow"]}]}},"_links":{"self":[{"href":"https:\/\/old.epodex-industries.com\/fr\/wp-json\/wp\/v2\/product\/28956","targetHints":{"allow":["GET"]}}],"collection":[{"href":"https:\/\/old.epodex-industries.com\/fr\/wp-json\/wp\/v2\/product"}],"about":[{"href":"https:\/\/old.epodex-industries.com\/fr\/wp-json\/wp\/v2\/types\/product"}],"replies":[{"embeddable":true,"href":"https:\/\/old.epodex-industries.com\/fr\/wp-json\/wp\/v2\/comments?post=28956"}],"wp:featuredmedia":[{"embeddable":true,"href":"https:\/\/old.epodex-industries.com\/fr\/wp-json\/wp\/v2\/media\/16276"}],"wp:attachment":[{"href":"https:\/\/old.epodex-industries.com\/fr\/wp-json\/wp\/v2\/media?parent=28956"}],"wp:term":[{"taxonomy":"product_brand","embeddable":true,"href":"https:\/\/old.epodex-industries.com\/fr\/wp-json\/wp\/v2\/product_brand?post=28956"},{"taxonomy":"product_cat","embeddable":true,"href":"https:\/\/old.epodex-industries.com\/fr\/wp-json\/wp\/v2\/product_cat?post=28956"},{"taxonomy":"product_tag","embeddable":true,"href":"https:\/\/old.epodex-industries.com\/fr\/wp-json\/wp\/v2\/product_tag?post=28956"}],"curies":[{"name":"wp","href":"https:\/\/api.w.org\/{rel}","templated":true}]}}