{"id":28954,"date":"2024-04-12T14:46:47","date_gmt":"2024-04-12T12:46:47","guid":{"rendered":"https:\/\/www.epodex-industries.com\/produkt\/pigments-de-couleur-metalliques\/"},"modified":"2024-07-24T12:15:07","modified_gmt":"2024-07-24T10:15:07","slug":"pigments-de-couleur-metalliques","status":"publish","type":"product","link":"https:\/\/old.epodex-industries.com\/fr\/produit\/pigments-de-couleur-metalliques\/","title":{"rendered":"Pigments de couleur m\u00e9talliques"},"content":{"rendered":"<h2>EPODEX Pigments M\u00e9talliques<\/h2>\n<p> Vous ne pouvez pas choisir une couleur m\u00e9tallique sp\u00e9cifique ? Alors commandez simplement notre ensemble d&rsquo;\u00e9chantillons pratique contenant tous nos pigments m\u00e9talliques. Le kit comprend les 35 pigments suivants :<\/p>\n<p style=\"margin: 0cm; margin-bottom: .0001pt;\">-Platinum Silver<\/p>\n<p style=\"margin: 0cm; margin-bottom: .0001pt;\">-Flame Copper<\/p>\n<p style=\"margin: 0cm; margin-bottom: .0001pt;\">-Shimmer Gold<\/p>\n<p style=\"margin: 0cm; margin-bottom: .0001pt;\">-Pearl White<\/p>\n<p style=\"margin: 0cm; margin-bottom: .0001pt;\">-Wine Red<\/p>\n<p style=\"margin: 0cm; margin-bottom: .0001pt;\">-Bronze Red<\/p>\n<p style=\"margin: 0cm; margin-bottom: .0001pt;\">-Havana Bronze<\/p>\n<p style=\"margin: 0cm; margin-bottom: .0001pt;\">-Yellow Gold<\/p>\n<p style=\"margin: 0cm; margin-bottom: .0001pt;\">-Sapphire Blue<\/p>\n<p style=\"margin: 0cm; margin-bottom: .0001pt;\">-Intense Anthracite<\/p>\n<p style=\"margin: 0cm; margin-bottom: .0001pt;\">-Deep Black<\/p>\n<p style=\"margin: 0cm; margin-bottom: .0001pt;\">-Satin Grey<\/p>\n<p style=\"margin: 0cm; margin-bottom: .0001pt;\">-Pacific Turquoise<\/p>\n<p style=\"margin: 0cm; margin-bottom: .0001pt;\">-Olympic Blue<\/p>\n<p style=\"margin: 0cm; margin-bottom: .0001pt;\">-Azur Blue<\/p>\n<p style=\"margin: 0cm; margin-bottom: .0001pt;\">-Sky Blue<\/p>\n<p style=\"margin: 0cm; margin-bottom: .0001pt;\">-Violet Blue<\/p>\n<p style=\"margin: 0cm; margin-bottom: .0001pt;\">-Dark Purple<\/p>\n<p style=\"margin: 0cm; margin-bottom: .0001pt;\">-Dark Brown<\/p>\n<p style=\"margin: 0cm; margin-bottom: .0001pt;\">-Lemon Yellow<\/p>\n<p style=\"margin: 0cm; margin-bottom: .0001pt;\">-Olive Green<\/p>\n<p style=\"margin: 0cm; margin-bottom: .0001pt;\">-Dark Green<\/p>\n<p style=\"margin: 0cm; margin-bottom: .0001pt;\">-Grape Purple<\/p>\n<p style=\"margin: 0cm; margin-bottom: .0001pt;\">-Lotos Lilac<\/p>\n<p style=\"margin: 0cm; margin-bottom: .0001pt;\">-Jungle Green<\/p>\n<p style=\"margin: 0cm; margin-bottom: .0001pt;\">-Bahia Green<\/p>\n<p style=\"margin: 0cm; margin-bottom: .0001pt;\">-Rose Gold<\/p>\n<p style=\"margin: 0cm; margin-bottom: .0001pt;\">-Carbon red<\/p>\n<p style=\"margin: 0cm; margin-bottom: .0001pt;\">-Bronze Brown<\/p>\n<p style=\"margin: 0cm; margin-bottom: .0001pt;\">-Deep Orange<\/p>\n<p style=\"margin: 0cm; margin-bottom: .0001pt;\">-Terra Orange<\/p>\n<p style=\"margin: 0cm; margin-bottom: .0001pt;\">-Coffee Brown<\/p>\n<p style=\"margin: 0cm; margin-bottom: .0001pt;\">-Perlmutt Red<\/p>\n<p style=\"margin: 0cm; margin-bottom: .0001pt;\">-Perlmutt Green<\/p>\n<p style=\"margin: 0cm; margin-bottom: .0001pt;\">-Perlmutt Blue<\/p>\n<h3>Application<\/h3>\n<p>M\u00e9langez les pigments avec la r\u00e9sine (composant A) ou avec le m\u00e9lange de r\u00e9sine et de durcisseur. Recommandation pour une couverture compl\u00e8te : environ 1,5 % de pigments par rapport au poids total (par exemple, 15g de pigments pour 1kg de r\u00e9sine et de durcisseur). Ajustez l&rsquo;intensit\u00e9 de la couleur en ajoutant plus ou moins de pigments selon vos pr\u00e9f\u00e9rences.<\/p>\n<hr \/>\n<p><strong>Remarque :<\/strong> Veuillez noter que les couleurs pourraient ne pas \u00eatre uniformes en raison de diff\u00e9rentes conditions d&rsquo;\u00e9clairage et de moniteurs.<\/p>\n<p>\n    <strong>Service Client :<\/strong> Pour toute question suppl\u00e9mentaire, contactez-nous par t\u00e9l\u00e9phone, par e-mail ou utilisez notre support WhatsApp.<\/p>\n","protected":false},"excerpt":{"rendered":"<p>Les pigments m\u00e9talliques EPODEX sont id\u00e9aux pour colorer et embellir les r\u00e9sines synth\u00e9tiques et naturelles, les vernis ainsi que pour la poudre de rev\u00eatement.<\/p>\n","protected":false},"featured_media":16264,"comment_status":"open","ping_status":"closed","template":"","meta":[],"product_brand":[],"product_cat":[4523],"product_tag":[],"class_list":{"0":"post-28954","1":"product","2":"type-product","3":"status-publish","4":"has-post-thumbnail","6":"product_cat-colorants-pour-resines-colorants-et-adjuvants","7":"pa_farbe-metallic-pigmente-azur-blue","8":"pa_farbe-metallic-pigmente-bahia-green","9":"pa_farbe-metallic-pigmente-bronze-brown","10":"pa_farbe-metallic-pigmente-bronze-red","11":"pa_farbe-metallic-pigmente-carbon-red","12":"pa_farbe-metallic-pigmente-coffee-brown","13":"pa_farbe-metallic-pigmente-dark-brown","14":"pa_farbe-metallic-pigmente-dark-green","15":"pa_farbe-metallic-pigmente-dark-purple","16":"pa_farbe-metallic-pigmente-deep-black","17":"pa_farbe-metallic-pigmente-deep-orange","18":"pa_farbe-metallic-pigmente-flame-copper","19":"pa_farbe-metallic-pigmente-grape-purple","20":"pa_farbe-metallic-pigmente-havana-bronze","21":"pa_farbe-metallic-pigmente-intense-anthracite","22":"pa_farbe-metallic-pigmente-jungle-green","23":"pa_farbe-metallic-pigmente-lemon-yellow","24":"pa_farbe-metallic-pigmente-lotos-lilac","25":"pa_farbe-metallic-pigmente-olive-green","26":"pa_farbe-metallic-pigmente-olympic-blue","27":"pa_farbe-metallic-pigmente-pacific-turquoise","28":"pa_farbe-metallic-pigmente-pearl-white","29":"pa_farbe-metallic-pigmente-perlmutt-blue","30":"pa_farbe-metallic-pigmente-perlmutt-green","31":"pa_farbe-metallic-pigmente-perlmutt-red","32":"pa_farbe-metallic-pigmente-platinum-silver","33":"pa_farbe-metallic-pigmente-rose-gold","34":"pa_farbe-metallic-pigmente-rose-red","35":"pa_farbe-metallic-pigmente-sapphire-blue","36":"pa_farbe-metallic-pigmente-satin-grey","37":"pa_farbe-metallic-pigmente-shimmer-gold","38":"pa_farbe-metallic-pigmente-sky-blue","39":"pa_farbe-metallic-pigmente-terra-orange","40":"pa_farbe-metallic-pigmente-violet-blue","41":"pa_farbe-metallic-pigmente-wine-red","42":"pa_farbe-metallic-pigmente-yellow-gold","44":"first","45":"instock","46":"taxable","47":"shipping-taxable","48":"product-type-variable","49":"wvs-archive-product-wrapper"},"yoast_head":"<!-- This site is optimized with the Yoast SEO plugin v26.7 - https:\/\/yoast.com\/wordpress\/plugins\/seo\/ -->\n<title>Pigments de couleur m\u00e9talliques - EPODEX Industries | B2B Plattform<\/title>\n<meta name=\"robots\" content=\"index, follow, max-snippet:-1, max-image-preview:large, max-video-preview:-1\" \/>\n<link rel=\"canonical\" href=\"https:\/\/old.epodex-industries.com\/fr\/produkt\/pigments-de-couleur-metalliques\/\" \/>\n<meta property=\"og:locale\" content=\"fr_FR\" \/>\n<meta property=\"og:type\" content=\"article\" \/>\n<meta property=\"og:title\" content=\"Pigments de couleur m\u00e9talliques - EPODEX Industries | B2B Plattform\" \/>\n<meta property=\"og:description\" content=\"Les pigments m\u00e9talliques EPODEX sont id\u00e9aux pour colorer et embellir les r\u00e9sines synth\u00e9tiques et naturelles, les vernis ainsi que pour la poudre de rev\u00eatement.\" \/>\n<meta property=\"og:url\" content=\"https:\/\/old.epodex-industries.com\/fr\/produkt\/pigments-de-couleur-metalliques\/\" \/>\n<meta property=\"og:site_name\" content=\"EPODEX Industries | B2B Plattform\" \/>\n<meta property=\"article:publisher\" content=\"https:\/\/www.facebook.com\/Epodex\/\" \/>\n<meta property=\"article:modified_time\" content=\"2024-07-24T10:15:07+00:00\" \/>\n<meta property=\"og:image\" content=\"https:\/\/old.epodex-industries.com\/wp-content\/uploads\/2023\/06\/Epoxidharz-Farbe-Pigmente-1.jpg\" \/>\n\t<meta property=\"og:image:width\" content=\"1200\" \/>\n\t<meta property=\"og:image:height\" content=\"800\" \/>\n\t<meta property=\"og:image:type\" content=\"image\/jpeg\" \/>\n<meta name=\"twitter:card\" content=\"summary_large_image\" \/>\n<meta name=\"twitter:label1\" content=\"Dur\u00e9e de lecture estim\u00e9e\" \/>\n\t<meta name=\"twitter:data1\" content=\"1 minute\" \/>\n<script type=\"application\/ld+json\" class=\"yoast-schema-graph\">{\"@context\":\"https:\/\/schema.org\",\"@graph\":[{\"@type\":\"WebPage\",\"@id\":\"https:\/\/old.epodex-industries.com\/fr\/produkt\/pigments-de-couleur-metalliques\/\",\"url\":\"https:\/\/old.epodex-industries.com\/fr\/produkt\/pigments-de-couleur-metalliques\/\",\"name\":\"Pigments de couleur m\u00e9talliques - EPODEX Industries | B2B Plattform\",\"isPartOf\":{\"@id\":\"https:\/\/old.epodex-industries.com\/fr\/#website\"},\"primaryImageOfPage\":{\"@id\":\"https:\/\/old.epodex-industries.com\/fr\/produkt\/pigments-de-couleur-metalliques\/#primaryimage\"},\"image\":{\"@id\":\"https:\/\/old.epodex-industries.com\/fr\/produkt\/pigments-de-couleur-metalliques\/#primaryimage\"},\"thumbnailUrl\":\"https:\/\/old.epodex-industries.com\/wp-content\/uploads\/2023\/06\/Epoxidharz-Farbe-Pigmente-1.jpg\",\"datePublished\":\"2024-04-12T12:46:47+00:00\",\"dateModified\":\"2024-07-24T10:15:07+00:00\",\"breadcrumb\":{\"@id\":\"https:\/\/old.epodex-industries.com\/fr\/produkt\/pigments-de-couleur-metalliques\/#breadcrumb\"},\"inLanguage\":\"fr-FR\",\"potentialAction\":[{\"@type\":\"ReadAction\",\"target\":[\"https:\/\/old.epodex-industries.com\/fr\/produkt\/pigments-de-couleur-metalliques\/\"]}]},{\"@type\":\"ImageObject\",\"inLanguage\":\"fr-FR\",\"@id\":\"https:\/\/old.epodex-industries.com\/fr\/produkt\/pigments-de-couleur-metalliques\/#primaryimage\",\"url\":\"https:\/\/old.epodex-industries.com\/wp-content\/uploads\/2023\/06\/Epoxidharz-Farbe-Pigmente-1.jpg\",\"contentUrl\":\"https:\/\/old.epodex-industries.com\/wp-content\/uploads\/2023\/06\/Epoxidharz-Farbe-Pigmente-1.jpg\",\"width\":1200,\"height\":800},{\"@type\":\"BreadcrumbList\",\"@id\":\"https:\/\/old.epodex-industries.com\/fr\/produkt\/pigments-de-couleur-metalliques\/#breadcrumb\",\"itemListElement\":[{\"@type\":\"ListItem\",\"position\":1,\"name\":\"Startseite\",\"item\":\"https:\/\/old.epodex-industries.com\/fr\/\"},{\"@type\":\"ListItem\",\"position\":2,\"name\":\"Shop\",\"item\":\"https:\/\/old.epodex-industries.com\/fr\/shop\/\"},{\"@type\":\"ListItem\",\"position\":3,\"name\":\"Pigments de couleur m\u00e9talliques\"}]},{\"@type\":\"WebSite\",\"@id\":\"https:\/\/old.epodex-industries.com\/fr\/#website\",\"url\":\"https:\/\/old.epodex-industries.com\/fr\/\",\"name\":\"EPODEX Industries | B2B Plattform\",\"description\":\"Hersteller + Gro\u00dfhandel f\u00fcr Baustoffe\",\"publisher\":{\"@id\":\"https:\/\/old.epodex-industries.com\/fr\/#organization\"},\"alternateName\":\"EPODEX Industries | Hersteller + Gro\u00dfhandel f\u00fcr Baustoffe\",\"potentialAction\":[{\"@type\":\"SearchAction\",\"target\":{\"@type\":\"EntryPoint\",\"urlTemplate\":\"https:\/\/old.epodex-industries.com\/fr\/?s={search_term_string}\"},\"query-input\":{\"@type\":\"PropertyValueSpecification\",\"valueRequired\":true,\"valueName\":\"search_term_string\"}}],\"inLanguage\":\"fr-FR\"},{\"@type\":\"Organization\",\"@id\":\"https:\/\/old.epodex-industries.com\/fr\/#organization\",\"name\":\"EPODEX Industries\",\"url\":\"https:\/\/old.epodex-industries.com\/fr\/\",\"logo\":{\"@type\":\"ImageObject\",\"inLanguage\":\"fr-FR\",\"@id\":\"https:\/\/old.epodex-industries.com\/fr\/#\/schema\/logo\/image\/\",\"url\":\"https:\/\/www.epodex-industries.com\/wp-content\/uploads\/2023\/06\/Logo-Epodex-Rechnung.jpg\",\"contentUrl\":\"https:\/\/www.epodex-industries.com\/wp-content\/uploads\/2023\/06\/Logo-Epodex-Rechnung.jpg\",\"width\":261,\"height\":50,\"caption\":\"EPODEX Industries\"},\"image\":{\"@id\":\"https:\/\/old.epodex-industries.com\/fr\/#\/schema\/logo\/image\/\"},\"sameAs\":[\"https:\/\/www.facebook.com\/Epodex\/\",\"https:\/\/www.instagram.com\/epodex_official\/\",\"https:\/\/www.pinterest.de\/epodex_com\/\",\"https:\/\/www.youtube.com\/channel\/UC7lFrJ9YpN1yg43sTc6q3ow\"]}]}<\/script>\n<!-- \/ Yoast SEO plugin. -->","yoast_head_json":{"title":"Pigments de couleur m\u00e9talliques - EPODEX Industries | B2B Plattform","robots":{"index":"index","follow":"follow","max-snippet":"max-snippet:-1","max-image-preview":"max-image-preview:large","max-video-preview":"max-video-preview:-1"},"canonical":"https:\/\/old.epodex-industries.com\/fr\/produkt\/pigments-de-couleur-metalliques\/","og_locale":"fr_FR","og_type":"article","og_title":"Pigments de couleur m\u00e9talliques - EPODEX Industries | B2B Plattform","og_description":"Les pigments m\u00e9talliques EPODEX sont id\u00e9aux pour colorer et embellir les r\u00e9sines synth\u00e9tiques et naturelles, les vernis ainsi que pour la poudre de rev\u00eatement.","og_url":"https:\/\/old.epodex-industries.com\/fr\/produkt\/pigments-de-couleur-metalliques\/","og_site_name":"EPODEX Industries | B2B Plattform","article_publisher":"https:\/\/www.facebook.com\/Epodex\/","article_modified_time":"2024-07-24T10:15:07+00:00","og_image":[{"width":1200,"height":800,"url":"https:\/\/old.epodex-industries.com\/wp-content\/uploads\/2023\/06\/Epoxidharz-Farbe-Pigmente-1.jpg","type":"image\/jpeg"}],"twitter_card":"summary_large_image","twitter_misc":{"Dur\u00e9e de lecture estim\u00e9e":"1 minute"},"schema":{"@context":"https:\/\/schema.org","@graph":[{"@type":"WebPage","@id":"https:\/\/old.epodex-industries.com\/fr\/produkt\/pigments-de-couleur-metalliques\/","url":"https:\/\/old.epodex-industries.com\/fr\/produkt\/pigments-de-couleur-metalliques\/","name":"Pigments de couleur m\u00e9talliques - EPODEX Industries | B2B Plattform","isPartOf":{"@id":"https:\/\/old.epodex-industries.com\/fr\/#website"},"primaryImageOfPage":{"@id":"https:\/\/old.epodex-industries.com\/fr\/produkt\/pigments-de-couleur-metalliques\/#primaryimage"},"image":{"@id":"https:\/\/old.epodex-industries.com\/fr\/produkt\/pigments-de-couleur-metalliques\/#primaryimage"},"thumbnailUrl":"https:\/\/old.epodex-industries.com\/wp-content\/uploads\/2023\/06\/Epoxidharz-Farbe-Pigmente-1.jpg","datePublished":"2024-04-12T12:46:47+00:00","dateModified":"2024-07-24T10:15:07+00:00","breadcrumb":{"@id":"https:\/\/old.epodex-industries.com\/fr\/produkt\/pigments-de-couleur-metalliques\/#breadcrumb"},"inLanguage":"fr-FR","potentialAction":[{"@type":"ReadAction","target":["https:\/\/old.epodex-industries.com\/fr\/produkt\/pigments-de-couleur-metalliques\/"]}]},{"@type":"ImageObject","inLanguage":"fr-FR","@id":"https:\/\/old.epodex-industries.com\/fr\/produkt\/pigments-de-couleur-metalliques\/#primaryimage","url":"https:\/\/old.epodex-industries.com\/wp-content\/uploads\/2023\/06\/Epoxidharz-Farbe-Pigmente-1.jpg","contentUrl":"https:\/\/old.epodex-industries.com\/wp-content\/uploads\/2023\/06\/Epoxidharz-Farbe-Pigmente-1.jpg","width":1200,"height":800},{"@type":"BreadcrumbList","@id":"https:\/\/old.epodex-industries.com\/fr\/produkt\/pigments-de-couleur-metalliques\/#breadcrumb","itemListElement":[{"@type":"ListItem","position":1,"name":"Startseite","item":"https:\/\/old.epodex-industries.com\/fr\/"},{"@type":"ListItem","position":2,"name":"Shop","item":"https:\/\/old.epodex-industries.com\/fr\/shop\/"},{"@type":"ListItem","position":3,"name":"Pigments de couleur m\u00e9talliques"}]},{"@type":"WebSite","@id":"https:\/\/old.epodex-industries.com\/fr\/#website","url":"https:\/\/old.epodex-industries.com\/fr\/","name":"EPODEX Industries | B2B Plattform","description":"Hersteller + Gro\u00dfhandel f\u00fcr Baustoffe","publisher":{"@id":"https:\/\/old.epodex-industries.com\/fr\/#organization"},"alternateName":"EPODEX Industries | Hersteller + Gro\u00dfhandel f\u00fcr Baustoffe","potentialAction":[{"@type":"SearchAction","target":{"@type":"EntryPoint","urlTemplate":"https:\/\/old.epodex-industries.com\/fr\/?s={search_term_string}"},"query-input":{"@type":"PropertyValueSpecification","valueRequired":true,"valueName":"search_term_string"}}],"inLanguage":"fr-FR"},{"@type":"Organization","@id":"https:\/\/old.epodex-industries.com\/fr\/#organization","name":"EPODEX Industries","url":"https:\/\/old.epodex-industries.com\/fr\/","logo":{"@type":"ImageObject","inLanguage":"fr-FR","@id":"https:\/\/old.epodex-industries.com\/fr\/#\/schema\/logo\/image\/","url":"https:\/\/www.epodex-industries.com\/wp-content\/uploads\/2023\/06\/Logo-Epodex-Rechnung.jpg","contentUrl":"https:\/\/www.epodex-industries.com\/wp-content\/uploads\/2023\/06\/Logo-Epodex-Rechnung.jpg","width":261,"height":50,"caption":"EPODEX Industries"},"image":{"@id":"https:\/\/old.epodex-industries.com\/fr\/#\/schema\/logo\/image\/"},"sameAs":["https:\/\/www.facebook.com\/Epodex\/","https:\/\/www.instagram.com\/epodex_official\/","https:\/\/www.pinterest.de\/epodex_com\/","https:\/\/www.youtube.com\/channel\/UC7lFrJ9YpN1yg43sTc6q3ow"]}]}},"_links":{"self":[{"href":"https:\/\/old.epodex-industries.com\/fr\/wp-json\/wp\/v2\/product\/28954","targetHints":{"allow":["GET"]}}],"collection":[{"href":"https:\/\/old.epodex-industries.com\/fr\/wp-json\/wp\/v2\/product"}],"about":[{"href":"https:\/\/old.epodex-industries.com\/fr\/wp-json\/wp\/v2\/types\/product"}],"replies":[{"embeddable":true,"href":"https:\/\/old.epodex-industries.com\/fr\/wp-json\/wp\/v2\/comments?post=28954"}],"wp:featuredmedia":[{"embeddable":true,"href":"https:\/\/old.epodex-industries.com\/fr\/wp-json\/wp\/v2\/media\/16264"}],"wp:attachment":[{"href":"https:\/\/old.epodex-industries.com\/fr\/wp-json\/wp\/v2\/media?parent=28954"}],"wp:term":[{"taxonomy":"product_brand","embeddable":true,"href":"https:\/\/old.epodex-industries.com\/fr\/wp-json\/wp\/v2\/product_brand?post=28954"},{"taxonomy":"product_cat","embeddable":true,"href":"https:\/\/old.epodex-industries.com\/fr\/wp-json\/wp\/v2\/product_cat?post=28954"},{"taxonomy":"product_tag","embeddable":true,"href":"https:\/\/old.epodex-industries.com\/fr\/wp-json\/wp\/v2\/product_tag?post=28954"}],"curies":[{"name":"wp","href":"https:\/\/api.w.org\/{rel}","templated":true}]}}