{"id":28951,"date":"2024-04-12T14:46:45","date_gmt":"2024-04-12T12:46:45","guid":{"rendered":"https:\/\/www.epodex-industries.com\/produkt\/glitter-flakes\/"},"modified":"2024-07-24T12:15:39","modified_gmt":"2024-07-24T10:15:39","slug":"glitter-flakes","status":"publish","type":"product","link":"https:\/\/old.epodex-industries.com\/fr\/produit\/glitter-flakes\/","title":{"rendered":"Glitter Flakes"},"content":{"rendered":"<h2>R\u00e9sine \u00e9poxy avec pigment paillet\u00e9 EPODEX<\/h2>\n<p>Les r\u00e9sines \u00e9poxy EPODEX conviennent \u00e0 diff\u00e9rents domaines d&rsquo;application, de la construction \u00e0 l&rsquo;\u00e9lectronique en passant par la fabrication de machines et de meubles. Rev\u00eatement de sol, plateaux de table et autres objets. Scellez les images ou cr\u00e9ez vos propres bijoux. Peu importe votre projet, nous sommes l\u00e0 pour vous aider. Nos r\u00e9sines \u00e9poxy sont miscibles avec toutes nos couleurs. <strong>Vous trouverez des exemples d&rsquo;application dans notre galerie.<\/strong><\/p>\n<hr>\n<h3>Instructions d&rsquo;utilisation<\/h3>\n<ol>\n<li>Commencez toujours par une couche d&rsquo;appr\u00eat \u00e9poxy pour \u00e9viter les pertes de mat\u00e9riau importantes et la formation de bulles (\u00e9paisseur de couche : 0,2-0,5mm). Pour cela, utilisez simplement une partie de la m\u00eame r\u00e9sine \u00e9poxy transparente. M\u00e9langez le contenu de la r\u00e9sine (A) avec le contenu du durcisseur (B) dans un rapport de 2:1 en poids (par exemple, 2 kg de r\u00e9sine : 1 kg de durcisseur).<\/li>\n<li>Passez la baguette de m\u00e9lange sur le bord et le fond du r\u00e9cipient de m\u00e9lange, car le mat\u00e9riau se d\u00e9pose l\u00e0. Id\u00e9alement, transf\u00e9rez le m\u00e9lange dans un r\u00e9cipient propre et m\u00e9langez \u00e0 nouveau. Cela garantit que la r\u00e9sine (A) et le durcisseur (B) se m\u00e9langent compl\u00e8tement.<\/li>\n<li>Versez le mat\u00e9riau <strong><u>imm\u00e9diatement<\/u><\/strong> apr\u00e8s le m\u00e9lange sur la surface \u00e0 rev\u00eatir, car le produit peut bouillir dans le r\u00e9cipient de m\u00e9lange en fonction du syst\u00e8me et de la quantit\u00e9 de mat\u00e9riau.<\/li>\n<li>Appliquez l&rsquo;appr\u00eat \u00e9poxy \u00e0 l&rsquo;aide d&rsquo;un rouleau en mousse ou d&rsquo;un pinceau sur la surface souhait\u00e9e. Laissez l&rsquo;appr\u00eat durcir. <\/li>\n<li>Poursuivez de mani\u00e8re uniforme avec la couche principale. Pour colorer la couche principale, m\u00e9langez les pigments de couleur inclus avec la r\u00e9sine (A) ou avec le m\u00e9lange r\u00e9sine-durcisseur. Recommandation pour une couverture compl\u00e8te : environ 1% de pigments de couleur sur la quantit\u00e9 totale de r\u00e9sine+durcisseur, par exemple 10g de pigments de couleur pour 1kg de r\u00e9sine+durcisseur. Ajustez l&rsquo;intensit\u00e9 de la couleur en ajoutant plus ou moins de pigments de couleur individuellement. Les temps de traitement, les hauteurs de coul\u00e9e et les temps de durcissement varient en fonction du syst\u00e8me de r\u00e9sine \u00e9poxy s\u00e9lectionn\u00e9 et de l&rsquo;application. Pour plus de pr\u00e9cisions, veuillez consulter notre tableau d&rsquo;informations sous le bouton \u00ab\u00a0En savoir plus\u00a0\u00bb sur cette page produit.<\/li>\n<\/ol>\n<p><strong>Info :<\/strong> La r\u00e9sine \u00e9poxy est sensible \u00e0 l&rsquo;humidit\u00e9 pendant le temps de durcissement (risque : formation de carbamates, c&rsquo;est-\u00e0-dire de taches blanches en surface). Pour cette raison, nous recommandons de ne pas mettre la r\u00e9sine \u00e9poxy en contact avec de l&rsquo;eau avant qu&rsquo;elle ne soit compl\u00e8tement durcie (au moins 7 jours). Pour les couches minces, les temp\u00e9ratures froides (temp\u00e9rature ambiante, de la base et de la r\u00e9sine inf\u00e9rieures \u00e0 20\u00b0C) et une humidit\u00e9 \u00e9lev\u00e9e peuvent prolonger le temps n\u00e9cessaire \u00e0 un durcissement complet de la r\u00e9sine \u00e9poxy.<\/p>\n<hr>\n<h3>Quantit\u00e9s de consommation<\/h3>\n<p>D\u00e9terminez la quantit\u00e9 n\u00e9cessaire \u00e0 l&rsquo;aide de notre calculateur de quantit\u00e9 de r\u00e9sine \u00e9poxy sur cette page produit.<\/p>\n<p><strong>\u00c9paisseurs de couche recommand\u00e9es pour le rev\u00eatement des sols et autres surfaces<\/strong><\/p>\n<ul>\n<li>Rev\u00eatement total (appr\u00eat + couche principale) : environ 1,65-2,2kg\/m\u00b2 pour des \u00e9paisseurs de couche de 1,5-2mm<\/li>\n<li>Appr\u00eat : environ 0,22-0,55kg\/m\u00b2 pour une \u00e9paisseur de couche de 0,2-0,5mm<\/li>\n<li>Couche principale : environ 1,1-1,65kg\/m\u00b2 pour des \u00e9paisseurs de couche de 1,1-1,5mm<\/li>\n<\/ul>\n<hr>\n<p><strong>Service client :<\/strong> Pour toute question suppl\u00e9mentaire, contactez-nous par t\u00e9l\u00e9phone, par e-mail ou utilisez notre support WhatsApp.<\/p>\n<p><strong>Remarque :<\/strong> Veuillez noter que les couleurs peuvent varier en raison de conditions d&rsquo;\u00e9clairage diff\u00e9rentes et de moniteurs.<\/p>\n<hr>\n<h3>Ingr\u00e9dients<\/h3>\n<p><strong>Composant A (ECO)<\/strong> Attention : 2,2&prime;-[(1-m\u00e9thyl\u00e9thylid\u00e8ne)bis(4,1-ph\u00e9nyl\u00e9noxy)]bisoxirane M\u00e9lange r\u00e9actionnel de 2,2\u2019-[m\u00e9thyl\u00e8nebis(4,1-ph\u00e9nyl\u00e8noxy)]dioxirane et [2-({ 2-[4-(oxiran-2ylm\u00e9thoxy)benzyl]ph\u00e9noxy}m\u00e9thyl)oxirane et [2,2\u2019-[m\u00e9thyl\u00e8nebis(2,1-ph\u00e9nyl\u00e8noxy)]dioxirane Oxirane, d\u00e9riv\u00e9s mono((C12-14-alcoxy)m\u00e9thyle).<\/p>\n<p><strong>Composant A (PRO)<\/strong> Attention : Produit de r\u00e9action : Bis-[4-(2,3-\u00e9poxipropoxy)ph\u00e9nyl]propane Oxirane, mono[(C12-14-alcoxy)m\u00e9thyl]d\u00e9riv\u00e9s.<\/p>\n<p><strong>Composant B (ECO)<\/strong> Danger : Produit de r\u00e9action : 3-aminom\u00e9thyl-3,5,5-trim\u00e9thylcyclohexylamine et 4,4\u2019-Isopropylid\u00e8nediph\u00e9nol, produits de r\u00e9action oligom\u00e8res avec 1-chloro-2,3-\u00e9poxypropane m-ph\u00e9nyl\u00e8nebis(m\u00e9thylamine) Acide salicylique.<\/p>\n<p><strong>Composant B (PRO)<\/strong> Danger : Produit de r\u00e9action : 3-Aminom\u00e9thyl-3,5,5-trim\u00e9thyl-cyclohexylamine.<\/p>\n<p><strong>Composant B (PRO+)<\/strong> Danger : Produit de r\u00e9action : Polyoxyalkyl\u00e9namine.<\/p>\n<hr>\n<h3>Mises en garde<\/h3>\n<p><strong>Composants A (ECO, PRO)<\/strong> Danger : Provoque des irritations cutan\u00e9es. Provoque une s\u00e9v\u00e8re irritation des yeux. Peut provoquer une allergie cutan\u00e9e. Toxique pour les organismes aquatiques, entra\u00eene des effets n\u00e9fastes \u00e0 long terme. \u00c9viter d&rsquo;inhaler la poussi\u00e8re\/le fum\u00e9e\/le gaz\/le brouillard\/les vapeurs\/les a\u00e9rosols. \u00c9viter le rejet dans l&rsquo;environnement. Porter des gants de protection\/des lunettes de protection\/un \u00e9quipement de protection du visage. EN CAS DE CONTACT AVEC LES YEUX : Rincer avec pr\u00e9caution \u00e0 l&rsquo;eau pendant plusieurs minutes. Enlever les lentilles de contact si la victime en porte et si elles peuvent \u00eatre facilement enlev\u00e9es. Continuer \u00e0 rincer. \u00c9liminer le contenu\/le r\u00e9cipient conform\u00e9ment \u00e0 la r\u00e9glementation locale\/r\u00e9gionale\/nationale\/internationale.<\/p>\n<p><strong>Composants B (ECO, PRO, PRO+)<\/strong> Danger : Nocif par inhalation, ingestion ou contact cutan\u00e9. Provoque de graves br\u00fblures de la peau et des l\u00e9sions oculaires graves. Peut provoquer une allergie cutan\u00e9e. Nocif\/toxique pour les organismes aquatiques, entra\u00eene des effets n\u00e9fastes \u00e0 long terme. \u00c9viter le rejet dans l&rsquo;environnement. Ne pas inhaler de poussi\u00e8re\/de fum\u00e9e\/de gaz\/de brouillard\/de vapeurs\/d&rsquo;a\u00e9rosols. Porter des gants de protection\/des v\u00eatements de protection\/des lunettes de protection\/un masque de protection. EN CAS DE CONTACT AVEC LA PEAU (ou les cheveux) : Enlever imm\u00e9diatement tous les v\u00eatements contamin\u00e9s. Laver\/doucher la peau \u00e0 l&rsquo;eau. EN CAS D&rsquo;INHALATION : Transporter la personne \u00e0 l&rsquo;ext\u00e9rieur et la maintenir dans une position o\u00f9 elle peut respirer confortablement. EN CAS DE CONTACT AVEC LES YEUX : Rincer avec pr\u00e9caution \u00e0 l&rsquo;eau pendant plusieurs minutes. Enlever les lentilles de contact si la victime en porte et si elles peuvent \u00eatre facilement enlev\u00e9es. Continuer \u00e0 rincer. Appeler imm\u00e9diatement un CENTRE ANTIPOISON\/un m\u00e9decin. EN CAS D&rsquo;INGESTION : Appeler imm\u00e9diatement un CENTRE ANTIPOISON\/un m\u00e9decin en cas de malaise. Garder sous clef. \u00c9liminer le contenu\/le r\u00e9cipient conform\u00e9ment \u00e0 la r\u00e9glementation locale\/r\u00e9gionale\/nationale\/internationale.<\/p>\n<p><img decoding=\"async\" src=\"https:\/\/www.epodex.com\/de\/wp-content\/uploads\/2019\/12\/hinweise.png\" \/><\/p>\n","protected":false},"excerpt":{"rendered":"<p>Les r\u00e9sines \u00e9poxy EPODEX sont id\u00e9ales pour diverses applications. Le kit comprend de la r\u00e9sine (composant A) et du durcisseur (composant B). Selon votre choix de couleur, vous recevrez \u00e9galement des pigments paillet\u00e9s suppl\u00e9mentaires pour teinter la r\u00e9sine \u00e9poxy. Choisissez maintenant entre six syst\u00e8mes de r\u00e9sine \u00e9poxy. Pour d&rsquo;autres types de r\u00e9sines \u00e9poxy, cliquez sur \u00ab autres syst\u00e8mes<\/p>\n","protected":false},"featured_media":16272,"comment_status":"open","ping_status":"closed","template":"","meta":[],"product_brand":[],"product_cat":[4523],"product_tag":[],"class_list":{"0":"post-28951","1":"product","2":"type-product","3":"status-publish","4":"has-post-thumbnail","6":"product_cat-colorants-pour-resines-colorants-et-adjuvants","7":"pa_farbe-glitterflakes-flower-power","8":"pa_farbe-glitterflakes-goldstar","9":"pa_farbe-glitterflakes-hyper-bronze","10":"pa_farbe-glitterflakes-mystery","11":"pa_farbe-glitterflakes-rainbow","12":"pa_farbe-glitterflakes-silverstar","14":"first","15":"instock","16":"taxable","17":"shipping-taxable","18":"product-type-variable","19":"wvs-archive-product-wrapper"},"yoast_head":"<!-- This site is optimized with the Yoast SEO plugin v26.7 - https:\/\/yoast.com\/wordpress\/plugins\/seo\/ -->\n<title>Glitter Flakes - EPODEX Industries | B2B Plattform<\/title>\n<meta name=\"robots\" content=\"index, follow, max-snippet:-1, max-image-preview:large, max-video-preview:-1\" \/>\n<link rel=\"canonical\" href=\"https:\/\/old.epodex-industries.com\/fr\/produit\/glitter-flakes\/\" \/>\n<meta property=\"og:locale\" content=\"fr_FR\" \/>\n<meta property=\"og:type\" content=\"article\" \/>\n<meta property=\"og:title\" content=\"Glitter Flakes - EPODEX Industries | B2B Plattform\" \/>\n<meta property=\"og:description\" content=\"Les r\u00e9sines \u00e9poxy EPODEX sont id\u00e9ales pour diverses applications. Le kit comprend de la r\u00e9sine (composant A) et du durcisseur (composant B). Selon votre choix de couleur, vous recevrez \u00e9galement des pigments paillet\u00e9s suppl\u00e9mentaires pour teinter la r\u00e9sine \u00e9poxy. Choisissez maintenant entre six syst\u00e8mes de r\u00e9sine \u00e9poxy. Pour d&#039;autres types de r\u00e9sines \u00e9poxy, cliquez sur \u00ab autres syst\u00e8mes\" \/>\n<meta property=\"og:url\" content=\"https:\/\/old.epodex-industries.com\/fr\/produit\/glitter-flakes\/\" \/>\n<meta property=\"og:site_name\" content=\"EPODEX Industries | B2B Plattform\" \/>\n<meta property=\"article:publisher\" content=\"https:\/\/www.facebook.com\/Epodex\/\" \/>\n<meta property=\"article:modified_time\" content=\"2024-07-24T10:15:39+00:00\" \/>\n<meta property=\"og:image\" content=\"https:\/\/old.epodex-industries.com\/wp-content\/uploads\/2023\/06\/glitter-epoxy-flakes-set.jpg\" \/>\n\t<meta property=\"og:image:width\" content=\"1200\" \/>\n\t<meta property=\"og:image:height\" content=\"800\" \/>\n\t<meta property=\"og:image:type\" content=\"image\/jpeg\" \/>\n<meta name=\"twitter:card\" content=\"summary_large_image\" \/>\n<meta name=\"twitter:label1\" content=\"Dur\u00e9e de lecture estim\u00e9e\" \/>\n\t<meta name=\"twitter:data1\" content=\"5 minutes\" \/>\n<script type=\"application\/ld+json\" class=\"yoast-schema-graph\">{\"@context\":\"https:\/\/schema.org\",\"@graph\":[{\"@type\":\"WebPage\",\"@id\":\"https:\/\/old.epodex-industries.com\/fr\/produit\/glitter-flakes\/\",\"url\":\"https:\/\/old.epodex-industries.com\/fr\/produit\/glitter-flakes\/\",\"name\":\"Glitter Flakes - EPODEX Industries | B2B Plattform\",\"isPartOf\":{\"@id\":\"https:\/\/old.epodex-industries.com\/fr\/#website\"},\"primaryImageOfPage\":{\"@id\":\"https:\/\/old.epodex-industries.com\/fr\/produit\/glitter-flakes\/#primaryimage\"},\"image\":{\"@id\":\"https:\/\/old.epodex-industries.com\/fr\/produit\/glitter-flakes\/#primaryimage\"},\"thumbnailUrl\":\"https:\/\/old.epodex-industries.com\/wp-content\/uploads\/2023\/06\/glitter-epoxy-flakes-set.jpg\",\"datePublished\":\"2024-04-12T12:46:45+00:00\",\"dateModified\":\"2024-07-24T10:15:39+00:00\",\"breadcrumb\":{\"@id\":\"https:\/\/old.epodex-industries.com\/fr\/produit\/glitter-flakes\/#breadcrumb\"},\"inLanguage\":\"fr-FR\",\"potentialAction\":[{\"@type\":\"ReadAction\",\"target\":[\"https:\/\/old.epodex-industries.com\/fr\/produit\/glitter-flakes\/\"]}]},{\"@type\":\"ImageObject\",\"inLanguage\":\"fr-FR\",\"@id\":\"https:\/\/old.epodex-industries.com\/fr\/produit\/glitter-flakes\/#primaryimage\",\"url\":\"https:\/\/old.epodex-industries.com\/wp-content\/uploads\/2023\/06\/glitter-epoxy-flakes-set.jpg\",\"contentUrl\":\"https:\/\/old.epodex-industries.com\/wp-content\/uploads\/2023\/06\/glitter-epoxy-flakes-set.jpg\",\"width\":1200,\"height\":800},{\"@type\":\"BreadcrumbList\",\"@id\":\"https:\/\/old.epodex-industries.com\/fr\/produit\/glitter-flakes\/#breadcrumb\",\"itemListElement\":[{\"@type\":\"ListItem\",\"position\":1,\"name\":\"Startseite\",\"item\":\"https:\/\/old.epodex-industries.com\/fr\/\"},{\"@type\":\"ListItem\",\"position\":2,\"name\":\"Shop\",\"item\":\"https:\/\/old.epodex-industries.com\/fr\/shop\/\"},{\"@type\":\"ListItem\",\"position\":3,\"name\":\"Glitter Flakes\"}]},{\"@type\":\"WebSite\",\"@id\":\"https:\/\/old.epodex-industries.com\/fr\/#website\",\"url\":\"https:\/\/old.epodex-industries.com\/fr\/\",\"name\":\"EPODEX Industries | B2B Plattform\",\"description\":\"Hersteller + Gro\u00dfhandel f\u00fcr Baustoffe\",\"publisher\":{\"@id\":\"https:\/\/old.epodex-industries.com\/fr\/#organization\"},\"alternateName\":\"EPODEX Industries | Hersteller + Gro\u00dfhandel f\u00fcr Baustoffe\",\"potentialAction\":[{\"@type\":\"SearchAction\",\"target\":{\"@type\":\"EntryPoint\",\"urlTemplate\":\"https:\/\/old.epodex-industries.com\/fr\/?s={search_term_string}\"},\"query-input\":{\"@type\":\"PropertyValueSpecification\",\"valueRequired\":true,\"valueName\":\"search_term_string\"}}],\"inLanguage\":\"fr-FR\"},{\"@type\":\"Organization\",\"@id\":\"https:\/\/old.epodex-industries.com\/fr\/#organization\",\"name\":\"EPODEX Industries\",\"url\":\"https:\/\/old.epodex-industries.com\/fr\/\",\"logo\":{\"@type\":\"ImageObject\",\"inLanguage\":\"fr-FR\",\"@id\":\"https:\/\/old.epodex-industries.com\/fr\/#\/schema\/logo\/image\/\",\"url\":\"https:\/\/www.epodex-industries.com\/wp-content\/uploads\/2023\/06\/Logo-Epodex-Rechnung.jpg\",\"contentUrl\":\"https:\/\/www.epodex-industries.com\/wp-content\/uploads\/2023\/06\/Logo-Epodex-Rechnung.jpg\",\"width\":261,\"height\":50,\"caption\":\"EPODEX Industries\"},\"image\":{\"@id\":\"https:\/\/old.epodex-industries.com\/fr\/#\/schema\/logo\/image\/\"},\"sameAs\":[\"https:\/\/www.facebook.com\/Epodex\/\",\"https:\/\/www.instagram.com\/epodex_official\/\",\"https:\/\/www.pinterest.de\/epodex_com\/\",\"https:\/\/www.youtube.com\/channel\/UC7lFrJ9YpN1yg43sTc6q3ow\"]}]}<\/script>\n<!-- \/ Yoast SEO plugin. -->","yoast_head_json":{"title":"Glitter Flakes - EPODEX Industries | B2B Plattform","robots":{"index":"index","follow":"follow","max-snippet":"max-snippet:-1","max-image-preview":"max-image-preview:large","max-video-preview":"max-video-preview:-1"},"canonical":"https:\/\/old.epodex-industries.com\/fr\/produit\/glitter-flakes\/","og_locale":"fr_FR","og_type":"article","og_title":"Glitter Flakes - EPODEX Industries | B2B Plattform","og_description":"Les r\u00e9sines \u00e9poxy EPODEX sont id\u00e9ales pour diverses applications. Le kit comprend de la r\u00e9sine (composant A) et du durcisseur (composant B). Selon votre choix de couleur, vous recevrez \u00e9galement des pigments paillet\u00e9s suppl\u00e9mentaires pour teinter la r\u00e9sine \u00e9poxy. Choisissez maintenant entre six syst\u00e8mes de r\u00e9sine \u00e9poxy. Pour d'autres types de r\u00e9sines \u00e9poxy, cliquez sur \u00ab autres syst\u00e8mes","og_url":"https:\/\/old.epodex-industries.com\/fr\/produit\/glitter-flakes\/","og_site_name":"EPODEX Industries | B2B Plattform","article_publisher":"https:\/\/www.facebook.com\/Epodex\/","article_modified_time":"2024-07-24T10:15:39+00:00","og_image":[{"width":1200,"height":800,"url":"https:\/\/old.epodex-industries.com\/wp-content\/uploads\/2023\/06\/glitter-epoxy-flakes-set.jpg","type":"image\/jpeg"}],"twitter_card":"summary_large_image","twitter_misc":{"Dur\u00e9e de lecture estim\u00e9e":"5 minutes"},"schema":{"@context":"https:\/\/schema.org","@graph":[{"@type":"WebPage","@id":"https:\/\/old.epodex-industries.com\/fr\/produit\/glitter-flakes\/","url":"https:\/\/old.epodex-industries.com\/fr\/produit\/glitter-flakes\/","name":"Glitter Flakes - EPODEX Industries | B2B Plattform","isPartOf":{"@id":"https:\/\/old.epodex-industries.com\/fr\/#website"},"primaryImageOfPage":{"@id":"https:\/\/old.epodex-industries.com\/fr\/produit\/glitter-flakes\/#primaryimage"},"image":{"@id":"https:\/\/old.epodex-industries.com\/fr\/produit\/glitter-flakes\/#primaryimage"},"thumbnailUrl":"https:\/\/old.epodex-industries.com\/wp-content\/uploads\/2023\/06\/glitter-epoxy-flakes-set.jpg","datePublished":"2024-04-12T12:46:45+00:00","dateModified":"2024-07-24T10:15:39+00:00","breadcrumb":{"@id":"https:\/\/old.epodex-industries.com\/fr\/produit\/glitter-flakes\/#breadcrumb"},"inLanguage":"fr-FR","potentialAction":[{"@type":"ReadAction","target":["https:\/\/old.epodex-industries.com\/fr\/produit\/glitter-flakes\/"]}]},{"@type":"ImageObject","inLanguage":"fr-FR","@id":"https:\/\/old.epodex-industries.com\/fr\/produit\/glitter-flakes\/#primaryimage","url":"https:\/\/old.epodex-industries.com\/wp-content\/uploads\/2023\/06\/glitter-epoxy-flakes-set.jpg","contentUrl":"https:\/\/old.epodex-industries.com\/wp-content\/uploads\/2023\/06\/glitter-epoxy-flakes-set.jpg","width":1200,"height":800},{"@type":"BreadcrumbList","@id":"https:\/\/old.epodex-industries.com\/fr\/produit\/glitter-flakes\/#breadcrumb","itemListElement":[{"@type":"ListItem","position":1,"name":"Startseite","item":"https:\/\/old.epodex-industries.com\/fr\/"},{"@type":"ListItem","position":2,"name":"Shop","item":"https:\/\/old.epodex-industries.com\/fr\/shop\/"},{"@type":"ListItem","position":3,"name":"Glitter Flakes"}]},{"@type":"WebSite","@id":"https:\/\/old.epodex-industries.com\/fr\/#website","url":"https:\/\/old.epodex-industries.com\/fr\/","name":"EPODEX Industries | B2B Plattform","description":"Hersteller + Gro\u00dfhandel f\u00fcr Baustoffe","publisher":{"@id":"https:\/\/old.epodex-industries.com\/fr\/#organization"},"alternateName":"EPODEX Industries | Hersteller + Gro\u00dfhandel f\u00fcr Baustoffe","potentialAction":[{"@type":"SearchAction","target":{"@type":"EntryPoint","urlTemplate":"https:\/\/old.epodex-industries.com\/fr\/?s={search_term_string}"},"query-input":{"@type":"PropertyValueSpecification","valueRequired":true,"valueName":"search_term_string"}}],"inLanguage":"fr-FR"},{"@type":"Organization","@id":"https:\/\/old.epodex-industries.com\/fr\/#organization","name":"EPODEX Industries","url":"https:\/\/old.epodex-industries.com\/fr\/","logo":{"@type":"ImageObject","inLanguage":"fr-FR","@id":"https:\/\/old.epodex-industries.com\/fr\/#\/schema\/logo\/image\/","url":"https:\/\/www.epodex-industries.com\/wp-content\/uploads\/2023\/06\/Logo-Epodex-Rechnung.jpg","contentUrl":"https:\/\/www.epodex-industries.com\/wp-content\/uploads\/2023\/06\/Logo-Epodex-Rechnung.jpg","width":261,"height":50,"caption":"EPODEX Industries"},"image":{"@id":"https:\/\/old.epodex-industries.com\/fr\/#\/schema\/logo\/image\/"},"sameAs":["https:\/\/www.facebook.com\/Epodex\/","https:\/\/www.instagram.com\/epodex_official\/","https:\/\/www.pinterest.de\/epodex_com\/","https:\/\/www.youtube.com\/channel\/UC7lFrJ9YpN1yg43sTc6q3ow"]}]}},"_links":{"self":[{"href":"https:\/\/old.epodex-industries.com\/fr\/wp-json\/wp\/v2\/product\/28951","targetHints":{"allow":["GET"]}}],"collection":[{"href":"https:\/\/old.epodex-industries.com\/fr\/wp-json\/wp\/v2\/product"}],"about":[{"href":"https:\/\/old.epodex-industries.com\/fr\/wp-json\/wp\/v2\/types\/product"}],"replies":[{"embeddable":true,"href":"https:\/\/old.epodex-industries.com\/fr\/wp-json\/wp\/v2\/comments?post=28951"}],"wp:featuredmedia":[{"embeddable":true,"href":"https:\/\/old.epodex-industries.com\/fr\/wp-json\/wp\/v2\/media\/16272"}],"wp:attachment":[{"href":"https:\/\/old.epodex-industries.com\/fr\/wp-json\/wp\/v2\/media?parent=28951"}],"wp:term":[{"taxonomy":"product_brand","embeddable":true,"href":"https:\/\/old.epodex-industries.com\/fr\/wp-json\/wp\/v2\/product_brand?post=28951"},{"taxonomy":"product_cat","embeddable":true,"href":"https:\/\/old.epodex-industries.com\/fr\/wp-json\/wp\/v2\/product_cat?post=28951"},{"taxonomy":"product_tag","embeddable":true,"href":"https:\/\/old.epodex-industries.com\/fr\/wp-json\/wp\/v2\/product_tag?post=28951"}],"curies":[{"name":"wp","href":"https:\/\/api.w.org\/{rel}","templated":true}]}}