{"id":28950,"date":"2024-04-12T14:46:45","date_gmt":"2024-04-12T12:46:45","guid":{"rendered":"https:\/\/www.epodex-industries.com\/produkt\/pigment-de-couleur-glow-in-the-dark\/"},"modified":"2024-07-24T12:15:27","modified_gmt":"2024-07-24T10:15:27","slug":"pigment-de-couleur-glow-in-the-dark","status":"publish","type":"product","link":"https:\/\/old.epodex-industries.com\/fr\/produit\/pigment-de-couleur-glow-in-the-dark\/","title":{"rendered":"Pigment de couleur &#8211; Glow in the Dark"},"content":{"rendered":"<h2>Ensemble d&rsquo;\u00e9chantillons de Pigments Luminescents &#8211; 4 Couleurs<\/h2>\n<p>Vous ne pouvez pas choisir une couleur luminescente sp\u00e9cifique ? Alors commandez simplement notre ensemble d&rsquo;\u00e9chantillons pratique contenant 4 de nos pigments luminescents. Le kit comprend les 4 pigments suivants :<\/p>\n<p style=\"margin: 0cm; margin-bottom: .0001pt;\">-TURQUOISE &#8211; GLOW IN THE DARK &#8211; pigments<\/p>\n<p style=\"margin: 0cm; margin-bottom: .0001pt;\">-BLUE &#8211; GLOW IN THE DARK &#8211; pigments<\/p>\n<p style=\"margin: 0cm; margin-bottom: .0001pt;\">-GREEN &#8211; GLOW IN THE DARK &#8211; pigments<\/p>\n<p style=\"margin: 0cm; margin-bottom: .0001pt;\">-PURPLE &#8211; GLOW IN THE DARK &#8211; pigments<\/p>\n<h3>Application<\/h3>\n<p>M\u00e9langez les pigments avec la r\u00e9sine (composant A) ou avec le m\u00e9lange de r\u00e9sine et de durcisseur. Recommandation pour une couverture compl\u00e8te : environ 1,5 % de pigments par rapport au poids total (par exemple, 15g de pigments pour 1kg de r\u00e9sine et de durcisseur). Ajustez l&rsquo;intensit\u00e9 de la couleur en ajoutant plus ou moins de pigments selon vos pr\u00e9f\u00e9rences.<\/p>\n<hr \/>\n<p><strong>Remarque :<\/strong> Veuillez noter que les couleurs pourraient ne pas \u00eatre uniformes en raison de diff\u00e9rentes conditions d&rsquo;\u00e9clairage et de moniteurs.<\/p>\n<p>\n    <strong>Service Client :<\/strong> Pour toute question suppl\u00e9mentaire, contactez-nous par t\u00e9l\u00e9phone, par e-mail ou utilisez notre support WhatsApp.<\/p>\n","protected":false},"excerpt":{"rendered":"<p>Les pigments phosphorescents EPODEX sont id\u00e9aux pour teinter et embellir les r\u00e9sines synth\u00e9tiques et naturelles, les vernis ainsi que pour la peinture en poudre. Vous trouverez des instructions d&rsquo;utilisation sur cette page produit.<\/p>\n","protected":false},"featured_media":16274,"comment_status":"open","ping_status":"closed","template":"","meta":[],"product_brand":[],"product_cat":[4523],"product_tag":[],"class_list":{"0":"post-28950","1":"product","2":"type-product","3":"status-publish","4":"has-post-thumbnail","6":"product_cat-colorants-pour-resines-colorants-et-adjuvants","8":"first","9":"instock","10":"taxable","11":"shipping-taxable","12":"product-type-variable","13":"wvs-archive-product-wrapper"},"yoast_head":"<!-- This site is optimized with the Yoast SEO plugin v26.7 - https:\/\/yoast.com\/wordpress\/plugins\/seo\/ -->\n<title>Pigment de couleur - Glow in the Dark - EPODEX Industries | B2B Plattform<\/title>\n<meta name=\"robots\" content=\"index, follow, max-snippet:-1, max-image-preview:large, max-video-preview:-1\" \/>\n<link rel=\"canonical\" href=\"https:\/\/old.epodex-industries.com\/fr\/produkt\/pigment-de-couleur-glow-in-the-dark\/\" \/>\n<meta property=\"og:locale\" content=\"fr_FR\" \/>\n<meta property=\"og:type\" content=\"article\" \/>\n<meta property=\"og:title\" content=\"Pigment de couleur - Glow in the Dark - EPODEX Industries | B2B Plattform\" \/>\n<meta property=\"og:description\" content=\"Les pigments phosphorescents EPODEX sont id\u00e9aux pour teinter et embellir les r\u00e9sines synth\u00e9tiques et naturelles, les vernis ainsi que pour la peinture en poudre. Vous trouverez des instructions d&#039;utilisation sur cette page produit.\" \/>\n<meta property=\"og:url\" content=\"https:\/\/old.epodex-industries.com\/fr\/produkt\/pigment-de-couleur-glow-in-the-dark\/\" \/>\n<meta property=\"og:site_name\" content=\"EPODEX Industries | B2B Plattform\" \/>\n<meta property=\"article:publisher\" content=\"https:\/\/www.facebook.com\/Epodex\/\" \/>\n<meta property=\"article:modified_time\" content=\"2024-07-24T10:15:27+00:00\" \/>\n<meta property=\"og:image\" content=\"https:\/\/old.epodex-industries.com\/wp-content\/uploads\/2023\/06\/powder-epoxy-glow-dark-set-1.jpg\" \/>\n\t<meta property=\"og:image:width\" content=\"1200\" \/>\n\t<meta property=\"og:image:height\" content=\"800\" \/>\n\t<meta property=\"og:image:type\" content=\"image\/jpeg\" \/>\n<meta name=\"twitter:card\" content=\"summary_large_image\" \/>\n<meta name=\"twitter:label1\" content=\"Dur\u00e9e de lecture estim\u00e9e\" \/>\n\t<meta name=\"twitter:data1\" content=\"1 minute\" \/>\n<script type=\"application\/ld+json\" class=\"yoast-schema-graph\">{\"@context\":\"https:\/\/schema.org\",\"@graph\":[{\"@type\":\"WebPage\",\"@id\":\"https:\/\/old.epodex-industries.com\/fr\/produkt\/pigment-de-couleur-glow-in-the-dark\/\",\"url\":\"https:\/\/old.epodex-industries.com\/fr\/produkt\/pigment-de-couleur-glow-in-the-dark\/\",\"name\":\"Pigment de couleur - Glow in the Dark - EPODEX Industries | B2B Plattform\",\"isPartOf\":{\"@id\":\"https:\/\/old.epodex-industries.com\/fr\/#website\"},\"primaryImageOfPage\":{\"@id\":\"https:\/\/old.epodex-industries.com\/fr\/produkt\/pigment-de-couleur-glow-in-the-dark\/#primaryimage\"},\"image\":{\"@id\":\"https:\/\/old.epodex-industries.com\/fr\/produkt\/pigment-de-couleur-glow-in-the-dark\/#primaryimage\"},\"thumbnailUrl\":\"https:\/\/old.epodex-industries.com\/wp-content\/uploads\/2023\/06\/powder-epoxy-glow-dark-set-1.jpg\",\"datePublished\":\"2024-04-12T12:46:45+00:00\",\"dateModified\":\"2024-07-24T10:15:27+00:00\",\"breadcrumb\":{\"@id\":\"https:\/\/old.epodex-industries.com\/fr\/produkt\/pigment-de-couleur-glow-in-the-dark\/#breadcrumb\"},\"inLanguage\":\"fr-FR\",\"potentialAction\":[{\"@type\":\"ReadAction\",\"target\":[\"https:\/\/old.epodex-industries.com\/fr\/produkt\/pigment-de-couleur-glow-in-the-dark\/\"]}]},{\"@type\":\"ImageObject\",\"inLanguage\":\"fr-FR\",\"@id\":\"https:\/\/old.epodex-industries.com\/fr\/produkt\/pigment-de-couleur-glow-in-the-dark\/#primaryimage\",\"url\":\"https:\/\/old.epodex-industries.com\/wp-content\/uploads\/2023\/06\/powder-epoxy-glow-dark-set-1.jpg\",\"contentUrl\":\"https:\/\/old.epodex-industries.com\/wp-content\/uploads\/2023\/06\/powder-epoxy-glow-dark-set-1.jpg\",\"width\":1200,\"height\":800},{\"@type\":\"BreadcrumbList\",\"@id\":\"https:\/\/old.epodex-industries.com\/fr\/produkt\/pigment-de-couleur-glow-in-the-dark\/#breadcrumb\",\"itemListElement\":[{\"@type\":\"ListItem\",\"position\":1,\"name\":\"Startseite\",\"item\":\"https:\/\/old.epodex-industries.com\/fr\/\"},{\"@type\":\"ListItem\",\"position\":2,\"name\":\"Shop\",\"item\":\"https:\/\/old.epodex-industries.com\/fr\/shop\/\"},{\"@type\":\"ListItem\",\"position\":3,\"name\":\"Pigment de couleur &#8211; Glow in the Dark\"}]},{\"@type\":\"WebSite\",\"@id\":\"https:\/\/old.epodex-industries.com\/fr\/#website\",\"url\":\"https:\/\/old.epodex-industries.com\/fr\/\",\"name\":\"EPODEX Industries | B2B Plattform\",\"description\":\"Hersteller + Gro\u00dfhandel f\u00fcr Baustoffe\",\"publisher\":{\"@id\":\"https:\/\/old.epodex-industries.com\/fr\/#organization\"},\"alternateName\":\"EPODEX Industries | Hersteller + Gro\u00dfhandel f\u00fcr Baustoffe\",\"potentialAction\":[{\"@type\":\"SearchAction\",\"target\":{\"@type\":\"EntryPoint\",\"urlTemplate\":\"https:\/\/old.epodex-industries.com\/fr\/?s={search_term_string}\"},\"query-input\":{\"@type\":\"PropertyValueSpecification\",\"valueRequired\":true,\"valueName\":\"search_term_string\"}}],\"inLanguage\":\"fr-FR\"},{\"@type\":\"Organization\",\"@id\":\"https:\/\/old.epodex-industries.com\/fr\/#organization\",\"name\":\"EPODEX Industries\",\"url\":\"https:\/\/old.epodex-industries.com\/fr\/\",\"logo\":{\"@type\":\"ImageObject\",\"inLanguage\":\"fr-FR\",\"@id\":\"https:\/\/old.epodex-industries.com\/fr\/#\/schema\/logo\/image\/\",\"url\":\"https:\/\/www.epodex-industries.com\/wp-content\/uploads\/2023\/06\/Logo-Epodex-Rechnung.jpg\",\"contentUrl\":\"https:\/\/www.epodex-industries.com\/wp-content\/uploads\/2023\/06\/Logo-Epodex-Rechnung.jpg\",\"width\":261,\"height\":50,\"caption\":\"EPODEX Industries\"},\"image\":{\"@id\":\"https:\/\/old.epodex-industries.com\/fr\/#\/schema\/logo\/image\/\"},\"sameAs\":[\"https:\/\/www.facebook.com\/Epodex\/\",\"https:\/\/www.instagram.com\/epodex_official\/\",\"https:\/\/www.pinterest.de\/epodex_com\/\",\"https:\/\/www.youtube.com\/channel\/UC7lFrJ9YpN1yg43sTc6q3ow\"]}]}<\/script>\n<!-- \/ Yoast SEO plugin. -->","yoast_head_json":{"title":"Pigment de couleur - Glow in the Dark - EPODEX Industries | B2B Plattform","robots":{"index":"index","follow":"follow","max-snippet":"max-snippet:-1","max-image-preview":"max-image-preview:large","max-video-preview":"max-video-preview:-1"},"canonical":"https:\/\/old.epodex-industries.com\/fr\/produkt\/pigment-de-couleur-glow-in-the-dark\/","og_locale":"fr_FR","og_type":"article","og_title":"Pigment de couleur - Glow in the Dark - EPODEX Industries | B2B Plattform","og_description":"Les pigments phosphorescents EPODEX sont id\u00e9aux pour teinter et embellir les r\u00e9sines synth\u00e9tiques et naturelles, les vernis ainsi que pour la peinture en poudre. Vous trouverez des instructions d'utilisation sur cette page produit.","og_url":"https:\/\/old.epodex-industries.com\/fr\/produkt\/pigment-de-couleur-glow-in-the-dark\/","og_site_name":"EPODEX Industries | B2B Plattform","article_publisher":"https:\/\/www.facebook.com\/Epodex\/","article_modified_time":"2024-07-24T10:15:27+00:00","og_image":[{"width":1200,"height":800,"url":"https:\/\/old.epodex-industries.com\/wp-content\/uploads\/2023\/06\/powder-epoxy-glow-dark-set-1.jpg","type":"image\/jpeg"}],"twitter_card":"summary_large_image","twitter_misc":{"Dur\u00e9e de lecture estim\u00e9e":"1 minute"},"schema":{"@context":"https:\/\/schema.org","@graph":[{"@type":"WebPage","@id":"https:\/\/old.epodex-industries.com\/fr\/produkt\/pigment-de-couleur-glow-in-the-dark\/","url":"https:\/\/old.epodex-industries.com\/fr\/produkt\/pigment-de-couleur-glow-in-the-dark\/","name":"Pigment de couleur - Glow in the Dark - EPODEX Industries | B2B Plattform","isPartOf":{"@id":"https:\/\/old.epodex-industries.com\/fr\/#website"},"primaryImageOfPage":{"@id":"https:\/\/old.epodex-industries.com\/fr\/produkt\/pigment-de-couleur-glow-in-the-dark\/#primaryimage"},"image":{"@id":"https:\/\/old.epodex-industries.com\/fr\/produkt\/pigment-de-couleur-glow-in-the-dark\/#primaryimage"},"thumbnailUrl":"https:\/\/old.epodex-industries.com\/wp-content\/uploads\/2023\/06\/powder-epoxy-glow-dark-set-1.jpg","datePublished":"2024-04-12T12:46:45+00:00","dateModified":"2024-07-24T10:15:27+00:00","breadcrumb":{"@id":"https:\/\/old.epodex-industries.com\/fr\/produkt\/pigment-de-couleur-glow-in-the-dark\/#breadcrumb"},"inLanguage":"fr-FR","potentialAction":[{"@type":"ReadAction","target":["https:\/\/old.epodex-industries.com\/fr\/produkt\/pigment-de-couleur-glow-in-the-dark\/"]}]},{"@type":"ImageObject","inLanguage":"fr-FR","@id":"https:\/\/old.epodex-industries.com\/fr\/produkt\/pigment-de-couleur-glow-in-the-dark\/#primaryimage","url":"https:\/\/old.epodex-industries.com\/wp-content\/uploads\/2023\/06\/powder-epoxy-glow-dark-set-1.jpg","contentUrl":"https:\/\/old.epodex-industries.com\/wp-content\/uploads\/2023\/06\/powder-epoxy-glow-dark-set-1.jpg","width":1200,"height":800},{"@type":"BreadcrumbList","@id":"https:\/\/old.epodex-industries.com\/fr\/produkt\/pigment-de-couleur-glow-in-the-dark\/#breadcrumb","itemListElement":[{"@type":"ListItem","position":1,"name":"Startseite","item":"https:\/\/old.epodex-industries.com\/fr\/"},{"@type":"ListItem","position":2,"name":"Shop","item":"https:\/\/old.epodex-industries.com\/fr\/shop\/"},{"@type":"ListItem","position":3,"name":"Pigment de couleur &#8211; Glow in the Dark"}]},{"@type":"WebSite","@id":"https:\/\/old.epodex-industries.com\/fr\/#website","url":"https:\/\/old.epodex-industries.com\/fr\/","name":"EPODEX Industries | B2B Plattform","description":"Hersteller + Gro\u00dfhandel f\u00fcr Baustoffe","publisher":{"@id":"https:\/\/old.epodex-industries.com\/fr\/#organization"},"alternateName":"EPODEX Industries | Hersteller + Gro\u00dfhandel f\u00fcr Baustoffe","potentialAction":[{"@type":"SearchAction","target":{"@type":"EntryPoint","urlTemplate":"https:\/\/old.epodex-industries.com\/fr\/?s={search_term_string}"},"query-input":{"@type":"PropertyValueSpecification","valueRequired":true,"valueName":"search_term_string"}}],"inLanguage":"fr-FR"},{"@type":"Organization","@id":"https:\/\/old.epodex-industries.com\/fr\/#organization","name":"EPODEX Industries","url":"https:\/\/old.epodex-industries.com\/fr\/","logo":{"@type":"ImageObject","inLanguage":"fr-FR","@id":"https:\/\/old.epodex-industries.com\/fr\/#\/schema\/logo\/image\/","url":"https:\/\/www.epodex-industries.com\/wp-content\/uploads\/2023\/06\/Logo-Epodex-Rechnung.jpg","contentUrl":"https:\/\/www.epodex-industries.com\/wp-content\/uploads\/2023\/06\/Logo-Epodex-Rechnung.jpg","width":261,"height":50,"caption":"EPODEX Industries"},"image":{"@id":"https:\/\/old.epodex-industries.com\/fr\/#\/schema\/logo\/image\/"},"sameAs":["https:\/\/www.facebook.com\/Epodex\/","https:\/\/www.instagram.com\/epodex_official\/","https:\/\/www.pinterest.de\/epodex_com\/","https:\/\/www.youtube.com\/channel\/UC7lFrJ9YpN1yg43sTc6q3ow"]}]}},"_links":{"self":[{"href":"https:\/\/old.epodex-industries.com\/fr\/wp-json\/wp\/v2\/product\/28950","targetHints":{"allow":["GET"]}}],"collection":[{"href":"https:\/\/old.epodex-industries.com\/fr\/wp-json\/wp\/v2\/product"}],"about":[{"href":"https:\/\/old.epodex-industries.com\/fr\/wp-json\/wp\/v2\/types\/product"}],"replies":[{"embeddable":true,"href":"https:\/\/old.epodex-industries.com\/fr\/wp-json\/wp\/v2\/comments?post=28950"}],"wp:featuredmedia":[{"embeddable":true,"href":"https:\/\/old.epodex-industries.com\/fr\/wp-json\/wp\/v2\/media\/16274"}],"wp:attachment":[{"href":"https:\/\/old.epodex-industries.com\/fr\/wp-json\/wp\/v2\/media?parent=28950"}],"wp:term":[{"taxonomy":"product_brand","embeddable":true,"href":"https:\/\/old.epodex-industries.com\/fr\/wp-json\/wp\/v2\/product_brand?post=28950"},{"taxonomy":"product_cat","embeddable":true,"href":"https:\/\/old.epodex-industries.com\/fr\/wp-json\/wp\/v2\/product_cat?post=28950"},{"taxonomy":"product_tag","embeddable":true,"href":"https:\/\/old.epodex-industries.com\/fr\/wp-json\/wp\/v2\/product_tag?post=28950"}],"curies":[{"name":"wp","href":"https:\/\/api.w.org\/{rel}","templated":true}]}}