{"id":28949,"date":"2024-04-12T14:46:45","date_gmt":"2024-04-12T12:46:45","guid":{"rendered":"https:\/\/www.epodex-industries.com\/produkt\/pates-pigmentaires-pour-resine-epoxy\/"},"modified":"2024-07-24T12:15:51","modified_gmt":"2024-07-24T10:15:51","slug":"pates-pigmentaires-pour-resine-epoxy","status":"publish","type":"product","link":"https:\/\/old.epodex-industries.com\/fr\/produit\/pates-pigmentaires-pour-resine-epoxy\/","title":{"rendered":"P\u00e2tes pigmentaires pour r\u00e9sine \u00e9poxy"},"content":{"rendered":"","protected":false},"excerpt":{"rendered":"<p>Les p\u00e2tes colorantes EPODEX EP sont id\u00e9ales pour colorer les r\u00e9sines synth\u00e9tiques telles que les r\u00e9sines \u00e9poxy et polyur\u00e9thane. Nos p\u00e2tes colorantes concentr\u00e9es sont disponibles en pots de 100g. Vous pouvez ainsi colorer la r\u00e9sine vous-m\u00eame.<\/p>\n<p>Application avec le syst\u00e8me de r\u00e9sine \u00e9poxy ECO, ECO+, ECO MAX, PRO, PRO+ ou PRO MAX : Ajoutez 1 % de p\u00e2te colorante au m\u00e9lange de r\u00e9sine et de durcisseur indiqu\u00e9. 100g de p\u00e2te colorante sont suffisants pour 10kg de r\u00e9sine et de durcisseur.<\/p>\n","protected":false},"featured_media":16261,"comment_status":"open","ping_status":"closed","template":"","meta":[],"product_brand":[],"product_cat":[4523],"product_tag":[],"class_list":{"0":"post-28949","1":"product","2":"type-product","3":"status-publish","4":"has-post-thumbnail","6":"product_cat-colorants-pour-resines-colorants-et-adjuvants","7":"pa_farbe-ep-farbpasten-ral-1003-signalgelb","8":"pa_farbe-ep-farbpasten-ral-1011-braunbeige","9":"pa_farbe-ep-farbpasten-ral-1014-elfenbein","10":"pa_farbe-ep-farbpasten-ral-1024-ockergelb","11":"pa_farbe-ep-farbpasten-ral-3000-feuerrot","12":"pa_farbe-ep-farbpasten-ral-3004-purpurrot","13":"pa_farbe-ep-farbpasten-ral-3017-rose","14":"pa_farbe-ep-farbpasten-ral-3020-verkehrsrot","15":"pa_farbe-ep-farbpasten-ral-4006-verkehrspurpur","16":"pa_farbe-ep-farbpasten-ral-4010-telemagenta","17":"pa_farbe-ep-farbpasten-ral-5002-ultramarinblau","18":"pa_farbe-ep-farbpasten-ral-5009-azurblau","19":"pa_farbe-ep-farbpasten-ral-5012-lichtblau","20":"pa_farbe-ep-farbpasten-ral-5018-tuerkisblau","21":"pa_farbe-ep-farbpasten-ral-5024-pastellblau","22":"pa_farbe-ep-farbpasten-ral-6005-moosgruen","23":"pa_farbe-ep-farbpasten-ral-6010-grasgruen","24":"pa_farbe-ep-farbpasten-ral-6018-gelbgruen","25":"pa_farbe-ep-farbpasten-ral-6034-pastelltuerkis","26":"pa_farbe-ep-farbpasten-ral-6037-reingruen","27":"pa_farbe-ep-farbpasten-ral-7001-silbergrau","28":"pa_farbe-ep-farbpasten-ral-7002-olivgrau","29":"pa_farbe-ep-farbpasten-ral-7011-eisengrau","30":"pa_farbe-ep-farbpasten-ral-7016-anthrazitgrau","31":"pa_farbe-ep-farbpasten-ral-7023-betongrau","32":"pa_farbe-ep-farbpasten-ral-7032-kieselgrau","33":"pa_farbe-ep-farbpasten-ral-7035-lichtgrau","34":"pa_farbe-ep-farbpasten-ral-7036-platingrau","35":"pa_farbe-ep-farbpasten-ral-8001-ockerbraun","36":"pa_farbe-ep-farbpasten-ral-8028-terrabraun","37":"pa_farbe-ep-farbpasten-ral-9003-signalweiss","38":"pa_farbe-ep-farbpasten-ral-9005-tiefschwarz","40":"first","41":"instock","42":"taxable","43":"shipping-taxable","44":"product-type-variable","45":"wvs-archive-product-wrapper"},"yoast_head":"<!-- This site is optimized with the Yoast SEO plugin v26.7 - https:\/\/yoast.com\/wordpress\/plugins\/seo\/ -->\n<title>P\u00e2tes pigmentaires pour r\u00e9sine \u00e9poxy - EPODEX Industries | B2B Plattform<\/title>\n<meta name=\"robots\" content=\"index, follow, max-snippet:-1, max-image-preview:large, max-video-preview:-1\" \/>\n<link rel=\"canonical\" href=\"https:\/\/old.epodex-industries.com\/fr\/produkt\/pates-pigmentaires-pour-resine-epoxy\/\" \/>\n<meta property=\"og:locale\" content=\"fr_FR\" \/>\n<meta property=\"og:type\" content=\"article\" \/>\n<meta property=\"og:title\" content=\"P\u00e2tes pigmentaires pour r\u00e9sine \u00e9poxy - EPODEX Industries | B2B Plattform\" \/>\n<meta property=\"og:description\" content=\"Les p\u00e2tes colorantes EPODEX EP sont id\u00e9ales pour colorer les r\u00e9sines synth\u00e9tiques telles que les r\u00e9sines \u00e9poxy et polyur\u00e9thane. Nos p\u00e2tes colorantes concentr\u00e9es sont disponibles en pots de 100g. Vous pouvez ainsi colorer la r\u00e9sine vous-m\u00eame. Application avec le syst\u00e8me de r\u00e9sine \u00e9poxy ECO, ECO+, ECO MAX, PRO, PRO+ ou PRO MAX : Ajoutez 1 % de p\u00e2te colorante au m\u00e9lange de r\u00e9sine et de durcisseur indiqu\u00e9. 100g de p\u00e2te colorante sont suffisants pour 10kg de r\u00e9sine et de durcisseur.\" \/>\n<meta property=\"og:url\" content=\"https:\/\/old.epodex-industries.com\/fr\/produkt\/pates-pigmentaires-pour-resine-epoxy\/\" \/>\n<meta property=\"og:site_name\" content=\"EPODEX Industries | B2B Plattform\" \/>\n<meta property=\"article:publisher\" content=\"https:\/\/www.facebook.com\/Epodex\/\" \/>\n<meta property=\"article:modified_time\" content=\"2024-07-24T10:15:51+00:00\" \/>\n<meta property=\"og:image\" content=\"https:\/\/old.epodex-industries.com\/wp-content\/uploads\/2023\/06\/epoxy-farbpaste-kaufen.jpg\" \/>\n\t<meta property=\"og:image:width\" content=\"1200\" \/>\n\t<meta property=\"og:image:height\" content=\"800\" \/>\n\t<meta property=\"og:image:type\" content=\"image\/jpeg\" \/>\n<meta name=\"twitter:card\" content=\"summary_large_image\" \/>\n<script type=\"application\/ld+json\" class=\"yoast-schema-graph\">{\"@context\":\"https:\/\/schema.org\",\"@graph\":[{\"@type\":\"WebPage\",\"@id\":\"https:\/\/old.epodex-industries.com\/fr\/produkt\/pates-pigmentaires-pour-resine-epoxy\/\",\"url\":\"https:\/\/old.epodex-industries.com\/fr\/produkt\/pates-pigmentaires-pour-resine-epoxy\/\",\"name\":\"P\u00e2tes pigmentaires pour r\u00e9sine \u00e9poxy - EPODEX Industries | B2B Plattform\",\"isPartOf\":{\"@id\":\"https:\/\/old.epodex-industries.com\/fr\/#website\"},\"primaryImageOfPage\":{\"@id\":\"https:\/\/old.epodex-industries.com\/fr\/produkt\/pates-pigmentaires-pour-resine-epoxy\/#primaryimage\"},\"image\":{\"@id\":\"https:\/\/old.epodex-industries.com\/fr\/produkt\/pates-pigmentaires-pour-resine-epoxy\/#primaryimage\"},\"thumbnailUrl\":\"https:\/\/old.epodex-industries.com\/wp-content\/uploads\/2023\/06\/epoxy-farbpaste-kaufen.jpg\",\"datePublished\":\"2024-04-12T12:46:45+00:00\",\"dateModified\":\"2024-07-24T10:15:51+00:00\",\"breadcrumb\":{\"@id\":\"https:\/\/old.epodex-industries.com\/fr\/produkt\/pates-pigmentaires-pour-resine-epoxy\/#breadcrumb\"},\"inLanguage\":\"fr-FR\",\"potentialAction\":[{\"@type\":\"ReadAction\",\"target\":[\"https:\/\/old.epodex-industries.com\/fr\/produkt\/pates-pigmentaires-pour-resine-epoxy\/\"]}]},{\"@type\":\"ImageObject\",\"inLanguage\":\"fr-FR\",\"@id\":\"https:\/\/old.epodex-industries.com\/fr\/produkt\/pates-pigmentaires-pour-resine-epoxy\/#primaryimage\",\"url\":\"https:\/\/old.epodex-industries.com\/wp-content\/uploads\/2023\/06\/epoxy-farbpaste-kaufen.jpg\",\"contentUrl\":\"https:\/\/old.epodex-industries.com\/wp-content\/uploads\/2023\/06\/epoxy-farbpaste-kaufen.jpg\",\"width\":1200,\"height\":800},{\"@type\":\"BreadcrumbList\",\"@id\":\"https:\/\/old.epodex-industries.com\/fr\/produkt\/pates-pigmentaires-pour-resine-epoxy\/#breadcrumb\",\"itemListElement\":[{\"@type\":\"ListItem\",\"position\":1,\"name\":\"Startseite\",\"item\":\"https:\/\/old.epodex-industries.com\/fr\/\"},{\"@type\":\"ListItem\",\"position\":2,\"name\":\"Shop\",\"item\":\"https:\/\/old.epodex-industries.com\/fr\/shop\/\"},{\"@type\":\"ListItem\",\"position\":3,\"name\":\"P\u00e2tes pigmentaires pour r\u00e9sine \u00e9poxy\"}]},{\"@type\":\"WebSite\",\"@id\":\"https:\/\/old.epodex-industries.com\/fr\/#website\",\"url\":\"https:\/\/old.epodex-industries.com\/fr\/\",\"name\":\"EPODEX Industries | B2B Plattform\",\"description\":\"Hersteller + Gro\u00dfhandel f\u00fcr Baustoffe\",\"publisher\":{\"@id\":\"https:\/\/old.epodex-industries.com\/fr\/#organization\"},\"alternateName\":\"EPODEX Industries | Hersteller + Gro\u00dfhandel f\u00fcr Baustoffe\",\"potentialAction\":[{\"@type\":\"SearchAction\",\"target\":{\"@type\":\"EntryPoint\",\"urlTemplate\":\"https:\/\/old.epodex-industries.com\/fr\/?s={search_term_string}\"},\"query-input\":{\"@type\":\"PropertyValueSpecification\",\"valueRequired\":true,\"valueName\":\"search_term_string\"}}],\"inLanguage\":\"fr-FR\"},{\"@type\":\"Organization\",\"@id\":\"https:\/\/old.epodex-industries.com\/fr\/#organization\",\"name\":\"EPODEX Industries\",\"url\":\"https:\/\/old.epodex-industries.com\/fr\/\",\"logo\":{\"@type\":\"ImageObject\",\"inLanguage\":\"fr-FR\",\"@id\":\"https:\/\/old.epodex-industries.com\/fr\/#\/schema\/logo\/image\/\",\"url\":\"https:\/\/www.epodex-industries.com\/wp-content\/uploads\/2023\/06\/Logo-Epodex-Rechnung.jpg\",\"contentUrl\":\"https:\/\/www.epodex-industries.com\/wp-content\/uploads\/2023\/06\/Logo-Epodex-Rechnung.jpg\",\"width\":261,\"height\":50,\"caption\":\"EPODEX Industries\"},\"image\":{\"@id\":\"https:\/\/old.epodex-industries.com\/fr\/#\/schema\/logo\/image\/\"},\"sameAs\":[\"https:\/\/www.facebook.com\/Epodex\/\",\"https:\/\/www.instagram.com\/epodex_official\/\",\"https:\/\/www.pinterest.de\/epodex_com\/\",\"https:\/\/www.youtube.com\/channel\/UC7lFrJ9YpN1yg43sTc6q3ow\"]}]}<\/script>\n<!-- \/ Yoast SEO plugin. -->","yoast_head_json":{"title":"P\u00e2tes pigmentaires pour r\u00e9sine \u00e9poxy - EPODEX Industries | B2B Plattform","robots":{"index":"index","follow":"follow","max-snippet":"max-snippet:-1","max-image-preview":"max-image-preview:large","max-video-preview":"max-video-preview:-1"},"canonical":"https:\/\/old.epodex-industries.com\/fr\/produkt\/pates-pigmentaires-pour-resine-epoxy\/","og_locale":"fr_FR","og_type":"article","og_title":"P\u00e2tes pigmentaires pour r\u00e9sine \u00e9poxy - EPODEX Industries | B2B Plattform","og_description":"Les p\u00e2tes colorantes EPODEX EP sont id\u00e9ales pour colorer les r\u00e9sines synth\u00e9tiques telles que les r\u00e9sines \u00e9poxy et polyur\u00e9thane. Nos p\u00e2tes colorantes concentr\u00e9es sont disponibles en pots de 100g. Vous pouvez ainsi colorer la r\u00e9sine vous-m\u00eame. Application avec le syst\u00e8me de r\u00e9sine \u00e9poxy ECO, ECO+, ECO MAX, PRO, PRO+ ou PRO MAX : Ajoutez 1 % de p\u00e2te colorante au m\u00e9lange de r\u00e9sine et de durcisseur indiqu\u00e9. 100g de p\u00e2te colorante sont suffisants pour 10kg de r\u00e9sine et de durcisseur.","og_url":"https:\/\/old.epodex-industries.com\/fr\/produkt\/pates-pigmentaires-pour-resine-epoxy\/","og_site_name":"EPODEX Industries | B2B Plattform","article_publisher":"https:\/\/www.facebook.com\/Epodex\/","article_modified_time":"2024-07-24T10:15:51+00:00","og_image":[{"width":1200,"height":800,"url":"https:\/\/old.epodex-industries.com\/wp-content\/uploads\/2023\/06\/epoxy-farbpaste-kaufen.jpg","type":"image\/jpeg"}],"twitter_card":"summary_large_image","schema":{"@context":"https:\/\/schema.org","@graph":[{"@type":"WebPage","@id":"https:\/\/old.epodex-industries.com\/fr\/produkt\/pates-pigmentaires-pour-resine-epoxy\/","url":"https:\/\/old.epodex-industries.com\/fr\/produkt\/pates-pigmentaires-pour-resine-epoxy\/","name":"P\u00e2tes pigmentaires pour r\u00e9sine \u00e9poxy - EPODEX Industries | B2B Plattform","isPartOf":{"@id":"https:\/\/old.epodex-industries.com\/fr\/#website"},"primaryImageOfPage":{"@id":"https:\/\/old.epodex-industries.com\/fr\/produkt\/pates-pigmentaires-pour-resine-epoxy\/#primaryimage"},"image":{"@id":"https:\/\/old.epodex-industries.com\/fr\/produkt\/pates-pigmentaires-pour-resine-epoxy\/#primaryimage"},"thumbnailUrl":"https:\/\/old.epodex-industries.com\/wp-content\/uploads\/2023\/06\/epoxy-farbpaste-kaufen.jpg","datePublished":"2024-04-12T12:46:45+00:00","dateModified":"2024-07-24T10:15:51+00:00","breadcrumb":{"@id":"https:\/\/old.epodex-industries.com\/fr\/produkt\/pates-pigmentaires-pour-resine-epoxy\/#breadcrumb"},"inLanguage":"fr-FR","potentialAction":[{"@type":"ReadAction","target":["https:\/\/old.epodex-industries.com\/fr\/produkt\/pates-pigmentaires-pour-resine-epoxy\/"]}]},{"@type":"ImageObject","inLanguage":"fr-FR","@id":"https:\/\/old.epodex-industries.com\/fr\/produkt\/pates-pigmentaires-pour-resine-epoxy\/#primaryimage","url":"https:\/\/old.epodex-industries.com\/wp-content\/uploads\/2023\/06\/epoxy-farbpaste-kaufen.jpg","contentUrl":"https:\/\/old.epodex-industries.com\/wp-content\/uploads\/2023\/06\/epoxy-farbpaste-kaufen.jpg","width":1200,"height":800},{"@type":"BreadcrumbList","@id":"https:\/\/old.epodex-industries.com\/fr\/produkt\/pates-pigmentaires-pour-resine-epoxy\/#breadcrumb","itemListElement":[{"@type":"ListItem","position":1,"name":"Startseite","item":"https:\/\/old.epodex-industries.com\/fr\/"},{"@type":"ListItem","position":2,"name":"Shop","item":"https:\/\/old.epodex-industries.com\/fr\/shop\/"},{"@type":"ListItem","position":3,"name":"P\u00e2tes pigmentaires pour r\u00e9sine \u00e9poxy"}]},{"@type":"WebSite","@id":"https:\/\/old.epodex-industries.com\/fr\/#website","url":"https:\/\/old.epodex-industries.com\/fr\/","name":"EPODEX Industries | B2B Plattform","description":"Hersteller + Gro\u00dfhandel f\u00fcr Baustoffe","publisher":{"@id":"https:\/\/old.epodex-industries.com\/fr\/#organization"},"alternateName":"EPODEX Industries | Hersteller + Gro\u00dfhandel f\u00fcr Baustoffe","potentialAction":[{"@type":"SearchAction","target":{"@type":"EntryPoint","urlTemplate":"https:\/\/old.epodex-industries.com\/fr\/?s={search_term_string}"},"query-input":{"@type":"PropertyValueSpecification","valueRequired":true,"valueName":"search_term_string"}}],"inLanguage":"fr-FR"},{"@type":"Organization","@id":"https:\/\/old.epodex-industries.com\/fr\/#organization","name":"EPODEX Industries","url":"https:\/\/old.epodex-industries.com\/fr\/","logo":{"@type":"ImageObject","inLanguage":"fr-FR","@id":"https:\/\/old.epodex-industries.com\/fr\/#\/schema\/logo\/image\/","url":"https:\/\/www.epodex-industries.com\/wp-content\/uploads\/2023\/06\/Logo-Epodex-Rechnung.jpg","contentUrl":"https:\/\/www.epodex-industries.com\/wp-content\/uploads\/2023\/06\/Logo-Epodex-Rechnung.jpg","width":261,"height":50,"caption":"EPODEX Industries"},"image":{"@id":"https:\/\/old.epodex-industries.com\/fr\/#\/schema\/logo\/image\/"},"sameAs":["https:\/\/www.facebook.com\/Epodex\/","https:\/\/www.instagram.com\/epodex_official\/","https:\/\/www.pinterest.de\/epodex_com\/","https:\/\/www.youtube.com\/channel\/UC7lFrJ9YpN1yg43sTc6q3ow"]}]}},"_links":{"self":[{"href":"https:\/\/old.epodex-industries.com\/fr\/wp-json\/wp\/v2\/product\/28949","targetHints":{"allow":["GET"]}}],"collection":[{"href":"https:\/\/old.epodex-industries.com\/fr\/wp-json\/wp\/v2\/product"}],"about":[{"href":"https:\/\/old.epodex-industries.com\/fr\/wp-json\/wp\/v2\/types\/product"}],"replies":[{"embeddable":true,"href":"https:\/\/old.epodex-industries.com\/fr\/wp-json\/wp\/v2\/comments?post=28949"}],"wp:featuredmedia":[{"embeddable":true,"href":"https:\/\/old.epodex-industries.com\/fr\/wp-json\/wp\/v2\/media\/16261"}],"wp:attachment":[{"href":"https:\/\/old.epodex-industries.com\/fr\/wp-json\/wp\/v2\/media?parent=28949"}],"wp:term":[{"taxonomy":"product_brand","embeddable":true,"href":"https:\/\/old.epodex-industries.com\/fr\/wp-json\/wp\/v2\/product_brand?post=28949"},{"taxonomy":"product_cat","embeddable":true,"href":"https:\/\/old.epodex-industries.com\/fr\/wp-json\/wp\/v2\/product_cat?post=28949"},{"taxonomy":"product_tag","embeddable":true,"href":"https:\/\/old.epodex-industries.com\/fr\/wp-json\/wp\/v2\/product_tag?post=28949"}],"curies":[{"name":"wp","href":"https:\/\/api.w.org\/{rel}","templated":true}]}}