{"id":28948,"date":"2024-04-12T14:46:44","date_gmt":"2024-04-12T12:46:44","guid":{"rendered":"https:\/\/www.epodex-industries.com\/produkt\/encres-a-alcool-alcohol-inks\/"},"modified":"2024-07-24T12:15:43","modified_gmt":"2024-07-24T10:15:43","slug":"encres-a-alcool-alcohol-inks","status":"publish","type":"product","link":"https:\/\/old.epodex-industries.com\/fr\/produit\/encres-a-alcool-alcohol-inks\/","title":{"rendered":"Encres \u00e0 alcool Alcohol Inks"},"content":{"rendered":"","protected":false},"excerpt":{"rendered":"<p>Les encres alcoolis\u00e9es EPODEX sont des encres alcoolis\u00e9es hautement concentr\u00e9es pour cr\u00e9er des effets de couleur. Selon votre choix, vous recevrez une ou plusieurs bouteilles de 10 g dans votre commande.<br \/>\nPour obtenir l&rsquo;effet typique des encres alcoolis\u00e9es, vous pouvez commander en option un colorant blanc. Plus vous ajoutez de colorant blanc, plus l&rsquo;effet est prononc\u00e9. Vous trouverez des instructions d&rsquo;utilisation sur cette page produit.<\/p>\n","protected":false},"featured_media":16280,"comment_status":"open","ping_status":"closed","template":"","meta":[],"product_brand":[],"product_cat":[4523],"product_tag":[],"class_list":{"0":"post-28948","1":"product","2":"type-product","3":"status-publish","4":"has-post-thumbnail","6":"product_cat-colorants-pour-resines-colorants-et-adjuvants","7":"pa_farbe-alcohol-inks-amethyst-purple","8":"pa_farbe-alcohol-inks-canelian-orange","9":"pa_farbe-alcohol-inks-cobalt-turquoise","10":"pa_farbe-alcohol-inks-emerald-turquoise","11":"pa_farbe-alcohol-inks-indigo-violet","12":"pa_farbe-alcohol-inks-malachit-green","13":"pa_farbe-alcohol-inks-obsidian-black","14":"pa_farbe-alcohol-inks-peridot-green","15":"pa_farbe-alcohol-inks-rose-pink","16":"pa_farbe-alcohol-inks-royal-blue","17":"pa_farbe-alcohol-inks-selenit-white","18":"pa_farbe-alcohol-inks-siam-red","19":"pa_farbe-alcohol-inks-topaz-yellow","20":"pa_farbe-alcohol-inks-zircon-blue","22":"first","23":"instock","24":"taxable","25":"shipping-taxable","26":"product-type-variable","27":"wvs-archive-product-wrapper"},"yoast_head":"<!-- This site is optimized with the Yoast SEO plugin v26.7 - https:\/\/yoast.com\/wordpress\/plugins\/seo\/ -->\n<title>Encres \u00e0 alcool Alcohol Inks - EPODEX Industries | B2B Plattform<\/title>\n<meta name=\"robots\" content=\"index, follow, max-snippet:-1, max-image-preview:large, max-video-preview:-1\" \/>\n<link rel=\"canonical\" href=\"https:\/\/old.epodex-industries.com\/fr\/produkt\/encres-a-alcool-alcohol-inks\/\" \/>\n<meta property=\"og:locale\" content=\"fr_FR\" \/>\n<meta property=\"og:type\" content=\"article\" \/>\n<meta property=\"og:title\" content=\"Encres \u00e0 alcool Alcohol Inks - EPODEX Industries | B2B Plattform\" \/>\n<meta property=\"og:description\" content=\"Les encres alcoolis\u00e9es EPODEX sont des encres alcoolis\u00e9es hautement concentr\u00e9es pour cr\u00e9er des effets de couleur. Selon votre choix, vous recevrez une ou plusieurs bouteilles de 10 g dans votre commande. Pour obtenir l&#039;effet typique des encres alcoolis\u00e9es, vous pouvez commander en option un colorant blanc. Plus vous ajoutez de colorant blanc, plus l&#039;effet est prononc\u00e9. Vous trouverez des instructions d&#039;utilisation sur cette page produit.\" \/>\n<meta property=\"og:url\" content=\"https:\/\/old.epodex-industries.com\/fr\/produkt\/encres-a-alcool-alcohol-inks\/\" \/>\n<meta property=\"og:site_name\" content=\"EPODEX Industries | B2B Plattform\" \/>\n<meta property=\"article:publisher\" content=\"https:\/\/www.facebook.com\/Epodex\/\" \/>\n<meta property=\"article:modified_time\" content=\"2024-07-24T10:15:43+00:00\" \/>\n<meta property=\"og:image\" content=\"https:\/\/old.epodex-industries.com\/wp-content\/uploads\/2023\/06\/alcohol-ink-colour-epoxidharz.jpg\" \/>\n\t<meta property=\"og:image:width\" content=\"1200\" \/>\n\t<meta property=\"og:image:height\" content=\"800\" \/>\n\t<meta property=\"og:image:type\" content=\"image\/jpeg\" \/>\n<meta name=\"twitter:card\" content=\"summary_large_image\" \/>\n<script type=\"application\/ld+json\" class=\"yoast-schema-graph\">{\"@context\":\"https:\/\/schema.org\",\"@graph\":[{\"@type\":\"WebPage\",\"@id\":\"https:\/\/old.epodex-industries.com\/fr\/produkt\/encres-a-alcool-alcohol-inks\/\",\"url\":\"https:\/\/old.epodex-industries.com\/fr\/produkt\/encres-a-alcool-alcohol-inks\/\",\"name\":\"Encres \u00e0 alcool Alcohol Inks - EPODEX Industries | B2B Plattform\",\"isPartOf\":{\"@id\":\"https:\/\/old.epodex-industries.com\/fr\/#website\"},\"primaryImageOfPage\":{\"@id\":\"https:\/\/old.epodex-industries.com\/fr\/produkt\/encres-a-alcool-alcohol-inks\/#primaryimage\"},\"image\":{\"@id\":\"https:\/\/old.epodex-industries.com\/fr\/produkt\/encres-a-alcool-alcohol-inks\/#primaryimage\"},\"thumbnailUrl\":\"https:\/\/old.epodex-industries.com\/wp-content\/uploads\/2023\/06\/alcohol-ink-colour-epoxidharz.jpg\",\"datePublished\":\"2024-04-12T12:46:44+00:00\",\"dateModified\":\"2024-07-24T10:15:43+00:00\",\"breadcrumb\":{\"@id\":\"https:\/\/old.epodex-industries.com\/fr\/produkt\/encres-a-alcool-alcohol-inks\/#breadcrumb\"},\"inLanguage\":\"fr-FR\",\"potentialAction\":[{\"@type\":\"ReadAction\",\"target\":[\"https:\/\/old.epodex-industries.com\/fr\/produkt\/encres-a-alcool-alcohol-inks\/\"]}]},{\"@type\":\"ImageObject\",\"inLanguage\":\"fr-FR\",\"@id\":\"https:\/\/old.epodex-industries.com\/fr\/produkt\/encres-a-alcool-alcohol-inks\/#primaryimage\",\"url\":\"https:\/\/old.epodex-industries.com\/wp-content\/uploads\/2023\/06\/alcohol-ink-colour-epoxidharz.jpg\",\"contentUrl\":\"https:\/\/old.epodex-industries.com\/wp-content\/uploads\/2023\/06\/alcohol-ink-colour-epoxidharz.jpg\",\"width\":1200,\"height\":800},{\"@type\":\"BreadcrumbList\",\"@id\":\"https:\/\/old.epodex-industries.com\/fr\/produkt\/encres-a-alcool-alcohol-inks\/#breadcrumb\",\"itemListElement\":[{\"@type\":\"ListItem\",\"position\":1,\"name\":\"Startseite\",\"item\":\"https:\/\/old.epodex-industries.com\/fr\/\"},{\"@type\":\"ListItem\",\"position\":2,\"name\":\"Shop\",\"item\":\"https:\/\/old.epodex-industries.com\/fr\/shop\/\"},{\"@type\":\"ListItem\",\"position\":3,\"name\":\"Encres \u00e0 alcool Alcohol Inks\"}]},{\"@type\":\"WebSite\",\"@id\":\"https:\/\/old.epodex-industries.com\/fr\/#website\",\"url\":\"https:\/\/old.epodex-industries.com\/fr\/\",\"name\":\"EPODEX Industries | B2B Plattform\",\"description\":\"Hersteller + Gro\u00dfhandel f\u00fcr Baustoffe\",\"publisher\":{\"@id\":\"https:\/\/old.epodex-industries.com\/fr\/#organization\"},\"alternateName\":\"EPODEX Industries | Hersteller + Gro\u00dfhandel f\u00fcr Baustoffe\",\"potentialAction\":[{\"@type\":\"SearchAction\",\"target\":{\"@type\":\"EntryPoint\",\"urlTemplate\":\"https:\/\/old.epodex-industries.com\/fr\/?s={search_term_string}\"},\"query-input\":{\"@type\":\"PropertyValueSpecification\",\"valueRequired\":true,\"valueName\":\"search_term_string\"}}],\"inLanguage\":\"fr-FR\"},{\"@type\":\"Organization\",\"@id\":\"https:\/\/old.epodex-industries.com\/fr\/#organization\",\"name\":\"EPODEX Industries\",\"url\":\"https:\/\/old.epodex-industries.com\/fr\/\",\"logo\":{\"@type\":\"ImageObject\",\"inLanguage\":\"fr-FR\",\"@id\":\"https:\/\/old.epodex-industries.com\/fr\/#\/schema\/logo\/image\/\",\"url\":\"https:\/\/www.epodex-industries.com\/wp-content\/uploads\/2023\/06\/Logo-Epodex-Rechnung.jpg\",\"contentUrl\":\"https:\/\/www.epodex-industries.com\/wp-content\/uploads\/2023\/06\/Logo-Epodex-Rechnung.jpg\",\"width\":261,\"height\":50,\"caption\":\"EPODEX Industries\"},\"image\":{\"@id\":\"https:\/\/old.epodex-industries.com\/fr\/#\/schema\/logo\/image\/\"},\"sameAs\":[\"https:\/\/www.facebook.com\/Epodex\/\",\"https:\/\/www.instagram.com\/epodex_official\/\",\"https:\/\/www.pinterest.de\/epodex_com\/\",\"https:\/\/www.youtube.com\/channel\/UC7lFrJ9YpN1yg43sTc6q3ow\"]}]}<\/script>\n<!-- \/ Yoast SEO plugin. -->","yoast_head_json":{"title":"Encres \u00e0 alcool Alcohol Inks - EPODEX Industries | B2B Plattform","robots":{"index":"index","follow":"follow","max-snippet":"max-snippet:-1","max-image-preview":"max-image-preview:large","max-video-preview":"max-video-preview:-1"},"canonical":"https:\/\/old.epodex-industries.com\/fr\/produkt\/encres-a-alcool-alcohol-inks\/","og_locale":"fr_FR","og_type":"article","og_title":"Encres \u00e0 alcool Alcohol Inks - EPODEX Industries | B2B Plattform","og_description":"Les encres alcoolis\u00e9es EPODEX sont des encres alcoolis\u00e9es hautement concentr\u00e9es pour cr\u00e9er des effets de couleur. Selon votre choix, vous recevrez une ou plusieurs bouteilles de 10 g dans votre commande. Pour obtenir l'effet typique des encres alcoolis\u00e9es, vous pouvez commander en option un colorant blanc. Plus vous ajoutez de colorant blanc, plus l'effet est prononc\u00e9. Vous trouverez des instructions d'utilisation sur cette page produit.","og_url":"https:\/\/old.epodex-industries.com\/fr\/produkt\/encres-a-alcool-alcohol-inks\/","og_site_name":"EPODEX Industries | B2B Plattform","article_publisher":"https:\/\/www.facebook.com\/Epodex\/","article_modified_time":"2024-07-24T10:15:43+00:00","og_image":[{"width":1200,"height":800,"url":"https:\/\/old.epodex-industries.com\/wp-content\/uploads\/2023\/06\/alcohol-ink-colour-epoxidharz.jpg","type":"image\/jpeg"}],"twitter_card":"summary_large_image","schema":{"@context":"https:\/\/schema.org","@graph":[{"@type":"WebPage","@id":"https:\/\/old.epodex-industries.com\/fr\/produkt\/encres-a-alcool-alcohol-inks\/","url":"https:\/\/old.epodex-industries.com\/fr\/produkt\/encres-a-alcool-alcohol-inks\/","name":"Encres \u00e0 alcool Alcohol Inks - EPODEX Industries | B2B Plattform","isPartOf":{"@id":"https:\/\/old.epodex-industries.com\/fr\/#website"},"primaryImageOfPage":{"@id":"https:\/\/old.epodex-industries.com\/fr\/produkt\/encres-a-alcool-alcohol-inks\/#primaryimage"},"image":{"@id":"https:\/\/old.epodex-industries.com\/fr\/produkt\/encres-a-alcool-alcohol-inks\/#primaryimage"},"thumbnailUrl":"https:\/\/old.epodex-industries.com\/wp-content\/uploads\/2023\/06\/alcohol-ink-colour-epoxidharz.jpg","datePublished":"2024-04-12T12:46:44+00:00","dateModified":"2024-07-24T10:15:43+00:00","breadcrumb":{"@id":"https:\/\/old.epodex-industries.com\/fr\/produkt\/encres-a-alcool-alcohol-inks\/#breadcrumb"},"inLanguage":"fr-FR","potentialAction":[{"@type":"ReadAction","target":["https:\/\/old.epodex-industries.com\/fr\/produkt\/encres-a-alcool-alcohol-inks\/"]}]},{"@type":"ImageObject","inLanguage":"fr-FR","@id":"https:\/\/old.epodex-industries.com\/fr\/produkt\/encres-a-alcool-alcohol-inks\/#primaryimage","url":"https:\/\/old.epodex-industries.com\/wp-content\/uploads\/2023\/06\/alcohol-ink-colour-epoxidharz.jpg","contentUrl":"https:\/\/old.epodex-industries.com\/wp-content\/uploads\/2023\/06\/alcohol-ink-colour-epoxidharz.jpg","width":1200,"height":800},{"@type":"BreadcrumbList","@id":"https:\/\/old.epodex-industries.com\/fr\/produkt\/encres-a-alcool-alcohol-inks\/#breadcrumb","itemListElement":[{"@type":"ListItem","position":1,"name":"Startseite","item":"https:\/\/old.epodex-industries.com\/fr\/"},{"@type":"ListItem","position":2,"name":"Shop","item":"https:\/\/old.epodex-industries.com\/fr\/shop\/"},{"@type":"ListItem","position":3,"name":"Encres \u00e0 alcool Alcohol Inks"}]},{"@type":"WebSite","@id":"https:\/\/old.epodex-industries.com\/fr\/#website","url":"https:\/\/old.epodex-industries.com\/fr\/","name":"EPODEX Industries | B2B Plattform","description":"Hersteller + Gro\u00dfhandel f\u00fcr Baustoffe","publisher":{"@id":"https:\/\/old.epodex-industries.com\/fr\/#organization"},"alternateName":"EPODEX Industries | Hersteller + Gro\u00dfhandel f\u00fcr Baustoffe","potentialAction":[{"@type":"SearchAction","target":{"@type":"EntryPoint","urlTemplate":"https:\/\/old.epodex-industries.com\/fr\/?s={search_term_string}"},"query-input":{"@type":"PropertyValueSpecification","valueRequired":true,"valueName":"search_term_string"}}],"inLanguage":"fr-FR"},{"@type":"Organization","@id":"https:\/\/old.epodex-industries.com\/fr\/#organization","name":"EPODEX Industries","url":"https:\/\/old.epodex-industries.com\/fr\/","logo":{"@type":"ImageObject","inLanguage":"fr-FR","@id":"https:\/\/old.epodex-industries.com\/fr\/#\/schema\/logo\/image\/","url":"https:\/\/www.epodex-industries.com\/wp-content\/uploads\/2023\/06\/Logo-Epodex-Rechnung.jpg","contentUrl":"https:\/\/www.epodex-industries.com\/wp-content\/uploads\/2023\/06\/Logo-Epodex-Rechnung.jpg","width":261,"height":50,"caption":"EPODEX Industries"},"image":{"@id":"https:\/\/old.epodex-industries.com\/fr\/#\/schema\/logo\/image\/"},"sameAs":["https:\/\/www.facebook.com\/Epodex\/","https:\/\/www.instagram.com\/epodex_official\/","https:\/\/www.pinterest.de\/epodex_com\/","https:\/\/www.youtube.com\/channel\/UC7lFrJ9YpN1yg43sTc6q3ow"]}]}},"_links":{"self":[{"href":"https:\/\/old.epodex-industries.com\/fr\/wp-json\/wp\/v2\/product\/28948","targetHints":{"allow":["GET"]}}],"collection":[{"href":"https:\/\/old.epodex-industries.com\/fr\/wp-json\/wp\/v2\/product"}],"about":[{"href":"https:\/\/old.epodex-industries.com\/fr\/wp-json\/wp\/v2\/types\/product"}],"replies":[{"embeddable":true,"href":"https:\/\/old.epodex-industries.com\/fr\/wp-json\/wp\/v2\/comments?post=28948"}],"wp:featuredmedia":[{"embeddable":true,"href":"https:\/\/old.epodex-industries.com\/fr\/wp-json\/wp\/v2\/media\/16280"}],"wp:attachment":[{"href":"https:\/\/old.epodex-industries.com\/fr\/wp-json\/wp\/v2\/media?parent=28948"}],"wp:term":[{"taxonomy":"product_brand","embeddable":true,"href":"https:\/\/old.epodex-industries.com\/fr\/wp-json\/wp\/v2\/product_brand?post=28948"},{"taxonomy":"product_cat","embeddable":true,"href":"https:\/\/old.epodex-industries.com\/fr\/wp-json\/wp\/v2\/product_cat?post=28948"},{"taxonomy":"product_tag","embeddable":true,"href":"https:\/\/old.epodex-industries.com\/fr\/wp-json\/wp\/v2\/product_tag?post=28948"}],"curies":[{"name":"wp","href":"https:\/\/api.w.org\/{rel}","templated":true}]}}