{"id":28932,"date":"2024-04-12T14:46:37","date_gmt":"2024-04-12T12:46:37","guid":{"rendered":"https:\/\/www.epodex-industries.com\/produkt\/peinture-pour-carrelage-2k-composant-a-brilliante\/"},"modified":"2024-07-24T12:14:46","modified_gmt":"2024-07-24T10:14:46","slug":"peinture-pour-carrelage-2k-composant-a-brilliante","status":"publish","type":"product","link":"https:\/\/old.epodex-industries.com\/fr\/produit\/peinture-pour-carrelage-2k-composant-a-brilliante\/","title":{"rendered":"Peinture pour carrelage 2K (Composant A) &#8211; Brilliante"},"content":{"rendered":"<h2>EPODEX TILE PAINT 2K<\/h2>\n<p>La peinture TILE PAINT 2K est peinture \u00e0 base de r\u00e9sine \u00e9poxy. Elle est con\u00e7ue pour peindre le carrelage sur les murs et les sols qui sont soumis \u00e0 un usage quotidien. Cette peinture est tr\u00e8s durable et s\u2019applique facilement. Elle est <strong>inodore et exempte de solvants nocifs pour la sant\u00e9<\/strong>.<\/p>\n<p><strong>Volumes de consommation:<\/strong> 120-150g\/m\u00b2 par couche sur des surfaces lisses et non absorbantes.<\/p>\n<hr \/>\n<h3>Consignes d\u2018utilisation<\/h3>\n<ol>\n<li>Poncer le carrelage avec du papier de verre.<\/li>\n<li>Prot\u00e9ger les surfaces qui ne doivent pas \u00eatre peinte avec une b\u00e2che de protection et du ruban de masquage.<\/li>\n<li>D\u00e9graisser et nettoyer le carrelage avec EPODEX PRE-CLEANER.<\/li>\n<li>M\u00e9langer la r\u00e9sine (composant A) avec le durcisseur (composant B) dans un rapport de 5:1 (p.ex. 500g de r\u00e9sine : 100g de durcisseur). Nous recommandons de m\u00e9langer des quantit\u00e9s plus faibles d&rsquo;environ 600g par couche, car le mat\u00e9riau est tr\u00e8s \u00e9conomique et prend rapidement (dur\u00e9e de vie en pot : 90min. pour 1kg).<\/li>\n<li>Ajouter la p\u00e2te pigmentaire fournie au m\u00e9lange et transvaser dans un bac \u00e0 peinture.<\/li>\n<li>Appliquer la peinture et laisser s\u00e9cher (env. 8h \u00e0 20\u00b0C).<\/li>\n<li>Nous recommandons d\u2019appliquer 2 couches de peinture.<\/li>\n<li>Au choix, il est possible de recr\u00e9er les joints de carrelage avec notre marqueur pour joints pratique EPODEX.<\/li>\n<\/ol>\n<hr \/>\n<p><strong>Recommandations:<\/strong> Temp\u00e9rature de traitement: La temp\u00e9rature ambiante et du support doit \u00eatre min. 8\u00b0C et max 25\u00b0C. Ne pas appliquer sur des surfaces chauff\u00e9es et sous la lumi\u00e8re directe du soleil. Des probl\u00e8mes de s\u00e9chage peuvent survenir \u00e0 basses temp\u00e9ratures. Nettoyer les outils \u00e0 l&rsquo;eau imm\u00e9diatement apr\u00e8s leur utilisation.<\/p>\n<p>Valeur limite de l\u2018UE: (Cat. A\/d): 140g\/L (2010), max. 140g\/L COV<\/p>\n<hr \/>\n<p><strong>Service \u00e0 la client\u00e8le:<\/strong> Si vous avez d&rsquo;autres questions, contactez-nous par t\u00e9l\u00e9phone, par courrier \u00e9lectronique ou utilisez notre support WhatsApp.<\/p>\n<p><strong>Remarque:<\/strong> Veuillez noter qu&rsquo;en raison des conditions d&rsquo;\u00e9clairage et des diff\u00e9rents moniteurs, les couleurs peuvent ne pas \u00eatre affich\u00e9es de mani\u00e8re uniforme.<\/p>\n<hr \/>\n<h3>Ingr\u00e9dients, mentions de danger et s\u00e9curit\u00e9<\/h3>\n<p><strong>Composante A (TILE PAINT 2K)<\/strong> Danger: Produit adduit de r\u00e9sine \u00e9poxyde polym\u00e8re; CAS-Nr.: 260549-92-6 Provoque de graves l\u00e9sions des yeux. Porter des gants de protection\/des v\u00eatements de protection\/un \u00e9quipement de protection des yeux\/du visage. EN CAS DE CONTACT AVEC LES YEUX: Rincer avec pr\u00e9caution \u00e0 l&rsquo;eau pendant plusieurs minutes. Enlever les lentilles de contact si la victime en porte et si elles peuvent \u00eatre facilement enlev\u00e9es. Continuer \u00e0 rincer. Appeler imm\u00e9diatement un CENTRE ANTIPOISON\/un m\u00e9decin. \u00c9liminer le contenu\/r\u00e9cipient dans des contenants s\u00e9curitaires et conform\u00e9ment \u00e0 la r\u00e9glementation locale, r\u00e9gionale ou nationale Contient des compos\u00e9s \u00e9poxydiques. Peut produire une r\u00e9action allergique.<\/p>\n<p><strong>Composante A (TILE PAINT 2K Blanc Polaire) <\/strong>Danger: Produit adduit amin\u00e9 de r\u00e9sine \u00e9poxyde polym\u00e8re; CAS-Nr. 238080-05-2 Adduit amin\u00e9 de r\u00e9sine \u00e9poxyde; CAS-Nr. 260549-92-6 Provoque de graves l\u00e9sions des yeux. Porter des gants de protection\/des v\u00eatements de protection\/un \u00e9quipement de protection des yeux\/du visage. EN CAS DE CONTACT AVEC LES YEUX: Rincer avec pr\u00e9caution \u00e0 l&rsquo;eau pendant plusieurs minutes. Enlever les lentilles de contact si la victime en porte et si elles peuvent \u00eatre facilement enlev\u00e9es. Continuer \u00e0 rincer. Demander imm\u00e9diatement un avis m\u00e9dical\/Consulter imm\u00e9diatement un m\u00e9decin. \u00c9liminer le contenu\/r\u00e9cipient dans des contenants s\u00e9curitaires et conform\u00e9ment \u00e0 la r\u00e9glementation locale, r\u00e9gionale ou nationale Contient du dioxyde de titane : Attention! Des gouttelettes respirables dangereuses peuvent se former lors de la pulv\u00e9risation. Ne pas respirer les a\u00e9rosols ni les brouillards.<\/p>\n<p><strong>Composante A (TILE PAINT 2K PASTEL) <\/strong>Danger: Produit adduit amin\u00e9 de r\u00e9sine \u00e9poxyde polym\u00e8re; CAS-Nr. 238080-05-2 Adduit amin\u00e9 de r\u00e9sine \u00e9poxyde; CAS-Nr. 260549-92-6 Provoque de graves l\u00e9sions des yeux. Porter des gants de protection\/des v\u00eatements de protection\/un \u00e9quipement de protection des yeux\/du visage. EN CAS DE CONTACT AVEC LES YEUX: Rincer avec pr\u00e9caution \u00e0 l&rsquo;eau pendant plusieurs minutes. Enlever les lentilles de contact si la victime en porte et si elles peuvent \u00eatre facilement enlev\u00e9es. Continuer \u00e0 rincer. Demander imm\u00e9diatement un avis m\u00e9dical\/Consulter imm\u00e9diatement un m\u00e9decin. \u00c9liminer le contenu\/r\u00e9cipient dans des contenants s\u00e9curitaires et conform\u00e9ment \u00e0 la r\u00e9glementation locale, r\u00e9gionale ou nationale Contient du dioxyde de titane : Attention! Des gouttelettes respirables dangereuses peuvent se former lors de la pulv\u00e9risation. Ne pas respirer les a\u00e9rosols ni les brouillards.<\/p>\n<p><strong>Composante B (TILE PAINT 2K) <\/strong>Attention: 4,4&prime;-m\u00e9thyl\u00e8ne \u00c9ther diph\u00e9nyldiglycidylique \u00c9ther p-tert-butylph\u00e9nyl-1-(2,3-\u00e9poxy)propylique Provoque une irritation cutan\u00e9e Peut provoquer une allergie cutan\u00e9e Provoque une s\u00e9v\u00e8re irritation des yeux Toxique pour les organismes aquatiques, entra\u00eene des effets n\u00e9fastes \u00e0 long terme \u00c9viter le rejet dans l&rsquo;environnement. Porter des gants de protection\/des v\u00eatements de protection\/un \u00e9quipement de protection des yeux\/du visage. En cas d&rsquo;irritation ou d&rsquo;\u00e9ruption cutan\u00e9e: Demander un avis m\u00e9dical\/Consulter un m\u00e9decin. Si l&rsquo;irritation des yeux persiste: Demander un avis m\u00e9dical\/Consulter un m\u00e9decin. EN CAS DE CONTACT AVEC LES YEUX: Rincer avec pr\u00e9caution \u00e0 l&rsquo;eau pendant plusieurs minutes. Enlever les lentilles de contact si la victime en porte et si elles peuvent \u00eatre facilement enlev\u00e9es. Continuer \u00e0 rincer. \u00c9liminer le contenu\/r\u00e9cipient dans des contenants s\u00e9curitaires et conform\u00e9ment \u00e0 la r\u00e9glementation locale, r\u00e9gionale ou nationale.<\/p>\n<p><img decoding=\"async\" src=\"https:\/\/www.epodex.com\/de\/wp-content\/uploads\/2019\/12\/hinweise.png\" \/><\/p>\n","protected":false},"excerpt":{"rendered":"<ul>\n<li>Peinture pour carrelage 2K premium (composant A) pour la couverture des carrelage de sol, de mur et de plafond fortement sollicit\u00e9s, ainsi que des carrelage en contact permanent avec l&rsquo;eau et de l&rsquo;eau stagnante, par exemple dans les douches<\/li>\n<li>Compatible avec le durcisseur pour peinture pour carrelage 2K (composant B)<\/li>\n<li>Rapport de m\u00e9lange A+B : 5:1 (par exemple, 1,5 kg A + 0,3 kg B ; 5 kg A + 1 kg B)<\/li>\n<li>Mat\u00e9riau : r\u00e9sine \u00e9poxy (\u00e0 base d&rsquo;eau) pour application au rouleau<\/li>\n<li>Caract\u00e9ristiques : inodore, r\u00e9sistant \u00e0 l&rsquo;abrasion, r\u00e9sistant \u00e0 l&rsquo;eau, stabilis\u00e9 aux UV, sans solvant<\/li>\n<li>Forme initiale : non pigment\u00e9e. Peut \u00eatre color\u00e9e avec des tons de pigment \u00e0 base d&rsquo;eau EPODEX WB<\/li>\n<li>Rapport de m\u00e9lange pigment sur A+B : 1x 100g de pigment WB pour 1,8 kg de A+B ; 3x 100g de pigment WB pour 6 kg de A+B<\/li>\n<li>Temps de traitement : 90 minutes pour 1 kg \u00e0 20\u00b0C<\/li>\n<li>Temps de durcissement : environ 8 heures<\/li>\n<li>Quantit\u00e9 n\u00e9cessaire : environ 220g\/m<sup>2<\/sup> par couche<\/li>\n<\/ul>\n","protected":false},"featured_media":20359,"comment_status":"open","ping_status":"closed","template":"","meta":[],"product_brand":[],"product_cat":[549,4519],"product_tag":[],"class_list":{"0":"post-28932","1":"product","2":"type-product","3":"status-publish","4":"has-post-thumbnail","6":"product_cat-produits-individuels","7":"product_cat-peintures-produits-individuels","9":"first","10":"instock","11":"taxable","12":"shipping-taxable","13":"product-type-variable","14":"wvs-archive-product-wrapper"},"yoast_head":"<!-- This site is optimized with the Yoast SEO plugin v26.7 - https:\/\/yoast.com\/wordpress\/plugins\/seo\/ -->\n<title>Peinture pour carrelage 2K (Composant A) - Brilliante - EPODEX Industries | B2B Plattform<\/title>\n<meta name=\"robots\" content=\"index, follow, max-snippet:-1, max-image-preview:large, max-video-preview:-1\" \/>\n<link rel=\"canonical\" href=\"https:\/\/old.epodex-industries.com\/fr\/produkt\/peinture-pour-carrelage-2k-composant-a-brilliante\/\" \/>\n<meta property=\"og:locale\" content=\"fr_FR\" \/>\n<meta property=\"og:type\" content=\"article\" \/>\n<meta property=\"og:title\" content=\"Peinture pour carrelage 2K (Composant A) - Brilliante - EPODEX Industries | B2B Plattform\" \/>\n<meta property=\"og:description\" content=\"Peinture pour carrelage 2K premium (composant A) pour la couverture des carrelage de sol, de mur et de plafond fortement sollicit\u00e9s, ainsi que des carrelage en contact permanent avec l&#039;eau et de l&#039;eau stagnante, par exemple dans les douches Compatible avec le durcisseur pour peinture pour carrelage 2K (composant B) Rapport de m\u00e9lange A+B : 5:1 (par exemple, 1,5 kg A + 0,3 kg B ; 5 kg A + 1 kg B) Mat\u00e9riau : r\u00e9sine \u00e9poxy (\u00e0 base d&#039;eau) pour application au rouleau Caract\u00e9ristiques : inodore, r\u00e9sistant \u00e0 l&#039;abrasion, r\u00e9sistant \u00e0 l&#039;eau, stabilis\u00e9 aux UV, sans solvant Forme initiale : non pigment\u00e9e. Peut \u00eatre color\u00e9e avec des tons de pigment \u00e0 base d&#039;eau EPODEX WB Rapport de m\u00e9lange pigment sur A+B : 1x 100g de pigment WB pour 1,8 kg de A+B ; 3x 100g de pigment WB pour 6 kg de A+B Temps de traitement : 90 minutes pour 1 kg \u00e0 20\u00b0C Temps de durcissement : environ 8 heures Quantit\u00e9 n\u00e9cessaire : environ 220g\/m2 par couche\" \/>\n<meta property=\"og:url\" content=\"https:\/\/old.epodex-industries.com\/fr\/produkt\/peinture-pour-carrelage-2k-composant-a-brilliante\/\" \/>\n<meta property=\"og:site_name\" content=\"EPODEX Industries | B2B Plattform\" \/>\n<meta property=\"article:publisher\" content=\"https:\/\/www.facebook.com\/Epodex\/\" \/>\n<meta property=\"article:modified_time\" content=\"2024-07-24T10:14:46+00:00\" \/>\n<meta property=\"og:image\" content=\"https:\/\/old.epodex-industries.com\/wp-content\/uploads\/2023\/06\/tile-paint-kaufen-epodex.jpg\" \/>\n\t<meta property=\"og:image:width\" content=\"1200\" \/>\n\t<meta property=\"og:image:height\" content=\"800\" \/>\n\t<meta property=\"og:image:type\" content=\"image\/jpeg\" \/>\n<meta name=\"twitter:card\" content=\"summary_large_image\" \/>\n<meta name=\"twitter:label1\" content=\"Dur\u00e9e de lecture estim\u00e9e\" \/>\n\t<meta name=\"twitter:data1\" content=\"5 minutes\" \/>\n<script type=\"application\/ld+json\" class=\"yoast-schema-graph\">{\"@context\":\"https:\/\/schema.org\",\"@graph\":[{\"@type\":\"WebPage\",\"@id\":\"https:\/\/old.epodex-industries.com\/fr\/produkt\/peinture-pour-carrelage-2k-composant-a-brilliante\/\",\"url\":\"https:\/\/old.epodex-industries.com\/fr\/produkt\/peinture-pour-carrelage-2k-composant-a-brilliante\/\",\"name\":\"Peinture pour carrelage 2K (Composant A) - Brilliante - EPODEX Industries | B2B Plattform\",\"isPartOf\":{\"@id\":\"https:\/\/old.epodex-industries.com\/fr\/#website\"},\"primaryImageOfPage\":{\"@id\":\"https:\/\/old.epodex-industries.com\/fr\/produkt\/peinture-pour-carrelage-2k-composant-a-brilliante\/#primaryimage\"},\"image\":{\"@id\":\"https:\/\/old.epodex-industries.com\/fr\/produkt\/peinture-pour-carrelage-2k-composant-a-brilliante\/#primaryimage\"},\"thumbnailUrl\":\"https:\/\/old.epodex-industries.com\/wp-content\/uploads\/2023\/06\/tile-paint-kaufen-epodex.jpg\",\"datePublished\":\"2024-04-12T12:46:37+00:00\",\"dateModified\":\"2024-07-24T10:14:46+00:00\",\"breadcrumb\":{\"@id\":\"https:\/\/old.epodex-industries.com\/fr\/produkt\/peinture-pour-carrelage-2k-composant-a-brilliante\/#breadcrumb\"},\"inLanguage\":\"fr-FR\",\"potentialAction\":[{\"@type\":\"ReadAction\",\"target\":[\"https:\/\/old.epodex-industries.com\/fr\/produkt\/peinture-pour-carrelage-2k-composant-a-brilliante\/\"]}]},{\"@type\":\"ImageObject\",\"inLanguage\":\"fr-FR\",\"@id\":\"https:\/\/old.epodex-industries.com\/fr\/produkt\/peinture-pour-carrelage-2k-composant-a-brilliante\/#primaryimage\",\"url\":\"https:\/\/old.epodex-industries.com\/wp-content\/uploads\/2023\/06\/tile-paint-kaufen-epodex.jpg\",\"contentUrl\":\"https:\/\/old.epodex-industries.com\/wp-content\/uploads\/2023\/06\/tile-paint-kaufen-epodex.jpg\",\"width\":1200,\"height\":800},{\"@type\":\"BreadcrumbList\",\"@id\":\"https:\/\/old.epodex-industries.com\/fr\/produkt\/peinture-pour-carrelage-2k-composant-a-brilliante\/#breadcrumb\",\"itemListElement\":[{\"@type\":\"ListItem\",\"position\":1,\"name\":\"Startseite\",\"item\":\"https:\/\/old.epodex-industries.com\/fr\/\"},{\"@type\":\"ListItem\",\"position\":2,\"name\":\"Shop\",\"item\":\"https:\/\/old.epodex-industries.com\/fr\/shop\/\"},{\"@type\":\"ListItem\",\"position\":3,\"name\":\"Peinture pour carrelage 2K (Composant A) &#8211; Brilliante\"}]},{\"@type\":\"WebSite\",\"@id\":\"https:\/\/old.epodex-industries.com\/fr\/#website\",\"url\":\"https:\/\/old.epodex-industries.com\/fr\/\",\"name\":\"EPODEX Industries | B2B Plattform\",\"description\":\"Hersteller + Gro\u00dfhandel f\u00fcr Baustoffe\",\"publisher\":{\"@id\":\"https:\/\/old.epodex-industries.com\/fr\/#organization\"},\"alternateName\":\"EPODEX Industries | Hersteller + Gro\u00dfhandel f\u00fcr Baustoffe\",\"potentialAction\":[{\"@type\":\"SearchAction\",\"target\":{\"@type\":\"EntryPoint\",\"urlTemplate\":\"https:\/\/old.epodex-industries.com\/fr\/?s={search_term_string}\"},\"query-input\":{\"@type\":\"PropertyValueSpecification\",\"valueRequired\":true,\"valueName\":\"search_term_string\"}}],\"inLanguage\":\"fr-FR\"},{\"@type\":\"Organization\",\"@id\":\"https:\/\/old.epodex-industries.com\/fr\/#organization\",\"name\":\"EPODEX Industries\",\"url\":\"https:\/\/old.epodex-industries.com\/fr\/\",\"logo\":{\"@type\":\"ImageObject\",\"inLanguage\":\"fr-FR\",\"@id\":\"https:\/\/old.epodex-industries.com\/fr\/#\/schema\/logo\/image\/\",\"url\":\"https:\/\/www.epodex-industries.com\/wp-content\/uploads\/2023\/06\/Logo-Epodex-Rechnung.jpg\",\"contentUrl\":\"https:\/\/www.epodex-industries.com\/wp-content\/uploads\/2023\/06\/Logo-Epodex-Rechnung.jpg\",\"width\":261,\"height\":50,\"caption\":\"EPODEX Industries\"},\"image\":{\"@id\":\"https:\/\/old.epodex-industries.com\/fr\/#\/schema\/logo\/image\/\"},\"sameAs\":[\"https:\/\/www.facebook.com\/Epodex\/\",\"https:\/\/www.instagram.com\/epodex_official\/\",\"https:\/\/www.pinterest.de\/epodex_com\/\",\"https:\/\/www.youtube.com\/channel\/UC7lFrJ9YpN1yg43sTc6q3ow\"]}]}<\/script>\n<!-- \/ Yoast SEO plugin. -->","yoast_head_json":{"title":"Peinture pour carrelage 2K (Composant A) - Brilliante - EPODEX Industries | B2B Plattform","robots":{"index":"index","follow":"follow","max-snippet":"max-snippet:-1","max-image-preview":"max-image-preview:large","max-video-preview":"max-video-preview:-1"},"canonical":"https:\/\/old.epodex-industries.com\/fr\/produkt\/peinture-pour-carrelage-2k-composant-a-brilliante\/","og_locale":"fr_FR","og_type":"article","og_title":"Peinture pour carrelage 2K (Composant A) - Brilliante - EPODEX Industries | B2B Plattform","og_description":"Peinture pour carrelage 2K premium (composant A) pour la couverture des carrelage de sol, de mur et de plafond fortement sollicit\u00e9s, ainsi que des carrelage en contact permanent avec l'eau et de l'eau stagnante, par exemple dans les douches Compatible avec le durcisseur pour peinture pour carrelage 2K (composant B) Rapport de m\u00e9lange A+B : 5:1 (par exemple, 1,5 kg A + 0,3 kg B ; 5 kg A + 1 kg B) Mat\u00e9riau : r\u00e9sine \u00e9poxy (\u00e0 base d'eau) pour application au rouleau Caract\u00e9ristiques : inodore, r\u00e9sistant \u00e0 l'abrasion, r\u00e9sistant \u00e0 l'eau, stabilis\u00e9 aux UV, sans solvant Forme initiale : non pigment\u00e9e. Peut \u00eatre color\u00e9e avec des tons de pigment \u00e0 base d'eau EPODEX WB Rapport de m\u00e9lange pigment sur A+B : 1x 100g de pigment WB pour 1,8 kg de A+B ; 3x 100g de pigment WB pour 6 kg de A+B Temps de traitement : 90 minutes pour 1 kg \u00e0 20\u00b0C Temps de durcissement : environ 8 heures Quantit\u00e9 n\u00e9cessaire : environ 220g\/m2 par couche","og_url":"https:\/\/old.epodex-industries.com\/fr\/produkt\/peinture-pour-carrelage-2k-composant-a-brilliante\/","og_site_name":"EPODEX Industries | B2B Plattform","article_publisher":"https:\/\/www.facebook.com\/Epodex\/","article_modified_time":"2024-07-24T10:14:46+00:00","og_image":[{"width":1200,"height":800,"url":"https:\/\/old.epodex-industries.com\/wp-content\/uploads\/2023\/06\/tile-paint-kaufen-epodex.jpg","type":"image\/jpeg"}],"twitter_card":"summary_large_image","twitter_misc":{"Dur\u00e9e de lecture estim\u00e9e":"5 minutes"},"schema":{"@context":"https:\/\/schema.org","@graph":[{"@type":"WebPage","@id":"https:\/\/old.epodex-industries.com\/fr\/produkt\/peinture-pour-carrelage-2k-composant-a-brilliante\/","url":"https:\/\/old.epodex-industries.com\/fr\/produkt\/peinture-pour-carrelage-2k-composant-a-brilliante\/","name":"Peinture pour carrelage 2K (Composant A) - Brilliante - EPODEX Industries | B2B Plattform","isPartOf":{"@id":"https:\/\/old.epodex-industries.com\/fr\/#website"},"primaryImageOfPage":{"@id":"https:\/\/old.epodex-industries.com\/fr\/produkt\/peinture-pour-carrelage-2k-composant-a-brilliante\/#primaryimage"},"image":{"@id":"https:\/\/old.epodex-industries.com\/fr\/produkt\/peinture-pour-carrelage-2k-composant-a-brilliante\/#primaryimage"},"thumbnailUrl":"https:\/\/old.epodex-industries.com\/wp-content\/uploads\/2023\/06\/tile-paint-kaufen-epodex.jpg","datePublished":"2024-04-12T12:46:37+00:00","dateModified":"2024-07-24T10:14:46+00:00","breadcrumb":{"@id":"https:\/\/old.epodex-industries.com\/fr\/produkt\/peinture-pour-carrelage-2k-composant-a-brilliante\/#breadcrumb"},"inLanguage":"fr-FR","potentialAction":[{"@type":"ReadAction","target":["https:\/\/old.epodex-industries.com\/fr\/produkt\/peinture-pour-carrelage-2k-composant-a-brilliante\/"]}]},{"@type":"ImageObject","inLanguage":"fr-FR","@id":"https:\/\/old.epodex-industries.com\/fr\/produkt\/peinture-pour-carrelage-2k-composant-a-brilliante\/#primaryimage","url":"https:\/\/old.epodex-industries.com\/wp-content\/uploads\/2023\/06\/tile-paint-kaufen-epodex.jpg","contentUrl":"https:\/\/old.epodex-industries.com\/wp-content\/uploads\/2023\/06\/tile-paint-kaufen-epodex.jpg","width":1200,"height":800},{"@type":"BreadcrumbList","@id":"https:\/\/old.epodex-industries.com\/fr\/produkt\/peinture-pour-carrelage-2k-composant-a-brilliante\/#breadcrumb","itemListElement":[{"@type":"ListItem","position":1,"name":"Startseite","item":"https:\/\/old.epodex-industries.com\/fr\/"},{"@type":"ListItem","position":2,"name":"Shop","item":"https:\/\/old.epodex-industries.com\/fr\/shop\/"},{"@type":"ListItem","position":3,"name":"Peinture pour carrelage 2K (Composant A) &#8211; Brilliante"}]},{"@type":"WebSite","@id":"https:\/\/old.epodex-industries.com\/fr\/#website","url":"https:\/\/old.epodex-industries.com\/fr\/","name":"EPODEX Industries | B2B Plattform","description":"Hersteller + Gro\u00dfhandel f\u00fcr Baustoffe","publisher":{"@id":"https:\/\/old.epodex-industries.com\/fr\/#organization"},"alternateName":"EPODEX Industries | Hersteller + Gro\u00dfhandel f\u00fcr Baustoffe","potentialAction":[{"@type":"SearchAction","target":{"@type":"EntryPoint","urlTemplate":"https:\/\/old.epodex-industries.com\/fr\/?s={search_term_string}"},"query-input":{"@type":"PropertyValueSpecification","valueRequired":true,"valueName":"search_term_string"}}],"inLanguage":"fr-FR"},{"@type":"Organization","@id":"https:\/\/old.epodex-industries.com\/fr\/#organization","name":"EPODEX Industries","url":"https:\/\/old.epodex-industries.com\/fr\/","logo":{"@type":"ImageObject","inLanguage":"fr-FR","@id":"https:\/\/old.epodex-industries.com\/fr\/#\/schema\/logo\/image\/","url":"https:\/\/www.epodex-industries.com\/wp-content\/uploads\/2023\/06\/Logo-Epodex-Rechnung.jpg","contentUrl":"https:\/\/www.epodex-industries.com\/wp-content\/uploads\/2023\/06\/Logo-Epodex-Rechnung.jpg","width":261,"height":50,"caption":"EPODEX Industries"},"image":{"@id":"https:\/\/old.epodex-industries.com\/fr\/#\/schema\/logo\/image\/"},"sameAs":["https:\/\/www.facebook.com\/Epodex\/","https:\/\/www.instagram.com\/epodex_official\/","https:\/\/www.pinterest.de\/epodex_com\/","https:\/\/www.youtube.com\/channel\/UC7lFrJ9YpN1yg43sTc6q3ow"]}]}},"_links":{"self":[{"href":"https:\/\/old.epodex-industries.com\/fr\/wp-json\/wp\/v2\/product\/28932","targetHints":{"allow":["GET"]}}],"collection":[{"href":"https:\/\/old.epodex-industries.com\/fr\/wp-json\/wp\/v2\/product"}],"about":[{"href":"https:\/\/old.epodex-industries.com\/fr\/wp-json\/wp\/v2\/types\/product"}],"replies":[{"embeddable":true,"href":"https:\/\/old.epodex-industries.com\/fr\/wp-json\/wp\/v2\/comments?post=28932"}],"wp:featuredmedia":[{"embeddable":true,"href":"https:\/\/old.epodex-industries.com\/fr\/wp-json\/wp\/v2\/media\/20359"}],"wp:attachment":[{"href":"https:\/\/old.epodex-industries.com\/fr\/wp-json\/wp\/v2\/media?parent=28932"}],"wp:term":[{"taxonomy":"product_brand","embeddable":true,"href":"https:\/\/old.epodex-industries.com\/fr\/wp-json\/wp\/v2\/product_brand?post=28932"},{"taxonomy":"product_cat","embeddable":true,"href":"https:\/\/old.epodex-industries.com\/fr\/wp-json\/wp\/v2\/product_cat?post=28932"},{"taxonomy":"product_tag","embeddable":true,"href":"https:\/\/old.epodex-industries.com\/fr\/wp-json\/wp\/v2\/product_tag?post=28932"}],"curies":[{"name":"wp","href":"https:\/\/api.w.org\/{rel}","templated":true}]}}