{"id":28928,"date":"2024-04-12T14:46:36","date_gmt":"2024-04-12T12:46:36","guid":{"rendered":"https:\/\/www.epodex-industries.com\/produkt\/peinture-au-latex-1k-mate-brilliante\/"},"modified":"2024-07-24T12:14:40","modified_gmt":"2024-07-24T10:14:40","slug":"peinture-au-latex-1k-mate-brilliante","status":"publish","type":"product","link":"https:\/\/old.epodex-industries.com\/fr\/produit\/peinture-au-latex-1k-mate-brilliante\/","title":{"rendered":"Peinture au latex 1K mate &#8211; Brilliante"},"content":{"rendered":"<h2>EPODEX LATEX PAINT<\/h2>\n<p>La PEINTURE LATEX est id\u00e9ale pour peindre les murs et les plafonds soumis \u00e0 un usage \u00e0 long terme. Appliquer notre peinture au latex sur les surfaces absorbantes et non absorbantes et pour les prot\u00e9ger des moisissures et de la salet\u00e9. Notre peinture au latex de haute qualit\u00e9 est <strong>inodore et est faite \u00e0 base d&rsquo;eau<\/strong>.<\/p>\n<p><strong>Volumes de consommation:<\/strong> 120-150g\/m\u00b2 par couche sur des surfaces lisses et non absorbantes. Sur les surfaces tr\u00e8s absorbantes, nous recommandons d&rsquo;appr\u00eater la surface au pr\u00e9alable (par exemple avec un-e sous-couche) pour \u00e9viter que la peinture ne soit absorb\u00e9e.<\/p>\n<p><h3>Formule de protection des murs:<\/h3>\n<\/p>\n<p>Nos murs sont confront\u00e9s <strong>aux chocs, \u00e0 la salet\u00e9 et aux traces de contact<\/strong>.<\/p>\n<p>Qui n&rsquo;a pas fait cette exp\u00e9rience ? \u2013 Un petit coup avec un parapluie ou des chaussures sur le mur et une petite trace noire appara\u00eet. M\u00eame un bref contact peut entra\u00eener la d\u00e9gradation d\u2018une peinture murale traditionnelle. Le mur peut rapidement devenir brillant par endroits, donnant un <strong>aspect inesth\u00e9tique<\/strong>, tachet\u00e9 et gras \u00e0 toute votre pi\u00e8ce. Les murs sont \u00e9galement sensibles aux marques laiss\u00e9es par des r\u00e9sidus alimentaires, stylos et autres liquides. <\/p>\n<p>La peinture EPODEX LATEX PAINT est la solution \u00e0 ces probl\u00e8mes. <strong>Sa haute teneur en liant et ses mati\u00e8res premi\u00e8res de hautes qualit\u00e9s<\/strong> la rendent r\u00e9sistante et lavable. De plus, notre peinture est <strong>respirante et ouverte \u00e0 la diffusion<\/strong>, ce qui signifie qu\u2019elle est perm\u00e9able \u00e0 la vapeur d\u2019eau. Laissez-vous convaincre par la qualit\u00e9 EPODEX et essayez d\u00e8s maintenant notre formule de protections des murs.<\/p>\n<hr \/>\n<h3>Consignes d\u2018utilisation<\/h3>\n<ol>\n<li>Assurez vous que le support soit propre.<\/li>\n<li>Pour les surfaces lisses, nous recommandons de poncer au pr\u00e9alable pour am\u00e9liorer l\u2019adh\u00e9sion de la peinture. Pour ce faire, utiliser le papier de verre EPODEX.<\/li>\n<li>Appliquer la peinture \u00e0 l\u2019aide d\u2019un pinceau ou d\u2019un rouleau en mousse et laisser la couche de vernis s\u00e9cher (env. 8h \u00e0 20\u00b0C).<\/li>\n<li>Appliquer plusieurs couches jusqu\u2019\u00e0 ce que vous obteniez le r\u00e9sultat d\u00e9sir\u00e9. Nous recommandons d\u2019appliquer env. 2 couches de peinture.<\/li>\n<\/ol>\n<p><strong>Recommandations<\/strong><strong>: <\/strong>Temp\u00e9rature de traitement: La temp\u00e9rature ambiante et du support doit \u00eatre min. 8\u00b0C. Ne pas appliquer sur des surfaces chauff\u00e9es et sous la lumi\u00e8re directe du soleil. Des probl\u00e8mes de s\u00e9chage peuvent survenir \u00e0 basses temp\u00e9ratures. Pour obtenir une viscosit\u00e9 plus faible, diluer la peinture avec jusqu&rsquo;\u00e0 5% d&rsquo;eau. Nettoyer les outils \u00e0 l&rsquo;eau imm\u00e9diatement apr\u00e8s leur utilisation.<\/p>\n<p>Valeur limite de l\u2018UE: (Cat. A\/d): 100g\/L (2010), max. 100g\/L COV<\/p>\n<hr \/>\n<p><strong>Service \u00e0 la client\u00e8le:<\/strong> Si vous avez d&rsquo;autres questions, contactez-nous par t\u00e9l\u00e9phone, par courrier \u00e9lectronique ou utilisez notre support WhatsApp.<\/p>\n<p><strong>Remarque:<\/strong> Veuillez noter qu&rsquo;en raison des conditions d&rsquo;\u00e9clairage et des diff\u00e9rents moniteurs, les couleurs peuvent ne pas \u00eatre affich\u00e9es de mani\u00e8re uniforme.<\/p>\n<hr \/>\n<h3>Ingr\u00e9dients, mentions de danger et s\u00e9curit\u00e9<\/h3>\n<p><strong>LATEX PAINT Satin\u00e9<\/strong> Attention: 1,2-Benzisothiazol-3(2H)-on 2-M\u00e9thyl-2H-isothiazol-3-one Peut provoquer une allergie cutan\u00e9e En cas de consultation d&rsquo;un m\u00e9decin, garder \u00e0 disposition le r\u00e9cipient ou l&rsquo;\u00e9tiquette. Tenir hors de port\u00e9e des enfants. \u00c9viter de respirer les poussi\u00e8res\/fum\u00e9es\/gaz\/brouillards\/ vapeurs\/a\u00e9rosols. \u00c9viter tout contact avec les yeux, la peau ou les v\u00eatements. \u00c9viter le rejet dans l&rsquo;environnement. EN CAS DE CONTACT AVEC LA PEAU: Laver abondamment \u00e0 l&rsquo;eau et au savon. \u00c9liminer le contenu\/r\u00e9cipient dans des contenants s\u00e9curitaires et conform\u00e9ment \u00e0 la r\u00e9glementation locale, r\u00e9gionale ou nationale<\/p>\n<p><strong>LATEX PAINT Mate<\/strong> Attention: 1,2-Benzisothiazol-3(2H)-on 2-M\u00e9thyl-2H-isothiazol-3-one Peut provoquer une allergie cutan\u00e9e En cas de consultation d&rsquo;un m\u00e9decin, garder \u00e0 disposition le r\u00e9cipient ou l&rsquo;\u00e9tiquette. Tenir hors de port\u00e9e des enfants. \u00c9viter de respirer les poussi\u00e8res\/fum\u00e9es\/gaz\/brouillards\/ vapeurs\/a\u00e9rosols. \u00c9viter tout contact avec les yeux, la peau ou les v\u00eatements. \u00c9viter le rejet dans l&rsquo;environnement. EN CAS DE CONTACT AVEC LA PEAU: Laver abondamment \u00e0 l&rsquo;eau et au savon. \u00c9liminer le contenu\/r\u00e9cipient dans des contenants s\u00e9curitaires et conform\u00e9ment \u00e0 la r\u00e9glementation locale, r\u00e9gionale ou nationale<\/p>\n<p><strong>LATEX PAINT Blanc polaire<\/strong> Attention: 1,2-benzisothiazol-3(2H)-one 2-m\u00e9thyl-2H-isothiazol-3-one Masse r\u00e9actionnelle de la 5-chloro-2-m\u00e9thyl-2H-isothiazol-3-one et de la 2-m\u00e9thyl-2H-isothiazol-3-one (3:1) Peut provoquer une allergie cutan\u00e9e En cas de consultation d&rsquo;un m\u00e9decin, garder \u00e0 disposition le r\u00e9cipient ou l&rsquo;\u00e9tiquette. Tenir hors de port\u00e9e des enfants. \u00c9viter de respirer les poussi\u00e8res\/fum\u00e9es\/gaz\/brouillards\/ vapeurs\/a\u00e9rosols. \u00c9viter tout contact avec les yeux, la peau ou les v\u00eatements. Porter des gants de protection\/un \u00e9quipement de protection des yeux. EN CAS DE CONTACT AVEC LA PEAU: Laver abondamment \u00e0 l&rsquo;eau et au savon. \u00c9liminer le contenu\/r\u00e9cipient dans des contenants s\u00e9curitaires et conform\u00e9ment \u00e0 la r\u00e9glementation locale, r\u00e9gionale ou nationale Contient du dioxyde de titane : Attention! Des gouttelettes respirables dangereuses peuvent se former lors de la pulv\u00e9risation. Ne pas respirer les a\u00e9rosols ni les brouillards.<\/p>\n<p><img decoding=\"async\" src=\"https:\/\/www.epodex.com\/de\/wp-content\/uploads\/2021\/03\/warnhinweis-ausrufezeichen.jpg\" \/><\/p>\n","protected":false},"excerpt":{"rendered":"<ul>\n<li>Peinture latex premium avec formule int\u00e9gr\u00e9e de protection des murs<\/li>\n<li>Mat\u00e9riau : Peinture latex (\u00e0 base d&rsquo;eau) pour application au rouleau<\/li>\n<li>Caract\u00e9ristiques : Grande couvrance, sans \u00e9claboussures, r\u00e9sistante, lavable, respirante, sans odeur, sans solvant et \u00e0 faible \u00e9mission<\/li>\n<li>Forme initiale : <strong>Non pigment\u00e9 et mat<\/strong>. Colorable avec les <a href=\"https:\/\/www.epodex-industries.com\/de\/produkt-kategorie\/farbstoffe-farbmittel\/wb-pigment\/\">teintes de pigment WB EPODEX<\/a><\/li>\n<li>Rapport de m\u00e9lange pigment sur peinture : 1x 100g de pigment WB pour 1kg de peinture<\/li>\n<li>Temps de durcissement : environ 8 heures \u00e0 20\u00b0C<\/li>\n<li>Quantit\u00e9 n\u00e9cessaire : 120g\/m\u00b2 par couche<\/li>\n<\/ul>\n","protected":false},"featured_media":16210,"comment_status":"open","ping_status":"closed","template":"","meta":[],"product_brand":[],"product_cat":[549,4519],"product_tag":[],"class_list":{"0":"post-28928","1":"product","2":"type-product","3":"status-publish","4":"has-post-thumbnail","6":"product_cat-produits-individuels","7":"product_cat-peintures-produits-individuels","9":"first","10":"instock","11":"taxable","12":"shipping-taxable","13":"product-type-variable","14":"wvs-archive-product-wrapper"},"yoast_head":"<!-- This site is optimized with the Yoast SEO plugin v26.7 - https:\/\/yoast.com\/wordpress\/plugins\/seo\/ -->\n<title>Peinture au latex 1K mate - Brilliante - EPODEX Industries | B2B Plattform<\/title>\n<meta name=\"robots\" content=\"index, follow, max-snippet:-1, max-image-preview:large, max-video-preview:-1\" \/>\n<link rel=\"canonical\" href=\"https:\/\/old.epodex-industries.com\/fr\/produkt\/peinture-au-latex-1k-mate-brilliante\/\" \/>\n<meta property=\"og:locale\" content=\"fr_FR\" \/>\n<meta property=\"og:type\" content=\"article\" \/>\n<meta property=\"og:title\" content=\"Peinture au latex 1K mate - Brilliante - EPODEX Industries | B2B Plattform\" \/>\n<meta property=\"og:description\" content=\"Peinture latex premium avec formule int\u00e9gr\u00e9e de protection des murs Mat\u00e9riau : Peinture latex (\u00e0 base d&#039;eau) pour application au rouleau Caract\u00e9ristiques : Grande couvrance, sans \u00e9claboussures, r\u00e9sistante, lavable, respirante, sans odeur, sans solvant et \u00e0 faible \u00e9mission Forme initiale : Non pigment\u00e9 et mat. Colorable avec les teintes de pigment WB EPODEX Rapport de m\u00e9lange pigment sur peinture : 1x 100g de pigment WB pour 1kg de peinture Temps de durcissement : environ 8 heures \u00e0 20\u00b0C Quantit\u00e9 n\u00e9cessaire : 120g\/m\u00b2 par couche\" \/>\n<meta property=\"og:url\" content=\"https:\/\/old.epodex-industries.com\/fr\/produkt\/peinture-au-latex-1k-mate-brilliante\/\" \/>\n<meta property=\"og:site_name\" content=\"EPODEX Industries | B2B Plattform\" \/>\n<meta property=\"article:publisher\" content=\"https:\/\/www.facebook.com\/Epodex\/\" \/>\n<meta property=\"article:modified_time\" content=\"2024-07-24T10:14:40+00:00\" \/>\n<meta property=\"og:image\" content=\"https:\/\/old.epodex-industries.com\/wp-content\/uploads\/2023\/10\/Latex-paint-epodex-bunt-1.jpg\" \/>\n\t<meta property=\"og:image:width\" content=\"1200\" \/>\n\t<meta property=\"og:image:height\" content=\"800\" \/>\n\t<meta property=\"og:image:type\" content=\"image\/jpeg\" \/>\n<meta name=\"twitter:card\" content=\"summary_large_image\" \/>\n<meta name=\"twitter:label1\" content=\"Dur\u00e9e de lecture estim\u00e9e\" \/>\n\t<meta name=\"twitter:data1\" content=\"4 minutes\" \/>\n<script type=\"application\/ld+json\" class=\"yoast-schema-graph\">{\"@context\":\"https:\/\/schema.org\",\"@graph\":[{\"@type\":\"WebPage\",\"@id\":\"https:\/\/old.epodex-industries.com\/fr\/produkt\/peinture-au-latex-1k-mate-brilliante\/\",\"url\":\"https:\/\/old.epodex-industries.com\/fr\/produkt\/peinture-au-latex-1k-mate-brilliante\/\",\"name\":\"Peinture au latex 1K mate - Brilliante - EPODEX Industries | B2B Plattform\",\"isPartOf\":{\"@id\":\"https:\/\/old.epodex-industries.com\/fr\/#website\"},\"primaryImageOfPage\":{\"@id\":\"https:\/\/old.epodex-industries.com\/fr\/produkt\/peinture-au-latex-1k-mate-brilliante\/#primaryimage\"},\"image\":{\"@id\":\"https:\/\/old.epodex-industries.com\/fr\/produkt\/peinture-au-latex-1k-mate-brilliante\/#primaryimage\"},\"thumbnailUrl\":\"https:\/\/old.epodex-industries.com\/wp-content\/uploads\/2023\/10\/Latex-paint-epodex-bunt-1.jpg\",\"datePublished\":\"2024-04-12T12:46:36+00:00\",\"dateModified\":\"2024-07-24T10:14:40+00:00\",\"breadcrumb\":{\"@id\":\"https:\/\/old.epodex-industries.com\/fr\/produkt\/peinture-au-latex-1k-mate-brilliante\/#breadcrumb\"},\"inLanguage\":\"fr-FR\",\"potentialAction\":[{\"@type\":\"ReadAction\",\"target\":[\"https:\/\/old.epodex-industries.com\/fr\/produkt\/peinture-au-latex-1k-mate-brilliante\/\"]}]},{\"@type\":\"ImageObject\",\"inLanguage\":\"fr-FR\",\"@id\":\"https:\/\/old.epodex-industries.com\/fr\/produkt\/peinture-au-latex-1k-mate-brilliante\/#primaryimage\",\"url\":\"https:\/\/old.epodex-industries.com\/wp-content\/uploads\/2023\/10\/Latex-paint-epodex-bunt-1.jpg\",\"contentUrl\":\"https:\/\/old.epodex-industries.com\/wp-content\/uploads\/2023\/10\/Latex-paint-epodex-bunt-1.jpg\",\"width\":1200,\"height\":800},{\"@type\":\"BreadcrumbList\",\"@id\":\"https:\/\/old.epodex-industries.com\/fr\/produkt\/peinture-au-latex-1k-mate-brilliante\/#breadcrumb\",\"itemListElement\":[{\"@type\":\"ListItem\",\"position\":1,\"name\":\"Startseite\",\"item\":\"https:\/\/old.epodex-industries.com\/fr\/\"},{\"@type\":\"ListItem\",\"position\":2,\"name\":\"Shop\",\"item\":\"https:\/\/old.epodex-industries.com\/fr\/shop\/\"},{\"@type\":\"ListItem\",\"position\":3,\"name\":\"Peinture au latex 1K mate &#8211; Brilliante\"}]},{\"@type\":\"WebSite\",\"@id\":\"https:\/\/old.epodex-industries.com\/fr\/#website\",\"url\":\"https:\/\/old.epodex-industries.com\/fr\/\",\"name\":\"EPODEX Industries | B2B Plattform\",\"description\":\"Hersteller + Gro\u00dfhandel f\u00fcr Baustoffe\",\"publisher\":{\"@id\":\"https:\/\/old.epodex-industries.com\/fr\/#organization\"},\"alternateName\":\"EPODEX Industries | Hersteller + Gro\u00dfhandel f\u00fcr Baustoffe\",\"potentialAction\":[{\"@type\":\"SearchAction\",\"target\":{\"@type\":\"EntryPoint\",\"urlTemplate\":\"https:\/\/old.epodex-industries.com\/fr\/?s={search_term_string}\"},\"query-input\":{\"@type\":\"PropertyValueSpecification\",\"valueRequired\":true,\"valueName\":\"search_term_string\"}}],\"inLanguage\":\"fr-FR\"},{\"@type\":\"Organization\",\"@id\":\"https:\/\/old.epodex-industries.com\/fr\/#organization\",\"name\":\"EPODEX Industries\",\"url\":\"https:\/\/old.epodex-industries.com\/fr\/\",\"logo\":{\"@type\":\"ImageObject\",\"inLanguage\":\"fr-FR\",\"@id\":\"https:\/\/old.epodex-industries.com\/fr\/#\/schema\/logo\/image\/\",\"url\":\"https:\/\/www.epodex-industries.com\/wp-content\/uploads\/2023\/06\/Logo-Epodex-Rechnung.jpg\",\"contentUrl\":\"https:\/\/www.epodex-industries.com\/wp-content\/uploads\/2023\/06\/Logo-Epodex-Rechnung.jpg\",\"width\":261,\"height\":50,\"caption\":\"EPODEX Industries\"},\"image\":{\"@id\":\"https:\/\/old.epodex-industries.com\/fr\/#\/schema\/logo\/image\/\"},\"sameAs\":[\"https:\/\/www.facebook.com\/Epodex\/\",\"https:\/\/www.instagram.com\/epodex_official\/\",\"https:\/\/www.pinterest.de\/epodex_com\/\",\"https:\/\/www.youtube.com\/channel\/UC7lFrJ9YpN1yg43sTc6q3ow\"]}]}<\/script>\n<!-- \/ Yoast SEO plugin. -->","yoast_head_json":{"title":"Peinture au latex 1K mate - Brilliante - EPODEX Industries | B2B Plattform","robots":{"index":"index","follow":"follow","max-snippet":"max-snippet:-1","max-image-preview":"max-image-preview:large","max-video-preview":"max-video-preview:-1"},"canonical":"https:\/\/old.epodex-industries.com\/fr\/produkt\/peinture-au-latex-1k-mate-brilliante\/","og_locale":"fr_FR","og_type":"article","og_title":"Peinture au latex 1K mate - Brilliante - EPODEX Industries | B2B Plattform","og_description":"Peinture latex premium avec formule int\u00e9gr\u00e9e de protection des murs Mat\u00e9riau : Peinture latex (\u00e0 base d'eau) pour application au rouleau Caract\u00e9ristiques : Grande couvrance, sans \u00e9claboussures, r\u00e9sistante, lavable, respirante, sans odeur, sans solvant et \u00e0 faible \u00e9mission Forme initiale : Non pigment\u00e9 et mat. Colorable avec les teintes de pigment WB EPODEX Rapport de m\u00e9lange pigment sur peinture : 1x 100g de pigment WB pour 1kg de peinture Temps de durcissement : environ 8 heures \u00e0 20\u00b0C Quantit\u00e9 n\u00e9cessaire : 120g\/m\u00b2 par couche","og_url":"https:\/\/old.epodex-industries.com\/fr\/produkt\/peinture-au-latex-1k-mate-brilliante\/","og_site_name":"EPODEX Industries | B2B Plattform","article_publisher":"https:\/\/www.facebook.com\/Epodex\/","article_modified_time":"2024-07-24T10:14:40+00:00","og_image":[{"width":1200,"height":800,"url":"https:\/\/old.epodex-industries.com\/wp-content\/uploads\/2023\/10\/Latex-paint-epodex-bunt-1.jpg","type":"image\/jpeg"}],"twitter_card":"summary_large_image","twitter_misc":{"Dur\u00e9e de lecture estim\u00e9e":"4 minutes"},"schema":{"@context":"https:\/\/schema.org","@graph":[{"@type":"WebPage","@id":"https:\/\/old.epodex-industries.com\/fr\/produkt\/peinture-au-latex-1k-mate-brilliante\/","url":"https:\/\/old.epodex-industries.com\/fr\/produkt\/peinture-au-latex-1k-mate-brilliante\/","name":"Peinture au latex 1K mate - Brilliante - EPODEX Industries | B2B Plattform","isPartOf":{"@id":"https:\/\/old.epodex-industries.com\/fr\/#website"},"primaryImageOfPage":{"@id":"https:\/\/old.epodex-industries.com\/fr\/produkt\/peinture-au-latex-1k-mate-brilliante\/#primaryimage"},"image":{"@id":"https:\/\/old.epodex-industries.com\/fr\/produkt\/peinture-au-latex-1k-mate-brilliante\/#primaryimage"},"thumbnailUrl":"https:\/\/old.epodex-industries.com\/wp-content\/uploads\/2023\/10\/Latex-paint-epodex-bunt-1.jpg","datePublished":"2024-04-12T12:46:36+00:00","dateModified":"2024-07-24T10:14:40+00:00","breadcrumb":{"@id":"https:\/\/old.epodex-industries.com\/fr\/produkt\/peinture-au-latex-1k-mate-brilliante\/#breadcrumb"},"inLanguage":"fr-FR","potentialAction":[{"@type":"ReadAction","target":["https:\/\/old.epodex-industries.com\/fr\/produkt\/peinture-au-latex-1k-mate-brilliante\/"]}]},{"@type":"ImageObject","inLanguage":"fr-FR","@id":"https:\/\/old.epodex-industries.com\/fr\/produkt\/peinture-au-latex-1k-mate-brilliante\/#primaryimage","url":"https:\/\/old.epodex-industries.com\/wp-content\/uploads\/2023\/10\/Latex-paint-epodex-bunt-1.jpg","contentUrl":"https:\/\/old.epodex-industries.com\/wp-content\/uploads\/2023\/10\/Latex-paint-epodex-bunt-1.jpg","width":1200,"height":800},{"@type":"BreadcrumbList","@id":"https:\/\/old.epodex-industries.com\/fr\/produkt\/peinture-au-latex-1k-mate-brilliante\/#breadcrumb","itemListElement":[{"@type":"ListItem","position":1,"name":"Startseite","item":"https:\/\/old.epodex-industries.com\/fr\/"},{"@type":"ListItem","position":2,"name":"Shop","item":"https:\/\/old.epodex-industries.com\/fr\/shop\/"},{"@type":"ListItem","position":3,"name":"Peinture au latex 1K mate &#8211; Brilliante"}]},{"@type":"WebSite","@id":"https:\/\/old.epodex-industries.com\/fr\/#website","url":"https:\/\/old.epodex-industries.com\/fr\/","name":"EPODEX Industries | B2B Plattform","description":"Hersteller + Gro\u00dfhandel f\u00fcr Baustoffe","publisher":{"@id":"https:\/\/old.epodex-industries.com\/fr\/#organization"},"alternateName":"EPODEX Industries | Hersteller + Gro\u00dfhandel f\u00fcr Baustoffe","potentialAction":[{"@type":"SearchAction","target":{"@type":"EntryPoint","urlTemplate":"https:\/\/old.epodex-industries.com\/fr\/?s={search_term_string}"},"query-input":{"@type":"PropertyValueSpecification","valueRequired":true,"valueName":"search_term_string"}}],"inLanguage":"fr-FR"},{"@type":"Organization","@id":"https:\/\/old.epodex-industries.com\/fr\/#organization","name":"EPODEX Industries","url":"https:\/\/old.epodex-industries.com\/fr\/","logo":{"@type":"ImageObject","inLanguage":"fr-FR","@id":"https:\/\/old.epodex-industries.com\/fr\/#\/schema\/logo\/image\/","url":"https:\/\/www.epodex-industries.com\/wp-content\/uploads\/2023\/06\/Logo-Epodex-Rechnung.jpg","contentUrl":"https:\/\/www.epodex-industries.com\/wp-content\/uploads\/2023\/06\/Logo-Epodex-Rechnung.jpg","width":261,"height":50,"caption":"EPODEX Industries"},"image":{"@id":"https:\/\/old.epodex-industries.com\/fr\/#\/schema\/logo\/image\/"},"sameAs":["https:\/\/www.facebook.com\/Epodex\/","https:\/\/www.instagram.com\/epodex_official\/","https:\/\/www.pinterest.de\/epodex_com\/","https:\/\/www.youtube.com\/channel\/UC7lFrJ9YpN1yg43sTc6q3ow"]}]}},"_links":{"self":[{"href":"https:\/\/old.epodex-industries.com\/fr\/wp-json\/wp\/v2\/product\/28928","targetHints":{"allow":["GET"]}}],"collection":[{"href":"https:\/\/old.epodex-industries.com\/fr\/wp-json\/wp\/v2\/product"}],"about":[{"href":"https:\/\/old.epodex-industries.com\/fr\/wp-json\/wp\/v2\/types\/product"}],"replies":[{"embeddable":true,"href":"https:\/\/old.epodex-industries.com\/fr\/wp-json\/wp\/v2\/comments?post=28928"}],"wp:featuredmedia":[{"embeddable":true,"href":"https:\/\/old.epodex-industries.com\/fr\/wp-json\/wp\/v2\/media\/16210"}],"wp:attachment":[{"href":"https:\/\/old.epodex-industries.com\/fr\/wp-json\/wp\/v2\/media?parent=28928"}],"wp:term":[{"taxonomy":"product_brand","embeddable":true,"href":"https:\/\/old.epodex-industries.com\/fr\/wp-json\/wp\/v2\/product_brand?post=28928"},{"taxonomy":"product_cat","embeddable":true,"href":"https:\/\/old.epodex-industries.com\/fr\/wp-json\/wp\/v2\/product_cat?post=28928"},{"taxonomy":"product_tag","embeddable":true,"href":"https:\/\/old.epodex-industries.com\/fr\/wp-json\/wp\/v2\/product_tag?post=28928"}],"curies":[{"name":"wp","href":"https:\/\/api.w.org\/{rel}","templated":true}]}}