{"id":28921,"date":"2024-04-12T14:46:30","date_gmt":"2024-04-12T12:46:30","guid":{"rendered":"https:\/\/www.epodex-industries.com\/produkt\/peinture-pour-beton-2k-composant-a\/"},"modified":"2024-07-24T12:14:45","modified_gmt":"2024-07-24T10:14:45","slug":"peinture-pour-beton-2k-composant-a","status":"publish","type":"product","link":"https:\/\/old.epodex-industries.com\/fr\/produit\/peinture-pour-beton-2k-composant-a\/","title":{"rendered":"Peinture pour b\u00e9ton 2K (Composant A)"},"content":{"rendered":"<h2>EPODEX &#8211; CONCRETE PAINT 2K<\/h2>\n<p>Le syst\u00e8me CONCRETE PAINT 2K est utilis\u00e9 comme \u00e9tanch\u00e9ifiant et rev\u00eatement de surface. Ce syst\u00e8me convient pour divers domaines d\u2019application en int\u00e9rieur et ext\u00e9rieur couvert.<\/p>\n<p>Utilisez ce syst\u00e8me en tant que:<\/p>\n<ul>\n<li>Peinture pour le sol<\/li>\n<li>\u00c9tanch\u00e9ifiant pour le sol<\/li>\n<li>\u00c9tanch\u00e9ifiant pour garage<\/li>\n<li>Peinture pour b\u00e9ton<\/li>\n<li>Peinture pour ciment<\/li>\n<li>Peinture pour chape<\/li>\n<li>Peinture pour pl\u00e2tre<\/li>\n<li>Peinture pour pierre<\/li>\n<\/ul>\n<p><strong>Volumes de consommation:<\/strong> 200-250g\/m\u00b2 pour deux couches. Nous recommandons d\u2019appliquer un appr\u00eat appropri\u00e9 (par exemple une sous-couche peinture) sur les supports tr\u00e8s poreux afin de minimiser l\u2019absorption de la peinture CONCRETE PAINT.<\/p>\n<hr \/>\n<h3>Consignes d\u2018utilisation<\/h3>\n<ol>\n<li>La temp\u00e9rature de la pi\u00e8ce, du support et de la peinture doit \u00eatre au moins +15\u00b0C.<\/li>\n<li>Assurez-vous que le support soit propre, sec et exempt de toute substance susceptible d\u2019emp\u00eacher une bonne adh\u00e9sion de la peinture.<\/li>\n<li>M\u00e9langez la r\u00e9sine (A) avec le durcisseur (B) dans un ratio de m\u00e9lange de 5:1 au poids (p. ex. 5kg de r\u00e9sine A pour 1kg de durcisseur B). En option, il est possible de diluer le m\u00e9lange en ajoutant 20% d\u2019eau.<\/li>\n<li>Pour colorer le m\u00e9lange, ajoutez-y environ 5% de p\u00e2te pigmentaire WB PIGMENT. (par exemple 300g de p\u00e2te pour 6kg de CONCRETE PAINT 2K)<\/li>\n<li>M\u00e9langez bien le bord et le fond du gobelet \u00e0 m\u00e9lange puisque le produit \u00e0 tendance \u00e0 s\u2019y d\u00e9poser. Id\u00e9alement, transvasez le m\u00e9lange dans un r\u00e9cipient propre et rem\u00e9langez. Cette \u00e9tape assure que la r\u00e9sine (A) et le durcisseur (B) sont compl\u00e8tement m\u00e9lang\u00e9s.<\/li>\n<li>Afin d\u2019\u00e9viter que la peinture ne s\u2019\u00e9paississe trop rapidement, versez le m\u00e9lange dans un bac \u00e0 peinture imm\u00e9diatement apr\u00e8s avoir m\u00e9lang\u00e9.<\/li>\n<li>Appliquer la peinture sur la surface d\u00e9sir\u00e9e \u00e0 l\u2019aide d\u2019un rouleau en mousse. Nous recommandons d\u2019appliquer la peinture en couches d\u2019environ 0,2-0,3mm. Il est recommand\u00e9 d\u2019appliquer au moins 2 couches. Temps de traitement\/vie en pot \u00e0 20\u00b0C : environ 60 minutes, \u00e0 30\u00b0C : environ 30 minutes.<\/li>\n<li>Attendez minimum 12-48 heures avant d\u2019appliquer la deuxi\u00e8me couche.<\/li>\n<li>Laissez le rev\u00eatement s\u00e9cher et durcir pendant env. 20 heures. Le temps de durcissement d\u00e9pend de la temp\u00e9rature de la pi\u00e8ce, du mat\u00e9riel et du support.<\/li>\n<\/ol>\n<hr \/>\n<p><strong>Service \u00e0 la client\u00e8le:<\/strong> Si vous avez d&rsquo;autres questions, contactez-nous par t\u00e9l\u00e9phone, par courrier \u00e9lectronique ou utilisez notre support WhatsApp.<\/p>\n<p><strong>Remarque:<\/strong> Veuillez noter qu&rsquo;en raison des conditions d&rsquo;\u00e9clairage et des diff\u00e9rents moniteurs, les couleurs peuvent ne pas \u00eatre affich\u00e9es de mani\u00e8re uniforme.<\/p>\n<hr \/>\n<h3>Ingr\u00e9dients, mentions de danger et s\u00e9curit\u00e9<\/h3>\n<p><strong>Composante A (CONCRETE PAINT 2K)<\/strong> Danger: Produit adduit de r\u00e9sine \u00e9poxyde polym\u00e8re; CAS-Nr.: 260549-92-6 Provoque de graves l\u00e9sions des yeux. Porter des gants de protection\/des v\u00eatements de protection\/un \u00e9quipement de protection des yeux\/du visage. EN CAS DE CONTACT AVEC LES YEUX: Rincer avec pr\u00e9caution \u00e0 l&rsquo;eau pendant plusieurs minutes. Enlever les lentilles de contact si la victime en porte et si elles peuvent \u00eatre facilement enlev\u00e9es. Continuer \u00e0 rincer. Appeler imm\u00e9diatement un CENTRE ANTIPOISON\/un m\u00e9decin. \u00c9liminer le contenu\/r\u00e9cipient dans des contenants s\u00e9curitaires et conform\u00e9ment \u00e0 la r\u00e9glementation locale, r\u00e9gionale ou nationale Contient des compos\u00e9s \u00e9poxydiques. Peut produire une r\u00e9action allergique.<\/p>\n<p><strong>Composante B (CONCRETE PAINT 2K) <\/strong>Attention: 4,4&prime;-m\u00e9thyl\u00e8ne \u00c9ther diph\u00e9nyldiglycidylique \u00c9ther p-tert-butylph\u00e9nyl-1-(2,3-\u00e9poxy)propylique Provoque une irritation cutan\u00e9e Peut provoquer une allergie cutan\u00e9e Provoque une s\u00e9v\u00e8re irritation des yeux Toxique pour les organismes aquatiques, entra\u00eene des effets n\u00e9fastes \u00e0 long terme \u00c9viter le rejet dans l&rsquo;environnement. Porter des gants de protection\/des v\u00eatements de protection\/un \u00e9quipement de protection des yeux\/du visage. En cas d&rsquo;irritation ou d&rsquo;\u00e9ruption cutan\u00e9e: Demander un avis m\u00e9dical\/Consulter un m\u00e9decin. Si l&rsquo;irritation des yeux persiste: Demander un avis m\u00e9dical\/Consulter un m\u00e9decin. EN CAS DE CONTACT AVEC LES YEUX: Rincer avec pr\u00e9caution \u00e0 l&rsquo;eau pendant plusieurs minutes. Enlever les lentilles de contact si la victime en porte et si elles peuvent \u00eatre facilement enlev\u00e9es. Continuer \u00e0 rincer. \u00c9liminer le contenu\/r\u00e9cipient dans des contenants s\u00e9curitaires et conform\u00e9ment \u00e0 la r\u00e9glementation locale, r\u00e9gionale ou nationale.<\/p>\n<p><img decoding=\"async\" src=\"https:\/\/www.epodex.com\/de\/wp-content\/uploads\/2019\/12\/hinweise.png\" \/><\/p>\n","protected":false},"excerpt":{"rendered":"<ul>\n<li>Peinture b\u00e9ton 2K premium (composant A) pour rev\u00eatement des surfaces fortement sollicit\u00e9es telles que le b\u00e9ton, la chape, le bois et plus encore<\/li>\n<li>Compatible avec le durcisseur pour peinture b\u00e9ton 2K (composant B)<\/li>\n<li>Rapport de m\u00e9lange A+B : 5:1 (par exemple, 1,5 kg A + 0,3 kg B ; 5 kg A + 1 kg B)<\/li>\n<li>Mat\u00e9riau : r\u00e9sine \u00e9poxy (\u00e0 base d&rsquo;eau) pour application au rouleau<\/li>\n<li>Caract\u00e9ristiques : inodore, r\u00e9sistant \u00e0 l&rsquo;abrasion, r\u00e9sistant \u00e0 l&rsquo;eau, stabilis\u00e9 aux UV, haute opacit\u00e9, sans solvant<\/li>\n<li>Forme initiale : incolore. Peut \u00eatre color\u00e9 avec des pigments \u00e0 base d&rsquo;eau EPODEX.<\/li>\n<li>Rapport de m\u00e9lange du pigment sur A+B : 1x 100g de pigment \u00e0 base d&rsquo;eau pour 1,8 kg A+B ; 3x 100g de pigment \u00e0 base d&rsquo;eau pour 6 kg A+B<\/li>\n<li>Temps de pot \/ temps de traitement : 90 minutes pour 1 kg \u00e0 20\u00b0C<\/li>\n<li>Temps de durcissement : 16-24 heures<\/li>\n<li>Quantit\u00e9 n\u00e9cessaire : 120-150g\/m\u00b2 par couche<\/li>\n<\/ul>\n","protected":false},"featured_media":20355,"comment_status":"open","ping_status":"closed","template":"","meta":[],"product_brand":[],"product_cat":[549,4519],"product_tag":[],"class_list":{"0":"post-28921","1":"product","2":"type-product","3":"status-publish","4":"has-post-thumbnail","6":"product_cat-produits-individuels","7":"product_cat-peintures-produits-individuels","9":"first","10":"instock","11":"taxable","12":"shipping-taxable","13":"product-type-variable","14":"wvs-archive-product-wrapper"},"yoast_head":"<!-- This site is optimized with the Yoast SEO plugin v26.7 - https:\/\/yoast.com\/wordpress\/plugins\/seo\/ -->\n<title>Peinture pour b\u00e9ton 2K (Composant A) - EPODEX Industries | B2B Plattform<\/title>\n<meta name=\"robots\" content=\"index, follow, max-snippet:-1, max-image-preview:large, max-video-preview:-1\" \/>\n<link rel=\"canonical\" href=\"https:\/\/old.epodex-industries.com\/fr\/produkt\/peinture-pour-beton-2k-composant-a\/\" \/>\n<meta property=\"og:locale\" content=\"fr_FR\" \/>\n<meta property=\"og:type\" content=\"article\" \/>\n<meta property=\"og:title\" content=\"Peinture pour b\u00e9ton 2K (Composant A) - EPODEX Industries | B2B Plattform\" \/>\n<meta property=\"og:description\" content=\"Peinture b\u00e9ton 2K premium (composant A) pour rev\u00eatement des surfaces fortement sollicit\u00e9es telles que le b\u00e9ton, la chape, le bois et plus encore Compatible avec le durcisseur pour peinture b\u00e9ton 2K (composant B) Rapport de m\u00e9lange A+B : 5:1 (par exemple, 1,5 kg A + 0,3 kg B ; 5 kg A + 1 kg B) Mat\u00e9riau : r\u00e9sine \u00e9poxy (\u00e0 base d&#039;eau) pour application au rouleau Caract\u00e9ristiques : inodore, r\u00e9sistant \u00e0 l&#039;abrasion, r\u00e9sistant \u00e0 l&#039;eau, stabilis\u00e9 aux UV, haute opacit\u00e9, sans solvant Forme initiale : incolore. Peut \u00eatre color\u00e9 avec des pigments \u00e0 base d&#039;eau EPODEX. Rapport de m\u00e9lange du pigment sur A+B : 1x 100g de pigment \u00e0 base d&#039;eau pour 1,8 kg A+B ; 3x 100g de pigment \u00e0 base d&#039;eau pour 6 kg A+B Temps de pot \/ temps de traitement : 90 minutes pour 1 kg \u00e0 20\u00b0C Temps de durcissement : 16-24 heures Quantit\u00e9 n\u00e9cessaire : 120-150g\/m\u00b2 par couche\" \/>\n<meta property=\"og:url\" content=\"https:\/\/old.epodex-industries.com\/fr\/produkt\/peinture-pour-beton-2k-composant-a\/\" \/>\n<meta property=\"og:site_name\" content=\"EPODEX Industries | B2B Plattform\" \/>\n<meta property=\"article:publisher\" content=\"https:\/\/www.facebook.com\/Epodex\/\" \/>\n<meta property=\"article:modified_time\" content=\"2024-07-24T10:14:45+00:00\" \/>\n<meta property=\"og:image\" content=\"https:\/\/old.epodex-industries.com\/wp-content\/uploads\/2023\/06\/concrete-paint-kaufen-epodex.jpg\" \/>\n\t<meta property=\"og:image:width\" content=\"1200\" \/>\n\t<meta property=\"og:image:height\" content=\"800\" \/>\n\t<meta property=\"og:image:type\" content=\"image\/jpeg\" \/>\n<meta name=\"twitter:card\" content=\"summary_large_image\" \/>\n<meta name=\"twitter:label1\" content=\"Dur\u00e9e de lecture estim\u00e9e\" \/>\n\t<meta name=\"twitter:data1\" content=\"4 minutes\" \/>\n<script type=\"application\/ld+json\" class=\"yoast-schema-graph\">{\"@context\":\"https:\/\/schema.org\",\"@graph\":[{\"@type\":\"WebPage\",\"@id\":\"https:\/\/old.epodex-industries.com\/fr\/produkt\/peinture-pour-beton-2k-composant-a\/\",\"url\":\"https:\/\/old.epodex-industries.com\/fr\/produkt\/peinture-pour-beton-2k-composant-a\/\",\"name\":\"Peinture pour b\u00e9ton 2K (Composant A) - EPODEX Industries | B2B Plattform\",\"isPartOf\":{\"@id\":\"https:\/\/old.epodex-industries.com\/fr\/#website\"},\"primaryImageOfPage\":{\"@id\":\"https:\/\/old.epodex-industries.com\/fr\/produkt\/peinture-pour-beton-2k-composant-a\/#primaryimage\"},\"image\":{\"@id\":\"https:\/\/old.epodex-industries.com\/fr\/produkt\/peinture-pour-beton-2k-composant-a\/#primaryimage\"},\"thumbnailUrl\":\"https:\/\/old.epodex-industries.com\/wp-content\/uploads\/2023\/06\/concrete-paint-kaufen-epodex.jpg\",\"datePublished\":\"2024-04-12T12:46:30+00:00\",\"dateModified\":\"2024-07-24T10:14:45+00:00\",\"breadcrumb\":{\"@id\":\"https:\/\/old.epodex-industries.com\/fr\/produkt\/peinture-pour-beton-2k-composant-a\/#breadcrumb\"},\"inLanguage\":\"fr-FR\",\"potentialAction\":[{\"@type\":\"ReadAction\",\"target\":[\"https:\/\/old.epodex-industries.com\/fr\/produkt\/peinture-pour-beton-2k-composant-a\/\"]}]},{\"@type\":\"ImageObject\",\"inLanguage\":\"fr-FR\",\"@id\":\"https:\/\/old.epodex-industries.com\/fr\/produkt\/peinture-pour-beton-2k-composant-a\/#primaryimage\",\"url\":\"https:\/\/old.epodex-industries.com\/wp-content\/uploads\/2023\/06\/concrete-paint-kaufen-epodex.jpg\",\"contentUrl\":\"https:\/\/old.epodex-industries.com\/wp-content\/uploads\/2023\/06\/concrete-paint-kaufen-epodex.jpg\",\"width\":1200,\"height\":800},{\"@type\":\"BreadcrumbList\",\"@id\":\"https:\/\/old.epodex-industries.com\/fr\/produkt\/peinture-pour-beton-2k-composant-a\/#breadcrumb\",\"itemListElement\":[{\"@type\":\"ListItem\",\"position\":1,\"name\":\"Startseite\",\"item\":\"https:\/\/old.epodex-industries.com\/fr\/\"},{\"@type\":\"ListItem\",\"position\":2,\"name\":\"Shop\",\"item\":\"https:\/\/old.epodex-industries.com\/fr\/shop\/\"},{\"@type\":\"ListItem\",\"position\":3,\"name\":\"Peinture pour b\u00e9ton 2K (Composant A)\"}]},{\"@type\":\"WebSite\",\"@id\":\"https:\/\/old.epodex-industries.com\/fr\/#website\",\"url\":\"https:\/\/old.epodex-industries.com\/fr\/\",\"name\":\"EPODEX Industries | B2B Plattform\",\"description\":\"Hersteller + Gro\u00dfhandel f\u00fcr Baustoffe\",\"publisher\":{\"@id\":\"https:\/\/old.epodex-industries.com\/fr\/#organization\"},\"alternateName\":\"EPODEX Industries | Hersteller + Gro\u00dfhandel f\u00fcr Baustoffe\",\"potentialAction\":[{\"@type\":\"SearchAction\",\"target\":{\"@type\":\"EntryPoint\",\"urlTemplate\":\"https:\/\/old.epodex-industries.com\/fr\/?s={search_term_string}\"},\"query-input\":{\"@type\":\"PropertyValueSpecification\",\"valueRequired\":true,\"valueName\":\"search_term_string\"}}],\"inLanguage\":\"fr-FR\"},{\"@type\":\"Organization\",\"@id\":\"https:\/\/old.epodex-industries.com\/fr\/#organization\",\"name\":\"EPODEX Industries\",\"url\":\"https:\/\/old.epodex-industries.com\/fr\/\",\"logo\":{\"@type\":\"ImageObject\",\"inLanguage\":\"fr-FR\",\"@id\":\"https:\/\/old.epodex-industries.com\/fr\/#\/schema\/logo\/image\/\",\"url\":\"https:\/\/www.epodex-industries.com\/wp-content\/uploads\/2023\/06\/Logo-Epodex-Rechnung.jpg\",\"contentUrl\":\"https:\/\/www.epodex-industries.com\/wp-content\/uploads\/2023\/06\/Logo-Epodex-Rechnung.jpg\",\"width\":261,\"height\":50,\"caption\":\"EPODEX Industries\"},\"image\":{\"@id\":\"https:\/\/old.epodex-industries.com\/fr\/#\/schema\/logo\/image\/\"},\"sameAs\":[\"https:\/\/www.facebook.com\/Epodex\/\",\"https:\/\/www.instagram.com\/epodex_official\/\",\"https:\/\/www.pinterest.de\/epodex_com\/\",\"https:\/\/www.youtube.com\/channel\/UC7lFrJ9YpN1yg43sTc6q3ow\"]}]}<\/script>\n<!-- \/ Yoast SEO plugin. -->","yoast_head_json":{"title":"Peinture pour b\u00e9ton 2K (Composant A) - EPODEX Industries | B2B Plattform","robots":{"index":"index","follow":"follow","max-snippet":"max-snippet:-1","max-image-preview":"max-image-preview:large","max-video-preview":"max-video-preview:-1"},"canonical":"https:\/\/old.epodex-industries.com\/fr\/produkt\/peinture-pour-beton-2k-composant-a\/","og_locale":"fr_FR","og_type":"article","og_title":"Peinture pour b\u00e9ton 2K (Composant A) - EPODEX Industries | B2B Plattform","og_description":"Peinture b\u00e9ton 2K premium (composant A) pour rev\u00eatement des surfaces fortement sollicit\u00e9es telles que le b\u00e9ton, la chape, le bois et plus encore Compatible avec le durcisseur pour peinture b\u00e9ton 2K (composant B) Rapport de m\u00e9lange A+B : 5:1 (par exemple, 1,5 kg A + 0,3 kg B ; 5 kg A + 1 kg B) Mat\u00e9riau : r\u00e9sine \u00e9poxy (\u00e0 base d'eau) pour application au rouleau Caract\u00e9ristiques : inodore, r\u00e9sistant \u00e0 l'abrasion, r\u00e9sistant \u00e0 l'eau, stabilis\u00e9 aux UV, haute opacit\u00e9, sans solvant Forme initiale : incolore. Peut \u00eatre color\u00e9 avec des pigments \u00e0 base d'eau EPODEX. Rapport de m\u00e9lange du pigment sur A+B : 1x 100g de pigment \u00e0 base d'eau pour 1,8 kg A+B ; 3x 100g de pigment \u00e0 base d'eau pour 6 kg A+B Temps de pot \/ temps de traitement : 90 minutes pour 1 kg \u00e0 20\u00b0C Temps de durcissement : 16-24 heures Quantit\u00e9 n\u00e9cessaire : 120-150g\/m\u00b2 par couche","og_url":"https:\/\/old.epodex-industries.com\/fr\/produkt\/peinture-pour-beton-2k-composant-a\/","og_site_name":"EPODEX Industries | B2B Plattform","article_publisher":"https:\/\/www.facebook.com\/Epodex\/","article_modified_time":"2024-07-24T10:14:45+00:00","og_image":[{"width":1200,"height":800,"url":"https:\/\/old.epodex-industries.com\/wp-content\/uploads\/2023\/06\/concrete-paint-kaufen-epodex.jpg","type":"image\/jpeg"}],"twitter_card":"summary_large_image","twitter_misc":{"Dur\u00e9e de lecture estim\u00e9e":"4 minutes"},"schema":{"@context":"https:\/\/schema.org","@graph":[{"@type":"WebPage","@id":"https:\/\/old.epodex-industries.com\/fr\/produkt\/peinture-pour-beton-2k-composant-a\/","url":"https:\/\/old.epodex-industries.com\/fr\/produkt\/peinture-pour-beton-2k-composant-a\/","name":"Peinture pour b\u00e9ton 2K (Composant A) - EPODEX Industries | B2B Plattform","isPartOf":{"@id":"https:\/\/old.epodex-industries.com\/fr\/#website"},"primaryImageOfPage":{"@id":"https:\/\/old.epodex-industries.com\/fr\/produkt\/peinture-pour-beton-2k-composant-a\/#primaryimage"},"image":{"@id":"https:\/\/old.epodex-industries.com\/fr\/produkt\/peinture-pour-beton-2k-composant-a\/#primaryimage"},"thumbnailUrl":"https:\/\/old.epodex-industries.com\/wp-content\/uploads\/2023\/06\/concrete-paint-kaufen-epodex.jpg","datePublished":"2024-04-12T12:46:30+00:00","dateModified":"2024-07-24T10:14:45+00:00","breadcrumb":{"@id":"https:\/\/old.epodex-industries.com\/fr\/produkt\/peinture-pour-beton-2k-composant-a\/#breadcrumb"},"inLanguage":"fr-FR","potentialAction":[{"@type":"ReadAction","target":["https:\/\/old.epodex-industries.com\/fr\/produkt\/peinture-pour-beton-2k-composant-a\/"]}]},{"@type":"ImageObject","inLanguage":"fr-FR","@id":"https:\/\/old.epodex-industries.com\/fr\/produkt\/peinture-pour-beton-2k-composant-a\/#primaryimage","url":"https:\/\/old.epodex-industries.com\/wp-content\/uploads\/2023\/06\/concrete-paint-kaufen-epodex.jpg","contentUrl":"https:\/\/old.epodex-industries.com\/wp-content\/uploads\/2023\/06\/concrete-paint-kaufen-epodex.jpg","width":1200,"height":800},{"@type":"BreadcrumbList","@id":"https:\/\/old.epodex-industries.com\/fr\/produkt\/peinture-pour-beton-2k-composant-a\/#breadcrumb","itemListElement":[{"@type":"ListItem","position":1,"name":"Startseite","item":"https:\/\/old.epodex-industries.com\/fr\/"},{"@type":"ListItem","position":2,"name":"Shop","item":"https:\/\/old.epodex-industries.com\/fr\/shop\/"},{"@type":"ListItem","position":3,"name":"Peinture pour b\u00e9ton 2K (Composant A)"}]},{"@type":"WebSite","@id":"https:\/\/old.epodex-industries.com\/fr\/#website","url":"https:\/\/old.epodex-industries.com\/fr\/","name":"EPODEX Industries | B2B Plattform","description":"Hersteller + Gro\u00dfhandel f\u00fcr Baustoffe","publisher":{"@id":"https:\/\/old.epodex-industries.com\/fr\/#organization"},"alternateName":"EPODEX Industries | Hersteller + Gro\u00dfhandel f\u00fcr Baustoffe","potentialAction":[{"@type":"SearchAction","target":{"@type":"EntryPoint","urlTemplate":"https:\/\/old.epodex-industries.com\/fr\/?s={search_term_string}"},"query-input":{"@type":"PropertyValueSpecification","valueRequired":true,"valueName":"search_term_string"}}],"inLanguage":"fr-FR"},{"@type":"Organization","@id":"https:\/\/old.epodex-industries.com\/fr\/#organization","name":"EPODEX Industries","url":"https:\/\/old.epodex-industries.com\/fr\/","logo":{"@type":"ImageObject","inLanguage":"fr-FR","@id":"https:\/\/old.epodex-industries.com\/fr\/#\/schema\/logo\/image\/","url":"https:\/\/www.epodex-industries.com\/wp-content\/uploads\/2023\/06\/Logo-Epodex-Rechnung.jpg","contentUrl":"https:\/\/www.epodex-industries.com\/wp-content\/uploads\/2023\/06\/Logo-Epodex-Rechnung.jpg","width":261,"height":50,"caption":"EPODEX Industries"},"image":{"@id":"https:\/\/old.epodex-industries.com\/fr\/#\/schema\/logo\/image\/"},"sameAs":["https:\/\/www.facebook.com\/Epodex\/","https:\/\/www.instagram.com\/epodex_official\/","https:\/\/www.pinterest.de\/epodex_com\/","https:\/\/www.youtube.com\/channel\/UC7lFrJ9YpN1yg43sTc6q3ow"]}]}},"_links":{"self":[{"href":"https:\/\/old.epodex-industries.com\/fr\/wp-json\/wp\/v2\/product\/28921","targetHints":{"allow":["GET"]}}],"collection":[{"href":"https:\/\/old.epodex-industries.com\/fr\/wp-json\/wp\/v2\/product"}],"about":[{"href":"https:\/\/old.epodex-industries.com\/fr\/wp-json\/wp\/v2\/types\/product"}],"replies":[{"embeddable":true,"href":"https:\/\/old.epodex-industries.com\/fr\/wp-json\/wp\/v2\/comments?post=28921"}],"wp:featuredmedia":[{"embeddable":true,"href":"https:\/\/old.epodex-industries.com\/fr\/wp-json\/wp\/v2\/media\/20355"}],"wp:attachment":[{"href":"https:\/\/old.epodex-industries.com\/fr\/wp-json\/wp\/v2\/media?parent=28921"}],"wp:term":[{"taxonomy":"product_brand","embeddable":true,"href":"https:\/\/old.epodex-industries.com\/fr\/wp-json\/wp\/v2\/product_brand?post=28921"},{"taxonomy":"product_cat","embeddable":true,"href":"https:\/\/old.epodex-industries.com\/fr\/wp-json\/wp\/v2\/product_cat?post=28921"},{"taxonomy":"product_tag","embeddable":true,"href":"https:\/\/old.epodex-industries.com\/fr\/wp-json\/wp\/v2\/product_tag?post=28921"}],"curies":[{"name":"wp","href":"https:\/\/api.w.org\/{rel}","templated":true}]}}