{"id":28912,"date":"2024-04-12T14:46:26","date_gmt":"2024-04-12T12:46:26","guid":{"rendered":"https:\/\/www.epodex-industries.com\/produkt\/pro-durcisseur-epoxy-composant-b\/"},"modified":"2024-07-24T12:14:31","modified_gmt":"2024-07-24T10:14:31","slug":"pro-durcisseur-epoxy-composant-b","status":"publish","type":"product","link":"https:\/\/old.epodex-industries.com\/fr\/produit\/pro-durcisseur-epoxy-composant-b\/","title":{"rendered":"PRO Durcisseur Epoxy (Composant B)"},"content":{"rendered":"<h2>EPODEX &#8211; PRO System<\/h2>\n<p>Le syst\u00e8me PRO est une r\u00e9sine \u00e9poxy de haute qualit\u00e9 pour le rev\u00eatement et le coulage. Vous pouvez l&rsquo;utiliser pour recouvrir des surfaces telles que les sols et les tables. En tant que produit d&rsquo;\u00e9tanch\u00e9it\u00e9, il convient pour les tableaux, les tables et les plans de travail. Il convient \u00e9galement \u00e0 la production de bijoux en r\u00e9sine \u00e9poxy et de petits objets d\u00e9coratifs. Le syst\u00e8me PRO peut \u00eatre m\u00e9lang\u00e9 avec toutes nos peintures pour r\u00e9sine \u00e9poxy.<\/p>\n<hr \/>\n<h3>Consignes d\u2018utilisation<\/h3>\n<ol>\n<li>Commencez toujours par un appr\u00eat \u00e0 base de r\u00e9sine \u00e9poxy pour \u00e9viter les pertes de mat\u00e9riau et les cloques importantes (\u00e9paisseur recommand\u00e9e: 0,5mm). Pour ce faire, il suffit d&rsquo;utiliser une partie de la m\u00eame r\u00e9sine \u00e9poxy transparente (pour l&rsquo;appr\u00eat des sols et autres substrats color\u00e9s, nous recommandons notre syst\u00e8me de r\u00e9sine \u00e9poxy EPOXY PRIMER \u00e0 base d&rsquo;eau).<\/li>\n<li>M\u00e9langez le contenu de la r\u00e9sine PRO (A) avec le contenu du durcisseur PRO (B) dans un rapport de m\u00e9lange de 2:1 (par exemple, 2kg de r\u00e9sine : 1kg de durcisseur).<\/li>\n<li>M\u00e9langez bien le bord et le fond du gobelet \u00e0 m\u00e9lange puisque le produit \u00e0 tendance \u00e0 s\u2019y d\u00e9poser. Id\u00e9alement, transvasez le m\u00e9lange dans un r\u00e9cipient propre et rem\u00e9langez. Cette \u00e9tape assure que la r\u00e9sine (A) et le durcisseur (B) sont compl\u00e8tement m\u00e9lang\u00e9s.<\/li>\n<li>Versez le produit sur la surface \u00e0 rev\u00eatir<strong><u> imm\u00e9diatement<\/strong><\/u> apr\u00e8s le m\u00e9lange, car en fonction de la quantit\u00e9 de mati\u00e8re, celle-ci peut bouillir dans le gobelet \u00e0 m\u00e9lange.<\/li>\n<li>Appliquez l&rsquo;appr\u00eat en r\u00e9sine \u00e9poxy sur la surface souhait\u00e9e \u00e0 l&rsquo;aide d&rsquo;un rouleau en mousse ou d\u2019un pinceau. Laissez durcir l&rsquo;appr\u00eat.<\/li>\n<li>Continuez avec le rev\u00eatement principal de la m\u00eame mani\u00e8re. Si vous s\u00e9lectionnez une couleur sur cette page de produit, vous recevrez des colorants ou des pigments de couleur en plus de la r\u00e9sine et du durcisseur. <\/li>\n<li>Pour colorer le rev\u00eatement principal, m\u00e9langez les colorants ou pigments de couleur fournis avec la r\u00e9sine (A) ou avec le m\u00e9lange r\u00e9sine-durcisseur. Ajustez l&rsquo;intensit\u00e9 de la couleur individuellement en ajoutant plus ou moins de couleur.<\/li>\n<li>La r\u00e9sine \u00e9poxy peut \u00eatre touch\u00e9e et est accessible \u00e0 pied apr\u00e8s 16-24heures et a atteint son durcissement chimique complet apr\u00e8s environ 7 jours.<\/li>\n<li>Pour plus d&rsquo;informations sur notre syst\u00e8me PRO, veuillez vous r\u00e9f\u00e9rer \u00e0 notre fiche informative se trouvant sous le bouton \u00abEn savoir plus\u00bb sur cette page produit.<\/li>\n<\/ol>\n<p><strong>Info: <\/strong>Durant la p\u00e9riode de durcissement, la r\u00e9sine \u00e9poxy est sensible \u00e0 toute forme d&rsquo;humidit\u00e9 (risque : formation de bleuissement d&rsquo;amine, c&rsquo;est-\u00e0-dire de taches blanches dans la couche sup\u00e9rieure). C&rsquo;est pourquoi nous recommandons de ne pas mettre la r\u00e9sine \u00e9poxy en contact avec de l&rsquo;eau jusqu&rsquo;au durcissement chimique complet (au moins 7 jours). Pour les couches minces, les temp\u00e9ratures froides (temp\u00e9rature ambiante, du support et de la r\u00e9sine inf\u00e9rieure \u00e0 20\u00b0C) et l&rsquo;humidit\u00e9 \u00e9lev\u00e9e, le temps n\u00e9cessaire au durcissement complet de la r\u00e9sine \u00e9poxy peut \u00eatre plus long.\n<\/ol>\n<ul>\n<li style=\"list-style-type: none;\"><\/li>\n<\/ul>\n<hr \/>\n<h3>Les volumes de consommation<\/h3>\n<p>D\u00e9terminez la quantit\u00e9 requise \u00e0 l\u2019aide de notre calculatrice \u00e9poxy disponible sur cette page produit.<\/p>\n<p><strong>\u00c9paisseurs de couche recommand\u00e9es lors du rev\u00eatement de sols et autres surfaces<\/strong><\/p>\n<ul>\n<li>Rev\u00eatement total (appr\u00eat + couche principal): environ 1,65-2,20kg\/m\u00b2 avec une \u00e9paisseur de couche de 1,5-2mm<\/li>\n<li>Appr\u00eat: environ 0,22-0,55kg\/m\u00b2 avec une \u00e9paisseur de couche de 0,2-0,5mm <\/li>\n<li>Couche principale: environ 1,10-1,65kg\/m\u00b2 avec une \u00e9paisseur de couche de 1.0-1,5mm <\/li>\n<\/ul>\n<p><strong>Recommandation de colorant \u00e0 ajouter par kg de r\u00e9sine+durcisseur :<\/strong><\/p>\n<ul>\n<li>Pour les pigments en poudre (M\u00e9tallique, N\u00e9on et Glow in the dark), 1,5% (15g),<\/li>\n<li>Pour les couleurs transparentes (sauf le white, black et grey): 60 gouttes (1,8g),<\/li>\n<li>Pour les couleurs transparentes white, black et grey: 20 gouttes (0,6g),<\/li>\n<li>Pour les couleurs semi-transparentes (sauf le white): 40 gouttes (1,2g) de la couleur souhait\u00e9e et 20 gouttes (0,6g) de colorant blanc,<\/li>\n<li>Pour la couleur semi-transparente white: 60 gouttes (1,8g),<\/li>\n<li>Pour les couleurs unies RAL: 1% (10g),<\/li>\n<li>Pour les pigments en glitter: 1% (10g)<\/li>\n<\/ul>\n<hr \/>\n<p><strong>Service \u00e0 la client\u00e8le:<\/strong> Si vous avez d&rsquo;autres questions, contactez-nous par t\u00e9l\u00e9phone, par courrier \u00e9lectronique ou utilisez notre support WhatsApp.<\/p>\n<p><strong>Remarque:<\/strong> Veuillez noter qu&rsquo;en raison des conditions d&rsquo;\u00e9clairage et des diff\u00e9rents moniteurs, les couleurs peuvent ne pas \u00eatre affich\u00e9es de mani\u00e8re uniforme.<\/p>\n<hr \/>\n<h3>Ingr\u00e9dients, mentions de danger et s\u00e9curit\u00e9<\/h3>\n<p><strong>Composante A (PRO)<\/strong> Attention: Bis-[4-(2,3-\u00e9poxipropoxy)ph\u00e9nyl]propane Oxirane, d\u00e9riv\u00e9 mono[(C12-14-alkyloxy)m\u00e9thyle] S\u00e9bazate de pentam\u00e9thyle et de pip\u00e9ridyle Provoque une irritation cutan\u00e9e Peut provoquer une allergie cutan\u00e9e Provoque une s\u00e9v\u00e8re irritation des yeux Toxique pour les organismes aquatiques, entra\u00eene des effets n\u00e9fastes \u00e0 long terme \u00c9viter de respirer les poussi\u00e8res\/fum\u00e9es\/gaz\/brouillards\/ vapeurs\/a\u00e9rosols. Se laver la peau soigneusement apr\u00e8s manipulation. \u00c9viter le rejet dans l&rsquo;environnement. Porter des gants de protection\/ un \u00e9quipement de protection des yeux\/du visage. En cas d&rsquo;irritation ou d&rsquo;\u00e9ruption cutan\u00e9e: Demander un avis m\u00e9dical\/Consulter un m\u00e9decin. Recueillir le produit r\u00e9pandu.<\/p>\n<p><strong>Composante B (PRO)<\/strong> Danger: Adduit de polyoxypropyl\u00e8ne triamine 3-aminom\u00e9thyl-3,5,5-trim\u00e9thylcyclohexylamine IA (adduit d&rsquo;amine \u00e9poxy) Nocif en cas d&rsquo;ingestion Provoque de graves br\u00fblures de la peau et de graves l\u00e9sions des yeux. Peut provoquer une allergie cutan\u00e9e Toxique pour les organismes aquatiques, entra\u00eene des effets n\u00e9fastes \u00e0 long terme \u00c9viter le rejet dans l&rsquo;environnement. Porter des gants de protection\/des v\u00eatements de protection\/un \u00e9quipement de protection des yeux\/du visage. EN CAS DE CONTACT AVEC LA PEAU (ou les cheveux): Enlever imm\u00e9diatement tous les v\u00eatements contamin\u00e9s. Rincer la peau \u00e0 l&rsquo;eau. EN CAS D&rsquo;INHALATION: Transporter la personne \u00e0 l&rsquo;ext\u00e9rieur et la maintenir dans une position o\u00f9 elle peut confortablement respirer. Appeler imm\u00e9diatement un CENTRE ANTIPOISON\/un m\u00e9decin. EN CAS DE CONTACT AVEC LES YEUX: Rincer avec pr\u00e9caution \u00e0 l&rsquo;eau pendant plusieurs minutes. Enlever les lentilles de contact si la victime en porte et si elles peuvent \u00eatre facilement enlev\u00e9es. Continuer \u00e0 rincer. Appeler imm\u00e9diatement un CENTRE ANTIPOISON\/un m\u00e9decin. Recueillir le produit r\u00e9pandu.<\/p>\n<p><img decoding=\"async\" src=\"https:\/\/www.epodex.com\/de\/wp-content\/uploads\/2019\/12\/hinweise.png\" \/><\/p>\n","protected":false},"excerpt":{"rendered":"<ul>\n<li>Id\u00e9al pour les rev\u00eatements de surface, l&rsquo;artisanat et les coul\u00e9es jusqu&rsquo;\u00e0 2cm (pour les moules de coul\u00e9e plus petits, des hauteurs jusqu&rsquo;\u00e0 5cm sont possibles)<\/li>\n<li>Compatible avec la r\u00e9sine \u00e9poxy -A- PRO<\/li>\n<li>Rapport de m\u00e9lange entre la r\u00e9sine et le durcisseur : 2:1 (par exemple, 1kg A : 0,5kg B)<\/li>\n<li>Applicable sur toutes les surfaces telles que le bois, le b\u00e9ton, le verre et plus encore<\/li>\n<li>Temps de travail : environ 60-120 minutes, temps de durcissement : 16-24 heures<\/li>\n<li>Temps de pot : 65 minutes \u00e0 145g et 20\u00b0C<\/li>\n<li>Forme de d\u00e9part : non pigment\u00e9e \/ transparente. Colorable avec les colorants et pigments \u00e9poxy EPODEX.<\/li>\n<\/ul>\n","protected":false},"featured_media":20337,"comment_status":"open","ping_status":"closed","template":"","meta":[],"product_brand":[],"product_cat":[549,4517],"product_tag":[],"class_list":{"0":"post-28912","1":"product","2":"type-product","3":"status-publish","4":"has-post-thumbnail","6":"product_cat-produits-individuels","7":"product_cat-resine-epoxy-produits-individuels","9":"first","10":"instock","11":"taxable","12":"shipping-taxable","13":"product-type-variable","14":"wvs-archive-product-wrapper"},"yoast_head":"<!-- This site is optimized with the Yoast SEO plugin v26.7 - https:\/\/yoast.com\/wordpress\/plugins\/seo\/ -->\n<title>PRO Durcisseur Epoxy (Composant B) - EPODEX Industries | B2B Plattform<\/title>\n<meta name=\"robots\" content=\"index, follow, max-snippet:-1, max-image-preview:large, max-video-preview:-1\" \/>\n<link rel=\"canonical\" href=\"https:\/\/old.epodex-industries.com\/fr\/produkt\/pro-durcisseur-epoxy-composant-b\/\" \/>\n<meta property=\"og:locale\" content=\"fr_FR\" \/>\n<meta property=\"og:type\" content=\"article\" \/>\n<meta property=\"og:title\" content=\"PRO Durcisseur Epoxy (Composant B) - EPODEX Industries | B2B Plattform\" \/>\n<meta property=\"og:description\" content=\"Id\u00e9al pour les rev\u00eatements de surface, l&#039;artisanat et les coul\u00e9es jusqu&#039;\u00e0 2cm (pour les moules de coul\u00e9e plus petits, des hauteurs jusqu&#039;\u00e0 5cm sont possibles) Compatible avec la r\u00e9sine \u00e9poxy -A- PRO Rapport de m\u00e9lange entre la r\u00e9sine et le durcisseur : 2:1 (par exemple, 1kg A : 0,5kg B) Applicable sur toutes les surfaces telles que le bois, le b\u00e9ton, le verre et plus encore Temps de travail : environ 60-120 minutes, temps de durcissement : 16-24 heures Temps de pot : 65 minutes \u00e0 145g et 20\u00b0C Forme de d\u00e9part : non pigment\u00e9e \/ transparente. Colorable avec les colorants et pigments \u00e9poxy EPODEX.\" \/>\n<meta property=\"og:url\" content=\"https:\/\/old.epodex-industries.com\/fr\/produkt\/pro-durcisseur-epoxy-composant-b\/\" \/>\n<meta property=\"og:site_name\" content=\"EPODEX Industries | B2B Plattform\" \/>\n<meta property=\"article:publisher\" content=\"https:\/\/www.facebook.com\/Epodex\/\" \/>\n<meta property=\"article:modified_time\" content=\"2024-07-24T10:14:31+00:00\" \/>\n<meta property=\"og:image\" content=\"https:\/\/old.epodex-industries.com\/wp-content\/uploads\/2023\/09\/epoxy-haerter-pro-kaufen.jpg.jpg\" \/>\n\t<meta property=\"og:image:width\" content=\"1200\" \/>\n\t<meta property=\"og:image:height\" content=\"800\" \/>\n\t<meta property=\"og:image:type\" content=\"image\/jpeg\" \/>\n<meta name=\"twitter:card\" content=\"summary_large_image\" \/>\n<meta name=\"twitter:label1\" content=\"Dur\u00e9e de lecture estim\u00e9e\" \/>\n\t<meta name=\"twitter:data1\" content=\"5 minutes\" \/>\n<script type=\"application\/ld+json\" class=\"yoast-schema-graph\">{\"@context\":\"https:\/\/schema.org\",\"@graph\":[{\"@type\":\"WebPage\",\"@id\":\"https:\/\/old.epodex-industries.com\/fr\/produkt\/pro-durcisseur-epoxy-composant-b\/\",\"url\":\"https:\/\/old.epodex-industries.com\/fr\/produkt\/pro-durcisseur-epoxy-composant-b\/\",\"name\":\"PRO Durcisseur Epoxy (Composant B) - EPODEX Industries | B2B Plattform\",\"isPartOf\":{\"@id\":\"https:\/\/old.epodex-industries.com\/fr\/#website\"},\"primaryImageOfPage\":{\"@id\":\"https:\/\/old.epodex-industries.com\/fr\/produkt\/pro-durcisseur-epoxy-composant-b\/#primaryimage\"},\"image\":{\"@id\":\"https:\/\/old.epodex-industries.com\/fr\/produkt\/pro-durcisseur-epoxy-composant-b\/#primaryimage\"},\"thumbnailUrl\":\"https:\/\/old.epodex-industries.com\/wp-content\/uploads\/2023\/09\/epoxy-haerter-pro-kaufen.jpg.jpg\",\"datePublished\":\"2024-04-12T12:46:26+00:00\",\"dateModified\":\"2024-07-24T10:14:31+00:00\",\"breadcrumb\":{\"@id\":\"https:\/\/old.epodex-industries.com\/fr\/produkt\/pro-durcisseur-epoxy-composant-b\/#breadcrumb\"},\"inLanguage\":\"fr-FR\",\"potentialAction\":[{\"@type\":\"ReadAction\",\"target\":[\"https:\/\/old.epodex-industries.com\/fr\/produkt\/pro-durcisseur-epoxy-composant-b\/\"]}]},{\"@type\":\"ImageObject\",\"inLanguage\":\"fr-FR\",\"@id\":\"https:\/\/old.epodex-industries.com\/fr\/produkt\/pro-durcisseur-epoxy-composant-b\/#primaryimage\",\"url\":\"https:\/\/old.epodex-industries.com\/wp-content\/uploads\/2023\/09\/epoxy-haerter-pro-kaufen.jpg.jpg\",\"contentUrl\":\"https:\/\/old.epodex-industries.com\/wp-content\/uploads\/2023\/09\/epoxy-haerter-pro-kaufen.jpg.jpg\",\"width\":1200,\"height\":800},{\"@type\":\"BreadcrumbList\",\"@id\":\"https:\/\/old.epodex-industries.com\/fr\/produkt\/pro-durcisseur-epoxy-composant-b\/#breadcrumb\",\"itemListElement\":[{\"@type\":\"ListItem\",\"position\":1,\"name\":\"Startseite\",\"item\":\"https:\/\/old.epodex-industries.com\/fr\/\"},{\"@type\":\"ListItem\",\"position\":2,\"name\":\"Shop\",\"item\":\"https:\/\/old.epodex-industries.com\/fr\/shop\/\"},{\"@type\":\"ListItem\",\"position\":3,\"name\":\"PRO Durcisseur Epoxy (Composant B)\"}]},{\"@type\":\"WebSite\",\"@id\":\"https:\/\/old.epodex-industries.com\/fr\/#website\",\"url\":\"https:\/\/old.epodex-industries.com\/fr\/\",\"name\":\"EPODEX Industries | B2B Plattform\",\"description\":\"Hersteller + Gro\u00dfhandel f\u00fcr Baustoffe\",\"publisher\":{\"@id\":\"https:\/\/old.epodex-industries.com\/fr\/#organization\"},\"alternateName\":\"EPODEX Industries | Hersteller + Gro\u00dfhandel f\u00fcr Baustoffe\",\"potentialAction\":[{\"@type\":\"SearchAction\",\"target\":{\"@type\":\"EntryPoint\",\"urlTemplate\":\"https:\/\/old.epodex-industries.com\/fr\/?s={search_term_string}\"},\"query-input\":{\"@type\":\"PropertyValueSpecification\",\"valueRequired\":true,\"valueName\":\"search_term_string\"}}],\"inLanguage\":\"fr-FR\"},{\"@type\":\"Organization\",\"@id\":\"https:\/\/old.epodex-industries.com\/fr\/#organization\",\"name\":\"EPODEX Industries\",\"url\":\"https:\/\/old.epodex-industries.com\/fr\/\",\"logo\":{\"@type\":\"ImageObject\",\"inLanguage\":\"fr-FR\",\"@id\":\"https:\/\/old.epodex-industries.com\/fr\/#\/schema\/logo\/image\/\",\"url\":\"https:\/\/www.epodex-industries.com\/wp-content\/uploads\/2023\/06\/Logo-Epodex-Rechnung.jpg\",\"contentUrl\":\"https:\/\/www.epodex-industries.com\/wp-content\/uploads\/2023\/06\/Logo-Epodex-Rechnung.jpg\",\"width\":261,\"height\":50,\"caption\":\"EPODEX Industries\"},\"image\":{\"@id\":\"https:\/\/old.epodex-industries.com\/fr\/#\/schema\/logo\/image\/\"},\"sameAs\":[\"https:\/\/www.facebook.com\/Epodex\/\",\"https:\/\/www.instagram.com\/epodex_official\/\",\"https:\/\/www.pinterest.de\/epodex_com\/\",\"https:\/\/www.youtube.com\/channel\/UC7lFrJ9YpN1yg43sTc6q3ow\"]}]}<\/script>\n<!-- \/ Yoast SEO plugin. -->","yoast_head_json":{"title":"PRO Durcisseur Epoxy (Composant B) - EPODEX Industries | B2B Plattform","robots":{"index":"index","follow":"follow","max-snippet":"max-snippet:-1","max-image-preview":"max-image-preview:large","max-video-preview":"max-video-preview:-1"},"canonical":"https:\/\/old.epodex-industries.com\/fr\/produkt\/pro-durcisseur-epoxy-composant-b\/","og_locale":"fr_FR","og_type":"article","og_title":"PRO Durcisseur Epoxy (Composant B) - EPODEX Industries | B2B Plattform","og_description":"Id\u00e9al pour les rev\u00eatements de surface, l'artisanat et les coul\u00e9es jusqu'\u00e0 2cm (pour les moules de coul\u00e9e plus petits, des hauteurs jusqu'\u00e0 5cm sont possibles) Compatible avec la r\u00e9sine \u00e9poxy -A- PRO Rapport de m\u00e9lange entre la r\u00e9sine et le durcisseur : 2:1 (par exemple, 1kg A : 0,5kg B) Applicable sur toutes les surfaces telles que le bois, le b\u00e9ton, le verre et plus encore Temps de travail : environ 60-120 minutes, temps de durcissement : 16-24 heures Temps de pot : 65 minutes \u00e0 145g et 20\u00b0C Forme de d\u00e9part : non pigment\u00e9e \/ transparente. Colorable avec les colorants et pigments \u00e9poxy EPODEX.","og_url":"https:\/\/old.epodex-industries.com\/fr\/produkt\/pro-durcisseur-epoxy-composant-b\/","og_site_name":"EPODEX Industries | B2B Plattform","article_publisher":"https:\/\/www.facebook.com\/Epodex\/","article_modified_time":"2024-07-24T10:14:31+00:00","og_image":[{"width":1200,"height":800,"url":"https:\/\/old.epodex-industries.com\/wp-content\/uploads\/2023\/09\/epoxy-haerter-pro-kaufen.jpg.jpg","type":"image\/jpeg"}],"twitter_card":"summary_large_image","twitter_misc":{"Dur\u00e9e de lecture estim\u00e9e":"5 minutes"},"schema":{"@context":"https:\/\/schema.org","@graph":[{"@type":"WebPage","@id":"https:\/\/old.epodex-industries.com\/fr\/produkt\/pro-durcisseur-epoxy-composant-b\/","url":"https:\/\/old.epodex-industries.com\/fr\/produkt\/pro-durcisseur-epoxy-composant-b\/","name":"PRO Durcisseur Epoxy (Composant B) - EPODEX Industries | B2B Plattform","isPartOf":{"@id":"https:\/\/old.epodex-industries.com\/fr\/#website"},"primaryImageOfPage":{"@id":"https:\/\/old.epodex-industries.com\/fr\/produkt\/pro-durcisseur-epoxy-composant-b\/#primaryimage"},"image":{"@id":"https:\/\/old.epodex-industries.com\/fr\/produkt\/pro-durcisseur-epoxy-composant-b\/#primaryimage"},"thumbnailUrl":"https:\/\/old.epodex-industries.com\/wp-content\/uploads\/2023\/09\/epoxy-haerter-pro-kaufen.jpg.jpg","datePublished":"2024-04-12T12:46:26+00:00","dateModified":"2024-07-24T10:14:31+00:00","breadcrumb":{"@id":"https:\/\/old.epodex-industries.com\/fr\/produkt\/pro-durcisseur-epoxy-composant-b\/#breadcrumb"},"inLanguage":"fr-FR","potentialAction":[{"@type":"ReadAction","target":["https:\/\/old.epodex-industries.com\/fr\/produkt\/pro-durcisseur-epoxy-composant-b\/"]}]},{"@type":"ImageObject","inLanguage":"fr-FR","@id":"https:\/\/old.epodex-industries.com\/fr\/produkt\/pro-durcisseur-epoxy-composant-b\/#primaryimage","url":"https:\/\/old.epodex-industries.com\/wp-content\/uploads\/2023\/09\/epoxy-haerter-pro-kaufen.jpg.jpg","contentUrl":"https:\/\/old.epodex-industries.com\/wp-content\/uploads\/2023\/09\/epoxy-haerter-pro-kaufen.jpg.jpg","width":1200,"height":800},{"@type":"BreadcrumbList","@id":"https:\/\/old.epodex-industries.com\/fr\/produkt\/pro-durcisseur-epoxy-composant-b\/#breadcrumb","itemListElement":[{"@type":"ListItem","position":1,"name":"Startseite","item":"https:\/\/old.epodex-industries.com\/fr\/"},{"@type":"ListItem","position":2,"name":"Shop","item":"https:\/\/old.epodex-industries.com\/fr\/shop\/"},{"@type":"ListItem","position":3,"name":"PRO Durcisseur Epoxy (Composant B)"}]},{"@type":"WebSite","@id":"https:\/\/old.epodex-industries.com\/fr\/#website","url":"https:\/\/old.epodex-industries.com\/fr\/","name":"EPODEX Industries | B2B Plattform","description":"Hersteller + Gro\u00dfhandel f\u00fcr Baustoffe","publisher":{"@id":"https:\/\/old.epodex-industries.com\/fr\/#organization"},"alternateName":"EPODEX Industries | Hersteller + Gro\u00dfhandel f\u00fcr Baustoffe","potentialAction":[{"@type":"SearchAction","target":{"@type":"EntryPoint","urlTemplate":"https:\/\/old.epodex-industries.com\/fr\/?s={search_term_string}"},"query-input":{"@type":"PropertyValueSpecification","valueRequired":true,"valueName":"search_term_string"}}],"inLanguage":"fr-FR"},{"@type":"Organization","@id":"https:\/\/old.epodex-industries.com\/fr\/#organization","name":"EPODEX Industries","url":"https:\/\/old.epodex-industries.com\/fr\/","logo":{"@type":"ImageObject","inLanguage":"fr-FR","@id":"https:\/\/old.epodex-industries.com\/fr\/#\/schema\/logo\/image\/","url":"https:\/\/www.epodex-industries.com\/wp-content\/uploads\/2023\/06\/Logo-Epodex-Rechnung.jpg","contentUrl":"https:\/\/www.epodex-industries.com\/wp-content\/uploads\/2023\/06\/Logo-Epodex-Rechnung.jpg","width":261,"height":50,"caption":"EPODEX Industries"},"image":{"@id":"https:\/\/old.epodex-industries.com\/fr\/#\/schema\/logo\/image\/"},"sameAs":["https:\/\/www.facebook.com\/Epodex\/","https:\/\/www.instagram.com\/epodex_official\/","https:\/\/www.pinterest.de\/epodex_com\/","https:\/\/www.youtube.com\/channel\/UC7lFrJ9YpN1yg43sTc6q3ow"]}]}},"_links":{"self":[{"href":"https:\/\/old.epodex-industries.com\/fr\/wp-json\/wp\/v2\/product\/28912","targetHints":{"allow":["GET"]}}],"collection":[{"href":"https:\/\/old.epodex-industries.com\/fr\/wp-json\/wp\/v2\/product"}],"about":[{"href":"https:\/\/old.epodex-industries.com\/fr\/wp-json\/wp\/v2\/types\/product"}],"replies":[{"embeddable":true,"href":"https:\/\/old.epodex-industries.com\/fr\/wp-json\/wp\/v2\/comments?post=28912"}],"wp:featuredmedia":[{"embeddable":true,"href":"https:\/\/old.epodex-industries.com\/fr\/wp-json\/wp\/v2\/media\/20337"}],"wp:attachment":[{"href":"https:\/\/old.epodex-industries.com\/fr\/wp-json\/wp\/v2\/media?parent=28912"}],"wp:term":[{"taxonomy":"product_brand","embeddable":true,"href":"https:\/\/old.epodex-industries.com\/fr\/wp-json\/wp\/v2\/product_brand?post=28912"},{"taxonomy":"product_cat","embeddable":true,"href":"https:\/\/old.epodex-industries.com\/fr\/wp-json\/wp\/v2\/product_cat?post=28912"},{"taxonomy":"product_tag","embeddable":true,"href":"https:\/\/old.epodex-industries.com\/fr\/wp-json\/wp\/v2\/product_tag?post=28912"}],"curies":[{"name":"wp","href":"https:\/\/api.w.org\/{rel}","templated":true}]}}