{"id":28908,"date":"2024-04-12T14:46:24","date_gmt":"2024-04-12T12:46:24","guid":{"rendered":"https:\/\/www.epodex-industries.com\/produkt\/eco-max-durcisseur-epoxy-composant-b\/"},"modified":"2024-07-24T12:14:35","modified_gmt":"2024-07-24T10:14:35","slug":"eco-max-durcisseur-epoxy-composant-b","status":"publish","type":"product","link":"https:\/\/old.epodex-industries.com\/fr\/produit\/eco-max-durcisseur-epoxy-composant-b\/","title":{"rendered":"ECO MAX Durcisseur Epoxy (Composant B)"},"content":{"rendered":"<h2>EPODEX &#8211; ECO MAX System (R\u00e9sine+Durcisseur)<\/h2>\n<p>Le syst\u00e8me de r\u00e9sine \u00e9poxy ECO MAX convient \u00e0 un large \u00e9ventail d&rsquo;applications. Il s&rsquo;agit de notre syst\u00e8me de coul\u00e9e haut de gamme con\u00e7u pour la r\u00e9alisation de tables rivi\u00e8re et d&rsquo;autres objets de grand format. Ce syst\u00e8me est compatible avec toutes nos peintures pour r\u00e9sine \u00e9poxy.<\/p>\n<hr \/>\n<h3>Consignes d&rsquo;utilisation<\/h3>\n<ol>\n<li>Commencez toujours par un appr\u00eat \u00e0 base de r\u00e9sine \u00e9poxy pour \u00e9viter les pertes de mat\u00e9riau et les cloques importantes (\u00e9paisseur de couche: 0,2-0,5mm). Utilisez simplement une portion de la m\u00eame r\u00e9sine \u00e9poxy transparente. M\u00e9langez le contenu de la r\u00e9sine (A) avec le contenu du durcisseur (B) dans un rapport de m\u00e9lange de 2:1 (par exemple, 2kg de r\u00e9sine : 1kg de durcisseur).<\/li>\n<li>M\u00e9langez bien le bord et le fond du gobelet \u00e0 m\u00e9lange puisque le produit \u00e0 tendance \u00e0 s&rsquo;y d\u00e9poser. Id\u00e9alement, versez le m\u00e9lange dans un r\u00e9cipient propre et rem\u00e9langez jusqu&rsquo;\u00e0 ce que le m\u00e9lange soit sans trace donc, uniforme. Cela garantira que la r\u00e9sine (A) et le durcisseur (B) sont compl\u00e8tement m\u00e9lang\u00e9s.<\/li>\n<li>Versez le produit sur la surface \u00e0 rev\u00eatir <strong><u>imm\u00e9diatement<\/u><\/strong> apr\u00e8s le m\u00e9lange, car d\u00e9pendamment du syst\u00e9me et de la quantit\u00e9, le m\u00e9lange peut bouillir dans le gobelet \u00e0 m\u00e9lange.<\/li>\n<li>\u00c9talez l&rsquo;appr\u00eat d\u2018\u00e9poxy avec un rouleau \u00e0 peinture ou un pinceau sur la surface souhait\u00e9e. Nous recommandons l\u2019utilisation de rouleaux en polyamide. Laissez durcir l&rsquo;appr\u00eat.<\/li>\n<li>Continuez avec le rev\u00eatement principal de la m\u00eame mani\u00e8re. Les temps de traitement, les hauteurs de coul\u00e9e et les temps de durcissement varient en fonction du syst\u00e8me de r\u00e9sine \u00e9poxy choisi et de l&rsquo;application d\u00e9sir\u00e9e. Vous trouverez des informations plus d\u00e9taill\u00e9es dans notre grille d\u2019information qui est disponible sur cette page sous le bouton \u00abEn savoir plus\u00bb.<\/li>\n<\/ol>\n<p><strong>Info: <\/strong>Durant la p\u00e9riode de durcissement, la r\u00e9sine \u00e9poxy est sensible \u00e0 toute forme d&rsquo;humidit\u00e9 (risque : formation de bleuissement d&rsquo;amine, c&rsquo;est-\u00e0-dire de taches blanches dans la couche sup\u00e9rieure). C&rsquo;est pourquoi nous recommandons de ne pas mettre la r\u00e9sine \u00e9poxy en contact avec de l&rsquo;eau jusqu&rsquo;au durcissement chimique complet (au moins 14 jours). Pour les couches minces, les temp\u00e9ratures froides (temp\u00e9rature ambiante, du support et de la r\u00e9sine inf\u00e9rieure \u00e0 20\u00b0C) et l&rsquo;humidit\u00e9 \u00e9lev\u00e9e, le temps n\u00e9cessaire au durcissement complet de la r\u00e9sine \u00e9poxy peut \u00eatre plus long.\n<\/ol>\n<hr \/>\n<h3>Les volumes de consommation<\/h3>\n<p>D\u00e9terminez la quantit\u00e9 requise \u00e0 l&rsquo;aide de notre \u00abcalculateur d\u2018\u00e9poxy\u00bb sur cette page.<\/p>\n<p><strong>\u00c9paisseurs recommand\u00e9es lors du rev\u00eatement de sols et autres surfaces<\/strong><\/p>\n<li>Rev\u00eatement total (appr\u00eat + couche principal): environ 1,65-2,20kg\/m\u00b2 avec une \u00e9paisseur de couche de 1,5-2,0mm<\/li>\n<li>Appr\u00eat: environ 0,22-0,55kg\/m\u00b2 avec une \u00e9paisseur de couche de 0,2-0,5mm<\/li>\n<li>Couche principale: environ 1,10-1,65kg\/m\u00b2 avec une \u00e9paisseur de couche de 1,0-1,5mm<\/li>\n<\/ul>\n<p><strong>Recommandation de colorant \u00e0 ajouter par kg de r\u00e9sine+durcisseur :<\/strong><\/p>\n<ul>\n<li>Pour les pigments en poudre (M\u00e9tallique, N\u00e9on et Glow in the dark), 1,5% (15g),<\/li>\n<li>Pour les couleurs transparentes (sauf le white, black et grey): 60 gouttes (1,8g),<\/li>\n<li>Pour les couleurs transparentes white, black et grey: 20 gouttes (0,6g),<\/li>\n<li>Pour les couleurs semi-transparentes (sauf le white): 40 gouttes (1,2g) de la couleur souhait\u00e9e et 20 gouttes (0,6g) de colorant blanc,<\/li>\n<li>Pour la couleur semi-transparente white: 60 gouttes (1,8g),<\/li>\n<li>Pour les couleurs unies RAL: 1% (10g),<\/li>\n<li>Pour les pigments en glitter: 1% (10g)<\/li>\n<\/ul>\n<hr \/>\n<p><strong>Service \u00e0 la client\u00e8le:<\/strong> Si vous avez d&rsquo;autres questions, contactez-nous par t\u00e9l\u00e9phone, par courrier \u00e9lectronique ou utilisez notre support WhatsApp.<\/p>\n<p><strong>Remarque:<\/strong> Veuillez noter qu&rsquo;en raison des conditions d&rsquo;\u00e9clairage et des diff\u00e9rents moniteurs, les couleurs peuvent ne pas \u00eatre affich\u00e9es de mani\u00e8re uniforme.<\/p>\n<hr \/>\n<h3>Ingr\u00e9dients, mentions de danger et s\u00e9curit\u00e9<\/h3>\n<p><strong>Composante A (ECO)<\/strong> Attention: 2,2&prime;-[(1-m\u00e9thyl\u00e9thylid\u00e8ne)bis(4,1-ph\u00e9nyl\u00e8neoxym\u00e9thyl\u00e8ne)]bisoxirane Masse r\u00e9actionnelle de 2,2&prime;-[m\u00e9thyl\u00e8nebis(4, 1-ph\u00e9nyl\u00e8neoxym\u00e9thyl\u00e8ne)]dioxirane et [2-({2-[4-(oxiran-2-ylm\u00e9thoxy)benzyl]ph\u00e9noxy}m\u00e9thyl)oxirane et [2,2&prime;-[m\u00e9thyl\u00e8nebis(2,1-ph\u00e9nyl\u00e8neoxym\u00e9thyl\u00e8ne)]dioxirane Oxirane, d\u00e9riv\u00e9s mono((C12-14-alkyloxy)m\u00e9thyl)Oxirane, d\u00e9riv\u00e9s mono((C12-14-alkyloxy)m\u00e9thyl) Provoque une irritation cutan\u00e9e Provoque une s\u00e9v\u00e8re irritation des yeux Peut provoquer une allergie cutan\u00e9e Toxique pour les organismes aquatiques, entra\u00eene des effets n\u00e9fastes \u00e0 long terme \u00c9viter de respirer les poussi\u00e8res\/fum\u00e9es\/gaz\/brouillards\/ vapeurs\/a\u00e9rosols. \u00c9viter le rejet dans l&rsquo;environnement. Porter des gants de protection\/ un \u00e9quipement de protection des yeux\/du visage. EN CAS DE CONTACT AVEC LES YEUX: Rincer avec pr\u00e9caution \u00e0 l&rsquo;eau pendant plusieurs minutes. Enlever les lentilles de contact si la victime en porte et si elles peuvent \u00eatre facilement enlev\u00e9es. Continuer \u00e0 rincer. En cas d&rsquo;irritation ou d&rsquo;\u00e9ruption cutan\u00e9e: Demander un avis m\u00e9dical\/Consulter un m\u00e9decin. \u00c9liminer le contenu\/r\u00e9cipient dans des contenants s\u00e9curitaires et conform\u00e9ment \u00e0 la r\u00e9glementation locale, r\u00e9gionale ou nationale Contient des compos\u00e9s \u00e9poxydiques. Peut produire une r\u00e9action allergique. <\/p>\n<p><strong>Composante B (ECO MAX)<\/strong> Danger: Polyoxypropyl\u00e8ne triamine Nocif en cas d&rsquo;ingestion ou de contact cutan\u00e9 Provoque de graves l\u00e9sions des yeux. Toxique pour les organismes aquatiques, entra\u00eene des effets n\u00e9fastes \u00e0 long terme Se laver la peau soigneusement apr\u00e8s manipulation. \u00c9viter le rejet dans l&rsquo;environnement. Porter des gants de protection\/des v\u00eatements de protection\/un \u00e9quipement de protection des yeux\/du visage. EN CAS DE CONTACT AVEC LA PEAU: Laver abondamment \u00e0 l&rsquo;eau. Appeler un CENTRE ANTIPOISON\/un m\u00e9decin en cas de malaise. EN CAS DE CONTACT AVEC LES YEUX: Rincer avec pr\u00e9caution \u00e0 l&rsquo;eau pendant plusieurs minutes. Enlever les lentilles de contact si la victime en porte et si elles peuvent \u00eatre facilement enlev\u00e9es. Continuer \u00e0 rincer. Appeler imm\u00e9diatement un CENTRE ANTIPOISON\/un m\u00e9decin. Recueillir le produit r\u00e9pandu.<\/p>\n<p><img decoding=\"async\" src=\"https:\/\/www.epodex.com\/de\/wp-content\/uploads\/2019\/12\/hinweise.png\" \/><\/p>\n","protected":false},"excerpt":{"rendered":"<ul>\n<li>Id\u00e9al pour la construction de tables en rivi\u00e8re, l&rsquo;artisanat et les coul\u00e9es jusqu&rsquo;\u00e0 10 cm (Pour des moules de coul\u00e9e plus petits, des hauteurs jusqu&rsquo;\u00e0 50 cm sont possibles)<\/li>\n<li>Compatible avec la r\u00e9sine \u00e9poxy -A- ECO<\/li>\n<li>Rapport de m\u00e9lange entre la r\u00e9sine et le durcisseur : 2:1 (par exemple, 1 kg A : 0,5 kg B)<\/li>\n<li>Applicable sur toutes les surfaces telles que le bois, le b\u00e9ton, le verre et plus encore<\/li>\n<li>Temps de travail : environ 8 heures, temps de durcissement : 72-96 heures<\/li>\n<li>Temps de pot : 8 heures pour 10 kg \u00e0 20 \u00b0C<\/li>\n<li>Forme initiale : incolore \/ transparente. Peut \u00eatre color\u00e9 avec des colorants et des pigments pour r\u00e9sine \u00e9poxy EPODEX<\/li>\n<\/ul>\n","protected":false},"featured_media":20347,"comment_status":"open","ping_status":"closed","template":"","meta":[],"product_brand":[],"product_cat":[549,4517],"product_tag":[],"class_list":{"0":"post-28908","1":"product","2":"type-product","3":"status-publish","4":"has-post-thumbnail","6":"product_cat-produits-individuels","7":"product_cat-resine-epoxy-produits-individuels","9":"first","10":"instock","11":"taxable","12":"shipping-taxable","13":"product-type-variable","14":"wvs-archive-product-wrapper"},"yoast_head":"<!-- This site is optimized with the Yoast SEO plugin v26.7 - https:\/\/yoast.com\/wordpress\/plugins\/seo\/ -->\n<title>ECO MAX Durcisseur Epoxy (Composant B) - EPODEX Industries | B2B Plattform<\/title>\n<meta name=\"robots\" content=\"index, follow, max-snippet:-1, max-image-preview:large, max-video-preview:-1\" \/>\n<link rel=\"canonical\" href=\"https:\/\/old.epodex-industries.com\/fr\/produkt\/eco-max-durcisseur-epoxy-composant-b\/\" \/>\n<meta property=\"og:locale\" content=\"fr_FR\" \/>\n<meta property=\"og:type\" content=\"article\" \/>\n<meta property=\"og:title\" content=\"ECO MAX Durcisseur Epoxy (Composant B) - EPODEX Industries | B2B Plattform\" \/>\n<meta property=\"og:description\" content=\"Id\u00e9al pour la construction de tables en rivi\u00e8re, l&#039;artisanat et les coul\u00e9es jusqu&#039;\u00e0 10 cm (Pour des moules de coul\u00e9e plus petits, des hauteurs jusqu&#039;\u00e0 50 cm sont possibles) Compatible avec la r\u00e9sine \u00e9poxy -A- ECO Rapport de m\u00e9lange entre la r\u00e9sine et le durcisseur : 2:1 (par exemple, 1 kg A : 0,5 kg B) Applicable sur toutes les surfaces telles que le bois, le b\u00e9ton, le verre et plus encore Temps de travail : environ 8 heures, temps de durcissement : 72-96 heures Temps de pot : 8 heures pour 10 kg \u00e0 20 \u00b0C Forme initiale : incolore \/ transparente. Peut \u00eatre color\u00e9 avec des colorants et des pigments pour r\u00e9sine \u00e9poxy EPODEX\" \/>\n<meta property=\"og:url\" content=\"https:\/\/old.epodex-industries.com\/fr\/produkt\/eco-max-durcisseur-epoxy-composant-b\/\" \/>\n<meta property=\"og:site_name\" content=\"EPODEX Industries | B2B Plattform\" \/>\n<meta property=\"article:publisher\" content=\"https:\/\/www.facebook.com\/Epodex\/\" \/>\n<meta property=\"article:modified_time\" content=\"2024-07-24T10:14:35+00:00\" \/>\n<meta property=\"og:image\" content=\"https:\/\/old.epodex-industries.com\/wp-content\/uploads\/2023\/09\/epoxy-haerter-eco-max-kaufen.jpg.jpg\" \/>\n\t<meta property=\"og:image:width\" content=\"1200\" \/>\n\t<meta property=\"og:image:height\" content=\"800\" \/>\n\t<meta property=\"og:image:type\" content=\"image\/jpeg\" \/>\n<meta name=\"twitter:card\" content=\"summary_large_image\" \/>\n<meta name=\"twitter:label1\" content=\"Dur\u00e9e de lecture estim\u00e9e\" \/>\n\t<meta name=\"twitter:data1\" content=\"5 minutes\" \/>\n<script type=\"application\/ld+json\" class=\"yoast-schema-graph\">{\"@context\":\"https:\/\/schema.org\",\"@graph\":[{\"@type\":\"WebPage\",\"@id\":\"https:\/\/old.epodex-industries.com\/fr\/produkt\/eco-max-durcisseur-epoxy-composant-b\/\",\"url\":\"https:\/\/old.epodex-industries.com\/fr\/produkt\/eco-max-durcisseur-epoxy-composant-b\/\",\"name\":\"ECO MAX Durcisseur Epoxy (Composant B) - EPODEX Industries | B2B Plattform\",\"isPartOf\":{\"@id\":\"https:\/\/old.epodex-industries.com\/fr\/#website\"},\"primaryImageOfPage\":{\"@id\":\"https:\/\/old.epodex-industries.com\/fr\/produkt\/eco-max-durcisseur-epoxy-composant-b\/#primaryimage\"},\"image\":{\"@id\":\"https:\/\/old.epodex-industries.com\/fr\/produkt\/eco-max-durcisseur-epoxy-composant-b\/#primaryimage\"},\"thumbnailUrl\":\"https:\/\/old.epodex-industries.com\/wp-content\/uploads\/2023\/09\/epoxy-haerter-eco-max-kaufen.jpg.jpg\",\"datePublished\":\"2024-04-12T12:46:24+00:00\",\"dateModified\":\"2024-07-24T10:14:35+00:00\",\"breadcrumb\":{\"@id\":\"https:\/\/old.epodex-industries.com\/fr\/produkt\/eco-max-durcisseur-epoxy-composant-b\/#breadcrumb\"},\"inLanguage\":\"fr-FR\",\"potentialAction\":[{\"@type\":\"ReadAction\",\"target\":[\"https:\/\/old.epodex-industries.com\/fr\/produkt\/eco-max-durcisseur-epoxy-composant-b\/\"]}]},{\"@type\":\"ImageObject\",\"inLanguage\":\"fr-FR\",\"@id\":\"https:\/\/old.epodex-industries.com\/fr\/produkt\/eco-max-durcisseur-epoxy-composant-b\/#primaryimage\",\"url\":\"https:\/\/old.epodex-industries.com\/wp-content\/uploads\/2023\/09\/epoxy-haerter-eco-max-kaufen.jpg.jpg\",\"contentUrl\":\"https:\/\/old.epodex-industries.com\/wp-content\/uploads\/2023\/09\/epoxy-haerter-eco-max-kaufen.jpg.jpg\",\"width\":1200,\"height\":800},{\"@type\":\"BreadcrumbList\",\"@id\":\"https:\/\/old.epodex-industries.com\/fr\/produkt\/eco-max-durcisseur-epoxy-composant-b\/#breadcrumb\",\"itemListElement\":[{\"@type\":\"ListItem\",\"position\":1,\"name\":\"Startseite\",\"item\":\"https:\/\/old.epodex-industries.com\/fr\/\"},{\"@type\":\"ListItem\",\"position\":2,\"name\":\"Shop\",\"item\":\"https:\/\/old.epodex-industries.com\/fr\/shop\/\"},{\"@type\":\"ListItem\",\"position\":3,\"name\":\"ECO MAX Durcisseur Epoxy (Composant B)\"}]},{\"@type\":\"WebSite\",\"@id\":\"https:\/\/old.epodex-industries.com\/fr\/#website\",\"url\":\"https:\/\/old.epodex-industries.com\/fr\/\",\"name\":\"EPODEX Industries | B2B Plattform\",\"description\":\"Hersteller + Gro\u00dfhandel f\u00fcr Baustoffe\",\"publisher\":{\"@id\":\"https:\/\/old.epodex-industries.com\/fr\/#organization\"},\"alternateName\":\"EPODEX Industries | Hersteller + Gro\u00dfhandel f\u00fcr Baustoffe\",\"potentialAction\":[{\"@type\":\"SearchAction\",\"target\":{\"@type\":\"EntryPoint\",\"urlTemplate\":\"https:\/\/old.epodex-industries.com\/fr\/?s={search_term_string}\"},\"query-input\":{\"@type\":\"PropertyValueSpecification\",\"valueRequired\":true,\"valueName\":\"search_term_string\"}}],\"inLanguage\":\"fr-FR\"},{\"@type\":\"Organization\",\"@id\":\"https:\/\/old.epodex-industries.com\/fr\/#organization\",\"name\":\"EPODEX Industries\",\"url\":\"https:\/\/old.epodex-industries.com\/fr\/\",\"logo\":{\"@type\":\"ImageObject\",\"inLanguage\":\"fr-FR\",\"@id\":\"https:\/\/old.epodex-industries.com\/fr\/#\/schema\/logo\/image\/\",\"url\":\"https:\/\/www.epodex-industries.com\/wp-content\/uploads\/2023\/06\/Logo-Epodex-Rechnung.jpg\",\"contentUrl\":\"https:\/\/www.epodex-industries.com\/wp-content\/uploads\/2023\/06\/Logo-Epodex-Rechnung.jpg\",\"width\":261,\"height\":50,\"caption\":\"EPODEX Industries\"},\"image\":{\"@id\":\"https:\/\/old.epodex-industries.com\/fr\/#\/schema\/logo\/image\/\"},\"sameAs\":[\"https:\/\/www.facebook.com\/Epodex\/\",\"https:\/\/www.instagram.com\/epodex_official\/\",\"https:\/\/www.pinterest.de\/epodex_com\/\",\"https:\/\/www.youtube.com\/channel\/UC7lFrJ9YpN1yg43sTc6q3ow\"]}]}<\/script>\n<!-- \/ Yoast SEO plugin. -->","yoast_head_json":{"title":"ECO MAX Durcisseur Epoxy (Composant B) - EPODEX Industries | B2B Plattform","robots":{"index":"index","follow":"follow","max-snippet":"max-snippet:-1","max-image-preview":"max-image-preview:large","max-video-preview":"max-video-preview:-1"},"canonical":"https:\/\/old.epodex-industries.com\/fr\/produkt\/eco-max-durcisseur-epoxy-composant-b\/","og_locale":"fr_FR","og_type":"article","og_title":"ECO MAX Durcisseur Epoxy (Composant B) - EPODEX Industries | B2B Plattform","og_description":"Id\u00e9al pour la construction de tables en rivi\u00e8re, l'artisanat et les coul\u00e9es jusqu'\u00e0 10 cm (Pour des moules de coul\u00e9e plus petits, des hauteurs jusqu'\u00e0 50 cm sont possibles) Compatible avec la r\u00e9sine \u00e9poxy -A- ECO Rapport de m\u00e9lange entre la r\u00e9sine et le durcisseur : 2:1 (par exemple, 1 kg A : 0,5 kg B) Applicable sur toutes les surfaces telles que le bois, le b\u00e9ton, le verre et plus encore Temps de travail : environ 8 heures, temps de durcissement : 72-96 heures Temps de pot : 8 heures pour 10 kg \u00e0 20 \u00b0C Forme initiale : incolore \/ transparente. Peut \u00eatre color\u00e9 avec des colorants et des pigments pour r\u00e9sine \u00e9poxy EPODEX","og_url":"https:\/\/old.epodex-industries.com\/fr\/produkt\/eco-max-durcisseur-epoxy-composant-b\/","og_site_name":"EPODEX Industries | B2B Plattform","article_publisher":"https:\/\/www.facebook.com\/Epodex\/","article_modified_time":"2024-07-24T10:14:35+00:00","og_image":[{"width":1200,"height":800,"url":"https:\/\/old.epodex-industries.com\/wp-content\/uploads\/2023\/09\/epoxy-haerter-eco-max-kaufen.jpg.jpg","type":"image\/jpeg"}],"twitter_card":"summary_large_image","twitter_misc":{"Dur\u00e9e de lecture estim\u00e9e":"5 minutes"},"schema":{"@context":"https:\/\/schema.org","@graph":[{"@type":"WebPage","@id":"https:\/\/old.epodex-industries.com\/fr\/produkt\/eco-max-durcisseur-epoxy-composant-b\/","url":"https:\/\/old.epodex-industries.com\/fr\/produkt\/eco-max-durcisseur-epoxy-composant-b\/","name":"ECO MAX Durcisseur Epoxy (Composant B) - EPODEX Industries | B2B Plattform","isPartOf":{"@id":"https:\/\/old.epodex-industries.com\/fr\/#website"},"primaryImageOfPage":{"@id":"https:\/\/old.epodex-industries.com\/fr\/produkt\/eco-max-durcisseur-epoxy-composant-b\/#primaryimage"},"image":{"@id":"https:\/\/old.epodex-industries.com\/fr\/produkt\/eco-max-durcisseur-epoxy-composant-b\/#primaryimage"},"thumbnailUrl":"https:\/\/old.epodex-industries.com\/wp-content\/uploads\/2023\/09\/epoxy-haerter-eco-max-kaufen.jpg.jpg","datePublished":"2024-04-12T12:46:24+00:00","dateModified":"2024-07-24T10:14:35+00:00","breadcrumb":{"@id":"https:\/\/old.epodex-industries.com\/fr\/produkt\/eco-max-durcisseur-epoxy-composant-b\/#breadcrumb"},"inLanguage":"fr-FR","potentialAction":[{"@type":"ReadAction","target":["https:\/\/old.epodex-industries.com\/fr\/produkt\/eco-max-durcisseur-epoxy-composant-b\/"]}]},{"@type":"ImageObject","inLanguage":"fr-FR","@id":"https:\/\/old.epodex-industries.com\/fr\/produkt\/eco-max-durcisseur-epoxy-composant-b\/#primaryimage","url":"https:\/\/old.epodex-industries.com\/wp-content\/uploads\/2023\/09\/epoxy-haerter-eco-max-kaufen.jpg.jpg","contentUrl":"https:\/\/old.epodex-industries.com\/wp-content\/uploads\/2023\/09\/epoxy-haerter-eco-max-kaufen.jpg.jpg","width":1200,"height":800},{"@type":"BreadcrumbList","@id":"https:\/\/old.epodex-industries.com\/fr\/produkt\/eco-max-durcisseur-epoxy-composant-b\/#breadcrumb","itemListElement":[{"@type":"ListItem","position":1,"name":"Startseite","item":"https:\/\/old.epodex-industries.com\/fr\/"},{"@type":"ListItem","position":2,"name":"Shop","item":"https:\/\/old.epodex-industries.com\/fr\/shop\/"},{"@type":"ListItem","position":3,"name":"ECO MAX Durcisseur Epoxy (Composant B)"}]},{"@type":"WebSite","@id":"https:\/\/old.epodex-industries.com\/fr\/#website","url":"https:\/\/old.epodex-industries.com\/fr\/","name":"EPODEX Industries | B2B Plattform","description":"Hersteller + Gro\u00dfhandel f\u00fcr Baustoffe","publisher":{"@id":"https:\/\/old.epodex-industries.com\/fr\/#organization"},"alternateName":"EPODEX Industries | Hersteller + Gro\u00dfhandel f\u00fcr Baustoffe","potentialAction":[{"@type":"SearchAction","target":{"@type":"EntryPoint","urlTemplate":"https:\/\/old.epodex-industries.com\/fr\/?s={search_term_string}"},"query-input":{"@type":"PropertyValueSpecification","valueRequired":true,"valueName":"search_term_string"}}],"inLanguage":"fr-FR"},{"@type":"Organization","@id":"https:\/\/old.epodex-industries.com\/fr\/#organization","name":"EPODEX Industries","url":"https:\/\/old.epodex-industries.com\/fr\/","logo":{"@type":"ImageObject","inLanguage":"fr-FR","@id":"https:\/\/old.epodex-industries.com\/fr\/#\/schema\/logo\/image\/","url":"https:\/\/www.epodex-industries.com\/wp-content\/uploads\/2023\/06\/Logo-Epodex-Rechnung.jpg","contentUrl":"https:\/\/www.epodex-industries.com\/wp-content\/uploads\/2023\/06\/Logo-Epodex-Rechnung.jpg","width":261,"height":50,"caption":"EPODEX Industries"},"image":{"@id":"https:\/\/old.epodex-industries.com\/fr\/#\/schema\/logo\/image\/"},"sameAs":["https:\/\/www.facebook.com\/Epodex\/","https:\/\/www.instagram.com\/epodex_official\/","https:\/\/www.pinterest.de\/epodex_com\/","https:\/\/www.youtube.com\/channel\/UC7lFrJ9YpN1yg43sTc6q3ow"]}]}},"_links":{"self":[{"href":"https:\/\/old.epodex-industries.com\/fr\/wp-json\/wp\/v2\/product\/28908","targetHints":{"allow":["GET"]}}],"collection":[{"href":"https:\/\/old.epodex-industries.com\/fr\/wp-json\/wp\/v2\/product"}],"about":[{"href":"https:\/\/old.epodex-industries.com\/fr\/wp-json\/wp\/v2\/types\/product"}],"replies":[{"embeddable":true,"href":"https:\/\/old.epodex-industries.com\/fr\/wp-json\/wp\/v2\/comments?post=28908"}],"wp:featuredmedia":[{"embeddable":true,"href":"https:\/\/old.epodex-industries.com\/fr\/wp-json\/wp\/v2\/media\/20347"}],"wp:attachment":[{"href":"https:\/\/old.epodex-industries.com\/fr\/wp-json\/wp\/v2\/media?parent=28908"}],"wp:term":[{"taxonomy":"product_brand","embeddable":true,"href":"https:\/\/old.epodex-industries.com\/fr\/wp-json\/wp\/v2\/product_brand?post=28908"},{"taxonomy":"product_cat","embeddable":true,"href":"https:\/\/old.epodex-industries.com\/fr\/wp-json\/wp\/v2\/product_cat?post=28908"},{"taxonomy":"product_tag","embeddable":true,"href":"https:\/\/old.epodex-industries.com\/fr\/wp-json\/wp\/v2\/product_tag?post=28908"}],"curies":[{"name":"wp","href":"https:\/\/api.w.org\/{rel}","templated":true}]}}