{"id":28904,"date":"2024-04-12T14:46:22","date_gmt":"2024-04-12T12:46:22","guid":{"rendered":"https:\/\/www.epodex-industries.com\/produkt\/peinture-acrylique-resistante-a-la-deformation-1k\/"},"modified":"2024-07-24T12:14:44","modified_gmt":"2024-07-24T10:14:44","slug":"peinture-acrylique-resistante-a-la-deformation-1k","status":"publish","type":"product","link":"https:\/\/old.epodex-industries.com\/fr\/produit\/peinture-acrylique-resistante-a-la-deformation-1k\/","title":{"rendered":"Peinture acrylique r\u00e9sistante \u00e0 la d\u00e9formation 1K"},"content":{"rendered":"<h2>EPODEX ACRYLIC PROTECT<\/h2>\n<p>EPODEX ACRYLIC PROTECT est applicable universellement.  Ce vernis peut \u00eatre utilis\u00e9 pour diff\u00e9rents travaux en int\u00e9rieur et ext\u00e9rieur.<\/p>\n<p>Ce produit peut \u00eatre utilis\u00e9 en tant que:<\/p>\n<ul>\n<li>Vernis\/Peinture pour le bois<\/li>\n<li>Vernis de protection pour le bois<\/li>\n<li>Vernis\/Peinture pour le m\u00e9tal<\/li>\n<li>Vernis\/Peinture pour le plastique<\/li>\n<li>Vernis\/Peinture pour les meubles<\/li>\n<\/ul>\n<p>EPODEX ACRYLIC PROTECT est <strong>fait \u00e0 base d\u2019eau, il est inodore et r\u00e9sistant \u00e0 l\u2019abrasion et aux intemp\u00e9ries<\/strong>. Il est con\u00e7u pour peindre les portes, fen\u00eatres etc. ainsi que les surfaces d\u00e9j\u00e0 peintes ou vernis. Gr\u00e2ce \u00e0 sa formule de protection sp\u00e9ciale, le vernis acrylique EPODEX ACRYLIC PROTECT donne  une protection \u00e0 long terme contre l\u2019humidit\u00e9 et les rayons UV.<\/p>\n<hr \/>\n<h3>Volumes de consommation:<\/h3>\n<p>110-130g\/m\u00b2 par couche sur des surfaces lisses et non absorbantes. Sur les surfaces tr\u00e8s absorbantes, nous recommandons d&rsquo;appr\u00eater la surface au pr\u00e9alable (par exemple avec une sous-couche) pour \u00e9viter que le vernis ne soit absorb\u00e9.  Pour savoir si la surface est absorbante, tester avec une \u00e9ponge humide. Si le support est de couleur fonc\u00e9e, il est n\u00e9cessaire d&rsquo;appliquer une couche d&rsquo;appr\u00eat.<\/p>\n<hr \/>\n<h3>Consignes d\u2018utilisation<\/h3>\n<ol>\n<li>Poncer le support afin d\u2019am\u00e9liorer l\u2019adh\u00e9rence du vernis. Pour ce faire, utiliser le papier de verre EPODEX.<\/li>\n<li>Assurez vous que le support soit propre et d\u00e9graiss\u00e9. Pour ce faire, utiliser EPODEX PRE-CLEANER.<\/li>\n<li>Pour les surfaces non rev\u00eatues, il est recommand\u00e9 d&rsquo;appliquer un appr\u00eat adapt\u00e9 au mat\u00e9riau (pour le bois, appliquer EPODEX ACRYLIC PROTECT incolore dilu\u00e9 avec 5% d&rsquo;eau ; pour le pl\u00e2tre, appliquer par exemple une sous-couche peinture ; pour le m\u00e9tal, appliquer par exemple du zinc).<\/li>\n<li>Bien m\u00e9langer avant utilisation.<\/li>\n<li>Appliquer le vernis \u00e0 l\u2019aide d\u2019un pinceau ou d\u2019un rouleau en mousse et laisser la couche de vernis s\u00e9cher (env. 8h \u00e0 20\u00b0C).<\/li>\n<li>Appliquer plusieurs couches jusqu\u2019\u00e0 ce que vous obteniez le r\u00e9sultat d\u00e9sir\u00e9. Nous recommandons d\u2019appliquer env. 2 couches de vernis.<\/li>\n<\/ol>\n<p><strong>Recommandations: <\/strong>Temp\u00e9rature de traitement: La temp\u00e9rature ambiante et du support doit \u00eatre min. 8\u00b0C. Ne pas appliquer sur des surfaces chauff\u00e9es et sous la lumi\u00e8re directe du soleil. Des probl\u00e8mes de s\u00e9chage peuvent survenir \u00e0 basses temp\u00e9ratures. Pour obtenir une viscosit\u00e9 plus faible, diluer le vernis avec jusqu&rsquo;\u00e0 5% d&rsquo;eau. Nettoyer les outils \u00e0 l&rsquo;eau imm\u00e9diatement apr\u00e8s leur utilisation.<\/p>\n<p>Valeur limite de l\u2018UE: (Cat. A\/d): 100g\/L (2010), max. 20g\/L COV<\/p>\n<hr \/>\n<p><strong>Service \u00e0 la client\u00e8le:<\/strong> Si vous avez d&rsquo;autres questions, contactez-nous par t\u00e9l\u00e9phone, par courrier \u00e9lectronique ou utilisez notre support WhatsApp.<\/p>\n<p><strong>Remarque:<\/strong> Veuillez noter qu&rsquo;en raison des conditions d&rsquo;\u00e9clairage et des diff\u00e9rents moniteurs, les couleurs peuvent ne pas \u00eatre affich\u00e9es de mani\u00e8re uniforme.<\/p>\n<hr \/>\n<h3>Ingr\u00e9dients, mentions de danger et s\u00e9curit\u00e9<\/h3>\n<p><strong>ACRYLIC PROTECT<\/strong> Attention: 1,2-Benzisothiazol-3(2H)-on 2-M\u00e9thyl-2H-isothiazol-3-one Peut provoquer une allergie cutan\u00e9e En cas de consultation d&rsquo;un m\u00e9decin, garder \u00e0 disposition le r\u00e9cipient ou l&rsquo;\u00e9tiquette. Tenir hors de port\u00e9e des enfants. \u00c9viter de respirer les poussi\u00e8res\/fum\u00e9es\/gaz\/brouillards\/ vapeurs\/a\u00e9rosols. \u00c9viter tout contact avec les yeux, la peau ou les v\u00eatements. \u00c9viter le rejet dans l&rsquo;environnement. EN CAS DE CONTACT AVEC LA PEAU: Laver abondamment \u00e0 l&rsquo;eau et au savon. \u00c9liminer le contenu\/r\u00e9cipient dans des contenants s\u00e9curitaires et conform\u00e9ment \u00e0 la r\u00e9glementation locale, r\u00e9gionale ou nationale<\/p>\n<p><img decoding=\"async\" src=\"https:\/\/www.epodex.com\/de\/wp-content\/uploads\/2021\/03\/warnhinweis-ausrufezeichen.jpg\" \/><\/p>\n","protected":false},"excerpt":{"rendered":"<ul>\n<li>Premium Acrylic Protect pour sceller et colorer les surfaces telles que le bois, le m\u00e9tal, le plastique et la pierre \u00e0 l&rsquo;int\u00e9rieur et \u00e0 l&rsquo;ext\u00e9rieur<\/li>\n<li>Mat\u00e9riau : Vernis acrylique (\u00e0 base d&rsquo;eau) pour application au rouleau<\/li>\n<li>Caract\u00e9ristiques : r\u00e9sistant \u00e0 l&rsquo;abrasion, r\u00e9sistant aux intemp\u00e9ries, sans odeur et \u00e0 base d&rsquo;eau<\/li>\n<li>Forme initiale : Non pigment\u00e9e. Colorable avec les <a href=\"https:\/\/www.epodex-industries.com\/de\/produkt-kategorie\/farbstoffe-farbmittel\/wb-pigment\/\">teintes pigmentaires WB EPODEX<\/a><\/li>\n<li>Ratio de m\u00e9lange pigment sur vernis : 1x 100g de pigment WB pour 1kg de vernis<\/li>\n<li>Temps de durcissement : environ 8 heures \u00e0 20\u00b0C<\/li>\n<li>Quantit\u00e9 \u00e0 utiliser : 110-130g\/m\u00b2 par couche<\/li>\n<\/ul>\n","protected":false},"featured_media":20381,"comment_status":"open","ping_status":"closed","template":"","meta":[],"product_brand":[],"product_cat":[549,4519],"product_tag":[],"class_list":{"0":"post-28904","1":"product","2":"type-product","3":"status-publish","4":"has-post-thumbnail","6":"product_cat-produits-individuels","7":"product_cat-peintures-produits-individuels","9":"first","10":"instock","11":"taxable","12":"shipping-taxable","13":"product-type-variable","14":"wvs-archive-product-wrapper"},"yoast_head":"<!-- This site is optimized with the Yoast SEO plugin v26.7 - https:\/\/yoast.com\/wordpress\/plugins\/seo\/ -->\n<title>Peinture acrylique r\u00e9sistante \u00e0 la d\u00e9formation 1K - EPODEX Industries | B2B Plattform<\/title>\n<meta name=\"robots\" content=\"index, follow, max-snippet:-1, max-image-preview:large, max-video-preview:-1\" \/>\n<link rel=\"canonical\" href=\"https:\/\/old.epodex-industries.com\/fr\/produkt\/peinture-acrylique-resistante-a-la-deformation-1k\/\" \/>\n<meta property=\"og:locale\" content=\"fr_FR\" \/>\n<meta property=\"og:type\" content=\"article\" \/>\n<meta property=\"og:title\" content=\"Peinture acrylique r\u00e9sistante \u00e0 la d\u00e9formation 1K - EPODEX Industries | B2B Plattform\" \/>\n<meta property=\"og:description\" content=\"Premium Acrylic Protect pour sceller et colorer les surfaces telles que le bois, le m\u00e9tal, le plastique et la pierre \u00e0 l&#039;int\u00e9rieur et \u00e0 l&#039;ext\u00e9rieur Mat\u00e9riau : Vernis acrylique (\u00e0 base d&#039;eau) pour application au rouleau Caract\u00e9ristiques : r\u00e9sistant \u00e0 l&#039;abrasion, r\u00e9sistant aux intemp\u00e9ries, sans odeur et \u00e0 base d&#039;eau Forme initiale : Non pigment\u00e9e. Colorable avec les teintes pigmentaires WB EPODEX Ratio de m\u00e9lange pigment sur vernis : 1x 100g de pigment WB pour 1kg de vernis Temps de durcissement : environ 8 heures \u00e0 20\u00b0C Quantit\u00e9 \u00e0 utiliser : 110-130g\/m\u00b2 par couche\" \/>\n<meta property=\"og:url\" content=\"https:\/\/old.epodex-industries.com\/fr\/produkt\/peinture-acrylique-resistante-a-la-deformation-1k\/\" \/>\n<meta property=\"og:site_name\" content=\"EPODEX Industries | B2B Plattform\" \/>\n<meta property=\"article:publisher\" content=\"https:\/\/www.facebook.com\/Epodex\/\" \/>\n<meta property=\"article:modified_time\" content=\"2024-07-24T10:14:44+00:00\" \/>\n<meta property=\"og:image\" content=\"https:\/\/old.epodex-industries.com\/wp-content\/uploads\/2023\/10\/Acrylic-Protect-copy.jpg\" \/>\n\t<meta property=\"og:image:width\" content=\"1200\" \/>\n\t<meta property=\"og:image:height\" content=\"800\" \/>\n\t<meta property=\"og:image:type\" content=\"image\/jpeg\" \/>\n<meta name=\"twitter:card\" content=\"summary_large_image\" \/>\n<meta name=\"twitter:label1\" content=\"Dur\u00e9e de lecture estim\u00e9e\" \/>\n\t<meta name=\"twitter:data1\" content=\"3 minutes\" \/>\n<script type=\"application\/ld+json\" class=\"yoast-schema-graph\">{\"@context\":\"https:\/\/schema.org\",\"@graph\":[{\"@type\":\"WebPage\",\"@id\":\"https:\/\/old.epodex-industries.com\/fr\/produkt\/peinture-acrylique-resistante-a-la-deformation-1k\/\",\"url\":\"https:\/\/old.epodex-industries.com\/fr\/produkt\/peinture-acrylique-resistante-a-la-deformation-1k\/\",\"name\":\"Peinture acrylique r\u00e9sistante \u00e0 la d\u00e9formation 1K - EPODEX Industries | B2B Plattform\",\"isPartOf\":{\"@id\":\"https:\/\/old.epodex-industries.com\/fr\/#website\"},\"primaryImageOfPage\":{\"@id\":\"https:\/\/old.epodex-industries.com\/fr\/produkt\/peinture-acrylique-resistante-a-la-deformation-1k\/#primaryimage\"},\"image\":{\"@id\":\"https:\/\/old.epodex-industries.com\/fr\/produkt\/peinture-acrylique-resistante-a-la-deformation-1k\/#primaryimage\"},\"thumbnailUrl\":\"https:\/\/old.epodex-industries.com\/wp-content\/uploads\/2023\/10\/Acrylic-Protect-copy.jpg\",\"datePublished\":\"2024-04-12T12:46:22+00:00\",\"dateModified\":\"2024-07-24T10:14:44+00:00\",\"breadcrumb\":{\"@id\":\"https:\/\/old.epodex-industries.com\/fr\/produkt\/peinture-acrylique-resistante-a-la-deformation-1k\/#breadcrumb\"},\"inLanguage\":\"fr-FR\",\"potentialAction\":[{\"@type\":\"ReadAction\",\"target\":[\"https:\/\/old.epodex-industries.com\/fr\/produkt\/peinture-acrylique-resistante-a-la-deformation-1k\/\"]}]},{\"@type\":\"ImageObject\",\"inLanguage\":\"fr-FR\",\"@id\":\"https:\/\/old.epodex-industries.com\/fr\/produkt\/peinture-acrylique-resistante-a-la-deformation-1k\/#primaryimage\",\"url\":\"https:\/\/old.epodex-industries.com\/wp-content\/uploads\/2023\/10\/Acrylic-Protect-copy.jpg\",\"contentUrl\":\"https:\/\/old.epodex-industries.com\/wp-content\/uploads\/2023\/10\/Acrylic-Protect-copy.jpg\",\"width\":1200,\"height\":800},{\"@type\":\"BreadcrumbList\",\"@id\":\"https:\/\/old.epodex-industries.com\/fr\/produkt\/peinture-acrylique-resistante-a-la-deformation-1k\/#breadcrumb\",\"itemListElement\":[{\"@type\":\"ListItem\",\"position\":1,\"name\":\"Startseite\",\"item\":\"https:\/\/old.epodex-industries.com\/fr\/\"},{\"@type\":\"ListItem\",\"position\":2,\"name\":\"Shop\",\"item\":\"https:\/\/old.epodex-industries.com\/fr\/shop\/\"},{\"@type\":\"ListItem\",\"position\":3,\"name\":\"Peinture acrylique r\u00e9sistante \u00e0 la d\u00e9formation 1K\"}]},{\"@type\":\"WebSite\",\"@id\":\"https:\/\/old.epodex-industries.com\/fr\/#website\",\"url\":\"https:\/\/old.epodex-industries.com\/fr\/\",\"name\":\"EPODEX Industries | B2B Plattform\",\"description\":\"Hersteller + Gro\u00dfhandel f\u00fcr Baustoffe\",\"publisher\":{\"@id\":\"https:\/\/old.epodex-industries.com\/fr\/#organization\"},\"alternateName\":\"EPODEX Industries | Hersteller + Gro\u00dfhandel f\u00fcr Baustoffe\",\"potentialAction\":[{\"@type\":\"SearchAction\",\"target\":{\"@type\":\"EntryPoint\",\"urlTemplate\":\"https:\/\/old.epodex-industries.com\/fr\/?s={search_term_string}\"},\"query-input\":{\"@type\":\"PropertyValueSpecification\",\"valueRequired\":true,\"valueName\":\"search_term_string\"}}],\"inLanguage\":\"fr-FR\"},{\"@type\":\"Organization\",\"@id\":\"https:\/\/old.epodex-industries.com\/fr\/#organization\",\"name\":\"EPODEX Industries\",\"url\":\"https:\/\/old.epodex-industries.com\/fr\/\",\"logo\":{\"@type\":\"ImageObject\",\"inLanguage\":\"fr-FR\",\"@id\":\"https:\/\/old.epodex-industries.com\/fr\/#\/schema\/logo\/image\/\",\"url\":\"https:\/\/www.epodex-industries.com\/wp-content\/uploads\/2023\/06\/Logo-Epodex-Rechnung.jpg\",\"contentUrl\":\"https:\/\/www.epodex-industries.com\/wp-content\/uploads\/2023\/06\/Logo-Epodex-Rechnung.jpg\",\"width\":261,\"height\":50,\"caption\":\"EPODEX Industries\"},\"image\":{\"@id\":\"https:\/\/old.epodex-industries.com\/fr\/#\/schema\/logo\/image\/\"},\"sameAs\":[\"https:\/\/www.facebook.com\/Epodex\/\",\"https:\/\/www.instagram.com\/epodex_official\/\",\"https:\/\/www.pinterest.de\/epodex_com\/\",\"https:\/\/www.youtube.com\/channel\/UC7lFrJ9YpN1yg43sTc6q3ow\"]}]}<\/script>\n<!-- \/ Yoast SEO plugin. -->","yoast_head_json":{"title":"Peinture acrylique r\u00e9sistante \u00e0 la d\u00e9formation 1K - EPODEX Industries | B2B Plattform","robots":{"index":"index","follow":"follow","max-snippet":"max-snippet:-1","max-image-preview":"max-image-preview:large","max-video-preview":"max-video-preview:-1"},"canonical":"https:\/\/old.epodex-industries.com\/fr\/produkt\/peinture-acrylique-resistante-a-la-deformation-1k\/","og_locale":"fr_FR","og_type":"article","og_title":"Peinture acrylique r\u00e9sistante \u00e0 la d\u00e9formation 1K - EPODEX Industries | B2B Plattform","og_description":"Premium Acrylic Protect pour sceller et colorer les surfaces telles que le bois, le m\u00e9tal, le plastique et la pierre \u00e0 l'int\u00e9rieur et \u00e0 l'ext\u00e9rieur Mat\u00e9riau : Vernis acrylique (\u00e0 base d'eau) pour application au rouleau Caract\u00e9ristiques : r\u00e9sistant \u00e0 l'abrasion, r\u00e9sistant aux intemp\u00e9ries, sans odeur et \u00e0 base d'eau Forme initiale : Non pigment\u00e9e. Colorable avec les teintes pigmentaires WB EPODEX Ratio de m\u00e9lange pigment sur vernis : 1x 100g de pigment WB pour 1kg de vernis Temps de durcissement : environ 8 heures \u00e0 20\u00b0C Quantit\u00e9 \u00e0 utiliser : 110-130g\/m\u00b2 par couche","og_url":"https:\/\/old.epodex-industries.com\/fr\/produkt\/peinture-acrylique-resistante-a-la-deformation-1k\/","og_site_name":"EPODEX Industries | B2B Plattform","article_publisher":"https:\/\/www.facebook.com\/Epodex\/","article_modified_time":"2024-07-24T10:14:44+00:00","og_image":[{"width":1200,"height":800,"url":"https:\/\/old.epodex-industries.com\/wp-content\/uploads\/2023\/10\/Acrylic-Protect-copy.jpg","type":"image\/jpeg"}],"twitter_card":"summary_large_image","twitter_misc":{"Dur\u00e9e de lecture estim\u00e9e":"3 minutes"},"schema":{"@context":"https:\/\/schema.org","@graph":[{"@type":"WebPage","@id":"https:\/\/old.epodex-industries.com\/fr\/produkt\/peinture-acrylique-resistante-a-la-deformation-1k\/","url":"https:\/\/old.epodex-industries.com\/fr\/produkt\/peinture-acrylique-resistante-a-la-deformation-1k\/","name":"Peinture acrylique r\u00e9sistante \u00e0 la d\u00e9formation 1K - EPODEX Industries | B2B Plattform","isPartOf":{"@id":"https:\/\/old.epodex-industries.com\/fr\/#website"},"primaryImageOfPage":{"@id":"https:\/\/old.epodex-industries.com\/fr\/produkt\/peinture-acrylique-resistante-a-la-deformation-1k\/#primaryimage"},"image":{"@id":"https:\/\/old.epodex-industries.com\/fr\/produkt\/peinture-acrylique-resistante-a-la-deformation-1k\/#primaryimage"},"thumbnailUrl":"https:\/\/old.epodex-industries.com\/wp-content\/uploads\/2023\/10\/Acrylic-Protect-copy.jpg","datePublished":"2024-04-12T12:46:22+00:00","dateModified":"2024-07-24T10:14:44+00:00","breadcrumb":{"@id":"https:\/\/old.epodex-industries.com\/fr\/produkt\/peinture-acrylique-resistante-a-la-deformation-1k\/#breadcrumb"},"inLanguage":"fr-FR","potentialAction":[{"@type":"ReadAction","target":["https:\/\/old.epodex-industries.com\/fr\/produkt\/peinture-acrylique-resistante-a-la-deformation-1k\/"]}]},{"@type":"ImageObject","inLanguage":"fr-FR","@id":"https:\/\/old.epodex-industries.com\/fr\/produkt\/peinture-acrylique-resistante-a-la-deformation-1k\/#primaryimage","url":"https:\/\/old.epodex-industries.com\/wp-content\/uploads\/2023\/10\/Acrylic-Protect-copy.jpg","contentUrl":"https:\/\/old.epodex-industries.com\/wp-content\/uploads\/2023\/10\/Acrylic-Protect-copy.jpg","width":1200,"height":800},{"@type":"BreadcrumbList","@id":"https:\/\/old.epodex-industries.com\/fr\/produkt\/peinture-acrylique-resistante-a-la-deformation-1k\/#breadcrumb","itemListElement":[{"@type":"ListItem","position":1,"name":"Startseite","item":"https:\/\/old.epodex-industries.com\/fr\/"},{"@type":"ListItem","position":2,"name":"Shop","item":"https:\/\/old.epodex-industries.com\/fr\/shop\/"},{"@type":"ListItem","position":3,"name":"Peinture acrylique r\u00e9sistante \u00e0 la d\u00e9formation 1K"}]},{"@type":"WebSite","@id":"https:\/\/old.epodex-industries.com\/fr\/#website","url":"https:\/\/old.epodex-industries.com\/fr\/","name":"EPODEX Industries | B2B Plattform","description":"Hersteller + Gro\u00dfhandel f\u00fcr Baustoffe","publisher":{"@id":"https:\/\/old.epodex-industries.com\/fr\/#organization"},"alternateName":"EPODEX Industries | Hersteller + Gro\u00dfhandel f\u00fcr Baustoffe","potentialAction":[{"@type":"SearchAction","target":{"@type":"EntryPoint","urlTemplate":"https:\/\/old.epodex-industries.com\/fr\/?s={search_term_string}"},"query-input":{"@type":"PropertyValueSpecification","valueRequired":true,"valueName":"search_term_string"}}],"inLanguage":"fr-FR"},{"@type":"Organization","@id":"https:\/\/old.epodex-industries.com\/fr\/#organization","name":"EPODEX Industries","url":"https:\/\/old.epodex-industries.com\/fr\/","logo":{"@type":"ImageObject","inLanguage":"fr-FR","@id":"https:\/\/old.epodex-industries.com\/fr\/#\/schema\/logo\/image\/","url":"https:\/\/www.epodex-industries.com\/wp-content\/uploads\/2023\/06\/Logo-Epodex-Rechnung.jpg","contentUrl":"https:\/\/www.epodex-industries.com\/wp-content\/uploads\/2023\/06\/Logo-Epodex-Rechnung.jpg","width":261,"height":50,"caption":"EPODEX Industries"},"image":{"@id":"https:\/\/old.epodex-industries.com\/fr\/#\/schema\/logo\/image\/"},"sameAs":["https:\/\/www.facebook.com\/Epodex\/","https:\/\/www.instagram.com\/epodex_official\/","https:\/\/www.pinterest.de\/epodex_com\/","https:\/\/www.youtube.com\/channel\/UC7lFrJ9YpN1yg43sTc6q3ow"]}]}},"_links":{"self":[{"href":"https:\/\/old.epodex-industries.com\/fr\/wp-json\/wp\/v2\/product\/28904","targetHints":{"allow":["GET"]}}],"collection":[{"href":"https:\/\/old.epodex-industries.com\/fr\/wp-json\/wp\/v2\/product"}],"about":[{"href":"https:\/\/old.epodex-industries.com\/fr\/wp-json\/wp\/v2\/types\/product"}],"replies":[{"embeddable":true,"href":"https:\/\/old.epodex-industries.com\/fr\/wp-json\/wp\/v2\/comments?post=28904"}],"wp:featuredmedia":[{"embeddable":true,"href":"https:\/\/old.epodex-industries.com\/fr\/wp-json\/wp\/v2\/media\/20381"}],"wp:attachment":[{"href":"https:\/\/old.epodex-industries.com\/fr\/wp-json\/wp\/v2\/media?parent=28904"}],"wp:term":[{"taxonomy":"product_brand","embeddable":true,"href":"https:\/\/old.epodex-industries.com\/fr\/wp-json\/wp\/v2\/product_brand?post=28904"},{"taxonomy":"product_cat","embeddable":true,"href":"https:\/\/old.epodex-industries.com\/fr\/wp-json\/wp\/v2\/product_cat?post=28904"},{"taxonomy":"product_tag","embeddable":true,"href":"https:\/\/old.epodex-industries.com\/fr\/wp-json\/wp\/v2\/product_tag?post=28904"}],"curies":[{"name":"wp","href":"https:\/\/api.w.org\/{rel}","templated":true}]}}