{"id":28900,"date":"2024-04-12T14:46:21","date_gmt":"2024-04-12T12:46:21","guid":{"rendered":"https:\/\/www.epodex-industries.com\/produkt\/eco-resine-epoxy-composant-a\/"},"modified":"2024-07-24T12:14:34","modified_gmt":"2024-07-24T10:14:34","slug":"eco-resine-epoxy-composant-a","status":"publish","type":"product","link":"https:\/\/old.epodex-industries.com\/fr\/produit\/eco-resine-epoxy-composant-a\/","title":{"rendered":"ECO R\u00e9sine Epoxy (Composant A)"},"content":{"rendered":"<h2>EPODEX &#8211; ECO System<\/h2>\n<p>Le syst\u00e8me de r\u00e9sine \u00e9poxy ECO convient \u00e0 un large \u00e9ventail d&rsquo;applications. De l&rsquo;industrie du b\u00e2timent, en passant par l&rsquo;\u00e9lectrotechnique, jusqu&rsquo;\u00e0 l&rsquo;ing\u00e9nierie m\u00e9canique. Il s&rsquo;agit d&rsquo;un syst\u00e8me classique de rev\u00eatement, de laminage et de r\u00e9paration. De plus, vous pouvez l&rsquo;utiliser comme r\u00e9sine de coul\u00e9e pour des couches allant jusqu&rsquo;\u00e0 1cm d&rsquo;\u00e9paisseur. Recouvrez vos sols, dessus de table et autres objets. Notre syst\u00e8me EPODEX ECO peut \u00eatre m\u00e9lang\u00e9 avec toutes nos peintures pour r\u00e9sine \u00e9poxy.<\/p>\n<hr \/>\n<h3>Consignes d\u2018utilisation<\/h3>\n<ol>\n<li>Commencez toujours par un appr\u00eat \u00e0 base de r\u00e9sine \u00e9poxy pour \u00e9viter les pertes de mat\u00e9riau et les cloques importantes (\u00e9paisseur recommand\u00e9e: 0,5mm). Pour ce faire, il suffit d&rsquo;utiliser une partie de la m\u00eame r\u00e9sine \u00e9poxy transparente (pour l&rsquo;appr\u00eat des sols et autres substrats color\u00e9s, nous recommandons notre syst\u00e8me de r\u00e9sine \u00e9poxy EPOXY PRIMER \u00e0 base d&rsquo;eau).<\/li>\n<li>M\u00e9langez le contenu de la r\u00e9sine ECO (A) avec le contenu du durcisseur ECO (B) dans un rapport de m\u00e9lange de 2:1 (par exemple, 2kg de r\u00e9sine : 1kg de durcisseur).<\/li>\n<li>M\u00e9langez bien le bord et le fond du gobelet \u00e0 m\u00e9lange puisque le produit \u00e0 tendance \u00e0 s\u2019y d\u00e9poser. Id\u00e9alement, transvasez le m\u00e9lange dans un r\u00e9cipient propre et rem\u00e9langez. Cette \u00e9tape assure que la r\u00e9sine (A) et le durcisseur (B) sont compl\u00e8tement m\u00e9lang\u00e9s.<\/li>\n<li>Versez le produit sur la surface \u00e0 rev\u00eatir<strong><u> imm\u00e9diatement<\/strong><\/u> apr\u00e8s le m\u00e9lange, car en fonction de la quantit\u00e9 de mati\u00e8re, celle-ci peut bouillir dans le gobelet \u00e0 m\u00e9lange.<\/li>\n<li>Appliquez l&rsquo;appr\u00eat en r\u00e9sine \u00e9poxy sur la surface souhait\u00e9e \u00e0 l&rsquo;aide d&rsquo;un rouleau en mousse ou d\u2019un pinceau.<\/li>\n<li>Laissez l&rsquo;appr\u00eat durcir pendant environ 20heures.<\/li>\n<li>Continuez avec le rev\u00eatement principal de la m\u00eame mani\u00e8re. Nous recommandons de toujours couler des couches de maximum 1cm d\u2019\u00e9paisseur. Le fait de verser plus de 1cm peut entra\u00eener le surchauffement, le jaunissement, la fissuration et la d\u00e9formation du mat\u00e9riau. Pour la r\u00e9alisation d\u2019un rev\u00eatement plus \u00e9pais, il est possible de recouler une couche de 1cm apr\u00e8s environ 6heures.<\/li>\n<li>Si vous s\u00e9lectionnez une couleur sur cette page de produit, vous recevrez des colorants ou des pigments de couleur en plus de la r\u00e9sine et du durcisseur.\n<li>Pour colorer le rev\u00eatement principal, m\u00e9langez les colorants ou pigments de couleur fournis avec la r\u00e9sine (A) ou avec le m\u00e9lange r\u00e9sine-durcisseur. Ajustez l&rsquo;intensit\u00e9 de la couleur individuellement en ajoutant plus ou moins de couleur.<\/li>\n<li>La r\u00e9sine \u00e9poxy peut \u00eatre touch\u00e9e et est accessible \u00e0 pied apr\u00e8s 20heures et a atteint son durcissement chimique complet apr\u00e8s environ 7 jours.<\/li>\n<li>Pour plus d&rsquo;informations sur notre syst\u00e8me ECO, veuillez vous r\u00e9f\u00e9rer \u00e0 notre fiche informative se trouvant sous le bouton \u00abEn savoir plus\u00bb sur cette page produit.<\/li>\n<\/ol>\n<p><strong>Info: <\/strong>Durant la p\u00e9riode de durcissement, la r\u00e9sine \u00e9poxy est sensible \u00e0 toute forme d&rsquo;humidit\u00e9 (risque : formation de bleuissement d&rsquo;amine, c&rsquo;est-\u00e0-dire de taches blanches dans la couche sup\u00e9rieure). C&rsquo;est pourquoi nous recommandons de ne pas mettre la r\u00e9sine \u00e9poxy en contact avec de l&rsquo;eau jusqu&rsquo;au durcissement chimique complet (au moins 7 jours). Pour les couches minces, les temp\u00e9ratures froides (temp\u00e9rature ambiante, du support et de la r\u00e9sine inf\u00e9rieure \u00e0 20\u00b0C) et l&rsquo;humidit\u00e9 \u00e9lev\u00e9e, le temps n\u00e9cessaire au durcissement complet de la r\u00e9sine \u00e9poxy peut \u00eatre plus long.\n<\/ol>\n<ul>\n<li style=\"list-style-type: none;\"><\/li>\n<\/ul>\n<hr \/>\n<h3>Les volumes de consommation<\/h3>\n<p>D\u00e9terminez la quantit\u00e9 requise \u00e0 l\u2019aide de notre calculatrice \u00e9poxy disponible sur cette page produit.<\/p>\n<p><strong>\u00c9paisseurs de couche recommand\u00e9es lors du rev\u00eatement de sols et autres surfaces<\/strong><\/p>\n<ul>\n<li>Rev\u00eatement total (appr\u00eat + couche principal): environ 1,65-2,20kg\/m\u00b2 avec une \u00e9paisseur de couche de 1,5-2mm<\/li>\n<li>Appr\u00eat: environ 0,22-0,55kg\/m\u00b2 avec une \u00e9paisseur de couche de 0,2-0,5mm <\/li>\n<li>Couche principale: environ 1,10-1,65kg\/m\u00b2 avec une \u00e9paisseur de couche de 1.0-1,5mm <\/li>\n<\/ul>\n<p><strong>Recommandation de colorant \u00e0 ajouter par kg de r\u00e9sine+durcisseur :<\/strong><\/p>\n<ul>\n<li>Pour les pigments en poudre (M\u00e9tallique, N\u00e9on et Glow in the dark), 1,5% (15g),<\/li>\n<li>Pour les couleurs transparentes (sauf le white, black et grey): 60 gouttes (1,8g),<\/li>\n<li>Pour les couleurs transparentes white, black et grey: 20 gouttes (0,6g),<\/li>\n<li>Pour les couleurs semi-transparentes (sauf le white): 40 gouttes (1,2g) de la couleur souhait\u00e9e et 20 gouttes (0,6g) de colorant blanc,<\/li>\n<li>Pour la couleur semi-transparente white: 60 gouttes (1,8g),<\/li>\n<li>Pour les couleurs unies RAL: 1% (10g),<\/li>\n<li>Pour les pigments en glitter: 1% (10g)<\/li>\n<\/ul>\n<hr \/>\n<p><strong>Service \u00e0 la client\u00e8le:<\/strong> Si vous avez d&rsquo;autres questions, contactez-nous par t\u00e9l\u00e9phone, par courrier \u00e9lectronique ou utilisez notre support WhatsApp.<\/p>\n<p><strong>Remarque:<\/strong> Veuillez noter qu&rsquo;en raison des conditions d&rsquo;\u00e9clairage et des diff\u00e9rents moniteurs, les couleurs peuvent ne pas \u00eatre affich\u00e9es de mani\u00e8re uniforme.<\/p>\n<hr \/>\n<h3>Ingr\u00e9dients, mentions de danger et s\u00e9curit\u00e9<\/h3>\n<p><strong>Composante A (ECO)<\/strong> Attention: 2,2&prime;-[(1-m\u00e9thyl\u00e9thylid\u00e8ne)bis(4,1-ph\u00e9nyl\u00e8neoxym\u00e9thyl\u00e8ne)]bisoxirane Masse r\u00e9actionnelle de 2,2&prime;-[m\u00e9thyl\u00e8nebis(4, 1-ph\u00e9nyl\u00e8neoxym\u00e9thyl\u00e8ne)]dioxirane et [2-({2-[4-(oxiran-2-ylm\u00e9thoxy)benzyl]ph\u00e9noxy}m\u00e9thyl)oxirane et [2,2&prime;-[m\u00e9thyl\u00e8nebis(2,1-ph\u00e9nyl\u00e8neoxym\u00e9thyl\u00e8ne)]dioxirane Oxirane, d\u00e9riv\u00e9s mono((C12-14-alkyloxy)m\u00e9thyl)Oxirane, d\u00e9riv\u00e9s mono((C12-14-alkyloxy)m\u00e9thyl) Provoque une irritation cutan\u00e9e Provoque une s\u00e9v\u00e8re irritation des yeux Peut provoquer une allergie cutan\u00e9e Toxique pour les organismes aquatiques, entra\u00eene des effets n\u00e9fastes \u00e0 long terme \u00c9viter de respirer les poussi\u00e8res\/fum\u00e9es\/gaz\/brouillards\/ vapeurs\/a\u00e9rosols. \u00c9viter le rejet dans l&rsquo;environnement. Porter des gants de protection\/ un \u00e9quipement de protection des yeux\/du visage. EN CAS DE CONTACT AVEC LES YEUX: Rincer avec pr\u00e9caution \u00e0 l&rsquo;eau pendant plusieurs minutes. Enlever les lentilles de contact si la victime en porte et si elles peuvent \u00eatre facilement enlev\u00e9es. Continuer \u00e0 rincer. En cas d&rsquo;irritation ou d&rsquo;\u00e9ruption cutan\u00e9e: Demander un avis m\u00e9dical\/Consulter un m\u00e9decin. \u00c9liminer le contenu\/r\u00e9cipient dans des contenants s\u00e9curitaires et conform\u00e9ment \u00e0 la r\u00e9glementation locale, r\u00e9gionale ou nationale Contient des compos\u00e9s \u00e9poxydiques. Peut produire une r\u00e9action allergique. <\/p>\n<p><strong>Composante B (ECO)<\/strong> Danger: Produits de r\u00e9action de la 3-aminom\u00e9thyl-3,5,5-trim\u00e9thylcyclohexylamine et du 4,4&prime;-Isopropylid\u00e8nediph\u00e9nol, produits de r\u00e9action oligom\u00e9riques avec le 1-chloro-2,3-\u00e9poxypropane m-ph\u00e9nyl\u00e8nebis(m\u00e9thylamine) Acide salicylique Provoque de graves br\u00fblures de la peau et de graves l\u00e9sions des yeux. Peut provoquer une allergie cutan\u00e9e Nocif pour les organismes aquatiques, entra\u00eene des effets n\u00e9fastes \u00e0 long terme Ne pas respirer les poussi\u00e8res\/fum\u00e9es\/gaz\/brouillards\/vapeurs\/ a\u00e9rosols. Porter des gants de protection\/ un \u00e9quipement de protection des yeux\/du visage. EN CAS DE CONTACT AVEC LA PEAU (ou les cheveux): Enlever imm\u00e9diatement tous les v\u00eatements contamin\u00e9s. Rincer la peau \u00e0 l&rsquo;eau [ou se doucher]. EN CAS D&rsquo;INHALATION: Transporter la personne \u00e0 l&rsquo;ext\u00e9rieur et la maintenir dans une position o\u00f9 elle peut confortablement respirer. Appeler imm\u00e9diatement un CENTRE ANTIPOISON\/un m\u00e9decin. EN CAS DE CONTACT AVEC LES YEUX: Rincer avec pr\u00e9caution \u00e0 l&rsquo;eau pendant plusieurs minutes. Enlever les lentilles de contact si la victime en porte et si elles peuvent \u00eatre facilement enlev\u00e9es. Continuer \u00e0 rincer. Traitement sp\u00e9cifique (voir sur cette \u00e9tiquette). Enlever les v\u00eatements contamin\u00e9s et les laver avant r\u00e9utilisation. Garder sous clef. \u00c9liminer le contenu\/r\u00e9cipient dans des contenants s\u00e9curitaires et conform\u00e9ment \u00e0 la r\u00e9glementation locale, r\u00e9gionale ou nationale.<\/p>\n<p><img decoding=\"async\" src=\"https:\/\/www.epodex.com\/de\/wp-content\/uploads\/2019\/12\/hinweise.png\" \/><\/p>\n","protected":false},"excerpt":{"rendered":"<ul>\n<li>Compatible avec les durcisseurs : -B- ECO, -B- ECO+, -B- ECO MAX<\/li>\n<li>Rapport de m\u00e9lange entre la r\u00e9sine et le durcisseur : 2:1 (par exemple, 1 kg de composant A : 0,5 kg de composant B)<\/li>\n<li>En combinaison avec -B- ECO, id\u00e9al pour les rev\u00eatements de surface, l&rsquo;artisanat et les coul\u00e9es jusqu&rsquo;\u00e0 1 cm<\/li>\n<li>En combinaison avec -B- ECO+, id\u00e9al pour la fabrication de tables River, lampes et autres coul\u00e9es jusqu&rsquo;\u00e0 5 cm<\/li>\n<li>En combinaison avec -B- ECO MAX, id\u00e9al pour la fabrication de tables River, lampes et autres coul\u00e9es jusqu&rsquo;\u00e0 10 cm<\/li>\n<li>Forme de d\u00e9part : non pigment\u00e9e \/ transparente. Colorable avec des colorants et des pigments pour r\u00e9sine \u00e9poxy EPODEX<\/li>\n<\/ul>\n","protected":false},"featured_media":23111,"comment_status":"open","ping_status":"closed","template":"","meta":[],"product_brand":[],"product_cat":[549,4517],"product_tag":[],"class_list":{"0":"post-28900","1":"product","2":"type-product","3":"status-publish","4":"has-post-thumbnail","6":"product_cat-produits-individuels","7":"product_cat-resine-epoxy-produits-individuels","9":"first","10":"instock","11":"taxable","12":"shipping-taxable","13":"product-type-variable","14":"wvs-archive-product-wrapper"},"yoast_head":"<!-- This site is optimized with the Yoast SEO plugin v26.7 - https:\/\/yoast.com\/wordpress\/plugins\/seo\/ -->\n<title>ECO R\u00e9sine Epoxy (Composant A) - EPODEX Industries | B2B Plattform<\/title>\n<meta name=\"robots\" content=\"index, follow, max-snippet:-1, max-image-preview:large, max-video-preview:-1\" \/>\n<link rel=\"canonical\" href=\"https:\/\/old.epodex-industries.com\/fr\/produkt\/eco-resine-epoxy-composant-a\/\" \/>\n<meta property=\"og:locale\" content=\"fr_FR\" \/>\n<meta property=\"og:type\" content=\"article\" \/>\n<meta property=\"og:title\" content=\"ECO R\u00e9sine Epoxy (Composant A) - EPODEX Industries | B2B Plattform\" \/>\n<meta property=\"og:description\" content=\"Compatible avec les durcisseurs : -B- ECO, -B- ECO+, -B- ECO MAX Rapport de m\u00e9lange entre la r\u00e9sine et le durcisseur : 2:1 (par exemple, 1 kg de composant A : 0,5 kg de composant B) En combinaison avec -B- ECO, id\u00e9al pour les rev\u00eatements de surface, l&#039;artisanat et les coul\u00e9es jusqu&#039;\u00e0 1 cm En combinaison avec -B- ECO+, id\u00e9al pour la fabrication de tables River, lampes et autres coul\u00e9es jusqu&#039;\u00e0 5 cm En combinaison avec -B- ECO MAX, id\u00e9al pour la fabrication de tables River, lampes et autres coul\u00e9es jusqu&#039;\u00e0 10 cm Forme de d\u00e9part : non pigment\u00e9e \/ transparente. Colorable avec des colorants et des pigments pour r\u00e9sine \u00e9poxy EPODEX\" \/>\n<meta property=\"og:url\" content=\"https:\/\/old.epodex-industries.com\/fr\/produkt\/eco-resine-epoxy-composant-a\/\" \/>\n<meta property=\"og:site_name\" content=\"EPODEX Industries | B2B Plattform\" \/>\n<meta property=\"article:publisher\" content=\"https:\/\/www.facebook.com\/Epodex\/\" \/>\n<meta property=\"article:modified_time\" content=\"2024-07-24T10:14:34+00:00\" \/>\n<meta property=\"og:image\" content=\"https:\/\/old.epodex-industries.com\/wp-content\/uploads\/2023\/09\/harz-kaufen-epodex-eco-1.jpg-1.jpg\" \/>\n\t<meta property=\"og:image:width\" content=\"1200\" \/>\n\t<meta property=\"og:image:height\" content=\"800\" \/>\n\t<meta property=\"og:image:type\" content=\"image\/jpeg\" \/>\n<meta name=\"twitter:card\" content=\"summary_large_image\" \/>\n<meta name=\"twitter:label1\" content=\"Dur\u00e9e de lecture estim\u00e9e\" \/>\n\t<meta name=\"twitter:data1\" content=\"6 minutes\" \/>\n<script type=\"application\/ld+json\" class=\"yoast-schema-graph\">{\"@context\":\"https:\/\/schema.org\",\"@graph\":[{\"@type\":\"WebPage\",\"@id\":\"https:\/\/old.epodex-industries.com\/fr\/produkt\/eco-resine-epoxy-composant-a\/\",\"url\":\"https:\/\/old.epodex-industries.com\/fr\/produkt\/eco-resine-epoxy-composant-a\/\",\"name\":\"ECO R\u00e9sine Epoxy (Composant A) - EPODEX Industries | B2B Plattform\",\"isPartOf\":{\"@id\":\"https:\/\/old.epodex-industries.com\/fr\/#website\"},\"primaryImageOfPage\":{\"@id\":\"https:\/\/old.epodex-industries.com\/fr\/produkt\/eco-resine-epoxy-composant-a\/#primaryimage\"},\"image\":{\"@id\":\"https:\/\/old.epodex-industries.com\/fr\/produkt\/eco-resine-epoxy-composant-a\/#primaryimage\"},\"thumbnailUrl\":\"https:\/\/old.epodex-industries.com\/wp-content\/uploads\/2023\/09\/harz-kaufen-epodex-eco-1.jpg-1.jpg\",\"datePublished\":\"2024-04-12T12:46:21+00:00\",\"dateModified\":\"2024-07-24T10:14:34+00:00\",\"breadcrumb\":{\"@id\":\"https:\/\/old.epodex-industries.com\/fr\/produkt\/eco-resine-epoxy-composant-a\/#breadcrumb\"},\"inLanguage\":\"fr-FR\",\"potentialAction\":[{\"@type\":\"ReadAction\",\"target\":[\"https:\/\/old.epodex-industries.com\/fr\/produkt\/eco-resine-epoxy-composant-a\/\"]}]},{\"@type\":\"ImageObject\",\"inLanguage\":\"fr-FR\",\"@id\":\"https:\/\/old.epodex-industries.com\/fr\/produkt\/eco-resine-epoxy-composant-a\/#primaryimage\",\"url\":\"https:\/\/old.epodex-industries.com\/wp-content\/uploads\/2023\/09\/harz-kaufen-epodex-eco-1.jpg-1.jpg\",\"contentUrl\":\"https:\/\/old.epodex-industries.com\/wp-content\/uploads\/2023\/09\/harz-kaufen-epodex-eco-1.jpg-1.jpg\",\"width\":1200,\"height\":800},{\"@type\":\"BreadcrumbList\",\"@id\":\"https:\/\/old.epodex-industries.com\/fr\/produkt\/eco-resine-epoxy-composant-a\/#breadcrumb\",\"itemListElement\":[{\"@type\":\"ListItem\",\"position\":1,\"name\":\"Startseite\",\"item\":\"https:\/\/old.epodex-industries.com\/fr\/\"},{\"@type\":\"ListItem\",\"position\":2,\"name\":\"Shop\",\"item\":\"https:\/\/old.epodex-industries.com\/fr\/shop\/\"},{\"@type\":\"ListItem\",\"position\":3,\"name\":\"ECO R\u00e9sine Epoxy (Composant A)\"}]},{\"@type\":\"WebSite\",\"@id\":\"https:\/\/old.epodex-industries.com\/fr\/#website\",\"url\":\"https:\/\/old.epodex-industries.com\/fr\/\",\"name\":\"EPODEX Industries | B2B Plattform\",\"description\":\"Hersteller + Gro\u00dfhandel f\u00fcr Baustoffe\",\"publisher\":{\"@id\":\"https:\/\/old.epodex-industries.com\/fr\/#organization\"},\"alternateName\":\"EPODEX Industries | Hersteller + Gro\u00dfhandel f\u00fcr Baustoffe\",\"potentialAction\":[{\"@type\":\"SearchAction\",\"target\":{\"@type\":\"EntryPoint\",\"urlTemplate\":\"https:\/\/old.epodex-industries.com\/fr\/?s={search_term_string}\"},\"query-input\":{\"@type\":\"PropertyValueSpecification\",\"valueRequired\":true,\"valueName\":\"search_term_string\"}}],\"inLanguage\":\"fr-FR\"},{\"@type\":\"Organization\",\"@id\":\"https:\/\/old.epodex-industries.com\/fr\/#organization\",\"name\":\"EPODEX Industries\",\"url\":\"https:\/\/old.epodex-industries.com\/fr\/\",\"logo\":{\"@type\":\"ImageObject\",\"inLanguage\":\"fr-FR\",\"@id\":\"https:\/\/old.epodex-industries.com\/fr\/#\/schema\/logo\/image\/\",\"url\":\"https:\/\/www.epodex-industries.com\/wp-content\/uploads\/2023\/06\/Logo-Epodex-Rechnung.jpg\",\"contentUrl\":\"https:\/\/www.epodex-industries.com\/wp-content\/uploads\/2023\/06\/Logo-Epodex-Rechnung.jpg\",\"width\":261,\"height\":50,\"caption\":\"EPODEX Industries\"},\"image\":{\"@id\":\"https:\/\/old.epodex-industries.com\/fr\/#\/schema\/logo\/image\/\"},\"sameAs\":[\"https:\/\/www.facebook.com\/Epodex\/\",\"https:\/\/www.instagram.com\/epodex_official\/\",\"https:\/\/www.pinterest.de\/epodex_com\/\",\"https:\/\/www.youtube.com\/channel\/UC7lFrJ9YpN1yg43sTc6q3ow\"]}]}<\/script>\n<!-- \/ Yoast SEO plugin. -->","yoast_head_json":{"title":"ECO R\u00e9sine Epoxy (Composant A) - EPODEX Industries | B2B Plattform","robots":{"index":"index","follow":"follow","max-snippet":"max-snippet:-1","max-image-preview":"max-image-preview:large","max-video-preview":"max-video-preview:-1"},"canonical":"https:\/\/old.epodex-industries.com\/fr\/produkt\/eco-resine-epoxy-composant-a\/","og_locale":"fr_FR","og_type":"article","og_title":"ECO R\u00e9sine Epoxy (Composant A) - EPODEX Industries | B2B Plattform","og_description":"Compatible avec les durcisseurs : -B- ECO, -B- ECO+, -B- ECO MAX Rapport de m\u00e9lange entre la r\u00e9sine et le durcisseur : 2:1 (par exemple, 1 kg de composant A : 0,5 kg de composant B) En combinaison avec -B- ECO, id\u00e9al pour les rev\u00eatements de surface, l'artisanat et les coul\u00e9es jusqu'\u00e0 1 cm En combinaison avec -B- ECO+, id\u00e9al pour la fabrication de tables River, lampes et autres coul\u00e9es jusqu'\u00e0 5 cm En combinaison avec -B- ECO MAX, id\u00e9al pour la fabrication de tables River, lampes et autres coul\u00e9es jusqu'\u00e0 10 cm Forme de d\u00e9part : non pigment\u00e9e \/ transparente. Colorable avec des colorants et des pigments pour r\u00e9sine \u00e9poxy EPODEX","og_url":"https:\/\/old.epodex-industries.com\/fr\/produkt\/eco-resine-epoxy-composant-a\/","og_site_name":"EPODEX Industries | B2B Plattform","article_publisher":"https:\/\/www.facebook.com\/Epodex\/","article_modified_time":"2024-07-24T10:14:34+00:00","og_image":[{"width":1200,"height":800,"url":"https:\/\/old.epodex-industries.com\/wp-content\/uploads\/2023\/09\/harz-kaufen-epodex-eco-1.jpg-1.jpg","type":"image\/jpeg"}],"twitter_card":"summary_large_image","twitter_misc":{"Dur\u00e9e de lecture estim\u00e9e":"6 minutes"},"schema":{"@context":"https:\/\/schema.org","@graph":[{"@type":"WebPage","@id":"https:\/\/old.epodex-industries.com\/fr\/produkt\/eco-resine-epoxy-composant-a\/","url":"https:\/\/old.epodex-industries.com\/fr\/produkt\/eco-resine-epoxy-composant-a\/","name":"ECO R\u00e9sine Epoxy (Composant A) - EPODEX Industries | B2B Plattform","isPartOf":{"@id":"https:\/\/old.epodex-industries.com\/fr\/#website"},"primaryImageOfPage":{"@id":"https:\/\/old.epodex-industries.com\/fr\/produkt\/eco-resine-epoxy-composant-a\/#primaryimage"},"image":{"@id":"https:\/\/old.epodex-industries.com\/fr\/produkt\/eco-resine-epoxy-composant-a\/#primaryimage"},"thumbnailUrl":"https:\/\/old.epodex-industries.com\/wp-content\/uploads\/2023\/09\/harz-kaufen-epodex-eco-1.jpg-1.jpg","datePublished":"2024-04-12T12:46:21+00:00","dateModified":"2024-07-24T10:14:34+00:00","breadcrumb":{"@id":"https:\/\/old.epodex-industries.com\/fr\/produkt\/eco-resine-epoxy-composant-a\/#breadcrumb"},"inLanguage":"fr-FR","potentialAction":[{"@type":"ReadAction","target":["https:\/\/old.epodex-industries.com\/fr\/produkt\/eco-resine-epoxy-composant-a\/"]}]},{"@type":"ImageObject","inLanguage":"fr-FR","@id":"https:\/\/old.epodex-industries.com\/fr\/produkt\/eco-resine-epoxy-composant-a\/#primaryimage","url":"https:\/\/old.epodex-industries.com\/wp-content\/uploads\/2023\/09\/harz-kaufen-epodex-eco-1.jpg-1.jpg","contentUrl":"https:\/\/old.epodex-industries.com\/wp-content\/uploads\/2023\/09\/harz-kaufen-epodex-eco-1.jpg-1.jpg","width":1200,"height":800},{"@type":"BreadcrumbList","@id":"https:\/\/old.epodex-industries.com\/fr\/produkt\/eco-resine-epoxy-composant-a\/#breadcrumb","itemListElement":[{"@type":"ListItem","position":1,"name":"Startseite","item":"https:\/\/old.epodex-industries.com\/fr\/"},{"@type":"ListItem","position":2,"name":"Shop","item":"https:\/\/old.epodex-industries.com\/fr\/shop\/"},{"@type":"ListItem","position":3,"name":"ECO R\u00e9sine Epoxy (Composant A)"}]},{"@type":"WebSite","@id":"https:\/\/old.epodex-industries.com\/fr\/#website","url":"https:\/\/old.epodex-industries.com\/fr\/","name":"EPODEX Industries | B2B Plattform","description":"Hersteller + Gro\u00dfhandel f\u00fcr Baustoffe","publisher":{"@id":"https:\/\/old.epodex-industries.com\/fr\/#organization"},"alternateName":"EPODEX Industries | Hersteller + Gro\u00dfhandel f\u00fcr Baustoffe","potentialAction":[{"@type":"SearchAction","target":{"@type":"EntryPoint","urlTemplate":"https:\/\/old.epodex-industries.com\/fr\/?s={search_term_string}"},"query-input":{"@type":"PropertyValueSpecification","valueRequired":true,"valueName":"search_term_string"}}],"inLanguage":"fr-FR"},{"@type":"Organization","@id":"https:\/\/old.epodex-industries.com\/fr\/#organization","name":"EPODEX Industries","url":"https:\/\/old.epodex-industries.com\/fr\/","logo":{"@type":"ImageObject","inLanguage":"fr-FR","@id":"https:\/\/old.epodex-industries.com\/fr\/#\/schema\/logo\/image\/","url":"https:\/\/www.epodex-industries.com\/wp-content\/uploads\/2023\/06\/Logo-Epodex-Rechnung.jpg","contentUrl":"https:\/\/www.epodex-industries.com\/wp-content\/uploads\/2023\/06\/Logo-Epodex-Rechnung.jpg","width":261,"height":50,"caption":"EPODEX Industries"},"image":{"@id":"https:\/\/old.epodex-industries.com\/fr\/#\/schema\/logo\/image\/"},"sameAs":["https:\/\/www.facebook.com\/Epodex\/","https:\/\/www.instagram.com\/epodex_official\/","https:\/\/www.pinterest.de\/epodex_com\/","https:\/\/www.youtube.com\/channel\/UC7lFrJ9YpN1yg43sTc6q3ow"]}]}},"_links":{"self":[{"href":"https:\/\/old.epodex-industries.com\/fr\/wp-json\/wp\/v2\/product\/28900","targetHints":{"allow":["GET"]}}],"collection":[{"href":"https:\/\/old.epodex-industries.com\/fr\/wp-json\/wp\/v2\/product"}],"about":[{"href":"https:\/\/old.epodex-industries.com\/fr\/wp-json\/wp\/v2\/types\/product"}],"replies":[{"embeddable":true,"href":"https:\/\/old.epodex-industries.com\/fr\/wp-json\/wp\/v2\/comments?post=28900"}],"wp:featuredmedia":[{"embeddable":true,"href":"https:\/\/old.epodex-industries.com\/fr\/wp-json\/wp\/v2\/media\/23111"}],"wp:attachment":[{"href":"https:\/\/old.epodex-industries.com\/fr\/wp-json\/wp\/v2\/media?parent=28900"}],"wp:term":[{"taxonomy":"product_brand","embeddable":true,"href":"https:\/\/old.epodex-industries.com\/fr\/wp-json\/wp\/v2\/product_brand?post=28900"},{"taxonomy":"product_cat","embeddable":true,"href":"https:\/\/old.epodex-industries.com\/fr\/wp-json\/wp\/v2\/product_cat?post=28900"},{"taxonomy":"product_tag","embeddable":true,"href":"https:\/\/old.epodex-industries.com\/fr\/wp-json\/wp\/v2\/product_tag?post=28900"}],"curies":[{"name":"wp","href":"https:\/\/api.w.org\/{rel}","templated":true}]}}