{"id":28898,"date":"2024-04-12T14:46:19","date_gmt":"2024-04-12T12:46:19","guid":{"rendered":"https:\/\/www.epodex-industries.com\/produkt\/1k-epoxy-primer-incolore\/"},"modified":"2024-07-24T12:14:45","modified_gmt":"2024-07-24T10:14:45","slug":"1k-epoxy-primer-incolore","status":"publish","type":"product","link":"https:\/\/old.epodex-industries.com\/fr\/produit\/1k-epoxy-primer-incolore\/","title":{"rendered":"1K EPOXY PRIMER &#8211; Incolore"},"content":{"rendered":"<h2>EPOXY PRIMER System<\/h2>\n<p>EPOXY PRIMER est un syst\u00e8me monocomposant \u00e0 base d&rsquo;eau. Le syst\u00e8me est utilis\u00e9 comme <strong>couche de fond ou appr\u00eat avant d\u2019appliquer de la r\u00e9sine \u00e9poxy sur les sols, les tables et les murs<\/strong>. Ce syst\u00e8me \u00e0 base d&rsquo;eau doit \u00eatre appliqu\u00e9 finement en une ou deux couches de 0,3mm. Selon la temp\u00e9rature de la pi\u00e8ce et du mat\u00e9riau, le rev\u00eatement est sec apr\u00e8s environ 8 heures (\u00e0 20\u00b0C). Notre EPOXY PRIMER est miscible avec toutes nos p\u00e2tes de couleur WB PIGMENT.<\/p>\n<hr \/>\n<h3>Consignes d&rsquo;utilisation<\/h3>\n<p><strong><u>Pr\u00e9paration<\/u><\/strong><\/p>\n<ol>\n<li>La surface \u00e0 couvrir doit \u00eatre exempte de poussi\u00e8re et lisse. Les irr\u00e9gularit\u00e9s doivent \u00eatre aplanies \u00e0 l&rsquo;avance et les trous combl\u00e9s au pr\u00e9alable avec un ragr\u00e9age.<\/li>\n<li>Si la surface est tr\u00e8s poreuse, il est recommand\u00e9 d\u2019appliquer un appr\u00eat adapt\u00e9 au mat\u00e9riau (par exemple une sous couche peinture).<\/li>\n<li>La sous couche peinture emp\u00eache l\u2019appr\u00eat \u00e9poxy et la peinture ne soient absorb\u00e9s dans le support.<\/li>\n<li>Laisser la sous couche peinture s\u00e9cher.<\/li>\n<\/ol>\n<p><strong><u>Appr\u00eat<\/u><\/strong><\/p>\n<ol>\n<li>M\u00e9langer bien le bidon avant utilisation. Pour ce faire secouer le bidon ou m\u00e9langer avec un b\u00e2ton de m\u00e9lange.<\/li>\n<li>Pour colorer l\u2019appr\u00eat, ajouter environ 10% de couleur WB PIGMENT (par exemple 100g de couleur pour 1kg de PRIMER) et m\u00e9langer \u00e0 nouveau.<\/li>\n<li>Verser l\u2019appr\u00eat dans un bac \u00e0 peinture apr\u00e8s l\u2019avoir m\u00e9lang\u00e9.<\/li>\n<li>Appliquez l\u2019appr\u00eat en couche mince sur la surface souhait\u00e9e \u00e0 l&rsquo;aide d&rsquo;un rouleau en mousse. Nous recommandons une \u00e9paisseur de couche d&rsquo;environ 0,3mm.<\/li>\n<li>Laissez s\u00e9cher le rev\u00eatement pendant environ 8 heures (\u00e0 20\u00b0C).<\/li>\n<li>Continuer avec le rev\u00eatement principal. Utilisez notre syst\u00e8me de r\u00e9sine \u00e9poxy ECO ou PRO pour le rev\u00eatement principal.<\/li>\n<li>Le rev\u00eatement principal peut \u00eatre touch\u00e9\/march\u00e9 dessus apr\u00e8s environ 24 heures et est compl\u00e8tement durci chimiquement apr\u00e8s environ 7 jours.<\/li>\n<\/ol>\n<hr \/>\n<p><strong>Volumes de consommation:<\/strong> 120-150g\/m\u00b2 par couche sur des surfaces lisses et non absorbantes. Sur les surfaces tr\u00e8s absorbantes, nous recommandons d&rsquo;appr\u00eater la surface au pr\u00e9alable (par exemple avec une sous-couche) pour \u00e9viter que la peinture ne soit absorb\u00e9e.<\/p>\n<hr \/>\n<p><strong>Service \u00e0 la client\u00e8le:<\/strong> Si vous avez d\u2019autres questions, contactez-nous par t\u00e9l\u00e9phone, par courrier \u00e9lectronique ou utilisez notre support WhatsApp.<\/p>\n<p><strong>Remarque: <\/strong>Veuillez noter qu\u2019en raison des conditions d\u2019\u00e9clairage et des diff\u00e9rents moniteurs, les couleurs peuvent ne pas \u00eatre affich\u00e9es de mani\u00e8re uniforme.<\/p>\n<p>Valeur limite de l\u2018UE: (Cat. A\/d): 100g\/L (2010), max. 100g\/L COV<\/p>\n<hr \/>\n<h3>Ingr\u00e9dients, mentions de danger et s\u00e9curit\u00e9<\/h3>\n<p><strong>EPOXY PRIMER <\/strong>Attention: 1,2-Benzisothiazol-3(2H)-on 2-M\u00e9thyl-2H-isothiazol-3-one Peut provoquer une allergie cutan\u00e9e En cas de consultation d&rsquo;un m\u00e9decin, garder \u00e0 disposition le r\u00e9cipient ou l&rsquo;\u00e9tiquette. Tenir hors de port\u00e9e des enfants. \u00c9viter de respirer les poussi\u00e8res\/fum\u00e9es\/gaz\/brouillards\/ vapeurs\/a\u00e9rosols. \u00c9viter tout contact avec les yeux, la peau ou les v\u00eatements. \u00c9viter le rejet dans l&rsquo;environnement. EN CAS DE CONTACT AVEC LA PEAU: Laver abondamment \u00e0 l&rsquo;eau et au savon. \u00c9liminer le contenu\/r\u00e9cipient dans des contenants s\u00e9curitaires et conform\u00e9ment \u00e0 la r\u00e9glementation locale, r\u00e9gionale ou nationale<\/p>\n<p><img decoding=\"async\" src=\"https:\/\/www.epodex.com\/de\/wp-content\/uploads\/2021\/03\/warnhinweis-ausrufezeichen.jpg\" \/><\/p>\n","protected":false},"excerpt":{"rendered":"<p>EPODEX EPOXY PRIMER est id\u00e9al en tant qu&rsquo;appr\u00eat avant l&rsquo;application de r\u00e9sine \u00e9poxy. Il est applicable sur une vari\u00e9t\u00e9 de surfaces telles que les sols et les murs. Les instructions d&rsquo;application se trouvent sur cette page produit. <\/p>\n","protected":false},"featured_media":20377,"comment_status":"open","ping_status":"closed","template":"","meta":[],"product_brand":[],"product_cat":[4515],"product_tag":[],"class_list":{"0":"post-28898","1":"product","2":"type-product","3":"status-publish","4":"has-post-thumbnail","6":"product_cat-sous-couche","8":"first","9":"instock","10":"taxable","11":"shipping-taxable","12":"product-type-variable","13":"wvs-archive-product-wrapper"},"yoast_head":"<!-- This site is optimized with the Yoast SEO plugin v26.7 - https:\/\/yoast.com\/wordpress\/plugins\/seo\/ -->\n<title>1K EPOXY PRIMER - Incolore - EPODEX Industries | B2B Plattform<\/title>\n<meta name=\"robots\" content=\"index, follow, max-snippet:-1, max-image-preview:large, max-video-preview:-1\" \/>\n<link rel=\"canonical\" href=\"https:\/\/old.epodex-industries.com\/fr\/produkt\/1k-epoxy-primer-incolore\/\" \/>\n<meta property=\"og:locale\" content=\"fr_FR\" \/>\n<meta property=\"og:type\" content=\"article\" \/>\n<meta property=\"og:title\" content=\"1K EPOXY PRIMER - Incolore - EPODEX Industries | B2B Plattform\" \/>\n<meta property=\"og:description\" content=\"EPODEX EPOXY PRIMER est id\u00e9al en tant qu&#039;appr\u00eat avant l&#039;application de r\u00e9sine \u00e9poxy. Il est applicable sur une vari\u00e9t\u00e9 de surfaces telles que les sols et les murs. Les instructions d&#039;application se trouvent sur cette page produit.\" \/>\n<meta property=\"og:url\" content=\"https:\/\/old.epodex-industries.com\/fr\/produkt\/1k-epoxy-primer-incolore\/\" \/>\n<meta property=\"og:site_name\" content=\"EPODEX Industries | B2B Plattform\" \/>\n<meta property=\"article:publisher\" content=\"https:\/\/www.facebook.com\/Epodex\/\" \/>\n<meta property=\"article:modified_time\" content=\"2024-07-24T10:14:45+00:00\" \/>\n<meta property=\"og:image\" content=\"https:\/\/old.epodex-industries.com\/wp-content\/uploads\/2023\/09\/epoxy-primer-grundierung-farblos.jpg\" \/>\n\t<meta property=\"og:image:width\" content=\"1200\" \/>\n\t<meta property=\"og:image:height\" content=\"800\" \/>\n\t<meta property=\"og:image:type\" content=\"image\/jpeg\" \/>\n<meta name=\"twitter:card\" content=\"summary_large_image\" \/>\n<meta name=\"twitter:label1\" content=\"Dur\u00e9e de lecture estim\u00e9e\" \/>\n\t<meta name=\"twitter:data1\" content=\"3 minutes\" \/>\n<script type=\"application\/ld+json\" class=\"yoast-schema-graph\">{\"@context\":\"https:\/\/schema.org\",\"@graph\":[{\"@type\":\"WebPage\",\"@id\":\"https:\/\/old.epodex-industries.com\/fr\/produkt\/1k-epoxy-primer-incolore\/\",\"url\":\"https:\/\/old.epodex-industries.com\/fr\/produkt\/1k-epoxy-primer-incolore\/\",\"name\":\"1K EPOXY PRIMER - Incolore - EPODEX Industries | B2B Plattform\",\"isPartOf\":{\"@id\":\"https:\/\/old.epodex-industries.com\/fr\/#website\"},\"primaryImageOfPage\":{\"@id\":\"https:\/\/old.epodex-industries.com\/fr\/produkt\/1k-epoxy-primer-incolore\/#primaryimage\"},\"image\":{\"@id\":\"https:\/\/old.epodex-industries.com\/fr\/produkt\/1k-epoxy-primer-incolore\/#primaryimage\"},\"thumbnailUrl\":\"https:\/\/old.epodex-industries.com\/wp-content\/uploads\/2023\/09\/epoxy-primer-grundierung-farblos.jpg\",\"datePublished\":\"2024-04-12T12:46:19+00:00\",\"dateModified\":\"2024-07-24T10:14:45+00:00\",\"breadcrumb\":{\"@id\":\"https:\/\/old.epodex-industries.com\/fr\/produkt\/1k-epoxy-primer-incolore\/#breadcrumb\"},\"inLanguage\":\"fr-FR\",\"potentialAction\":[{\"@type\":\"ReadAction\",\"target\":[\"https:\/\/old.epodex-industries.com\/fr\/produkt\/1k-epoxy-primer-incolore\/\"]}]},{\"@type\":\"ImageObject\",\"inLanguage\":\"fr-FR\",\"@id\":\"https:\/\/old.epodex-industries.com\/fr\/produkt\/1k-epoxy-primer-incolore\/#primaryimage\",\"url\":\"https:\/\/old.epodex-industries.com\/wp-content\/uploads\/2023\/09\/epoxy-primer-grundierung-farblos.jpg\",\"contentUrl\":\"https:\/\/old.epodex-industries.com\/wp-content\/uploads\/2023\/09\/epoxy-primer-grundierung-farblos.jpg\",\"width\":1200,\"height\":800},{\"@type\":\"BreadcrumbList\",\"@id\":\"https:\/\/old.epodex-industries.com\/fr\/produkt\/1k-epoxy-primer-incolore\/#breadcrumb\",\"itemListElement\":[{\"@type\":\"ListItem\",\"position\":1,\"name\":\"Startseite\",\"item\":\"https:\/\/old.epodex-industries.com\/fr\/\"},{\"@type\":\"ListItem\",\"position\":2,\"name\":\"Shop\",\"item\":\"https:\/\/old.epodex-industries.com\/fr\/shop\/\"},{\"@type\":\"ListItem\",\"position\":3,\"name\":\"1K EPOXY PRIMER &#8211; Incolore\"}]},{\"@type\":\"WebSite\",\"@id\":\"https:\/\/old.epodex-industries.com\/fr\/#website\",\"url\":\"https:\/\/old.epodex-industries.com\/fr\/\",\"name\":\"EPODEX Industries | B2B Plattform\",\"description\":\"Hersteller + Gro\u00dfhandel f\u00fcr Baustoffe\",\"publisher\":{\"@id\":\"https:\/\/old.epodex-industries.com\/fr\/#organization\"},\"alternateName\":\"EPODEX Industries | Hersteller + Gro\u00dfhandel f\u00fcr Baustoffe\",\"potentialAction\":[{\"@type\":\"SearchAction\",\"target\":{\"@type\":\"EntryPoint\",\"urlTemplate\":\"https:\/\/old.epodex-industries.com\/fr\/?s={search_term_string}\"},\"query-input\":{\"@type\":\"PropertyValueSpecification\",\"valueRequired\":true,\"valueName\":\"search_term_string\"}}],\"inLanguage\":\"fr-FR\"},{\"@type\":\"Organization\",\"@id\":\"https:\/\/old.epodex-industries.com\/fr\/#organization\",\"name\":\"EPODEX Industries\",\"url\":\"https:\/\/old.epodex-industries.com\/fr\/\",\"logo\":{\"@type\":\"ImageObject\",\"inLanguage\":\"fr-FR\",\"@id\":\"https:\/\/old.epodex-industries.com\/fr\/#\/schema\/logo\/image\/\",\"url\":\"https:\/\/www.epodex-industries.com\/wp-content\/uploads\/2023\/06\/Logo-Epodex-Rechnung.jpg\",\"contentUrl\":\"https:\/\/www.epodex-industries.com\/wp-content\/uploads\/2023\/06\/Logo-Epodex-Rechnung.jpg\",\"width\":261,\"height\":50,\"caption\":\"EPODEX Industries\"},\"image\":{\"@id\":\"https:\/\/old.epodex-industries.com\/fr\/#\/schema\/logo\/image\/\"},\"sameAs\":[\"https:\/\/www.facebook.com\/Epodex\/\",\"https:\/\/www.instagram.com\/epodex_official\/\",\"https:\/\/www.pinterest.de\/epodex_com\/\",\"https:\/\/www.youtube.com\/channel\/UC7lFrJ9YpN1yg43sTc6q3ow\"]}]}<\/script>\n<!-- \/ Yoast SEO plugin. -->","yoast_head_json":{"title":"1K EPOXY PRIMER - Incolore - EPODEX Industries | B2B Plattform","robots":{"index":"index","follow":"follow","max-snippet":"max-snippet:-1","max-image-preview":"max-image-preview:large","max-video-preview":"max-video-preview:-1"},"canonical":"https:\/\/old.epodex-industries.com\/fr\/produkt\/1k-epoxy-primer-incolore\/","og_locale":"fr_FR","og_type":"article","og_title":"1K EPOXY PRIMER - Incolore - EPODEX Industries | B2B Plattform","og_description":"EPODEX EPOXY PRIMER est id\u00e9al en tant qu'appr\u00eat avant l'application de r\u00e9sine \u00e9poxy. Il est applicable sur une vari\u00e9t\u00e9 de surfaces telles que les sols et les murs. Les instructions d'application se trouvent sur cette page produit.","og_url":"https:\/\/old.epodex-industries.com\/fr\/produkt\/1k-epoxy-primer-incolore\/","og_site_name":"EPODEX Industries | B2B Plattform","article_publisher":"https:\/\/www.facebook.com\/Epodex\/","article_modified_time":"2024-07-24T10:14:45+00:00","og_image":[{"width":1200,"height":800,"url":"https:\/\/old.epodex-industries.com\/wp-content\/uploads\/2023\/09\/epoxy-primer-grundierung-farblos.jpg","type":"image\/jpeg"}],"twitter_card":"summary_large_image","twitter_misc":{"Dur\u00e9e de lecture estim\u00e9e":"3 minutes"},"schema":{"@context":"https:\/\/schema.org","@graph":[{"@type":"WebPage","@id":"https:\/\/old.epodex-industries.com\/fr\/produkt\/1k-epoxy-primer-incolore\/","url":"https:\/\/old.epodex-industries.com\/fr\/produkt\/1k-epoxy-primer-incolore\/","name":"1K EPOXY PRIMER - Incolore - EPODEX Industries | B2B Plattform","isPartOf":{"@id":"https:\/\/old.epodex-industries.com\/fr\/#website"},"primaryImageOfPage":{"@id":"https:\/\/old.epodex-industries.com\/fr\/produkt\/1k-epoxy-primer-incolore\/#primaryimage"},"image":{"@id":"https:\/\/old.epodex-industries.com\/fr\/produkt\/1k-epoxy-primer-incolore\/#primaryimage"},"thumbnailUrl":"https:\/\/old.epodex-industries.com\/wp-content\/uploads\/2023\/09\/epoxy-primer-grundierung-farblos.jpg","datePublished":"2024-04-12T12:46:19+00:00","dateModified":"2024-07-24T10:14:45+00:00","breadcrumb":{"@id":"https:\/\/old.epodex-industries.com\/fr\/produkt\/1k-epoxy-primer-incolore\/#breadcrumb"},"inLanguage":"fr-FR","potentialAction":[{"@type":"ReadAction","target":["https:\/\/old.epodex-industries.com\/fr\/produkt\/1k-epoxy-primer-incolore\/"]}]},{"@type":"ImageObject","inLanguage":"fr-FR","@id":"https:\/\/old.epodex-industries.com\/fr\/produkt\/1k-epoxy-primer-incolore\/#primaryimage","url":"https:\/\/old.epodex-industries.com\/wp-content\/uploads\/2023\/09\/epoxy-primer-grundierung-farblos.jpg","contentUrl":"https:\/\/old.epodex-industries.com\/wp-content\/uploads\/2023\/09\/epoxy-primer-grundierung-farblos.jpg","width":1200,"height":800},{"@type":"BreadcrumbList","@id":"https:\/\/old.epodex-industries.com\/fr\/produkt\/1k-epoxy-primer-incolore\/#breadcrumb","itemListElement":[{"@type":"ListItem","position":1,"name":"Startseite","item":"https:\/\/old.epodex-industries.com\/fr\/"},{"@type":"ListItem","position":2,"name":"Shop","item":"https:\/\/old.epodex-industries.com\/fr\/shop\/"},{"@type":"ListItem","position":3,"name":"1K EPOXY PRIMER &#8211; Incolore"}]},{"@type":"WebSite","@id":"https:\/\/old.epodex-industries.com\/fr\/#website","url":"https:\/\/old.epodex-industries.com\/fr\/","name":"EPODEX Industries | B2B Plattform","description":"Hersteller + Gro\u00dfhandel f\u00fcr Baustoffe","publisher":{"@id":"https:\/\/old.epodex-industries.com\/fr\/#organization"},"alternateName":"EPODEX Industries | Hersteller + Gro\u00dfhandel f\u00fcr Baustoffe","potentialAction":[{"@type":"SearchAction","target":{"@type":"EntryPoint","urlTemplate":"https:\/\/old.epodex-industries.com\/fr\/?s={search_term_string}"},"query-input":{"@type":"PropertyValueSpecification","valueRequired":true,"valueName":"search_term_string"}}],"inLanguage":"fr-FR"},{"@type":"Organization","@id":"https:\/\/old.epodex-industries.com\/fr\/#organization","name":"EPODEX Industries","url":"https:\/\/old.epodex-industries.com\/fr\/","logo":{"@type":"ImageObject","inLanguage":"fr-FR","@id":"https:\/\/old.epodex-industries.com\/fr\/#\/schema\/logo\/image\/","url":"https:\/\/www.epodex-industries.com\/wp-content\/uploads\/2023\/06\/Logo-Epodex-Rechnung.jpg","contentUrl":"https:\/\/www.epodex-industries.com\/wp-content\/uploads\/2023\/06\/Logo-Epodex-Rechnung.jpg","width":261,"height":50,"caption":"EPODEX Industries"},"image":{"@id":"https:\/\/old.epodex-industries.com\/fr\/#\/schema\/logo\/image\/"},"sameAs":["https:\/\/www.facebook.com\/Epodex\/","https:\/\/www.instagram.com\/epodex_official\/","https:\/\/www.pinterest.de\/epodex_com\/","https:\/\/www.youtube.com\/channel\/UC7lFrJ9YpN1yg43sTc6q3ow"]}]}},"_links":{"self":[{"href":"https:\/\/old.epodex-industries.com\/fr\/wp-json\/wp\/v2\/product\/28898","targetHints":{"allow":["GET"]}}],"collection":[{"href":"https:\/\/old.epodex-industries.com\/fr\/wp-json\/wp\/v2\/product"}],"about":[{"href":"https:\/\/old.epodex-industries.com\/fr\/wp-json\/wp\/v2\/types\/product"}],"replies":[{"embeddable":true,"href":"https:\/\/old.epodex-industries.com\/fr\/wp-json\/wp\/v2\/comments?post=28898"}],"wp:featuredmedia":[{"embeddable":true,"href":"https:\/\/old.epodex-industries.com\/fr\/wp-json\/wp\/v2\/media\/20377"}],"wp:attachment":[{"href":"https:\/\/old.epodex-industries.com\/fr\/wp-json\/wp\/v2\/media?parent=28898"}],"wp:term":[{"taxonomy":"product_brand","embeddable":true,"href":"https:\/\/old.epodex-industries.com\/fr\/wp-json\/wp\/v2\/product_brand?post=28898"},{"taxonomy":"product_cat","embeddable":true,"href":"https:\/\/old.epodex-industries.com\/fr\/wp-json\/wp\/v2\/product_cat?post=28898"},{"taxonomy":"product_tag","embeddable":true,"href":"https:\/\/old.epodex-industries.com\/fr\/wp-json\/wp\/v2\/product_tag?post=28898"}],"curies":[{"name":"wp","href":"https:\/\/api.w.org\/{rel}","templated":true}]}}