{"id":19689,"date":"2024-03-18T11:56:25","date_gmt":"2024-03-18T10:56:25","guid":{"rendered":"https:\/\/www.epodex-industries.com\/produkt\/2k-primer-2k-grundierung\/"},"modified":"2024-04-22T08:03:28","modified_gmt":"2024-04-22T06:03:28","slug":"2k-primer-2k-grundierung","status":"publish","type":"product","link":"https:\/\/old.epodex-industries.com\/fr\/produit\/2k-primer-2k-grundierung\/","title":{"rendered":"2K PRIMER (2K Grundierung)"},"content":{"rendered":"<h2>EPODEX PRIMER 2K<\/h2>\n<p>EPODEX PRIMER 2K ist eine hoch abriebfeste und diffusionsoffene Grundierung auf Epoxidharzbasis. Das wasserbasierte 2-Komponenten System eignet sich ideal, um nicht saugf\u00e4hige Oberfl\u00e4chen z.B. Fliesen, Metall etc. zu grundieren. PRIMER 2K ist geruchsneutral und frei von gesundheitssch\u00e4dlichen L\u00f6sungsmitteln.<\/p>\n<hr \/>\n<h2>Anleitung zur Anwendung<\/h2>\n<ol>\n<li>Produkt bei mind. 15\u00b0C bis max. 30\u00b0C verarbeiten.<\/li>\n<li>Der Untergrund muss fest, trocken, tragf\u00e4hig, sauber und frei von trennend wirkenden Substanzen sein (Fette und \u00d6le). Oberfl\u00e4che anrauen, um bessere Haftung zu erm\u00f6glichen.<\/li>\n<li>Oberfl\u00e4che mit EPODEX PRE-CLEANER s\u00e4ubern und entfetten.<\/li>\n<li>Harz (A) mit H\u00e4rter (B) im Mischungsverh\u00e4ltnis 5:1 nach Gewicht vermischen (z.B. 5kg Harz: 1kg H\u00e4rter). Mischung in sauberes Beh\u00e4ltnis umf\u00fcllen und erneut mischen.<\/li>\n<li>Verarbeitungszeit\/ Topfzeit bei 20\u00b0C: ca. 50 Minuten, bei 25\u00b0C: ca. 35 Minuten. Wir empfehlen ca. zwei Anstriche.<\/li>\n<li>Warten Sie mindestens 12-48 Stunden bevor Sie die zweite Schicht aufstreichen.<\/li>\n<li>Begehbar nach ca. 1 Tag. Vollst\u00e4ndig belastbar nach ca. 7 Tagen. Lagerung zwischen 10\u00b0C und 30\u00b0C.<\/li>\n<\/ol>\n<hr \/>\n<p><strong>Kundenservice:<\/strong> Bei weiteren Fragen kontaktieren Sie uns telefonisch, per E-Mail oder nutzen Sie unseren WhatsApp-Support.<\/p>\n<hr \/>\n<h3>Gefahren- und Sicherheitshinweise:<\/h3>\n<p><strong>A-Komponenten:<\/strong> Gefahr: Verursacht Hautreizungen. Verursacht schwere Augenreizung. Kann allergische Hautreaktionen verursachen. Giftig f\u00fcr Wasserorganismen, mit langfristiger Wirkung. Einatmen von Staub\/Rauch\/Gas\/Nebel\/Dampf\/Aerosol vermeiden. Freisetzung in die Umwelt vermeiden. Schutzhandschuhe \/ Augenschutz \/ Gesichtsschutz tragen. BEI KONTAKT MIT DEN AUGEN: Einige Minuten lang behutsam mit Wasser sp\u00fclen. Eventuell vorhandene Kontaktlinsen nach M\u00f6glichkeit entfernen. Weiter sp\u00fclen. Entsorgung des Inhalts \/ des Beh\u00e4lters gem\u00e4\u00df den \u00f6rtlichen \/ regionalen \/ nationalen\/ internationalen Vorschriften.<\/p>\n<hr \/>\n<p><strong>B-Komponenten:<\/strong> Gefahr: Gesundheitssch\u00e4dlich bei Einatmen, Verschlucken oder Hautkontakt. Verursacht schwere Ver\u00e4tzungen der Haut und schwere Augensch\u00e4den. Kann allergische Hautreaktionen verursachen. Sch\u00e4dlich\/Giftig f\u00fcr Wasserorganismen, mit langfristiger Wirkung. Freisetzung in die Umwelt vermeiden. Staub\/ Rauch\/ Gas\/ Nebel\/ Dampf\/ Aerosol nicht einatmen. Schutzhandschuhe\/ Schutzkleidung\/ Augenschutz\/ Gesichtsschutz tragen. BEI BER\u00dcHRUNG MIT DER HAUT (oder dem Haar): Alle kontaminierten Kleidungsst\u00fccke sofort ausziehen. Haut mit Wasser abwaschen\/duschen. BEI EINATMEN: Die Person an die frische Luft bringen und f\u00fcr ungehinderte Atmung sorgen. BEI KONTAKT MIT DEN AUGEN: Einige Minuten lang behutsam mit Wasser sp\u00fclen. Eventuell vorhandene Kontaktlinsen nach M\u00f6glichkeit entfernen. Weiter sp\u00fclen. Sofort GIFTINFORMATIONSZENTRUM\/Arzt anrufen. BEI VERSCHLUCKEN: Bei Unwohlsein GIFTINFORMATIONSZENTRUM\/Arzt anrufen. Unter Verschluss aufbewahren. Entsorgung des Inhalts\/ des Beh\u00e4lters gem\u00e4\u00df den \u00f6rtlichen\/ regionalen\/ nationalen\/ internationalen Vorschriften.<\/p>\n<p><img decoding=\"async\" src=\"https:\/\/www.epodex.com\/de\/wp-content\/uploads\/2022\/09\/hinweise-3.png\" \/><\/p>\n","protected":false},"excerpt":{"rendered":"<ul>\n<li>F\u00fcr nicht saugende Oberfl\u00e4chen<\/li>\n<li>Wasserbasiert und diffusionsoffen<\/li>\n<li>VOC- und l\u00f6semittelfrei<\/li>\n<li>Verbrauchsmenge: ca. 220g\/m\u00b2<\/li>\n<li>Verarbeitungszeit: 90 Min. bei 1kg<\/li>\n<li>Mischverh\u00e4ltnis Harz und H\u00e4rter: 5:1 (z.B. 500g Harz zu 100g H\u00e4rter)<\/li>\n<\/ul>\n","protected":false},"featured_media":31218,"comment_status":"closed","ping_status":"closed","template":"","meta":[],"product_brand":[],"product_cat":[483],"product_tag":[],"class_list":{"0":"post-19689","1":"product","2":"type-product","3":"status-publish","4":"has-post-thumbnail","6":"product_cat-epoxidharze-in-gebinde","8":"first","9":"instock","10":"taxable","11":"shipping-taxable","12":"product-type-grouped"},"yoast_head":"<!-- This site is optimized with the Yoast SEO plugin v26.7 - https:\/\/yoast.com\/wordpress\/plugins\/seo\/ -->\n<title>2K PRIMER (2K Grundierung) - EPODEX Industries | B2B Plattform<\/title>\n<meta name=\"robots\" content=\"index, follow, max-snippet:-1, max-image-preview:large, max-video-preview:-1\" \/>\n<link rel=\"canonical\" href=\"https:\/\/old.epodex-industries.com\/en\/product\/2k-primer-2k-grundierung\/\" \/>\n<meta property=\"og:locale\" content=\"fr_FR\" \/>\n<meta property=\"og:type\" content=\"article\" \/>\n<meta property=\"og:title\" content=\"2K PRIMER (2K Grundierung) - EPODEX Industries | B2B Plattform\" \/>\n<meta property=\"og:description\" content=\"F\u00fcr nicht saugende Oberfl\u00e4chen  Wasserbasiert und diffusionsoffen  VOC- und l\u00f6semittelfrei  Verbrauchsmenge: ca. 220g\/m\u00b2  Verarbeitungszeit: 90 Min. bei 1kg  Mischverh\u00e4ltnis Harz und H\u00e4rter: 5:1 (z.B. 500g Harz zu 100g H\u00e4rter)\" \/>\n<meta property=\"og:url\" content=\"https:\/\/old.epodex-industries.com\/en\/product\/2k-primer-2k-grundierung\/\" \/>\n<meta property=\"og:site_name\" content=\"EPODEX Industries | B2B Plattform\" \/>\n<meta property=\"article:publisher\" content=\"https:\/\/www.facebook.com\/Epodex\/\" \/>\n<meta property=\"article:modified_time\" content=\"2024-04-22T06:03:28+00:00\" \/>\n<meta property=\"og:image\" content=\"https:\/\/old.epodex-industries.com\/wp-content\/uploads\/2024\/04\/grundierung-primer-2k-a-b.jpg\" \/>\n\t<meta property=\"og:image:width\" content=\"1200\" \/>\n\t<meta property=\"og:image:height\" content=\"800\" \/>\n\t<meta property=\"og:image:type\" content=\"image\/jpeg\" \/>\n<meta name=\"twitter:card\" content=\"summary_large_image\" \/>\n<meta name=\"twitter:label1\" content=\"Dur\u00e9e de lecture estim\u00e9e\" \/>\n\t<meta name=\"twitter:data1\" content=\"2 minutes\" \/>\n<script type=\"application\/ld+json\" class=\"yoast-schema-graph\">{\"@context\":\"https:\/\/schema.org\",\"@graph\":[{\"@type\":\"WebPage\",\"@id\":\"https:\/\/old.epodex-industries.com\/en\/product\/2k-primer-2k-grundierung\/\",\"url\":\"https:\/\/old.epodex-industries.com\/en\/product\/2k-primer-2k-grundierung\/\",\"name\":\"2K PRIMER (2K Grundierung) - EPODEX Industries | B2B Plattform\",\"isPartOf\":{\"@id\":\"https:\/\/old.epodex-industries.com\/fr\/#website\"},\"primaryImageOfPage\":{\"@id\":\"https:\/\/old.epodex-industries.com\/en\/product\/2k-primer-2k-grundierung\/#primaryimage\"},\"image\":{\"@id\":\"https:\/\/old.epodex-industries.com\/en\/product\/2k-primer-2k-grundierung\/#primaryimage\"},\"thumbnailUrl\":\"https:\/\/old.epodex-industries.com\/wp-content\/uploads\/2024\/04\/grundierung-primer-2k-a-b.jpg\",\"datePublished\":\"2024-03-18T10:56:25+00:00\",\"dateModified\":\"2024-04-22T06:03:28+00:00\",\"breadcrumb\":{\"@id\":\"https:\/\/old.epodex-industries.com\/en\/product\/2k-primer-2k-grundierung\/#breadcrumb\"},\"inLanguage\":\"fr-FR\",\"potentialAction\":[{\"@type\":\"ReadAction\",\"target\":[\"https:\/\/old.epodex-industries.com\/en\/product\/2k-primer-2k-grundierung\/\"]}]},{\"@type\":\"ImageObject\",\"inLanguage\":\"fr-FR\",\"@id\":\"https:\/\/old.epodex-industries.com\/en\/product\/2k-primer-2k-grundierung\/#primaryimage\",\"url\":\"https:\/\/old.epodex-industries.com\/wp-content\/uploads\/2024\/04\/grundierung-primer-2k-a-b.jpg\",\"contentUrl\":\"https:\/\/old.epodex-industries.com\/wp-content\/uploads\/2024\/04\/grundierung-primer-2k-a-b.jpg\",\"width\":1200,\"height\":800},{\"@type\":\"BreadcrumbList\",\"@id\":\"https:\/\/old.epodex-industries.com\/en\/product\/2k-primer-2k-grundierung\/#breadcrumb\",\"itemListElement\":[{\"@type\":\"ListItem\",\"position\":1,\"name\":\"Startseite\",\"item\":\"https:\/\/old.epodex-industries.com\/fr\/\"},{\"@type\":\"ListItem\",\"position\":2,\"name\":\"Shop\",\"item\":\"https:\/\/old.epodex-industries.com\/fr\/shop\/\"},{\"@type\":\"ListItem\",\"position\":3,\"name\":\"2K PRIMER (2K Grundierung)\"}]},{\"@type\":\"WebSite\",\"@id\":\"https:\/\/old.epodex-industries.com\/fr\/#website\",\"url\":\"https:\/\/old.epodex-industries.com\/fr\/\",\"name\":\"EPODEX Industries | B2B Plattform\",\"description\":\"Hersteller + Gro\u00dfhandel f\u00fcr Baustoffe\",\"publisher\":{\"@id\":\"https:\/\/old.epodex-industries.com\/fr\/#organization\"},\"alternateName\":\"EPODEX Industries | Hersteller + Gro\u00dfhandel f\u00fcr Baustoffe\",\"potentialAction\":[{\"@type\":\"SearchAction\",\"target\":{\"@type\":\"EntryPoint\",\"urlTemplate\":\"https:\/\/old.epodex-industries.com\/fr\/?s={search_term_string}\"},\"query-input\":{\"@type\":\"PropertyValueSpecification\",\"valueRequired\":true,\"valueName\":\"search_term_string\"}}],\"inLanguage\":\"fr-FR\"},{\"@type\":\"Organization\",\"@id\":\"https:\/\/old.epodex-industries.com\/fr\/#organization\",\"name\":\"EPODEX Industries\",\"url\":\"https:\/\/old.epodex-industries.com\/fr\/\",\"logo\":{\"@type\":\"ImageObject\",\"inLanguage\":\"fr-FR\",\"@id\":\"https:\/\/old.epodex-industries.com\/fr\/#\/schema\/logo\/image\/\",\"url\":\"https:\/\/www.epodex-industries.com\/wp-content\/uploads\/2023\/06\/Logo-Epodex-Rechnung.jpg\",\"contentUrl\":\"https:\/\/www.epodex-industries.com\/wp-content\/uploads\/2023\/06\/Logo-Epodex-Rechnung.jpg\",\"width\":261,\"height\":50,\"caption\":\"EPODEX Industries\"},\"image\":{\"@id\":\"https:\/\/old.epodex-industries.com\/fr\/#\/schema\/logo\/image\/\"},\"sameAs\":[\"https:\/\/www.facebook.com\/Epodex\/\",\"https:\/\/www.instagram.com\/epodex_official\/\",\"https:\/\/www.pinterest.de\/epodex_com\/\",\"https:\/\/www.youtube.com\/channel\/UC7lFrJ9YpN1yg43sTc6q3ow\"]}]}<\/script>\n<!-- \/ Yoast SEO plugin. -->","yoast_head_json":{"title":"2K PRIMER (2K Grundierung) - EPODEX Industries | B2B Plattform","robots":{"index":"index","follow":"follow","max-snippet":"max-snippet:-1","max-image-preview":"max-image-preview:large","max-video-preview":"max-video-preview:-1"},"canonical":"https:\/\/old.epodex-industries.com\/en\/product\/2k-primer-2k-grundierung\/","og_locale":"fr_FR","og_type":"article","og_title":"2K PRIMER (2K Grundierung) - EPODEX Industries | B2B Plattform","og_description":"F\u00fcr nicht saugende Oberfl\u00e4chen  Wasserbasiert und diffusionsoffen  VOC- und l\u00f6semittelfrei  Verbrauchsmenge: ca. 220g\/m\u00b2  Verarbeitungszeit: 90 Min. bei 1kg  Mischverh\u00e4ltnis Harz und H\u00e4rter: 5:1 (z.B. 500g Harz zu 100g H\u00e4rter)","og_url":"https:\/\/old.epodex-industries.com\/en\/product\/2k-primer-2k-grundierung\/","og_site_name":"EPODEX Industries | B2B Plattform","article_publisher":"https:\/\/www.facebook.com\/Epodex\/","article_modified_time":"2024-04-22T06:03:28+00:00","og_image":[{"width":1200,"height":800,"url":"https:\/\/old.epodex-industries.com\/wp-content\/uploads\/2024\/04\/grundierung-primer-2k-a-b.jpg","type":"image\/jpeg"}],"twitter_card":"summary_large_image","twitter_misc":{"Dur\u00e9e de lecture estim\u00e9e":"2 minutes"},"schema":{"@context":"https:\/\/schema.org","@graph":[{"@type":"WebPage","@id":"https:\/\/old.epodex-industries.com\/en\/product\/2k-primer-2k-grundierung\/","url":"https:\/\/old.epodex-industries.com\/en\/product\/2k-primer-2k-grundierung\/","name":"2K PRIMER (2K Grundierung) - EPODEX Industries | B2B Plattform","isPartOf":{"@id":"https:\/\/old.epodex-industries.com\/fr\/#website"},"primaryImageOfPage":{"@id":"https:\/\/old.epodex-industries.com\/en\/product\/2k-primer-2k-grundierung\/#primaryimage"},"image":{"@id":"https:\/\/old.epodex-industries.com\/en\/product\/2k-primer-2k-grundierung\/#primaryimage"},"thumbnailUrl":"https:\/\/old.epodex-industries.com\/wp-content\/uploads\/2024\/04\/grundierung-primer-2k-a-b.jpg","datePublished":"2024-03-18T10:56:25+00:00","dateModified":"2024-04-22T06:03:28+00:00","breadcrumb":{"@id":"https:\/\/old.epodex-industries.com\/en\/product\/2k-primer-2k-grundierung\/#breadcrumb"},"inLanguage":"fr-FR","potentialAction":[{"@type":"ReadAction","target":["https:\/\/old.epodex-industries.com\/en\/product\/2k-primer-2k-grundierung\/"]}]},{"@type":"ImageObject","inLanguage":"fr-FR","@id":"https:\/\/old.epodex-industries.com\/en\/product\/2k-primer-2k-grundierung\/#primaryimage","url":"https:\/\/old.epodex-industries.com\/wp-content\/uploads\/2024\/04\/grundierung-primer-2k-a-b.jpg","contentUrl":"https:\/\/old.epodex-industries.com\/wp-content\/uploads\/2024\/04\/grundierung-primer-2k-a-b.jpg","width":1200,"height":800},{"@type":"BreadcrumbList","@id":"https:\/\/old.epodex-industries.com\/en\/product\/2k-primer-2k-grundierung\/#breadcrumb","itemListElement":[{"@type":"ListItem","position":1,"name":"Startseite","item":"https:\/\/old.epodex-industries.com\/fr\/"},{"@type":"ListItem","position":2,"name":"Shop","item":"https:\/\/old.epodex-industries.com\/fr\/shop\/"},{"@type":"ListItem","position":3,"name":"2K PRIMER (2K Grundierung)"}]},{"@type":"WebSite","@id":"https:\/\/old.epodex-industries.com\/fr\/#website","url":"https:\/\/old.epodex-industries.com\/fr\/","name":"EPODEX Industries | B2B Plattform","description":"Hersteller + Gro\u00dfhandel f\u00fcr Baustoffe","publisher":{"@id":"https:\/\/old.epodex-industries.com\/fr\/#organization"},"alternateName":"EPODEX Industries | Hersteller + Gro\u00dfhandel f\u00fcr Baustoffe","potentialAction":[{"@type":"SearchAction","target":{"@type":"EntryPoint","urlTemplate":"https:\/\/old.epodex-industries.com\/fr\/?s={search_term_string}"},"query-input":{"@type":"PropertyValueSpecification","valueRequired":true,"valueName":"search_term_string"}}],"inLanguage":"fr-FR"},{"@type":"Organization","@id":"https:\/\/old.epodex-industries.com\/fr\/#organization","name":"EPODEX Industries","url":"https:\/\/old.epodex-industries.com\/fr\/","logo":{"@type":"ImageObject","inLanguage":"fr-FR","@id":"https:\/\/old.epodex-industries.com\/fr\/#\/schema\/logo\/image\/","url":"https:\/\/www.epodex-industries.com\/wp-content\/uploads\/2023\/06\/Logo-Epodex-Rechnung.jpg","contentUrl":"https:\/\/www.epodex-industries.com\/wp-content\/uploads\/2023\/06\/Logo-Epodex-Rechnung.jpg","width":261,"height":50,"caption":"EPODEX Industries"},"image":{"@id":"https:\/\/old.epodex-industries.com\/fr\/#\/schema\/logo\/image\/"},"sameAs":["https:\/\/www.facebook.com\/Epodex\/","https:\/\/www.instagram.com\/epodex_official\/","https:\/\/www.pinterest.de\/epodex_com\/","https:\/\/www.youtube.com\/channel\/UC7lFrJ9YpN1yg43sTc6q3ow"]}]}},"_links":{"self":[{"href":"https:\/\/old.epodex-industries.com\/fr\/wp-json\/wp\/v2\/product\/19689","targetHints":{"allow":["GET"]}}],"collection":[{"href":"https:\/\/old.epodex-industries.com\/fr\/wp-json\/wp\/v2\/product"}],"about":[{"href":"https:\/\/old.epodex-industries.com\/fr\/wp-json\/wp\/v2\/types\/product"}],"replies":[{"embeddable":true,"href":"https:\/\/old.epodex-industries.com\/fr\/wp-json\/wp\/v2\/comments?post=19689"}],"wp:featuredmedia":[{"embeddable":true,"href":"https:\/\/old.epodex-industries.com\/fr\/wp-json\/wp\/v2\/media\/31218"}],"wp:attachment":[{"href":"https:\/\/old.epodex-industries.com\/fr\/wp-json\/wp\/v2\/media?parent=19689"}],"wp:term":[{"taxonomy":"product_brand","embeddable":true,"href":"https:\/\/old.epodex-industries.com\/fr\/wp-json\/wp\/v2\/product_brand?post=19689"},{"taxonomy":"product_cat","embeddable":true,"href":"https:\/\/old.epodex-industries.com\/fr\/wp-json\/wp\/v2\/product_cat?post=19689"},{"taxonomy":"product_tag","embeddable":true,"href":"https:\/\/old.epodex-industries.com\/fr\/wp-json\/wp\/v2\/product_tag?post=19689"}],"curies":[{"name":"wp","href":"https:\/\/api.w.org\/{rel}","templated":true}]}}