{"id":18245,"date":"2024-03-18T11:30:14","date_gmt":"2024-03-18T10:30:14","guid":{"rendered":"https:\/\/www.epodex-industries.com\/produkt\/epodex-fugenstift-in-weiss-grau\/"},"modified":"2025-01-08T11:42:29","modified_gmt":"2025-01-08T10:42:29","slug":"epodex-fugenstift-in-weiss-grau","status":"publish","type":"product","link":"https:\/\/old.epodex-industries.com\/fr\/produit\/epodex-fugenstift-in-weiss-grau\/","title":{"rendered":"EPODEX Fugenstift in weiss\/grau"},"content":{"rendered":"<h2>EPODEX Fugenstift in weiss\/grau<\/h2>\n<p>Der EPODEX Fugenstift ist eine spezielle acrylbasierte Farbe zum Einf\u00e4rben und Auffrischen von Fliesenfugen. Durch die abgeflachte Spitze des Stiftes, passt sich der Fugenstift an jede Fugenbreite an und gew\u00e4hrleitet so ein schnelles und sauberes Nachziehen der Fliesenfugen in einem Durchgang.<\/p>\n<hr \/>\n<p><strong>Kundenservice:<\/strong> Bei weiteren Fragen kontaktieren Sie uns telefonisch, per E-Mail oder nutzen Sie unseren WhatsApp-Support.<\/p>\n<h3>Gefahren- und Sicherheitshinweise:<\/h3>\n<p>Vorsicht: Kann allergische Reaktionen hervorrufen. Enth\u00e4lt IPBC (EN). Darf nicht in die H\u00e4nde von Kindern gelangen.<\/p>\n","protected":false},"excerpt":{"rendered":"<p><strong>Produktdetails<\/strong><\/p>\n<ul>\n<li>Fugenstift zum Einf\u00e4rben und Auffrischen von Fliesenfugen.<\/li>\n<li>Durch die abgeflachte Spitze des Stiftes, passt sich der Fugenstift an jede Fugenbreite an und gew\u00e4hrleitet so ein schnelles und sauberes Nachziehen der Fliesenfugen in einem Durchgang.<\/li>\n<\/ul>\n<p><strong>Anwendung<\/strong><\/p>\n<ol>\n<li>Sch\u00fctteln Sie den Stift vor der Anwendung.<\/li>\n<li>Dr\u00fccken Sie mit der Spitze des Stiftes mehrere Male auf eine feste Oberfl\u00e4che, bis sich die Spitze mit Farbe f\u00fcllt.<\/li>\n<li>Ziehen Sie mit dem Stift \u00fcber die Fuge. Nutzen Sie zur Hilfe ein Lineal.<\/li>\n<\/ol>\n","protected":false},"featured_media":3238,"comment_status":"closed","ping_status":"closed","template":"","meta":[],"product_brand":[],"product_cat":[359],"product_tag":[],"class_list":{"0":"post-18245","1":"product","2":"type-product","3":"status-publish","4":"has-post-thumbnail","6":"product_cat-zubehoer","8":"first","9":"instock","10":"taxable","11":"shipping-taxable","12":"product-type-variable","13":"wvs-archive-product-wrapper"},"yoast_head":"<!-- This site is optimized with the Yoast SEO plugin v26.7 - https:\/\/yoast.com\/wordpress\/plugins\/seo\/ -->\n<title>EPODEX Fugenstift in weiss\/grau - EPODEX Industries | B2B Plattform<\/title>\n<meta name=\"robots\" content=\"index, follow, max-snippet:-1, max-image-preview:large, max-video-preview:-1\" \/>\n<link rel=\"canonical\" href=\"https:\/\/old.epodex-industries.com\/fr\/produit\/epodex-fugenstift-in-weiss-grau\/\" \/>\n<meta property=\"og:locale\" content=\"fr_FR\" \/>\n<meta property=\"og:type\" content=\"article\" \/>\n<meta property=\"og:title\" content=\"EPODEX Fugenstift in weiss\/grau - EPODEX Industries | B2B Plattform\" \/>\n<meta property=\"og:description\" content=\"Produktdetails   Fugenstift zum Einf\u00e4rben und Auffrischen von Fliesenfugen.  Durch die abgeflachte Spitze des Stiftes, passt sich der Fugenstift an jede Fugenbreite an und gew\u00e4hrleitet so ein schnelles und sauberes Nachziehen der Fliesenfugen in einem Durchgang.  Anwendung   Sch\u00fctteln Sie den Stift vor der Anwendung.  Dr\u00fccken Sie mit der Spitze des Stiftes mehrere Male auf eine feste Oberfl\u00e4che, bis sich die Spitze mit Farbe f\u00fcllt.  Ziehen Sie mit dem Stift \u00fcber die Fuge. Nutzen Sie zur Hilfe ein Lineal.\" \/>\n<meta property=\"og:url\" content=\"https:\/\/old.epodex-industries.com\/fr\/produit\/epodex-fugenstift-in-weiss-grau\/\" \/>\n<meta property=\"og:site_name\" content=\"EPODEX Industries | B2B Plattform\" \/>\n<meta property=\"article:publisher\" content=\"https:\/\/www.facebook.com\/Epodex\/\" \/>\n<meta property=\"article:modified_time\" content=\"2025-01-08T10:42:29+00:00\" \/>\n<meta property=\"og:image\" content=\"https:\/\/old.epodex-industries.com\/wp-content\/uploads\/2023\/06\/fugenstift-weiss-fliesen-makeover-2.jpg\" \/>\n\t<meta property=\"og:image:width\" content=\"1024\" \/>\n\t<meta property=\"og:image:height\" content=\"683\" \/>\n\t<meta property=\"og:image:type\" content=\"image\/jpeg\" \/>\n<meta name=\"twitter:card\" content=\"summary_large_image\" \/>\n<meta name=\"twitter:label1\" content=\"Dur\u00e9e de lecture estim\u00e9e\" \/>\n\t<meta name=\"twitter:data1\" content=\"1 minute\" \/>\n<script type=\"application\/ld+json\" class=\"yoast-schema-graph\">{\"@context\":\"https:\/\/schema.org\",\"@graph\":[{\"@type\":\"WebPage\",\"@id\":\"https:\/\/old.epodex-industries.com\/fr\/produit\/epodex-fugenstift-in-weiss-grau\/\",\"url\":\"https:\/\/old.epodex-industries.com\/fr\/produit\/epodex-fugenstift-in-weiss-grau\/\",\"name\":\"EPODEX Fugenstift in weiss\/grau - EPODEX Industries | B2B Plattform\",\"isPartOf\":{\"@id\":\"https:\/\/old.epodex-industries.com\/fr\/#website\"},\"primaryImageOfPage\":{\"@id\":\"https:\/\/old.epodex-industries.com\/fr\/produit\/epodex-fugenstift-in-weiss-grau\/#primaryimage\"},\"image\":{\"@id\":\"https:\/\/old.epodex-industries.com\/fr\/produit\/epodex-fugenstift-in-weiss-grau\/#primaryimage\"},\"thumbnailUrl\":\"https:\/\/old.epodex-industries.com\/wp-content\/uploads\/2023\/06\/fugenstift-weiss-fliesen-makeover-2.jpg\",\"datePublished\":\"2024-03-18T10:30:14+00:00\",\"dateModified\":\"2025-01-08T10:42:29+00:00\",\"breadcrumb\":{\"@id\":\"https:\/\/old.epodex-industries.com\/fr\/produit\/epodex-fugenstift-in-weiss-grau\/#breadcrumb\"},\"inLanguage\":\"fr-FR\",\"potentialAction\":[{\"@type\":\"ReadAction\",\"target\":[\"https:\/\/old.epodex-industries.com\/fr\/produit\/epodex-fugenstift-in-weiss-grau\/\"]}]},{\"@type\":\"ImageObject\",\"inLanguage\":\"fr-FR\",\"@id\":\"https:\/\/old.epodex-industries.com\/fr\/produit\/epodex-fugenstift-in-weiss-grau\/#primaryimage\",\"url\":\"https:\/\/old.epodex-industries.com\/wp-content\/uploads\/2023\/06\/fugenstift-weiss-fliesen-makeover-2.jpg\",\"contentUrl\":\"https:\/\/old.epodex-industries.com\/wp-content\/uploads\/2023\/06\/fugenstift-weiss-fliesen-makeover-2.jpg\",\"width\":1024,\"height\":683},{\"@type\":\"BreadcrumbList\",\"@id\":\"https:\/\/old.epodex-industries.com\/fr\/produit\/epodex-fugenstift-in-weiss-grau\/#breadcrumb\",\"itemListElement\":[{\"@type\":\"ListItem\",\"position\":1,\"name\":\"Startseite\",\"item\":\"https:\/\/old.epodex-industries.com\/fr\/\"},{\"@type\":\"ListItem\",\"position\":2,\"name\":\"Shop\",\"item\":\"https:\/\/old.epodex-industries.com\/fr\/shop\/\"},{\"@type\":\"ListItem\",\"position\":3,\"name\":\"EPODEX Fugenstift in weiss\/grau\"}]},{\"@type\":\"WebSite\",\"@id\":\"https:\/\/old.epodex-industries.com\/fr\/#website\",\"url\":\"https:\/\/old.epodex-industries.com\/fr\/\",\"name\":\"EPODEX Industries | B2B Plattform\",\"description\":\"Hersteller + Gro\u00dfhandel f\u00fcr Baustoffe\",\"publisher\":{\"@id\":\"https:\/\/old.epodex-industries.com\/fr\/#organization\"},\"alternateName\":\"EPODEX Industries | Hersteller + Gro\u00dfhandel f\u00fcr Baustoffe\",\"potentialAction\":[{\"@type\":\"SearchAction\",\"target\":{\"@type\":\"EntryPoint\",\"urlTemplate\":\"https:\/\/old.epodex-industries.com\/fr\/?s={search_term_string}\"},\"query-input\":{\"@type\":\"PropertyValueSpecification\",\"valueRequired\":true,\"valueName\":\"search_term_string\"}}],\"inLanguage\":\"fr-FR\"},{\"@type\":\"Organization\",\"@id\":\"https:\/\/old.epodex-industries.com\/fr\/#organization\",\"name\":\"EPODEX Industries\",\"url\":\"https:\/\/old.epodex-industries.com\/fr\/\",\"logo\":{\"@type\":\"ImageObject\",\"inLanguage\":\"fr-FR\",\"@id\":\"https:\/\/old.epodex-industries.com\/fr\/#\/schema\/logo\/image\/\",\"url\":\"https:\/\/www.epodex-industries.com\/wp-content\/uploads\/2023\/06\/Logo-Epodex-Rechnung.jpg\",\"contentUrl\":\"https:\/\/www.epodex-industries.com\/wp-content\/uploads\/2023\/06\/Logo-Epodex-Rechnung.jpg\",\"width\":261,\"height\":50,\"caption\":\"EPODEX Industries\"},\"image\":{\"@id\":\"https:\/\/old.epodex-industries.com\/fr\/#\/schema\/logo\/image\/\"},\"sameAs\":[\"https:\/\/www.facebook.com\/Epodex\/\",\"https:\/\/www.instagram.com\/epodex_official\/\",\"https:\/\/www.pinterest.de\/epodex_com\/\",\"https:\/\/www.youtube.com\/channel\/UC7lFrJ9YpN1yg43sTc6q3ow\"]}]}<\/script>\n<!-- \/ Yoast SEO plugin. -->","yoast_head_json":{"title":"EPODEX Fugenstift in weiss\/grau - EPODEX Industries | B2B Plattform","robots":{"index":"index","follow":"follow","max-snippet":"max-snippet:-1","max-image-preview":"max-image-preview:large","max-video-preview":"max-video-preview:-1"},"canonical":"https:\/\/old.epodex-industries.com\/fr\/produit\/epodex-fugenstift-in-weiss-grau\/","og_locale":"fr_FR","og_type":"article","og_title":"EPODEX Fugenstift in weiss\/grau - EPODEX Industries | B2B Plattform","og_description":"Produktdetails   Fugenstift zum Einf\u00e4rben und Auffrischen von Fliesenfugen.  Durch die abgeflachte Spitze des Stiftes, passt sich der Fugenstift an jede Fugenbreite an und gew\u00e4hrleitet so ein schnelles und sauberes Nachziehen der Fliesenfugen in einem Durchgang.  Anwendung   Sch\u00fctteln Sie den Stift vor der Anwendung.  Dr\u00fccken Sie mit der Spitze des Stiftes mehrere Male auf eine feste Oberfl\u00e4che, bis sich die Spitze mit Farbe f\u00fcllt.  Ziehen Sie mit dem Stift \u00fcber die Fuge. Nutzen Sie zur Hilfe ein Lineal.","og_url":"https:\/\/old.epodex-industries.com\/fr\/produit\/epodex-fugenstift-in-weiss-grau\/","og_site_name":"EPODEX Industries | B2B Plattform","article_publisher":"https:\/\/www.facebook.com\/Epodex\/","article_modified_time":"2025-01-08T10:42:29+00:00","og_image":[{"width":1024,"height":683,"url":"https:\/\/old.epodex-industries.com\/wp-content\/uploads\/2023\/06\/fugenstift-weiss-fliesen-makeover-2.jpg","type":"image\/jpeg"}],"twitter_card":"summary_large_image","twitter_misc":{"Dur\u00e9e de lecture estim\u00e9e":"1 minute"},"schema":{"@context":"https:\/\/schema.org","@graph":[{"@type":"WebPage","@id":"https:\/\/old.epodex-industries.com\/fr\/produit\/epodex-fugenstift-in-weiss-grau\/","url":"https:\/\/old.epodex-industries.com\/fr\/produit\/epodex-fugenstift-in-weiss-grau\/","name":"EPODEX Fugenstift in weiss\/grau - EPODEX Industries | B2B Plattform","isPartOf":{"@id":"https:\/\/old.epodex-industries.com\/fr\/#website"},"primaryImageOfPage":{"@id":"https:\/\/old.epodex-industries.com\/fr\/produit\/epodex-fugenstift-in-weiss-grau\/#primaryimage"},"image":{"@id":"https:\/\/old.epodex-industries.com\/fr\/produit\/epodex-fugenstift-in-weiss-grau\/#primaryimage"},"thumbnailUrl":"https:\/\/old.epodex-industries.com\/wp-content\/uploads\/2023\/06\/fugenstift-weiss-fliesen-makeover-2.jpg","datePublished":"2024-03-18T10:30:14+00:00","dateModified":"2025-01-08T10:42:29+00:00","breadcrumb":{"@id":"https:\/\/old.epodex-industries.com\/fr\/produit\/epodex-fugenstift-in-weiss-grau\/#breadcrumb"},"inLanguage":"fr-FR","potentialAction":[{"@type":"ReadAction","target":["https:\/\/old.epodex-industries.com\/fr\/produit\/epodex-fugenstift-in-weiss-grau\/"]}]},{"@type":"ImageObject","inLanguage":"fr-FR","@id":"https:\/\/old.epodex-industries.com\/fr\/produit\/epodex-fugenstift-in-weiss-grau\/#primaryimage","url":"https:\/\/old.epodex-industries.com\/wp-content\/uploads\/2023\/06\/fugenstift-weiss-fliesen-makeover-2.jpg","contentUrl":"https:\/\/old.epodex-industries.com\/wp-content\/uploads\/2023\/06\/fugenstift-weiss-fliesen-makeover-2.jpg","width":1024,"height":683},{"@type":"BreadcrumbList","@id":"https:\/\/old.epodex-industries.com\/fr\/produit\/epodex-fugenstift-in-weiss-grau\/#breadcrumb","itemListElement":[{"@type":"ListItem","position":1,"name":"Startseite","item":"https:\/\/old.epodex-industries.com\/fr\/"},{"@type":"ListItem","position":2,"name":"Shop","item":"https:\/\/old.epodex-industries.com\/fr\/shop\/"},{"@type":"ListItem","position":3,"name":"EPODEX Fugenstift in weiss\/grau"}]},{"@type":"WebSite","@id":"https:\/\/old.epodex-industries.com\/fr\/#website","url":"https:\/\/old.epodex-industries.com\/fr\/","name":"EPODEX Industries | B2B Plattform","description":"Hersteller + Gro\u00dfhandel f\u00fcr Baustoffe","publisher":{"@id":"https:\/\/old.epodex-industries.com\/fr\/#organization"},"alternateName":"EPODEX Industries | Hersteller + Gro\u00dfhandel f\u00fcr Baustoffe","potentialAction":[{"@type":"SearchAction","target":{"@type":"EntryPoint","urlTemplate":"https:\/\/old.epodex-industries.com\/fr\/?s={search_term_string}"},"query-input":{"@type":"PropertyValueSpecification","valueRequired":true,"valueName":"search_term_string"}}],"inLanguage":"fr-FR"},{"@type":"Organization","@id":"https:\/\/old.epodex-industries.com\/fr\/#organization","name":"EPODEX Industries","url":"https:\/\/old.epodex-industries.com\/fr\/","logo":{"@type":"ImageObject","inLanguage":"fr-FR","@id":"https:\/\/old.epodex-industries.com\/fr\/#\/schema\/logo\/image\/","url":"https:\/\/www.epodex-industries.com\/wp-content\/uploads\/2023\/06\/Logo-Epodex-Rechnung.jpg","contentUrl":"https:\/\/www.epodex-industries.com\/wp-content\/uploads\/2023\/06\/Logo-Epodex-Rechnung.jpg","width":261,"height":50,"caption":"EPODEX Industries"},"image":{"@id":"https:\/\/old.epodex-industries.com\/fr\/#\/schema\/logo\/image\/"},"sameAs":["https:\/\/www.facebook.com\/Epodex\/","https:\/\/www.instagram.com\/epodex_official\/","https:\/\/www.pinterest.de\/epodex_com\/","https:\/\/www.youtube.com\/channel\/UC7lFrJ9YpN1yg43sTc6q3ow"]}]}},"_links":{"self":[{"href":"https:\/\/old.epodex-industries.com\/fr\/wp-json\/wp\/v2\/product\/18245","targetHints":{"allow":["GET"]}}],"collection":[{"href":"https:\/\/old.epodex-industries.com\/fr\/wp-json\/wp\/v2\/product"}],"about":[{"href":"https:\/\/old.epodex-industries.com\/fr\/wp-json\/wp\/v2\/types\/product"}],"replies":[{"embeddable":true,"href":"https:\/\/old.epodex-industries.com\/fr\/wp-json\/wp\/v2\/comments?post=18245"}],"wp:featuredmedia":[{"embeddable":true,"href":"https:\/\/old.epodex-industries.com\/fr\/wp-json\/wp\/v2\/media\/3238"}],"wp:attachment":[{"href":"https:\/\/old.epodex-industries.com\/fr\/wp-json\/wp\/v2\/media?parent=18245"}],"wp:term":[{"taxonomy":"product_brand","embeddable":true,"href":"https:\/\/old.epodex-industries.com\/fr\/wp-json\/wp\/v2\/product_brand?post=18245"},{"taxonomy":"product_cat","embeddable":true,"href":"https:\/\/old.epodex-industries.com\/fr\/wp-json\/wp\/v2\/product_cat?post=18245"},{"taxonomy":"product_tag","embeddable":true,"href":"https:\/\/old.epodex-industries.com\/fr\/wp-json\/wp\/v2\/product_tag?post=18245"}],"curies":[{"name":"wp","href":"https:\/\/api.w.org\/{rel}","templated":true}]}}