{"id":18232,"date":"2024-03-18T11:30:01","date_gmt":"2024-03-18T10:30:01","guid":{"rendered":"https:\/\/www.epodex-industries.com\/produkt\/neon-pigmente\/"},"modified":"2025-01-07T11:08:43","modified_gmt":"2025-01-07T10:08:43","slug":"neon-pigmente","status":"publish","type":"product","link":"https:\/\/old.epodex-industries.com\/fr\/produit\/neon-pigmente\/","title":{"rendered":"Neon Pigmente"},"content":{"rendered":"<h2>Probe-Set Neon Farbpigmente \u2013 6 Farben<\/h2>\n<p>Sie k\u00f6nnen sich f\u00fcr keine konkrete Neonfarbe entscheiden? Dann bestellen Sie einfach unser praktisches Probeset bestehend aus allen unseren Neon Pigmenten. Im Lieferumfang sind die folgenden 6 Farbpigmente enthalten:<\/p>\n<p style=\"margin: 0cm; margin-bottom: .0001pt;\">-NEON BLUE &#8211; Farbpigment<\/p>\n<p style=\"margin: 0cm; margin-bottom: .0001pt;\">-NEON ORANGE &#8211; Farbpigment<\/p>\n<p style=\"margin: 0cm; margin-bottom: .0001pt;\">-NEON YELLOW &#8211; Farbpigment<\/p>\n<p style=\"margin: 0cm; margin-bottom: .0001pt;\">-NEON GREEN &#8211; Farbpigment<\/p>\n<p style=\"margin: 0cm; margin-bottom: .0001pt;\">-NEON PINK &#8211; Farbpigment<\/p>\n<p style=\"margin: 0cm; margin-bottom: .0001pt;\">-NEON PURPLE &#8211; Farbpigment<\/p>\n<h2>EPODEX Farbpigmente<\/h2>\n<p>EPODEX Neonpigmente sind optimal geeignet f\u00fcr den Einsatz in Gie\u00df- und Laminierharzen (u.a. Epoxid-, Polyester- und Polyurethanharze), zur Pulverbeschichtung, Automobil- und Nutzfahrzeuglackierung, Kunststoffherstellung und vielen weiteren Anwendungsbereichen.<\/p>\n<h3>Anwendung<\/h3>\n<p>Vermengen Sie die Farbpigmente mit dem Harz (A-Komponente) oder mit der Harz-H\u00e4rter Mischung. Empfehlung f\u00fcr vollst\u00e4ndige Deckung: ca. 1,5% Farbpigment auf Gesamtmenge (z.B. 15g Farbpigmente f\u00fcr 1kg Harz+H\u00e4rter). Passen Sie die Farbintensit\u00e4t, durch die Hinzugabe von mehr oder weniger Farbpigmente, individuell an.<\/p>\n<hr \/>\n<p><strong>Hinweis: <\/strong>Wir bitten zu beachten, dass die Farben aufgrund unterschiedlicher Lichtverh\u00e4ltnisse und Monitore nicht einheitlich abgebildet werden k\u00f6nnten.<\/p>\n<p><strong>Kundenservice: <\/strong>Bei weiteren Fragen kontaktieren Sie uns telefonisch, per E-Mail oder nutzen Sie unseren WhatsApp-Support.<\/p>\n","protected":false},"excerpt":{"rendered":"<p>Die EPODEX Neonpigmente eignen sich ideal zum Einf\u00e4rben und Veredeln von Kunstharzen, Lacken und vielem mehr. Anwendungshinweise finden Sie auf dieser Produktseite.<\/p>\n","protected":false},"featured_media":8846,"comment_status":"closed","ping_status":"closed","template":"","meta":[],"product_brand":[],"product_cat":[532],"product_tag":[],"class_list":{"0":"post-18232","1":"product","2":"type-product","3":"status-publish","4":"has-post-thumbnail","6":"product_cat-farbstoffe-fuer-harze","8":"first","9":"instock","10":"taxable","11":"shipping-taxable","12":"product-type-variable","13":"wvs-archive-product-wrapper"},"yoast_head":"<!-- This site is optimized with the Yoast SEO plugin v26.7 - https:\/\/yoast.com\/wordpress\/plugins\/seo\/ -->\n<title>Neon Pigmente - EPODEX Industries | B2B Plattform<\/title>\n<meta name=\"robots\" content=\"index, follow, max-snippet:-1, max-image-preview:large, max-video-preview:-1\" \/>\n<link rel=\"canonical\" href=\"https:\/\/old.epodex-industries.com\/de\/produkt\/neon-pigmente\/\" \/>\n<meta property=\"og:locale\" content=\"fr_FR\" \/>\n<meta property=\"og:type\" content=\"article\" \/>\n<meta property=\"og:title\" content=\"Neon Pigmente - EPODEX Industries | B2B Plattform\" \/>\n<meta property=\"og:description\" content=\"Die EPODEX Neonpigmente eignen sich ideal zum Einf\u00e4rben und Veredeln von Kunstharzen, Lacken und vielem mehr. Anwendungshinweise finden Sie auf dieser Produktseite.\" \/>\n<meta property=\"og:url\" content=\"https:\/\/old.epodex-industries.com\/de\/produkt\/neon-pigmente\/\" \/>\n<meta property=\"og:site_name\" content=\"EPODEX Industries | B2B Plattform\" \/>\n<meta property=\"article:publisher\" content=\"https:\/\/www.facebook.com\/Epodex\/\" \/>\n<meta property=\"article:modified_time\" content=\"2025-01-07T10:08:43+00:00\" \/>\n<meta property=\"og:image\" content=\"https:\/\/old.epodex-industries.com\/wp-content\/uploads\/2023\/10\/neon-powder-epoxy-set.jpg\" \/>\n\t<meta property=\"og:image:width\" content=\"1200\" \/>\n\t<meta property=\"og:image:height\" content=\"800\" \/>\n\t<meta property=\"og:image:type\" content=\"image\/jpeg\" \/>\n<meta name=\"twitter:card\" content=\"summary_large_image\" \/>\n<meta name=\"twitter:label1\" content=\"Dur\u00e9e de lecture estim\u00e9e\" \/>\n\t<meta name=\"twitter:data1\" content=\"1 minute\" \/>\n<script type=\"application\/ld+json\" class=\"yoast-schema-graph\">{\"@context\":\"https:\/\/schema.org\",\"@graph\":[{\"@type\":\"WebPage\",\"@id\":\"https:\/\/old.epodex-industries.com\/de\/produkt\/neon-pigmente\/\",\"url\":\"https:\/\/old.epodex-industries.com\/de\/produkt\/neon-pigmente\/\",\"name\":\"Neon Pigmente - EPODEX Industries | B2B Plattform\",\"isPartOf\":{\"@id\":\"https:\/\/old.epodex-industries.com\/fr\/#website\"},\"primaryImageOfPage\":{\"@id\":\"https:\/\/old.epodex-industries.com\/de\/produkt\/neon-pigmente\/#primaryimage\"},\"image\":{\"@id\":\"https:\/\/old.epodex-industries.com\/de\/produkt\/neon-pigmente\/#primaryimage\"},\"thumbnailUrl\":\"https:\/\/old.epodex-industries.com\/wp-content\/uploads\/2023\/10\/neon-powder-epoxy-set.jpg\",\"datePublished\":\"2024-03-18T10:30:01+00:00\",\"dateModified\":\"2025-01-07T10:08:43+00:00\",\"breadcrumb\":{\"@id\":\"https:\/\/old.epodex-industries.com\/de\/produkt\/neon-pigmente\/#breadcrumb\"},\"inLanguage\":\"fr-FR\",\"potentialAction\":[{\"@type\":\"ReadAction\",\"target\":[\"https:\/\/old.epodex-industries.com\/de\/produkt\/neon-pigmente\/\"]}]},{\"@type\":\"ImageObject\",\"inLanguage\":\"fr-FR\",\"@id\":\"https:\/\/old.epodex-industries.com\/de\/produkt\/neon-pigmente\/#primaryimage\",\"url\":\"https:\/\/old.epodex-industries.com\/wp-content\/uploads\/2023\/10\/neon-powder-epoxy-set.jpg\",\"contentUrl\":\"https:\/\/old.epodex-industries.com\/wp-content\/uploads\/2023\/10\/neon-powder-epoxy-set.jpg\",\"width\":1200,\"height\":800,\"caption\":\"neon powder epoxy set\"},{\"@type\":\"BreadcrumbList\",\"@id\":\"https:\/\/old.epodex-industries.com\/de\/produkt\/neon-pigmente\/#breadcrumb\",\"itemListElement\":[{\"@type\":\"ListItem\",\"position\":1,\"name\":\"Startseite\",\"item\":\"https:\/\/old.epodex-industries.com\/fr\/\"},{\"@type\":\"ListItem\",\"position\":2,\"name\":\"Shop\",\"item\":\"https:\/\/old.epodex-industries.com\/fr\/shop\/\"},{\"@type\":\"ListItem\",\"position\":3,\"name\":\"Neon Pigmente\"}]},{\"@type\":\"WebSite\",\"@id\":\"https:\/\/old.epodex-industries.com\/fr\/#website\",\"url\":\"https:\/\/old.epodex-industries.com\/fr\/\",\"name\":\"EPODEX Industries | B2B Plattform\",\"description\":\"Hersteller + Gro\u00dfhandel f\u00fcr Baustoffe\",\"publisher\":{\"@id\":\"https:\/\/old.epodex-industries.com\/fr\/#organization\"},\"alternateName\":\"EPODEX Industries | Hersteller + Gro\u00dfhandel f\u00fcr Baustoffe\",\"potentialAction\":[{\"@type\":\"SearchAction\",\"target\":{\"@type\":\"EntryPoint\",\"urlTemplate\":\"https:\/\/old.epodex-industries.com\/fr\/?s={search_term_string}\"},\"query-input\":{\"@type\":\"PropertyValueSpecification\",\"valueRequired\":true,\"valueName\":\"search_term_string\"}}],\"inLanguage\":\"fr-FR\"},{\"@type\":\"Organization\",\"@id\":\"https:\/\/old.epodex-industries.com\/fr\/#organization\",\"name\":\"EPODEX Industries\",\"url\":\"https:\/\/old.epodex-industries.com\/fr\/\",\"logo\":{\"@type\":\"ImageObject\",\"inLanguage\":\"fr-FR\",\"@id\":\"https:\/\/old.epodex-industries.com\/fr\/#\/schema\/logo\/image\/\",\"url\":\"https:\/\/www.epodex-industries.com\/wp-content\/uploads\/2023\/06\/Logo-Epodex-Rechnung.jpg\",\"contentUrl\":\"https:\/\/www.epodex-industries.com\/wp-content\/uploads\/2023\/06\/Logo-Epodex-Rechnung.jpg\",\"width\":261,\"height\":50,\"caption\":\"EPODEX Industries\"},\"image\":{\"@id\":\"https:\/\/old.epodex-industries.com\/fr\/#\/schema\/logo\/image\/\"},\"sameAs\":[\"https:\/\/www.facebook.com\/Epodex\/\",\"https:\/\/www.instagram.com\/epodex_official\/\",\"https:\/\/www.pinterest.de\/epodex_com\/\",\"https:\/\/www.youtube.com\/channel\/UC7lFrJ9YpN1yg43sTc6q3ow\"]}]}<\/script>\n<!-- \/ Yoast SEO plugin. -->","yoast_head_json":{"title":"Neon Pigmente - EPODEX Industries | B2B Plattform","robots":{"index":"index","follow":"follow","max-snippet":"max-snippet:-1","max-image-preview":"max-image-preview:large","max-video-preview":"max-video-preview:-1"},"canonical":"https:\/\/old.epodex-industries.com\/de\/produkt\/neon-pigmente\/","og_locale":"fr_FR","og_type":"article","og_title":"Neon Pigmente - EPODEX Industries | B2B Plattform","og_description":"Die EPODEX Neonpigmente eignen sich ideal zum Einf\u00e4rben und Veredeln von Kunstharzen, Lacken und vielem mehr. Anwendungshinweise finden Sie auf dieser Produktseite.","og_url":"https:\/\/old.epodex-industries.com\/de\/produkt\/neon-pigmente\/","og_site_name":"EPODEX Industries | B2B Plattform","article_publisher":"https:\/\/www.facebook.com\/Epodex\/","article_modified_time":"2025-01-07T10:08:43+00:00","og_image":[{"width":1200,"height":800,"url":"https:\/\/old.epodex-industries.com\/wp-content\/uploads\/2023\/10\/neon-powder-epoxy-set.jpg","type":"image\/jpeg"}],"twitter_card":"summary_large_image","twitter_misc":{"Dur\u00e9e de lecture estim\u00e9e":"1 minute"},"schema":{"@context":"https:\/\/schema.org","@graph":[{"@type":"WebPage","@id":"https:\/\/old.epodex-industries.com\/de\/produkt\/neon-pigmente\/","url":"https:\/\/old.epodex-industries.com\/de\/produkt\/neon-pigmente\/","name":"Neon Pigmente - EPODEX Industries | B2B Plattform","isPartOf":{"@id":"https:\/\/old.epodex-industries.com\/fr\/#website"},"primaryImageOfPage":{"@id":"https:\/\/old.epodex-industries.com\/de\/produkt\/neon-pigmente\/#primaryimage"},"image":{"@id":"https:\/\/old.epodex-industries.com\/de\/produkt\/neon-pigmente\/#primaryimage"},"thumbnailUrl":"https:\/\/old.epodex-industries.com\/wp-content\/uploads\/2023\/10\/neon-powder-epoxy-set.jpg","datePublished":"2024-03-18T10:30:01+00:00","dateModified":"2025-01-07T10:08:43+00:00","breadcrumb":{"@id":"https:\/\/old.epodex-industries.com\/de\/produkt\/neon-pigmente\/#breadcrumb"},"inLanguage":"fr-FR","potentialAction":[{"@type":"ReadAction","target":["https:\/\/old.epodex-industries.com\/de\/produkt\/neon-pigmente\/"]}]},{"@type":"ImageObject","inLanguage":"fr-FR","@id":"https:\/\/old.epodex-industries.com\/de\/produkt\/neon-pigmente\/#primaryimage","url":"https:\/\/old.epodex-industries.com\/wp-content\/uploads\/2023\/10\/neon-powder-epoxy-set.jpg","contentUrl":"https:\/\/old.epodex-industries.com\/wp-content\/uploads\/2023\/10\/neon-powder-epoxy-set.jpg","width":1200,"height":800,"caption":"neon powder epoxy set"},{"@type":"BreadcrumbList","@id":"https:\/\/old.epodex-industries.com\/de\/produkt\/neon-pigmente\/#breadcrumb","itemListElement":[{"@type":"ListItem","position":1,"name":"Startseite","item":"https:\/\/old.epodex-industries.com\/fr\/"},{"@type":"ListItem","position":2,"name":"Shop","item":"https:\/\/old.epodex-industries.com\/fr\/shop\/"},{"@type":"ListItem","position":3,"name":"Neon Pigmente"}]},{"@type":"WebSite","@id":"https:\/\/old.epodex-industries.com\/fr\/#website","url":"https:\/\/old.epodex-industries.com\/fr\/","name":"EPODEX Industries | B2B Plattform","description":"Hersteller + Gro\u00dfhandel f\u00fcr Baustoffe","publisher":{"@id":"https:\/\/old.epodex-industries.com\/fr\/#organization"},"alternateName":"EPODEX Industries | Hersteller + Gro\u00dfhandel f\u00fcr Baustoffe","potentialAction":[{"@type":"SearchAction","target":{"@type":"EntryPoint","urlTemplate":"https:\/\/old.epodex-industries.com\/fr\/?s={search_term_string}"},"query-input":{"@type":"PropertyValueSpecification","valueRequired":true,"valueName":"search_term_string"}}],"inLanguage":"fr-FR"},{"@type":"Organization","@id":"https:\/\/old.epodex-industries.com\/fr\/#organization","name":"EPODEX Industries","url":"https:\/\/old.epodex-industries.com\/fr\/","logo":{"@type":"ImageObject","inLanguage":"fr-FR","@id":"https:\/\/old.epodex-industries.com\/fr\/#\/schema\/logo\/image\/","url":"https:\/\/www.epodex-industries.com\/wp-content\/uploads\/2023\/06\/Logo-Epodex-Rechnung.jpg","contentUrl":"https:\/\/www.epodex-industries.com\/wp-content\/uploads\/2023\/06\/Logo-Epodex-Rechnung.jpg","width":261,"height":50,"caption":"EPODEX Industries"},"image":{"@id":"https:\/\/old.epodex-industries.com\/fr\/#\/schema\/logo\/image\/"},"sameAs":["https:\/\/www.facebook.com\/Epodex\/","https:\/\/www.instagram.com\/epodex_official\/","https:\/\/www.pinterest.de\/epodex_com\/","https:\/\/www.youtube.com\/channel\/UC7lFrJ9YpN1yg43sTc6q3ow"]}]}},"_links":{"self":[{"href":"https:\/\/old.epodex-industries.com\/fr\/wp-json\/wp\/v2\/product\/18232","targetHints":{"allow":["GET"]}}],"collection":[{"href":"https:\/\/old.epodex-industries.com\/fr\/wp-json\/wp\/v2\/product"}],"about":[{"href":"https:\/\/old.epodex-industries.com\/fr\/wp-json\/wp\/v2\/types\/product"}],"replies":[{"embeddable":true,"href":"https:\/\/old.epodex-industries.com\/fr\/wp-json\/wp\/v2\/comments?post=18232"}],"wp:featuredmedia":[{"embeddable":true,"href":"https:\/\/old.epodex-industries.com\/fr\/wp-json\/wp\/v2\/media\/8846"}],"wp:attachment":[{"href":"https:\/\/old.epodex-industries.com\/fr\/wp-json\/wp\/v2\/media?parent=18232"}],"wp:term":[{"taxonomy":"product_brand","embeddable":true,"href":"https:\/\/old.epodex-industries.com\/fr\/wp-json\/wp\/v2\/product_brand?post=18232"},{"taxonomy":"product_cat","embeddable":true,"href":"https:\/\/old.epodex-industries.com\/fr\/wp-json\/wp\/v2\/product_cat?post=18232"},{"taxonomy":"product_tag","embeddable":true,"href":"https:\/\/old.epodex-industries.com\/fr\/wp-json\/wp\/v2\/product_tag?post=18232"}],"curies":[{"name":"wp","href":"https:\/\/api.w.org\/{rel}","templated":true}]}}