{"id":18210,"date":"2024-03-18T11:29:48","date_gmt":"2024-03-18T10:29:48","guid":{"rendered":"https:\/\/www.epodex-industries.com\/produkt\/mikrozement-a-komponenten\/"},"modified":"2025-02-19T16:46:26","modified_gmt":"2025-02-19T15:46:26","slug":"mikrozement-a-komponenten","status":"publish","type":"product","link":"https:\/\/old.epodex-industries.com\/fr\/produit\/mikrozement-a-komponenten\/","title":{"rendered":"Mikrozement (A Komponenten)"},"content":{"rendered":"<h2>Anleitung zur Anwendung<\/h2>\n<p><strong><u>Grundierung<\/u><\/strong><\/p>\n<ol>\n<li>Der Untergrund muss tragf\u00e4hig, trocken sowie frei von Schmutz, Trennmitteln und Unebenheiten sein.<\/li>\n<li>Unebenheiten abschleifen.<\/li>\n<li>Bei gefliesten Oberfl\u00e4chen empfehlen wir die Fliesen mit unserer speziellen Grundierung f\u00fcr nicht saugende Untergr\u00fcnde zu grundieren und die Fugen damit aufzuf\u00fcllen.<\/li>\n<li>Grundierung trocknen lassen.<\/li>\n<\/ol>\n<hr \/>\n<p><strong><u>Hauptbeschichtung<\/u><\/strong><\/p>\n<ol>\n<li>Mikrozement A-Komponenten in mittlerer K\u00f6rnung mit der B-Komponente im vorgegebenen Mischungsverh\u00e4ltnis vermischen.<\/li>\n<li>WB-Pigment in der empfohlenen Menge hinzugeben, um das Material einzuf\u00e4rben.<\/li>\n<li>Material mit einer Kelle verteilen und anschlie\u00dfend trocknen lassen.<\/li>\n<li>Versehentlich verursachte Unebenheiten in der Oberfl\u00e4che, die gr\u00f6\u00dfer als 3mm sind abschleifen und Schleifstaub aufsaugen.<\/li>\n<li>Eine zweite Schicht im selben Prinzip applizieren. Hierf\u00fcr kann je nach gew\u00fcnschtem Finish, das Mikrozement in mittlerer oder feiner K\u00f6rnung aufgetragen werden.<\/li>\n<\/ol>\n<hr \/>\n<p><strong><u>Versiegelung<\/u><\/strong><\/p>\n<p><u>Hinweis<\/u>: F\u00fcr Feuchtr\u00e4ume, Oberfl\u00e4chen mit direktem Wasserkontakt, sowie stark beanspruchte Oberfl\u00e4chen (hohe mechanische Belastung, Reinigung mit aggressiven Reinigern etc.) empfehlen wir die Oberfl\u00e4che mit EPODEX Polyurethanharz (PU-Harz) in matt oder gl\u00e4nzend zu versiegeln.<\/p>\n<ol>\n<li>PU-Harz und H\u00e4rter im vorgegebenen Mischungsverh\u00e4ltnis vermischen und in eine Farbwanne f\u00fcllen.<\/li>\n<li>Material mit Schaumwalze d\u00fcnn und im Kreuzgang auftragen und aush\u00e4rten lassen. Wir empfehlen zwei Streichg\u00e4nge<\/li>\n<\/ol>\n<hr \/>\n<p><strong>Kundenservice:<\/strong> Bei weiteren Fragen kontaktieren Sie uns telefonisch, per E-Mail oder nutzen Sie unseren WhatsApp-Support.<\/p>\n<p><strong>Hinweis:<\/strong> Wir bitten zu beachten, dass die Farben aufgrund unterschiedlicher Lichtverh\u00e4ltnisse und Monitore nicht einheitlich abgebildet werden k\u00f6nnten.<\/p>\n<hr \/>\n<h3>Gefahrenhinweise<\/h3>\n<p><strong>A-Komponenten (Mikrozement)<\/strong> Gefahr: Verursacht Hautreizungen. Kann allergische Hautreaktionen verursachen. Verursacht schwere Augensch\u00e4den. Kann die Atemwege reizen. Darf nicht in die H\u00e4nde von Kindern gelangen. Einatmen von Staub\/Rauch\/Gas\/Nebel\/Dampf\/Aerosol vermeiden. Schutzhandschuhe\/ Schutzkleidung\/Augenschutz\/ Gesichtsschutz\/Geh\u00f6rschutz\/\u2026 tragen. BEI VERSCHLUCKEN: BEI BER\u00dcHRUNG MIT DER HAUT: BEI EINATMEN: BEI KONTAKT MIT DEN AUGEN: Sofort GIFTINFORMATIONSZENTRUM\/Arzt\/\u2026\/anrufen. \u00c4rztlichen Rat einholen\/\u00e4rztliche Hilfe hinzuziehen. Bei Hautreizung oder -ausschlag: Die Person an die frische Luft bringen und f\u00fcr ungehinderte Atmung sorgen. Einige Minuten lang behutsam mit Wasser aussp\u00fclen. Mit viel Wasser\/\u2026\/waschen. Inhalt\/Beh\u00e4lter &#8230; zuf\u00fchren.<\/p>\n<p><strong>A-Komponenten (PU)<\/strong> Gefahr: EUH210 Sicherheitsdatenblatt auf Anfrage erh\u00e4ltlich. Enth\u00e4lt n-Butylmethacrylat: Kann eine allergische Reaktionen hervorrufen.<\/p>\n<p><strong>B-Komponenten (PU)<\/strong> Gefahr: poliisocianato alifatico idrofilo,propylene carbonate, hexamethylenediisocyanate: Gesundheitssch\u00e4dlich bei Einatmen. Verursacht schwere Augenreizung. Kann allergische Hautreaktionen verursachen. Kann die Atemwege reizen. Sch\u00e4dlich f\u00fcr Wasserorganismen, mit langfristiger Wirkung. EUH204 Enth\u00e4lt Isocyanate. Kann allergische Reaktionen hervorrufen. Einatmen von Staub\/Rauch\/Gas\/Nebel\/Dampf\/Aerosol vermeiden. Freisetzung in die Umwelt vermeiden. Schutzhandschuhe\/ Schutzkleidung\/Augenschutz\/ Gesichtsschutz\/Geh\u00f6rschutz\/ tragen. Bei Unwohlsein GIFTINFORMATIONSZENTRUM\/Arzt\/ anrufen. Bei Hautreizung oder -ausschlag: \u00c4rztlichen Rat einholen\/\u00e4rztliche Hilfe hinzuziehen. Bei anhaltender Augenreizung: \u00c4rztlichen Rat einholen\/\u00e4rztliche Hilfe hinzuziehen.<\/p>\n<p><img decoding=\"async\" src=\"https:\/\/www.epodex.com\/de\/wp-content\/uploads\/2023\/11\/hinweise-mikrozement.png\" \/><\/p>\n","protected":false},"excerpt":{"rendered":"<ul>\n<li>Mikrozement Pulver (A-Komponente) in der K\u00f6rnungen: Grob, Mittel.<\/li>\n<li>Kompatibel mit LIQUID B Komponente f\u00fcr Mikrozement \u2013 2kg<\/li>\n<li>Mischverh\u00e4ltnis nach Gewicht f\u00fcr grobe K\u00f6rnung: 100:25 (z.B. 7kg A-Komponente und 1,75kg B-Komponente)<\/li>\n<li>Mischverh\u00e4ltnis nach Gewicht f\u00fcr mittlere K\u00f6rnung: 100:20 (z.B. 7kg A-Komponente und 1,4kg B-Komponente)<\/li>\n<li>Topfzeit: 120 Minuten bei 20\u00b0C und 10kg<\/li>\n<li>Aush\u00e4rtezeit: ca. 8h &#8211; Endh\u00e4rte: nach ca. 7 Tagen<\/li>\n<li>Empfohlene Verarbeitungstemperatur: 10\u00b0C \u2013 30\u00b0C<\/li>\n<li>Ausgangsform: unpigmentiert. Einf\u00e4rbbar mit EPODEX WB Pigment Farbt\u00f6nen<\/li>\n<\/ul>\n","protected":false},"featured_media":14766,"comment_status":"closed","ping_status":"closed","template":"","meta":[],"product_brand":[],"product_cat":[482,541],"product_tag":[],"class_list":{"0":"post-18210","1":"product","2":"type-product","3":"status-publish","4":"has-post-thumbnail","6":"product_cat-produkte","7":"product_cat-mikrozement","9":"first","10":"instock","11":"taxable","12":"shipping-taxable","13":"product-type-variable","14":"wvs-archive-product-wrapper"},"yoast_head":"<!-- This site is optimized with the Yoast SEO plugin v26.7 - https:\/\/yoast.com\/wordpress\/plugins\/seo\/ -->\n<title>Mikrozement (A Komponenten) - EPODEX Industries | B2B Plattform<\/title>\n<meta name=\"robots\" content=\"index, follow, max-snippet:-1, max-image-preview:large, max-video-preview:-1\" \/>\n<link rel=\"canonical\" href=\"https:\/\/old.epodex-industries.com\/de\/produkt\/mikrozement-a-komponenten\/\" \/>\n<meta property=\"og:locale\" content=\"fr_FR\" \/>\n<meta property=\"og:type\" content=\"article\" \/>\n<meta property=\"og:title\" content=\"Mikrozement (A Komponenten) - EPODEX Industries | B2B Plattform\" \/>\n<meta property=\"og:description\" content=\"Mikrozement Pulver (A-Komponente) in der K\u00f6rnungen: Grob, Mittel.  Kompatibel mit LIQUID B Komponente f\u00fcr Mikrozement \u2013 2kg  Mischverh\u00e4ltnis nach Gewicht f\u00fcr grobe K\u00f6rnung: 100:25 (z.B. 7kg A-Komponente und 1,75kg B-Komponente)  Mischverh\u00e4ltnis nach Gewicht f\u00fcr mittlere K\u00f6rnung: 100:20 (z.B. 7kg A-Komponente und 1,4kg B-Komponente)  Topfzeit: 120 Minuten bei 20\u00b0C und 10kg  Aush\u00e4rtezeit: ca. 8h - Endh\u00e4rte: nach ca. 7 Tagen  Empfohlene Verarbeitungstemperatur: 10\u00b0C \u2013 30\u00b0C  Ausgangsform: unpigmentiert. Einf\u00e4rbbar mit EPODEX WB Pigment Farbt\u00f6nen\" \/>\n<meta property=\"og:url\" content=\"https:\/\/old.epodex-industries.com\/de\/produkt\/mikrozement-a-komponenten\/\" \/>\n<meta property=\"og:site_name\" content=\"EPODEX Industries | B2B Plattform\" \/>\n<meta property=\"article:publisher\" content=\"https:\/\/www.facebook.com\/Epodex\/\" \/>\n<meta property=\"article:modified_time\" content=\"2025-02-19T15:46:26+00:00\" \/>\n<meta property=\"og:image\" content=\"https:\/\/old.epodex-industries.com\/wp-content\/uploads\/2024\/02\/microcement-bag-fine-large-medium.jpg\" \/>\n\t<meta property=\"og:image:width\" content=\"1200\" \/>\n\t<meta property=\"og:image:height\" content=\"800\" \/>\n\t<meta property=\"og:image:type\" content=\"image\/jpeg\" \/>\n<meta name=\"twitter:card\" content=\"summary_large_image\" \/>\n<meta name=\"twitter:label1\" content=\"Dur\u00e9e de lecture estim\u00e9e\" \/>\n\t<meta name=\"twitter:data1\" content=\"3 minutes\" \/>\n<script type=\"application\/ld+json\" class=\"yoast-schema-graph\">{\"@context\":\"https:\/\/schema.org\",\"@graph\":[{\"@type\":\"WebPage\",\"@id\":\"https:\/\/old.epodex-industries.com\/de\/produkt\/mikrozement-a-komponenten\/\",\"url\":\"https:\/\/old.epodex-industries.com\/de\/produkt\/mikrozement-a-komponenten\/\",\"name\":\"Mikrozement (A Komponenten) - EPODEX Industries | B2B Plattform\",\"isPartOf\":{\"@id\":\"https:\/\/old.epodex-industries.com\/fr\/#website\"},\"primaryImageOfPage\":{\"@id\":\"https:\/\/old.epodex-industries.com\/de\/produkt\/mikrozement-a-komponenten\/#primaryimage\"},\"image\":{\"@id\":\"https:\/\/old.epodex-industries.com\/de\/produkt\/mikrozement-a-komponenten\/#primaryimage\"},\"thumbnailUrl\":\"https:\/\/old.epodex-industries.com\/wp-content\/uploads\/2024\/02\/microcement-bag-fine-large-medium.jpg\",\"datePublished\":\"2024-03-18T10:29:48+00:00\",\"dateModified\":\"2025-02-19T15:46:26+00:00\",\"breadcrumb\":{\"@id\":\"https:\/\/old.epodex-industries.com\/de\/produkt\/mikrozement-a-komponenten\/#breadcrumb\"},\"inLanguage\":\"fr-FR\",\"potentialAction\":[{\"@type\":\"ReadAction\",\"target\":[\"https:\/\/old.epodex-industries.com\/de\/produkt\/mikrozement-a-komponenten\/\"]}]},{\"@type\":\"ImageObject\",\"inLanguage\":\"fr-FR\",\"@id\":\"https:\/\/old.epodex-industries.com\/de\/produkt\/mikrozement-a-komponenten\/#primaryimage\",\"url\":\"https:\/\/old.epodex-industries.com\/wp-content\/uploads\/2024\/02\/microcement-bag-fine-large-medium.jpg\",\"contentUrl\":\"https:\/\/old.epodex-industries.com\/wp-content\/uploads\/2024\/02\/microcement-bag-fine-large-medium.jpg\",\"width\":1200,\"height\":800},{\"@type\":\"BreadcrumbList\",\"@id\":\"https:\/\/old.epodex-industries.com\/de\/produkt\/mikrozement-a-komponenten\/#breadcrumb\",\"itemListElement\":[{\"@type\":\"ListItem\",\"position\":1,\"name\":\"Startseite\",\"item\":\"https:\/\/old.epodex-industries.com\/fr\/\"},{\"@type\":\"ListItem\",\"position\":2,\"name\":\"Shop\",\"item\":\"https:\/\/old.epodex-industries.com\/fr\/shop\/\"},{\"@type\":\"ListItem\",\"position\":3,\"name\":\"Mikrozement (A Komponenten)\"}]},{\"@type\":\"WebSite\",\"@id\":\"https:\/\/old.epodex-industries.com\/fr\/#website\",\"url\":\"https:\/\/old.epodex-industries.com\/fr\/\",\"name\":\"EPODEX Industries | B2B Plattform\",\"description\":\"Hersteller + Gro\u00dfhandel f\u00fcr Baustoffe\",\"publisher\":{\"@id\":\"https:\/\/old.epodex-industries.com\/fr\/#organization\"},\"alternateName\":\"EPODEX Industries | Hersteller + Gro\u00dfhandel f\u00fcr Baustoffe\",\"potentialAction\":[{\"@type\":\"SearchAction\",\"target\":{\"@type\":\"EntryPoint\",\"urlTemplate\":\"https:\/\/old.epodex-industries.com\/fr\/?s={search_term_string}\"},\"query-input\":{\"@type\":\"PropertyValueSpecification\",\"valueRequired\":true,\"valueName\":\"search_term_string\"}}],\"inLanguage\":\"fr-FR\"},{\"@type\":\"Organization\",\"@id\":\"https:\/\/old.epodex-industries.com\/fr\/#organization\",\"name\":\"EPODEX Industries\",\"url\":\"https:\/\/old.epodex-industries.com\/fr\/\",\"logo\":{\"@type\":\"ImageObject\",\"inLanguage\":\"fr-FR\",\"@id\":\"https:\/\/old.epodex-industries.com\/fr\/#\/schema\/logo\/image\/\",\"url\":\"https:\/\/www.epodex-industries.com\/wp-content\/uploads\/2023\/06\/Logo-Epodex-Rechnung.jpg\",\"contentUrl\":\"https:\/\/www.epodex-industries.com\/wp-content\/uploads\/2023\/06\/Logo-Epodex-Rechnung.jpg\",\"width\":261,\"height\":50,\"caption\":\"EPODEX Industries\"},\"image\":{\"@id\":\"https:\/\/old.epodex-industries.com\/fr\/#\/schema\/logo\/image\/\"},\"sameAs\":[\"https:\/\/www.facebook.com\/Epodex\/\",\"https:\/\/www.instagram.com\/epodex_official\/\",\"https:\/\/www.pinterest.de\/epodex_com\/\",\"https:\/\/www.youtube.com\/channel\/UC7lFrJ9YpN1yg43sTc6q3ow\"]}]}<\/script>\n<!-- \/ Yoast SEO plugin. -->","yoast_head_json":{"title":"Mikrozement (A Komponenten) - EPODEX Industries | B2B Plattform","robots":{"index":"index","follow":"follow","max-snippet":"max-snippet:-1","max-image-preview":"max-image-preview:large","max-video-preview":"max-video-preview:-1"},"canonical":"https:\/\/old.epodex-industries.com\/de\/produkt\/mikrozement-a-komponenten\/","og_locale":"fr_FR","og_type":"article","og_title":"Mikrozement (A Komponenten) - EPODEX Industries | B2B Plattform","og_description":"Mikrozement Pulver (A-Komponente) in der K\u00f6rnungen: Grob, Mittel.  Kompatibel mit LIQUID B Komponente f\u00fcr Mikrozement \u2013 2kg  Mischverh\u00e4ltnis nach Gewicht f\u00fcr grobe K\u00f6rnung: 100:25 (z.B. 7kg A-Komponente und 1,75kg B-Komponente)  Mischverh\u00e4ltnis nach Gewicht f\u00fcr mittlere K\u00f6rnung: 100:20 (z.B. 7kg A-Komponente und 1,4kg B-Komponente)  Topfzeit: 120 Minuten bei 20\u00b0C und 10kg  Aush\u00e4rtezeit: ca. 8h - Endh\u00e4rte: nach ca. 7 Tagen  Empfohlene Verarbeitungstemperatur: 10\u00b0C \u2013 30\u00b0C  Ausgangsform: unpigmentiert. Einf\u00e4rbbar mit EPODEX WB Pigment Farbt\u00f6nen","og_url":"https:\/\/old.epodex-industries.com\/de\/produkt\/mikrozement-a-komponenten\/","og_site_name":"EPODEX Industries | B2B Plattform","article_publisher":"https:\/\/www.facebook.com\/Epodex\/","article_modified_time":"2025-02-19T15:46:26+00:00","og_image":[{"width":1200,"height":800,"url":"https:\/\/old.epodex-industries.com\/wp-content\/uploads\/2024\/02\/microcement-bag-fine-large-medium.jpg","type":"image\/jpeg"}],"twitter_card":"summary_large_image","twitter_misc":{"Dur\u00e9e de lecture estim\u00e9e":"3 minutes"},"schema":{"@context":"https:\/\/schema.org","@graph":[{"@type":"WebPage","@id":"https:\/\/old.epodex-industries.com\/de\/produkt\/mikrozement-a-komponenten\/","url":"https:\/\/old.epodex-industries.com\/de\/produkt\/mikrozement-a-komponenten\/","name":"Mikrozement (A Komponenten) - EPODEX Industries | B2B Plattform","isPartOf":{"@id":"https:\/\/old.epodex-industries.com\/fr\/#website"},"primaryImageOfPage":{"@id":"https:\/\/old.epodex-industries.com\/de\/produkt\/mikrozement-a-komponenten\/#primaryimage"},"image":{"@id":"https:\/\/old.epodex-industries.com\/de\/produkt\/mikrozement-a-komponenten\/#primaryimage"},"thumbnailUrl":"https:\/\/old.epodex-industries.com\/wp-content\/uploads\/2024\/02\/microcement-bag-fine-large-medium.jpg","datePublished":"2024-03-18T10:29:48+00:00","dateModified":"2025-02-19T15:46:26+00:00","breadcrumb":{"@id":"https:\/\/old.epodex-industries.com\/de\/produkt\/mikrozement-a-komponenten\/#breadcrumb"},"inLanguage":"fr-FR","potentialAction":[{"@type":"ReadAction","target":["https:\/\/old.epodex-industries.com\/de\/produkt\/mikrozement-a-komponenten\/"]}]},{"@type":"ImageObject","inLanguage":"fr-FR","@id":"https:\/\/old.epodex-industries.com\/de\/produkt\/mikrozement-a-komponenten\/#primaryimage","url":"https:\/\/old.epodex-industries.com\/wp-content\/uploads\/2024\/02\/microcement-bag-fine-large-medium.jpg","contentUrl":"https:\/\/old.epodex-industries.com\/wp-content\/uploads\/2024\/02\/microcement-bag-fine-large-medium.jpg","width":1200,"height":800},{"@type":"BreadcrumbList","@id":"https:\/\/old.epodex-industries.com\/de\/produkt\/mikrozement-a-komponenten\/#breadcrumb","itemListElement":[{"@type":"ListItem","position":1,"name":"Startseite","item":"https:\/\/old.epodex-industries.com\/fr\/"},{"@type":"ListItem","position":2,"name":"Shop","item":"https:\/\/old.epodex-industries.com\/fr\/shop\/"},{"@type":"ListItem","position":3,"name":"Mikrozement (A Komponenten)"}]},{"@type":"WebSite","@id":"https:\/\/old.epodex-industries.com\/fr\/#website","url":"https:\/\/old.epodex-industries.com\/fr\/","name":"EPODEX Industries | B2B Plattform","description":"Hersteller + Gro\u00dfhandel f\u00fcr Baustoffe","publisher":{"@id":"https:\/\/old.epodex-industries.com\/fr\/#organization"},"alternateName":"EPODEX Industries | Hersteller + Gro\u00dfhandel f\u00fcr Baustoffe","potentialAction":[{"@type":"SearchAction","target":{"@type":"EntryPoint","urlTemplate":"https:\/\/old.epodex-industries.com\/fr\/?s={search_term_string}"},"query-input":{"@type":"PropertyValueSpecification","valueRequired":true,"valueName":"search_term_string"}}],"inLanguage":"fr-FR"},{"@type":"Organization","@id":"https:\/\/old.epodex-industries.com\/fr\/#organization","name":"EPODEX Industries","url":"https:\/\/old.epodex-industries.com\/fr\/","logo":{"@type":"ImageObject","inLanguage":"fr-FR","@id":"https:\/\/old.epodex-industries.com\/fr\/#\/schema\/logo\/image\/","url":"https:\/\/www.epodex-industries.com\/wp-content\/uploads\/2023\/06\/Logo-Epodex-Rechnung.jpg","contentUrl":"https:\/\/www.epodex-industries.com\/wp-content\/uploads\/2023\/06\/Logo-Epodex-Rechnung.jpg","width":261,"height":50,"caption":"EPODEX Industries"},"image":{"@id":"https:\/\/old.epodex-industries.com\/fr\/#\/schema\/logo\/image\/"},"sameAs":["https:\/\/www.facebook.com\/Epodex\/","https:\/\/www.instagram.com\/epodex_official\/","https:\/\/www.pinterest.de\/epodex_com\/","https:\/\/www.youtube.com\/channel\/UC7lFrJ9YpN1yg43sTc6q3ow"]}]}},"_links":{"self":[{"href":"https:\/\/old.epodex-industries.com\/fr\/wp-json\/wp\/v2\/product\/18210","targetHints":{"allow":["GET"]}}],"collection":[{"href":"https:\/\/old.epodex-industries.com\/fr\/wp-json\/wp\/v2\/product"}],"about":[{"href":"https:\/\/old.epodex-industries.com\/fr\/wp-json\/wp\/v2\/types\/product"}],"replies":[{"embeddable":true,"href":"https:\/\/old.epodex-industries.com\/fr\/wp-json\/wp\/v2\/comments?post=18210"}],"wp:featuredmedia":[{"embeddable":true,"href":"https:\/\/old.epodex-industries.com\/fr\/wp-json\/wp\/v2\/media\/14766"}],"wp:attachment":[{"href":"https:\/\/old.epodex-industries.com\/fr\/wp-json\/wp\/v2\/media?parent=18210"}],"wp:term":[{"taxonomy":"product_brand","embeddable":true,"href":"https:\/\/old.epodex-industries.com\/fr\/wp-json\/wp\/v2\/product_brand?post=18210"},{"taxonomy":"product_cat","embeddable":true,"href":"https:\/\/old.epodex-industries.com\/fr\/wp-json\/wp\/v2\/product_cat?post=18210"},{"taxonomy":"product_tag","embeddable":true,"href":"https:\/\/old.epodex-industries.com\/fr\/wp-json\/wp\/v2\/product_tag?post=18210"}],"curies":[{"name":"wp","href":"https:\/\/api.w.org\/{rel}","templated":true}]}}