{"id":18208,"date":"2024-03-18T11:29:48","date_gmt":"2024-03-18T10:29:48","guid":{"rendered":"https:\/\/www.epodex-industries.com\/produkt\/2k-epoxidhaerter-pro-b-komponente-ibc-2\/"},"modified":"2025-10-09T18:18:15","modified_gmt":"2025-10-09T16:18:15","slug":"2k-epoxidhaerter-pro-b-komponente-ibc-2","status":"publish","type":"product","link":"https:\/\/old.epodex-industries.com\/fr\/produit\/2k-epoxidhaerter-pro-b-komponente-ibc-2\/","title":{"rendered":"2K Epoxidh\u00e4rter PRO+ (-B- Komponente) IBC"},"content":{"rendered":"<ul>\n<li>Verwendbar auf allen Oberfl\u00e4chen wie Holz, Beton, Glas und mehr<\/li>\n<li>Max. Gie\u00dfh\u00f6he je Vorgang: 5cm (Bei kleineren Gie\u00dfformen sind H\u00f6hen bis zu 30cm m\u00f6glich)<\/li>\n<li>Arbeitszeit: ca. 6Std., Aush\u00e4rtezeit: 48-72Std.<\/li>\n<li>Lieferumfang: Harz A und H\u00e4rter B (Mischungsverh\u00e4ltnis 2:1)<\/li>\n<li>W\u00e4hlen Sie bequem eine Farbe aus, um das klare Epoxidharz einzuf\u00e4rben<\/li>\n<\/ul>\n","protected":false},"excerpt":{"rendered":"<ul>\n<li>Ideal f\u00fcr Oberfl\u00e4chenbeschichtungen, Handwerk und Verg\u00fcsse bis 5cm (Bei kleineren Gie\u00dfformen sind H\u00f6hen bis zu 30cm m\u00f6glich)<\/li>\n<li>Kompatibel mit dem Epoxidharz\u00a0-A- PRO<\/li>\n<li>Mischverh\u00e4ltnis zwischen Harz und H\u00e4rter: 2:1 (z.B. 1kg A : 0,5kg B)<\/li>\n<li>Verwendbar auf allen Oberfl\u00e4chen wie Holz, Beton, Glas und mehr<\/li>\n<li>Arbeitszeit: ca. 6Std., Aush\u00e4rtezeit: 48-72Std.<\/li>\n<li>Topfzeit: 6Std. bei 10kg und 20\u00b0C<\/li>\n<li>Ausgangsform: unpigmentiert\/glasklar. Einf\u00e4rbbar mit EPODEX Epoxidharz\u00a0Farbstoffen und Pigmenten.<\/li>\n<\/ul>\n","protected":false},"featured_media":8260,"comment_status":"closed","ping_status":"closed","template":"","meta":[],"product_brand":[],"product_cat":[482,518],"product_tag":[],"class_list":{"0":"post-18208","1":"product","2":"type-product","3":"status-publish","4":"has-post-thumbnail","6":"product_cat-produkte","7":"product_cat-ibc-epoxidharz","9":"first","10":"instock","11":"taxable","12":"shipping-taxable","13":"product-type-variable","14":"wvs-archive-product-wrapper"},"yoast_head":"<!-- This site is optimized with the Yoast SEO plugin v26.7 - https:\/\/yoast.com\/wordpress\/plugins\/seo\/ -->\n<title>2K Epoxidh\u00e4rter PRO+ (-B- Komponente) IBC - EPODEX Industries | B2B Plattform<\/title>\n<meta name=\"robots\" content=\"index, follow, max-snippet:-1, max-image-preview:large, max-video-preview:-1\" \/>\n<link rel=\"canonical\" href=\"https:\/\/old.epodex-industries.com\/de\/produkt\/2k-epoxidhaerter-pro-b-komponente-ibc-2\/\" \/>\n<meta property=\"og:locale\" content=\"fr_FR\" \/>\n<meta property=\"og:type\" content=\"article\" \/>\n<meta property=\"og:title\" content=\"2K Epoxidh\u00e4rter PRO+ (-B- Komponente) IBC - EPODEX Industries | B2B Plattform\" \/>\n<meta property=\"og:description\" content=\"Ideal f\u00fcr Oberfl\u00e4chenbeschichtungen, Handwerk und Verg\u00fcsse bis 5cm (Bei kleineren Gie\u00dfformen sind H\u00f6hen bis zu 30cm m\u00f6glich) Kompatibel mit dem Epoxidharz\u00a0-A- PRO Mischverh\u00e4ltnis zwischen Harz und H\u00e4rter: 2:1 (z.B. 1kg A : 0,5kg B) Verwendbar auf allen Oberfl\u00e4chen wie Holz, Beton, Glas und mehr Arbeitszeit: ca. 6Std., Aush\u00e4rtezeit: 48-72Std. Topfzeit: 6Std. bei 10kg und 20\u00b0C Ausgangsform: unpigmentiert\/glasklar. Einf\u00e4rbbar mit EPODEX Epoxidharz\u00a0Farbstoffen und Pigmenten.\" \/>\n<meta property=\"og:url\" content=\"https:\/\/old.epodex-industries.com\/de\/produkt\/2k-epoxidhaerter-pro-b-komponente-ibc-2\/\" \/>\n<meta property=\"og:site_name\" content=\"EPODEX Industries | B2B Plattform\" \/>\n<meta property=\"article:publisher\" content=\"https:\/\/www.facebook.com\/Epodex\/\" \/>\n<meta property=\"article:modified_time\" content=\"2025-10-09T16:18:15+00:00\" \/>\n<meta property=\"og:image\" content=\"https:\/\/old.epodex-industries.com\/wp-content\/uploads\/2023\/10\/epoxidharz-hersteller-ibc-kaufen.jpg\" \/>\n\t<meta property=\"og:image:width\" content=\"1200\" \/>\n\t<meta property=\"og:image:height\" content=\"800\" \/>\n\t<meta property=\"og:image:type\" content=\"image\/jpeg\" \/>\n<meta name=\"twitter:card\" content=\"summary_large_image\" \/>\n<script type=\"application\/ld+json\" class=\"yoast-schema-graph\">{\"@context\":\"https:\/\/schema.org\",\"@graph\":[{\"@type\":\"WebPage\",\"@id\":\"https:\/\/old.epodex-industries.com\/de\/produkt\/2k-epoxidhaerter-pro-b-komponente-ibc-2\/\",\"url\":\"https:\/\/old.epodex-industries.com\/de\/produkt\/2k-epoxidhaerter-pro-b-komponente-ibc-2\/\",\"name\":\"2K Epoxidh\u00e4rter PRO+ (-B- Komponente) IBC - EPODEX Industries | B2B Plattform\",\"isPartOf\":{\"@id\":\"https:\/\/old.epodex-industries.com\/fr\/#website\"},\"primaryImageOfPage\":{\"@id\":\"https:\/\/old.epodex-industries.com\/de\/produkt\/2k-epoxidhaerter-pro-b-komponente-ibc-2\/#primaryimage\"},\"image\":{\"@id\":\"https:\/\/old.epodex-industries.com\/de\/produkt\/2k-epoxidhaerter-pro-b-komponente-ibc-2\/#primaryimage\"},\"thumbnailUrl\":\"https:\/\/old.epodex-industries.com\/wp-content\/uploads\/2023\/10\/epoxidharz-hersteller-ibc-kaufen.jpg\",\"datePublished\":\"2024-03-18T10:29:48+00:00\",\"dateModified\":\"2025-10-09T16:18:15+00:00\",\"breadcrumb\":{\"@id\":\"https:\/\/old.epodex-industries.com\/de\/produkt\/2k-epoxidhaerter-pro-b-komponente-ibc-2\/#breadcrumb\"},\"inLanguage\":\"fr-FR\",\"potentialAction\":[{\"@type\":\"ReadAction\",\"target\":[\"https:\/\/old.epodex-industries.com\/de\/produkt\/2k-epoxidhaerter-pro-b-komponente-ibc-2\/\"]}]},{\"@type\":\"ImageObject\",\"inLanguage\":\"fr-FR\",\"@id\":\"https:\/\/old.epodex-industries.com\/de\/produkt\/2k-epoxidhaerter-pro-b-komponente-ibc-2\/#primaryimage\",\"url\":\"https:\/\/old.epodex-industries.com\/wp-content\/uploads\/2023\/10\/epoxidharz-hersteller-ibc-kaufen.jpg\",\"contentUrl\":\"https:\/\/old.epodex-industries.com\/wp-content\/uploads\/2023\/10\/epoxidharz-hersteller-ibc-kaufen.jpg\",\"width\":1200,\"height\":800,\"caption\":\"Blue drums and IBC container in a storage room\"},{\"@type\":\"BreadcrumbList\",\"@id\":\"https:\/\/old.epodex-industries.com\/de\/produkt\/2k-epoxidhaerter-pro-b-komponente-ibc-2\/#breadcrumb\",\"itemListElement\":[{\"@type\":\"ListItem\",\"position\":1,\"name\":\"Startseite\",\"item\":\"https:\/\/old.epodex-industries.com\/fr\/\"},{\"@type\":\"ListItem\",\"position\":2,\"name\":\"Shop\",\"item\":\"https:\/\/old.epodex-industries.com\/fr\/shop\/\"},{\"@type\":\"ListItem\",\"position\":3,\"name\":\"2K Epoxidh\u00e4rter PRO+ (-B- Komponente) IBC\"}]},{\"@type\":\"WebSite\",\"@id\":\"https:\/\/old.epodex-industries.com\/fr\/#website\",\"url\":\"https:\/\/old.epodex-industries.com\/fr\/\",\"name\":\"EPODEX Industries | B2B Plattform\",\"description\":\"Hersteller + Gro\u00dfhandel f\u00fcr Baustoffe\",\"publisher\":{\"@id\":\"https:\/\/old.epodex-industries.com\/fr\/#organization\"},\"alternateName\":\"EPODEX Industries | Hersteller + Gro\u00dfhandel f\u00fcr Baustoffe\",\"potentialAction\":[{\"@type\":\"SearchAction\",\"target\":{\"@type\":\"EntryPoint\",\"urlTemplate\":\"https:\/\/old.epodex-industries.com\/fr\/?s={search_term_string}\"},\"query-input\":{\"@type\":\"PropertyValueSpecification\",\"valueRequired\":true,\"valueName\":\"search_term_string\"}}],\"inLanguage\":\"fr-FR\"},{\"@type\":\"Organization\",\"@id\":\"https:\/\/old.epodex-industries.com\/fr\/#organization\",\"name\":\"EPODEX Industries\",\"url\":\"https:\/\/old.epodex-industries.com\/fr\/\",\"logo\":{\"@type\":\"ImageObject\",\"inLanguage\":\"fr-FR\",\"@id\":\"https:\/\/old.epodex-industries.com\/fr\/#\/schema\/logo\/image\/\",\"url\":\"https:\/\/www.epodex-industries.com\/wp-content\/uploads\/2023\/06\/Logo-Epodex-Rechnung.jpg\",\"contentUrl\":\"https:\/\/www.epodex-industries.com\/wp-content\/uploads\/2023\/06\/Logo-Epodex-Rechnung.jpg\",\"width\":261,\"height\":50,\"caption\":\"EPODEX Industries\"},\"image\":{\"@id\":\"https:\/\/old.epodex-industries.com\/fr\/#\/schema\/logo\/image\/\"},\"sameAs\":[\"https:\/\/www.facebook.com\/Epodex\/\",\"https:\/\/www.instagram.com\/epodex_official\/\",\"https:\/\/www.pinterest.de\/epodex_com\/\",\"https:\/\/www.youtube.com\/channel\/UC7lFrJ9YpN1yg43sTc6q3ow\"]}]}<\/script>\n<!-- \/ Yoast SEO plugin. -->","yoast_head_json":{"title":"2K Epoxidh\u00e4rter PRO+ (-B- Komponente) IBC - EPODEX Industries | B2B Plattform","robots":{"index":"index","follow":"follow","max-snippet":"max-snippet:-1","max-image-preview":"max-image-preview:large","max-video-preview":"max-video-preview:-1"},"canonical":"https:\/\/old.epodex-industries.com\/de\/produkt\/2k-epoxidhaerter-pro-b-komponente-ibc-2\/","og_locale":"fr_FR","og_type":"article","og_title":"2K Epoxidh\u00e4rter PRO+ (-B- Komponente) IBC - EPODEX Industries | B2B Plattform","og_description":"Ideal f\u00fcr Oberfl\u00e4chenbeschichtungen, Handwerk und Verg\u00fcsse bis 5cm (Bei kleineren Gie\u00dfformen sind H\u00f6hen bis zu 30cm m\u00f6glich) Kompatibel mit dem Epoxidharz\u00a0-A- PRO Mischverh\u00e4ltnis zwischen Harz und H\u00e4rter: 2:1 (z.B. 1kg A : 0,5kg B) Verwendbar auf allen Oberfl\u00e4chen wie Holz, Beton, Glas und mehr Arbeitszeit: ca. 6Std., Aush\u00e4rtezeit: 48-72Std. Topfzeit: 6Std. bei 10kg und 20\u00b0C Ausgangsform: unpigmentiert\/glasklar. Einf\u00e4rbbar mit EPODEX Epoxidharz\u00a0Farbstoffen und Pigmenten.","og_url":"https:\/\/old.epodex-industries.com\/de\/produkt\/2k-epoxidhaerter-pro-b-komponente-ibc-2\/","og_site_name":"EPODEX Industries | B2B Plattform","article_publisher":"https:\/\/www.facebook.com\/Epodex\/","article_modified_time":"2025-10-09T16:18:15+00:00","og_image":[{"width":1200,"height":800,"url":"https:\/\/old.epodex-industries.com\/wp-content\/uploads\/2023\/10\/epoxidharz-hersteller-ibc-kaufen.jpg","type":"image\/jpeg"}],"twitter_card":"summary_large_image","schema":{"@context":"https:\/\/schema.org","@graph":[{"@type":"WebPage","@id":"https:\/\/old.epodex-industries.com\/de\/produkt\/2k-epoxidhaerter-pro-b-komponente-ibc-2\/","url":"https:\/\/old.epodex-industries.com\/de\/produkt\/2k-epoxidhaerter-pro-b-komponente-ibc-2\/","name":"2K Epoxidh\u00e4rter PRO+ (-B- Komponente) IBC - EPODEX Industries | B2B Plattform","isPartOf":{"@id":"https:\/\/old.epodex-industries.com\/fr\/#website"},"primaryImageOfPage":{"@id":"https:\/\/old.epodex-industries.com\/de\/produkt\/2k-epoxidhaerter-pro-b-komponente-ibc-2\/#primaryimage"},"image":{"@id":"https:\/\/old.epodex-industries.com\/de\/produkt\/2k-epoxidhaerter-pro-b-komponente-ibc-2\/#primaryimage"},"thumbnailUrl":"https:\/\/old.epodex-industries.com\/wp-content\/uploads\/2023\/10\/epoxidharz-hersteller-ibc-kaufen.jpg","datePublished":"2024-03-18T10:29:48+00:00","dateModified":"2025-10-09T16:18:15+00:00","breadcrumb":{"@id":"https:\/\/old.epodex-industries.com\/de\/produkt\/2k-epoxidhaerter-pro-b-komponente-ibc-2\/#breadcrumb"},"inLanguage":"fr-FR","potentialAction":[{"@type":"ReadAction","target":["https:\/\/old.epodex-industries.com\/de\/produkt\/2k-epoxidhaerter-pro-b-komponente-ibc-2\/"]}]},{"@type":"ImageObject","inLanguage":"fr-FR","@id":"https:\/\/old.epodex-industries.com\/de\/produkt\/2k-epoxidhaerter-pro-b-komponente-ibc-2\/#primaryimage","url":"https:\/\/old.epodex-industries.com\/wp-content\/uploads\/2023\/10\/epoxidharz-hersteller-ibc-kaufen.jpg","contentUrl":"https:\/\/old.epodex-industries.com\/wp-content\/uploads\/2023\/10\/epoxidharz-hersteller-ibc-kaufen.jpg","width":1200,"height":800,"caption":"Blue drums and IBC container in a storage room"},{"@type":"BreadcrumbList","@id":"https:\/\/old.epodex-industries.com\/de\/produkt\/2k-epoxidhaerter-pro-b-komponente-ibc-2\/#breadcrumb","itemListElement":[{"@type":"ListItem","position":1,"name":"Startseite","item":"https:\/\/old.epodex-industries.com\/fr\/"},{"@type":"ListItem","position":2,"name":"Shop","item":"https:\/\/old.epodex-industries.com\/fr\/shop\/"},{"@type":"ListItem","position":3,"name":"2K Epoxidh\u00e4rter PRO+ (-B- Komponente) IBC"}]},{"@type":"WebSite","@id":"https:\/\/old.epodex-industries.com\/fr\/#website","url":"https:\/\/old.epodex-industries.com\/fr\/","name":"EPODEX Industries | B2B Plattform","description":"Hersteller + Gro\u00dfhandel f\u00fcr Baustoffe","publisher":{"@id":"https:\/\/old.epodex-industries.com\/fr\/#organization"},"alternateName":"EPODEX Industries | Hersteller + Gro\u00dfhandel f\u00fcr Baustoffe","potentialAction":[{"@type":"SearchAction","target":{"@type":"EntryPoint","urlTemplate":"https:\/\/old.epodex-industries.com\/fr\/?s={search_term_string}"},"query-input":{"@type":"PropertyValueSpecification","valueRequired":true,"valueName":"search_term_string"}}],"inLanguage":"fr-FR"},{"@type":"Organization","@id":"https:\/\/old.epodex-industries.com\/fr\/#organization","name":"EPODEX Industries","url":"https:\/\/old.epodex-industries.com\/fr\/","logo":{"@type":"ImageObject","inLanguage":"fr-FR","@id":"https:\/\/old.epodex-industries.com\/fr\/#\/schema\/logo\/image\/","url":"https:\/\/www.epodex-industries.com\/wp-content\/uploads\/2023\/06\/Logo-Epodex-Rechnung.jpg","contentUrl":"https:\/\/www.epodex-industries.com\/wp-content\/uploads\/2023\/06\/Logo-Epodex-Rechnung.jpg","width":261,"height":50,"caption":"EPODEX Industries"},"image":{"@id":"https:\/\/old.epodex-industries.com\/fr\/#\/schema\/logo\/image\/"},"sameAs":["https:\/\/www.facebook.com\/Epodex\/","https:\/\/www.instagram.com\/epodex_official\/","https:\/\/www.pinterest.de\/epodex_com\/","https:\/\/www.youtube.com\/channel\/UC7lFrJ9YpN1yg43sTc6q3ow"]}]}},"_links":{"self":[{"href":"https:\/\/old.epodex-industries.com\/fr\/wp-json\/wp\/v2\/product\/18208","targetHints":{"allow":["GET"]}}],"collection":[{"href":"https:\/\/old.epodex-industries.com\/fr\/wp-json\/wp\/v2\/product"}],"about":[{"href":"https:\/\/old.epodex-industries.com\/fr\/wp-json\/wp\/v2\/types\/product"}],"replies":[{"embeddable":true,"href":"https:\/\/old.epodex-industries.com\/fr\/wp-json\/wp\/v2\/comments?post=18208"}],"wp:featuredmedia":[{"embeddable":true,"href":"https:\/\/old.epodex-industries.com\/fr\/wp-json\/wp\/v2\/media\/8260"}],"wp:attachment":[{"href":"https:\/\/old.epodex-industries.com\/fr\/wp-json\/wp\/v2\/media?parent=18208"}],"wp:term":[{"taxonomy":"product_brand","embeddable":true,"href":"https:\/\/old.epodex-industries.com\/fr\/wp-json\/wp\/v2\/product_brand?post=18208"},{"taxonomy":"product_cat","embeddable":true,"href":"https:\/\/old.epodex-industries.com\/fr\/wp-json\/wp\/v2\/product_cat?post=18208"},{"taxonomy":"product_tag","embeddable":true,"href":"https:\/\/old.epodex-industries.com\/fr\/wp-json\/wp\/v2\/product_tag?post=18208"}],"curies":[{"name":"wp","href":"https:\/\/api.w.org\/{rel}","templated":true}]}}