{"id":18203,"date":"2024-03-18T11:29:48","date_gmt":"2024-03-18T10:29:48","guid":{"rendered":"https:\/\/www.epodex-industries.com\/produkt\/1k-wandfarbe-brilliant\/"},"modified":"2025-01-07T11:07:45","modified_gmt":"2025-01-07T10:07:45","slug":"1k-wandfarbe-brilliant","status":"publish","type":"product","link":"https:\/\/old.epodex-industries.com\/fr\/produit\/1k-wandfarbe-brilliant\/","title":{"rendered":"1K Wandfarbe &#8211; Brilliant"},"content":{"rendered":"<h2>EPODEX INTERIOR PAINT<\/h2>\n<p>INTERIOR PAINT eignet sich ideal zum Bestreichen von W\u00e4nden im Innenbereich. Unsere hochwertige Wandfarbe ist <strong>geruchsneutral, l\u00f6semittelfrei und emissionsarm<\/strong>. Sie sticht zudem durch eine hohe <strong>Farbbrillanz<\/strong> hervor. <strong>Verbrauchsmengen:<\/strong> ca. 120g\/m\u00b2 pro Arbeitsgang auf glatten, nicht saugf\u00e4higen Fl\u00e4chen.<\/p>\n<hr \/>\n<p><strong>Wand-Schutz-Formel:<\/strong><\/p>\n<p>Unsere W\u00e4nde sind <strong>St\u00f6\u00dfen, Verschmutzungen und Ber\u00fchrungen<\/strong> ausgesetzt.<\/p>\n<p>Wer kennt es nicht? &#8211; Kurz mit dem Regenschirm oder den Schuhen \u00fcber die Wand gestrichen und schon zeichnet sich ein schwarzer Streifen ab. Bereits ein kurzes Ber\u00fchren der Wand kann bei normaler Innenwandfarbe zu einem irreparablen F\u00fcllstoffbruch f\u00fchren. Die Wand wird stellenweise aufgegl\u00e4nzt und es ergibt sich eine unsch\u00f6ne, fleckige und fettig-wirkende Optik. Dies wird als <strong>Schreibeffekt<\/strong> bezeichnet. Aber auch durch Essensreste, Farbstifte oder andere Fl\u00fcssigkeiten k\u00f6nnen unsere W\u00e4nde leicht verschmutzt werden.<\/p>\n<p>Die L\u00f6sung liefert EPODEX INTERIOR PAINT. Durch <strong>ausgew\u00e4hlte Rohstoffe und einen erh\u00f6hten Bindemittelanteil<\/strong> ist unsere Wandfarbe <strong>strapazierf\u00e4hig und abwaschbar<\/strong>, bei gleichzeitig hoher Wasserdampfdurchl\u00e4ssigkeit, d.h. die Wandfarbe ist weiterhin <strong>diffusionsoffen und atmungsaktiv<\/strong>. \u00dcberzeugen Sie sich selbst und profitieren Sie jetzt von unserer Wand-Schutz-Formel.<\/p>\n<hr \/>\n<h3>Anwendung<\/h3>\n<ol>\n<li>Sorgen Sie f\u00fcr einen trockenen und sauberen Untergrund.<\/li>\n<li>Kleben, Sie nicht zu bestreichende Fl\u00e4chen mit unserem Kreppband ab.<\/li>\n<li>R\u00fchren Sie das Material vor der Anwendung sorgf\u00e4ltig durch.<\/li>\n<li>Beim Streichen von Decken und W\u00e4nden empfehlen wir zuerst die Deckenfl\u00e4chen und dann die W\u00e4nde zu bestreichen.<\/li>\n<li>Tragen Sie die Farbe mit einer Farbwalze auf und lassen Sie die Schicht trocknen.<\/li>\n<li>Tragen Sie weitere Schichten auf. Wir empfehlen ca. 1-2 Anstriche.<\/li>\n<li>Entfernen Sie noch vor der Durchtrocknung das Kreppband.<\/li>\n<\/ol>\n<p><strong>Hinweise<\/strong><strong>: <\/strong>Verarbeitungstemperatur: Objekt- und Umgebungstemperatur min. 8\u00b0C. Nicht auf aufgeheizten Oberfl\u00e4chen und unter direkter Sonnenstrahlung verarbeiten. Bei niedrigeren Temperaturen k\u00f6nnen Trocknungsst\u00f6rungen auftreten. Um eine niedrigere Viskosit\u00e4t zu erzielen, verd\u00fcnnen Sie die Farbe mit bis zu 5% Wasser. Werkzeug unmittelbar nach Gebrauch mit Wasser reinigen.<\/p>\n<p>EU-Grenzwert: (Kat. A\/d): 100g\/l (2010), max. 100g\/l VOC<\/p>\n<hr \/>\n<h3>Kundenservice:<\/h3>\n<p>Bei weiteren Fragen kontaktieren Sie uns telefonisch, per E-Mail oder nutzen Sie unseren WhatsApp-Support.<\/p>\n<p><strong>Hinweis:<\/strong> Wir bitten zu beachten, dass die Farben aufgrund unterschiedlicher Lichtverh\u00e4ltnisse und Monitore nicht einheitlich abgebildet werden k\u00f6nnten.<\/p>\n<hr \/>\n<h3>Gefahren- und Sicherheitshinweise:<\/h3>\n<p>Achtung: Produkt enth\u00e4lt Koservierungsmittel: 1,2-Benzisothiazol-3(2H)-on; 2-Methyl-2H-isothiazol-3-on. Kann allergische Hautreaktionen verursachen. Ist \u00e4rztlicher Rat erforderlich, Verpackung oder Kennzeichnungsetikett bereithalten. Darf nicht in die H\u00e4nde von Kindern gelangen. Einatmen von Staub, Nebel, Aerosol vermeiden. Nicht in die Augen, auf die Haut oder auf die Kleidung gelangen lassen. Entsorgung des Inhalts \/ des Beh\u00e4lters gem\u00e4\u00df den \u00f6rtlichen \/ regionalen \/ nationalen\/ internationalen Vorschriften.Sicherheitsdatenblatt auf Anfrage erh\u00e4ltlich.<\/p>\n<p><img decoding=\"async\" src=\"https:\/\/www.epodex.com\/de\/wp-content\/uploads\/2021\/03\/warnhinweis-ausrufezeichen.jpg\" \/><\/p>\n","protected":false},"excerpt":{"rendered":"<ul>\n<li>Premium-Wandfarbe mit integrierter Wand-Schutz-Formel<\/li>\n<li>Eigenschaften: hochdeckend, spritzfrei, strapazierf\u00e4hig, abwaschbar, atmungsaktiv, geruchlos, l\u00f6semittelfrei und emissionsarm<\/li>\n<li>Glanzgrad: seidenmatt<\/li>\n<li>Verbrauchsmenge: ca. 120g\/m\u00b2 pro Arbeitsgang. Wir empfehlen ca. zwei Anstriche.<\/li>\n<\/ul>\n","protected":false},"featured_media":8506,"comment_status":"closed","ping_status":"closed","template":"","meta":[],"product_brand":[],"product_cat":[482,535],"product_tag":[],"class_list":{"0":"post-18203","1":"product","2":"type-product","3":"status-publish","4":"has-post-thumbnail","6":"product_cat-produkte","7":"product_cat-farben-2","9":"first","10":"instock","11":"taxable","12":"shipping-taxable","13":"product-type-variable","14":"wvs-archive-product-wrapper"},"yoast_head":"<!-- This site is optimized with the Yoast SEO plugin v26.7 - https:\/\/yoast.com\/wordpress\/plugins\/seo\/ -->\n<title>1K Wandfarbe - Brilliant - EPODEX Industries | B2B Plattform<\/title>\n<meta name=\"robots\" content=\"index, follow, max-snippet:-1, max-image-preview:large, max-video-preview:-1\" \/>\n<link rel=\"canonical\" href=\"https:\/\/old.epodex-industries.com\/fr\/produit\/1k-wandfarbe-brilliant\/\" \/>\n<meta property=\"og:locale\" content=\"fr_FR\" \/>\n<meta property=\"og:type\" content=\"article\" \/>\n<meta property=\"og:title\" content=\"1K Wandfarbe - Brilliant - EPODEX Industries | B2B Plattform\" \/>\n<meta property=\"og:description\" content=\"Premium-Wandfarbe mit integrierter Wand-Schutz-Formel Eigenschaften: hochdeckend, spritzfrei, strapazierf\u00e4hig, abwaschbar, atmungsaktiv, geruchlos, l\u00f6semittelfrei und emissionsarm Glanzgrad: seidenmatt Verbrauchsmenge: ca. 120g\/m\u00b2 pro Arbeitsgang. Wir empfehlen ca. zwei Anstriche.\" \/>\n<meta property=\"og:url\" content=\"https:\/\/old.epodex-industries.com\/fr\/produit\/1k-wandfarbe-brilliant\/\" \/>\n<meta property=\"og:site_name\" content=\"EPODEX Industries | B2B Plattform\" \/>\n<meta property=\"article:publisher\" content=\"https:\/\/www.facebook.com\/Epodex\/\" \/>\n<meta property=\"article:modified_time\" content=\"2025-01-07T10:07:45+00:00\" \/>\n<meta property=\"og:image\" content=\"https:\/\/old.epodex-industries.com\/wp-content\/uploads\/2023\/10\/wandfarbe-epodex-bunt.jpg\" \/>\n\t<meta property=\"og:image:width\" content=\"1200\" \/>\n\t<meta property=\"og:image:height\" content=\"800\" \/>\n\t<meta property=\"og:image:type\" content=\"image\/jpeg\" \/>\n<meta name=\"twitter:card\" content=\"summary_large_image\" \/>\n<meta name=\"twitter:label1\" content=\"Dur\u00e9e de lecture estim\u00e9e\" \/>\n\t<meta name=\"twitter:data1\" content=\"2 minutes\" \/>\n<script type=\"application\/ld+json\" class=\"yoast-schema-graph\">{\"@context\":\"https:\/\/schema.org\",\"@graph\":[{\"@type\":\"WebPage\",\"@id\":\"https:\/\/old.epodex-industries.com\/fr\/produit\/1k-wandfarbe-brilliant\/\",\"url\":\"https:\/\/old.epodex-industries.com\/fr\/produit\/1k-wandfarbe-brilliant\/\",\"name\":\"1K Wandfarbe - Brilliant - EPODEX Industries | B2B Plattform\",\"isPartOf\":{\"@id\":\"https:\/\/old.epodex-industries.com\/fr\/#website\"},\"primaryImageOfPage\":{\"@id\":\"https:\/\/old.epodex-industries.com\/fr\/produit\/1k-wandfarbe-brilliant\/#primaryimage\"},\"image\":{\"@id\":\"https:\/\/old.epodex-industries.com\/fr\/produit\/1k-wandfarbe-brilliant\/#primaryimage\"},\"thumbnailUrl\":\"https:\/\/old.epodex-industries.com\/wp-content\/uploads\/2023\/10\/wandfarbe-epodex-bunt.jpg\",\"datePublished\":\"2024-03-18T10:29:48+00:00\",\"dateModified\":\"2025-01-07T10:07:45+00:00\",\"breadcrumb\":{\"@id\":\"https:\/\/old.epodex-industries.com\/fr\/produit\/1k-wandfarbe-brilliant\/#breadcrumb\"},\"inLanguage\":\"fr-FR\",\"potentialAction\":[{\"@type\":\"ReadAction\",\"target\":[\"https:\/\/old.epodex-industries.com\/fr\/produit\/1k-wandfarbe-brilliant\/\"]}]},{\"@type\":\"ImageObject\",\"inLanguage\":\"fr-FR\",\"@id\":\"https:\/\/old.epodex-industries.com\/fr\/produit\/1k-wandfarbe-brilliant\/#primaryimage\",\"url\":\"https:\/\/old.epodex-industries.com\/wp-content\/uploads\/2023\/10\/wandfarbe-epodex-bunt.jpg\",\"contentUrl\":\"https:\/\/old.epodex-industries.com\/wp-content\/uploads\/2023\/10\/wandfarbe-epodex-bunt.jpg\",\"width\":1200,\"height\":800},{\"@type\":\"BreadcrumbList\",\"@id\":\"https:\/\/old.epodex-industries.com\/fr\/produit\/1k-wandfarbe-brilliant\/#breadcrumb\",\"itemListElement\":[{\"@type\":\"ListItem\",\"position\":1,\"name\":\"Startseite\",\"item\":\"https:\/\/old.epodex-industries.com\/fr\/\"},{\"@type\":\"ListItem\",\"position\":2,\"name\":\"Shop\",\"item\":\"https:\/\/old.epodex-industries.com\/fr\/shop\/\"},{\"@type\":\"ListItem\",\"position\":3,\"name\":\"1K Wandfarbe &#8211; Brilliant\"}]},{\"@type\":\"WebSite\",\"@id\":\"https:\/\/old.epodex-industries.com\/fr\/#website\",\"url\":\"https:\/\/old.epodex-industries.com\/fr\/\",\"name\":\"EPODEX Industries | B2B Plattform\",\"description\":\"Hersteller + Gro\u00dfhandel f\u00fcr Baustoffe\",\"publisher\":{\"@id\":\"https:\/\/old.epodex-industries.com\/fr\/#organization\"},\"alternateName\":\"EPODEX Industries | Hersteller + Gro\u00dfhandel f\u00fcr Baustoffe\",\"potentialAction\":[{\"@type\":\"SearchAction\",\"target\":{\"@type\":\"EntryPoint\",\"urlTemplate\":\"https:\/\/old.epodex-industries.com\/fr\/?s={search_term_string}\"},\"query-input\":{\"@type\":\"PropertyValueSpecification\",\"valueRequired\":true,\"valueName\":\"search_term_string\"}}],\"inLanguage\":\"fr-FR\"},{\"@type\":\"Organization\",\"@id\":\"https:\/\/old.epodex-industries.com\/fr\/#organization\",\"name\":\"EPODEX Industries\",\"url\":\"https:\/\/old.epodex-industries.com\/fr\/\",\"logo\":{\"@type\":\"ImageObject\",\"inLanguage\":\"fr-FR\",\"@id\":\"https:\/\/old.epodex-industries.com\/fr\/#\/schema\/logo\/image\/\",\"url\":\"https:\/\/www.epodex-industries.com\/wp-content\/uploads\/2023\/06\/Logo-Epodex-Rechnung.jpg\",\"contentUrl\":\"https:\/\/www.epodex-industries.com\/wp-content\/uploads\/2023\/06\/Logo-Epodex-Rechnung.jpg\",\"width\":261,\"height\":50,\"caption\":\"EPODEX Industries\"},\"image\":{\"@id\":\"https:\/\/old.epodex-industries.com\/fr\/#\/schema\/logo\/image\/\"},\"sameAs\":[\"https:\/\/www.facebook.com\/Epodex\/\",\"https:\/\/www.instagram.com\/epodex_official\/\",\"https:\/\/www.pinterest.de\/epodex_com\/\",\"https:\/\/www.youtube.com\/channel\/UC7lFrJ9YpN1yg43sTc6q3ow\"]}]}<\/script>\n<!-- \/ Yoast SEO plugin. -->","yoast_head_json":{"title":"1K Wandfarbe - Brilliant - EPODEX Industries | B2B Plattform","robots":{"index":"index","follow":"follow","max-snippet":"max-snippet:-1","max-image-preview":"max-image-preview:large","max-video-preview":"max-video-preview:-1"},"canonical":"https:\/\/old.epodex-industries.com\/fr\/produit\/1k-wandfarbe-brilliant\/","og_locale":"fr_FR","og_type":"article","og_title":"1K Wandfarbe - Brilliant - EPODEX Industries | B2B Plattform","og_description":"Premium-Wandfarbe mit integrierter Wand-Schutz-Formel Eigenschaften: hochdeckend, spritzfrei, strapazierf\u00e4hig, abwaschbar, atmungsaktiv, geruchlos, l\u00f6semittelfrei und emissionsarm Glanzgrad: seidenmatt Verbrauchsmenge: ca. 120g\/m\u00b2 pro Arbeitsgang. Wir empfehlen ca. zwei Anstriche.","og_url":"https:\/\/old.epodex-industries.com\/fr\/produit\/1k-wandfarbe-brilliant\/","og_site_name":"EPODEX Industries | B2B Plattform","article_publisher":"https:\/\/www.facebook.com\/Epodex\/","article_modified_time":"2025-01-07T10:07:45+00:00","og_image":[{"width":1200,"height":800,"url":"https:\/\/old.epodex-industries.com\/wp-content\/uploads\/2023\/10\/wandfarbe-epodex-bunt.jpg","type":"image\/jpeg"}],"twitter_card":"summary_large_image","twitter_misc":{"Dur\u00e9e de lecture estim\u00e9e":"2 minutes"},"schema":{"@context":"https:\/\/schema.org","@graph":[{"@type":"WebPage","@id":"https:\/\/old.epodex-industries.com\/fr\/produit\/1k-wandfarbe-brilliant\/","url":"https:\/\/old.epodex-industries.com\/fr\/produit\/1k-wandfarbe-brilliant\/","name":"1K Wandfarbe - Brilliant - EPODEX Industries | B2B Plattform","isPartOf":{"@id":"https:\/\/old.epodex-industries.com\/fr\/#website"},"primaryImageOfPage":{"@id":"https:\/\/old.epodex-industries.com\/fr\/produit\/1k-wandfarbe-brilliant\/#primaryimage"},"image":{"@id":"https:\/\/old.epodex-industries.com\/fr\/produit\/1k-wandfarbe-brilliant\/#primaryimage"},"thumbnailUrl":"https:\/\/old.epodex-industries.com\/wp-content\/uploads\/2023\/10\/wandfarbe-epodex-bunt.jpg","datePublished":"2024-03-18T10:29:48+00:00","dateModified":"2025-01-07T10:07:45+00:00","breadcrumb":{"@id":"https:\/\/old.epodex-industries.com\/fr\/produit\/1k-wandfarbe-brilliant\/#breadcrumb"},"inLanguage":"fr-FR","potentialAction":[{"@type":"ReadAction","target":["https:\/\/old.epodex-industries.com\/fr\/produit\/1k-wandfarbe-brilliant\/"]}]},{"@type":"ImageObject","inLanguage":"fr-FR","@id":"https:\/\/old.epodex-industries.com\/fr\/produit\/1k-wandfarbe-brilliant\/#primaryimage","url":"https:\/\/old.epodex-industries.com\/wp-content\/uploads\/2023\/10\/wandfarbe-epodex-bunt.jpg","contentUrl":"https:\/\/old.epodex-industries.com\/wp-content\/uploads\/2023\/10\/wandfarbe-epodex-bunt.jpg","width":1200,"height":800},{"@type":"BreadcrumbList","@id":"https:\/\/old.epodex-industries.com\/fr\/produit\/1k-wandfarbe-brilliant\/#breadcrumb","itemListElement":[{"@type":"ListItem","position":1,"name":"Startseite","item":"https:\/\/old.epodex-industries.com\/fr\/"},{"@type":"ListItem","position":2,"name":"Shop","item":"https:\/\/old.epodex-industries.com\/fr\/shop\/"},{"@type":"ListItem","position":3,"name":"1K Wandfarbe &#8211; Brilliant"}]},{"@type":"WebSite","@id":"https:\/\/old.epodex-industries.com\/fr\/#website","url":"https:\/\/old.epodex-industries.com\/fr\/","name":"EPODEX Industries | B2B Plattform","description":"Hersteller + Gro\u00dfhandel f\u00fcr Baustoffe","publisher":{"@id":"https:\/\/old.epodex-industries.com\/fr\/#organization"},"alternateName":"EPODEX Industries | Hersteller + Gro\u00dfhandel f\u00fcr Baustoffe","potentialAction":[{"@type":"SearchAction","target":{"@type":"EntryPoint","urlTemplate":"https:\/\/old.epodex-industries.com\/fr\/?s={search_term_string}"},"query-input":{"@type":"PropertyValueSpecification","valueRequired":true,"valueName":"search_term_string"}}],"inLanguage":"fr-FR"},{"@type":"Organization","@id":"https:\/\/old.epodex-industries.com\/fr\/#organization","name":"EPODEX Industries","url":"https:\/\/old.epodex-industries.com\/fr\/","logo":{"@type":"ImageObject","inLanguage":"fr-FR","@id":"https:\/\/old.epodex-industries.com\/fr\/#\/schema\/logo\/image\/","url":"https:\/\/www.epodex-industries.com\/wp-content\/uploads\/2023\/06\/Logo-Epodex-Rechnung.jpg","contentUrl":"https:\/\/www.epodex-industries.com\/wp-content\/uploads\/2023\/06\/Logo-Epodex-Rechnung.jpg","width":261,"height":50,"caption":"EPODEX Industries"},"image":{"@id":"https:\/\/old.epodex-industries.com\/fr\/#\/schema\/logo\/image\/"},"sameAs":["https:\/\/www.facebook.com\/Epodex\/","https:\/\/www.instagram.com\/epodex_official\/","https:\/\/www.pinterest.de\/epodex_com\/","https:\/\/www.youtube.com\/channel\/UC7lFrJ9YpN1yg43sTc6q3ow"]}]}},"_links":{"self":[{"href":"https:\/\/old.epodex-industries.com\/fr\/wp-json\/wp\/v2\/product\/18203","targetHints":{"allow":["GET"]}}],"collection":[{"href":"https:\/\/old.epodex-industries.com\/fr\/wp-json\/wp\/v2\/product"}],"about":[{"href":"https:\/\/old.epodex-industries.com\/fr\/wp-json\/wp\/v2\/types\/product"}],"replies":[{"embeddable":true,"href":"https:\/\/old.epodex-industries.com\/fr\/wp-json\/wp\/v2\/comments?post=18203"}],"wp:featuredmedia":[{"embeddable":true,"href":"https:\/\/old.epodex-industries.com\/fr\/wp-json\/wp\/v2\/media\/8506"}],"wp:attachment":[{"href":"https:\/\/old.epodex-industries.com\/fr\/wp-json\/wp\/v2\/media?parent=18203"}],"wp:term":[{"taxonomy":"product_brand","embeddable":true,"href":"https:\/\/old.epodex-industries.com\/fr\/wp-json\/wp\/v2\/product_brand?post=18203"},{"taxonomy":"product_cat","embeddable":true,"href":"https:\/\/old.epodex-industries.com\/fr\/wp-json\/wp\/v2\/product_cat?post=18203"},{"taxonomy":"product_tag","embeddable":true,"href":"https:\/\/old.epodex-industries.com\/fr\/wp-json\/wp\/v2\/product_tag?post=18203"}],"curies":[{"name":"wp","href":"https:\/\/api.w.org\/{rel}","templated":true}]}}