{"id":18198,"date":"2024-03-18T11:29:33","date_gmt":"2024-03-18T10:29:33","guid":{"rendered":"https:\/\/www.epodex-industries.com\/produkt\/2k-betonfarbe-b-komponente\/"},"modified":"2025-01-07T11:07:56","modified_gmt":"2025-01-07T10:07:56","slug":"2k-betonfarbe-b-komponente","status":"publish","type":"product","link":"https:\/\/old.epodex-industries.com\/fr\/produit\/2k-betonfarbe-b-komponente\/","title":{"rendered":"2K Betonfarbe (-B- Komponente)"},"content":{"rendered":"<h2>EPODEX &#8211; CONCRETE PAINT 2K<\/h2>\n<p>CONCRETE PAINT 2K System wird als Oberfl\u00e4chensiegel und Oberfl\u00e4chenbeschichtung eingesetzt. Das System eignet sich f\u00fcr verschiedene Anwendungsbereiche im Innen-und \u00fcberdachten Au\u00dfenbereich.<\/p>\n<p>Nutzen Sie unser Produkt als:<\/p>\n<ul>\n<li>Bodenfarbe<\/li>\n<li>Bodensiegel<\/li>\n<li>Garagensiegel<\/li>\n<li>Betonfarbe<\/li>\n<li>Zementfarbe<\/li>\n<li>Estrichfarbe<\/li>\n<li>Putzfarbe<\/li>\n<li>Steinfarbe<\/li>\n<\/ul>\n<p><strong>Verbrauchsmengen:<\/strong> 200-250g\/m\u00b2 bei zwei Anstrichen. Bei stark saugf\u00e4higen Oberfl\u00e4chen empfehlen wir die Fl\u00e4che vorab zu grundieren (z.B. mit einem Tiefengrund), um ein Einsickern des Materials zu verhindern.<\/p>\n<hr \/>\n<h3>Anwendung<\/h3>\n<ol>\n<li>Raum-, Material- und Untergrundtemperatur sollten \u00fcber +15\u00b0C liegen.<\/li>\n<li>Der Untergrund muss fest, trocken, tragf\u00e4hig, sauber und frei von trennend wirkenden Substanzen sein.<\/li>\n<li>Vermengen Sie den Inhalt des Harzes (A) mit dem Inhalt des H\u00e4rters (B) im Mischungsverh\u00e4ltnis 5:1 (z.B. 5kg Harz: 1kg H\u00e4rter). Optional k\u00f6nnen Sie bis zu 20% Wasser in die Harz-H\u00e4rter Mischung hinzugeben, um das Material zu verd\u00fcnnen.<\/li>\n<li>Um das Epoxidharz einzuf\u00e4rben, geben Sie 5% der mitgelieferten WB PIGMENT Farbpaste in die Harz-H\u00e4rter-Mischung hinzu. (z.B. 300g Farbe bei 6kg CONCRETE PAINT 2K).<\/li>\n<li>F\u00fchren Sie den R\u00fchrstab durch Rand und Boden des Mischbeh\u00e4lters, da sich Material dort absetzt. F\u00fcllen Sie idealerweise die Mischung in ein sauberes Beh\u00e4ltnis um und mischen Sie erneut. So stellen Sie sicher, dass sich Harz (A) und H\u00e4rter (B) vollst\u00e4ndig miteinander vermischen.<\/li>\n<li>Gie\u00dfen Sie das Material nach dem Mischen in eine Farbwanne, da das Material im Eimer nachdickt.<\/li>\n<li>Rollen Sie das Material mit einer Schaumwalze d\u00fcnn auf die gew\u00fcnschte Oberfl\u00e4che. Wir empfehlen eine Schichtst\u00e4rke von 0,2-0,3mm je Arbeitsgang. Wir empfehlen ca. zwei Anstriche. Verarbeitungszeit\/Topfzeit bei 20\u00b0C: ca. 60 Minuten, bei 30\u00b0C: ca. 30 Minuten.<\/li>\n<li>Warten Sie mindestens 12-48 Stunden bevor Sie die zweite Schicht aufstreichen.<\/li>\n<li>Lassen Sie die Beschichtung f\u00fcr ca. 20 Stunden trocknen und aush\u00e4rten. Die Aush\u00e4rtungszeit kann je nach Temperatur von Raum-, Material und Untergrund variieren. Vollst\u00e4ndig belastbar nach 7 Tagen.<\/li>\n<\/ol>\n<hr \/>\n<p><strong>Kundenservice:<\/strong> Bei weiteren Fragen kontaktieren Sie uns telefonisch, per E-Mail oder nutzen Sie unseren WhatsApp-Support.<\/p>\n<p><strong>Hinweis:<\/strong> Wir bitten zu beachten, dass die Farben aufgrund unterschiedlicher Lichtverh\u00e4ltnisse und Monitore nicht einheitlich abgebildet werden k\u00f6nnten.<\/p>\n<hr \/>\n<h3>Inhaltsstoffe:<\/h3>\n<p><strong>A-Komponenten:<\/strong> Polymer Epoxidharz-Addukt; CAS-Nr.: 260549-92-6<\/p>\n<p><strong>B-Komponenten:<\/strong> Gefahr: 4,4\u00b4-Methylen Diphenyldiglycidylether p-Tert-Butylphenyl-1-(2,3-Epoxy)Propylether<\/p>\n<hr \/>\n<h3>Gefahren- und Sicherheitshinweise:<\/h3>\n<p><strong>A-Komponenten:<\/strong> Gefahr: Verursacht Hautreizungen. Verursacht schwere Augenreizung. Kann allergische Hautreaktionen verursachen. Giftig f\u00fcr Wasserorganismen, mit langfristiger Wirkung. Einatmen von Staub\/Rauch\/Gas\/Nebel\/Dampf\/Aerosol vermeiden. Freisetzung in die Umwelt vermeiden. Schutzhandschuhe \/ Augenschutz \/ Gesichtsschutz tragen. BEI KONTAKT MIT DEN AUGEN: Einige Minuten lang behutsam mit Wasser sp\u00fclen. Eventuell vorhandene Kontaktlinsen nach M\u00f6glichkeit entfernen. Weiter sp\u00fclen. Entsorgung des Inhalts \/ des Beh\u00e4lters gem\u00e4\u00df den \u00f6rtlichen \/ regionalen \/ nationalen\/ internationalen Vorschriften.<\/p>\n<p><strong>B-Komponenten:<\/strong> Gefahr: Gesundheitssch\u00e4dlich bei Einatmen, Verschlucken oder Hautkontakt. Verursacht schwere Ver\u00e4tzungen der Haut und schwere Augensch\u00e4den. Kann allergische Hautreaktionen verursachen. Sch\u00e4dlich\/Giftig f\u00fcr Wasserorganismen, mit langfristiger Wirkung. Freisetzung in die Umwelt vermeiden. Staub\/ Rauch\/ Gas\/ Nebel\/ Dampf\/ Aerosol nicht einatmen. Schutzhandschuhe\/ Schutzkleidung\/ Augenschutz\/ Gesichtsschutz tragen. BEI BER\u00dcHRUNG MIT DER HAUT (oder dem Haar): Alle kontaminierten Kleidungsst\u00fccke sofort ausziehen. Haut mit Wasser abwaschen\/duschen. BEI EINATMEN: Die Person an die frische Luft bringen und f\u00fcr ungehinderte Atmung sorgen. BEI KONTAKT MIT DEN AUGEN: Einige Minuten lang behutsam mit Wasser sp\u00fclen. Eventuell vorhandene Kontaktlinsen nach M\u00f6glichkeit entfernen. Weiter sp\u00fclen. Sofort GIFTINFORMATIONSZENTRUM\/Arzt anrufen. BEI VERSCHLUCKEN: Bei Unwohlsein GIFTINFORMATIONSZENTRUM\/Arzt anrufen. Unter Verschluss aufbewahren. Entsorgung des Inhalts\/ des Beh\u00e4lters gem\u00e4\u00df den \u00f6rtlichen\/ regionalen\/ nationalen\/ internationalen Vorschriften.<\/p>\n<p><img decoding=\"async\" src=\"https:\/\/www.epodex.com\/de\/wp-content\/uploads\/2019\/12\/hinweise.png\" \/><\/p>\n","protected":false},"excerpt":{"rendered":"<ul>\n<li>Premium 2K Betonfarbe (B-Komponente) zum Beschichten von stark beanspruchten Oberfl\u00e4chen wie Beton, Estrich, Holz und mehr<\/li>\n<li>Kompatibel mit 2K Betonfarbe Harz (A-Komponente)<\/li>\n<li>Mischungsverh\u00e4ltnis A+B: 5:1 (1,5kg A + 0,3kg B; 5kg A + 1kg B)<\/li>\n<li>Material: Epoxidharz (wasserbasiert) zum Aufrollen<\/li>\n<li>Eigenschaften: geruchlos, abriebfest, wasserfest, UV-stabilisiert, hochdeckend, l\u00f6semittelfrei<\/li>\n<li>Ausgangsform: unpigmentiert. Einf\u00e4rbbar mit EPODEX WB Pigment Farbt\u00f6nen<\/li>\n<li>Mischungsverh\u00e4ltnis Pigment auf A+B: 1x 100g WB Pigment auf 1,8kg A+B; 3x 100g WB Pigment auf 6kg A+B<\/li>\n<li>Topfzeit\/Verarbeitungszeit: 90 Min. bei 1kg und 20\u00b0C<\/li>\n<li>Aush\u00e4rtezeit: 16-24Std.<\/li>\n<li>Verbrauchsmenge: 120-150g\/m\u00b2 pro Anstrich<\/li>\n<\/ul>\n","protected":false},"featured_media":728,"comment_status":"closed","ping_status":"closed","template":"","meta":[],"product_brand":[],"product_cat":[482,535],"product_tag":[],"class_list":{"0":"post-18198","1":"product","2":"type-product","3":"status-publish","4":"has-post-thumbnail","6":"product_cat-produkte","7":"product_cat-farben-2","9":"first","10":"instock","11":"taxable","12":"shipping-taxable","13":"product-type-variable","14":"wvs-archive-product-wrapper"},"yoast_head":"<!-- This site is optimized with the Yoast SEO plugin v26.7 - https:\/\/yoast.com\/wordpress\/plugins\/seo\/ -->\n<title>2K Betonfarbe (-B- Komponente) - EPODEX Industries | B2B Plattform<\/title>\n<meta name=\"robots\" content=\"index, follow, max-snippet:-1, max-image-preview:large, max-video-preview:-1\" \/>\n<link rel=\"canonical\" href=\"https:\/\/old.epodex-industries.com\/de\/produkt\/2k-betonfarbe-b-komponente\/\" \/>\n<meta property=\"og:locale\" content=\"fr_FR\" \/>\n<meta property=\"og:type\" content=\"article\" \/>\n<meta property=\"og:title\" content=\"2K Betonfarbe (-B- Komponente) - EPODEX Industries | B2B Plattform\" \/>\n<meta property=\"og:description\" content=\"Premium 2K Betonfarbe (B-Komponente) zum Beschichten von stark beanspruchten Oberfl\u00e4chen wie Beton, Estrich, Holz und mehr Kompatibel mit 2K Betonfarbe Harz (A-Komponente) Mischungsverh\u00e4ltnis A+B: 5:1 (1,5kg A + 0,3kg B; 5kg A + 1kg B) Material: Epoxidharz (wasserbasiert) zum Aufrollen Eigenschaften: geruchlos, abriebfest, wasserfest, UV-stabilisiert, hochdeckend, l\u00f6semittelfrei Ausgangsform: unpigmentiert. Einf\u00e4rbbar mit EPODEX WB Pigment Farbt\u00f6nen Mischungsverh\u00e4ltnis Pigment auf A+B: 1x 100g WB Pigment auf 1,8kg A+B; 3x 100g WB Pigment auf 6kg A+B Topfzeit\/Verarbeitungszeit: 90 Min. bei 1kg und 20\u00b0C Aush\u00e4rtezeit: 16-24Std. Verbrauchsmenge: 120-150g\/m\u00b2 pro Anstrich\" \/>\n<meta property=\"og:url\" content=\"https:\/\/old.epodex-industries.com\/de\/produkt\/2k-betonfarbe-b-komponente\/\" \/>\n<meta property=\"og:site_name\" content=\"EPODEX Industries | B2B Plattform\" \/>\n<meta property=\"article:publisher\" content=\"https:\/\/www.facebook.com\/Epodex\/\" \/>\n<meta property=\"article:modified_time\" content=\"2025-01-07T10:07:56+00:00\" \/>\n<meta property=\"og:image\" content=\"https:\/\/old.epodex-industries.com\/wp-content\/uploads\/2023\/06\/concrete-paint-epodex-kaufen-1.jpg\" \/>\n\t<meta property=\"og:image:width\" content=\"1200\" \/>\n\t<meta property=\"og:image:height\" content=\"800\" \/>\n\t<meta property=\"og:image:type\" content=\"image\/jpeg\" \/>\n<meta name=\"twitter:card\" content=\"summary_large_image\" \/>\n<meta name=\"twitter:label1\" content=\"Dur\u00e9e de lecture estim\u00e9e\" \/>\n\t<meta name=\"twitter:data1\" content=\"3 minutes\" \/>\n<script type=\"application\/ld+json\" class=\"yoast-schema-graph\">{\"@context\":\"https:\/\/schema.org\",\"@graph\":[{\"@type\":\"WebPage\",\"@id\":\"https:\/\/old.epodex-industries.com\/de\/produkt\/2k-betonfarbe-b-komponente\/\",\"url\":\"https:\/\/old.epodex-industries.com\/de\/produkt\/2k-betonfarbe-b-komponente\/\",\"name\":\"2K Betonfarbe (-B- Komponente) - EPODEX Industries | B2B Plattform\",\"isPartOf\":{\"@id\":\"https:\/\/old.epodex-industries.com\/fr\/#website\"},\"primaryImageOfPage\":{\"@id\":\"https:\/\/old.epodex-industries.com\/de\/produkt\/2k-betonfarbe-b-komponente\/#primaryimage\"},\"image\":{\"@id\":\"https:\/\/old.epodex-industries.com\/de\/produkt\/2k-betonfarbe-b-komponente\/#primaryimage\"},\"thumbnailUrl\":\"https:\/\/old.epodex-industries.com\/wp-content\/uploads\/2023\/06\/concrete-paint-epodex-kaufen-1.jpg\",\"datePublished\":\"2024-03-18T10:29:33+00:00\",\"dateModified\":\"2025-01-07T10:07:56+00:00\",\"breadcrumb\":{\"@id\":\"https:\/\/old.epodex-industries.com\/de\/produkt\/2k-betonfarbe-b-komponente\/#breadcrumb\"},\"inLanguage\":\"fr-FR\",\"potentialAction\":[{\"@type\":\"ReadAction\",\"target\":[\"https:\/\/old.epodex-industries.com\/de\/produkt\/2k-betonfarbe-b-komponente\/\"]}]},{\"@type\":\"ImageObject\",\"inLanguage\":\"fr-FR\",\"@id\":\"https:\/\/old.epodex-industries.com\/de\/produkt\/2k-betonfarbe-b-komponente\/#primaryimage\",\"url\":\"https:\/\/old.epodex-industries.com\/wp-content\/uploads\/2023\/06\/concrete-paint-epodex-kaufen-1.jpg\",\"contentUrl\":\"https:\/\/old.epodex-industries.com\/wp-content\/uploads\/2023\/06\/concrete-paint-epodex-kaufen-1.jpg\",\"width\":1200,\"height\":800},{\"@type\":\"BreadcrumbList\",\"@id\":\"https:\/\/old.epodex-industries.com\/de\/produkt\/2k-betonfarbe-b-komponente\/#breadcrumb\",\"itemListElement\":[{\"@type\":\"ListItem\",\"position\":1,\"name\":\"Startseite\",\"item\":\"https:\/\/old.epodex-industries.com\/fr\/\"},{\"@type\":\"ListItem\",\"position\":2,\"name\":\"Shop\",\"item\":\"https:\/\/old.epodex-industries.com\/fr\/shop\/\"},{\"@type\":\"ListItem\",\"position\":3,\"name\":\"2K Betonfarbe (-B- Komponente)\"}]},{\"@type\":\"WebSite\",\"@id\":\"https:\/\/old.epodex-industries.com\/fr\/#website\",\"url\":\"https:\/\/old.epodex-industries.com\/fr\/\",\"name\":\"EPODEX Industries | B2B Plattform\",\"description\":\"Hersteller + Gro\u00dfhandel f\u00fcr Baustoffe\",\"publisher\":{\"@id\":\"https:\/\/old.epodex-industries.com\/fr\/#organization\"},\"alternateName\":\"EPODEX Industries | Hersteller + Gro\u00dfhandel f\u00fcr Baustoffe\",\"potentialAction\":[{\"@type\":\"SearchAction\",\"target\":{\"@type\":\"EntryPoint\",\"urlTemplate\":\"https:\/\/old.epodex-industries.com\/fr\/?s={search_term_string}\"},\"query-input\":{\"@type\":\"PropertyValueSpecification\",\"valueRequired\":true,\"valueName\":\"search_term_string\"}}],\"inLanguage\":\"fr-FR\"},{\"@type\":\"Organization\",\"@id\":\"https:\/\/old.epodex-industries.com\/fr\/#organization\",\"name\":\"EPODEX Industries\",\"url\":\"https:\/\/old.epodex-industries.com\/fr\/\",\"logo\":{\"@type\":\"ImageObject\",\"inLanguage\":\"fr-FR\",\"@id\":\"https:\/\/old.epodex-industries.com\/fr\/#\/schema\/logo\/image\/\",\"url\":\"https:\/\/www.epodex-industries.com\/wp-content\/uploads\/2023\/06\/Logo-Epodex-Rechnung.jpg\",\"contentUrl\":\"https:\/\/www.epodex-industries.com\/wp-content\/uploads\/2023\/06\/Logo-Epodex-Rechnung.jpg\",\"width\":261,\"height\":50,\"caption\":\"EPODEX Industries\"},\"image\":{\"@id\":\"https:\/\/old.epodex-industries.com\/fr\/#\/schema\/logo\/image\/\"},\"sameAs\":[\"https:\/\/www.facebook.com\/Epodex\/\",\"https:\/\/www.instagram.com\/epodex_official\/\",\"https:\/\/www.pinterest.de\/epodex_com\/\",\"https:\/\/www.youtube.com\/channel\/UC7lFrJ9YpN1yg43sTc6q3ow\"]}]}<\/script>\n<!-- \/ Yoast SEO plugin. -->","yoast_head_json":{"title":"2K Betonfarbe (-B- Komponente) - EPODEX Industries | B2B Plattform","robots":{"index":"index","follow":"follow","max-snippet":"max-snippet:-1","max-image-preview":"max-image-preview:large","max-video-preview":"max-video-preview:-1"},"canonical":"https:\/\/old.epodex-industries.com\/de\/produkt\/2k-betonfarbe-b-komponente\/","og_locale":"fr_FR","og_type":"article","og_title":"2K Betonfarbe (-B- Komponente) - EPODEX Industries | B2B Plattform","og_description":"Premium 2K Betonfarbe (B-Komponente) zum Beschichten von stark beanspruchten Oberfl\u00e4chen wie Beton, Estrich, Holz und mehr Kompatibel mit 2K Betonfarbe Harz (A-Komponente) Mischungsverh\u00e4ltnis A+B: 5:1 (1,5kg A + 0,3kg B; 5kg A + 1kg B) Material: Epoxidharz (wasserbasiert) zum Aufrollen Eigenschaften: geruchlos, abriebfest, wasserfest, UV-stabilisiert, hochdeckend, l\u00f6semittelfrei Ausgangsform: unpigmentiert. Einf\u00e4rbbar mit EPODEX WB Pigment Farbt\u00f6nen Mischungsverh\u00e4ltnis Pigment auf A+B: 1x 100g WB Pigment auf 1,8kg A+B; 3x 100g WB Pigment auf 6kg A+B Topfzeit\/Verarbeitungszeit: 90 Min. bei 1kg und 20\u00b0C Aush\u00e4rtezeit: 16-24Std. Verbrauchsmenge: 120-150g\/m\u00b2 pro Anstrich","og_url":"https:\/\/old.epodex-industries.com\/de\/produkt\/2k-betonfarbe-b-komponente\/","og_site_name":"EPODEX Industries | B2B Plattform","article_publisher":"https:\/\/www.facebook.com\/Epodex\/","article_modified_time":"2025-01-07T10:07:56+00:00","og_image":[{"width":1200,"height":800,"url":"https:\/\/old.epodex-industries.com\/wp-content\/uploads\/2023\/06\/concrete-paint-epodex-kaufen-1.jpg","type":"image\/jpeg"}],"twitter_card":"summary_large_image","twitter_misc":{"Dur\u00e9e de lecture estim\u00e9e":"3 minutes"},"schema":{"@context":"https:\/\/schema.org","@graph":[{"@type":"WebPage","@id":"https:\/\/old.epodex-industries.com\/de\/produkt\/2k-betonfarbe-b-komponente\/","url":"https:\/\/old.epodex-industries.com\/de\/produkt\/2k-betonfarbe-b-komponente\/","name":"2K Betonfarbe (-B- Komponente) - EPODEX Industries | B2B Plattform","isPartOf":{"@id":"https:\/\/old.epodex-industries.com\/fr\/#website"},"primaryImageOfPage":{"@id":"https:\/\/old.epodex-industries.com\/de\/produkt\/2k-betonfarbe-b-komponente\/#primaryimage"},"image":{"@id":"https:\/\/old.epodex-industries.com\/de\/produkt\/2k-betonfarbe-b-komponente\/#primaryimage"},"thumbnailUrl":"https:\/\/old.epodex-industries.com\/wp-content\/uploads\/2023\/06\/concrete-paint-epodex-kaufen-1.jpg","datePublished":"2024-03-18T10:29:33+00:00","dateModified":"2025-01-07T10:07:56+00:00","breadcrumb":{"@id":"https:\/\/old.epodex-industries.com\/de\/produkt\/2k-betonfarbe-b-komponente\/#breadcrumb"},"inLanguage":"fr-FR","potentialAction":[{"@type":"ReadAction","target":["https:\/\/old.epodex-industries.com\/de\/produkt\/2k-betonfarbe-b-komponente\/"]}]},{"@type":"ImageObject","inLanguage":"fr-FR","@id":"https:\/\/old.epodex-industries.com\/de\/produkt\/2k-betonfarbe-b-komponente\/#primaryimage","url":"https:\/\/old.epodex-industries.com\/wp-content\/uploads\/2023\/06\/concrete-paint-epodex-kaufen-1.jpg","contentUrl":"https:\/\/old.epodex-industries.com\/wp-content\/uploads\/2023\/06\/concrete-paint-epodex-kaufen-1.jpg","width":1200,"height":800},{"@type":"BreadcrumbList","@id":"https:\/\/old.epodex-industries.com\/de\/produkt\/2k-betonfarbe-b-komponente\/#breadcrumb","itemListElement":[{"@type":"ListItem","position":1,"name":"Startseite","item":"https:\/\/old.epodex-industries.com\/fr\/"},{"@type":"ListItem","position":2,"name":"Shop","item":"https:\/\/old.epodex-industries.com\/fr\/shop\/"},{"@type":"ListItem","position":3,"name":"2K Betonfarbe (-B- Komponente)"}]},{"@type":"WebSite","@id":"https:\/\/old.epodex-industries.com\/fr\/#website","url":"https:\/\/old.epodex-industries.com\/fr\/","name":"EPODEX Industries | B2B Plattform","description":"Hersteller + Gro\u00dfhandel f\u00fcr Baustoffe","publisher":{"@id":"https:\/\/old.epodex-industries.com\/fr\/#organization"},"alternateName":"EPODEX Industries | Hersteller + Gro\u00dfhandel f\u00fcr Baustoffe","potentialAction":[{"@type":"SearchAction","target":{"@type":"EntryPoint","urlTemplate":"https:\/\/old.epodex-industries.com\/fr\/?s={search_term_string}"},"query-input":{"@type":"PropertyValueSpecification","valueRequired":true,"valueName":"search_term_string"}}],"inLanguage":"fr-FR"},{"@type":"Organization","@id":"https:\/\/old.epodex-industries.com\/fr\/#organization","name":"EPODEX Industries","url":"https:\/\/old.epodex-industries.com\/fr\/","logo":{"@type":"ImageObject","inLanguage":"fr-FR","@id":"https:\/\/old.epodex-industries.com\/fr\/#\/schema\/logo\/image\/","url":"https:\/\/www.epodex-industries.com\/wp-content\/uploads\/2023\/06\/Logo-Epodex-Rechnung.jpg","contentUrl":"https:\/\/www.epodex-industries.com\/wp-content\/uploads\/2023\/06\/Logo-Epodex-Rechnung.jpg","width":261,"height":50,"caption":"EPODEX Industries"},"image":{"@id":"https:\/\/old.epodex-industries.com\/fr\/#\/schema\/logo\/image\/"},"sameAs":["https:\/\/www.facebook.com\/Epodex\/","https:\/\/www.instagram.com\/epodex_official\/","https:\/\/www.pinterest.de\/epodex_com\/","https:\/\/www.youtube.com\/channel\/UC7lFrJ9YpN1yg43sTc6q3ow"]}]}},"_links":{"self":[{"href":"https:\/\/old.epodex-industries.com\/fr\/wp-json\/wp\/v2\/product\/18198","targetHints":{"allow":["GET"]}}],"collection":[{"href":"https:\/\/old.epodex-industries.com\/fr\/wp-json\/wp\/v2\/product"}],"about":[{"href":"https:\/\/old.epodex-industries.com\/fr\/wp-json\/wp\/v2\/types\/product"}],"replies":[{"embeddable":true,"href":"https:\/\/old.epodex-industries.com\/fr\/wp-json\/wp\/v2\/comments?post=18198"}],"wp:featuredmedia":[{"embeddable":true,"href":"https:\/\/old.epodex-industries.com\/fr\/wp-json\/wp\/v2\/media\/728"}],"wp:attachment":[{"href":"https:\/\/old.epodex-industries.com\/fr\/wp-json\/wp\/v2\/media?parent=18198"}],"wp:term":[{"taxonomy":"product_brand","embeddable":true,"href":"https:\/\/old.epodex-industries.com\/fr\/wp-json\/wp\/v2\/product_brand?post=18198"},{"taxonomy":"product_cat","embeddable":true,"href":"https:\/\/old.epodex-industries.com\/fr\/wp-json\/wp\/v2\/product_cat?post=18198"},{"taxonomy":"product_tag","embeddable":true,"href":"https:\/\/old.epodex-industries.com\/fr\/wp-json\/wp\/v2\/product_tag?post=18198"}],"curies":[{"name":"wp","href":"https:\/\/api.w.org\/{rel}","templated":true}]}}