{"id":18188,"date":"2024-03-18T11:29:33","date_gmt":"2024-03-18T10:29:33","guid":{"rendered":"https:\/\/www.epodex-industries.com\/produkt\/2k-epoxidhaerter-eco-max-b-komponente\/"},"modified":"2025-01-09T13:34:52","modified_gmt":"2025-01-09T12:34:52","slug":"2k-epoxidhaerter-eco-max-b-komponente","status":"publish","type":"product","link":"https:\/\/old.epodex-industries.com\/fr\/produit\/2k-epoxidhaerter-eco-max-b-komponente\/","title":{"rendered":"2K Epoxidh\u00e4rter ECO MAX (-B- Komponente)"},"content":{"rendered":"<h2>EPODEX &#8211; ECO MAX System (Harz+H\u00e4rter)<\/h2>\n<p>Das ECO MAX Epoxidharz-System eignet sich f\u00fcr die verschiedensten Anwendungsbereiche. Es ist unser Premium Gie\u00dfharzsystem, dass f\u00fcr die Produktion von River-Tischen und anderen gr\u00f6\u00dferen Gegenst\u00e4nden konzipiert wurde. Das System ist mit all unseren Epoxidharz Farben mischbar.<\/strong><\/p>\n<hr \/>\n<h3>Anleitung zur Anwendung<\/h3>\n<ol>\n<li>Beginnen Sie stets mit einer Epoxidharz-Grundierung, um hohen Materialverlust und Bl\u00e4schenbildung zu vermeiden (Schichtdicke: 0,2-0,5mm). Hierzu verwenden Sie einfach einen Teil desselben klaren Epoxidharzes. Vermengen Sie den Inhalt des Harzes (A) mit dem Inhalt des H\u00e4rters (B) im Mischungsverh\u00e4ltnis 2:1 nach Gewicht (z.B. 2kg Harz: 1kg H\u00e4rter).<\/li>\n<li>F\u00fchren Sie den R\u00fchrstab durch Rand und Boden des Mischbeh\u00e4lters, da sich Material dort absetzt. F\u00fcllen Sie idealerweise die Mischung in ein sauberes Beh\u00e4ltnis um und mischen Sie erneut. So stellen Sie sicher, dass sich Harz (A) und H\u00e4rter (B) vollst\u00e4ndig miteinander vermischen.<\/li>\n<li>Gie\u00dfen Sie das Material <strong><u>unmittelbar<\/u><\/strong> nach dem Mischen auf die zu beschichtende Oberfl\u00e4che, da das Produkt je nach System und Materialmenge im Mischungsbeh\u00e4ltnis aufkochen kann.<\/li>\n<li>Streichen Sie die Epoxidharz-Grundierung mit einer Schaumwalze oder einem Pinsel auf die gew\u00fcnschte Oberfl\u00e4che. Lassen Sie die Grundierung aush\u00e4rten. <\/li>\n<li>Fahren Sie mit der Hauptbeschichtung gleicherma\u00dfen fort. Die Verarbeitungszeiten, Gie\u00dfh\u00f6hen und Aush\u00e4rtungszeiten variieren in Abh\u00e4ngigkeit des ausgew\u00e4hlten Epoxidharz-Systems und der Anwendung. Genauere Angaben entnehmen Sie bitte unserer Informationstabelle unter dem Info-Button \u201eMehr erfahren\u201c auf dieser Produktseite.<\/li>\n<\/ol>\n<p><strong>Info: <\/strong>Epoxidharz ist w\u00e4hrend der Aush\u00e4rtungszeit empfindlich gegen\u00fcber jeglicher Art von Feuchtigkeit (Gefahr: Entstehung von Carbamaten, d.h. weisse Flecken in der Oberschicht). Aus diesem Grund empfehlen wir das Epoxidharz bis zur vollst\u00e4ndigen chemischen Aush\u00e4rtung (mind. 7 Tage) nicht mit Wasser in Verbindung zu bringen. Bei d\u00fcnnen Schichten, kalten Temperaturen (Umgebungs-, Untergrund- und Harztemperatur unter 20\u00b0C) und erh\u00f6hter Feuchtigkeit kann sich der Zeitraum verl\u00e4ngern, bis das Epoxidharz vollst\u00e4ndig ausgeh\u00e4rtet ist.<\/p>\n<hr \/>\n<h3>Verbrauchsmengen<\/h3>\n<p>Ermitteln Sie die ben\u00f6tigte Menge mit Hilfe unseres Epoxidharz-Mengenrechners auf dieser Produktseite.<\/p>\n<p><strong>Empfohlene Schichtst\u00e4rken bei der Beschichtung von B\u00f6den und anderen Oberfl\u00e4chen<\/strong><\/p>\n<ul>\n<li>Gesamtbeschichtung (Grundierung + Hauptbeschichtung): ca. 1,65-2,2kg\/m\u00b2 bei Schichtdicken von 1,5-2mm<\/li>\n<li>Grundierung: ca. 0,22-0,55kg\/m\u00b2 bei Schichtdicke von 0,2-0,5mm<\/li>\n<li>Hauptschicht: ca. 1,1-1,65kg\/m\u00b2 bei Schichtdicken von 1,1-1,5mm<\/li>\n<\/ul>\n<p><strong>Empfehlung Farbmenge f\u00fcr 1kg Harz+H\u00e4rter:<\/strong><\/p>\n<ul>\n<li>Farbpigmente (Metallic, Neon und Glow in the dark): ca. 1,5% (15g),<\/li>\n<li>Transparente Farben (au\u00dfer Wei\u00df, Schwarz und Grau): 60 Tropfen (1,8g),<\/li>\n<li>Transparent Wei\u00dfe, Schwarze und Graue Farben: 20 Tropfen Farbstoff (0,6g),<\/li>\n<li>Semi-Transparente Farben (au\u00dfer Wei\u00df): 40 Tropfen (1,2g) farbiger Farbstoff und 20 Tropfen (0,6g) wei\u00dfer Farbstoff,<\/li>\n<li>Semi-Transparente Wei\u00df: 60 Tropfen wei\u00dfer Farbstoff (1,8g),<\/li>\n<li>RAL Farben: 1% (10g),<\/li>\n<li>Glitterpigmente: ca. 1% (10g)<\/li>\n<\/ul>\n<hr \/>\n<p><strong>Kundenservice:<\/strong> Bei weiteren Fragen kontaktieren Sie uns telefonisch, per E-Mail oder nutzen Sie unseren WhatsApp-Support.<\/p>\n<p><strong>Hinweis:<\/strong> Wir bitten zu beachten, dass die Farben aufgrund unterschiedlicher Lichtverh\u00e4ltnisse und Monitore nicht einheitlich abgebildet werden k\u00f6nnten.<\/p>\n<hr \/>\n<h3>Inhaltsstoffe<\/h3>\n<p><strong>A-Komponente<\/strong> Achtung: 2,2&prime;-[(1-methylethylidene)bis(4,1-phenyleneoxymethylene)]bisoxirane Reaction mass of 2,2\u2019-[methylenebis(4,1-phenyleneoxymethylene)]dioxirane and [2-({ 2-[4-(oxiran-2ylmethoxy)benzyl]phenoxy} methyl)oxirane and [2,2\u2019-[methylenebis(2,1-phenyleneoxymethylene)]dioxirane Oxirane, mono((C12-14-alkyloxy)methyl)derivs.<\/p>\n<p><strong>B-Komponente<\/strong> Gefahr: Reaktionsprodukt: Polyoxyalkyleneamin.<\/p>\n<hr \/>\n<h3>Gefahrenhinweise<\/h3>\n<p><strong>A-Komponente<\/strong> Gefahr: Verursacht Hautreizungen. Verursacht schwere Augenreizung. Kann allergische Hautreaktionen verursachen. Giftig f\u00fcr Wasserorganismen, mit langfristiger Wirkung. Einatmen von Staub\/Rauch\/Gas\/Nebel\/Dampf\/Aerosol vermeiden. Freisetzung in die Umwelt vermeiden. Schutzhandschuhe \/ Augenschutz \/ Gesichtsschutz tragen. BEI KONTAKT MIT DEN AUGEN: Einige Minuten lang behutsam mit Wasser sp\u00fclen. Eventuell vorhandene Kontaktlinsen nach M\u00f6glichkeit entfernen. Weiter sp\u00fclen. Entsorgung des Inhalts \/ des Beh\u00e4lters gem\u00e4\u00df den \u00f6rtlichen \/ regionalen \/ nationalen\/ internationalen Vorschriften.<\/p>\n<p><strong>B-Komponente<\/strong> Gefahr: Gesundheitssch\u00e4dlich bei Einatmen, Verschlucken oder Hautkontakt. Verursacht schwere Ver\u00e4tzungen der Haut und schwere Augensch\u00e4den. Kann allergische Hautreaktionen verursachen. Sch\u00e4dlich\/Giftig f\u00fcr Wasserorganismen, mit langfristiger Wirkung. Freisetzung in die Umwelt vermeiden. Staub\/ Rauch\/ Gas\/ Nebel\/ Dampf\/ Aerosol nicht einatmen. Schutzhandschuhe\/ Schutzkleidung\/ Augenschutz\/ Gesichtsschutz tragen. BEI BER\u00dcHRUNG MIT DER HAUT (oder dem Haar): Alle kontaminierten Kleidungsst\u00fccke sofort ausziehen. Haut mit Wasser abwaschen\/duschen. BEI EINATMEN: Die Person an die frische Luft bringen und f\u00fcr ungehinderte Atmung sorgen. BEI KONTAKT MIT DEN AUGEN: Einige Minuten lang behutsam mit Wasser sp\u00fclen. Eventuell vorhandene Kontaktlinsen nach M\u00f6glichkeit entfernen. Weiter sp\u00fclen. Sofort GIFTINFORMATIONSZENTRUM\/Arzt anrufen. BEI VERSCHLUCKEN: Bei Unwohlsein GIFTINFORMATIONSZENTRUM\/Arzt anrufen. Unter Verschluss aufbewahren. Entsorgung des Inhalts\/ des Beh\u00e4lters gem\u00e4\u00df den \u00f6rtlichen\/ regionalen\/ nationalen\/ internationalen Vorschriften.<\/p>\n<p><img decoding=\"async\" src=\"https:\/\/www.epodex.com\/de\/wp-content\/uploads\/2019\/12\/hinweise.png\" \/><\/p>\n","protected":false},"excerpt":{"rendered":"<ul>\n<li>Ideal f\u00fcr den Bau von River-Tischen, Handwerk und Verg\u00fcsse bis 10cm (Bei kleineren Gie\u00dfformen sind H\u00f6hen bis zu 50cm m\u00f6glich)<\/li>\n<li>Kompatibel mit dem Epoxidharz\u00a0-A- ECO<\/li>\n<li>Mischverh\u00e4ltnis zwischen Harz und H\u00e4rter: 2:1 (z.B. 1kg A : 0,5kg B)<\/li>\n<li>Verwendbar auf allen Oberfl\u00e4chen wie Holz, Beton, Glas und mehr<\/li>\n<li>Arbeitszeit: ca. 8Std., Aush\u00e4rtezeit: 72-96Std<\/li>\n<li>Topfzeit: 8Std. bei 10kg und 20\u00b0C<\/li>\n<li>Ausgangsform: unpigmentiert\/glasklar. Einf\u00e4rbbar mit EPODEX Epoxidharz Farbstoffen und Pigmenten<\/li>\n<\/ul>\n","protected":false},"featured_media":4691,"comment_status":"closed","ping_status":"closed","template":"","meta":[],"product_brand":[],"product_cat":[482,534],"product_tag":[],"class_list":{"0":"post-18188","1":"product","2":"type-product","3":"status-publish","4":"has-post-thumbnail","6":"product_cat-produkte","7":"product_cat-epoxidharz","9":"first","10":"instock","11":"taxable","12":"shipping-taxable","13":"product-type-variable","14":"wvs-archive-product-wrapper"},"yoast_head":"<!-- This site is optimized with the Yoast SEO plugin v26.7 - https:\/\/yoast.com\/wordpress\/plugins\/seo\/ -->\n<title>2K Epoxidh\u00e4rter ECO MAX (-B- Komponente) - EPODEX Industries | B2B Plattform<\/title>\n<meta name=\"robots\" content=\"index, follow, max-snippet:-1, max-image-preview:large, max-video-preview:-1\" \/>\n<link rel=\"canonical\" href=\"https:\/\/old.epodex-industries.com\/de\/produkt\/2k-epoxidhaerter-eco-max-b-komponente\/\" \/>\n<meta property=\"og:locale\" content=\"fr_FR\" \/>\n<meta property=\"og:type\" content=\"article\" \/>\n<meta property=\"og:title\" content=\"2K Epoxidh\u00e4rter ECO MAX (-B- Komponente) - EPODEX Industries | B2B Plattform\" \/>\n<meta property=\"og:description\" content=\"Ideal f\u00fcr den Bau von River-Tischen, Handwerk und Verg\u00fcsse bis 10cm (Bei kleineren Gie\u00dfformen sind H\u00f6hen bis zu 50cm m\u00f6glich) Kompatibel mit dem Epoxidharz\u00a0-A- ECO Mischverh\u00e4ltnis zwischen Harz und H\u00e4rter: 2:1 (z.B. 1kg A : 0,5kg B) Verwendbar auf allen Oberfl\u00e4chen wie Holz, Beton, Glas und mehr Arbeitszeit: ca. 8Std., Aush\u00e4rtezeit: 72-96Std Topfzeit: 8Std. bei 10kg und 20\u00b0C Ausgangsform: unpigmentiert\/glasklar. Einf\u00e4rbbar mit EPODEX Epoxidharz Farbstoffen und Pigmenten\" \/>\n<meta property=\"og:url\" content=\"https:\/\/old.epodex-industries.com\/de\/produkt\/2k-epoxidhaerter-eco-max-b-komponente\/\" \/>\n<meta property=\"og:site_name\" content=\"EPODEX Industries | B2B Plattform\" \/>\n<meta property=\"article:publisher\" content=\"https:\/\/www.facebook.com\/Epodex\/\" \/>\n<meta property=\"article:modified_time\" content=\"2025-01-09T12:34:52+00:00\" \/>\n<meta property=\"og:image\" content=\"https:\/\/old.epodex-industries.com\/wp-content\/uploads\/2023\/09\/epoxy-haerter-eco-max-kaufen.jpg.jpg\" \/>\n\t<meta property=\"og:image:width\" content=\"1200\" \/>\n\t<meta property=\"og:image:height\" content=\"800\" \/>\n\t<meta property=\"og:image:type\" content=\"image\/jpeg\" \/>\n<meta name=\"twitter:card\" content=\"summary_large_image\" \/>\n<meta name=\"twitter:label1\" content=\"Dur\u00e9e de lecture estim\u00e9e\" \/>\n\t<meta name=\"twitter:data1\" content=\"4 minutes\" \/>\n<script type=\"application\/ld+json\" class=\"yoast-schema-graph\">{\"@context\":\"https:\/\/schema.org\",\"@graph\":[{\"@type\":\"WebPage\",\"@id\":\"https:\/\/old.epodex-industries.com\/de\/produkt\/2k-epoxidhaerter-eco-max-b-komponente\/\",\"url\":\"https:\/\/old.epodex-industries.com\/de\/produkt\/2k-epoxidhaerter-eco-max-b-komponente\/\",\"name\":\"2K Epoxidh\u00e4rter ECO MAX (-B- Komponente) - EPODEX Industries | B2B Plattform\",\"isPartOf\":{\"@id\":\"https:\/\/old.epodex-industries.com\/fr\/#website\"},\"primaryImageOfPage\":{\"@id\":\"https:\/\/old.epodex-industries.com\/de\/produkt\/2k-epoxidhaerter-eco-max-b-komponente\/#primaryimage\"},\"image\":{\"@id\":\"https:\/\/old.epodex-industries.com\/de\/produkt\/2k-epoxidhaerter-eco-max-b-komponente\/#primaryimage\"},\"thumbnailUrl\":\"https:\/\/old.epodex-industries.com\/wp-content\/uploads\/2023\/09\/epoxy-haerter-eco-max-kaufen.jpg.jpg\",\"datePublished\":\"2024-03-18T10:29:33+00:00\",\"dateModified\":\"2025-01-09T12:34:52+00:00\",\"breadcrumb\":{\"@id\":\"https:\/\/old.epodex-industries.com\/de\/produkt\/2k-epoxidhaerter-eco-max-b-komponente\/#breadcrumb\"},\"inLanguage\":\"fr-FR\",\"potentialAction\":[{\"@type\":\"ReadAction\",\"target\":[\"https:\/\/old.epodex-industries.com\/de\/produkt\/2k-epoxidhaerter-eco-max-b-komponente\/\"]}]},{\"@type\":\"ImageObject\",\"inLanguage\":\"fr-FR\",\"@id\":\"https:\/\/old.epodex-industries.com\/de\/produkt\/2k-epoxidhaerter-eco-max-b-komponente\/#primaryimage\",\"url\":\"https:\/\/old.epodex-industries.com\/wp-content\/uploads\/2023\/09\/epoxy-haerter-eco-max-kaufen.jpg.jpg\",\"contentUrl\":\"https:\/\/old.epodex-industries.com\/wp-content\/uploads\/2023\/09\/epoxy-haerter-eco-max-kaufen.jpg.jpg\",\"width\":1200,\"height\":800,\"caption\":\"epoxy haerter eco max kaufen\"},{\"@type\":\"BreadcrumbList\",\"@id\":\"https:\/\/old.epodex-industries.com\/de\/produkt\/2k-epoxidhaerter-eco-max-b-komponente\/#breadcrumb\",\"itemListElement\":[{\"@type\":\"ListItem\",\"position\":1,\"name\":\"Startseite\",\"item\":\"https:\/\/old.epodex-industries.com\/fr\/\"},{\"@type\":\"ListItem\",\"position\":2,\"name\":\"Shop\",\"item\":\"https:\/\/old.epodex-industries.com\/fr\/shop\/\"},{\"@type\":\"ListItem\",\"position\":3,\"name\":\"2K Epoxidh\u00e4rter ECO MAX (-B- Komponente)\"}]},{\"@type\":\"WebSite\",\"@id\":\"https:\/\/old.epodex-industries.com\/fr\/#website\",\"url\":\"https:\/\/old.epodex-industries.com\/fr\/\",\"name\":\"EPODEX Industries | B2B Plattform\",\"description\":\"Hersteller + Gro\u00dfhandel f\u00fcr Baustoffe\",\"publisher\":{\"@id\":\"https:\/\/old.epodex-industries.com\/fr\/#organization\"},\"alternateName\":\"EPODEX Industries | Hersteller + Gro\u00dfhandel f\u00fcr Baustoffe\",\"potentialAction\":[{\"@type\":\"SearchAction\",\"target\":{\"@type\":\"EntryPoint\",\"urlTemplate\":\"https:\/\/old.epodex-industries.com\/fr\/?s={search_term_string}\"},\"query-input\":{\"@type\":\"PropertyValueSpecification\",\"valueRequired\":true,\"valueName\":\"search_term_string\"}}],\"inLanguage\":\"fr-FR\"},{\"@type\":\"Organization\",\"@id\":\"https:\/\/old.epodex-industries.com\/fr\/#organization\",\"name\":\"EPODEX Industries\",\"url\":\"https:\/\/old.epodex-industries.com\/fr\/\",\"logo\":{\"@type\":\"ImageObject\",\"inLanguage\":\"fr-FR\",\"@id\":\"https:\/\/old.epodex-industries.com\/fr\/#\/schema\/logo\/image\/\",\"url\":\"https:\/\/www.epodex-industries.com\/wp-content\/uploads\/2023\/06\/Logo-Epodex-Rechnung.jpg\",\"contentUrl\":\"https:\/\/www.epodex-industries.com\/wp-content\/uploads\/2023\/06\/Logo-Epodex-Rechnung.jpg\",\"width\":261,\"height\":50,\"caption\":\"EPODEX Industries\"},\"image\":{\"@id\":\"https:\/\/old.epodex-industries.com\/fr\/#\/schema\/logo\/image\/\"},\"sameAs\":[\"https:\/\/www.facebook.com\/Epodex\/\",\"https:\/\/www.instagram.com\/epodex_official\/\",\"https:\/\/www.pinterest.de\/epodex_com\/\",\"https:\/\/www.youtube.com\/channel\/UC7lFrJ9YpN1yg43sTc6q3ow\"]}]}<\/script>\n<!-- \/ Yoast SEO plugin. -->","yoast_head_json":{"title":"2K Epoxidh\u00e4rter ECO MAX (-B- Komponente) - EPODEX Industries | B2B Plattform","robots":{"index":"index","follow":"follow","max-snippet":"max-snippet:-1","max-image-preview":"max-image-preview:large","max-video-preview":"max-video-preview:-1"},"canonical":"https:\/\/old.epodex-industries.com\/de\/produkt\/2k-epoxidhaerter-eco-max-b-komponente\/","og_locale":"fr_FR","og_type":"article","og_title":"2K Epoxidh\u00e4rter ECO MAX (-B- Komponente) - EPODEX Industries | B2B Plattform","og_description":"Ideal f\u00fcr den Bau von River-Tischen, Handwerk und Verg\u00fcsse bis 10cm (Bei kleineren Gie\u00dfformen sind H\u00f6hen bis zu 50cm m\u00f6glich) Kompatibel mit dem Epoxidharz\u00a0-A- ECO Mischverh\u00e4ltnis zwischen Harz und H\u00e4rter: 2:1 (z.B. 1kg A : 0,5kg B) Verwendbar auf allen Oberfl\u00e4chen wie Holz, Beton, Glas und mehr Arbeitszeit: ca. 8Std., Aush\u00e4rtezeit: 72-96Std Topfzeit: 8Std. bei 10kg und 20\u00b0C Ausgangsform: unpigmentiert\/glasklar. Einf\u00e4rbbar mit EPODEX Epoxidharz Farbstoffen und Pigmenten","og_url":"https:\/\/old.epodex-industries.com\/de\/produkt\/2k-epoxidhaerter-eco-max-b-komponente\/","og_site_name":"EPODEX Industries | B2B Plattform","article_publisher":"https:\/\/www.facebook.com\/Epodex\/","article_modified_time":"2025-01-09T12:34:52+00:00","og_image":[{"width":1200,"height":800,"url":"https:\/\/old.epodex-industries.com\/wp-content\/uploads\/2023\/09\/epoxy-haerter-eco-max-kaufen.jpg.jpg","type":"image\/jpeg"}],"twitter_card":"summary_large_image","twitter_misc":{"Dur\u00e9e de lecture estim\u00e9e":"4 minutes"},"schema":{"@context":"https:\/\/schema.org","@graph":[{"@type":"WebPage","@id":"https:\/\/old.epodex-industries.com\/de\/produkt\/2k-epoxidhaerter-eco-max-b-komponente\/","url":"https:\/\/old.epodex-industries.com\/de\/produkt\/2k-epoxidhaerter-eco-max-b-komponente\/","name":"2K Epoxidh\u00e4rter ECO MAX (-B- Komponente) - EPODEX Industries | B2B Plattform","isPartOf":{"@id":"https:\/\/old.epodex-industries.com\/fr\/#website"},"primaryImageOfPage":{"@id":"https:\/\/old.epodex-industries.com\/de\/produkt\/2k-epoxidhaerter-eco-max-b-komponente\/#primaryimage"},"image":{"@id":"https:\/\/old.epodex-industries.com\/de\/produkt\/2k-epoxidhaerter-eco-max-b-komponente\/#primaryimage"},"thumbnailUrl":"https:\/\/old.epodex-industries.com\/wp-content\/uploads\/2023\/09\/epoxy-haerter-eco-max-kaufen.jpg.jpg","datePublished":"2024-03-18T10:29:33+00:00","dateModified":"2025-01-09T12:34:52+00:00","breadcrumb":{"@id":"https:\/\/old.epodex-industries.com\/de\/produkt\/2k-epoxidhaerter-eco-max-b-komponente\/#breadcrumb"},"inLanguage":"fr-FR","potentialAction":[{"@type":"ReadAction","target":["https:\/\/old.epodex-industries.com\/de\/produkt\/2k-epoxidhaerter-eco-max-b-komponente\/"]}]},{"@type":"ImageObject","inLanguage":"fr-FR","@id":"https:\/\/old.epodex-industries.com\/de\/produkt\/2k-epoxidhaerter-eco-max-b-komponente\/#primaryimage","url":"https:\/\/old.epodex-industries.com\/wp-content\/uploads\/2023\/09\/epoxy-haerter-eco-max-kaufen.jpg.jpg","contentUrl":"https:\/\/old.epodex-industries.com\/wp-content\/uploads\/2023\/09\/epoxy-haerter-eco-max-kaufen.jpg.jpg","width":1200,"height":800,"caption":"epoxy haerter eco max kaufen"},{"@type":"BreadcrumbList","@id":"https:\/\/old.epodex-industries.com\/de\/produkt\/2k-epoxidhaerter-eco-max-b-komponente\/#breadcrumb","itemListElement":[{"@type":"ListItem","position":1,"name":"Startseite","item":"https:\/\/old.epodex-industries.com\/fr\/"},{"@type":"ListItem","position":2,"name":"Shop","item":"https:\/\/old.epodex-industries.com\/fr\/shop\/"},{"@type":"ListItem","position":3,"name":"2K Epoxidh\u00e4rter ECO MAX (-B- Komponente)"}]},{"@type":"WebSite","@id":"https:\/\/old.epodex-industries.com\/fr\/#website","url":"https:\/\/old.epodex-industries.com\/fr\/","name":"EPODEX Industries | B2B Plattform","description":"Hersteller + Gro\u00dfhandel f\u00fcr Baustoffe","publisher":{"@id":"https:\/\/old.epodex-industries.com\/fr\/#organization"},"alternateName":"EPODEX Industries | Hersteller + Gro\u00dfhandel f\u00fcr Baustoffe","potentialAction":[{"@type":"SearchAction","target":{"@type":"EntryPoint","urlTemplate":"https:\/\/old.epodex-industries.com\/fr\/?s={search_term_string}"},"query-input":{"@type":"PropertyValueSpecification","valueRequired":true,"valueName":"search_term_string"}}],"inLanguage":"fr-FR"},{"@type":"Organization","@id":"https:\/\/old.epodex-industries.com\/fr\/#organization","name":"EPODEX Industries","url":"https:\/\/old.epodex-industries.com\/fr\/","logo":{"@type":"ImageObject","inLanguage":"fr-FR","@id":"https:\/\/old.epodex-industries.com\/fr\/#\/schema\/logo\/image\/","url":"https:\/\/www.epodex-industries.com\/wp-content\/uploads\/2023\/06\/Logo-Epodex-Rechnung.jpg","contentUrl":"https:\/\/www.epodex-industries.com\/wp-content\/uploads\/2023\/06\/Logo-Epodex-Rechnung.jpg","width":261,"height":50,"caption":"EPODEX Industries"},"image":{"@id":"https:\/\/old.epodex-industries.com\/fr\/#\/schema\/logo\/image\/"},"sameAs":["https:\/\/www.facebook.com\/Epodex\/","https:\/\/www.instagram.com\/epodex_official\/","https:\/\/www.pinterest.de\/epodex_com\/","https:\/\/www.youtube.com\/channel\/UC7lFrJ9YpN1yg43sTc6q3ow"]}]}},"_links":{"self":[{"href":"https:\/\/old.epodex-industries.com\/fr\/wp-json\/wp\/v2\/product\/18188","targetHints":{"allow":["GET"]}}],"collection":[{"href":"https:\/\/old.epodex-industries.com\/fr\/wp-json\/wp\/v2\/product"}],"about":[{"href":"https:\/\/old.epodex-industries.com\/fr\/wp-json\/wp\/v2\/types\/product"}],"replies":[{"embeddable":true,"href":"https:\/\/old.epodex-industries.com\/fr\/wp-json\/wp\/v2\/comments?post=18188"}],"wp:featuredmedia":[{"embeddable":true,"href":"https:\/\/old.epodex-industries.com\/fr\/wp-json\/wp\/v2\/media\/4691"}],"wp:attachment":[{"href":"https:\/\/old.epodex-industries.com\/fr\/wp-json\/wp\/v2\/media?parent=18188"}],"wp:term":[{"taxonomy":"product_brand","embeddable":true,"href":"https:\/\/old.epodex-industries.com\/fr\/wp-json\/wp\/v2\/product_brand?post=18188"},{"taxonomy":"product_cat","embeddable":true,"href":"https:\/\/old.epodex-industries.com\/fr\/wp-json\/wp\/v2\/product_cat?post=18188"},{"taxonomy":"product_tag","embeddable":true,"href":"https:\/\/old.epodex-industries.com\/fr\/wp-json\/wp\/v2\/product_tag?post=18188"}],"curies":[{"name":"wp","href":"https:\/\/api.w.org\/{rel}","templated":true}]}}