{"id":16157,"date":"2024-03-17T21:17:14","date_gmt":"2024-03-17T20:17:14","guid":{"rendered":"https:\/\/www.epodex-industries.com\/produkt\/abdeckplane-klein-18m%c2%b2-opt-abroller-mit-klinge\/"},"modified":"2025-01-07T11:14:44","modified_gmt":"2025-01-07T10:14:44","slug":"abdeckplane-klein-18m%c2%b2-opt-abroller-mit-klinge","status":"publish","type":"product","link":"https:\/\/old.epodex-industries.com\/fr\/produit\/abdeckplane-klein-18m%c2%b2-opt-abroller-mit-klinge\/","title":{"rendered":"Abdeckplane &#8211; klein &#8211; 18m\u00b2 (opt. Abroller mit Klinge)"},"content":{"rendered":"<ul>\n<li>2 in 1 Abdeckfolie 18m\u00b2 mit Malerkreppband &#8211; Optional: Nachf\u00fcllbarer Abroller mit Klinge<\/li>\n<li>Gr\u00f6\u00dfe: 550mm x 33m<\/li>\n<li>Schutz vor Farbspritzern<\/li>\n<li>Randscharfes Abkleben ohne Farbunterl\u00e4ufer<\/li>\n<li>Farbundurchl\u00e4ssige und rei\u00dffeste Folie<\/li>\n<li>F\u00fcr alle Farbtypen geeignet<\/li>\n<\/ul>\n","protected":false},"excerpt":{"rendered":"<ul>\n<li>2 in 1 Abdeckfolie 18m\u00b2 mit Malerkreppband &#8211; Optional: Nachf\u00fcllbarer Abroller mit Klinge<\/li>\n<li>Gr\u00f6\u00dfe: 550mm x 33m<\/li>\n<li>Schutz vor Farbspritzern<\/li>\n<li>Randscharfes Abkleben ohne Farbunterl\u00e4ufer<\/li>\n<li>Farbundurchl\u00e4ssige und rei\u00dffeste Folie<\/li>\n<li>F\u00fcr alle Farbtypen geeignet<\/li>\n<\/ul>\n","protected":false},"featured_media":14796,"comment_status":"closed","ping_status":"closed","template":"","meta":[],"product_brand":[],"product_cat":[359],"product_tag":[],"class_list":{"0":"post-16157","1":"product","2":"type-product","3":"status-publish","4":"has-post-thumbnail","6":"product_cat-zubehoer","8":"first","9":"instock","10":"taxable","11":"shipping-taxable","12":"product-type-simple"},"yoast_head":"<!-- This site is optimized with the Yoast SEO plugin v26.7 - https:\/\/yoast.com\/wordpress\/plugins\/seo\/ -->\n<title>Abdeckplane - klein - 18m\u00b2 (opt. Abroller mit Klinge) - EPODEX Industries | B2B Plattform<\/title>\n<meta name=\"robots\" content=\"index, follow, max-snippet:-1, max-image-preview:large, max-video-preview:-1\" \/>\n<link rel=\"canonical\" href=\"https:\/\/old.epodex-industries.com\/de\/produkt\/abdeckplane-klein-18m\u00b2-opt-abroller-mit-klinge\/\" \/>\n<meta property=\"og:locale\" content=\"fr_FR\" \/>\n<meta property=\"og:type\" content=\"article\" \/>\n<meta property=\"og:title\" content=\"Abdeckplane - klein - 18m\u00b2 (opt. Abroller mit Klinge) - EPODEX Industries | B2B Plattform\" \/>\n<meta property=\"og:description\" content=\"2 in 1 Abdeckfolie 18m\u00b2 mit Malerkreppband - Optional: Nachf\u00fcllbarer Abroller mit Klinge Gr\u00f6\u00dfe: 550mm x 33m Schutz vor Farbspritzern Randscharfes Abkleben ohne Farbunterl\u00e4ufer Farbundurchl\u00e4ssige und rei\u00dffeste Folie F\u00fcr alle Farbtypen geeignet\" \/>\n<meta property=\"og:url\" content=\"https:\/\/old.epodex-industries.com\/de\/produkt\/abdeckplane-klein-18m\u00b2-opt-abroller-mit-klinge\/\" \/>\n<meta property=\"og:site_name\" content=\"EPODEX Industries | B2B Plattform\" \/>\n<meta property=\"article:publisher\" content=\"https:\/\/www.facebook.com\/Epodex\/\" \/>\n<meta property=\"article:modified_time\" content=\"2025-01-07T10:14:44+00:00\" \/>\n<meta property=\"og:image\" content=\"https:\/\/old.epodex-industries.com\/wp-content\/uploads\/2024\/02\/zubehoer-abklebeband-kaufen-2.jpg\" \/>\n\t<meta property=\"og:image:width\" content=\"1200\" \/>\n\t<meta property=\"og:image:height\" content=\"800\" \/>\n\t<meta property=\"og:image:type\" content=\"image\/jpeg\" \/>\n<meta name=\"twitter:card\" content=\"summary_large_image\" \/>\n<script type=\"application\/ld+json\" class=\"yoast-schema-graph\">{\"@context\":\"https:\/\/schema.org\",\"@graph\":[{\"@type\":\"WebPage\",\"@id\":\"https:\/\/old.epodex-industries.com\/de\/produkt\/abdeckplane-klein-18m%c2%b2-opt-abroller-mit-klinge\/\",\"url\":\"https:\/\/old.epodex-industries.com\/de\/produkt\/abdeckplane-klein-18m%c2%b2-opt-abroller-mit-klinge\/\",\"name\":\"Abdeckplane - klein - 18m\u00b2 (opt. Abroller mit Klinge) - EPODEX Industries | B2B Plattform\",\"isPartOf\":{\"@id\":\"https:\/\/old.epodex-industries.com\/fr\/#website\"},\"primaryImageOfPage\":{\"@id\":\"https:\/\/old.epodex-industries.com\/de\/produkt\/abdeckplane-klein-18m%c2%b2-opt-abroller-mit-klinge\/#primaryimage\"},\"image\":{\"@id\":\"https:\/\/old.epodex-industries.com\/de\/produkt\/abdeckplane-klein-18m%c2%b2-opt-abroller-mit-klinge\/#primaryimage\"},\"thumbnailUrl\":\"https:\/\/old.epodex-industries.com\/wp-content\/uploads\/2024\/02\/zubehoer-abklebeband-kaufen-2.jpg\",\"datePublished\":\"2024-03-17T20:17:14+00:00\",\"dateModified\":\"2025-01-07T10:14:44+00:00\",\"breadcrumb\":{\"@id\":\"https:\/\/old.epodex-industries.com\/de\/produkt\/abdeckplane-klein-18m%c2%b2-opt-abroller-mit-klinge\/#breadcrumb\"},\"inLanguage\":\"fr-FR\",\"potentialAction\":[{\"@type\":\"ReadAction\",\"target\":[\"https:\/\/old.epodex-industries.com\/de\/produkt\/abdeckplane-klein-18m%c2%b2-opt-abroller-mit-klinge\/\"]}]},{\"@type\":\"ImageObject\",\"inLanguage\":\"fr-FR\",\"@id\":\"https:\/\/old.epodex-industries.com\/de\/produkt\/abdeckplane-klein-18m%c2%b2-opt-abroller-mit-klinge\/#primaryimage\",\"url\":\"https:\/\/old.epodex-industries.com\/wp-content\/uploads\/2024\/02\/zubehoer-abklebeband-kaufen-2.jpg\",\"contentUrl\":\"https:\/\/old.epodex-industries.com\/wp-content\/uploads\/2024\/02\/zubehoer-abklebeband-kaufen-2.jpg\",\"width\":1200,\"height\":800},{\"@type\":\"BreadcrumbList\",\"@id\":\"https:\/\/old.epodex-industries.com\/de\/produkt\/abdeckplane-klein-18m%c2%b2-opt-abroller-mit-klinge\/#breadcrumb\",\"itemListElement\":[{\"@type\":\"ListItem\",\"position\":1,\"name\":\"Startseite\",\"item\":\"https:\/\/old.epodex-industries.com\/fr\/\"},{\"@type\":\"ListItem\",\"position\":2,\"name\":\"Shop\",\"item\":\"https:\/\/old.epodex-industries.com\/fr\/shop\/\"},{\"@type\":\"ListItem\",\"position\":3,\"name\":\"Abdeckplane &#8211; klein &#8211; 18m\u00b2 (opt. Abroller mit Klinge)\"}]},{\"@type\":\"WebSite\",\"@id\":\"https:\/\/old.epodex-industries.com\/fr\/#website\",\"url\":\"https:\/\/old.epodex-industries.com\/fr\/\",\"name\":\"EPODEX Industries | B2B Plattform\",\"description\":\"Hersteller + Gro\u00dfhandel f\u00fcr Baustoffe\",\"publisher\":{\"@id\":\"https:\/\/old.epodex-industries.com\/fr\/#organization\"},\"alternateName\":\"EPODEX Industries | Hersteller + Gro\u00dfhandel f\u00fcr Baustoffe\",\"potentialAction\":[{\"@type\":\"SearchAction\",\"target\":{\"@type\":\"EntryPoint\",\"urlTemplate\":\"https:\/\/old.epodex-industries.com\/fr\/?s={search_term_string}\"},\"query-input\":{\"@type\":\"PropertyValueSpecification\",\"valueRequired\":true,\"valueName\":\"search_term_string\"}}],\"inLanguage\":\"fr-FR\"},{\"@type\":\"Organization\",\"@id\":\"https:\/\/old.epodex-industries.com\/fr\/#organization\",\"name\":\"EPODEX Industries\",\"url\":\"https:\/\/old.epodex-industries.com\/fr\/\",\"logo\":{\"@type\":\"ImageObject\",\"inLanguage\":\"fr-FR\",\"@id\":\"https:\/\/old.epodex-industries.com\/fr\/#\/schema\/logo\/image\/\",\"url\":\"https:\/\/www.epodex-industries.com\/wp-content\/uploads\/2023\/06\/Logo-Epodex-Rechnung.jpg\",\"contentUrl\":\"https:\/\/www.epodex-industries.com\/wp-content\/uploads\/2023\/06\/Logo-Epodex-Rechnung.jpg\",\"width\":261,\"height\":50,\"caption\":\"EPODEX Industries\"},\"image\":{\"@id\":\"https:\/\/old.epodex-industries.com\/fr\/#\/schema\/logo\/image\/\"},\"sameAs\":[\"https:\/\/www.facebook.com\/Epodex\/\",\"https:\/\/www.instagram.com\/epodex_official\/\",\"https:\/\/www.pinterest.de\/epodex_com\/\",\"https:\/\/www.youtube.com\/channel\/UC7lFrJ9YpN1yg43sTc6q3ow\"]}]}<\/script>\n<!-- \/ Yoast SEO plugin. -->","yoast_head_json":{"title":"Abdeckplane - klein - 18m\u00b2 (opt. Abroller mit Klinge) - EPODEX Industries | B2B Plattform","robots":{"index":"index","follow":"follow","max-snippet":"max-snippet:-1","max-image-preview":"max-image-preview:large","max-video-preview":"max-video-preview:-1"},"canonical":"https:\/\/old.epodex-industries.com\/de\/produkt\/abdeckplane-klein-18m\u00b2-opt-abroller-mit-klinge\/","og_locale":"fr_FR","og_type":"article","og_title":"Abdeckplane - klein - 18m\u00b2 (opt. Abroller mit Klinge) - EPODEX Industries | B2B Plattform","og_description":"2 in 1 Abdeckfolie 18m\u00b2 mit Malerkreppband - Optional: Nachf\u00fcllbarer Abroller mit Klinge Gr\u00f6\u00dfe: 550mm x 33m Schutz vor Farbspritzern Randscharfes Abkleben ohne Farbunterl\u00e4ufer Farbundurchl\u00e4ssige und rei\u00dffeste Folie F\u00fcr alle Farbtypen geeignet","og_url":"https:\/\/old.epodex-industries.com\/de\/produkt\/abdeckplane-klein-18m\u00b2-opt-abroller-mit-klinge\/","og_site_name":"EPODEX Industries | B2B Plattform","article_publisher":"https:\/\/www.facebook.com\/Epodex\/","article_modified_time":"2025-01-07T10:14:44+00:00","og_image":[{"width":1200,"height":800,"url":"https:\/\/old.epodex-industries.com\/wp-content\/uploads\/2024\/02\/zubehoer-abklebeband-kaufen-2.jpg","type":"image\/jpeg"}],"twitter_card":"summary_large_image","schema":{"@context":"https:\/\/schema.org","@graph":[{"@type":"WebPage","@id":"https:\/\/old.epodex-industries.com\/de\/produkt\/abdeckplane-klein-18m%c2%b2-opt-abroller-mit-klinge\/","url":"https:\/\/old.epodex-industries.com\/de\/produkt\/abdeckplane-klein-18m%c2%b2-opt-abroller-mit-klinge\/","name":"Abdeckplane - klein - 18m\u00b2 (opt. Abroller mit Klinge) - EPODEX Industries | B2B Plattform","isPartOf":{"@id":"https:\/\/old.epodex-industries.com\/fr\/#website"},"primaryImageOfPage":{"@id":"https:\/\/old.epodex-industries.com\/de\/produkt\/abdeckplane-klein-18m%c2%b2-opt-abroller-mit-klinge\/#primaryimage"},"image":{"@id":"https:\/\/old.epodex-industries.com\/de\/produkt\/abdeckplane-klein-18m%c2%b2-opt-abroller-mit-klinge\/#primaryimage"},"thumbnailUrl":"https:\/\/old.epodex-industries.com\/wp-content\/uploads\/2024\/02\/zubehoer-abklebeband-kaufen-2.jpg","datePublished":"2024-03-17T20:17:14+00:00","dateModified":"2025-01-07T10:14:44+00:00","breadcrumb":{"@id":"https:\/\/old.epodex-industries.com\/de\/produkt\/abdeckplane-klein-18m%c2%b2-opt-abroller-mit-klinge\/#breadcrumb"},"inLanguage":"fr-FR","potentialAction":[{"@type":"ReadAction","target":["https:\/\/old.epodex-industries.com\/de\/produkt\/abdeckplane-klein-18m%c2%b2-opt-abroller-mit-klinge\/"]}]},{"@type":"ImageObject","inLanguage":"fr-FR","@id":"https:\/\/old.epodex-industries.com\/de\/produkt\/abdeckplane-klein-18m%c2%b2-opt-abroller-mit-klinge\/#primaryimage","url":"https:\/\/old.epodex-industries.com\/wp-content\/uploads\/2024\/02\/zubehoer-abklebeband-kaufen-2.jpg","contentUrl":"https:\/\/old.epodex-industries.com\/wp-content\/uploads\/2024\/02\/zubehoer-abklebeband-kaufen-2.jpg","width":1200,"height":800},{"@type":"BreadcrumbList","@id":"https:\/\/old.epodex-industries.com\/de\/produkt\/abdeckplane-klein-18m%c2%b2-opt-abroller-mit-klinge\/#breadcrumb","itemListElement":[{"@type":"ListItem","position":1,"name":"Startseite","item":"https:\/\/old.epodex-industries.com\/fr\/"},{"@type":"ListItem","position":2,"name":"Shop","item":"https:\/\/old.epodex-industries.com\/fr\/shop\/"},{"@type":"ListItem","position":3,"name":"Abdeckplane &#8211; klein &#8211; 18m\u00b2 (opt. Abroller mit Klinge)"}]},{"@type":"WebSite","@id":"https:\/\/old.epodex-industries.com\/fr\/#website","url":"https:\/\/old.epodex-industries.com\/fr\/","name":"EPODEX Industries | B2B Plattform","description":"Hersteller + Gro\u00dfhandel f\u00fcr Baustoffe","publisher":{"@id":"https:\/\/old.epodex-industries.com\/fr\/#organization"},"alternateName":"EPODEX Industries | Hersteller + Gro\u00dfhandel f\u00fcr Baustoffe","potentialAction":[{"@type":"SearchAction","target":{"@type":"EntryPoint","urlTemplate":"https:\/\/old.epodex-industries.com\/fr\/?s={search_term_string}"},"query-input":{"@type":"PropertyValueSpecification","valueRequired":true,"valueName":"search_term_string"}}],"inLanguage":"fr-FR"},{"@type":"Organization","@id":"https:\/\/old.epodex-industries.com\/fr\/#organization","name":"EPODEX Industries","url":"https:\/\/old.epodex-industries.com\/fr\/","logo":{"@type":"ImageObject","inLanguage":"fr-FR","@id":"https:\/\/old.epodex-industries.com\/fr\/#\/schema\/logo\/image\/","url":"https:\/\/www.epodex-industries.com\/wp-content\/uploads\/2023\/06\/Logo-Epodex-Rechnung.jpg","contentUrl":"https:\/\/www.epodex-industries.com\/wp-content\/uploads\/2023\/06\/Logo-Epodex-Rechnung.jpg","width":261,"height":50,"caption":"EPODEX Industries"},"image":{"@id":"https:\/\/old.epodex-industries.com\/fr\/#\/schema\/logo\/image\/"},"sameAs":["https:\/\/www.facebook.com\/Epodex\/","https:\/\/www.instagram.com\/epodex_official\/","https:\/\/www.pinterest.de\/epodex_com\/","https:\/\/www.youtube.com\/channel\/UC7lFrJ9YpN1yg43sTc6q3ow"]}]}},"_links":{"self":[{"href":"https:\/\/old.epodex-industries.com\/fr\/wp-json\/wp\/v2\/product\/16157","targetHints":{"allow":["GET"]}}],"collection":[{"href":"https:\/\/old.epodex-industries.com\/fr\/wp-json\/wp\/v2\/product"}],"about":[{"href":"https:\/\/old.epodex-industries.com\/fr\/wp-json\/wp\/v2\/types\/product"}],"replies":[{"embeddable":true,"href":"https:\/\/old.epodex-industries.com\/fr\/wp-json\/wp\/v2\/comments?post=16157"}],"wp:featuredmedia":[{"embeddable":true,"href":"https:\/\/old.epodex-industries.com\/fr\/wp-json\/wp\/v2\/media\/14796"}],"wp:attachment":[{"href":"https:\/\/old.epodex-industries.com\/fr\/wp-json\/wp\/v2\/media?parent=16157"}],"wp:term":[{"taxonomy":"product_brand","embeddable":true,"href":"https:\/\/old.epodex-industries.com\/fr\/wp-json\/wp\/v2\/product_brand?post=16157"},{"taxonomy":"product_cat","embeddable":true,"href":"https:\/\/old.epodex-industries.com\/fr\/wp-json\/wp\/v2\/product_cat?post=16157"},{"taxonomy":"product_tag","embeddable":true,"href":"https:\/\/old.epodex-industries.com\/fr\/wp-json\/wp\/v2\/product_tag?post=16157"}],"curies":[{"name":"wp","href":"https:\/\/api.w.org\/{rel}","templated":true}]}}