{"id":16062,"date":"2024-03-17T21:16:43","date_gmt":"2024-03-17T20:16:43","guid":{"rendered":"https:\/\/www.epodex-industries.com\/produkt\/heissklebepistole\/"},"modified":"2025-04-13T15:04:04","modified_gmt":"2025-04-13T13:04:04","slug":"heissklebepistole","status":"publish","type":"product","link":"https:\/\/old.epodex-industries.com\/fr\/produit\/heissklebepistole\/","title":{"rendered":"Hei\u00dfklebepistole"},"content":{"rendered":"<p><strong>\u2713<\/strong> ergonomisches Design<\/p>\n<p><strong>\u2713<\/strong> hochtemperaturbest\u00e4ndig<\/p>\n<p><strong>\u2713<\/strong> leistungsstark<\/p>\n<p>Elektrische Hei\u00dfklebepistole f\u00fcr Hobby und Handwerk. Ideal f\u00fcr leichtes Verkleben von Holz, Kunststoff, Pappe, Glas, Kunststoff, Textil, Keramik, Metall, Carbon und Leder. Die Betriebstemperatur liegt bei ca. 170\u00b0C. Eine kurze Aufheizphase und ein mechanischer Vorschub der Klebepatronen erlauben einen z\u00fcgigen Klebstoffauftrag und ein erm\u00fcdungsfreies Arbeiten. <\/p>\n<p><strong>Produktdetails<\/strong><\/p>\n<ul>\n<li>Produktma\u00dfe: 270mm x 34,5mm x 71,7mm<\/li>\n<li>Leistung: 60 &#8211; 100W<\/li>\n<li>Max. Temperatur: 170 &#8211; 220\u00b0C<\/li>\n<\/ul>\n","protected":false},"excerpt":{"rendered":"<p><strong>\u2713<\/strong> ergonomisches Design<\/p>\n<p><strong>\u2713<\/strong> hochtemperaturbest\u00e4ndig<\/p>\n<p><strong>\u2713<\/strong> leistungsstark<\/p>\n<p>Elektrische Hei\u00dfklebepistole f\u00fcr Hobby und Handwerk. Ideal f\u00fcr leichtes Verkleben von Holz, Kunststoff, Pappe, Glas, Kunststoff, Textil, Keramik, Metall, Carbon und Leder. Die Betriebstemperatur liegt bei ca. 170\u00b0C. Eine kurze Aufheizphase und ein mechanischer Vorschub der Klebepatronen erlauben einen z\u00fcgigen Klebstoffauftrag und ein erm\u00fcdungsfreies Arbeiten. <\/p>\n<p><strong>Produktdetails<\/strong><\/p>\n<ul>\n<li>Produktma\u00dfe: 270mm x 34,5mm x 71,7mm<\/li>\n<li>Leistung: 60 &#8211; 100W<\/li>\n<li>Max. Temperatur: 170 &#8211; 220\u00b0C<\/li>\n<\/ul>\n","protected":false},"featured_media":3062,"comment_status":"closed","ping_status":"closed","template":"","meta":[],"product_brand":[],"product_cat":[359],"product_tag":[],"class_list":{"0":"post-16062","1":"product","2":"type-product","3":"status-publish","4":"has-post-thumbnail","6":"product_cat-zubehoer","8":"first","9":"instock","10":"taxable","11":"shipping-taxable","12":"product-type-simple"},"yoast_head":"<!-- This site is optimized with the Yoast SEO plugin v26.7 - https:\/\/yoast.com\/wordpress\/plugins\/seo\/ -->\n<title>Hei\u00dfklebepistole - EPODEX Industries | B2B Plattform<\/title>\n<meta name=\"robots\" content=\"index, follow, max-snippet:-1, max-image-preview:large, max-video-preview:-1\" \/>\n<link rel=\"canonical\" href=\"https:\/\/old.epodex-industries.com\/de\/produkt\/heissklebepistole\/\" \/>\n<meta property=\"og:locale\" content=\"fr_FR\" \/>\n<meta property=\"og:type\" content=\"article\" \/>\n<meta property=\"og:title\" content=\"Hei\u00dfklebepistole - EPODEX Industries | B2B Plattform\" \/>\n<meta property=\"og:description\" content=\"\u2713 ergonomisches Design\u2713 hochtemperaturbest\u00e4ndig\u2713 leistungsstarkElektrische Hei\u00dfklebepistole f\u00fcr Hobby und Handwerk. Ideal f\u00fcr leichtes Verkleben von Holz, Kunststoff, Pappe, Glas, Kunststoff, Textil, Keramik, Metall, Carbon und Leder. Die Betriebstemperatur liegt bei ca. 170\u00b0C. Eine kurze Aufheizphase und ein mechanischer Vorschub der Klebepatronen erlauben einen z\u00fcgigen Klebstoffauftrag und ein erm\u00fcdungsfreies Arbeiten. Produktdetails Produktma\u00dfe: 270mm x 34,5mm x 71,7mmLeistung: 60 - 100WMax. Temperatur: 170 - 220\u00b0C\" \/>\n<meta property=\"og:url\" content=\"https:\/\/old.epodex-industries.com\/de\/produkt\/heissklebepistole\/\" \/>\n<meta property=\"og:site_name\" content=\"EPODEX Industries | B2B Plattform\" \/>\n<meta property=\"article:publisher\" content=\"https:\/\/www.facebook.com\/Epodex\/\" \/>\n<meta property=\"article:modified_time\" content=\"2025-04-13T13:04:04+00:00\" \/>\n<meta property=\"og:image\" content=\"https:\/\/old.epodex-industries.com\/wp-content\/uploads\/2023\/06\/heissklebepistole-kaufen.jpg\" \/>\n\t<meta property=\"og:image:width\" content=\"1200\" \/>\n\t<meta property=\"og:image:height\" content=\"800\" \/>\n\t<meta property=\"og:image:type\" content=\"image\/jpeg\" \/>\n<meta name=\"twitter:card\" content=\"summary_large_image\" \/>\n<script type=\"application\/ld+json\" class=\"yoast-schema-graph\">{\"@context\":\"https:\/\/schema.org\",\"@graph\":[{\"@type\":\"WebPage\",\"@id\":\"https:\/\/old.epodex-industries.com\/de\/produkt\/heissklebepistole\/\",\"url\":\"https:\/\/old.epodex-industries.com\/de\/produkt\/heissklebepistole\/\",\"name\":\"Hei\u00dfklebepistole - EPODEX Industries | B2B Plattform\",\"isPartOf\":{\"@id\":\"https:\/\/old.epodex-industries.com\/fr\/#website\"},\"primaryImageOfPage\":{\"@id\":\"https:\/\/old.epodex-industries.com\/de\/produkt\/heissklebepistole\/#primaryimage\"},\"image\":{\"@id\":\"https:\/\/old.epodex-industries.com\/de\/produkt\/heissklebepistole\/#primaryimage\"},\"thumbnailUrl\":\"https:\/\/old.epodex-industries.com\/wp-content\/uploads\/2023\/06\/heissklebepistole-kaufen.jpg\",\"datePublished\":\"2024-03-17T20:16:43+00:00\",\"dateModified\":\"2025-04-13T13:04:04+00:00\",\"breadcrumb\":{\"@id\":\"https:\/\/old.epodex-industries.com\/de\/produkt\/heissklebepistole\/#breadcrumb\"},\"inLanguage\":\"fr-FR\",\"potentialAction\":[{\"@type\":\"ReadAction\",\"target\":[\"https:\/\/old.epodex-industries.com\/de\/produkt\/heissklebepistole\/\"]}]},{\"@type\":\"ImageObject\",\"inLanguage\":\"fr-FR\",\"@id\":\"https:\/\/old.epodex-industries.com\/de\/produkt\/heissklebepistole\/#primaryimage\",\"url\":\"https:\/\/old.epodex-industries.com\/wp-content\/uploads\/2023\/06\/heissklebepistole-kaufen.jpg\",\"contentUrl\":\"https:\/\/old.epodex-industries.com\/wp-content\/uploads\/2023\/06\/heissklebepistole-kaufen.jpg\",\"width\":1200,\"height\":800},{\"@type\":\"BreadcrumbList\",\"@id\":\"https:\/\/old.epodex-industries.com\/de\/produkt\/heissklebepistole\/#breadcrumb\",\"itemListElement\":[{\"@type\":\"ListItem\",\"position\":1,\"name\":\"Startseite\",\"item\":\"https:\/\/old.epodex-industries.com\/fr\/\"},{\"@type\":\"ListItem\",\"position\":2,\"name\":\"Shop\",\"item\":\"https:\/\/old.epodex-industries.com\/fr\/shop\/\"},{\"@type\":\"ListItem\",\"position\":3,\"name\":\"Hei\u00dfklebepistole\"}]},{\"@type\":\"WebSite\",\"@id\":\"https:\/\/old.epodex-industries.com\/fr\/#website\",\"url\":\"https:\/\/old.epodex-industries.com\/fr\/\",\"name\":\"EPODEX Industries | B2B Plattform\",\"description\":\"Hersteller + Gro\u00dfhandel f\u00fcr Baustoffe\",\"publisher\":{\"@id\":\"https:\/\/old.epodex-industries.com\/fr\/#organization\"},\"alternateName\":\"EPODEX Industries | Hersteller + Gro\u00dfhandel f\u00fcr Baustoffe\",\"potentialAction\":[{\"@type\":\"SearchAction\",\"target\":{\"@type\":\"EntryPoint\",\"urlTemplate\":\"https:\/\/old.epodex-industries.com\/fr\/?s={search_term_string}\"},\"query-input\":{\"@type\":\"PropertyValueSpecification\",\"valueRequired\":true,\"valueName\":\"search_term_string\"}}],\"inLanguage\":\"fr-FR\"},{\"@type\":\"Organization\",\"@id\":\"https:\/\/old.epodex-industries.com\/fr\/#organization\",\"name\":\"EPODEX Industries\",\"url\":\"https:\/\/old.epodex-industries.com\/fr\/\",\"logo\":{\"@type\":\"ImageObject\",\"inLanguage\":\"fr-FR\",\"@id\":\"https:\/\/old.epodex-industries.com\/fr\/#\/schema\/logo\/image\/\",\"url\":\"https:\/\/www.epodex-industries.com\/wp-content\/uploads\/2023\/06\/Logo-Epodex-Rechnung.jpg\",\"contentUrl\":\"https:\/\/www.epodex-industries.com\/wp-content\/uploads\/2023\/06\/Logo-Epodex-Rechnung.jpg\",\"width\":261,\"height\":50,\"caption\":\"EPODEX Industries\"},\"image\":{\"@id\":\"https:\/\/old.epodex-industries.com\/fr\/#\/schema\/logo\/image\/\"},\"sameAs\":[\"https:\/\/www.facebook.com\/Epodex\/\",\"https:\/\/www.instagram.com\/epodex_official\/\",\"https:\/\/www.pinterest.de\/epodex_com\/\",\"https:\/\/www.youtube.com\/channel\/UC7lFrJ9YpN1yg43sTc6q3ow\"]}]}<\/script>\n<!-- \/ Yoast SEO plugin. -->","yoast_head_json":{"title":"Hei\u00dfklebepistole - EPODEX Industries | B2B Plattform","robots":{"index":"index","follow":"follow","max-snippet":"max-snippet:-1","max-image-preview":"max-image-preview:large","max-video-preview":"max-video-preview:-1"},"canonical":"https:\/\/old.epodex-industries.com\/de\/produkt\/heissklebepistole\/","og_locale":"fr_FR","og_type":"article","og_title":"Hei\u00dfklebepistole - EPODEX Industries | B2B Plattform","og_description":"\u2713 ergonomisches Design\u2713 hochtemperaturbest\u00e4ndig\u2713 leistungsstarkElektrische Hei\u00dfklebepistole f\u00fcr Hobby und Handwerk. Ideal f\u00fcr leichtes Verkleben von Holz, Kunststoff, Pappe, Glas, Kunststoff, Textil, Keramik, Metall, Carbon und Leder. Die Betriebstemperatur liegt bei ca. 170\u00b0C. Eine kurze Aufheizphase und ein mechanischer Vorschub der Klebepatronen erlauben einen z\u00fcgigen Klebstoffauftrag und ein erm\u00fcdungsfreies Arbeiten. Produktdetails Produktma\u00dfe: 270mm x 34,5mm x 71,7mmLeistung: 60 - 100WMax. Temperatur: 170 - 220\u00b0C","og_url":"https:\/\/old.epodex-industries.com\/de\/produkt\/heissklebepistole\/","og_site_name":"EPODEX Industries | B2B Plattform","article_publisher":"https:\/\/www.facebook.com\/Epodex\/","article_modified_time":"2025-04-13T13:04:04+00:00","og_image":[{"width":1200,"height":800,"url":"https:\/\/old.epodex-industries.com\/wp-content\/uploads\/2023\/06\/heissklebepistole-kaufen.jpg","type":"image\/jpeg"}],"twitter_card":"summary_large_image","schema":{"@context":"https:\/\/schema.org","@graph":[{"@type":"WebPage","@id":"https:\/\/old.epodex-industries.com\/de\/produkt\/heissklebepistole\/","url":"https:\/\/old.epodex-industries.com\/de\/produkt\/heissklebepistole\/","name":"Hei\u00dfklebepistole - EPODEX Industries | B2B Plattform","isPartOf":{"@id":"https:\/\/old.epodex-industries.com\/fr\/#website"},"primaryImageOfPage":{"@id":"https:\/\/old.epodex-industries.com\/de\/produkt\/heissklebepistole\/#primaryimage"},"image":{"@id":"https:\/\/old.epodex-industries.com\/de\/produkt\/heissklebepistole\/#primaryimage"},"thumbnailUrl":"https:\/\/old.epodex-industries.com\/wp-content\/uploads\/2023\/06\/heissklebepistole-kaufen.jpg","datePublished":"2024-03-17T20:16:43+00:00","dateModified":"2025-04-13T13:04:04+00:00","breadcrumb":{"@id":"https:\/\/old.epodex-industries.com\/de\/produkt\/heissklebepistole\/#breadcrumb"},"inLanguage":"fr-FR","potentialAction":[{"@type":"ReadAction","target":["https:\/\/old.epodex-industries.com\/de\/produkt\/heissklebepistole\/"]}]},{"@type":"ImageObject","inLanguage":"fr-FR","@id":"https:\/\/old.epodex-industries.com\/de\/produkt\/heissklebepistole\/#primaryimage","url":"https:\/\/old.epodex-industries.com\/wp-content\/uploads\/2023\/06\/heissklebepistole-kaufen.jpg","contentUrl":"https:\/\/old.epodex-industries.com\/wp-content\/uploads\/2023\/06\/heissklebepistole-kaufen.jpg","width":1200,"height":800},{"@type":"BreadcrumbList","@id":"https:\/\/old.epodex-industries.com\/de\/produkt\/heissklebepistole\/#breadcrumb","itemListElement":[{"@type":"ListItem","position":1,"name":"Startseite","item":"https:\/\/old.epodex-industries.com\/fr\/"},{"@type":"ListItem","position":2,"name":"Shop","item":"https:\/\/old.epodex-industries.com\/fr\/shop\/"},{"@type":"ListItem","position":3,"name":"Hei\u00dfklebepistole"}]},{"@type":"WebSite","@id":"https:\/\/old.epodex-industries.com\/fr\/#website","url":"https:\/\/old.epodex-industries.com\/fr\/","name":"EPODEX Industries | B2B Plattform","description":"Hersteller + Gro\u00dfhandel f\u00fcr Baustoffe","publisher":{"@id":"https:\/\/old.epodex-industries.com\/fr\/#organization"},"alternateName":"EPODEX Industries | Hersteller + Gro\u00dfhandel f\u00fcr Baustoffe","potentialAction":[{"@type":"SearchAction","target":{"@type":"EntryPoint","urlTemplate":"https:\/\/old.epodex-industries.com\/fr\/?s={search_term_string}"},"query-input":{"@type":"PropertyValueSpecification","valueRequired":true,"valueName":"search_term_string"}}],"inLanguage":"fr-FR"},{"@type":"Organization","@id":"https:\/\/old.epodex-industries.com\/fr\/#organization","name":"EPODEX Industries","url":"https:\/\/old.epodex-industries.com\/fr\/","logo":{"@type":"ImageObject","inLanguage":"fr-FR","@id":"https:\/\/old.epodex-industries.com\/fr\/#\/schema\/logo\/image\/","url":"https:\/\/www.epodex-industries.com\/wp-content\/uploads\/2023\/06\/Logo-Epodex-Rechnung.jpg","contentUrl":"https:\/\/www.epodex-industries.com\/wp-content\/uploads\/2023\/06\/Logo-Epodex-Rechnung.jpg","width":261,"height":50,"caption":"EPODEX Industries"},"image":{"@id":"https:\/\/old.epodex-industries.com\/fr\/#\/schema\/logo\/image\/"},"sameAs":["https:\/\/www.facebook.com\/Epodex\/","https:\/\/www.instagram.com\/epodex_official\/","https:\/\/www.pinterest.de\/epodex_com\/","https:\/\/www.youtube.com\/channel\/UC7lFrJ9YpN1yg43sTc6q3ow"]}]}},"_links":{"self":[{"href":"https:\/\/old.epodex-industries.com\/fr\/wp-json\/wp\/v2\/product\/16062","targetHints":{"allow":["GET"]}}],"collection":[{"href":"https:\/\/old.epodex-industries.com\/fr\/wp-json\/wp\/v2\/product"}],"about":[{"href":"https:\/\/old.epodex-industries.com\/fr\/wp-json\/wp\/v2\/types\/product"}],"replies":[{"embeddable":true,"href":"https:\/\/old.epodex-industries.com\/fr\/wp-json\/wp\/v2\/comments?post=16062"}],"wp:featuredmedia":[{"embeddable":true,"href":"https:\/\/old.epodex-industries.com\/fr\/wp-json\/wp\/v2\/media\/3062"}],"wp:attachment":[{"href":"https:\/\/old.epodex-industries.com\/fr\/wp-json\/wp\/v2\/media?parent=16062"}],"wp:term":[{"taxonomy":"product_brand","embeddable":true,"href":"https:\/\/old.epodex-industries.com\/fr\/wp-json\/wp\/v2\/product_brand?post=16062"},{"taxonomy":"product_cat","embeddable":true,"href":"https:\/\/old.epodex-industries.com\/fr\/wp-json\/wp\/v2\/product_cat?post=16062"},{"taxonomy":"product_tag","embeddable":true,"href":"https:\/\/old.epodex-industries.com\/fr\/wp-json\/wp\/v2\/product_tag?post=16062"}],"curies":[{"name":"wp","href":"https:\/\/api.w.org\/{rel}","templated":true}]}}