{"id":15893,"date":"2023-06-28T19:14:33","date_gmt":"2023-06-28T17:14:33","guid":{"rendered":"https:\/\/www.epodex-industries.com\/einkaufsbedingungen\/"},"modified":"2024-03-17T13:48:47","modified_gmt":"2024-03-17T12:48:47","slug":"conditions-dachat","status":"publish","type":"page","link":"https:\/\/old.epodex-industries.com\/fr\/information\/conditions-dachat\/","title":{"rendered":"Conditions d&rsquo;achat"},"content":{"rendered":"<div class=\"wpb-content-wrapper\"><p>[vc_row][vc_column width=\u00a0\u00bb1\/2&Prime;][vc_column_text]<\/p>\n<h3>Qui peut acheter sur ce site web?<\/h3>\n<p>Ce ce site web est exclusivement r\u00e9serv\u00e9e aux professionnels disposant des justificatifs n\u00e9cessaires (extrait de registre du commerce, num\u00e9ro de TVA). Les particuliers ne peuvent pas acheter sur ce site.<\/p>\n<hr \/>\n<h3>Quelles quantit\u00e9s puis-je acheter?<\/h3>\n<p>Nos produits sont disponibles en plusieurs conditionnements des bidon de 1kg au conteneur IBC de 1000kg. Les petites commandes sont imm\u00e9diatement emball\u00e9es et livr\u00e9es par colis dans un d\u00e9lai de 1 \u00e0 3 jours ouvrables. Les commandes plus importantes sont trait\u00e9es par une agence de transport.[\/vc_column_text][\/vc_column][vc_column width=\u00a0\u00bb1\/2&Prime;][vc_single_image image=\u00a0\u00bb72&Prime; img_size=\u00a0\u00bbfull\u00a0\u00bb][\/vc_column][\/vc_row]<\/p>\n<\/div>","protected":false},"excerpt":{"rendered":"<p>[vc_row][vc_column width=\u00a0\u00bb1\/2&Prime;][vc_column_text] Qui peut acheter sur ce site web? Ce ce site web est exclusivement r\u00e9serv\u00e9e aux professionnels disposant des justificatifs n\u00e9cessaires (extrait de registre du commerce, num\u00e9ro de TVA). Les particuliers ne peuvent pas acheter sur ce site. Quelles quantit\u00e9s puis-je acheter? Nos produits sont disponibles en plusieurs conditionnements des bidon de 1kg au [&hellip;]<\/p>\n","protected":false},"author":2,"featured_media":0,"parent":15899,"menu_order":0,"comment_status":"closed","ping_status":"closed","template":"","meta":{"footnotes":""},"class_list":["post-15893","page","type-page","status-publish","hentry"],"yoast_head":"<!-- This site is optimized with the Yoast SEO plugin v26.7 - https:\/\/yoast.com\/wordpress\/plugins\/seo\/ -->\n<title>Conditions d&#039;achat - EPODEX Industries | B2B Plattform<\/title>\n<meta name=\"robots\" content=\"index, follow, max-snippet:-1, max-image-preview:large, max-video-preview:-1\" \/>\n<link rel=\"canonical\" href=\"https:\/\/old.epodex-industries.com\/de\/info\/einkaufsbedingungen\/\" \/>\n<meta property=\"og:locale\" content=\"fr_FR\" \/>\n<meta property=\"og:type\" content=\"article\" \/>\n<meta property=\"og:title\" content=\"Conditions d&#039;achat - EPODEX Industries | B2B Plattform\" \/>\n<meta property=\"og:description\" content=\"[vc_row][vc_column width=\u00a0\u00bb1\/2&Prime;][vc_column_text] Qui peut acheter sur ce site web? Ce ce site web est exclusivement r\u00e9serv\u00e9e aux professionnels disposant des justificatifs n\u00e9cessaires (extrait de registre du commerce, num\u00e9ro de TVA). Les particuliers ne peuvent pas acheter sur ce site. Quelles quantit\u00e9s puis-je acheter? Nos produits sont disponibles en plusieurs conditionnements des bidon de 1kg au [&hellip;]\" \/>\n<meta property=\"og:url\" content=\"https:\/\/old.epodex-industries.com\/de\/info\/einkaufsbedingungen\/\" \/>\n<meta property=\"og:site_name\" content=\"EPODEX Industries | B2B Plattform\" \/>\n<meta property=\"article:publisher\" content=\"https:\/\/www.facebook.com\/Epodex\/\" \/>\n<meta property=\"article:modified_time\" content=\"2024-03-17T12:48:47+00:00\" \/>\n<meta name=\"twitter:card\" content=\"summary_large_image\" \/>\n<meta name=\"twitter:label1\" content=\"Dur\u00e9e de lecture estim\u00e9e\" \/>\n\t<meta name=\"twitter:data1\" content=\"1 minute\" \/>\n<script type=\"application\/ld+json\" class=\"yoast-schema-graph\">{\"@context\":\"https:\/\/schema.org\",\"@graph\":[{\"@type\":\"WebPage\",\"@id\":\"https:\/\/old.epodex-industries.com\/de\/info\/einkaufsbedingungen\/\",\"url\":\"https:\/\/old.epodex-industries.com\/de\/info\/einkaufsbedingungen\/\",\"name\":\"Conditions d'achat - EPODEX Industries | B2B Plattform\",\"isPartOf\":{\"@id\":\"https:\/\/old.epodex-industries.com\/fr\/#website\"},\"datePublished\":\"2023-06-28T17:14:33+00:00\",\"dateModified\":\"2024-03-17T12:48:47+00:00\",\"breadcrumb\":{\"@id\":\"https:\/\/old.epodex-industries.com\/de\/info\/einkaufsbedingungen\/#breadcrumb\"},\"inLanguage\":\"fr-FR\",\"potentialAction\":[{\"@type\":\"ReadAction\",\"target\":[\"https:\/\/old.epodex-industries.com\/de\/info\/einkaufsbedingungen\/\"]}]},{\"@type\":\"BreadcrumbList\",\"@id\":\"https:\/\/old.epodex-industries.com\/de\/info\/einkaufsbedingungen\/#breadcrumb\",\"itemListElement\":[{\"@type\":\"ListItem\",\"position\":1,\"name\":\"Startseite\",\"item\":\"https:\/\/old.epodex-industries.com\/fr\/\"},{\"@type\":\"ListItem\",\"position\":2,\"name\":\"Information\",\"item\":\"https:\/\/old.epodex-industries.com\/fr\/information\/\"},{\"@type\":\"ListItem\",\"position\":3,\"name\":\"Conditions d&#8217;achat\"}]},{\"@type\":\"WebSite\",\"@id\":\"https:\/\/old.epodex-industries.com\/fr\/#website\",\"url\":\"https:\/\/old.epodex-industries.com\/fr\/\",\"name\":\"EPODEX Industries | B2B Plattform\",\"description\":\"Hersteller + Gro\u00dfhandel f\u00fcr Baustoffe\",\"publisher\":{\"@id\":\"https:\/\/old.epodex-industries.com\/fr\/#organization\"},\"alternateName\":\"EPODEX Industries | Hersteller + Gro\u00dfhandel f\u00fcr Baustoffe\",\"potentialAction\":[{\"@type\":\"SearchAction\",\"target\":{\"@type\":\"EntryPoint\",\"urlTemplate\":\"https:\/\/old.epodex-industries.com\/fr\/?s={search_term_string}\"},\"query-input\":{\"@type\":\"PropertyValueSpecification\",\"valueRequired\":true,\"valueName\":\"search_term_string\"}}],\"inLanguage\":\"fr-FR\"},{\"@type\":\"Organization\",\"@id\":\"https:\/\/old.epodex-industries.com\/fr\/#organization\",\"name\":\"EPODEX Industries\",\"url\":\"https:\/\/old.epodex-industries.com\/fr\/\",\"logo\":{\"@type\":\"ImageObject\",\"inLanguage\":\"fr-FR\",\"@id\":\"https:\/\/old.epodex-industries.com\/fr\/#\/schema\/logo\/image\/\",\"url\":\"https:\/\/www.epodex-industries.com\/wp-content\/uploads\/2023\/06\/Logo-Epodex-Rechnung.jpg\",\"contentUrl\":\"https:\/\/www.epodex-industries.com\/wp-content\/uploads\/2023\/06\/Logo-Epodex-Rechnung.jpg\",\"width\":261,\"height\":50,\"caption\":\"EPODEX Industries\"},\"image\":{\"@id\":\"https:\/\/old.epodex-industries.com\/fr\/#\/schema\/logo\/image\/\"},\"sameAs\":[\"https:\/\/www.facebook.com\/Epodex\/\",\"https:\/\/www.instagram.com\/epodex_official\/\",\"https:\/\/www.pinterest.de\/epodex_com\/\",\"https:\/\/www.youtube.com\/channel\/UC7lFrJ9YpN1yg43sTc6q3ow\"]}]}<\/script>\n<!-- \/ Yoast SEO plugin. -->","yoast_head_json":{"title":"Conditions d'achat - EPODEX Industries | B2B Plattform","robots":{"index":"index","follow":"follow","max-snippet":"max-snippet:-1","max-image-preview":"max-image-preview:large","max-video-preview":"max-video-preview:-1"},"canonical":"https:\/\/old.epodex-industries.com\/de\/info\/einkaufsbedingungen\/","og_locale":"fr_FR","og_type":"article","og_title":"Conditions d'achat - EPODEX Industries | B2B Plattform","og_description":"[vc_row][vc_column width=\u00a0\u00bb1\/2&Prime;][vc_column_text] Qui peut acheter sur ce site web? Ce ce site web est exclusivement r\u00e9serv\u00e9e aux professionnels disposant des justificatifs n\u00e9cessaires (extrait de registre du commerce, num\u00e9ro de TVA). Les particuliers ne peuvent pas acheter sur ce site. Quelles quantit\u00e9s puis-je acheter? Nos produits sont disponibles en plusieurs conditionnements des bidon de 1kg au [&hellip;]","og_url":"https:\/\/old.epodex-industries.com\/de\/info\/einkaufsbedingungen\/","og_site_name":"EPODEX Industries | B2B Plattform","article_publisher":"https:\/\/www.facebook.com\/Epodex\/","article_modified_time":"2024-03-17T12:48:47+00:00","twitter_card":"summary_large_image","twitter_misc":{"Dur\u00e9e de lecture estim\u00e9e":"1 minute"},"schema":{"@context":"https:\/\/schema.org","@graph":[{"@type":"WebPage","@id":"https:\/\/old.epodex-industries.com\/de\/info\/einkaufsbedingungen\/","url":"https:\/\/old.epodex-industries.com\/de\/info\/einkaufsbedingungen\/","name":"Conditions d'achat - EPODEX Industries | B2B Plattform","isPartOf":{"@id":"https:\/\/old.epodex-industries.com\/fr\/#website"},"datePublished":"2023-06-28T17:14:33+00:00","dateModified":"2024-03-17T12:48:47+00:00","breadcrumb":{"@id":"https:\/\/old.epodex-industries.com\/de\/info\/einkaufsbedingungen\/#breadcrumb"},"inLanguage":"fr-FR","potentialAction":[{"@type":"ReadAction","target":["https:\/\/old.epodex-industries.com\/de\/info\/einkaufsbedingungen\/"]}]},{"@type":"BreadcrumbList","@id":"https:\/\/old.epodex-industries.com\/de\/info\/einkaufsbedingungen\/#breadcrumb","itemListElement":[{"@type":"ListItem","position":1,"name":"Startseite","item":"https:\/\/old.epodex-industries.com\/fr\/"},{"@type":"ListItem","position":2,"name":"Information","item":"https:\/\/old.epodex-industries.com\/fr\/information\/"},{"@type":"ListItem","position":3,"name":"Conditions d&#8217;achat"}]},{"@type":"WebSite","@id":"https:\/\/old.epodex-industries.com\/fr\/#website","url":"https:\/\/old.epodex-industries.com\/fr\/","name":"EPODEX Industries | B2B Plattform","description":"Hersteller + Gro\u00dfhandel f\u00fcr Baustoffe","publisher":{"@id":"https:\/\/old.epodex-industries.com\/fr\/#organization"},"alternateName":"EPODEX Industries | Hersteller + Gro\u00dfhandel f\u00fcr Baustoffe","potentialAction":[{"@type":"SearchAction","target":{"@type":"EntryPoint","urlTemplate":"https:\/\/old.epodex-industries.com\/fr\/?s={search_term_string}"},"query-input":{"@type":"PropertyValueSpecification","valueRequired":true,"valueName":"search_term_string"}}],"inLanguage":"fr-FR"},{"@type":"Organization","@id":"https:\/\/old.epodex-industries.com\/fr\/#organization","name":"EPODEX Industries","url":"https:\/\/old.epodex-industries.com\/fr\/","logo":{"@type":"ImageObject","inLanguage":"fr-FR","@id":"https:\/\/old.epodex-industries.com\/fr\/#\/schema\/logo\/image\/","url":"https:\/\/www.epodex-industries.com\/wp-content\/uploads\/2023\/06\/Logo-Epodex-Rechnung.jpg","contentUrl":"https:\/\/www.epodex-industries.com\/wp-content\/uploads\/2023\/06\/Logo-Epodex-Rechnung.jpg","width":261,"height":50,"caption":"EPODEX Industries"},"image":{"@id":"https:\/\/old.epodex-industries.com\/fr\/#\/schema\/logo\/image\/"},"sameAs":["https:\/\/www.facebook.com\/Epodex\/","https:\/\/www.instagram.com\/epodex_official\/","https:\/\/www.pinterest.de\/epodex_com\/","https:\/\/www.youtube.com\/channel\/UC7lFrJ9YpN1yg43sTc6q3ow"]}]}},"_links":{"self":[{"href":"https:\/\/old.epodex-industries.com\/fr\/wp-json\/wp\/v2\/pages\/15893","targetHints":{"allow":["GET"]}}],"collection":[{"href":"https:\/\/old.epodex-industries.com\/fr\/wp-json\/wp\/v2\/pages"}],"about":[{"href":"https:\/\/old.epodex-industries.com\/fr\/wp-json\/wp\/v2\/types\/page"}],"author":[{"embeddable":true,"href":"https:\/\/old.epodex-industries.com\/fr\/wp-json\/wp\/v2\/users\/2"}],"replies":[{"embeddable":true,"href":"https:\/\/old.epodex-industries.com\/fr\/wp-json\/wp\/v2\/comments?post=15893"}],"version-history":[{"count":2,"href":"https:\/\/old.epodex-industries.com\/fr\/wp-json\/wp\/v2\/pages\/15893\/revisions"}],"predecessor-version":[{"id":15896,"href":"https:\/\/old.epodex-industries.com\/fr\/wp-json\/wp\/v2\/pages\/15893\/revisions\/15896"}],"up":[{"embeddable":true,"href":"https:\/\/old.epodex-industries.com\/fr\/wp-json\/wp\/v2\/pages\/15899"}],"wp:attachment":[{"href":"https:\/\/old.epodex-industries.com\/fr\/wp-json\/wp\/v2\/media?parent=15893"}],"curies":[{"name":"wp","href":"https:\/\/api.w.org\/{rel}","templated":true}]}}