{"id":15886,"date":"2024-03-17T13:33:20","date_gmt":"2024-03-17T12:33:20","guid":{"rendered":"https:\/\/www.epodex-industries.com\/?page_id=15886"},"modified":"2024-03-17T13:38:15","modified_gmt":"2024-03-17T12:38:15","slug":"contact-conseils","status":"publish","type":"page","link":"https:\/\/old.epodex-industries.com\/fr\/profil-de-la-societe\/contact-conseils\/","title":{"rendered":"Contact &#038; Conseils"},"content":{"rendered":"<div class=\"wpb-content-wrapper\"><p>[vc_row][vc_column][vc_custom_heading text=\u00a0\u00bbKontakt \/ Beratung\u00a0\u00bb font_container=\u00a0\u00bbtag:h2|text_align:center\u00a0\u00bb use_theme_fonts=\u00a0\u00bbyes\u00a0\u00bb][vc_separator][vc_column_text]<\/p>\n<p style=\"text-align: center;\">Vous souhaitez passer une commande ou vous avez une question? Nos experts se feront un plaisir de vous aider par t\u00e9l\u00e9phone ou par e-mail.<\/p>\n<p>[\/vc_column_text][\/vc_column][\/vc_row][vc_row full_width=\u00a0\u00bbstretch_row\u00a0\u00bb el_class=\u00a0\u00bbgray-area\u00a0\u00bb][vc_column width=\u00a0\u00bb1\/2&Prime;]            <style>\n                .custom-boxes-holder.cbs_a1a65bd9-13ad-4011-a6bd-88db9440e30d {\n                    width: calc(100% + 0px);\n                    margin-left: -0px;\n                }\n\n                .custom-boxes-holder.cbs_a1a65bd9-13ad-4011-a6bd-88db9440e30d .custom-box {\n                    width: calc(100% - 0px);\n                    margin: 0px;\n                    background-color: #ffffff;\n                }\n                .custom-boxes-holder.cbs_a1a65bd9-13ad-4011-a6bd-88db9440e30d .text-holder .icon {\n                    color: #008be2                }\n                @media (max-width: 1200px) {\n                    .custom-boxes-holder.cbs_a1a65bd9-13ad-4011-a6bd-88db9440e30d .custom-box {\n                        width: calc(100% - 0px);\n                    }\n                }\n\n                @media (max-width: 768px) {\n                    .custom-boxes-holder.cbs_a1a65bd9-13ad-4011-a6bd-88db9440e30d .custom-box {\n                        width: calc(100% - 0px);\n                    }\n                }\n            <\/style>\n            <div class=\"custom-boxes-holder cbs_a1a65bd9-13ad-4011-a6bd-88db9440e30d \">\n\t\t\t\t                    <div class=\"custom-box\">\n\t\t\t\t\t\t                        <div class=\"text-holder\">\n\t\t\t\t\t\t\t                                <p class=\"icon\">\n                                    <i class=\"fa fa-map-marker\"><\/i>\n                                <\/p>\n\t\t\t\t\t\t\t                                <p class=\"box-title\">\n                                    Administration \/ Production \/ Entreposage                                <\/p>\n\t\t\t\t\t\t\t                                <div class=\"box-description\">\n\t\t\t\t\t\t\t\t\tEPODEX<br>\nDuisburger Str.36, 47829 Krefeld<br>\n+49 2151 985 35 55 <br>\n info@epodex-industries.com                                 <\/div>\n\t\t\t\t\t\t\t                        <\/div>\n                    <\/div>\n\t\t\t\t            <\/div>\n\t\t\t[\/vc_column][vc_column width=\u00a0\u00bb1\/2&Prime;]                <div class=\"epodex-custom-form-holder\">\n                    <form action=\"\" class=\"epodex-custom-form\" id=\"cf_8709714f-74dd-484a-9f26-8490b6f85674\" >\n                        <div class=\"success-message\">\n                            <figure>\n                                <img decoding=\"async\" src=\"https:\/\/old.epodex-industries.com\/wp-content\/themes\/dmd-theme\/assets\/images\/success.png\"\n                                     alt=\"success\">\n                            <\/figure>\n                            <p>Votre message a \u00e9t\u00e9 envoy\u00e9, nous vous r\u00e9pondrons dans les plus brefs d\u00e9lais.<\/p>\n                        <\/div>\n                        <div class=\"error-message\"><p>D\u00e9sol\u00e9, votre message n'a pas \u00e9t\u00e9 envoy\u00e9, veuillez r\u00e9essayer ou contactez-les par t\u00e9l\u00e9phone,<\/p><\/div>\n                        <div class=\"mb-error-message\"><p><\/p><\/div>\n                        <input type=\"hidden\" name=\"cf_ef\"\n                               value=\"aW5mb0BlcG9kZXgtaW5kdXN0cmllcy5jb20=\">\n                        <input type=\"hidden\" name=\"checkcf\" value=\"108406c4aa\">\n\t\t\t\t\t\t                            <input type=\"hidden\" name=\"visitor_email\" value=\"yes\">\n\t\t\t\t\t\t\t\t\t\t\t\t                            <input type=\"hidden\" name=\"subject\" value=\"B2B - FR - Kontakt \">\n\t\t\t\t\t\t\t\t\t\t\t\t                        <div class=\"inner-holder\">\n\t\t\t\t\t\t\t                                    <input type=\"hidden\" name=\"name_field\" value=\"Tm9t\">\n\t\t\t\t\t\t\t\t                                        <div class=\"field-holder \">\n\t\t\t\t\t\t\t\t\t\t\t                                            <input type=\"text\"\n                                                   placeholder=\"Nom\"\n                                                   class=\"required-field \"\n                                                   name=\"Tm9t\"\n                                                   data-dlk=\"\">\n\t\t\t\t\t\t\t\t\t\t\t                                        <\/div>\n\t\t\t\t\t\t\t\t\t\t                                        <div class=\"field-holder \">\n\t\t\t\t\t\t\t\t\t\t\t                                            <input type=\"text\"\n                                                   placeholder=\"E-mail\"\n                                                   class=\"required-field required-email\"\n                                                   name=\"RS1tYWls\"\n                                                   data-dlk=\"\">\n\t\t\t\t\t\t\t\t\t\t\t                                                <input type=\"hidden\" name=\"uef\" value=\"RS1tYWls\">\n\t\t\t\t\t\t\t\t\t\t\t                                        <\/div>\n\t\t\t\t\t\t\t\t\t\t                                    <input type=\"hidden\" name=\"name_field\" value=\"U3VqZXQ=\">\n\t\t\t\t\t\t\t\t                                        <div class=\"field-holder \">\n\t\t\t\t\t\t\t\t\t\t\t                                            <input type=\"text\"\n                                                   placeholder=\"Sujet\"\n                                                   class=\"required-field \"\n                                                   name=\"U3VqZXQ=\"\n                                                   data-dlk=\"\">\n\t\t\t\t\t\t\t\t\t\t\t                                        <\/div>\n\t\t\t\t\t\t\t\t\t\t                                    <input type=\"hidden\" name=\"name_field\" value=\"TWVzc2FnZQ==\">\n\t\t\t\t\t\t\t\t                                        <div class=\"field-holder textarea-holder \">\n\t\t\t\t\t\t\t\t\t\t\t                                            <textarea\n                                                    placeholder=\"Message\"\n                                                    name=\"TWVzc2FnZQ==\"\n                                                    data-dlk=\"\"\n                                                    class=\"required-field \"\n                                                    rows=\"6\"><\/textarea>\n                                        <\/div>\n\t\t\t\t\t\t\t\t\t\t\t\t\t\t\t\t\t                        <\/div>\n                        <div class=\"btn-holder\">\n                            <button type=\"submit\">\n\t\t\t\t\t\t\t\tEnvoyer                            <\/button>\n                        <\/div>\n                    <\/form>\n                <\/div>\n\n\t\t\t[\/vc_column][\/vc_row][vc_row full_width=\u00a0\u00bbstretch_row_content_no_spaces\u00a0\u00bb][vc_column][vc_gmaps link=\u00a0\u00bb#E-8_JTNDaWZyYW1lJTIwc3JjJTNEJTIyaHR0cHMlM0ElMkYlMkZ3d3cuZ29vZ2xlLmNvbSUyRm1hcHMlMkZlbWJlZCUzRnBiJTNEJTIxMW0xNCUyMTFtOCUyMTFtMyUyMTFkOTk2NC43NzUzODIzMzg1MDMlMjEyZDYuNjQ5MTAwOSUyMTNkNTEuMzYyNzMzJTIxM20yJTIxMWkxMDI0JTIxMmk3NjglMjE0ZjEzLjElMjEzbTMlMjExbTIlMjExczB4MCUyNTNBMHg2MzM5OWMzNjYxYzdhNGM2JTIxMnNFUE9ERVglMjE1ZTAlMjEzbTIlMjExc2RlJTIxMnNkZSUyMTR2MTYzOTIyMDcwNTk1NiUyMTVtMiUyMTFzZGUlMjEyc2RlJTIyJTIwd2lkdGglM0QlMjIxMDAlMjUlMjIlMjBoZWlnaHQlM0QlMjI2MDAlMjIlMjBzdHlsZSUzRCUyMmJvcmRlciUzQTAlM0IlMjIlMjBhbGxvd2Z1bGxzY3JlZW4lM0QlMjIlMjIlMjBsb2FkaW5nJTNEJTIybGF6eSUyMiUzRSUzQyUyRmlmcmFtZSUzRQ==\u00a0\u00bb][\/vc_column][\/vc_row]<\/p>\n<\/div>","protected":false},"excerpt":{"rendered":"<p>[vc_row][vc_column][vc_custom_heading text=\u00a0\u00bbKontakt \/ Beratung\u00a0\u00bb font_container=\u00a0\u00bbtag:h2|text_align:center\u00a0\u00bb use_theme_fonts=\u00a0\u00bbyes\u00a0\u00bb][vc_separator][vc_column_text] Vous souhaitez passer une commande ou vous avez une question? Nos experts se feront un plaisir de vous aider par t\u00e9l\u00e9phone ou par e-mail. [\/vc_column_text][\/vc_column][\/vc_row][vc_row full_width=\u00a0\u00bbstretch_row\u00a0\u00bb el_class=\u00a0\u00bbgray-area\u00a0\u00bb][vc_column width=\u00a0\u00bb1\/2&Prime;][\/vc_column][vc_column width=\u00a0\u00bb1\/2&Prime;][\/vc_column][\/vc_row][vc_row full_width=\u00a0\u00bbstretch_row_content_no_spaces\u00a0\u00bb][vc_column][vc_gmaps link=\u00a0\u00bb#E-8_JTNDaWZyYW1lJTIwc3JjJTNEJTIyaHR0cHMlM0ElMkYlMkZ3d3cuZ29vZ2xlLmNvbSUyRm1hcHMlMkZlbWJlZCUzRnBiJTNEJTIxMW0xNCUyMTFtOCUyMTFtMyUyMTFkOTk2NC43NzUzODIzMzg1MDMlMjEyZDYuNjQ5MTAwOSUyMTNkNTEuMzYyNzMzJTIxM20yJTIxMWkxMDI0JTIxMmk3NjglMjE0ZjEzLjElMjEzbTMlMjExbTIlMjExczB4MCUyNTNBMHg2MzM5OWMzNjYxYzdhNGM2JTIxMnNFUE9ERVglMjE1ZTAlMjEzbTIlMjExc2RlJTIxMnNkZSUyMTR2MTYzOTIyMDcwNTk1NiUyMTVtMiUyMTFzZGUlMjEyc2RlJTIyJTIwd2lkdGglM0QlMjIxMDAlMjUlMjIlMjBoZWlnaHQlM0QlMjI2MDAlMjIlMjBzdHlsZSUzRCUyMmJvcmRlciUzQTAlM0IlMjIlMjBhbGxvd2Z1bGxzY3JlZW4lM0QlMjIlMjIlMjBsb2FkaW5nJTNEJTIybGF6eSUyMiUzRSUzQyUyRmlmcmFtZSUzRQ==\u00a0\u00bb][\/vc_column][\/vc_row]<\/p>\n","protected":false},"author":1,"featured_media":0,"parent":15870,"menu_order":0,"comment_status":"closed","ping_status":"closed","template":"","meta":{"footnotes":""},"class_list":["post-15886","page","type-page","status-publish","hentry"],"yoast_head":"<!-- This site is optimized with the Yoast SEO plugin v26.7 - https:\/\/yoast.com\/wordpress\/plugins\/seo\/ -->\n<title>Contact &amp; Conseils - EPODEX Industries | B2B Plattform<\/title>\n<meta name=\"description\" content=\"Vous souhaitez passer une commande ou vous avez une question ? Nos experts se feront un plaisir de vous aider par t\u00e9l\u00e9phone ou par e-mail.\" \/>\n<meta name=\"robots\" content=\"index, follow, max-snippet:-1, max-image-preview:large, max-video-preview:-1\" \/>\n<link rel=\"canonical\" href=\"https:\/\/old.epodex-industries.com\/de\/unternehmen\/kontakt\/\" \/>\n<meta property=\"og:locale\" content=\"fr_FR\" \/>\n<meta property=\"og:type\" content=\"article\" \/>\n<meta property=\"og:title\" content=\"Contact &amp; Conseils - EPODEX Industries | B2B Plattform\" \/>\n<meta property=\"og:description\" content=\"Vous souhaitez passer une commande ou vous avez une question ? Nos experts se feront un plaisir de vous aider par t\u00e9l\u00e9phone ou par e-mail.\" \/>\n<meta property=\"og:url\" content=\"https:\/\/old.epodex-industries.com\/de\/unternehmen\/kontakt\/\" \/>\n<meta property=\"og:site_name\" content=\"EPODEX Industries | B2B Plattform\" \/>\n<meta property=\"article:publisher\" content=\"https:\/\/www.facebook.com\/Epodex\/\" \/>\n<meta property=\"article:modified_time\" content=\"2024-03-17T12:38:15+00:00\" \/>\n<meta name=\"twitter:card\" content=\"summary_large_image\" \/>\n<meta name=\"twitter:label1\" content=\"Dur\u00e9e de lecture estim\u00e9e\" \/>\n\t<meta name=\"twitter:data1\" content=\"1 minute\" \/>\n<script type=\"application\/ld+json\" class=\"yoast-schema-graph\">{\"@context\":\"https:\/\/schema.org\",\"@graph\":[{\"@type\":\"WebPage\",\"@id\":\"https:\/\/old.epodex-industries.com\/de\/unternehmen\/kontakt\/\",\"url\":\"https:\/\/old.epodex-industries.com\/de\/unternehmen\/kontakt\/\",\"name\":\"Contact & Conseils - EPODEX Industries | B2B Plattform\",\"isPartOf\":{\"@id\":\"https:\/\/old.epodex-industries.com\/fr\/#website\"},\"datePublished\":\"2024-03-17T12:33:20+00:00\",\"dateModified\":\"2024-03-17T12:38:15+00:00\",\"description\":\"Vous souhaitez passer une commande ou vous avez une question ? Nos experts se feront un plaisir de vous aider par t\u00e9l\u00e9phone ou par e-mail.\",\"breadcrumb\":{\"@id\":\"https:\/\/old.epodex-industries.com\/de\/unternehmen\/kontakt\/#breadcrumb\"},\"inLanguage\":\"fr-FR\",\"potentialAction\":[{\"@type\":\"ReadAction\",\"target\":[\"https:\/\/old.epodex-industries.com\/de\/unternehmen\/kontakt\/\"]}]},{\"@type\":\"BreadcrumbList\",\"@id\":\"https:\/\/old.epodex-industries.com\/de\/unternehmen\/kontakt\/#breadcrumb\",\"itemListElement\":[{\"@type\":\"ListItem\",\"position\":1,\"name\":\"Startseite\",\"item\":\"https:\/\/old.epodex-industries.com\/fr\/\"},{\"@type\":\"ListItem\",\"position\":2,\"name\":\"Profil de la soci\u00e9t\u00e9\",\"item\":\"https:\/\/old.epodex-industries.com\/de\/unternehmen\/\"},{\"@type\":\"ListItem\",\"position\":3,\"name\":\"Contact &#038; Conseils\"}]},{\"@type\":\"WebSite\",\"@id\":\"https:\/\/old.epodex-industries.com\/fr\/#website\",\"url\":\"https:\/\/old.epodex-industries.com\/fr\/\",\"name\":\"EPODEX Industries | B2B Plattform\",\"description\":\"Hersteller + Gro\u00dfhandel f\u00fcr Baustoffe\",\"publisher\":{\"@id\":\"https:\/\/old.epodex-industries.com\/fr\/#organization\"},\"alternateName\":\"EPODEX Industries | Hersteller + Gro\u00dfhandel f\u00fcr Baustoffe\",\"potentialAction\":[{\"@type\":\"SearchAction\",\"target\":{\"@type\":\"EntryPoint\",\"urlTemplate\":\"https:\/\/old.epodex-industries.com\/fr\/?s={search_term_string}\"},\"query-input\":{\"@type\":\"PropertyValueSpecification\",\"valueRequired\":true,\"valueName\":\"search_term_string\"}}],\"inLanguage\":\"fr-FR\"},{\"@type\":\"Organization\",\"@id\":\"https:\/\/old.epodex-industries.com\/fr\/#organization\",\"name\":\"EPODEX Industries\",\"url\":\"https:\/\/old.epodex-industries.com\/fr\/\",\"logo\":{\"@type\":\"ImageObject\",\"inLanguage\":\"fr-FR\",\"@id\":\"https:\/\/old.epodex-industries.com\/fr\/#\/schema\/logo\/image\/\",\"url\":\"https:\/\/www.epodex-industries.com\/wp-content\/uploads\/2023\/06\/Logo-Epodex-Rechnung.jpg\",\"contentUrl\":\"https:\/\/www.epodex-industries.com\/wp-content\/uploads\/2023\/06\/Logo-Epodex-Rechnung.jpg\",\"width\":261,\"height\":50,\"caption\":\"EPODEX Industries\"},\"image\":{\"@id\":\"https:\/\/old.epodex-industries.com\/fr\/#\/schema\/logo\/image\/\"},\"sameAs\":[\"https:\/\/www.facebook.com\/Epodex\/\",\"https:\/\/www.instagram.com\/epodex_official\/\",\"https:\/\/www.pinterest.de\/epodex_com\/\",\"https:\/\/www.youtube.com\/channel\/UC7lFrJ9YpN1yg43sTc6q3ow\"]}]}<\/script>\n<!-- \/ Yoast SEO plugin. -->","yoast_head_json":{"title":"Contact & Conseils - EPODEX Industries | B2B Plattform","description":"Vous souhaitez passer une commande ou vous avez une question ? Nos experts se feront un plaisir de vous aider par t\u00e9l\u00e9phone ou par e-mail.","robots":{"index":"index","follow":"follow","max-snippet":"max-snippet:-1","max-image-preview":"max-image-preview:large","max-video-preview":"max-video-preview:-1"},"canonical":"https:\/\/old.epodex-industries.com\/de\/unternehmen\/kontakt\/","og_locale":"fr_FR","og_type":"article","og_title":"Contact & Conseils - EPODEX Industries | B2B Plattform","og_description":"Vous souhaitez passer une commande ou vous avez une question ? Nos experts se feront un plaisir de vous aider par t\u00e9l\u00e9phone ou par e-mail.","og_url":"https:\/\/old.epodex-industries.com\/de\/unternehmen\/kontakt\/","og_site_name":"EPODEX Industries | B2B Plattform","article_publisher":"https:\/\/www.facebook.com\/Epodex\/","article_modified_time":"2024-03-17T12:38:15+00:00","twitter_card":"summary_large_image","twitter_misc":{"Dur\u00e9e de lecture estim\u00e9e":"1 minute"},"schema":{"@context":"https:\/\/schema.org","@graph":[{"@type":"WebPage","@id":"https:\/\/old.epodex-industries.com\/de\/unternehmen\/kontakt\/","url":"https:\/\/old.epodex-industries.com\/de\/unternehmen\/kontakt\/","name":"Contact & Conseils - EPODEX Industries | B2B Plattform","isPartOf":{"@id":"https:\/\/old.epodex-industries.com\/fr\/#website"},"datePublished":"2024-03-17T12:33:20+00:00","dateModified":"2024-03-17T12:38:15+00:00","description":"Vous souhaitez passer une commande ou vous avez une question ? Nos experts se feront un plaisir de vous aider par t\u00e9l\u00e9phone ou par e-mail.","breadcrumb":{"@id":"https:\/\/old.epodex-industries.com\/de\/unternehmen\/kontakt\/#breadcrumb"},"inLanguage":"fr-FR","potentialAction":[{"@type":"ReadAction","target":["https:\/\/old.epodex-industries.com\/de\/unternehmen\/kontakt\/"]}]},{"@type":"BreadcrumbList","@id":"https:\/\/old.epodex-industries.com\/de\/unternehmen\/kontakt\/#breadcrumb","itemListElement":[{"@type":"ListItem","position":1,"name":"Startseite","item":"https:\/\/old.epodex-industries.com\/fr\/"},{"@type":"ListItem","position":2,"name":"Profil de la soci\u00e9t\u00e9","item":"https:\/\/old.epodex-industries.com\/de\/unternehmen\/"},{"@type":"ListItem","position":3,"name":"Contact &#038; Conseils"}]},{"@type":"WebSite","@id":"https:\/\/old.epodex-industries.com\/fr\/#website","url":"https:\/\/old.epodex-industries.com\/fr\/","name":"EPODEX Industries | B2B Plattform","description":"Hersteller + Gro\u00dfhandel f\u00fcr Baustoffe","publisher":{"@id":"https:\/\/old.epodex-industries.com\/fr\/#organization"},"alternateName":"EPODEX Industries | Hersteller + Gro\u00dfhandel f\u00fcr Baustoffe","potentialAction":[{"@type":"SearchAction","target":{"@type":"EntryPoint","urlTemplate":"https:\/\/old.epodex-industries.com\/fr\/?s={search_term_string}"},"query-input":{"@type":"PropertyValueSpecification","valueRequired":true,"valueName":"search_term_string"}}],"inLanguage":"fr-FR"},{"@type":"Organization","@id":"https:\/\/old.epodex-industries.com\/fr\/#organization","name":"EPODEX Industries","url":"https:\/\/old.epodex-industries.com\/fr\/","logo":{"@type":"ImageObject","inLanguage":"fr-FR","@id":"https:\/\/old.epodex-industries.com\/fr\/#\/schema\/logo\/image\/","url":"https:\/\/www.epodex-industries.com\/wp-content\/uploads\/2023\/06\/Logo-Epodex-Rechnung.jpg","contentUrl":"https:\/\/www.epodex-industries.com\/wp-content\/uploads\/2023\/06\/Logo-Epodex-Rechnung.jpg","width":261,"height":50,"caption":"EPODEX Industries"},"image":{"@id":"https:\/\/old.epodex-industries.com\/fr\/#\/schema\/logo\/image\/"},"sameAs":["https:\/\/www.facebook.com\/Epodex\/","https:\/\/www.instagram.com\/epodex_official\/","https:\/\/www.pinterest.de\/epodex_com\/","https:\/\/www.youtube.com\/channel\/UC7lFrJ9YpN1yg43sTc6q3ow"]}]}},"_links":{"self":[{"href":"https:\/\/old.epodex-industries.com\/fr\/wp-json\/wp\/v2\/pages\/15886","targetHints":{"allow":["GET"]}}],"collection":[{"href":"https:\/\/old.epodex-industries.com\/fr\/wp-json\/wp\/v2\/pages"}],"about":[{"href":"https:\/\/old.epodex-industries.com\/fr\/wp-json\/wp\/v2\/types\/page"}],"author":[{"embeddable":true,"href":"https:\/\/old.epodex-industries.com\/fr\/wp-json\/wp\/v2\/users\/1"}],"replies":[{"embeddable":true,"href":"https:\/\/old.epodex-industries.com\/fr\/wp-json\/wp\/v2\/comments?post=15886"}],"version-history":[{"count":3,"href":"https:\/\/old.epodex-industries.com\/fr\/wp-json\/wp\/v2\/pages\/15886\/revisions"}],"predecessor-version":[{"id":15889,"href":"https:\/\/old.epodex-industries.com\/fr\/wp-json\/wp\/v2\/pages\/15886\/revisions\/15889"}],"up":[{"embeddable":true,"href":"https:\/\/old.epodex-industries.com\/fr\/wp-json\/wp\/v2\/pages\/15870"}],"wp:attachment":[{"href":"https:\/\/old.epodex-industries.com\/fr\/wp-json\/wp\/v2\/media?parent=15886"}],"curies":[{"name":"wp","href":"https:\/\/api.w.org\/{rel}","templated":true}]}}