{"id":15857,"date":"2023-08-25T18:29:26","date_gmt":"2023-08-25T16:29:26","guid":{"rendered":"https:\/\/www.epodex-industries.com\/services\/schulungen-events\/"},"modified":"2024-03-17T13:06:25","modified_gmt":"2024-03-17T12:06:25","slug":"formations-evenements","status":"publish","type":"page","link":"https:\/\/old.epodex-industries.com\/fr\/services\/formations-evenements\/","title":{"rendered":"Formations \/ \u00e9v\u00e9nements"},"content":{"rendered":"<div class=\"wpb-content-wrapper\"><p>[vc_row el_class=\u00a0\u00bbsplit-50-50&Prime;][vc_column width=\u00a0\u00bb1\/2&Prime;][vc_column_text]<\/p>\n<h2>Formation pour les professionnels<\/h2>\n<p>Nos produits sont destin\u00e9s \u00e0 \u00eatre utilis\u00e9s par des particuliers et des professionnels. En plus de notre cha\u00eene YouTube, de nos pages d&rsquo;information et de notre service client\u00e8le EPODEX, nous proposons des formations cibl\u00e9es.<\/p>\n<p>Dans le cadre de nos formations pratiques intensives, nous vous montrons comment utiliser correctement nos produits. Les formations sont organis\u00e9es \u00e0 intervalles r\u00e9guliers par notre personnel form\u00e9 et certifi\u00e9 \u00e0 Krefeld (Allemagne). Vous trouverez les prochaines dates de formation sur cette page. Nous vous ferons un plaisir de vous y accueillir![\/vc_column_text]                <div class=\"qa-tabs-holder\" itemscope itemtype=\"https:\/\/schema.org\/FAQPage\">\n\t\t\t\t\t                        <div itemscope itemprop=\"mainEntity\" itemtype=\"https:\/\/schema.org\/Question\" class=\"single-qa \">\n                            <h3 itemprop=\"name\" class=\"tab-question\">Qu'est-ce que nous apprenons lors de la formation?<\/h3>\n                            <div itemscope itemprop=\"acceptedAnswer\" itemtype=\"https:\/\/schema.org\/Answer\" class=\"tab-answer\">\n                                <div itemprop=\"text\">\n                                    Le contenu de la formation varie en fonction du th\u00e8me. Vous trouverez des informations plus pr\u00e9cises sur le contenu de la formation dans la description de chaque formation.                                <\/div>\n                            <\/div>\n                        <\/div>\n\t\t\t\t\t                        <div itemscope itemprop=\"mainEntity\" itemtype=\"https:\/\/schema.org\/Question\" class=\"single-qa \">\n                            <h3 itemprop=\"name\" class=\"tab-question\">Combien co\u00fbte une formation?<\/h3>\n                            <div itemscope itemprop=\"acceptedAnswer\" itemtype=\"https:\/\/schema.org\/Answer\" class=\"tab-answer\">\n                                <div itemprop=\"text\">\n                                    Le co\u00fbt d'une formation varie entre 600 et 2500 euros, en fonction de la dur\u00e9e et de la complexit\u00e9 du cours.                                <\/div>\n                            <\/div>\n                        <\/div>\n\t\t\t\t\t                <\/div>\n\t\t\t[\/vc_column][vc_column width=\u00a0\u00bb1\/2&Prime;][vc_single_image image=\u00a0\u00bb191&Prime; img_size=\u00a0\u00bbfull\u00a0\u00bb][\/vc_column][\/vc_row][vc_row full_width=\u00a0\u00bbstretch_row\u00a0\u00bb parallax=\u00a0\u00bbcontent-moving-fade\u00a0\u00bb parallax_image=\u00a0\u00bb86&Prime; parallax_speed_bg=\u00a0\u00bbnone\u00a0\u00bb el_class=\u00a0\u00bbtrust_area\u00a0\u00bb css=\u00a0\u00bb.vc_custom_1639166433668{padding-bottom: 40px !important;}\u00a0\u00bb][vc_column]            <div class=\"events-wrapper\" style=\"--desktop-columns: 3; --tablet-columns: 3; --mobile-columns: 1\">\n\t\t\t\t                    <div class=\"event-card\">\n                        <div class=\"d-flex flex-column justify-content-between h-100\">\n                            <div>\n                                <div class=\"d-flex justify-content-between mb-3\">\n                                    <h4 class=\"mb-0 mr-4\">Formation pour les artisans:<\/h4>\n\t\t\t\t\t\t\t\t\t                                <\/div>\n\t\t\t\t\t\t\t\t                                    <p class=\"mb-3\">D\u00e9couvrez nos formations sur mesure pour les artisans, qui ont pour but d'\u00e9largir et d'approfondir vos connaissances et vos comp\u00e9tences dans diff\u00e9rents domaines du m\u00e9tier.<\/p>\n\t\t\t\t\t\t\t\t                            <\/div>\n                            <div>\n\t\t\t\t\t\t\t\t                                    <div class=\"event-card-detail mb-2\">\n                                        <i class=\"fa fa-calendar-o\" aria-hidden=\"true\"><\/i>\n                                        <span>05.04.2024<\/span>\n                                    <\/div>\n\t\t\t\t\t\t\t\t\t\t\t\t\t\t\t\t                                    <div class=\"event-card-detail\">\n                                        <i class=\"fa fa-map-marker\" aria-hidden=\"true\"><\/i>\n                                        <span>Krefeld<\/span>\n                                    <\/div>\n\t\t\t\t\t\t\t\t\t\t\t\t\t\t\t\t                                    <div class=\"d-flex flex-wrap border-top mt-3 pt-2\">\n\t\t\t\t\t\t\t\t\t\t                                            <div class=\"mb-0 mt-2 mr-2 alert alert-primary py-1 px-2 rounded-pill small\">\n\t\t\t\t\t\t\t\t\t\t\t\tEntra\u00eenement                                            <\/div>\n\t\t\t\t\t\t\t\t\t\t                                            <div class=\"mb-0 mt-2 mr-2 alert alert-primary py-1 px-2 rounded-pill small\">\n\t\t\t\t\t\t\t\t\t\t\t\tBricoleur                                            <\/div>\n\t\t\t\t\t\t\t\t\t\t                                            <div class=\"mb-0 mt-2 mr-2 alert alert-primary py-1 px-2 rounded-pill small\">\n\t\t\t\t\t\t\t\t\t\t\t\t\u00c9podex                                            <\/div>\n\t\t\t\t\t\t\t\t\t\t                                    <\/div>\n\t\t\t\t\t\t\t\t                            <\/div>\n                        <\/div>\n                    <\/div>\n\t\t\t\t                    <div class=\"event-card\">\n                        <div class=\"d-flex flex-column justify-content-between h-100\">\n                            <div>\n                                <div class=\"d-flex justify-content-between mb-3\">\n                                    <h4 class=\"mb-0 mr-4\">Rev\u00eatements de sol en r\u00e9sine<\/h4>\n\t\t\t\t\t\t\t\t\t                                <\/div>\n\t\t\t\t\t\t\t\t                                    <p class=\"mb-3\">Apprenez tout sur l'art du rev\u00eatement de sol avec de la r\u00e9sine dans notre formation sp\u00e9cialis\u00e9e - Pr\u00e9paration du support, application et finition.<\/p>\n\t\t\t\t\t\t\t\t                            <\/div>\n                            <div>\n\t\t\t\t\t\t\t\t                                    <div class=\"event-card-detail mb-2\">\n                                        <i class=\"fa fa-calendar-o\" aria-hidden=\"true\"><\/i>\n                                        <span>23.04.2024<\/span>\n                                    <\/div>\n\t\t\t\t\t\t\t\t\t\t\t\t\t\t\t\t                                    <div class=\"event-card-detail\">\n                                        <i class=\"fa fa-map-marker\" aria-hidden=\"true\"><\/i>\n                                        <span>Krefeld<\/span>\n                                    <\/div>\n\t\t\t\t\t\t\t\t\t\t\t\t\t\t\t\t                                    <div class=\"d-flex flex-wrap border-top mt-3 pt-2\">\n\t\t\t\t\t\t\t\t\t\t                                            <div class=\"mb-0 mt-2 mr-2 alert alert-primary py-1 px-2 rounded-pill small\">\n\t\t\t\t\t\t\t\t\t\t\t\tEntra\u00eenement                                            <\/div>\n\t\t\t\t\t\t\t\t\t\t                                            <div class=\"mb-0 mt-2 mr-2 alert alert-primary py-1 px-2 rounded-pill small\">\n\t\t\t\t\t\t\t\t\t\t\t\tRev\u00eatements de sol                                            <\/div>\n\t\t\t\t\t\t\t\t\t\t                                            <div class=\"mb-0 mt-2 mr-2 alert alert-primary py-1 px-2 rounded-pill small\">\n\t\t\t\t\t\t\t\t\t\t\t\tr\u00e9sine                                            <\/div>\n\t\t\t\t\t\t\t\t\t\t                                    <\/div>\n\t\t\t\t\t\t\t\t                            <\/div>\n                        <\/div>\n                    <\/div>\n\t\t\t\t                    <div class=\"event-card\">\n                        <div class=\"d-flex flex-column justify-content-between h-100\">\n                            <div>\n                                <div class=\"d-flex justify-content-between mb-3\">\n                                    <h4 class=\"mb-0 mr-4\">Formations sur la mise en \u0153uvre du b\u00e9ton cir\u00e9<\/h4>\n\t\t\t\t\t\t\t\t\t                                <\/div>\n\t\t\t\t\t\t\t\t                                    <p class=\"mb-3\">Plongez dans l'univers du b\u00e9ton cir\u00e9 gr\u00e2ce \u00e0 nos formations professionnelles et acqu\u00e9rez des connaissances compl\u00e8tes sur sa mise en \u0153uvre et son utilisation.<\/p>\n\t\t\t\t\t\t\t\t                            <\/div>\n                            <div>\n\t\t\t\t\t\t\t\t                                    <div class=\"event-card-detail mb-2\">\n                                        <i class=\"fa fa-calendar-o\" aria-hidden=\"true\"><\/i>\n                                        <span>13.05.2024<\/span>\n                                    <\/div>\n\t\t\t\t\t\t\t\t\t\t\t\t\t\t\t\t                                    <div class=\"event-card-detail\">\n                                        <i class=\"fa fa-map-marker\" aria-hidden=\"true\"><\/i>\n                                        <span>Krefeld<\/span>\n                                    <\/div>\n\t\t\t\t\t\t\t\t\t\t\t\t\t\t\t\t                                    <div class=\"d-flex flex-wrap border-top mt-3 pt-2\">\n\t\t\t\t\t\t\t\t\t\t                                            <div class=\"mb-0 mt-2 mr-2 alert alert-primary py-1 px-2 rounded-pill small\">\n\t\t\t\t\t\t\t\t\t\t\t\tEntra\u00eenement                                            <\/div>\n\t\t\t\t\t\t\t\t\t\t                                            <div class=\"mb-0 mt-2 mr-2 alert alert-primary py-1 px-2 rounded-pill small\">\n\t\t\t\t\t\t\t\t\t\t\t\tRev\u00eatements de sol                                            <\/div>\n\t\t\t\t\t\t\t\t\t\t                                            <div class=\"mb-0 mt-2 mr-2 alert alert-primary py-1 px-2 rounded-pill small\">\n\t\t\t\t\t\t\t\t\t\t\t\tr\u00e9sine                                            <\/div>\n\t\t\t\t\t\t\t\t\t\t                                    <\/div>\n\t\t\t\t\t\t\t\t                            <\/div>\n                        <\/div>\n                    <\/div>\n\t\t\t\t            <\/div>\n\t\t\t[\/vc_column][\/vc_row]<\/p>\n<\/div>","protected":false},"excerpt":{"rendered":"<p>[vc_row el_class=\u00a0\u00bbsplit-50-50&Prime;][vc_column width=\u00a0\u00bb1\/2&Prime;][vc_column_text] Formation pour les professionnels Nos produits sont destin\u00e9s \u00e0 \u00eatre utilis\u00e9s par des particuliers et des professionnels. En plus de notre cha\u00eene YouTube, de nos pages d&rsquo;information et de notre service client\u00e8le EPODEX, nous proposons des formations cibl\u00e9es. Dans le cadre de nos formations pratiques intensives, nous vous montrons comment utiliser correctement [&hellip;]<\/p>\n","protected":false},"author":4,"featured_media":0,"parent":15846,"menu_order":0,"comment_status":"closed","ping_status":"closed","template":"","meta":{"footnotes":""},"class_list":["post-15857","page","type-page","status-publish","hentry"],"yoast_head":"<!-- This site is optimized with the Yoast SEO plugin v26.7 - https:\/\/yoast.com\/wordpress\/plugins\/seo\/ -->\n<title>Formations \/ \u00e9v\u00e9nements -pour les partenaires avec EPODEX<\/title>\n<meta name=\"description\" content=\"Formation pour les transformateurs et partenaires EPODEX | Formation pratique | Pour les utilisateurs commerciaux | EPODEX Industries\" \/>\n<meta name=\"robots\" content=\"index, follow, max-snippet:-1, max-image-preview:large, max-video-preview:-1\" \/>\n<link rel=\"canonical\" href=\"https:\/\/old.epodex-industries.com\/fr\/services\/formations-evenements\/\" \/>\n<meta property=\"og:locale\" content=\"fr_FR\" \/>\n<meta property=\"og:type\" content=\"article\" \/>\n<meta property=\"og:title\" content=\"Formations \/ \u00e9v\u00e9nements -pour les partenaires avec EPODEX\" \/>\n<meta property=\"og:description\" content=\"Formation pour les transformateurs et partenaires EPODEX | Formation pratique | Pour les utilisateurs commerciaux | EPODEX Industries\" \/>\n<meta property=\"og:url\" content=\"https:\/\/old.epodex-industries.com\/fr\/services\/formations-evenements\/\" \/>\n<meta property=\"og:site_name\" content=\"EPODEX Industries | B2B Plattform\" \/>\n<meta property=\"article:publisher\" content=\"https:\/\/www.facebook.com\/Epodex\/\" \/>\n<meta property=\"article:modified_time\" content=\"2024-03-17T12:06:25+00:00\" \/>\n<meta name=\"twitter:card\" content=\"summary_large_image\" \/>\n<meta name=\"twitter:label1\" content=\"Dur\u00e9e de lecture estim\u00e9e\" \/>\n\t<meta name=\"twitter:data1\" content=\"1 minute\" \/>\n<script type=\"application\/ld+json\" class=\"yoast-schema-graph\">{\"@context\":\"https:\/\/schema.org\",\"@graph\":[{\"@type\":\"WebPage\",\"@id\":\"https:\/\/old.epodex-industries.com\/fr\/services\/formations-evenements\/\",\"url\":\"https:\/\/old.epodex-industries.com\/fr\/services\/formations-evenements\/\",\"name\":\"Formations \/ \u00e9v\u00e9nements -pour les partenaires avec EPODEX\",\"isPartOf\":{\"@id\":\"https:\/\/old.epodex-industries.com\/fr\/#website\"},\"datePublished\":\"2023-08-25T16:29:26+00:00\",\"dateModified\":\"2024-03-17T12:06:25+00:00\",\"description\":\"Formation pour les transformateurs et partenaires EPODEX | Formation pratique | Pour les utilisateurs commerciaux | EPODEX Industries\",\"breadcrumb\":{\"@id\":\"https:\/\/old.epodex-industries.com\/fr\/services\/formations-evenements\/#breadcrumb\"},\"inLanguage\":\"fr-FR\",\"potentialAction\":[{\"@type\":\"ReadAction\",\"target\":[\"https:\/\/old.epodex-industries.com\/fr\/services\/formations-evenements\/\"]}]},{\"@type\":\"BreadcrumbList\",\"@id\":\"https:\/\/old.epodex-industries.com\/fr\/services\/formations-evenements\/#breadcrumb\",\"itemListElement\":[{\"@type\":\"ListItem\",\"position\":1,\"name\":\"Startseite\",\"item\":\"https:\/\/old.epodex-industries.com\/fr\/\"},{\"@type\":\"ListItem\",\"position\":2,\"name\":\"Services\",\"item\":\"https:\/\/old.epodex-industries.com\/de\/service\/\"},{\"@type\":\"ListItem\",\"position\":3,\"name\":\"Formations \/ \u00e9v\u00e9nements\"}]},{\"@type\":\"WebSite\",\"@id\":\"https:\/\/old.epodex-industries.com\/fr\/#website\",\"url\":\"https:\/\/old.epodex-industries.com\/fr\/\",\"name\":\"EPODEX Industries | B2B Plattform\",\"description\":\"Hersteller + Gro\u00dfhandel f\u00fcr Baustoffe\",\"publisher\":{\"@id\":\"https:\/\/old.epodex-industries.com\/fr\/#organization\"},\"alternateName\":\"EPODEX Industries | Hersteller + Gro\u00dfhandel f\u00fcr Baustoffe\",\"potentialAction\":[{\"@type\":\"SearchAction\",\"target\":{\"@type\":\"EntryPoint\",\"urlTemplate\":\"https:\/\/old.epodex-industries.com\/fr\/?s={search_term_string}\"},\"query-input\":{\"@type\":\"PropertyValueSpecification\",\"valueRequired\":true,\"valueName\":\"search_term_string\"}}],\"inLanguage\":\"fr-FR\"},{\"@type\":\"Organization\",\"@id\":\"https:\/\/old.epodex-industries.com\/fr\/#organization\",\"name\":\"EPODEX Industries\",\"url\":\"https:\/\/old.epodex-industries.com\/fr\/\",\"logo\":{\"@type\":\"ImageObject\",\"inLanguage\":\"fr-FR\",\"@id\":\"https:\/\/old.epodex-industries.com\/fr\/#\/schema\/logo\/image\/\",\"url\":\"https:\/\/www.epodex-industries.com\/wp-content\/uploads\/2023\/06\/Logo-Epodex-Rechnung.jpg\",\"contentUrl\":\"https:\/\/www.epodex-industries.com\/wp-content\/uploads\/2023\/06\/Logo-Epodex-Rechnung.jpg\",\"width\":261,\"height\":50,\"caption\":\"EPODEX Industries\"},\"image\":{\"@id\":\"https:\/\/old.epodex-industries.com\/fr\/#\/schema\/logo\/image\/\"},\"sameAs\":[\"https:\/\/www.facebook.com\/Epodex\/\",\"https:\/\/www.instagram.com\/epodex_official\/\",\"https:\/\/www.pinterest.de\/epodex_com\/\",\"https:\/\/www.youtube.com\/channel\/UC7lFrJ9YpN1yg43sTc6q3ow\"]}]}<\/script>\n<!-- \/ Yoast SEO plugin. -->","yoast_head_json":{"title":"Formations \/ \u00e9v\u00e9nements -pour les partenaires avec EPODEX","description":"Formation pour les transformateurs et partenaires EPODEX | Formation pratique | Pour les utilisateurs commerciaux | EPODEX Industries","robots":{"index":"index","follow":"follow","max-snippet":"max-snippet:-1","max-image-preview":"max-image-preview:large","max-video-preview":"max-video-preview:-1"},"canonical":"https:\/\/old.epodex-industries.com\/fr\/services\/formations-evenements\/","og_locale":"fr_FR","og_type":"article","og_title":"Formations \/ \u00e9v\u00e9nements -pour les partenaires avec EPODEX","og_description":"Formation pour les transformateurs et partenaires EPODEX | Formation pratique | Pour les utilisateurs commerciaux | EPODEX Industries","og_url":"https:\/\/old.epodex-industries.com\/fr\/services\/formations-evenements\/","og_site_name":"EPODEX Industries | B2B Plattform","article_publisher":"https:\/\/www.facebook.com\/Epodex\/","article_modified_time":"2024-03-17T12:06:25+00:00","twitter_card":"summary_large_image","twitter_misc":{"Dur\u00e9e de lecture estim\u00e9e":"1 minute"},"schema":{"@context":"https:\/\/schema.org","@graph":[{"@type":"WebPage","@id":"https:\/\/old.epodex-industries.com\/fr\/services\/formations-evenements\/","url":"https:\/\/old.epodex-industries.com\/fr\/services\/formations-evenements\/","name":"Formations \/ \u00e9v\u00e9nements -pour les partenaires avec EPODEX","isPartOf":{"@id":"https:\/\/old.epodex-industries.com\/fr\/#website"},"datePublished":"2023-08-25T16:29:26+00:00","dateModified":"2024-03-17T12:06:25+00:00","description":"Formation pour les transformateurs et partenaires EPODEX | Formation pratique | Pour les utilisateurs commerciaux | EPODEX Industries","breadcrumb":{"@id":"https:\/\/old.epodex-industries.com\/fr\/services\/formations-evenements\/#breadcrumb"},"inLanguage":"fr-FR","potentialAction":[{"@type":"ReadAction","target":["https:\/\/old.epodex-industries.com\/fr\/services\/formations-evenements\/"]}]},{"@type":"BreadcrumbList","@id":"https:\/\/old.epodex-industries.com\/fr\/services\/formations-evenements\/#breadcrumb","itemListElement":[{"@type":"ListItem","position":1,"name":"Startseite","item":"https:\/\/old.epodex-industries.com\/fr\/"},{"@type":"ListItem","position":2,"name":"Services","item":"https:\/\/old.epodex-industries.com\/de\/service\/"},{"@type":"ListItem","position":3,"name":"Formations \/ \u00e9v\u00e9nements"}]},{"@type":"WebSite","@id":"https:\/\/old.epodex-industries.com\/fr\/#website","url":"https:\/\/old.epodex-industries.com\/fr\/","name":"EPODEX Industries | B2B Plattform","description":"Hersteller + Gro\u00dfhandel f\u00fcr Baustoffe","publisher":{"@id":"https:\/\/old.epodex-industries.com\/fr\/#organization"},"alternateName":"EPODEX Industries | Hersteller + Gro\u00dfhandel f\u00fcr Baustoffe","potentialAction":[{"@type":"SearchAction","target":{"@type":"EntryPoint","urlTemplate":"https:\/\/old.epodex-industries.com\/fr\/?s={search_term_string}"},"query-input":{"@type":"PropertyValueSpecification","valueRequired":true,"valueName":"search_term_string"}}],"inLanguage":"fr-FR"},{"@type":"Organization","@id":"https:\/\/old.epodex-industries.com\/fr\/#organization","name":"EPODEX Industries","url":"https:\/\/old.epodex-industries.com\/fr\/","logo":{"@type":"ImageObject","inLanguage":"fr-FR","@id":"https:\/\/old.epodex-industries.com\/fr\/#\/schema\/logo\/image\/","url":"https:\/\/www.epodex-industries.com\/wp-content\/uploads\/2023\/06\/Logo-Epodex-Rechnung.jpg","contentUrl":"https:\/\/www.epodex-industries.com\/wp-content\/uploads\/2023\/06\/Logo-Epodex-Rechnung.jpg","width":261,"height":50,"caption":"EPODEX Industries"},"image":{"@id":"https:\/\/old.epodex-industries.com\/fr\/#\/schema\/logo\/image\/"},"sameAs":["https:\/\/www.facebook.com\/Epodex\/","https:\/\/www.instagram.com\/epodex_official\/","https:\/\/www.pinterest.de\/epodex_com\/","https:\/\/www.youtube.com\/channel\/UC7lFrJ9YpN1yg43sTc6q3ow"]}]}},"_links":{"self":[{"href":"https:\/\/old.epodex-industries.com\/fr\/wp-json\/wp\/v2\/pages\/15857","targetHints":{"allow":["GET"]}}],"collection":[{"href":"https:\/\/old.epodex-industries.com\/fr\/wp-json\/wp\/v2\/pages"}],"about":[{"href":"https:\/\/old.epodex-industries.com\/fr\/wp-json\/wp\/v2\/types\/page"}],"author":[{"embeddable":true,"href":"https:\/\/old.epodex-industries.com\/fr\/wp-json\/wp\/v2\/users\/4"}],"replies":[{"embeddable":true,"href":"https:\/\/old.epodex-industries.com\/fr\/wp-json\/wp\/v2\/comments?post=15857"}],"version-history":[{"count":3,"href":"https:\/\/old.epodex-industries.com\/fr\/wp-json\/wp\/v2\/pages\/15857\/revisions"}],"predecessor-version":[{"id":15860,"href":"https:\/\/old.epodex-industries.com\/fr\/wp-json\/wp\/v2\/pages\/15857\/revisions\/15860"}],"up":[{"embeddable":true,"href":"https:\/\/old.epodex-industries.com\/fr\/wp-json\/wp\/v2\/pages\/15846"}],"wp:attachment":[{"href":"https:\/\/old.epodex-industries.com\/fr\/wp-json\/wp\/v2\/media?parent=15857"}],"curies":[{"name":"wp","href":"https:\/\/api.w.org\/{rel}","templated":true}]}}