{"id":15849,"date":"2023-08-25T18:35:44","date_gmt":"2023-08-25T16:35:44","guid":{"rendered":"https:\/\/www.epodex-industries.com\/services\/logistik-versand\/"},"modified":"2024-04-02T18:32:45","modified_gmt":"2024-04-02T16:32:45","slug":"logistique-envoi","status":"publish","type":"page","link":"https:\/\/old.epodex-industries.com\/fr\/services\/logistique-envoi\/","title":{"rendered":"Logistique \/ Envoi dans le monde entier"},"content":{"rendered":"<div class=\"wpb-content-wrapper\"><p>[vc_row full_width=\u00a0\u00bbstretch_row\u00a0\u00bb][vc_column width=\u00a0\u00bb1\/3&Prime;][vc_column_text]<\/p>\n<h2>Centre d&rsquo;entreposage et de logistique<\/h2>\n<p>Notre centre d&rsquo;entreposage et de logistique est sp\u00e9cialement con\u00e7u pour r\u00e9pondre aux besoins exigeants de nos clients B2B. Gr\u00e2ce \u00e0 une technique de stockage ultramoderne et \u00e0 des processus logistiques optimis\u00e9s, nous garantissons <strong>un traitement rapide et sans erreur de vos commandes.<\/strong><\/p>\n<p>Gr\u00e2ce \u00e0 un vaste r\u00e9seau de <strong>partenaires assurant la livraison<\/strong>, nous garantissons des <strong>livraisons<\/strong> fiables et ponctuelles dans <strong>le monde entier<\/strong>. Quel que soit l&rsquo;endroit o\u00f9 vous vous trouvez, nous pouvons vous livrer nos produits rapidement et en toute s\u00e9curit\u00e9. Si n\u00e9cessaire, nous nous chargeons \u00e9galement des <strong>formalit\u00e9s douani\u00e8res<\/strong> pour vous.[\/vc_column_text][\/vc_column][vc_column width=\u00a0\u00bb2\/3&Prime;]            <div class=\"single-video-holder\">\n                <div class=\"inner-holder\">\n                    <div >\n\t\t\t\t\t\t<div class=\"video-holder \"><video  controls >\n                                                      <source src=\"https:\/\/www.epodex-industries.com\/medien\/videos\/epodex-industries-b2b-grosshandel.mp4\">\n                                                      <source src=\"\" >\n                                                      Your browser does not support HTML video.\n                                                    <\/video><\/div>                    <\/div>\n                <\/div>\n            <\/div>\n\t\t\t[\/vc_column][\/vc_row][vc_row full_width=\u00a0\u00bbstretch_row\u00a0\u00bb el_class=\u00a0\u00bbwhite-area\u00a0\u00bb][vc_column]            <style>\n                .dmd-images-custom-gallery-holder.cgs_74fc3312-3a51-4514-bab5-0318846f2428 .dmd-image-slide-item {\n                    width: 33.333333333333%;\n                }\n\n                @media (max-width: 1200px) {\n                    .dmd-images-custom-gallery-holder.cgs_74fc3312-3a51-4514-bab5-0318846f2428 .dmd-image-slide-item {\n                        width: 50%;\n                    }\n                }\n\n                @media (max-width: 768px) {\n                    .dmd-images-custom-gallery-holder.cgs_74fc3312-3a51-4514-bab5-0318846f2428 .dmd-image-slide-item {\n                        width: 50%;\n                    }\n                }\n            <\/style>\n            <div class=\"dmd-images-custom-gallery-holder   disable-desktop  disable-tablet  disable-mobile cgs_74fc3312-3a51-4514-bab5-0318846f2428\"\n                 data-effect=\"carousel\"\n                 data-controls=\"true\"\n                 data-nav=\"true\"\n                 data-autoplay=\"\">\n\t\t\t\t                        <div class=\"dmd-image-slide-item\">\n\t\t\t\t\t\t\t                            <a href=\"https:\/\/old.epodex-industries.com\/wp-content\/uploads\/2023\/08\/epodex-industries-lager.jpg\"\n                               data-fancybox=\"ca284fea-e86b-4f24-928c-35b3e2adac9f\">\n\t\t\t\t\t\t\t\t\n\t\t\t\t\t\t\t\t<img loading=\"lazy\" decoding=\"async\" width=\"1200\" height=\"800\" src=\"https:\/\/old.epodex-industries.com\/wp-content\/uploads\/2023\/08\/epodex-industries-lager.jpg\" class=\"attachment-full size-full wvs-archive-product-image\" alt=\"epodex industries lager\" srcset=\"https:\/\/old.epodex-industries.com\/wp-content\/uploads\/2023\/08\/epodex-industries-lager.jpg 1200w, https:\/\/old.epodex-industries.com\/wp-content\/uploads\/2023\/08\/epodex-industries-lager-600x400.jpg 600w, https:\/\/old.epodex-industries.com\/wp-content\/uploads\/2023\/08\/epodex-industries-lager-1024x683.jpg 1024w, https:\/\/old.epodex-industries.com\/wp-content\/uploads\/2023\/08\/epodex-industries-lager-300x200.jpg 300w, https:\/\/old.epodex-industries.com\/wp-content\/uploads\/2023\/08\/epodex-industries-lager-768x512.jpg 768w, https:\/\/old.epodex-industries.com\/wp-content\/uploads\/2023\/08\/epodex-industries-lager-800x533.jpg 800w\" sizes=\"auto, (max-width: 1200px) 100vw, 1200px\" \/>\n\t\t\t\t\t\t\t\t                            <\/a>\n\t\t\t\t\t\t                        <\/div>\n\t\t\t\t\t                        <div class=\"dmd-image-slide-item\">\n\t\t\t\t\t\t\t                            <a href=\"https:\/\/old.epodex-industries.com\/wp-content\/uploads\/2023\/08\/epodex-industries-lager-regale.jpg\"\n                               data-fancybox=\"ca284fea-e86b-4f24-928c-35b3e2adac9f\">\n\t\t\t\t\t\t\t\t\n\t\t\t\t\t\t\t\t<img loading=\"lazy\" decoding=\"async\" width=\"1200\" height=\"800\" src=\"https:\/\/old.epodex-industries.com\/wp-content\/uploads\/2023\/08\/epodex-industries-lager-regale.jpg\" class=\"attachment-full size-full wvs-archive-product-image\" alt=\"epodex industries lager regale\" srcset=\"https:\/\/old.epodex-industries.com\/wp-content\/uploads\/2023\/08\/epodex-industries-lager-regale.jpg 1200w, https:\/\/old.epodex-industries.com\/wp-content\/uploads\/2023\/08\/epodex-industries-lager-regale-600x400.jpg 600w, https:\/\/old.epodex-industries.com\/wp-content\/uploads\/2023\/08\/epodex-industries-lager-regale-1024x683.jpg 1024w, https:\/\/old.epodex-industries.com\/wp-content\/uploads\/2023\/08\/epodex-industries-lager-regale-300x200.jpg 300w, https:\/\/old.epodex-industries.com\/wp-content\/uploads\/2023\/08\/epodex-industries-lager-regale-768x512.jpg 768w, https:\/\/old.epodex-industries.com\/wp-content\/uploads\/2023\/08\/epodex-industries-lager-regale-800x533.jpg 800w\" sizes=\"auto, (max-width: 1200px) 100vw, 1200px\" \/>\n\t\t\t\t\t\t\t\t                            <\/a>\n\t\t\t\t\t\t                        <\/div>\n\t\t\t\t\t                        <div class=\"dmd-image-slide-item\">\n\t\t\t\t\t\t\t                            <a href=\"https:\/\/old.epodex-industries.com\/wp-content\/uploads\/2021\/12\/epoxidharz-hersteller-grosshandel-epodex-3.jpg\"\n                               data-fancybox=\"ca284fea-e86b-4f24-928c-35b3e2adac9f\">\n\t\t\t\t\t\t\t\t\n\t\t\t\t\t\t\t\t<img loading=\"lazy\" decoding=\"async\" width=\"1200\" height=\"800\" src=\"https:\/\/old.epodex-industries.com\/wp-content\/uploads\/2021\/12\/epoxidharz-hersteller-grosshandel-epodex-3.jpg\" class=\"attachment-full size-full wvs-archive-product-image\" alt=\"epoxidharz hersteller grosshandel epodex\" srcset=\"https:\/\/old.epodex-industries.com\/wp-content\/uploads\/2021\/12\/epoxidharz-hersteller-grosshandel-epodex-3.jpg 1200w, https:\/\/old.epodex-industries.com\/wp-content\/uploads\/2021\/12\/epoxidharz-hersteller-grosshandel-epodex-3-800x533.jpg 800w, https:\/\/old.epodex-industries.com\/wp-content\/uploads\/2021\/12\/epoxidharz-hersteller-grosshandel-epodex-3-300x200.jpg 300w, https:\/\/old.epodex-industries.com\/wp-content\/uploads\/2021\/12\/epoxidharz-hersteller-grosshandel-epodex-3-600x400.jpg 600w, https:\/\/old.epodex-industries.com\/wp-content\/uploads\/2021\/12\/epoxidharz-hersteller-grosshandel-epodex-3-1024x683.jpg 1024w, https:\/\/old.epodex-industries.com\/wp-content\/uploads\/2021\/12\/epoxidharz-hersteller-grosshandel-epodex-3-768x512.jpg 768w\" sizes=\"auto, (max-width: 1200px) 100vw, 1200px\" \/>\n\t\t\t\t\t\t\t\t                            <\/a>\n\t\t\t\t\t\t                        <\/div>\n\t\t\t\t\t                        <div class=\"dmd-image-slide-item\">\n\t\t\t\t\t\t\t                            <a href=\"https:\/\/old.epodex-industries.com\/wp-content\/uploads\/2023\/08\/epodex-industries-produkte.jpg\"\n                               data-fancybox=\"ca284fea-e86b-4f24-928c-35b3e2adac9f\">\n\t\t\t\t\t\t\t\t\n\t\t\t\t\t\t\t\t<img loading=\"lazy\" decoding=\"async\" width=\"1200\" height=\"800\" src=\"https:\/\/old.epodex-industries.com\/wp-content\/uploads\/2023\/08\/epodex-industries-produkte.jpg\" class=\"attachment-full size-full wvs-archive-product-image\" alt=\"epodex industries produkte\" srcset=\"https:\/\/old.epodex-industries.com\/wp-content\/uploads\/2023\/08\/epodex-industries-produkte.jpg 1200w, https:\/\/old.epodex-industries.com\/wp-content\/uploads\/2023\/08\/epodex-industries-produkte-600x400.jpg 600w, https:\/\/old.epodex-industries.com\/wp-content\/uploads\/2023\/08\/epodex-industries-produkte-1024x683.jpg 1024w, https:\/\/old.epodex-industries.com\/wp-content\/uploads\/2023\/08\/epodex-industries-produkte-300x200.jpg 300w, https:\/\/old.epodex-industries.com\/wp-content\/uploads\/2023\/08\/epodex-industries-produkte-768x512.jpg 768w, https:\/\/old.epodex-industries.com\/wp-content\/uploads\/2023\/08\/epodex-industries-produkte-800x533.jpg 800w\" sizes=\"auto, (max-width: 1200px) 100vw, 1200px\" \/>\n\t\t\t\t\t\t\t\t                            <\/a>\n\t\t\t\t\t\t                        <\/div>\n\t\t\t\t\t                        <div class=\"dmd-image-slide-item\">\n\t\t\t\t\t\t\t                            <a href=\"https:\/\/old.epodex-industries.com\/wp-content\/uploads\/2021\/12\/epoxidharz-hersteller-ibc-kaufen.jpg\"\n                               data-fancybox=\"ca284fea-e86b-4f24-928c-35b3e2adac9f\">\n\t\t\t\t\t\t\t\t\n\t\t\t\t\t\t\t\t<img loading=\"lazy\" decoding=\"async\" width=\"1200\" height=\"800\" src=\"https:\/\/old.epodex-industries.com\/wp-content\/uploads\/2021\/12\/epoxidharz-hersteller-ibc-kaufen.jpg\" class=\"attachment-full size-full wvs-archive-product-image\" alt=\"epoxidharz hersteller ibc- kaufen\" srcset=\"https:\/\/old.epodex-industries.com\/wp-content\/uploads\/2021\/12\/epoxidharz-hersteller-ibc-kaufen.jpg 1200w, https:\/\/old.epodex-industries.com\/wp-content\/uploads\/2021\/12\/epoxidharz-hersteller-ibc-kaufen-800x533.jpg 800w, https:\/\/old.epodex-industries.com\/wp-content\/uploads\/2021\/12\/epoxidharz-hersteller-ibc-kaufen-300x200.jpg 300w, https:\/\/old.epodex-industries.com\/wp-content\/uploads\/2021\/12\/epoxidharz-hersteller-ibc-kaufen-600x400.jpg 600w, https:\/\/old.epodex-industries.com\/wp-content\/uploads\/2021\/12\/epoxidharz-hersteller-ibc-kaufen-1024x683.jpg 1024w, https:\/\/old.epodex-industries.com\/wp-content\/uploads\/2021\/12\/epoxidharz-hersteller-ibc-kaufen-768x512.jpg 768w\" sizes=\"auto, (max-width: 1200px) 100vw, 1200px\" \/>\n\t\t\t\t\t\t\t\t                            <\/a>\n\t\t\t\t\t\t                        <\/div>\n\t\t\t\t\t                        <div class=\"dmd-image-slide-item\">\n\t\t\t\t\t\t\t                            <a href=\"https:\/\/old.epodex-industries.com\/wp-content\/uploads\/2024\/01\/epodex-epoxy-company.jpg\"\n                               data-fancybox=\"ca284fea-e86b-4f24-928c-35b3e2adac9f\">\n\t\t\t\t\t\t\t\t\n\t\t\t\t\t\t\t\t<img loading=\"lazy\" decoding=\"async\" width=\"1200\" height=\"800\" src=\"https:\/\/old.epodex-industries.com\/wp-content\/uploads\/2024\/01\/epodex-epoxy-company.jpg\" class=\"attachment-full size-full wvs-archive-product-image\" alt=\"epodex epoxy company\" srcset=\"https:\/\/old.epodex-industries.com\/wp-content\/uploads\/2024\/01\/epodex-epoxy-company.jpg 1200w, https:\/\/old.epodex-industries.com\/wp-content\/uploads\/2024\/01\/epodex-epoxy-company-600x400.jpg 600w, https:\/\/old.epodex-industries.com\/wp-content\/uploads\/2024\/01\/epodex-epoxy-company-1024x683.jpg 1024w, https:\/\/old.epodex-industries.com\/wp-content\/uploads\/2024\/01\/epodex-epoxy-company-300x200.jpg 300w, https:\/\/old.epodex-industries.com\/wp-content\/uploads\/2024\/01\/epodex-epoxy-company-768x512.jpg 768w, https:\/\/old.epodex-industries.com\/wp-content\/uploads\/2024\/01\/epodex-epoxy-company-800x533.jpg 800w\" sizes=\"auto, (max-width: 1200px) 100vw, 1200px\" \/>\n\t\t\t\t\t\t\t\t                            <\/a>\n\t\t\t\t\t\t                        <\/div>\n\t\t\t\t\t            <\/div>\n\t\t\t[\/vc_column][\/vc_row]<\/p>\n<\/div>","protected":false},"excerpt":{"rendered":"<p>[vc_row full_width=\u00a0\u00bbstretch_row\u00a0\u00bb][vc_column width=\u00a0\u00bb1\/3&Prime;][vc_column_text] Centre d&rsquo;entreposage et de logistique Notre centre d&rsquo;entreposage et de logistique est sp\u00e9cialement con\u00e7u pour r\u00e9pondre aux besoins exigeants de nos clients B2B. Gr\u00e2ce \u00e0 une technique de stockage ultramoderne et \u00e0 des processus logistiques optimis\u00e9s, nous garantissons un traitement rapide et sans erreur de vos commandes. Gr\u00e2ce \u00e0 un vaste r\u00e9seau [&hellip;]<\/p>\n","protected":false},"author":4,"featured_media":0,"parent":15846,"menu_order":0,"comment_status":"closed","ping_status":"closed","template":"","meta":{"footnotes":""},"class_list":["post-15849","page","type-page","status-publish","hentry"],"yoast_head":"<!-- This site is optimized with the Yoast SEO plugin v26.7 - https:\/\/yoast.com\/wordpress\/plugins\/seo\/ -->\n<title>Logistique \/ Envoi dans le monde entier<\/title>\n<meta name=\"description\" content=\"Traitement rapide et sans erreur de vos commandes. | Traitement rapide et sans erreur de vos commandes | EPODEX B2B\" \/>\n<meta name=\"robots\" content=\"index, follow, max-snippet:-1, max-image-preview:large, max-video-preview:-1\" \/>\n<link rel=\"canonical\" href=\"https:\/\/old.epodex-industries.com\/fr\/services\/logistique-envoi\/\" \/>\n<meta property=\"og:locale\" content=\"fr_FR\" \/>\n<meta property=\"og:type\" content=\"article\" \/>\n<meta property=\"og:title\" content=\"Logistique \/ Envoi dans le monde entier\" \/>\n<meta property=\"og:description\" content=\"Traitement rapide et sans erreur de vos commandes. | Traitement rapide et sans erreur de vos commandes | EPODEX B2B\" \/>\n<meta property=\"og:url\" content=\"https:\/\/old.epodex-industries.com\/fr\/services\/logistique-envoi\/\" \/>\n<meta property=\"og:site_name\" content=\"EPODEX Industries | B2B Plattform\" \/>\n<meta property=\"article:publisher\" content=\"https:\/\/www.facebook.com\/Epodex\/\" \/>\n<meta property=\"article:modified_time\" content=\"2024-04-02T16:32:45+00:00\" \/>\n<meta name=\"twitter:card\" content=\"summary_large_image\" \/>\n<meta name=\"twitter:label1\" content=\"Dur\u00e9e de lecture estim\u00e9e\" \/>\n\t<meta name=\"twitter:data1\" content=\"2 minutes\" \/>\n<script type=\"application\/ld+json\" class=\"yoast-schema-graph\">{\"@context\":\"https:\/\/schema.org\",\"@graph\":[{\"@type\":\"WebPage\",\"@id\":\"https:\/\/old.epodex-industries.com\/fr\/services\/logistique-envoi\/\",\"url\":\"https:\/\/old.epodex-industries.com\/fr\/services\/logistique-envoi\/\",\"name\":\"Logistique \/ Envoi dans le monde entier\",\"isPartOf\":{\"@id\":\"https:\/\/old.epodex-industries.com\/fr\/#website\"},\"datePublished\":\"2023-08-25T16:35:44+00:00\",\"dateModified\":\"2024-04-02T16:32:45+00:00\",\"description\":\"Traitement rapide et sans erreur de vos commandes. | Traitement rapide et sans erreur de vos commandes | EPODEX B2B\",\"breadcrumb\":{\"@id\":\"https:\/\/old.epodex-industries.com\/fr\/services\/logistique-envoi\/#breadcrumb\"},\"inLanguage\":\"fr-FR\",\"potentialAction\":[{\"@type\":\"ReadAction\",\"target\":[\"https:\/\/old.epodex-industries.com\/fr\/services\/logistique-envoi\/\"]}]},{\"@type\":\"BreadcrumbList\",\"@id\":\"https:\/\/old.epodex-industries.com\/fr\/services\/logistique-envoi\/#breadcrumb\",\"itemListElement\":[{\"@type\":\"ListItem\",\"position\":1,\"name\":\"Startseite\",\"item\":\"https:\/\/old.epodex-industries.com\/fr\/\"},{\"@type\":\"ListItem\",\"position\":2,\"name\":\"Services\",\"item\":\"https:\/\/old.epodex-industries.com\/de\/service\/\"},{\"@type\":\"ListItem\",\"position\":3,\"name\":\"Logistique \/ Envoi dans le monde entier\"}]},{\"@type\":\"WebSite\",\"@id\":\"https:\/\/old.epodex-industries.com\/fr\/#website\",\"url\":\"https:\/\/old.epodex-industries.com\/fr\/\",\"name\":\"EPODEX Industries | B2B Plattform\",\"description\":\"Hersteller + Gro\u00dfhandel f\u00fcr Baustoffe\",\"publisher\":{\"@id\":\"https:\/\/old.epodex-industries.com\/fr\/#organization\"},\"alternateName\":\"EPODEX Industries | Hersteller + Gro\u00dfhandel f\u00fcr Baustoffe\",\"potentialAction\":[{\"@type\":\"SearchAction\",\"target\":{\"@type\":\"EntryPoint\",\"urlTemplate\":\"https:\/\/old.epodex-industries.com\/fr\/?s={search_term_string}\"},\"query-input\":{\"@type\":\"PropertyValueSpecification\",\"valueRequired\":true,\"valueName\":\"search_term_string\"}}],\"inLanguage\":\"fr-FR\"},{\"@type\":\"Organization\",\"@id\":\"https:\/\/old.epodex-industries.com\/fr\/#organization\",\"name\":\"EPODEX Industries\",\"url\":\"https:\/\/old.epodex-industries.com\/fr\/\",\"logo\":{\"@type\":\"ImageObject\",\"inLanguage\":\"fr-FR\",\"@id\":\"https:\/\/old.epodex-industries.com\/fr\/#\/schema\/logo\/image\/\",\"url\":\"https:\/\/www.epodex-industries.com\/wp-content\/uploads\/2023\/06\/Logo-Epodex-Rechnung.jpg\",\"contentUrl\":\"https:\/\/www.epodex-industries.com\/wp-content\/uploads\/2023\/06\/Logo-Epodex-Rechnung.jpg\",\"width\":261,\"height\":50,\"caption\":\"EPODEX Industries\"},\"image\":{\"@id\":\"https:\/\/old.epodex-industries.com\/fr\/#\/schema\/logo\/image\/\"},\"sameAs\":[\"https:\/\/www.facebook.com\/Epodex\/\",\"https:\/\/www.instagram.com\/epodex_official\/\",\"https:\/\/www.pinterest.de\/epodex_com\/\",\"https:\/\/www.youtube.com\/channel\/UC7lFrJ9YpN1yg43sTc6q3ow\"]}]}<\/script>\n<!-- \/ Yoast SEO plugin. -->","yoast_head_json":{"title":"Logistique \/ Envoi dans le monde entier","description":"Traitement rapide et sans erreur de vos commandes. | Traitement rapide et sans erreur de vos commandes | EPODEX B2B","robots":{"index":"index","follow":"follow","max-snippet":"max-snippet:-1","max-image-preview":"max-image-preview:large","max-video-preview":"max-video-preview:-1"},"canonical":"https:\/\/old.epodex-industries.com\/fr\/services\/logistique-envoi\/","og_locale":"fr_FR","og_type":"article","og_title":"Logistique \/ Envoi dans le monde entier","og_description":"Traitement rapide et sans erreur de vos commandes. | Traitement rapide et sans erreur de vos commandes | EPODEX B2B","og_url":"https:\/\/old.epodex-industries.com\/fr\/services\/logistique-envoi\/","og_site_name":"EPODEX Industries | B2B Plattform","article_publisher":"https:\/\/www.facebook.com\/Epodex\/","article_modified_time":"2024-04-02T16:32:45+00:00","twitter_card":"summary_large_image","twitter_misc":{"Dur\u00e9e de lecture estim\u00e9e":"2 minutes"},"schema":{"@context":"https:\/\/schema.org","@graph":[{"@type":"WebPage","@id":"https:\/\/old.epodex-industries.com\/fr\/services\/logistique-envoi\/","url":"https:\/\/old.epodex-industries.com\/fr\/services\/logistique-envoi\/","name":"Logistique \/ Envoi dans le monde entier","isPartOf":{"@id":"https:\/\/old.epodex-industries.com\/fr\/#website"},"datePublished":"2023-08-25T16:35:44+00:00","dateModified":"2024-04-02T16:32:45+00:00","description":"Traitement rapide et sans erreur de vos commandes. | Traitement rapide et sans erreur de vos commandes | EPODEX B2B","breadcrumb":{"@id":"https:\/\/old.epodex-industries.com\/fr\/services\/logistique-envoi\/#breadcrumb"},"inLanguage":"fr-FR","potentialAction":[{"@type":"ReadAction","target":["https:\/\/old.epodex-industries.com\/fr\/services\/logistique-envoi\/"]}]},{"@type":"BreadcrumbList","@id":"https:\/\/old.epodex-industries.com\/fr\/services\/logistique-envoi\/#breadcrumb","itemListElement":[{"@type":"ListItem","position":1,"name":"Startseite","item":"https:\/\/old.epodex-industries.com\/fr\/"},{"@type":"ListItem","position":2,"name":"Services","item":"https:\/\/old.epodex-industries.com\/de\/service\/"},{"@type":"ListItem","position":3,"name":"Logistique \/ Envoi dans le monde entier"}]},{"@type":"WebSite","@id":"https:\/\/old.epodex-industries.com\/fr\/#website","url":"https:\/\/old.epodex-industries.com\/fr\/","name":"EPODEX Industries | B2B Plattform","description":"Hersteller + Gro\u00dfhandel f\u00fcr Baustoffe","publisher":{"@id":"https:\/\/old.epodex-industries.com\/fr\/#organization"},"alternateName":"EPODEX Industries | Hersteller + Gro\u00dfhandel f\u00fcr Baustoffe","potentialAction":[{"@type":"SearchAction","target":{"@type":"EntryPoint","urlTemplate":"https:\/\/old.epodex-industries.com\/fr\/?s={search_term_string}"},"query-input":{"@type":"PropertyValueSpecification","valueRequired":true,"valueName":"search_term_string"}}],"inLanguage":"fr-FR"},{"@type":"Organization","@id":"https:\/\/old.epodex-industries.com\/fr\/#organization","name":"EPODEX Industries","url":"https:\/\/old.epodex-industries.com\/fr\/","logo":{"@type":"ImageObject","inLanguage":"fr-FR","@id":"https:\/\/old.epodex-industries.com\/fr\/#\/schema\/logo\/image\/","url":"https:\/\/www.epodex-industries.com\/wp-content\/uploads\/2023\/06\/Logo-Epodex-Rechnung.jpg","contentUrl":"https:\/\/www.epodex-industries.com\/wp-content\/uploads\/2023\/06\/Logo-Epodex-Rechnung.jpg","width":261,"height":50,"caption":"EPODEX Industries"},"image":{"@id":"https:\/\/old.epodex-industries.com\/fr\/#\/schema\/logo\/image\/"},"sameAs":["https:\/\/www.facebook.com\/Epodex\/","https:\/\/www.instagram.com\/epodex_official\/","https:\/\/www.pinterest.de\/epodex_com\/","https:\/\/www.youtube.com\/channel\/UC7lFrJ9YpN1yg43sTc6q3ow"]}]}},"_links":{"self":[{"href":"https:\/\/old.epodex-industries.com\/fr\/wp-json\/wp\/v2\/pages\/15849","targetHints":{"allow":["GET"]}}],"collection":[{"href":"https:\/\/old.epodex-industries.com\/fr\/wp-json\/wp\/v2\/pages"}],"about":[{"href":"https:\/\/old.epodex-industries.com\/fr\/wp-json\/wp\/v2\/types\/page"}],"author":[{"embeddable":true,"href":"https:\/\/old.epodex-industries.com\/fr\/wp-json\/wp\/v2\/users\/4"}],"replies":[{"embeddable":true,"href":"https:\/\/old.epodex-industries.com\/fr\/wp-json\/wp\/v2\/comments?post=15849"}],"version-history":[{"count":3,"href":"https:\/\/old.epodex-industries.com\/fr\/wp-json\/wp\/v2\/pages\/15849\/revisions"}],"predecessor-version":[{"id":22696,"href":"https:\/\/old.epodex-industries.com\/fr\/wp-json\/wp\/v2\/pages\/15849\/revisions\/22696"}],"up":[{"embeddable":true,"href":"https:\/\/old.epodex-industries.com\/fr\/wp-json\/wp\/v2\/pages\/15846"}],"wp:attachment":[{"href":"https:\/\/old.epodex-industries.com\/fr\/wp-json\/wp\/v2\/media?parent=15849"}],"curies":[{"name":"wp","href":"https:\/\/api.w.org\/{rel}","templated":true}]}}